{"id":42276,"date":"2025-12-12T19:08:23","date_gmt":"2025-12-12T18:08:23","guid":{"rendered":"https:\/\/test.ecbeaute.com\/?post_type=product&#038;p=42276"},"modified":"2025-12-12T19:08:27","modified_gmt":"2025-12-12T18:08:27","slug":"folio-120-comprimes","status":"publish","type":"product","link":"https:\/\/paracherkaoui.ma\/index.php\/produit\/folio-120-comprimes\/","title":{"rendered":"FOLIO 120 COMPRIMES"},"content":{"rendered":"<p>Suppl\u00e9ment alimentaire en acide folique pour les femmes enceintes.<br \/>\nFolio est un compl\u00e9ment alimentaire \u00e0 l&rsquo;attention de la femme d\u00e9sirant concevoir, enceinte ou allaitant. Une quantit\u00e9 de 400 \u03bcg d&rsquo;acide folique et de 150 \u03bcg d&rsquo;iode chaque jour permet de suppl\u00e9menter efficacement l&rsquo;apport nutritif. Folio ne peut en aucun cas remplacer une alimentation \u00e9quilibr\u00e9e, mais uniquement la compl\u00e9ter<br \/>\nUTILISATION: Il est recommand\u00e9 de prendre 1 comprim\u00e9 de Folio par jour. Il est conseill\u00e9 de commencer la suppl\u00e9mentation en acide folique et en iode d\u00e8s le d\u00e9sir de grossesse, au plus tard quatre semaines avant la conception, et de la prolonger pendant le premier tiers de la grossesse au moins.<\/p>\n","protected":false},"excerpt":{"rendered":"<p>Suppl\u00e9ment alimentaire en acide folique pour les femmes enceintes. Folio est un compl\u00e9ment alimentaire \u00e0 l&rsquo;attention de la femme d\u00e9sirant<\/p>\n","protected":false},"featured_media":42314,"comment_status":"open","ping_status":"closed","template":"","meta":[],"product_brand":[715],"product_cat":[712],"product_tag":[],"class_list":{"0":"post-42276","1":"product","2":"type-product","3":"status-publish","4":"has-post-thumbnail","6":"product_brand-folio","7":"product_cat-complements-alimentaires-grossesse","9":"first","10":"instock","11":"sale","12":"shipping-taxable","13":"purchasable","14":"product-type-simple"},"yoast_head":"<!-- This site is optimized with the Yoast SEO plugin v26.6 - https:\/\/yoast.com\/wordpress\/plugins\/seo\/ -->\r\n<title>FOLIO 120 COMPRIMES - Paracherkaoui.ma<\/title>\r\n<meta name=\"robots\" content=\"index, follow, max-snippet:-1, max-image-preview:large, max-video-preview:-1\" \/>\r\n<link rel=\"canonical\" href=\"https:\/\/paracherkaoui.ma\/index.php\/produit\/folio-120-comprimes\/\" \/>\r\n<meta property=\"og:locale\" content=\"fr_FR\" \/>\r\n<meta property=\"og:type\" content=\"article\" \/>\r\n<meta property=\"og:title\" content=\"FOLIO 120 COMPRIMES - Paracherkaoui.ma\" \/>\r\n<meta property=\"og:description\" content=\"Suppl\u00e9ment alimentaire en acide folique pour les femmes enceintes. Folio est un compl\u00e9ment alimentaire \u00e0 l&rsquo;attention de la femme d\u00e9sirant\" \/>\r\n<meta property=\"og:url\" content=\"https:\/\/paracherkaoui.ma\/index.php\/produit\/folio-120-comprimes\/\" \/>\r\n<meta property=\"og:site_name\" content=\"Paracherkaoui.ma\" \/>\r\n<meta property=\"article:modified_time\" content=\"2025-12-12T18:08:27+00:00\" \/>\r\n<meta property=\"og:image\" content=\"https:\/\/paracherkaoui.ma\/wp-content\/uploads\/2025\/12\/folio-120-comprimes.jpg\" \/>\r\n\t<meta property=\"og:image:width\" content=\"700\" \/>\r\n\t<meta property=\"og:image:height\" content=\"700\" \/>\r\n\t<meta property=\"og:image:type\" content=\"image\/jpeg\" \/>\r\n<meta name=\"twitter:card\" content=\"summary_large_image\" \/>\r\n<meta name=\"twitter:label1\" content=\"Dur\u00e9e de lecture estim\u00e9e\" \/>\n\t<meta name=\"twitter:data1\" content=\"1 minute\" \/>\r\n<script type=\"application\/ld+json\" class=\"yoast-schema-graph\">{\"@context\":\"https:\/\/schema.org\",\"@graph\":[{\"@type\":\"WebPage\",\"@id\":\"https:\/\/paracherkaoui.ma\/index.php\/produit\/folio-120-comprimes\/\",\"url\":\"https:\/\/paracherkaoui.ma\/index.php\/produit\/folio-120-comprimes\/\",\"name\":\"FOLIO 120 COMPRIMES - Paracherkaoui.ma\",\"isPartOf\":{\"@id\":\"https:\/\/paracherkaoui.ma\/#website\"},\"primaryImageOfPage\":{\"@id\":\"https:\/\/paracherkaoui.ma\/index.php\/produit\/folio-120-comprimes\/#primaryimage\"},\"image\":{\"@id\":\"https:\/\/paracherkaoui.ma\/index.php\/produit\/folio-120-comprimes\/#primaryimage\"},\"thumbnailUrl\":\"https:\/\/paracherkaoui.ma\/wp-content\/uploads\/2025\/12\/folio-120-comprimes.jpg\",\"datePublished\":\"2025-12-12T18:08:23+00:00\",\"dateModified\":\"2025-12-12T18:08:27+00:00\",\"breadcrumb\":{\"@id\":\"https:\/\/paracherkaoui.ma\/index.php\/produit\/folio-120-comprimes\/#breadcrumb\"},\"inLanguage\":\"fr-FR\",\"potentialAction\":[{\"@type\":\"ReadAction\",\"target\":[\"https:\/\/paracherkaoui.ma\/index.php\/produit\/folio-120-comprimes\/\"]}]},{\"@type\":\"ImageObject\",\"inLanguage\":\"fr-FR\",\"@id\":\"https:\/\/paracherkaoui.ma\/index.php\/produit\/folio-120-comprimes\/#primaryimage\",\"url\":\"https:\/\/paracherkaoui.ma\/wp-content\/uploads\/2025\/12\/folio-120-comprimes.jpg\",\"contentUrl\":\"https:\/\/paracherkaoui.ma\/wp-content\/uploads\/2025\/12\/folio-120-comprimes.jpg\",\"width\":700,\"height\":700},{\"@type\":\"BreadcrumbList\",\"@id\":\"https:\/\/paracherkaoui.ma\/index.php\/produit\/folio-120-comprimes\/#breadcrumb\",\"itemListElement\":[{\"@type\":\"ListItem\",\"position\":1,\"name\":\"Accueil\",\"item\":\"https:\/\/paracherkaoui.ma\/\"},{\"@type\":\"ListItem\",\"position\":2,\"name\":\"Boutique\",\"item\":\"https:\/\/paracherkaoui.ma\/index.php\/boutique\/\"},{\"@type\":\"ListItem\",\"position\":3,\"name\":\"FOLIO 120 COMPRIMES\"}]},{\"@type\":\"WebSite\",\"@id\":\"https:\/\/paracherkaoui.ma\/#website\",\"url\":\"https:\/\/paracherkaoui.ma\/\",\"name\":\"Paracherkaoui.ma\",\"description\":\"Achetez en ligne sur Paracherkaoui.ma\",\"potentialAction\":[{\"@type\":\"SearchAction\",\"target\":{\"@type\":\"EntryPoint\",\"urlTemplate\":\"https:\/\/paracherkaoui.ma\/?s={search_term_string}\"},\"query-input\":{\"@type\":\"PropertyValueSpecification\",\"valueRequired\":true,\"valueName\":\"search_term_string\"}}],\"inLanguage\":\"fr-FR\"}]}<\/script>\r\n<!-- \/ Yoast SEO plugin. -->","yoast_head_json":{"title":"FOLIO 120 COMPRIMES - Paracherkaoui.ma","robots":{"index":"index","follow":"follow","max-snippet":"max-snippet:-1","max-image-preview":"max-image-preview:large","max-video-preview":"max-video-preview:-1"},"canonical":"https:\/\/paracherkaoui.ma\/index.php\/produit\/folio-120-comprimes\/","og_locale":"fr_FR","og_type":"article","og_title":"FOLIO 120 COMPRIMES - Paracherkaoui.ma","og_description":"Suppl\u00e9ment alimentaire en acide folique pour les femmes enceintes. Folio est un compl\u00e9ment alimentaire \u00e0 l&rsquo;attention de la femme d\u00e9sirant","og_url":"https:\/\/paracherkaoui.ma\/index.php\/produit\/folio-120-comprimes\/","og_site_name":"Paracherkaoui.ma","article_modified_time":"2025-12-12T18:08:27+00:00","og_image":[{"width":700,"height":700,"url":"https:\/\/paracherkaoui.ma\/wp-content\/uploads\/2025\/12\/folio-120-comprimes.jpg","type":"image\/jpeg"}],"twitter_card":"summary_large_image","twitter_misc":{"Dur\u00e9e de lecture estim\u00e9e":"1 minute"},"schema":{"@context":"https:\/\/schema.org","@graph":[{"@type":"WebPage","@id":"https:\/\/paracherkaoui.ma\/index.php\/produit\/folio-120-comprimes\/","url":"https:\/\/paracherkaoui.ma\/index.php\/produit\/folio-120-comprimes\/","name":"FOLIO 120 COMPRIMES - Paracherkaoui.ma","isPartOf":{"@id":"https:\/\/paracherkaoui.ma\/#website"},"primaryImageOfPage":{"@id":"https:\/\/paracherkaoui.ma\/index.php\/produit\/folio-120-comprimes\/#primaryimage"},"image":{"@id":"https:\/\/paracherkaoui.ma\/index.php\/produit\/folio-120-comprimes\/#primaryimage"},"thumbnailUrl":"https:\/\/paracherkaoui.ma\/wp-content\/uploads\/2025\/12\/folio-120-comprimes.jpg","datePublished":"2025-12-12T18:08:23+00:00","dateModified":"2025-12-12T18:08:27+00:00","breadcrumb":{"@id":"https:\/\/paracherkaoui.ma\/index.php\/produit\/folio-120-comprimes\/#breadcrumb"},"inLanguage":"fr-FR","potentialAction":[{"@type":"ReadAction","target":["https:\/\/paracherkaoui.ma\/index.php\/produit\/folio-120-comprimes\/"]}]},{"@type":"ImageObject","inLanguage":"fr-FR","@id":"https:\/\/paracherkaoui.ma\/index.php\/produit\/folio-120-comprimes\/#primaryimage","url":"https:\/\/paracherkaoui.ma\/wp-content\/uploads\/2025\/12\/folio-120-comprimes.jpg","contentUrl":"https:\/\/paracherkaoui.ma\/wp-content\/uploads\/2025\/12\/folio-120-comprimes.jpg","width":700,"height":700},{"@type":"BreadcrumbList","@id":"https:\/\/paracherkaoui.ma\/index.php\/produit\/folio-120-comprimes\/#breadcrumb","itemListElement":[{"@type":"ListItem","position":1,"name":"Accueil","item":"https:\/\/paracherkaoui.ma\/"},{"@type":"ListItem","position":2,"name":"Boutique","item":"https:\/\/paracherkaoui.ma\/index.php\/boutique\/"},{"@type":"ListItem","position":3,"name":"FOLIO 120 COMPRIMES"}]},{"@type":"WebSite","@id":"https:\/\/paracherkaoui.ma\/#website","url":"https:\/\/paracherkaoui.ma\/","name":"Paracherkaoui.ma","description":"Achetez en ligne sur Paracherkaoui.ma","potentialAction":[{"@type":"SearchAction","target":{"@type":"EntryPoint","urlTemplate":"https:\/\/paracherkaoui.ma\/?s={search_term_string}"},"query-input":{"@type":"PropertyValueSpecification","valueRequired":true,"valueName":"search_term_string"}}],"inLanguage":"fr-FR"}]}},"_links":{"self":[{"href":"https:\/\/paracherkaoui.ma\/index.php\/wp-json\/wp\/v2\/product\/42276","targetHints":{"allow":["GET"]}}],"collection":[{"href":"https:\/\/paracherkaoui.ma\/index.php\/wp-json\/wp\/v2\/product"}],"about":[{"href":"https:\/\/paracherkaoui.ma\/index.php\/wp-json\/wp\/v2\/types\/product"}],"replies":[{"embeddable":true,"href":"https:\/\/paracherkaoui.ma\/index.php\/wp-json\/wp\/v2\/comments?post=42276"}],"version-history":[{"count":1,"href":"https:\/\/paracherkaoui.ma\/index.php\/wp-json\/wp\/v2\/product\/42276\/revisions"}],"predecessor-version":[{"id":42315,"href":"https:\/\/paracherkaoui.ma\/index.php\/wp-json\/wp\/v2\/product\/42276\/revisions\/42315"}],"wp:featuredmedia":[{"embeddable":true,"href":"https:\/\/paracherkaoui.ma\/index.php\/wp-json\/wp\/v2\/media\/42314"}],"wp:attachment":[{"href":"https:\/\/paracherkaoui.ma\/index.php\/wp-json\/wp\/v2\/media?parent=42276"}],"wp:term":[{"taxonomy":"product_brand","embeddable":true,"href":"https:\/\/paracherkaoui.ma\/index.php\/wp-json\/wp\/v2\/product_brand?post=42276"},{"taxonomy":"product_cat","embeddable":true,"href":"https:\/\/paracherkaoui.ma\/index.php\/wp-json\/wp\/v2\/product_cat?post=42276"},{"taxonomy":"product_tag","embeddable":true,"href":"https:\/\/paracherkaoui.ma\/index.php\/wp-json\/wp\/v2\/product_tag?post=42276"}],"curies":[{"name":"wp","href":"https:\/\/api.w.org\/{rel}","templated":true}]}}