{"id":42204,"date":"2025-12-12T19:08:16","date_gmt":"2025-12-12T18:08:16","guid":{"rendered":"https:\/\/test.ecbeaute.com\/?post_type=product&#038;p=42204"},"modified":"2025-12-12T19:08:22","modified_gmt":"2025-12-12T18:08:22","slug":"luxeol-serum-cils-4-ml","status":"publish","type":"product","link":"https:\/\/paracherkaoui.ma\/index.php\/produit\/luxeol-serum-cils-4-ml\/","title":{"rendered":"LUXEOL S\u00c9RUM CILS 4 ML"},"content":{"rendered":"<p>La marque Lux\u00e9ol a mis toute son expertise capillaire au service du regard en d\u00e9veloppant une formule in\u00e9dite*\u00a0d\u00e9di\u00e9e \u00e0 la pousse des cils. R\u00e9el booster de croissance, dot\u00e9 d\u2019un embout liner, le S\u00e9rum Cils Lux\u00e9ol augmente la longueur et la densit\u00e9 de vos cils<br \/>\nConseils d&rsquo;utilisation :<br \/>\nAppliquer 2 fois par jour le produit sur la base des cils sup\u00e9rieurs et inf\u00e9rieurs pendant 2 mois.<br \/>\nPr\u00e9cautions d&#8217;emploi :<br \/>\nBien agiter avant emploi. Conserver \u00e0 temp\u00e9rature ambiante dans un endroit sec et \u00e0 l&rsquo;abri de la chaleur. Usage externe seulement. Ne pas avaler. Conserver hors de port\u00e9e des enfants. \u00c9viter tout contact avec les yeux. Produit r\u00e9serv\u00e9 \u00e0 l&rsquo;adulte.<br \/>\nListe des ingr\u00e9dients :<br \/>\nAqua, Caprylic\/Capric Triglyceride, Cetearyl Glucoside, Cetearyl Alcohol, Panicum Miliaceum Seed Extract, Benzyl Alcohol, Cellulose Gum, Gluconolactone, Dicaprylyl Ether, Sodium Benzoate, Helianthus Annuus Seed Oil, Decyl Glucoside, Glyceryl Oleate, Triticum Vulgare Seed Extract, Citric Acid, Benzoic Acid, Calcium Gluconate, Rosmarinus Officinalis Leaf Extract.<\/p>\n","protected":false},"excerpt":{"rendered":"<p>La marque Lux\u00e9ol a mis toute son expertise capillaire au service du regard en d\u00e9veloppant une formule in\u00e9dite*\u00a0d\u00e9di\u00e9e \u00e0 la<\/p>\n","protected":false},"featured_media":42261,"comment_status":"open","ping_status":"closed","template":"","meta":[],"product_brand":[146],"product_cat":[708],"product_tag":[],"class_list":{"0":"post-42204","1":"product","2":"type-product","3":"status-publish","4":"has-post-thumbnail","6":"product_brand-luxeol","7":"product_cat-yeux-et-sourcils","9":"first","10":"instock","11":"sale","12":"shipping-taxable","13":"purchasable","14":"product-type-simple"},"yoast_head":"<!-- This site is optimized with the Yoast SEO plugin v26.6 - https:\/\/yoast.com\/wordpress\/plugins\/seo\/ -->\r\n<title>LUXEOL S\u00c9RUM CILS 4 ML - Paracherkaoui.ma<\/title>\r\n<meta name=\"robots\" content=\"index, follow, max-snippet:-1, max-image-preview:large, max-video-preview:-1\" \/>\r\n<link rel=\"canonical\" href=\"https:\/\/paracherkaoui.ma\/index.php\/produit\/luxeol-serum-cils-4-ml\/\" \/>\r\n<meta property=\"og:locale\" content=\"fr_FR\" \/>\r\n<meta property=\"og:type\" content=\"article\" \/>\r\n<meta property=\"og:title\" content=\"LUXEOL S\u00c9RUM CILS 4 ML - Paracherkaoui.ma\" \/>\r\n<meta property=\"og:description\" content=\"La marque Lux\u00e9ol a mis toute son expertise capillaire au service du regard en d\u00e9veloppant une formule in\u00e9dite*\u00a0d\u00e9di\u00e9e \u00e0 la\" \/>\r\n<meta property=\"og:url\" content=\"https:\/\/paracherkaoui.ma\/index.php\/produit\/luxeol-serum-cils-4-ml\/\" \/>\r\n<meta property=\"og:site_name\" content=\"Paracherkaoui.ma\" \/>\r\n<meta property=\"article:modified_time\" content=\"2025-12-12T18:08:22+00:00\" \/>\r\n<meta property=\"og:image\" content=\"https:\/\/paracherkaoui.ma\/wp-content\/uploads\/2025\/12\/luxeol-luxeol-serum-cils-4-ml-mascara.jpg\" \/>\r\n\t<meta property=\"og:image:width\" content=\"700\" \/>\r\n\t<meta property=\"og:image:height\" content=\"700\" \/>\r\n\t<meta property=\"og:image:type\" content=\"image\/jpeg\" \/>\r\n<meta name=\"twitter:card\" content=\"summary_large_image\" \/>\r\n<meta name=\"twitter:label1\" content=\"Dur\u00e9e de lecture estim\u00e9e\" \/>\n\t<meta name=\"twitter:data1\" content=\"1 minute\" \/>\r\n<script type=\"application\/ld+json\" class=\"yoast-schema-graph\">{\"@context\":\"https:\/\/schema.org\",\"@graph\":[{\"@type\":\"WebPage\",\"@id\":\"https:\/\/paracherkaoui.ma\/index.php\/produit\/luxeol-serum-cils-4-ml\/\",\"url\":\"https:\/\/paracherkaoui.ma\/index.php\/produit\/luxeol-serum-cils-4-ml\/\",\"name\":\"LUXEOL S\u00c9RUM CILS 4 ML - Paracherkaoui.ma\",\"isPartOf\":{\"@id\":\"https:\/\/paracherkaoui.ma\/#website\"},\"primaryImageOfPage\":{\"@id\":\"https:\/\/paracherkaoui.ma\/index.php\/produit\/luxeol-serum-cils-4-ml\/#primaryimage\"},\"image\":{\"@id\":\"https:\/\/paracherkaoui.ma\/index.php\/produit\/luxeol-serum-cils-4-ml\/#primaryimage\"},\"thumbnailUrl\":\"https:\/\/paracherkaoui.ma\/wp-content\/uploads\/2025\/12\/luxeol-luxeol-serum-cils-4-ml-mascara.jpg\",\"datePublished\":\"2025-12-12T18:08:16+00:00\",\"dateModified\":\"2025-12-12T18:08:22+00:00\",\"breadcrumb\":{\"@id\":\"https:\/\/paracherkaoui.ma\/index.php\/produit\/luxeol-serum-cils-4-ml\/#breadcrumb\"},\"inLanguage\":\"fr-FR\",\"potentialAction\":[{\"@type\":\"ReadAction\",\"target\":[\"https:\/\/paracherkaoui.ma\/index.php\/produit\/luxeol-serum-cils-4-ml\/\"]}]},{\"@type\":\"ImageObject\",\"inLanguage\":\"fr-FR\",\"@id\":\"https:\/\/paracherkaoui.ma\/index.php\/produit\/luxeol-serum-cils-4-ml\/#primaryimage\",\"url\":\"https:\/\/paracherkaoui.ma\/wp-content\/uploads\/2025\/12\/luxeol-luxeol-serum-cils-4-ml-mascara.jpg\",\"contentUrl\":\"https:\/\/paracherkaoui.ma\/wp-content\/uploads\/2025\/12\/luxeol-luxeol-serum-cils-4-ml-mascara.jpg\",\"width\":700,\"height\":700},{\"@type\":\"BreadcrumbList\",\"@id\":\"https:\/\/paracherkaoui.ma\/index.php\/produit\/luxeol-serum-cils-4-ml\/#breadcrumb\",\"itemListElement\":[{\"@type\":\"ListItem\",\"position\":1,\"name\":\"Accueil\",\"item\":\"https:\/\/paracherkaoui.ma\/\"},{\"@type\":\"ListItem\",\"position\":2,\"name\":\"Boutique\",\"item\":\"https:\/\/paracherkaoui.ma\/index.php\/boutique\/\"},{\"@type\":\"ListItem\",\"position\":3,\"name\":\"LUXEOL S\u00c9RUM CILS 4 ML\"}]},{\"@type\":\"WebSite\",\"@id\":\"https:\/\/paracherkaoui.ma\/#website\",\"url\":\"https:\/\/paracherkaoui.ma\/\",\"name\":\"Paracherkaoui.ma\",\"description\":\"Achetez en ligne sur Paracherkaoui.ma\",\"potentialAction\":[{\"@type\":\"SearchAction\",\"target\":{\"@type\":\"EntryPoint\",\"urlTemplate\":\"https:\/\/paracherkaoui.ma\/?s={search_term_string}\"},\"query-input\":{\"@type\":\"PropertyValueSpecification\",\"valueRequired\":true,\"valueName\":\"search_term_string\"}}],\"inLanguage\":\"fr-FR\"}]}<\/script>\r\n<!-- \/ Yoast SEO plugin. -->","yoast_head_json":{"title":"LUXEOL S\u00c9RUM CILS 4 ML - Paracherkaoui.ma","robots":{"index":"index","follow":"follow","max-snippet":"max-snippet:-1","max-image-preview":"max-image-preview:large","max-video-preview":"max-video-preview:-1"},"canonical":"https:\/\/paracherkaoui.ma\/index.php\/produit\/luxeol-serum-cils-4-ml\/","og_locale":"fr_FR","og_type":"article","og_title":"LUXEOL S\u00c9RUM CILS 4 ML - Paracherkaoui.ma","og_description":"La marque Lux\u00e9ol a mis toute son expertise capillaire au service du regard en d\u00e9veloppant une formule in\u00e9dite*\u00a0d\u00e9di\u00e9e \u00e0 la","og_url":"https:\/\/paracherkaoui.ma\/index.php\/produit\/luxeol-serum-cils-4-ml\/","og_site_name":"Paracherkaoui.ma","article_modified_time":"2025-12-12T18:08:22+00:00","og_image":[{"width":700,"height":700,"url":"https:\/\/paracherkaoui.ma\/wp-content\/uploads\/2025\/12\/luxeol-luxeol-serum-cils-4-ml-mascara.jpg","type":"image\/jpeg"}],"twitter_card":"summary_large_image","twitter_misc":{"Dur\u00e9e de lecture estim\u00e9e":"1 minute"},"schema":{"@context":"https:\/\/schema.org","@graph":[{"@type":"WebPage","@id":"https:\/\/paracherkaoui.ma\/index.php\/produit\/luxeol-serum-cils-4-ml\/","url":"https:\/\/paracherkaoui.ma\/index.php\/produit\/luxeol-serum-cils-4-ml\/","name":"LUXEOL S\u00c9RUM CILS 4 ML - Paracherkaoui.ma","isPartOf":{"@id":"https:\/\/paracherkaoui.ma\/#website"},"primaryImageOfPage":{"@id":"https:\/\/paracherkaoui.ma\/index.php\/produit\/luxeol-serum-cils-4-ml\/#primaryimage"},"image":{"@id":"https:\/\/paracherkaoui.ma\/index.php\/produit\/luxeol-serum-cils-4-ml\/#primaryimage"},"thumbnailUrl":"https:\/\/paracherkaoui.ma\/wp-content\/uploads\/2025\/12\/luxeol-luxeol-serum-cils-4-ml-mascara.jpg","datePublished":"2025-12-12T18:08:16+00:00","dateModified":"2025-12-12T18:08:22+00:00","breadcrumb":{"@id":"https:\/\/paracherkaoui.ma\/index.php\/produit\/luxeol-serum-cils-4-ml\/#breadcrumb"},"inLanguage":"fr-FR","potentialAction":[{"@type":"ReadAction","target":["https:\/\/paracherkaoui.ma\/index.php\/produit\/luxeol-serum-cils-4-ml\/"]}]},{"@type":"ImageObject","inLanguage":"fr-FR","@id":"https:\/\/paracherkaoui.ma\/index.php\/produit\/luxeol-serum-cils-4-ml\/#primaryimage","url":"https:\/\/paracherkaoui.ma\/wp-content\/uploads\/2025\/12\/luxeol-luxeol-serum-cils-4-ml-mascara.jpg","contentUrl":"https:\/\/paracherkaoui.ma\/wp-content\/uploads\/2025\/12\/luxeol-luxeol-serum-cils-4-ml-mascara.jpg","width":700,"height":700},{"@type":"BreadcrumbList","@id":"https:\/\/paracherkaoui.ma\/index.php\/produit\/luxeol-serum-cils-4-ml\/#breadcrumb","itemListElement":[{"@type":"ListItem","position":1,"name":"Accueil","item":"https:\/\/paracherkaoui.ma\/"},{"@type":"ListItem","position":2,"name":"Boutique","item":"https:\/\/paracherkaoui.ma\/index.php\/boutique\/"},{"@type":"ListItem","position":3,"name":"LUXEOL S\u00c9RUM CILS 4 ML"}]},{"@type":"WebSite","@id":"https:\/\/paracherkaoui.ma\/#website","url":"https:\/\/paracherkaoui.ma\/","name":"Paracherkaoui.ma","description":"Achetez en ligne sur Paracherkaoui.ma","potentialAction":[{"@type":"SearchAction","target":{"@type":"EntryPoint","urlTemplate":"https:\/\/paracherkaoui.ma\/?s={search_term_string}"},"query-input":{"@type":"PropertyValueSpecification","valueRequired":true,"valueName":"search_term_string"}}],"inLanguage":"fr-FR"}]}},"_links":{"self":[{"href":"https:\/\/paracherkaoui.ma\/index.php\/wp-json\/wp\/v2\/product\/42204","targetHints":{"allow":["GET"]}}],"collection":[{"href":"https:\/\/paracherkaoui.ma\/index.php\/wp-json\/wp\/v2\/product"}],"about":[{"href":"https:\/\/paracherkaoui.ma\/index.php\/wp-json\/wp\/v2\/types\/product"}],"replies":[{"embeddable":true,"href":"https:\/\/paracherkaoui.ma\/index.php\/wp-json\/wp\/v2\/comments?post=42204"}],"version-history":[{"count":1,"href":"https:\/\/paracherkaoui.ma\/index.php\/wp-json\/wp\/v2\/product\/42204\/revisions"}],"predecessor-version":[{"id":42262,"href":"https:\/\/paracherkaoui.ma\/index.php\/wp-json\/wp\/v2\/product\/42204\/revisions\/42262"}],"wp:featuredmedia":[{"embeddable":true,"href":"https:\/\/paracherkaoui.ma\/index.php\/wp-json\/wp\/v2\/media\/42261"}],"wp:attachment":[{"href":"https:\/\/paracherkaoui.ma\/index.php\/wp-json\/wp\/v2\/media?parent=42204"}],"wp:term":[{"taxonomy":"product_brand","embeddable":true,"href":"https:\/\/paracherkaoui.ma\/index.php\/wp-json\/wp\/v2\/product_brand?post=42204"},{"taxonomy":"product_cat","embeddable":true,"href":"https:\/\/paracherkaoui.ma\/index.php\/wp-json\/wp\/v2\/product_cat?post=42204"},{"taxonomy":"product_tag","embeddable":true,"href":"https:\/\/paracherkaoui.ma\/index.php\/wp-json\/wp\/v2\/product_tag?post=42204"}],"curies":[{"name":"wp","href":"https:\/\/api.w.org\/{rel}","templated":true}]}}