{"id":41930,"date":"2025-12-12T19:07:47","date_gmt":"2025-12-12T18:07:47","guid":{"rendered":"https:\/\/test.ecbeaute.com\/?post_type=product&#038;p=41930"},"modified":"2025-12-12T19:07:51","modified_gmt":"2025-12-12T18:07:51","slug":"eye-care-mascara-volumateur-yeux-sensibles-noir-pure","status":"publish","type":"product","link":"https:\/\/paracherkaoui.ma\/index.php\/produit\/eye-care-mascara-volumateur-yeux-sensibles-noir-pure\/","title":{"rendered":"EYE CARE MASCARA VOLUMATEUR YEUX SENSIBLES NOIR PURE"},"content":{"rendered":"<p>Le Mascara Volumateur apporte du volume \u00e0 vos cils en un seul geste, sans faire de paquet et sans alourdir les cils.<br \/>\nOnctueuse et \u00e0 la composition propre, sa formule au complexe volumateur particuli\u00e8rement adh\u00e9rent enrobe les cils \u00e0 la perfection et leur apporte un effet volume irr\u00e9sistible.<br \/>\nSa brosse volumatrice anti-paquets attrape les cils un \u00e0 un pour leur donner un maximum de volume pour un r\u00e9sultat net, cil \u00e0 cil.<br \/>\nLe Mascara Volumateur reste souple tient toute la journ\u00e9e sans s\u2019effriter.<br \/>\nSa formule haute tol\u00e9rance, parfaite pour les yeux sensibles, est enrichie en silicium qui renforce la structure des cils, les rendant plus r\u00e9sistants, plus denses et pr\u00e9vient leur chute pour un effet volume m\u00eame au naturel.<\/p>\n","protected":false},"excerpt":{"rendered":"<p>Le Mascara Volumateur apporte du volume \u00e0 vos cils en un seul geste, sans faire de paquet et sans alourdir<\/p>\n","protected":false},"featured_media":41975,"comment_status":"open","ping_status":"closed","template":"","meta":[],"product_brand":[278],"product_cat":[708],"product_tag":[],"class_list":{"0":"post-41930","1":"product","2":"type-product","3":"status-publish","4":"has-post-thumbnail","6":"product_brand-eye-care","7":"product_cat-yeux-et-sourcils","9":"first","10":"instock","11":"shipping-taxable","12":"purchasable","13":"product-type-simple"},"yoast_head":"<!-- This site is optimized with the Yoast SEO plugin v26.6 - https:\/\/yoast.com\/wordpress\/plugins\/seo\/ -->\r\n<title>EYE CARE MASCARA VOLUMATEUR YEUX SENSIBLES NOIR PURE - Paracherkaoui.ma<\/title>\r\n<meta name=\"robots\" content=\"index, follow, max-snippet:-1, max-image-preview:large, max-video-preview:-1\" \/>\r\n<link rel=\"canonical\" href=\"https:\/\/paracherkaoui.ma\/index.php\/produit\/eye-care-mascara-volumateur-yeux-sensibles-noir-pure\/\" \/>\r\n<meta property=\"og:locale\" content=\"fr_FR\" \/>\r\n<meta property=\"og:type\" content=\"article\" \/>\r\n<meta property=\"og:title\" content=\"EYE CARE MASCARA VOLUMATEUR YEUX SENSIBLES NOIR PURE - Paracherkaoui.ma\" \/>\r\n<meta property=\"og:description\" content=\"Le Mascara Volumateur apporte du volume \u00e0 vos cils en un seul geste, sans faire de paquet et sans alourdir\" \/>\r\n<meta property=\"og:url\" content=\"https:\/\/paracherkaoui.ma\/index.php\/produit\/eye-care-mascara-volumateur-yeux-sensibles-noir-pure\/\" \/>\r\n<meta property=\"og:site_name\" content=\"Paracherkaoui.ma\" \/>\r\n<meta property=\"article:modified_time\" content=\"2025-12-12T18:07:51+00:00\" \/>\r\n<meta property=\"og:image\" content=\"https:\/\/paracherkaoui.ma\/wp-content\/uploads\/2025\/12\/eye-care-eye-care-mascara-volumateur-yeux-sensibles-noir-pure-yeux.jpg\" \/>\r\n\t<meta property=\"og:image:width\" content=\"700\" \/>\r\n\t<meta property=\"og:image:height\" content=\"700\" \/>\r\n\t<meta property=\"og:image:type\" content=\"image\/jpeg\" \/>\r\n<meta name=\"twitter:card\" content=\"summary_large_image\" \/>\r\n<meta name=\"twitter:label1\" content=\"Dur\u00e9e de lecture estim\u00e9e\" \/>\n\t<meta name=\"twitter:data1\" content=\"1 minute\" \/>\r\n<script type=\"application\/ld+json\" class=\"yoast-schema-graph\">{\"@context\":\"https:\/\/schema.org\",\"@graph\":[{\"@type\":\"WebPage\",\"@id\":\"https:\/\/paracherkaoui.ma\/index.php\/produit\/eye-care-mascara-volumateur-yeux-sensibles-noir-pure\/\",\"url\":\"https:\/\/paracherkaoui.ma\/index.php\/produit\/eye-care-mascara-volumateur-yeux-sensibles-noir-pure\/\",\"name\":\"EYE CARE MASCARA VOLUMATEUR YEUX SENSIBLES NOIR PURE - Paracherkaoui.ma\",\"isPartOf\":{\"@id\":\"https:\/\/paracherkaoui.ma\/#website\"},\"primaryImageOfPage\":{\"@id\":\"https:\/\/paracherkaoui.ma\/index.php\/produit\/eye-care-mascara-volumateur-yeux-sensibles-noir-pure\/#primaryimage\"},\"image\":{\"@id\":\"https:\/\/paracherkaoui.ma\/index.php\/produit\/eye-care-mascara-volumateur-yeux-sensibles-noir-pure\/#primaryimage\"},\"thumbnailUrl\":\"https:\/\/paracherkaoui.ma\/wp-content\/uploads\/2025\/12\/eye-care-eye-care-mascara-volumateur-yeux-sensibles-noir-pure-yeux.jpg\",\"datePublished\":\"2025-12-12T18:07:47+00:00\",\"dateModified\":\"2025-12-12T18:07:51+00:00\",\"breadcrumb\":{\"@id\":\"https:\/\/paracherkaoui.ma\/index.php\/produit\/eye-care-mascara-volumateur-yeux-sensibles-noir-pure\/#breadcrumb\"},\"inLanguage\":\"fr-FR\",\"potentialAction\":[{\"@type\":\"ReadAction\",\"target\":[\"https:\/\/paracherkaoui.ma\/index.php\/produit\/eye-care-mascara-volumateur-yeux-sensibles-noir-pure\/\"]}]},{\"@type\":\"ImageObject\",\"inLanguage\":\"fr-FR\",\"@id\":\"https:\/\/paracherkaoui.ma\/index.php\/produit\/eye-care-mascara-volumateur-yeux-sensibles-noir-pure\/#primaryimage\",\"url\":\"https:\/\/paracherkaoui.ma\/wp-content\/uploads\/2025\/12\/eye-care-eye-care-mascara-volumateur-yeux-sensibles-noir-pure-yeux.jpg\",\"contentUrl\":\"https:\/\/paracherkaoui.ma\/wp-content\/uploads\/2025\/12\/eye-care-eye-care-mascara-volumateur-yeux-sensibles-noir-pure-yeux.jpg\",\"width\":700,\"height\":700},{\"@type\":\"BreadcrumbList\",\"@id\":\"https:\/\/paracherkaoui.ma\/index.php\/produit\/eye-care-mascara-volumateur-yeux-sensibles-noir-pure\/#breadcrumb\",\"itemListElement\":[{\"@type\":\"ListItem\",\"position\":1,\"name\":\"Accueil\",\"item\":\"https:\/\/paracherkaoui.ma\/\"},{\"@type\":\"ListItem\",\"position\":2,\"name\":\"Boutique\",\"item\":\"https:\/\/paracherkaoui.ma\/index.php\/boutique\/\"},{\"@type\":\"ListItem\",\"position\":3,\"name\":\"EYE CARE MASCARA VOLUMATEUR YEUX SENSIBLES NOIR PURE\"}]},{\"@type\":\"WebSite\",\"@id\":\"https:\/\/paracherkaoui.ma\/#website\",\"url\":\"https:\/\/paracherkaoui.ma\/\",\"name\":\"Paracherkaoui.ma\",\"description\":\"Achetez en ligne sur Paracherkaoui.ma\",\"potentialAction\":[{\"@type\":\"SearchAction\",\"target\":{\"@type\":\"EntryPoint\",\"urlTemplate\":\"https:\/\/paracherkaoui.ma\/?s={search_term_string}\"},\"query-input\":{\"@type\":\"PropertyValueSpecification\",\"valueRequired\":true,\"valueName\":\"search_term_string\"}}],\"inLanguage\":\"fr-FR\"}]}<\/script>\r\n<!-- \/ Yoast SEO plugin. -->","yoast_head_json":{"title":"EYE CARE MASCARA VOLUMATEUR YEUX SENSIBLES NOIR PURE - Paracherkaoui.ma","robots":{"index":"index","follow":"follow","max-snippet":"max-snippet:-1","max-image-preview":"max-image-preview:large","max-video-preview":"max-video-preview:-1"},"canonical":"https:\/\/paracherkaoui.ma\/index.php\/produit\/eye-care-mascara-volumateur-yeux-sensibles-noir-pure\/","og_locale":"fr_FR","og_type":"article","og_title":"EYE CARE MASCARA VOLUMATEUR YEUX SENSIBLES NOIR PURE - Paracherkaoui.ma","og_description":"Le Mascara Volumateur apporte du volume \u00e0 vos cils en un seul geste, sans faire de paquet et sans alourdir","og_url":"https:\/\/paracherkaoui.ma\/index.php\/produit\/eye-care-mascara-volumateur-yeux-sensibles-noir-pure\/","og_site_name":"Paracherkaoui.ma","article_modified_time":"2025-12-12T18:07:51+00:00","og_image":[{"width":700,"height":700,"url":"https:\/\/paracherkaoui.ma\/wp-content\/uploads\/2025\/12\/eye-care-eye-care-mascara-volumateur-yeux-sensibles-noir-pure-yeux.jpg","type":"image\/jpeg"}],"twitter_card":"summary_large_image","twitter_misc":{"Dur\u00e9e de lecture estim\u00e9e":"1 minute"},"schema":{"@context":"https:\/\/schema.org","@graph":[{"@type":"WebPage","@id":"https:\/\/paracherkaoui.ma\/index.php\/produit\/eye-care-mascara-volumateur-yeux-sensibles-noir-pure\/","url":"https:\/\/paracherkaoui.ma\/index.php\/produit\/eye-care-mascara-volumateur-yeux-sensibles-noir-pure\/","name":"EYE CARE MASCARA VOLUMATEUR YEUX SENSIBLES NOIR PURE - Paracherkaoui.ma","isPartOf":{"@id":"https:\/\/paracherkaoui.ma\/#website"},"primaryImageOfPage":{"@id":"https:\/\/paracherkaoui.ma\/index.php\/produit\/eye-care-mascara-volumateur-yeux-sensibles-noir-pure\/#primaryimage"},"image":{"@id":"https:\/\/paracherkaoui.ma\/index.php\/produit\/eye-care-mascara-volumateur-yeux-sensibles-noir-pure\/#primaryimage"},"thumbnailUrl":"https:\/\/paracherkaoui.ma\/wp-content\/uploads\/2025\/12\/eye-care-eye-care-mascara-volumateur-yeux-sensibles-noir-pure-yeux.jpg","datePublished":"2025-12-12T18:07:47+00:00","dateModified":"2025-12-12T18:07:51+00:00","breadcrumb":{"@id":"https:\/\/paracherkaoui.ma\/index.php\/produit\/eye-care-mascara-volumateur-yeux-sensibles-noir-pure\/#breadcrumb"},"inLanguage":"fr-FR","potentialAction":[{"@type":"ReadAction","target":["https:\/\/paracherkaoui.ma\/index.php\/produit\/eye-care-mascara-volumateur-yeux-sensibles-noir-pure\/"]}]},{"@type":"ImageObject","inLanguage":"fr-FR","@id":"https:\/\/paracherkaoui.ma\/index.php\/produit\/eye-care-mascara-volumateur-yeux-sensibles-noir-pure\/#primaryimage","url":"https:\/\/paracherkaoui.ma\/wp-content\/uploads\/2025\/12\/eye-care-eye-care-mascara-volumateur-yeux-sensibles-noir-pure-yeux.jpg","contentUrl":"https:\/\/paracherkaoui.ma\/wp-content\/uploads\/2025\/12\/eye-care-eye-care-mascara-volumateur-yeux-sensibles-noir-pure-yeux.jpg","width":700,"height":700},{"@type":"BreadcrumbList","@id":"https:\/\/paracherkaoui.ma\/index.php\/produit\/eye-care-mascara-volumateur-yeux-sensibles-noir-pure\/#breadcrumb","itemListElement":[{"@type":"ListItem","position":1,"name":"Accueil","item":"https:\/\/paracherkaoui.ma\/"},{"@type":"ListItem","position":2,"name":"Boutique","item":"https:\/\/paracherkaoui.ma\/index.php\/boutique\/"},{"@type":"ListItem","position":3,"name":"EYE CARE MASCARA VOLUMATEUR YEUX SENSIBLES NOIR PURE"}]},{"@type":"WebSite","@id":"https:\/\/paracherkaoui.ma\/#website","url":"https:\/\/paracherkaoui.ma\/","name":"Paracherkaoui.ma","description":"Achetez en ligne sur Paracherkaoui.ma","potentialAction":[{"@type":"SearchAction","target":{"@type":"EntryPoint","urlTemplate":"https:\/\/paracherkaoui.ma\/?s={search_term_string}"},"query-input":{"@type":"PropertyValueSpecification","valueRequired":true,"valueName":"search_term_string"}}],"inLanguage":"fr-FR"}]}},"_links":{"self":[{"href":"https:\/\/paracherkaoui.ma\/index.php\/wp-json\/wp\/v2\/product\/41930","targetHints":{"allow":["GET"]}}],"collection":[{"href":"https:\/\/paracherkaoui.ma\/index.php\/wp-json\/wp\/v2\/product"}],"about":[{"href":"https:\/\/paracherkaoui.ma\/index.php\/wp-json\/wp\/v2\/types\/product"}],"replies":[{"embeddable":true,"href":"https:\/\/paracherkaoui.ma\/index.php\/wp-json\/wp\/v2\/comments?post=41930"}],"version-history":[{"count":1,"href":"https:\/\/paracherkaoui.ma\/index.php\/wp-json\/wp\/v2\/product\/41930\/revisions"}],"predecessor-version":[{"id":41976,"href":"https:\/\/paracherkaoui.ma\/index.php\/wp-json\/wp\/v2\/product\/41930\/revisions\/41976"}],"wp:featuredmedia":[{"embeddable":true,"href":"https:\/\/paracherkaoui.ma\/index.php\/wp-json\/wp\/v2\/media\/41975"}],"wp:attachment":[{"href":"https:\/\/paracherkaoui.ma\/index.php\/wp-json\/wp\/v2\/media?parent=41930"}],"wp:term":[{"taxonomy":"product_brand","embeddable":true,"href":"https:\/\/paracherkaoui.ma\/index.php\/wp-json\/wp\/v2\/product_brand?post=41930"},{"taxonomy":"product_cat","embeddable":true,"href":"https:\/\/paracherkaoui.ma\/index.php\/wp-json\/wp\/v2\/product_cat?post=41930"},{"taxonomy":"product_tag","embeddable":true,"href":"https:\/\/paracherkaoui.ma\/index.php\/wp-json\/wp\/v2\/product_tag?post=41930"}],"curies":[{"name":"wp","href":"https:\/\/api.w.org\/{rel}","templated":true}]}}