{"id":41846,"date":"2025-12-12T19:07:39","date_gmt":"2025-12-12T18:07:39","guid":{"rendered":"https:\/\/test.ecbeaute.com\/?post_type=product&#038;p=41846"},"modified":"2025-12-12T19:07:43","modified_gmt":"2025-12-12T18:07:43","slug":"revitalash-lash-brow-masque-5ml","status":"publish","type":"product","link":"https:\/\/paracherkaoui.ma\/index.php\/produit\/revitalash-lash-brow-masque-5ml\/","title":{"rendered":"REVITALASH LASH BROW MASQUE 5ml"},"content":{"rendered":"<p>La formule r\u00e9volutionnaire du masque pour cils et sourcils combat les signes visibles et physiques des cils et sourcils ab\u00eem\u00e9s. Que ce soit \u00e0 cause d&rsquo;un coiffage excessif, d&rsquo;un maquillage quotidien ou de dommages caus\u00e9s par un lifting des cils ou une plastification des sourcils, ce masque r\u00e9pare les cheveux ab\u00eem\u00e9s et attaqu\u00e9s en leur apportant imm\u00e9diatement des ingr\u00e9dients intenses et riches en nutriments. Gr\u00e2ce \u00e0 ce masque, les cheveux para\u00eetront plus sains, plus doux, plus brillants et plus flexibles.<br \/>\nConseils d&rsquo;utilisation<br \/>\n\u00c9tape 1: Deux fois par semaine, passer l&rsquo;applicateur uniform\u00e9ment sur les cils et les sourcils propres et secs jusqu&rsquo;\u00e0 ce qu&rsquo;ils soient enti\u00e8rement recouverts. Laisser agir au moins 15 minutes ou jusqu&rsquo;\u00e0 ce que le produit ait s\u00e9ch\u00e9.<br \/>\n\u00c9tape 2: appliquer de l&rsquo;eau chaude sur les cils et les sourcils et laisser agir jusqu&rsquo;\u00e0 ce que le produit se d\u00e9tache ou tombe des poils.<br \/>\n\u00c9tape 3: utilisez le c\u00f4t\u00e9 peigne de l&rsquo;applicateur pour retirer d\u00e9licatement le masque des cils et des sourcils. R\u00e9p\u00e9tez l&rsquo;op\u00e9ration jusqu&rsquo;\u00e0 ce que le produit soit compl\u00e8tement enlev\u00e9. Pour nettoyer le peigne, utiliser un savon antibact\u00e9rien et de l&rsquo;eau chaude. Laisser s\u00e9cher naturellement. Ne pas d\u00e9sinfecter avec de l&rsquo;alcool ou un autre produit chimique st\u00e9rilisant.<\/p>\n","protected":false},"excerpt":{"rendered":"<p>La formule r\u00e9volutionnaire du masque pour cils et sourcils combat les signes visibles et physiques des cils et sourcils ab\u00eem\u00e9s.<\/p>\n","protected":false},"featured_media":41892,"comment_status":"open","ping_status":"closed","template":"","meta":[],"product_brand":[242],"product_cat":[708],"product_tag":[],"class_list":{"0":"post-41846","1":"product","2":"type-product","3":"status-publish","4":"has-post-thumbnail","6":"product_brand-revitalash","7":"product_cat-yeux-et-sourcils","9":"first","10":"instock","11":"shipping-taxable","12":"purchasable","13":"product-type-simple"},"yoast_head":"<!-- This site is optimized with the Yoast SEO plugin v26.6 - https:\/\/yoast.com\/wordpress\/plugins\/seo\/ -->\r\n<title>REVITALASH LASH BROW MASQUE 5ml - Paracherkaoui.ma<\/title>\r\n<meta name=\"robots\" content=\"index, follow, max-snippet:-1, max-image-preview:large, max-video-preview:-1\" \/>\r\n<link rel=\"canonical\" href=\"https:\/\/paracherkaoui.ma\/index.php\/produit\/revitalash-lash-brow-masque-5ml\/\" \/>\r\n<meta property=\"og:locale\" content=\"fr_FR\" \/>\r\n<meta property=\"og:type\" content=\"article\" \/>\r\n<meta property=\"og:title\" content=\"REVITALASH LASH BROW MASQUE 5ml - Paracherkaoui.ma\" \/>\r\n<meta property=\"og:description\" content=\"La formule r\u00e9volutionnaire du masque pour cils et sourcils combat les signes visibles et physiques des cils et sourcils ab\u00eem\u00e9s.\" \/>\r\n<meta property=\"og:url\" content=\"https:\/\/paracherkaoui.ma\/index.php\/produit\/revitalash-lash-brow-masque-5ml\/\" \/>\r\n<meta property=\"og:site_name\" content=\"Paracherkaoui.ma\" \/>\r\n<meta property=\"article:modified_time\" content=\"2025-12-12T18:07:43+00:00\" \/>\r\n<meta property=\"og:image\" content=\"https:\/\/paracherkaoui.ma\/wp-content\/uploads\/2025\/12\/revitalash-revitalash-lash-brow-masque-5ml-yeux.jpg\" \/>\r\n\t<meta property=\"og:image:width\" content=\"700\" \/>\r\n\t<meta property=\"og:image:height\" content=\"700\" \/>\r\n\t<meta property=\"og:image:type\" content=\"image\/jpeg\" \/>\r\n<meta name=\"twitter:card\" content=\"summary_large_image\" \/>\r\n<meta name=\"twitter:label1\" content=\"Dur\u00e9e de lecture estim\u00e9e\" \/>\n\t<meta name=\"twitter:data1\" content=\"1 minute\" \/>\r\n<script type=\"application\/ld+json\" class=\"yoast-schema-graph\">{\"@context\":\"https:\/\/schema.org\",\"@graph\":[{\"@type\":\"WebPage\",\"@id\":\"https:\/\/paracherkaoui.ma\/index.php\/produit\/revitalash-lash-brow-masque-5ml\/\",\"url\":\"https:\/\/paracherkaoui.ma\/index.php\/produit\/revitalash-lash-brow-masque-5ml\/\",\"name\":\"REVITALASH LASH BROW MASQUE 5ml - Paracherkaoui.ma\",\"isPartOf\":{\"@id\":\"https:\/\/paracherkaoui.ma\/#website\"},\"primaryImageOfPage\":{\"@id\":\"https:\/\/paracherkaoui.ma\/index.php\/produit\/revitalash-lash-brow-masque-5ml\/#primaryimage\"},\"image\":{\"@id\":\"https:\/\/paracherkaoui.ma\/index.php\/produit\/revitalash-lash-brow-masque-5ml\/#primaryimage\"},\"thumbnailUrl\":\"https:\/\/paracherkaoui.ma\/wp-content\/uploads\/2025\/12\/revitalash-revitalash-lash-brow-masque-5ml-yeux.jpg\",\"datePublished\":\"2025-12-12T18:07:39+00:00\",\"dateModified\":\"2025-12-12T18:07:43+00:00\",\"breadcrumb\":{\"@id\":\"https:\/\/paracherkaoui.ma\/index.php\/produit\/revitalash-lash-brow-masque-5ml\/#breadcrumb\"},\"inLanguage\":\"fr-FR\",\"potentialAction\":[{\"@type\":\"ReadAction\",\"target\":[\"https:\/\/paracherkaoui.ma\/index.php\/produit\/revitalash-lash-brow-masque-5ml\/\"]}]},{\"@type\":\"ImageObject\",\"inLanguage\":\"fr-FR\",\"@id\":\"https:\/\/paracherkaoui.ma\/index.php\/produit\/revitalash-lash-brow-masque-5ml\/#primaryimage\",\"url\":\"https:\/\/paracherkaoui.ma\/wp-content\/uploads\/2025\/12\/revitalash-revitalash-lash-brow-masque-5ml-yeux.jpg\",\"contentUrl\":\"https:\/\/paracherkaoui.ma\/wp-content\/uploads\/2025\/12\/revitalash-revitalash-lash-brow-masque-5ml-yeux.jpg\",\"width\":700,\"height\":700},{\"@type\":\"BreadcrumbList\",\"@id\":\"https:\/\/paracherkaoui.ma\/index.php\/produit\/revitalash-lash-brow-masque-5ml\/#breadcrumb\",\"itemListElement\":[{\"@type\":\"ListItem\",\"position\":1,\"name\":\"Accueil\",\"item\":\"https:\/\/paracherkaoui.ma\/\"},{\"@type\":\"ListItem\",\"position\":2,\"name\":\"Boutique\",\"item\":\"https:\/\/paracherkaoui.ma\/index.php\/boutique\/\"},{\"@type\":\"ListItem\",\"position\":3,\"name\":\"REVITALASH LASH BROW MASQUE 5ml\"}]},{\"@type\":\"WebSite\",\"@id\":\"https:\/\/paracherkaoui.ma\/#website\",\"url\":\"https:\/\/paracherkaoui.ma\/\",\"name\":\"Paracherkaoui.ma\",\"description\":\"Achetez en ligne sur Paracherkaoui.ma\",\"potentialAction\":[{\"@type\":\"SearchAction\",\"target\":{\"@type\":\"EntryPoint\",\"urlTemplate\":\"https:\/\/paracherkaoui.ma\/?s={search_term_string}\"},\"query-input\":{\"@type\":\"PropertyValueSpecification\",\"valueRequired\":true,\"valueName\":\"search_term_string\"}}],\"inLanguage\":\"fr-FR\"}]}<\/script>\r\n<!-- \/ Yoast SEO plugin. -->","yoast_head_json":{"title":"REVITALASH LASH BROW MASQUE 5ml - Paracherkaoui.ma","robots":{"index":"index","follow":"follow","max-snippet":"max-snippet:-1","max-image-preview":"max-image-preview:large","max-video-preview":"max-video-preview:-1"},"canonical":"https:\/\/paracherkaoui.ma\/index.php\/produit\/revitalash-lash-brow-masque-5ml\/","og_locale":"fr_FR","og_type":"article","og_title":"REVITALASH LASH BROW MASQUE 5ml - Paracherkaoui.ma","og_description":"La formule r\u00e9volutionnaire du masque pour cils et sourcils combat les signes visibles et physiques des cils et sourcils ab\u00eem\u00e9s.","og_url":"https:\/\/paracherkaoui.ma\/index.php\/produit\/revitalash-lash-brow-masque-5ml\/","og_site_name":"Paracherkaoui.ma","article_modified_time":"2025-12-12T18:07:43+00:00","og_image":[{"width":700,"height":700,"url":"https:\/\/paracherkaoui.ma\/wp-content\/uploads\/2025\/12\/revitalash-revitalash-lash-brow-masque-5ml-yeux.jpg","type":"image\/jpeg"}],"twitter_card":"summary_large_image","twitter_misc":{"Dur\u00e9e de lecture estim\u00e9e":"1 minute"},"schema":{"@context":"https:\/\/schema.org","@graph":[{"@type":"WebPage","@id":"https:\/\/paracherkaoui.ma\/index.php\/produit\/revitalash-lash-brow-masque-5ml\/","url":"https:\/\/paracherkaoui.ma\/index.php\/produit\/revitalash-lash-brow-masque-5ml\/","name":"REVITALASH LASH BROW MASQUE 5ml - Paracherkaoui.ma","isPartOf":{"@id":"https:\/\/paracherkaoui.ma\/#website"},"primaryImageOfPage":{"@id":"https:\/\/paracherkaoui.ma\/index.php\/produit\/revitalash-lash-brow-masque-5ml\/#primaryimage"},"image":{"@id":"https:\/\/paracherkaoui.ma\/index.php\/produit\/revitalash-lash-brow-masque-5ml\/#primaryimage"},"thumbnailUrl":"https:\/\/paracherkaoui.ma\/wp-content\/uploads\/2025\/12\/revitalash-revitalash-lash-brow-masque-5ml-yeux.jpg","datePublished":"2025-12-12T18:07:39+00:00","dateModified":"2025-12-12T18:07:43+00:00","breadcrumb":{"@id":"https:\/\/paracherkaoui.ma\/index.php\/produit\/revitalash-lash-brow-masque-5ml\/#breadcrumb"},"inLanguage":"fr-FR","potentialAction":[{"@type":"ReadAction","target":["https:\/\/paracherkaoui.ma\/index.php\/produit\/revitalash-lash-brow-masque-5ml\/"]}]},{"@type":"ImageObject","inLanguage":"fr-FR","@id":"https:\/\/paracherkaoui.ma\/index.php\/produit\/revitalash-lash-brow-masque-5ml\/#primaryimage","url":"https:\/\/paracherkaoui.ma\/wp-content\/uploads\/2025\/12\/revitalash-revitalash-lash-brow-masque-5ml-yeux.jpg","contentUrl":"https:\/\/paracherkaoui.ma\/wp-content\/uploads\/2025\/12\/revitalash-revitalash-lash-brow-masque-5ml-yeux.jpg","width":700,"height":700},{"@type":"BreadcrumbList","@id":"https:\/\/paracherkaoui.ma\/index.php\/produit\/revitalash-lash-brow-masque-5ml\/#breadcrumb","itemListElement":[{"@type":"ListItem","position":1,"name":"Accueil","item":"https:\/\/paracherkaoui.ma\/"},{"@type":"ListItem","position":2,"name":"Boutique","item":"https:\/\/paracherkaoui.ma\/index.php\/boutique\/"},{"@type":"ListItem","position":3,"name":"REVITALASH LASH BROW MASQUE 5ml"}]},{"@type":"WebSite","@id":"https:\/\/paracherkaoui.ma\/#website","url":"https:\/\/paracherkaoui.ma\/","name":"Paracherkaoui.ma","description":"Achetez en ligne sur Paracherkaoui.ma","potentialAction":[{"@type":"SearchAction","target":{"@type":"EntryPoint","urlTemplate":"https:\/\/paracherkaoui.ma\/?s={search_term_string}"},"query-input":{"@type":"PropertyValueSpecification","valueRequired":true,"valueName":"search_term_string"}}],"inLanguage":"fr-FR"}]}},"_links":{"self":[{"href":"https:\/\/paracherkaoui.ma\/index.php\/wp-json\/wp\/v2\/product\/41846","targetHints":{"allow":["GET"]}}],"collection":[{"href":"https:\/\/paracherkaoui.ma\/index.php\/wp-json\/wp\/v2\/product"}],"about":[{"href":"https:\/\/paracherkaoui.ma\/index.php\/wp-json\/wp\/v2\/types\/product"}],"replies":[{"embeddable":true,"href":"https:\/\/paracherkaoui.ma\/index.php\/wp-json\/wp\/v2\/comments?post=41846"}],"version-history":[{"count":1,"href":"https:\/\/paracherkaoui.ma\/index.php\/wp-json\/wp\/v2\/product\/41846\/revisions"}],"predecessor-version":[{"id":41893,"href":"https:\/\/paracherkaoui.ma\/index.php\/wp-json\/wp\/v2\/product\/41846\/revisions\/41893"}],"wp:featuredmedia":[{"embeddable":true,"href":"https:\/\/paracherkaoui.ma\/index.php\/wp-json\/wp\/v2\/media\/41892"}],"wp:attachment":[{"href":"https:\/\/paracherkaoui.ma\/index.php\/wp-json\/wp\/v2\/media?parent=41846"}],"wp:term":[{"taxonomy":"product_brand","embeddable":true,"href":"https:\/\/paracherkaoui.ma\/index.php\/wp-json\/wp\/v2\/product_brand?post=41846"},{"taxonomy":"product_cat","embeddable":true,"href":"https:\/\/paracherkaoui.ma\/index.php\/wp-json\/wp\/v2\/product_cat?post=41846"},{"taxonomy":"product_tag","embeddable":true,"href":"https:\/\/paracherkaoui.ma\/index.php\/wp-json\/wp\/v2\/product_tag?post=41846"}],"curies":[{"name":"wp","href":"https:\/\/api.w.org\/{rel}","templated":true}]}}