{"id":41782,"date":"2025-12-12T19:07:22","date_gmt":"2025-12-12T18:07:22","guid":{"rendered":"https:\/\/test.ecbeaute.com\/?post_type=product&#038;p=41782"},"modified":"2025-12-12T19:07:27","modified_gmt":"2025-12-12T18:07:27","slug":"so-bio-mascara-courbe-audacieuse-noir-10-ml","status":"publish","type":"product","link":"https:\/\/paracherkaoui.ma\/index.php\/produit\/so-bio-mascara-courbe-audacieuse-noir-10-ml\/","title":{"rendered":"SO BIO MASCARA COURBE AUDACIEUSE NOIR 10 ml"},"content":{"rendered":"<p>Description<br \/>\nLe mascara Courbe Audacieuse certifi\u00e9 bio de SO\u2019BiO \u00e9tic\u00ae combine 3 effets en 1 : un effet recourbant qui dure, une frange de cils \u00e9toff\u00e9s pour un effet volume visible et des cils qui paraissent plus longs pour un regard envoutant et s\u00e9duisant. Avec sa brosse incurv\u00e9e qui enrobe les cils de la racine \u00e0 la pointe, vos cils sont visiblement recourb\u00e9s, allong\u00e9s et \u00e9toff\u00e9s instantan\u00e9ment. Gr\u00e2ce \u00e0 sa texture fluide il s\u2019applique facilement, sans effet paquet et pour un r\u00e9sultat optimal toute la journ\u00e9e. Sa\u00a0formule contenant 100% de pigments d\u2019origine naturelle, vous offre une teinte intense qui habille vos cils pour un regard plus profond. De plus, gr\u00e2ce \u00e0 sa formule enrichie en huile de ricin bio et cire de carnauba, il prend soin de vos cils. En effet, l\u2019huile de ricin est reconnue pour ses vertus fortifiantes et r\u00e9g\u00e9n\u00e9rantes, et la cire de carnauba permet de gainer les cils et leur apporte cet effet volume tout en les assouplissant naturellement pour mieux les galber. Un mascara qui vous offre un r\u00e9sultat maquillage 3 en 1 tout en prenant soin de vos yeux, c\u2019est un vrai plus. D\u00e9velopp\u00e9 dans une texture qui ne coule pas et ne s\u2019effrite pas, et formul\u00e9 pour respecter les yeux sensibles et porteurs de lentilles, il se d\u00e9maquille facilement et convient aux yeux sensibles.<br \/>\nConseils d`utilisation<br \/>\nA l\u2019aide de la brosse recourbante du mascara courbe audacieuse, \u00e9tirer le produit de la racine des cils vers les pointes. Renouveler le geste jusqu\u2019\u00e0 l\u2019obtention de l\u2019effet allongeant et recourb\u00e9 d\u00e9sir\u00e9.<\/p>\n","protected":false},"excerpt":{"rendered":"<p>Description Le mascara Courbe Audacieuse certifi\u00e9 bio de SO\u2019BiO \u00e9tic\u00ae combine 3 effets en 1 : un effet recourbant qui<\/p>\n","protected":false},"featured_media":41810,"comment_status":"open","ping_status":"closed","template":"","meta":[],"product_brand":[212],"product_cat":[708],"product_tag":[],"class_list":{"0":"post-41782","1":"product","2":"type-product","3":"status-publish","4":"has-post-thumbnail","6":"product_brand-so-bio","7":"product_cat-yeux-et-sourcils","9":"first","10":"instock","11":"shipping-taxable","12":"purchasable","13":"product-type-simple"},"yoast_head":"<!-- This site is optimized with the Yoast SEO plugin v26.6 - https:\/\/yoast.com\/wordpress\/plugins\/seo\/ -->\r\n<title>SO BIO MASCARA COURBE AUDACIEUSE NOIR 10 ml - Paracherkaoui.ma<\/title>\r\n<meta name=\"robots\" content=\"index, follow, max-snippet:-1, max-image-preview:large, max-video-preview:-1\" \/>\r\n<link rel=\"canonical\" href=\"https:\/\/paracherkaoui.ma\/index.php\/produit\/so-bio-mascara-courbe-audacieuse-noir-10-ml\/\" \/>\r\n<meta property=\"og:locale\" content=\"fr_FR\" \/>\r\n<meta property=\"og:type\" content=\"article\" \/>\r\n<meta property=\"og:title\" content=\"SO BIO MASCARA COURBE AUDACIEUSE NOIR 10 ml - Paracherkaoui.ma\" \/>\r\n<meta property=\"og:description\" content=\"Description Le mascara Courbe Audacieuse certifi\u00e9 bio de SO\u2019BiO \u00e9tic\u00ae combine 3 effets en 1 : un effet recourbant qui\" \/>\r\n<meta property=\"og:url\" content=\"https:\/\/paracherkaoui.ma\/index.php\/produit\/so-bio-mascara-courbe-audacieuse-noir-10-ml\/\" \/>\r\n<meta property=\"og:site_name\" content=\"Paracherkaoui.ma\" \/>\r\n<meta property=\"article:modified_time\" content=\"2025-12-12T18:07:27+00:00\" \/>\r\n<meta property=\"og:image\" content=\"https:\/\/paracherkaoui.ma\/wp-content\/uploads\/2025\/12\/so-bio-so-bio-mascara-courbe-audacieuse-noir-10-ml-yeux.jpg\" \/>\r\n\t<meta property=\"og:image:width\" content=\"700\" \/>\r\n\t<meta property=\"og:image:height\" content=\"700\" \/>\r\n\t<meta property=\"og:image:type\" content=\"image\/jpeg\" \/>\r\n<meta name=\"twitter:card\" content=\"summary_large_image\" \/>\r\n<meta name=\"twitter:label1\" content=\"Dur\u00e9e de lecture estim\u00e9e\" \/>\n\t<meta name=\"twitter:data1\" content=\"1 minute\" \/>\r\n<script type=\"application\/ld+json\" class=\"yoast-schema-graph\">{\"@context\":\"https:\/\/schema.org\",\"@graph\":[{\"@type\":\"WebPage\",\"@id\":\"https:\/\/paracherkaoui.ma\/index.php\/produit\/so-bio-mascara-courbe-audacieuse-noir-10-ml\/\",\"url\":\"https:\/\/paracherkaoui.ma\/index.php\/produit\/so-bio-mascara-courbe-audacieuse-noir-10-ml\/\",\"name\":\"SO BIO MASCARA COURBE AUDACIEUSE NOIR 10 ml - Paracherkaoui.ma\",\"isPartOf\":{\"@id\":\"https:\/\/paracherkaoui.ma\/#website\"},\"primaryImageOfPage\":{\"@id\":\"https:\/\/paracherkaoui.ma\/index.php\/produit\/so-bio-mascara-courbe-audacieuse-noir-10-ml\/#primaryimage\"},\"image\":{\"@id\":\"https:\/\/paracherkaoui.ma\/index.php\/produit\/so-bio-mascara-courbe-audacieuse-noir-10-ml\/#primaryimage\"},\"thumbnailUrl\":\"https:\/\/paracherkaoui.ma\/wp-content\/uploads\/2025\/12\/so-bio-so-bio-mascara-courbe-audacieuse-noir-10-ml-yeux.jpg\",\"datePublished\":\"2025-12-12T18:07:22+00:00\",\"dateModified\":\"2025-12-12T18:07:27+00:00\",\"breadcrumb\":{\"@id\":\"https:\/\/paracherkaoui.ma\/index.php\/produit\/so-bio-mascara-courbe-audacieuse-noir-10-ml\/#breadcrumb\"},\"inLanguage\":\"fr-FR\",\"potentialAction\":[{\"@type\":\"ReadAction\",\"target\":[\"https:\/\/paracherkaoui.ma\/index.php\/produit\/so-bio-mascara-courbe-audacieuse-noir-10-ml\/\"]}]},{\"@type\":\"ImageObject\",\"inLanguage\":\"fr-FR\",\"@id\":\"https:\/\/paracherkaoui.ma\/index.php\/produit\/so-bio-mascara-courbe-audacieuse-noir-10-ml\/#primaryimage\",\"url\":\"https:\/\/paracherkaoui.ma\/wp-content\/uploads\/2025\/12\/so-bio-so-bio-mascara-courbe-audacieuse-noir-10-ml-yeux.jpg\",\"contentUrl\":\"https:\/\/paracherkaoui.ma\/wp-content\/uploads\/2025\/12\/so-bio-so-bio-mascara-courbe-audacieuse-noir-10-ml-yeux.jpg\",\"width\":700,\"height\":700},{\"@type\":\"BreadcrumbList\",\"@id\":\"https:\/\/paracherkaoui.ma\/index.php\/produit\/so-bio-mascara-courbe-audacieuse-noir-10-ml\/#breadcrumb\",\"itemListElement\":[{\"@type\":\"ListItem\",\"position\":1,\"name\":\"Accueil\",\"item\":\"https:\/\/paracherkaoui.ma\/\"},{\"@type\":\"ListItem\",\"position\":2,\"name\":\"Boutique\",\"item\":\"https:\/\/paracherkaoui.ma\/index.php\/boutique\/\"},{\"@type\":\"ListItem\",\"position\":3,\"name\":\"SO BIO MASCARA COURBE AUDACIEUSE NOIR 10 ml\"}]},{\"@type\":\"WebSite\",\"@id\":\"https:\/\/paracherkaoui.ma\/#website\",\"url\":\"https:\/\/paracherkaoui.ma\/\",\"name\":\"Paracherkaoui.ma\",\"description\":\"Achetez en ligne sur Paracherkaoui.ma\",\"potentialAction\":[{\"@type\":\"SearchAction\",\"target\":{\"@type\":\"EntryPoint\",\"urlTemplate\":\"https:\/\/paracherkaoui.ma\/?s={search_term_string}\"},\"query-input\":{\"@type\":\"PropertyValueSpecification\",\"valueRequired\":true,\"valueName\":\"search_term_string\"}}],\"inLanguage\":\"fr-FR\"}]}<\/script>\r\n<!-- \/ Yoast SEO plugin. -->","yoast_head_json":{"title":"SO BIO MASCARA COURBE AUDACIEUSE NOIR 10 ml - Paracherkaoui.ma","robots":{"index":"index","follow":"follow","max-snippet":"max-snippet:-1","max-image-preview":"max-image-preview:large","max-video-preview":"max-video-preview:-1"},"canonical":"https:\/\/paracherkaoui.ma\/index.php\/produit\/so-bio-mascara-courbe-audacieuse-noir-10-ml\/","og_locale":"fr_FR","og_type":"article","og_title":"SO BIO MASCARA COURBE AUDACIEUSE NOIR 10 ml - Paracherkaoui.ma","og_description":"Description Le mascara Courbe Audacieuse certifi\u00e9 bio de SO\u2019BiO \u00e9tic\u00ae combine 3 effets en 1 : un effet recourbant qui","og_url":"https:\/\/paracherkaoui.ma\/index.php\/produit\/so-bio-mascara-courbe-audacieuse-noir-10-ml\/","og_site_name":"Paracherkaoui.ma","article_modified_time":"2025-12-12T18:07:27+00:00","og_image":[{"width":700,"height":700,"url":"https:\/\/paracherkaoui.ma\/wp-content\/uploads\/2025\/12\/so-bio-so-bio-mascara-courbe-audacieuse-noir-10-ml-yeux.jpg","type":"image\/jpeg"}],"twitter_card":"summary_large_image","twitter_misc":{"Dur\u00e9e de lecture estim\u00e9e":"1 minute"},"schema":{"@context":"https:\/\/schema.org","@graph":[{"@type":"WebPage","@id":"https:\/\/paracherkaoui.ma\/index.php\/produit\/so-bio-mascara-courbe-audacieuse-noir-10-ml\/","url":"https:\/\/paracherkaoui.ma\/index.php\/produit\/so-bio-mascara-courbe-audacieuse-noir-10-ml\/","name":"SO BIO MASCARA COURBE AUDACIEUSE NOIR 10 ml - Paracherkaoui.ma","isPartOf":{"@id":"https:\/\/paracherkaoui.ma\/#website"},"primaryImageOfPage":{"@id":"https:\/\/paracherkaoui.ma\/index.php\/produit\/so-bio-mascara-courbe-audacieuse-noir-10-ml\/#primaryimage"},"image":{"@id":"https:\/\/paracherkaoui.ma\/index.php\/produit\/so-bio-mascara-courbe-audacieuse-noir-10-ml\/#primaryimage"},"thumbnailUrl":"https:\/\/paracherkaoui.ma\/wp-content\/uploads\/2025\/12\/so-bio-so-bio-mascara-courbe-audacieuse-noir-10-ml-yeux.jpg","datePublished":"2025-12-12T18:07:22+00:00","dateModified":"2025-12-12T18:07:27+00:00","breadcrumb":{"@id":"https:\/\/paracherkaoui.ma\/index.php\/produit\/so-bio-mascara-courbe-audacieuse-noir-10-ml\/#breadcrumb"},"inLanguage":"fr-FR","potentialAction":[{"@type":"ReadAction","target":["https:\/\/paracherkaoui.ma\/index.php\/produit\/so-bio-mascara-courbe-audacieuse-noir-10-ml\/"]}]},{"@type":"ImageObject","inLanguage":"fr-FR","@id":"https:\/\/paracherkaoui.ma\/index.php\/produit\/so-bio-mascara-courbe-audacieuse-noir-10-ml\/#primaryimage","url":"https:\/\/paracherkaoui.ma\/wp-content\/uploads\/2025\/12\/so-bio-so-bio-mascara-courbe-audacieuse-noir-10-ml-yeux.jpg","contentUrl":"https:\/\/paracherkaoui.ma\/wp-content\/uploads\/2025\/12\/so-bio-so-bio-mascara-courbe-audacieuse-noir-10-ml-yeux.jpg","width":700,"height":700},{"@type":"BreadcrumbList","@id":"https:\/\/paracherkaoui.ma\/index.php\/produit\/so-bio-mascara-courbe-audacieuse-noir-10-ml\/#breadcrumb","itemListElement":[{"@type":"ListItem","position":1,"name":"Accueil","item":"https:\/\/paracherkaoui.ma\/"},{"@type":"ListItem","position":2,"name":"Boutique","item":"https:\/\/paracherkaoui.ma\/index.php\/boutique\/"},{"@type":"ListItem","position":3,"name":"SO BIO MASCARA COURBE AUDACIEUSE NOIR 10 ml"}]},{"@type":"WebSite","@id":"https:\/\/paracherkaoui.ma\/#website","url":"https:\/\/paracherkaoui.ma\/","name":"Paracherkaoui.ma","description":"Achetez en ligne sur Paracherkaoui.ma","potentialAction":[{"@type":"SearchAction","target":{"@type":"EntryPoint","urlTemplate":"https:\/\/paracherkaoui.ma\/?s={search_term_string}"},"query-input":{"@type":"PropertyValueSpecification","valueRequired":true,"valueName":"search_term_string"}}],"inLanguage":"fr-FR"}]}},"_links":{"self":[{"href":"https:\/\/paracherkaoui.ma\/index.php\/wp-json\/wp\/v2\/product\/41782","targetHints":{"allow":["GET"]}}],"collection":[{"href":"https:\/\/paracherkaoui.ma\/index.php\/wp-json\/wp\/v2\/product"}],"about":[{"href":"https:\/\/paracherkaoui.ma\/index.php\/wp-json\/wp\/v2\/types\/product"}],"replies":[{"embeddable":true,"href":"https:\/\/paracherkaoui.ma\/index.php\/wp-json\/wp\/v2\/comments?post=41782"}],"version-history":[{"count":1,"href":"https:\/\/paracherkaoui.ma\/index.php\/wp-json\/wp\/v2\/product\/41782\/revisions"}],"predecessor-version":[{"id":41811,"href":"https:\/\/paracherkaoui.ma\/index.php\/wp-json\/wp\/v2\/product\/41782\/revisions\/41811"}],"wp:featuredmedia":[{"embeddable":true,"href":"https:\/\/paracherkaoui.ma\/index.php\/wp-json\/wp\/v2\/media\/41810"}],"wp:attachment":[{"href":"https:\/\/paracherkaoui.ma\/index.php\/wp-json\/wp\/v2\/media?parent=41782"}],"wp:term":[{"taxonomy":"product_brand","embeddable":true,"href":"https:\/\/paracherkaoui.ma\/index.php\/wp-json\/wp\/v2\/product_brand?post=41782"},{"taxonomy":"product_cat","embeddable":true,"href":"https:\/\/paracherkaoui.ma\/index.php\/wp-json\/wp\/v2\/product_cat?post=41782"},{"taxonomy":"product_tag","embeddable":true,"href":"https:\/\/paracherkaoui.ma\/index.php\/wp-json\/wp\/v2\/product_tag?post=41782"}],"curies":[{"name":"wp","href":"https:\/\/api.w.org\/{rel}","templated":true}]}}