{"id":41619,"date":"2025-12-12T19:07:05","date_gmt":"2025-12-12T18:07:05","guid":{"rendered":"https:\/\/test.ecbeaute.com\/?post_type=product&#038;p=41619"},"modified":"2025-12-12T19:07:12","modified_gmt":"2025-12-12T18:07:12","slug":"sesderma-sensyses-cleanser-sebum-eau-micellaire-200-ml-3","status":"publish","type":"product","link":"https:\/\/paracherkaoui.ma\/index.php\/produit\/sesderma-sensyses-cleanser-sebum-eau-micellaire-200-ml-3\/","title":{"rendered":"SESDERMA SENSYSES CLEANSER SEBUM EAU MICELLAIRE 200 ML"},"content":{"rendered":"<p>Sesderma Sensyses Cleanser Sebum Eau Micellaire 200ml<\/p>\n<p>DESCRIPTION :<\/p>\n<p>Restaure les signes de la jeunesse dans la zone autour des yeux. Hydrate, nourrit et combat les signes du vieillissement: les cercles noirs finissent et combattent \u00ab\u00a0la paupi\u00e8re tombante\u00a0\u00bb. Active les g\u00e8nes jeunes qui \u00e9tendent la vie des cellules. Prolonge la vie cellulaire, resynchronise l&rsquo;horloge biologique et renouvelle le processus de r\u00e9paration cellulaire. Particuli\u00e8rement adapt\u00e9 pour le soin et la protection de la peau s\u00e8che pendant le jour et la nuit, ou pour la peau combin\u00e9e et grasse, comme nuit nourrissante. Comment utiliser? Appliquer une petite quantit\u00e9 sur la zone des yeux avec un massage doux de l&rsquo;int\u00e9rieur vers l&rsquo;ext\u00e9rieur.<\/p>\n<p>CONSEILS D&rsquo;UTILISATION :<\/p>\n<p>Appliquer matin et soir sur le visage et les yeux \u00e0 l&rsquo;aide d&rsquo;un coton. Ne pas rincer.<\/p>\n","protected":false},"excerpt":{"rendered":"<p>Sesderma Sensyses Cleanser Sebum Eau Micellaire 200ml DESCRIPTION : Restaure les signes de la jeunesse dans la zone autour des<\/p>\n","protected":false},"featured_media":20312,"comment_status":"open","ping_status":"closed","template":"","meta":[],"product_brand":[390],"product_cat":[708],"product_tag":[],"class_list":{"0":"post-41619","1":"product","2":"type-product","3":"status-publish","4":"has-post-thumbnail","6":"product_brand-sesderma","7":"product_cat-yeux-et-sourcils","9":"first","10":"instock","11":"sale","12":"shipping-taxable","13":"purchasable","14":"product-type-simple"},"yoast_head":"<!-- This site is optimized with the Yoast SEO plugin v26.6 - https:\/\/yoast.com\/wordpress\/plugins\/seo\/ -->\r\n<title>SESDERMA SENSYSES CLEANSER SEBUM EAU MICELLAIRE 200 ML - Paracherkaoui.ma<\/title>\r\n<meta name=\"robots\" content=\"index, follow, max-snippet:-1, max-image-preview:large, max-video-preview:-1\" \/>\r\n<link rel=\"canonical\" href=\"https:\/\/paracherkaoui.ma\/index.php\/produit\/sesderma-sensyses-cleanser-sebum-eau-micellaire-200-ml-3\/\" \/>\r\n<meta property=\"og:locale\" content=\"fr_FR\" \/>\r\n<meta property=\"og:type\" content=\"article\" \/>\r\n<meta property=\"og:title\" content=\"SESDERMA SENSYSES CLEANSER SEBUM EAU MICELLAIRE 200 ML - Paracherkaoui.ma\" \/>\r\n<meta property=\"og:description\" content=\"Sesderma Sensyses Cleanser Sebum Eau Micellaire 200ml DESCRIPTION : Restaure les signes de la jeunesse dans la zone autour des\" \/>\r\n<meta property=\"og:url\" content=\"https:\/\/paracherkaoui.ma\/index.php\/produit\/sesderma-sensyses-cleanser-sebum-eau-micellaire-200-ml-3\/\" \/>\r\n<meta property=\"og:site_name\" content=\"Paracherkaoui.ma\" \/>\r\n<meta property=\"article:modified_time\" content=\"2025-12-12T18:07:12+00:00\" \/>\r\n<meta property=\"og:image\" content=\"https:\/\/paracherkaoui.ma\/wp-content\/uploads\/2025\/12\/sesderma-sesderma-sensyses-cleanser-sebum-eau-micellaire-200-ml-soins-anti-imperfections.jpg\" \/>\r\n\t<meta property=\"og:image:width\" content=\"700\" \/>\r\n\t<meta property=\"og:image:height\" content=\"700\" \/>\r\n\t<meta property=\"og:image:type\" content=\"image\/jpeg\" \/>\r\n<meta name=\"twitter:card\" content=\"summary_large_image\" \/>\r\n<meta name=\"twitter:label1\" content=\"Dur\u00e9e de lecture estim\u00e9e\" \/>\n\t<meta name=\"twitter:data1\" content=\"1 minute\" \/>\r\n<script type=\"application\/ld+json\" class=\"yoast-schema-graph\">{\"@context\":\"https:\/\/schema.org\",\"@graph\":[{\"@type\":\"WebPage\",\"@id\":\"https:\/\/paracherkaoui.ma\/index.php\/produit\/sesderma-sensyses-cleanser-sebum-eau-micellaire-200-ml-3\/\",\"url\":\"https:\/\/paracherkaoui.ma\/index.php\/produit\/sesderma-sensyses-cleanser-sebum-eau-micellaire-200-ml-3\/\",\"name\":\"SESDERMA SENSYSES CLEANSER SEBUM EAU MICELLAIRE 200 ML - Paracherkaoui.ma\",\"isPartOf\":{\"@id\":\"https:\/\/paracherkaoui.ma\/#website\"},\"primaryImageOfPage\":{\"@id\":\"https:\/\/paracherkaoui.ma\/index.php\/produit\/sesderma-sensyses-cleanser-sebum-eau-micellaire-200-ml-3\/#primaryimage\"},\"image\":{\"@id\":\"https:\/\/paracherkaoui.ma\/index.php\/produit\/sesderma-sensyses-cleanser-sebum-eau-micellaire-200-ml-3\/#primaryimage\"},\"thumbnailUrl\":\"https:\/\/paracherkaoui.ma\/wp-content\/uploads\/2025\/12\/sesderma-sesderma-sensyses-cleanser-sebum-eau-micellaire-200-ml-soins-anti-imperfections.jpg\",\"datePublished\":\"2025-12-12T18:07:05+00:00\",\"dateModified\":\"2025-12-12T18:07:12+00:00\",\"breadcrumb\":{\"@id\":\"https:\/\/paracherkaoui.ma\/index.php\/produit\/sesderma-sensyses-cleanser-sebum-eau-micellaire-200-ml-3\/#breadcrumb\"},\"inLanguage\":\"fr-FR\",\"potentialAction\":[{\"@type\":\"ReadAction\",\"target\":[\"https:\/\/paracherkaoui.ma\/index.php\/produit\/sesderma-sensyses-cleanser-sebum-eau-micellaire-200-ml-3\/\"]}]},{\"@type\":\"ImageObject\",\"inLanguage\":\"fr-FR\",\"@id\":\"https:\/\/paracherkaoui.ma\/index.php\/produit\/sesderma-sensyses-cleanser-sebum-eau-micellaire-200-ml-3\/#primaryimage\",\"url\":\"https:\/\/paracherkaoui.ma\/wp-content\/uploads\/2025\/12\/sesderma-sesderma-sensyses-cleanser-sebum-eau-micellaire-200-ml-soins-anti-imperfections.jpg\",\"contentUrl\":\"https:\/\/paracherkaoui.ma\/wp-content\/uploads\/2025\/12\/sesderma-sesderma-sensyses-cleanser-sebum-eau-micellaire-200-ml-soins-anti-imperfections.jpg\",\"width\":700,\"height\":700},{\"@type\":\"BreadcrumbList\",\"@id\":\"https:\/\/paracherkaoui.ma\/index.php\/produit\/sesderma-sensyses-cleanser-sebum-eau-micellaire-200-ml-3\/#breadcrumb\",\"itemListElement\":[{\"@type\":\"ListItem\",\"position\":1,\"name\":\"Accueil\",\"item\":\"https:\/\/paracherkaoui.ma\/\"},{\"@type\":\"ListItem\",\"position\":2,\"name\":\"Boutique\",\"item\":\"https:\/\/paracherkaoui.ma\/index.php\/boutique\/\"},{\"@type\":\"ListItem\",\"position\":3,\"name\":\"SESDERMA SENSYSES CLEANSER SEBUM EAU MICELLAIRE 200 ML\"}]},{\"@type\":\"WebSite\",\"@id\":\"https:\/\/paracherkaoui.ma\/#website\",\"url\":\"https:\/\/paracherkaoui.ma\/\",\"name\":\"Paracherkaoui.ma\",\"description\":\"Achetez en ligne sur Paracherkaoui.ma\",\"potentialAction\":[{\"@type\":\"SearchAction\",\"target\":{\"@type\":\"EntryPoint\",\"urlTemplate\":\"https:\/\/paracherkaoui.ma\/?s={search_term_string}\"},\"query-input\":{\"@type\":\"PropertyValueSpecification\",\"valueRequired\":true,\"valueName\":\"search_term_string\"}}],\"inLanguage\":\"fr-FR\"}]}<\/script>\r\n<!-- \/ Yoast SEO plugin. -->","yoast_head_json":{"title":"SESDERMA SENSYSES CLEANSER SEBUM EAU MICELLAIRE 200 ML - Paracherkaoui.ma","robots":{"index":"index","follow":"follow","max-snippet":"max-snippet:-1","max-image-preview":"max-image-preview:large","max-video-preview":"max-video-preview:-1"},"canonical":"https:\/\/paracherkaoui.ma\/index.php\/produit\/sesderma-sensyses-cleanser-sebum-eau-micellaire-200-ml-3\/","og_locale":"fr_FR","og_type":"article","og_title":"SESDERMA SENSYSES CLEANSER SEBUM EAU MICELLAIRE 200 ML - Paracherkaoui.ma","og_description":"Sesderma Sensyses Cleanser Sebum Eau Micellaire 200ml DESCRIPTION : Restaure les signes de la jeunesse dans la zone autour des","og_url":"https:\/\/paracherkaoui.ma\/index.php\/produit\/sesderma-sensyses-cleanser-sebum-eau-micellaire-200-ml-3\/","og_site_name":"Paracherkaoui.ma","article_modified_time":"2025-12-12T18:07:12+00:00","og_image":[{"width":700,"height":700,"url":"https:\/\/paracherkaoui.ma\/wp-content\/uploads\/2025\/12\/sesderma-sesderma-sensyses-cleanser-sebum-eau-micellaire-200-ml-soins-anti-imperfections.jpg","type":"image\/jpeg"}],"twitter_card":"summary_large_image","twitter_misc":{"Dur\u00e9e de lecture estim\u00e9e":"1 minute"},"schema":{"@context":"https:\/\/schema.org","@graph":[{"@type":"WebPage","@id":"https:\/\/paracherkaoui.ma\/index.php\/produit\/sesderma-sensyses-cleanser-sebum-eau-micellaire-200-ml-3\/","url":"https:\/\/paracherkaoui.ma\/index.php\/produit\/sesderma-sensyses-cleanser-sebum-eau-micellaire-200-ml-3\/","name":"SESDERMA SENSYSES CLEANSER SEBUM EAU MICELLAIRE 200 ML - Paracherkaoui.ma","isPartOf":{"@id":"https:\/\/paracherkaoui.ma\/#website"},"primaryImageOfPage":{"@id":"https:\/\/paracherkaoui.ma\/index.php\/produit\/sesderma-sensyses-cleanser-sebum-eau-micellaire-200-ml-3\/#primaryimage"},"image":{"@id":"https:\/\/paracherkaoui.ma\/index.php\/produit\/sesderma-sensyses-cleanser-sebum-eau-micellaire-200-ml-3\/#primaryimage"},"thumbnailUrl":"https:\/\/paracherkaoui.ma\/wp-content\/uploads\/2025\/12\/sesderma-sesderma-sensyses-cleanser-sebum-eau-micellaire-200-ml-soins-anti-imperfections.jpg","datePublished":"2025-12-12T18:07:05+00:00","dateModified":"2025-12-12T18:07:12+00:00","breadcrumb":{"@id":"https:\/\/paracherkaoui.ma\/index.php\/produit\/sesderma-sensyses-cleanser-sebum-eau-micellaire-200-ml-3\/#breadcrumb"},"inLanguage":"fr-FR","potentialAction":[{"@type":"ReadAction","target":["https:\/\/paracherkaoui.ma\/index.php\/produit\/sesderma-sensyses-cleanser-sebum-eau-micellaire-200-ml-3\/"]}]},{"@type":"ImageObject","inLanguage":"fr-FR","@id":"https:\/\/paracherkaoui.ma\/index.php\/produit\/sesderma-sensyses-cleanser-sebum-eau-micellaire-200-ml-3\/#primaryimage","url":"https:\/\/paracherkaoui.ma\/wp-content\/uploads\/2025\/12\/sesderma-sesderma-sensyses-cleanser-sebum-eau-micellaire-200-ml-soins-anti-imperfections.jpg","contentUrl":"https:\/\/paracherkaoui.ma\/wp-content\/uploads\/2025\/12\/sesderma-sesderma-sensyses-cleanser-sebum-eau-micellaire-200-ml-soins-anti-imperfections.jpg","width":700,"height":700},{"@type":"BreadcrumbList","@id":"https:\/\/paracherkaoui.ma\/index.php\/produit\/sesderma-sensyses-cleanser-sebum-eau-micellaire-200-ml-3\/#breadcrumb","itemListElement":[{"@type":"ListItem","position":1,"name":"Accueil","item":"https:\/\/paracherkaoui.ma\/"},{"@type":"ListItem","position":2,"name":"Boutique","item":"https:\/\/paracherkaoui.ma\/index.php\/boutique\/"},{"@type":"ListItem","position":3,"name":"SESDERMA SENSYSES CLEANSER SEBUM EAU MICELLAIRE 200 ML"}]},{"@type":"WebSite","@id":"https:\/\/paracherkaoui.ma\/#website","url":"https:\/\/paracherkaoui.ma\/","name":"Paracherkaoui.ma","description":"Achetez en ligne sur Paracherkaoui.ma","potentialAction":[{"@type":"SearchAction","target":{"@type":"EntryPoint","urlTemplate":"https:\/\/paracherkaoui.ma\/?s={search_term_string}"},"query-input":{"@type":"PropertyValueSpecification","valueRequired":true,"valueName":"search_term_string"}}],"inLanguage":"fr-FR"}]}},"_links":{"self":[{"href":"https:\/\/paracherkaoui.ma\/index.php\/wp-json\/wp\/v2\/product\/41619","targetHints":{"allow":["GET"]}}],"collection":[{"href":"https:\/\/paracherkaoui.ma\/index.php\/wp-json\/wp\/v2\/product"}],"about":[{"href":"https:\/\/paracherkaoui.ma\/index.php\/wp-json\/wp\/v2\/types\/product"}],"replies":[{"embeddable":true,"href":"https:\/\/paracherkaoui.ma\/index.php\/wp-json\/wp\/v2\/comments?post=41619"}],"version-history":[{"count":1,"href":"https:\/\/paracherkaoui.ma\/index.php\/wp-json\/wp\/v2\/product\/41619\/revisions"}],"predecessor-version":[{"id":41669,"href":"https:\/\/paracherkaoui.ma\/index.php\/wp-json\/wp\/v2\/product\/41619\/revisions\/41669"}],"wp:featuredmedia":[{"embeddable":true,"href":"https:\/\/paracherkaoui.ma\/index.php\/wp-json\/wp\/v2\/media\/20312"}],"wp:attachment":[{"href":"https:\/\/paracherkaoui.ma\/index.php\/wp-json\/wp\/v2\/media?parent=41619"}],"wp:term":[{"taxonomy":"product_brand","embeddable":true,"href":"https:\/\/paracherkaoui.ma\/index.php\/wp-json\/wp\/v2\/product_brand?post=41619"},{"taxonomy":"product_cat","embeddable":true,"href":"https:\/\/paracherkaoui.ma\/index.php\/wp-json\/wp\/v2\/product_cat?post=41619"},{"taxonomy":"product_tag","embeddable":true,"href":"https:\/\/paracherkaoui.ma\/index.php\/wp-json\/wp\/v2\/product_tag?post=41619"}],"curies":[{"name":"wp","href":"https:\/\/api.w.org\/{rel}","templated":true}]}}