{"id":41450,"date":"2025-12-12T19:06:46","date_gmt":"2025-12-12T18:06:46","guid":{"rendered":"https:\/\/test.ecbeaute.com\/?post_type=product&#038;p=41450"},"modified":"2025-12-12T19:06:51","modified_gmt":"2025-12-12T18:06:51","slug":"revitalash-revitabrow-advanced-soin-sourcils-3ml","status":"publish","type":"product","link":"https:\/\/paracherkaoui.ma\/index.php\/produit\/revitalash-revitabrow-advanced-soin-sourcils-3ml\/","title":{"rendered":"REVITALASH REVITABROW ADVANCED SOIN SOURCILS 3ML"},"content":{"rendered":"<p>REVITABROW<br \/>\nAdvanced<br \/>\nLes sourcils paraissent plus fournis et nourris<br \/>\n3ml<br \/>\nA l&rsquo;aide de RevitaBrow\u00ae Advanced obtenez facilement et rapidement des sourcils magnifiquement dessin\u00e9s.<br \/>\nPour les nourrir, am\u00e9liorer leur aspect, RevitaBrow\u00ae Advanced utilise le pouvoir des peptides et des plantes.<br \/>\nNos sourcils, ces deux accents qui ponctuent visuellement nos \u00e9motions, sont aussi les t\u00e9moins des ann\u00e9es qui passent.<br \/>\nDes milliers de femmes n&rsquo;aiment pas l&rsquo;aspect de leurs sourcils car apr\u00e8s des ann\u00e9es d&rsquo;\u00e9pilation et des facteurs li\u00e9s \u00e0 l&rsquo;\u00e2ge, les sourcils peuvent \u00eatre clairsem\u00e9s, fatigu\u00e9s.<br \/>\nNe les froncez plus, RevitaBrow\u00ae Advanced vient \u00e0 leur secours !<br \/>\nExtraits botaniques : racine de Ginseng, Chou palmiste, feuille de Camellia, fleur de Calendula, Swertia Japonica.<br \/>\nRevitaBrow\u00ae Advanced, est un soin hypoallerg\u00e9nique contenant un savant m\u00e9lange d&rsquo;actifs qui ont \u00e9t\u00e9 test\u00e9s cliniquement.<br \/>\nLa formule sp\u00e9cialement adapt\u00e9e aux sourcils, alli\u00e9e \u00e0 un applicateur mousse qui \u00e9pouse parfaitement la courbe de l&rsquo;arcade sourcili\u00e8re, permet un soin quotidien d&rsquo;une extr\u00eame simplicit\u00e9.<br \/>\nUtilisez le produit chaque soir et sans exception. Un des secrets du r\u00e9sultat spectaculaire de RevitaBrow\u00ae Advanced r\u00e9side dans la r\u00e9gularit\u00e9 d&rsquo;utilisation.<br \/>\nUtilisez le s\u00e9rum RevitaBrow\u00ae Advanced sur les sourcils chaque soir apr\u00e8s votre s\u00e9ance de d\u00e9maquillage.<br \/>\nAppliquez par petites touches gr\u00e2ce \u00e0 l&rsquo;applicateur \u00e0 embout mousse en particulier sur les endroits \u00e9pars ou clairsem\u00e9s.<\/p>\n<p>Le RevitaBrow\u00ae Advanced contient 4 mois de soins.<br \/>\nVous constaterez une am\u00e9lioration de l&rsquo;aspect de vos sourcils apr\u00e8s environ 2 semaines d&rsquo;utilisation quotidienne de RevitaBrow\u00ae Advanced.<\/p>\n","protected":false},"excerpt":{"rendered":"<p>REVITABROW Advanced Les sourcils paraissent plus fournis et nourris 3ml A l&rsquo;aide de RevitaBrow\u00ae Advanced obtenez facilement et rapidement des<\/p>\n","protected":false},"featured_media":41501,"comment_status":"open","ping_status":"closed","template":"","meta":[],"product_brand":[242],"product_cat":[708],"product_tag":[],"class_list":{"0":"post-41450","1":"product","2":"type-product","3":"status-publish","4":"has-post-thumbnail","6":"product_brand-revitalash","7":"product_cat-yeux-et-sourcils","9":"first","10":"instock","11":"shipping-taxable","12":"purchasable","13":"product-type-simple"},"yoast_head":"<!-- This site is optimized with the Yoast SEO plugin v26.6 - https:\/\/yoast.com\/wordpress\/plugins\/seo\/ -->\r\n<title>REVITALASH REVITABROW ADVANCED SOIN SOURCILS 3ML - Paracherkaoui.ma<\/title>\r\n<meta name=\"robots\" content=\"index, follow, max-snippet:-1, max-image-preview:large, max-video-preview:-1\" \/>\r\n<link rel=\"canonical\" href=\"https:\/\/paracherkaoui.ma\/index.php\/produit\/revitalash-revitabrow-advanced-soin-sourcils-3ml\/\" \/>\r\n<meta property=\"og:locale\" content=\"fr_FR\" \/>\r\n<meta property=\"og:type\" content=\"article\" \/>\r\n<meta property=\"og:title\" content=\"REVITALASH REVITABROW ADVANCED SOIN SOURCILS 3ML - Paracherkaoui.ma\" \/>\r\n<meta property=\"og:description\" content=\"REVITABROW Advanced Les sourcils paraissent plus fournis et nourris 3ml A l&rsquo;aide de RevitaBrow\u00ae Advanced obtenez facilement et rapidement des\" \/>\r\n<meta property=\"og:url\" content=\"https:\/\/paracherkaoui.ma\/index.php\/produit\/revitalash-revitabrow-advanced-soin-sourcils-3ml\/\" \/>\r\n<meta property=\"og:site_name\" content=\"Paracherkaoui.ma\" \/>\r\n<meta property=\"article:modified_time\" content=\"2025-12-12T18:06:51+00:00\" \/>\r\n<meta property=\"og:image\" content=\"https:\/\/paracherkaoui.ma\/wp-content\/uploads\/2025\/12\/revitalash-revitalash-revitabrow-advanced-soin-sourcils-3ml-yeux.jpg\" \/>\r\n\t<meta property=\"og:image:width\" content=\"700\" \/>\r\n\t<meta property=\"og:image:height\" content=\"700\" \/>\r\n\t<meta property=\"og:image:type\" content=\"image\/jpeg\" \/>\r\n<meta name=\"twitter:card\" content=\"summary_large_image\" \/>\r\n<meta name=\"twitter:label1\" content=\"Dur\u00e9e de lecture estim\u00e9e\" \/>\n\t<meta name=\"twitter:data1\" content=\"1 minute\" \/>\r\n<script type=\"application\/ld+json\" class=\"yoast-schema-graph\">{\"@context\":\"https:\/\/schema.org\",\"@graph\":[{\"@type\":\"WebPage\",\"@id\":\"https:\/\/paracherkaoui.ma\/index.php\/produit\/revitalash-revitabrow-advanced-soin-sourcils-3ml\/\",\"url\":\"https:\/\/paracherkaoui.ma\/index.php\/produit\/revitalash-revitabrow-advanced-soin-sourcils-3ml\/\",\"name\":\"REVITALASH REVITABROW ADVANCED SOIN SOURCILS 3ML - Paracherkaoui.ma\",\"isPartOf\":{\"@id\":\"https:\/\/paracherkaoui.ma\/#website\"},\"primaryImageOfPage\":{\"@id\":\"https:\/\/paracherkaoui.ma\/index.php\/produit\/revitalash-revitabrow-advanced-soin-sourcils-3ml\/#primaryimage\"},\"image\":{\"@id\":\"https:\/\/paracherkaoui.ma\/index.php\/produit\/revitalash-revitabrow-advanced-soin-sourcils-3ml\/#primaryimage\"},\"thumbnailUrl\":\"https:\/\/paracherkaoui.ma\/wp-content\/uploads\/2025\/12\/revitalash-revitalash-revitabrow-advanced-soin-sourcils-3ml-yeux.jpg\",\"datePublished\":\"2025-12-12T18:06:46+00:00\",\"dateModified\":\"2025-12-12T18:06:51+00:00\",\"breadcrumb\":{\"@id\":\"https:\/\/paracherkaoui.ma\/index.php\/produit\/revitalash-revitabrow-advanced-soin-sourcils-3ml\/#breadcrumb\"},\"inLanguage\":\"fr-FR\",\"potentialAction\":[{\"@type\":\"ReadAction\",\"target\":[\"https:\/\/paracherkaoui.ma\/index.php\/produit\/revitalash-revitabrow-advanced-soin-sourcils-3ml\/\"]}]},{\"@type\":\"ImageObject\",\"inLanguage\":\"fr-FR\",\"@id\":\"https:\/\/paracherkaoui.ma\/index.php\/produit\/revitalash-revitabrow-advanced-soin-sourcils-3ml\/#primaryimage\",\"url\":\"https:\/\/paracherkaoui.ma\/wp-content\/uploads\/2025\/12\/revitalash-revitalash-revitabrow-advanced-soin-sourcils-3ml-yeux.jpg\",\"contentUrl\":\"https:\/\/paracherkaoui.ma\/wp-content\/uploads\/2025\/12\/revitalash-revitalash-revitabrow-advanced-soin-sourcils-3ml-yeux.jpg\",\"width\":700,\"height\":700},{\"@type\":\"BreadcrumbList\",\"@id\":\"https:\/\/paracherkaoui.ma\/index.php\/produit\/revitalash-revitabrow-advanced-soin-sourcils-3ml\/#breadcrumb\",\"itemListElement\":[{\"@type\":\"ListItem\",\"position\":1,\"name\":\"Accueil\",\"item\":\"https:\/\/paracherkaoui.ma\/\"},{\"@type\":\"ListItem\",\"position\":2,\"name\":\"Boutique\",\"item\":\"https:\/\/paracherkaoui.ma\/index.php\/boutique\/\"},{\"@type\":\"ListItem\",\"position\":3,\"name\":\"REVITALASH REVITABROW ADVANCED SOIN SOURCILS 3ML\"}]},{\"@type\":\"WebSite\",\"@id\":\"https:\/\/paracherkaoui.ma\/#website\",\"url\":\"https:\/\/paracherkaoui.ma\/\",\"name\":\"Paracherkaoui.ma\",\"description\":\"Achetez en ligne sur Paracherkaoui.ma\",\"potentialAction\":[{\"@type\":\"SearchAction\",\"target\":{\"@type\":\"EntryPoint\",\"urlTemplate\":\"https:\/\/paracherkaoui.ma\/?s={search_term_string}\"},\"query-input\":{\"@type\":\"PropertyValueSpecification\",\"valueRequired\":true,\"valueName\":\"search_term_string\"}}],\"inLanguage\":\"fr-FR\"}]}<\/script>\r\n<!-- \/ Yoast SEO plugin. -->","yoast_head_json":{"title":"REVITALASH REVITABROW ADVANCED SOIN SOURCILS 3ML - Paracherkaoui.ma","robots":{"index":"index","follow":"follow","max-snippet":"max-snippet:-1","max-image-preview":"max-image-preview:large","max-video-preview":"max-video-preview:-1"},"canonical":"https:\/\/paracherkaoui.ma\/index.php\/produit\/revitalash-revitabrow-advanced-soin-sourcils-3ml\/","og_locale":"fr_FR","og_type":"article","og_title":"REVITALASH REVITABROW ADVANCED SOIN SOURCILS 3ML - Paracherkaoui.ma","og_description":"REVITABROW Advanced Les sourcils paraissent plus fournis et nourris 3ml A l&rsquo;aide de RevitaBrow\u00ae Advanced obtenez facilement et rapidement des","og_url":"https:\/\/paracherkaoui.ma\/index.php\/produit\/revitalash-revitabrow-advanced-soin-sourcils-3ml\/","og_site_name":"Paracherkaoui.ma","article_modified_time":"2025-12-12T18:06:51+00:00","og_image":[{"width":700,"height":700,"url":"https:\/\/paracherkaoui.ma\/wp-content\/uploads\/2025\/12\/revitalash-revitalash-revitabrow-advanced-soin-sourcils-3ml-yeux.jpg","type":"image\/jpeg"}],"twitter_card":"summary_large_image","twitter_misc":{"Dur\u00e9e de lecture estim\u00e9e":"1 minute"},"schema":{"@context":"https:\/\/schema.org","@graph":[{"@type":"WebPage","@id":"https:\/\/paracherkaoui.ma\/index.php\/produit\/revitalash-revitabrow-advanced-soin-sourcils-3ml\/","url":"https:\/\/paracherkaoui.ma\/index.php\/produit\/revitalash-revitabrow-advanced-soin-sourcils-3ml\/","name":"REVITALASH REVITABROW ADVANCED SOIN SOURCILS 3ML - Paracherkaoui.ma","isPartOf":{"@id":"https:\/\/paracherkaoui.ma\/#website"},"primaryImageOfPage":{"@id":"https:\/\/paracherkaoui.ma\/index.php\/produit\/revitalash-revitabrow-advanced-soin-sourcils-3ml\/#primaryimage"},"image":{"@id":"https:\/\/paracherkaoui.ma\/index.php\/produit\/revitalash-revitabrow-advanced-soin-sourcils-3ml\/#primaryimage"},"thumbnailUrl":"https:\/\/paracherkaoui.ma\/wp-content\/uploads\/2025\/12\/revitalash-revitalash-revitabrow-advanced-soin-sourcils-3ml-yeux.jpg","datePublished":"2025-12-12T18:06:46+00:00","dateModified":"2025-12-12T18:06:51+00:00","breadcrumb":{"@id":"https:\/\/paracherkaoui.ma\/index.php\/produit\/revitalash-revitabrow-advanced-soin-sourcils-3ml\/#breadcrumb"},"inLanguage":"fr-FR","potentialAction":[{"@type":"ReadAction","target":["https:\/\/paracherkaoui.ma\/index.php\/produit\/revitalash-revitabrow-advanced-soin-sourcils-3ml\/"]}]},{"@type":"ImageObject","inLanguage":"fr-FR","@id":"https:\/\/paracherkaoui.ma\/index.php\/produit\/revitalash-revitabrow-advanced-soin-sourcils-3ml\/#primaryimage","url":"https:\/\/paracherkaoui.ma\/wp-content\/uploads\/2025\/12\/revitalash-revitalash-revitabrow-advanced-soin-sourcils-3ml-yeux.jpg","contentUrl":"https:\/\/paracherkaoui.ma\/wp-content\/uploads\/2025\/12\/revitalash-revitalash-revitabrow-advanced-soin-sourcils-3ml-yeux.jpg","width":700,"height":700},{"@type":"BreadcrumbList","@id":"https:\/\/paracherkaoui.ma\/index.php\/produit\/revitalash-revitabrow-advanced-soin-sourcils-3ml\/#breadcrumb","itemListElement":[{"@type":"ListItem","position":1,"name":"Accueil","item":"https:\/\/paracherkaoui.ma\/"},{"@type":"ListItem","position":2,"name":"Boutique","item":"https:\/\/paracherkaoui.ma\/index.php\/boutique\/"},{"@type":"ListItem","position":3,"name":"REVITALASH REVITABROW ADVANCED SOIN SOURCILS 3ML"}]},{"@type":"WebSite","@id":"https:\/\/paracherkaoui.ma\/#website","url":"https:\/\/paracherkaoui.ma\/","name":"Paracherkaoui.ma","description":"Achetez en ligne sur Paracherkaoui.ma","potentialAction":[{"@type":"SearchAction","target":{"@type":"EntryPoint","urlTemplate":"https:\/\/paracherkaoui.ma\/?s={search_term_string}"},"query-input":{"@type":"PropertyValueSpecification","valueRequired":true,"valueName":"search_term_string"}}],"inLanguage":"fr-FR"}]}},"_links":{"self":[{"href":"https:\/\/paracherkaoui.ma\/index.php\/wp-json\/wp\/v2\/product\/41450","targetHints":{"allow":["GET"]}}],"collection":[{"href":"https:\/\/paracherkaoui.ma\/index.php\/wp-json\/wp\/v2\/product"}],"about":[{"href":"https:\/\/paracherkaoui.ma\/index.php\/wp-json\/wp\/v2\/types\/product"}],"replies":[{"embeddable":true,"href":"https:\/\/paracherkaoui.ma\/index.php\/wp-json\/wp\/v2\/comments?post=41450"}],"version-history":[{"count":1,"href":"https:\/\/paracherkaoui.ma\/index.php\/wp-json\/wp\/v2\/product\/41450\/revisions"}],"predecessor-version":[{"id":41502,"href":"https:\/\/paracherkaoui.ma\/index.php\/wp-json\/wp\/v2\/product\/41450\/revisions\/41502"}],"wp:featuredmedia":[{"embeddable":true,"href":"https:\/\/paracherkaoui.ma\/index.php\/wp-json\/wp\/v2\/media\/41501"}],"wp:attachment":[{"href":"https:\/\/paracherkaoui.ma\/index.php\/wp-json\/wp\/v2\/media?parent=41450"}],"wp:term":[{"taxonomy":"product_brand","embeddable":true,"href":"https:\/\/paracherkaoui.ma\/index.php\/wp-json\/wp\/v2\/product_brand?post=41450"},{"taxonomy":"product_cat","embeddable":true,"href":"https:\/\/paracherkaoui.ma\/index.php\/wp-json\/wp\/v2\/product_cat?post=41450"},{"taxonomy":"product_tag","embeddable":true,"href":"https:\/\/paracherkaoui.ma\/index.php\/wp-json\/wp\/v2\/product_tag?post=41450"}],"curies":[{"name":"wp","href":"https:\/\/api.w.org\/{rel}","templated":true}]}}