{"id":41120,"date":"2025-12-12T19:06:03","date_gmt":"2025-12-12T18:06:03","guid":{"rendered":"https:\/\/test.ecbeaute.com\/?post_type=product&#038;p=41120"},"modified":"2025-12-12T19:06:06","modified_gmt":"2025-12-12T18:06:06","slug":"acm-novophane-creme-des-ongles-15-ml-3","status":"publish","type":"product","link":"https:\/\/paracherkaoui.ma\/index.php\/produit\/acm-novophane-creme-des-ongles-15-ml-3\/","title":{"rendered":"ACM NOVOPHANE CREME DES ONGLES 15 ML"},"content":{"rendered":"<p>Destin\u00e9e aux ongles secs, cassants et irr\u00e9guliers, la cr\u00e8me des ongles CBPhane permet de nourrir et d\u2019hydrater l\u2019ongle. Sa richesse en actifs sp\u00e9cifiques permet de restaurer la souplesse et l\u2019hydratation naturelle de l\u2019ongle.<\/p>\n<p>Conseils d\u2019utilisation<\/p>\n<p>Appliquer quotidiennement la cr\u00e8me nourrissante sur l\u2019ongle et son pourtour en massant l\u00e9g\u00e8rement. Peut s\u2019appliquer sur le vernis \u00e0 ongles.<\/p>\n","protected":false},"excerpt":{"rendered":"<p>Destin\u00e9e aux ongles secs, cassants et irr\u00e9guliers, la cr\u00e8me des ongles CBPhane permet de nourrir et d\u2019hydrater l\u2019ongle. Sa richesse<\/p>\n","protected":false},"featured_media":14511,"comment_status":"open","ping_status":"closed","template":"","meta":[],"product_brand":[142],"product_cat":[705],"product_tag":[],"class_list":{"0":"post-41120","1":"product","2":"type-product","3":"status-publish","4":"has-post-thumbnail","6":"product_brand-acm","7":"product_cat-ongles","9":"first","10":"instock","11":"sale","12":"shipping-taxable","13":"purchasable","14":"product-type-simple"},"yoast_head":"<!-- This site is optimized with the Yoast SEO plugin v26.6 - https:\/\/yoast.com\/wordpress\/plugins\/seo\/ -->\r\n<title>ACM NOVOPHANE CREME DES ONGLES 15 ML - Paracherkaoui.ma<\/title>\r\n<meta name=\"robots\" content=\"index, follow, max-snippet:-1, max-image-preview:large, max-video-preview:-1\" \/>\r\n<link rel=\"canonical\" href=\"https:\/\/paracherkaoui.ma\/index.php\/produit\/acm-novophane-creme-des-ongles-15-ml-3\/\" \/>\r\n<meta property=\"og:locale\" content=\"fr_FR\" \/>\r\n<meta property=\"og:type\" content=\"article\" \/>\r\n<meta property=\"og:title\" content=\"ACM NOVOPHANE CREME DES ONGLES 15 ML - Paracherkaoui.ma\" \/>\r\n<meta property=\"og:description\" content=\"Destin\u00e9e aux ongles secs, cassants et irr\u00e9guliers, la cr\u00e8me des ongles CBPhane permet de nourrir et d\u2019hydrater l\u2019ongle. Sa richesse\" \/>\r\n<meta property=\"og:url\" content=\"https:\/\/paracherkaoui.ma\/index.php\/produit\/acm-novophane-creme-des-ongles-15-ml-3\/\" \/>\r\n<meta property=\"og:site_name\" content=\"Paracherkaoui.ma\" \/>\r\n<meta property=\"article:modified_time\" content=\"2025-12-12T18:06:06+00:00\" \/>\r\n<meta property=\"og:image\" content=\"https:\/\/paracherkaoui.ma\/wp-content\/uploads\/2025\/12\/acm-acm-novophane-creme-des-ongles-15-ml-ongles.jpg\" \/>\r\n\t<meta property=\"og:image:width\" content=\"700\" \/>\r\n\t<meta property=\"og:image:height\" content=\"700\" \/>\r\n\t<meta property=\"og:image:type\" content=\"image\/jpeg\" \/>\r\n<meta name=\"twitter:card\" content=\"summary_large_image\" \/>\r\n<script type=\"application\/ld+json\" class=\"yoast-schema-graph\">{\"@context\":\"https:\/\/schema.org\",\"@graph\":[{\"@type\":\"WebPage\",\"@id\":\"https:\/\/paracherkaoui.ma\/index.php\/produit\/acm-novophane-creme-des-ongles-15-ml-3\/\",\"url\":\"https:\/\/paracherkaoui.ma\/index.php\/produit\/acm-novophane-creme-des-ongles-15-ml-3\/\",\"name\":\"ACM NOVOPHANE CREME DES ONGLES 15 ML - Paracherkaoui.ma\",\"isPartOf\":{\"@id\":\"https:\/\/paracherkaoui.ma\/#website\"},\"primaryImageOfPage\":{\"@id\":\"https:\/\/paracherkaoui.ma\/index.php\/produit\/acm-novophane-creme-des-ongles-15-ml-3\/#primaryimage\"},\"image\":{\"@id\":\"https:\/\/paracherkaoui.ma\/index.php\/produit\/acm-novophane-creme-des-ongles-15-ml-3\/#primaryimage\"},\"thumbnailUrl\":\"https:\/\/paracherkaoui.ma\/wp-content\/uploads\/2025\/12\/acm-acm-novophane-creme-des-ongles-15-ml-ongles.jpg\",\"datePublished\":\"2025-12-12T18:06:03+00:00\",\"dateModified\":\"2025-12-12T18:06:06+00:00\",\"breadcrumb\":{\"@id\":\"https:\/\/paracherkaoui.ma\/index.php\/produit\/acm-novophane-creme-des-ongles-15-ml-3\/#breadcrumb\"},\"inLanguage\":\"fr-FR\",\"potentialAction\":[{\"@type\":\"ReadAction\",\"target\":[\"https:\/\/paracherkaoui.ma\/index.php\/produit\/acm-novophane-creme-des-ongles-15-ml-3\/\"]}]},{\"@type\":\"ImageObject\",\"inLanguage\":\"fr-FR\",\"@id\":\"https:\/\/paracherkaoui.ma\/index.php\/produit\/acm-novophane-creme-des-ongles-15-ml-3\/#primaryimage\",\"url\":\"https:\/\/paracherkaoui.ma\/wp-content\/uploads\/2025\/12\/acm-acm-novophane-creme-des-ongles-15-ml-ongles.jpg\",\"contentUrl\":\"https:\/\/paracherkaoui.ma\/wp-content\/uploads\/2025\/12\/acm-acm-novophane-creme-des-ongles-15-ml-ongles.jpg\",\"width\":700,\"height\":700},{\"@type\":\"BreadcrumbList\",\"@id\":\"https:\/\/paracherkaoui.ma\/index.php\/produit\/acm-novophane-creme-des-ongles-15-ml-3\/#breadcrumb\",\"itemListElement\":[{\"@type\":\"ListItem\",\"position\":1,\"name\":\"Accueil\",\"item\":\"https:\/\/paracherkaoui.ma\/\"},{\"@type\":\"ListItem\",\"position\":2,\"name\":\"Boutique\",\"item\":\"https:\/\/paracherkaoui.ma\/index.php\/boutique\/\"},{\"@type\":\"ListItem\",\"position\":3,\"name\":\"ACM NOVOPHANE CREME DES ONGLES 15 ML\"}]},{\"@type\":\"WebSite\",\"@id\":\"https:\/\/paracherkaoui.ma\/#website\",\"url\":\"https:\/\/paracherkaoui.ma\/\",\"name\":\"Paracherkaoui.ma\",\"description\":\"Achetez en ligne sur Paracherkaoui.ma\",\"potentialAction\":[{\"@type\":\"SearchAction\",\"target\":{\"@type\":\"EntryPoint\",\"urlTemplate\":\"https:\/\/paracherkaoui.ma\/?s={search_term_string}\"},\"query-input\":{\"@type\":\"PropertyValueSpecification\",\"valueRequired\":true,\"valueName\":\"search_term_string\"}}],\"inLanguage\":\"fr-FR\"}]}<\/script>\r\n<!-- \/ Yoast SEO plugin. -->","yoast_head_json":{"title":"ACM NOVOPHANE CREME DES ONGLES 15 ML - Paracherkaoui.ma","robots":{"index":"index","follow":"follow","max-snippet":"max-snippet:-1","max-image-preview":"max-image-preview:large","max-video-preview":"max-video-preview:-1"},"canonical":"https:\/\/paracherkaoui.ma\/index.php\/produit\/acm-novophane-creme-des-ongles-15-ml-3\/","og_locale":"fr_FR","og_type":"article","og_title":"ACM NOVOPHANE CREME DES ONGLES 15 ML - Paracherkaoui.ma","og_description":"Destin\u00e9e aux ongles secs, cassants et irr\u00e9guliers, la cr\u00e8me des ongles CBPhane permet de nourrir et d\u2019hydrater l\u2019ongle. Sa richesse","og_url":"https:\/\/paracherkaoui.ma\/index.php\/produit\/acm-novophane-creme-des-ongles-15-ml-3\/","og_site_name":"Paracherkaoui.ma","article_modified_time":"2025-12-12T18:06:06+00:00","og_image":[{"width":700,"height":700,"url":"https:\/\/paracherkaoui.ma\/wp-content\/uploads\/2025\/12\/acm-acm-novophane-creme-des-ongles-15-ml-ongles.jpg","type":"image\/jpeg"}],"twitter_card":"summary_large_image","schema":{"@context":"https:\/\/schema.org","@graph":[{"@type":"WebPage","@id":"https:\/\/paracherkaoui.ma\/index.php\/produit\/acm-novophane-creme-des-ongles-15-ml-3\/","url":"https:\/\/paracherkaoui.ma\/index.php\/produit\/acm-novophane-creme-des-ongles-15-ml-3\/","name":"ACM NOVOPHANE CREME DES ONGLES 15 ML - Paracherkaoui.ma","isPartOf":{"@id":"https:\/\/paracherkaoui.ma\/#website"},"primaryImageOfPage":{"@id":"https:\/\/paracherkaoui.ma\/index.php\/produit\/acm-novophane-creme-des-ongles-15-ml-3\/#primaryimage"},"image":{"@id":"https:\/\/paracherkaoui.ma\/index.php\/produit\/acm-novophane-creme-des-ongles-15-ml-3\/#primaryimage"},"thumbnailUrl":"https:\/\/paracherkaoui.ma\/wp-content\/uploads\/2025\/12\/acm-acm-novophane-creme-des-ongles-15-ml-ongles.jpg","datePublished":"2025-12-12T18:06:03+00:00","dateModified":"2025-12-12T18:06:06+00:00","breadcrumb":{"@id":"https:\/\/paracherkaoui.ma\/index.php\/produit\/acm-novophane-creme-des-ongles-15-ml-3\/#breadcrumb"},"inLanguage":"fr-FR","potentialAction":[{"@type":"ReadAction","target":["https:\/\/paracherkaoui.ma\/index.php\/produit\/acm-novophane-creme-des-ongles-15-ml-3\/"]}]},{"@type":"ImageObject","inLanguage":"fr-FR","@id":"https:\/\/paracherkaoui.ma\/index.php\/produit\/acm-novophane-creme-des-ongles-15-ml-3\/#primaryimage","url":"https:\/\/paracherkaoui.ma\/wp-content\/uploads\/2025\/12\/acm-acm-novophane-creme-des-ongles-15-ml-ongles.jpg","contentUrl":"https:\/\/paracherkaoui.ma\/wp-content\/uploads\/2025\/12\/acm-acm-novophane-creme-des-ongles-15-ml-ongles.jpg","width":700,"height":700},{"@type":"BreadcrumbList","@id":"https:\/\/paracherkaoui.ma\/index.php\/produit\/acm-novophane-creme-des-ongles-15-ml-3\/#breadcrumb","itemListElement":[{"@type":"ListItem","position":1,"name":"Accueil","item":"https:\/\/paracherkaoui.ma\/"},{"@type":"ListItem","position":2,"name":"Boutique","item":"https:\/\/paracherkaoui.ma\/index.php\/boutique\/"},{"@type":"ListItem","position":3,"name":"ACM NOVOPHANE CREME DES ONGLES 15 ML"}]},{"@type":"WebSite","@id":"https:\/\/paracherkaoui.ma\/#website","url":"https:\/\/paracherkaoui.ma\/","name":"Paracherkaoui.ma","description":"Achetez en ligne sur Paracherkaoui.ma","potentialAction":[{"@type":"SearchAction","target":{"@type":"EntryPoint","urlTemplate":"https:\/\/paracherkaoui.ma\/?s={search_term_string}"},"query-input":{"@type":"PropertyValueSpecification","valueRequired":true,"valueName":"search_term_string"}}],"inLanguage":"fr-FR"}]}},"_links":{"self":[{"href":"https:\/\/paracherkaoui.ma\/index.php\/wp-json\/wp\/v2\/product\/41120","targetHints":{"allow":["GET"]}}],"collection":[{"href":"https:\/\/paracherkaoui.ma\/index.php\/wp-json\/wp\/v2\/product"}],"about":[{"href":"https:\/\/paracherkaoui.ma\/index.php\/wp-json\/wp\/v2\/types\/product"}],"replies":[{"embeddable":true,"href":"https:\/\/paracherkaoui.ma\/index.php\/wp-json\/wp\/v2\/comments?post=41120"}],"version-history":[{"count":1,"href":"https:\/\/paracherkaoui.ma\/index.php\/wp-json\/wp\/v2\/product\/41120\/revisions"}],"predecessor-version":[{"id":41151,"href":"https:\/\/paracherkaoui.ma\/index.php\/wp-json\/wp\/v2\/product\/41120\/revisions\/41151"}],"wp:featuredmedia":[{"embeddable":true,"href":"https:\/\/paracherkaoui.ma\/index.php\/wp-json\/wp\/v2\/media\/14511"}],"wp:attachment":[{"href":"https:\/\/paracherkaoui.ma\/index.php\/wp-json\/wp\/v2\/media?parent=41120"}],"wp:term":[{"taxonomy":"product_brand","embeddable":true,"href":"https:\/\/paracherkaoui.ma\/index.php\/wp-json\/wp\/v2\/product_brand?post=41120"},{"taxonomy":"product_cat","embeddable":true,"href":"https:\/\/paracherkaoui.ma\/index.php\/wp-json\/wp\/v2\/product_cat?post=41120"},{"taxonomy":"product_tag","embeddable":true,"href":"https:\/\/paracherkaoui.ma\/index.php\/wp-json\/wp\/v2\/product_tag?post=41120"}],"curies":[{"name":"wp","href":"https:\/\/api.w.org\/{rel}","templated":true}]}}