{"id":41073,"date":"2025-12-12T19:05:59","date_gmt":"2025-12-12T18:05:59","guid":{"rendered":"https:\/\/test.ecbeaute.com\/?post_type=product&#038;p=41073"},"modified":"2025-12-12T19:06:02","modified_gmt":"2025-12-12T18:06:02","slug":"eptaderm-epta-pso-ongles-12ml-2","status":"publish","type":"product","link":"https:\/\/paracherkaoui.ma\/index.php\/produit\/eptaderm-epta-pso-ongles-12ml-2\/","title":{"rendered":"EPTADERM EPTA PSO ONGLES 12ML"},"content":{"rendered":"<p>DESCIPTIF:<br \/>\nEptaderm epta pso ongles est une solution avec une action r\u00e9g\u00e9n\u00e9rante et restructurante \u00e9tudi\u00e9e pour la r\u00e9gularisation des anomalies ungu\u00e9ales. Sa formule compl\u00e8te est riche de principes actifs qui agissent sur les diverses manifestations d\u00e9sagr\u00e9ables des ongles et contr\u00f4lent leur r\u00e9apparition.<\/p>\n<p>Mode d\u2019emploi:<br \/>\nAppliquer EPTA PSO ONGLES sur l\u2019ongle et sur toute la surface p\u00e9ri-ungu\u00e9ale 1 fois par jour, de pr\u00e9f\u00e9rence le soir. C\u2019est tr\u00e8s important de nettoyer soigneusement la surface \u00e0 traiter avant l\u2019application, pour une parfaite fonctionnalit\u00e9 du traitement. On s\u00e8che rapidement. Lorsqu\u2019il est n\u00e9cessaire, r\u00e9duire les \u00e9paississements de l\u2019ongle avec EPTA PSO 50 PLUS avant de proc\u00e9der \u00e0 l\u2019application de EPTA PSO ONGLES. En cas de contact avec les yeux rincer \u00e0 l\u2019eau.<\/p>\n","protected":false},"excerpt":{"rendered":"<p>DESCIPTIF: Eptaderm epta pso ongles est une solution avec une action r\u00e9g\u00e9n\u00e9rante et restructurante \u00e9tudi\u00e9e pour la r\u00e9gularisation des anomalies<\/p>\n","protected":false},"featured_media":32924,"comment_status":"open","ping_status":"closed","template":"","meta":[],"product_brand":[243],"product_cat":[705],"product_tag":[],"class_list":{"0":"post-41073","1":"product","2":"type-product","3":"status-publish","4":"has-post-thumbnail","6":"product_brand-eptaderm","7":"product_cat-ongles","9":"first","10":"instock","11":"sale","12":"shipping-taxable","13":"purchasable","14":"product-type-simple"},"yoast_head":"<!-- This site is optimized with the Yoast SEO plugin v26.6 - https:\/\/yoast.com\/wordpress\/plugins\/seo\/ -->\r\n<title>EPTADERM EPTA PSO ONGLES 12ML - Paracherkaoui.ma<\/title>\r\n<meta name=\"robots\" content=\"index, follow, max-snippet:-1, max-image-preview:large, max-video-preview:-1\" \/>\r\n<link rel=\"canonical\" href=\"https:\/\/paracherkaoui.ma\/index.php\/produit\/eptaderm-epta-pso-ongles-12ml-2\/\" \/>\r\n<meta property=\"og:locale\" content=\"fr_FR\" \/>\r\n<meta property=\"og:type\" content=\"article\" \/>\r\n<meta property=\"og:title\" content=\"EPTADERM EPTA PSO ONGLES 12ML - Paracherkaoui.ma\" \/>\r\n<meta property=\"og:description\" content=\"DESCIPTIF: Eptaderm epta pso ongles est une solution avec une action r\u00e9g\u00e9n\u00e9rante et restructurante \u00e9tudi\u00e9e pour la r\u00e9gularisation des anomalies\" \/>\r\n<meta property=\"og:url\" content=\"https:\/\/paracherkaoui.ma\/index.php\/produit\/eptaderm-epta-pso-ongles-12ml-2\/\" \/>\r\n<meta property=\"og:site_name\" content=\"Paracherkaoui.ma\" \/>\r\n<meta property=\"article:modified_time\" content=\"2025-12-12T18:06:02+00:00\" \/>\r\n<meta property=\"og:image\" content=\"https:\/\/paracherkaoui.ma\/wp-content\/uploads\/2025\/12\/eptaderm-eptaderm-epta-pso-ongles-12ml-ongles.jpg\" \/>\r\n\t<meta property=\"og:image:width\" content=\"700\" \/>\r\n\t<meta property=\"og:image:height\" content=\"700\" \/>\r\n\t<meta property=\"og:image:type\" content=\"image\/jpeg\" \/>\r\n<meta name=\"twitter:card\" content=\"summary_large_image\" \/>\r\n<meta name=\"twitter:label1\" content=\"Dur\u00e9e de lecture estim\u00e9e\" \/>\n\t<meta name=\"twitter:data1\" content=\"1 minute\" \/>\r\n<script type=\"application\/ld+json\" class=\"yoast-schema-graph\">{\"@context\":\"https:\/\/schema.org\",\"@graph\":[{\"@type\":\"WebPage\",\"@id\":\"https:\/\/paracherkaoui.ma\/index.php\/produit\/eptaderm-epta-pso-ongles-12ml-2\/\",\"url\":\"https:\/\/paracherkaoui.ma\/index.php\/produit\/eptaderm-epta-pso-ongles-12ml-2\/\",\"name\":\"EPTADERM EPTA PSO ONGLES 12ML - Paracherkaoui.ma\",\"isPartOf\":{\"@id\":\"https:\/\/paracherkaoui.ma\/#website\"},\"primaryImageOfPage\":{\"@id\":\"https:\/\/paracherkaoui.ma\/index.php\/produit\/eptaderm-epta-pso-ongles-12ml-2\/#primaryimage\"},\"image\":{\"@id\":\"https:\/\/paracherkaoui.ma\/index.php\/produit\/eptaderm-epta-pso-ongles-12ml-2\/#primaryimage\"},\"thumbnailUrl\":\"https:\/\/paracherkaoui.ma\/wp-content\/uploads\/2025\/12\/eptaderm-eptaderm-epta-pso-ongles-12ml-ongles.jpg\",\"datePublished\":\"2025-12-12T18:05:59+00:00\",\"dateModified\":\"2025-12-12T18:06:02+00:00\",\"breadcrumb\":{\"@id\":\"https:\/\/paracherkaoui.ma\/index.php\/produit\/eptaderm-epta-pso-ongles-12ml-2\/#breadcrumb\"},\"inLanguage\":\"fr-FR\",\"potentialAction\":[{\"@type\":\"ReadAction\",\"target\":[\"https:\/\/paracherkaoui.ma\/index.php\/produit\/eptaderm-epta-pso-ongles-12ml-2\/\"]}]},{\"@type\":\"ImageObject\",\"inLanguage\":\"fr-FR\",\"@id\":\"https:\/\/paracherkaoui.ma\/index.php\/produit\/eptaderm-epta-pso-ongles-12ml-2\/#primaryimage\",\"url\":\"https:\/\/paracherkaoui.ma\/wp-content\/uploads\/2025\/12\/eptaderm-eptaderm-epta-pso-ongles-12ml-ongles.jpg\",\"contentUrl\":\"https:\/\/paracherkaoui.ma\/wp-content\/uploads\/2025\/12\/eptaderm-eptaderm-epta-pso-ongles-12ml-ongles.jpg\",\"width\":700,\"height\":700},{\"@type\":\"BreadcrumbList\",\"@id\":\"https:\/\/paracherkaoui.ma\/index.php\/produit\/eptaderm-epta-pso-ongles-12ml-2\/#breadcrumb\",\"itemListElement\":[{\"@type\":\"ListItem\",\"position\":1,\"name\":\"Accueil\",\"item\":\"https:\/\/paracherkaoui.ma\/\"},{\"@type\":\"ListItem\",\"position\":2,\"name\":\"Boutique\",\"item\":\"https:\/\/paracherkaoui.ma\/index.php\/boutique\/\"},{\"@type\":\"ListItem\",\"position\":3,\"name\":\"EPTADERM EPTA PSO ONGLES 12ML\"}]},{\"@type\":\"WebSite\",\"@id\":\"https:\/\/paracherkaoui.ma\/#website\",\"url\":\"https:\/\/paracherkaoui.ma\/\",\"name\":\"Paracherkaoui.ma\",\"description\":\"Achetez en ligne sur Paracherkaoui.ma\",\"potentialAction\":[{\"@type\":\"SearchAction\",\"target\":{\"@type\":\"EntryPoint\",\"urlTemplate\":\"https:\/\/paracherkaoui.ma\/?s={search_term_string}\"},\"query-input\":{\"@type\":\"PropertyValueSpecification\",\"valueRequired\":true,\"valueName\":\"search_term_string\"}}],\"inLanguage\":\"fr-FR\"}]}<\/script>\r\n<!-- \/ Yoast SEO plugin. -->","yoast_head_json":{"title":"EPTADERM EPTA PSO ONGLES 12ML - Paracherkaoui.ma","robots":{"index":"index","follow":"follow","max-snippet":"max-snippet:-1","max-image-preview":"max-image-preview:large","max-video-preview":"max-video-preview:-1"},"canonical":"https:\/\/paracherkaoui.ma\/index.php\/produit\/eptaderm-epta-pso-ongles-12ml-2\/","og_locale":"fr_FR","og_type":"article","og_title":"EPTADERM EPTA PSO ONGLES 12ML - Paracherkaoui.ma","og_description":"DESCIPTIF: Eptaderm epta pso ongles est une solution avec une action r\u00e9g\u00e9n\u00e9rante et restructurante \u00e9tudi\u00e9e pour la r\u00e9gularisation des anomalies","og_url":"https:\/\/paracherkaoui.ma\/index.php\/produit\/eptaderm-epta-pso-ongles-12ml-2\/","og_site_name":"Paracherkaoui.ma","article_modified_time":"2025-12-12T18:06:02+00:00","og_image":[{"width":700,"height":700,"url":"https:\/\/paracherkaoui.ma\/wp-content\/uploads\/2025\/12\/eptaderm-eptaderm-epta-pso-ongles-12ml-ongles.jpg","type":"image\/jpeg"}],"twitter_card":"summary_large_image","twitter_misc":{"Dur\u00e9e de lecture estim\u00e9e":"1 minute"},"schema":{"@context":"https:\/\/schema.org","@graph":[{"@type":"WebPage","@id":"https:\/\/paracherkaoui.ma\/index.php\/produit\/eptaderm-epta-pso-ongles-12ml-2\/","url":"https:\/\/paracherkaoui.ma\/index.php\/produit\/eptaderm-epta-pso-ongles-12ml-2\/","name":"EPTADERM EPTA PSO ONGLES 12ML - Paracherkaoui.ma","isPartOf":{"@id":"https:\/\/paracherkaoui.ma\/#website"},"primaryImageOfPage":{"@id":"https:\/\/paracherkaoui.ma\/index.php\/produit\/eptaderm-epta-pso-ongles-12ml-2\/#primaryimage"},"image":{"@id":"https:\/\/paracherkaoui.ma\/index.php\/produit\/eptaderm-epta-pso-ongles-12ml-2\/#primaryimage"},"thumbnailUrl":"https:\/\/paracherkaoui.ma\/wp-content\/uploads\/2025\/12\/eptaderm-eptaderm-epta-pso-ongles-12ml-ongles.jpg","datePublished":"2025-12-12T18:05:59+00:00","dateModified":"2025-12-12T18:06:02+00:00","breadcrumb":{"@id":"https:\/\/paracherkaoui.ma\/index.php\/produit\/eptaderm-epta-pso-ongles-12ml-2\/#breadcrumb"},"inLanguage":"fr-FR","potentialAction":[{"@type":"ReadAction","target":["https:\/\/paracherkaoui.ma\/index.php\/produit\/eptaderm-epta-pso-ongles-12ml-2\/"]}]},{"@type":"ImageObject","inLanguage":"fr-FR","@id":"https:\/\/paracherkaoui.ma\/index.php\/produit\/eptaderm-epta-pso-ongles-12ml-2\/#primaryimage","url":"https:\/\/paracherkaoui.ma\/wp-content\/uploads\/2025\/12\/eptaderm-eptaderm-epta-pso-ongles-12ml-ongles.jpg","contentUrl":"https:\/\/paracherkaoui.ma\/wp-content\/uploads\/2025\/12\/eptaderm-eptaderm-epta-pso-ongles-12ml-ongles.jpg","width":700,"height":700},{"@type":"BreadcrumbList","@id":"https:\/\/paracherkaoui.ma\/index.php\/produit\/eptaderm-epta-pso-ongles-12ml-2\/#breadcrumb","itemListElement":[{"@type":"ListItem","position":1,"name":"Accueil","item":"https:\/\/paracherkaoui.ma\/"},{"@type":"ListItem","position":2,"name":"Boutique","item":"https:\/\/paracherkaoui.ma\/index.php\/boutique\/"},{"@type":"ListItem","position":3,"name":"EPTADERM EPTA PSO ONGLES 12ML"}]},{"@type":"WebSite","@id":"https:\/\/paracherkaoui.ma\/#website","url":"https:\/\/paracherkaoui.ma\/","name":"Paracherkaoui.ma","description":"Achetez en ligne sur Paracherkaoui.ma","potentialAction":[{"@type":"SearchAction","target":{"@type":"EntryPoint","urlTemplate":"https:\/\/paracherkaoui.ma\/?s={search_term_string}"},"query-input":{"@type":"PropertyValueSpecification","valueRequired":true,"valueName":"search_term_string"}}],"inLanguage":"fr-FR"}]}},"_links":{"self":[{"href":"https:\/\/paracherkaoui.ma\/index.php\/wp-json\/wp\/v2\/product\/41073","targetHints":{"allow":["GET"]}}],"collection":[{"href":"https:\/\/paracherkaoui.ma\/index.php\/wp-json\/wp\/v2\/product"}],"about":[{"href":"https:\/\/paracherkaoui.ma\/index.php\/wp-json\/wp\/v2\/types\/product"}],"replies":[{"embeddable":true,"href":"https:\/\/paracherkaoui.ma\/index.php\/wp-json\/wp\/v2\/comments?post=41073"}],"version-history":[{"count":1,"href":"https:\/\/paracherkaoui.ma\/index.php\/wp-json\/wp\/v2\/product\/41073\/revisions"}],"predecessor-version":[{"id":41109,"href":"https:\/\/paracherkaoui.ma\/index.php\/wp-json\/wp\/v2\/product\/41073\/revisions\/41109"}],"wp:featuredmedia":[{"embeddable":true,"href":"https:\/\/paracherkaoui.ma\/index.php\/wp-json\/wp\/v2\/media\/32924"}],"wp:attachment":[{"href":"https:\/\/paracherkaoui.ma\/index.php\/wp-json\/wp\/v2\/media?parent=41073"}],"wp:term":[{"taxonomy":"product_brand","embeddable":true,"href":"https:\/\/paracherkaoui.ma\/index.php\/wp-json\/wp\/v2\/product_brand?post=41073"},{"taxonomy":"product_cat","embeddable":true,"href":"https:\/\/paracherkaoui.ma\/index.php\/wp-json\/wp\/v2\/product_cat?post=41073"},{"taxonomy":"product_tag","embeddable":true,"href":"https:\/\/paracherkaoui.ma\/index.php\/wp-json\/wp\/v2\/product_tag?post=41073"}],"curies":[{"name":"wp","href":"https:\/\/api.w.org\/{rel}","templated":true}]}}