{"id":41069,"date":"2025-12-12T19:05:58","date_gmt":"2025-12-12T18:05:58","guid":{"rendered":"https:\/\/test.ecbeaute.com\/?post_type=product&#038;p=41069"},"modified":"2025-12-12T19:06:02","modified_gmt":"2025-12-12T18:06:02","slug":"formes-et-flammes-pince-a-ongles-manicures-10-cm-ref-28-2","status":"publish","type":"product","link":"https:\/\/paracherkaoui.ma\/index.php\/produit\/formes-et-flammes-pince-a-ongles-manicures-10-cm-ref-28-2\/","title":{"rendered":"FORMES ET FLAMMES PINCE A ONGLES MANICURES 10 CM REF 28"},"content":{"rendered":"<p>Description :<br \/>\nFormes et Flammes pince \u00e0 ongles est un soin manucure. La Pince \u00e0 ongles manucure poss\u00e8de un bec coupant, pointu et courb\u00e9 qui respecte la forme de l&rsquo;ongle et assure une coupe nette et pr\u00e9cise. Il est en acier inoxydable poli leur procurant ainsi une solidit\u00e9 importante \u00e0 l&rsquo;usage et au temps.<br \/>\nLa Pince \u00e0 ongles manucure Formes et Flammes mesure 10 cm la rendant facile \u00e0 utiliser et ergonomique. La coutellerie Formes et Flammes \u00e9labore depuis plus de 30 ans des articles pour les soins du visage, de manucure et de p\u00e9dicure. La coutellerie Formes et Flammes garantie une qualit\u00e9 de solidit\u00e9 et de pr\u00e9cision sur l&rsquo;ensemble de ses produits. Tous les produits Formes et Flammes sont satisfaits ou rembours\u00e9s.<\/p>\n<p>Compositions :<br \/>\nPince \u00e0 ongles manucure acier inoxydable 10 cm.<\/p>\n","protected":false},"excerpt":{"rendered":"<p>Description : Formes et Flammes pince \u00e0 ongles est un soin manucure. La Pince \u00e0 ongles manucure poss\u00e8de un bec<\/p>\n","protected":false},"featured_media":32789,"comment_status":"open","ping_status":"closed","template":"","meta":[],"product_brand":[465],"product_cat":[705],"product_tag":[],"class_list":{"0":"post-41069","1":"product","2":"type-product","3":"status-publish","4":"has-post-thumbnail","6":"product_brand-formes-et-flammes","7":"product_cat-ongles","9":"first","10":"instock","11":"sale","12":"shipping-taxable","13":"purchasable","14":"product-type-simple"},"yoast_head":"<!-- This site is optimized with the Yoast SEO plugin v26.6 - https:\/\/yoast.com\/wordpress\/plugins\/seo\/ -->\r\n<title>FORMES ET FLAMMES PINCE A ONGLES MANICURES 10 CM REF 28 - Paracherkaoui.ma<\/title>\r\n<meta name=\"robots\" content=\"index, follow, max-snippet:-1, max-image-preview:large, max-video-preview:-1\" \/>\r\n<link rel=\"canonical\" href=\"https:\/\/paracherkaoui.ma\/index.php\/produit\/formes-et-flammes-pince-a-ongles-manicures-10-cm-ref-28-2\/\" \/>\r\n<meta property=\"og:locale\" content=\"fr_FR\" \/>\r\n<meta property=\"og:type\" content=\"article\" \/>\r\n<meta property=\"og:title\" content=\"FORMES ET FLAMMES PINCE A ONGLES MANICURES 10 CM REF 28 - Paracherkaoui.ma\" \/>\r\n<meta property=\"og:description\" content=\"Description : Formes et Flammes pince \u00e0 ongles est un soin manucure. La Pince \u00e0 ongles manucure poss\u00e8de un bec\" \/>\r\n<meta property=\"og:url\" content=\"https:\/\/paracherkaoui.ma\/index.php\/produit\/formes-et-flammes-pince-a-ongles-manicures-10-cm-ref-28-2\/\" \/>\r\n<meta property=\"og:site_name\" content=\"Paracherkaoui.ma\" \/>\r\n<meta property=\"article:modified_time\" content=\"2025-12-12T18:06:02+00:00\" \/>\r\n<meta property=\"og:image\" content=\"https:\/\/paracherkaoui.ma\/wp-content\/uploads\/2025\/12\/formes-et-flammes-formes-et-flammes-pince-a-ongles-manicures-10-cm-ref-28-ongles.jpg\" \/>\r\n\t<meta property=\"og:image:width\" content=\"700\" \/>\r\n\t<meta property=\"og:image:height\" content=\"700\" \/>\r\n\t<meta property=\"og:image:type\" content=\"image\/jpeg\" \/>\r\n<meta name=\"twitter:card\" content=\"summary_large_image\" \/>\r\n<meta name=\"twitter:label1\" content=\"Dur\u00e9e de lecture estim\u00e9e\" \/>\n\t<meta name=\"twitter:data1\" content=\"1 minute\" \/>\r\n<script type=\"application\/ld+json\" class=\"yoast-schema-graph\">{\"@context\":\"https:\/\/schema.org\",\"@graph\":[{\"@type\":\"WebPage\",\"@id\":\"https:\/\/paracherkaoui.ma\/index.php\/produit\/formes-et-flammes-pince-a-ongles-manicures-10-cm-ref-28-2\/\",\"url\":\"https:\/\/paracherkaoui.ma\/index.php\/produit\/formes-et-flammes-pince-a-ongles-manicures-10-cm-ref-28-2\/\",\"name\":\"FORMES ET FLAMMES PINCE A ONGLES MANICURES 10 CM REF 28 - Paracherkaoui.ma\",\"isPartOf\":{\"@id\":\"https:\/\/paracherkaoui.ma\/#website\"},\"primaryImageOfPage\":{\"@id\":\"https:\/\/paracherkaoui.ma\/index.php\/produit\/formes-et-flammes-pince-a-ongles-manicures-10-cm-ref-28-2\/#primaryimage\"},\"image\":{\"@id\":\"https:\/\/paracherkaoui.ma\/index.php\/produit\/formes-et-flammes-pince-a-ongles-manicures-10-cm-ref-28-2\/#primaryimage\"},\"thumbnailUrl\":\"https:\/\/paracherkaoui.ma\/wp-content\/uploads\/2025\/12\/formes-et-flammes-formes-et-flammes-pince-a-ongles-manicures-10-cm-ref-28-ongles.jpg\",\"datePublished\":\"2025-12-12T18:05:58+00:00\",\"dateModified\":\"2025-12-12T18:06:02+00:00\",\"breadcrumb\":{\"@id\":\"https:\/\/paracherkaoui.ma\/index.php\/produit\/formes-et-flammes-pince-a-ongles-manicures-10-cm-ref-28-2\/#breadcrumb\"},\"inLanguage\":\"fr-FR\",\"potentialAction\":[{\"@type\":\"ReadAction\",\"target\":[\"https:\/\/paracherkaoui.ma\/index.php\/produit\/formes-et-flammes-pince-a-ongles-manicures-10-cm-ref-28-2\/\"]}]},{\"@type\":\"ImageObject\",\"inLanguage\":\"fr-FR\",\"@id\":\"https:\/\/paracherkaoui.ma\/index.php\/produit\/formes-et-flammes-pince-a-ongles-manicures-10-cm-ref-28-2\/#primaryimage\",\"url\":\"https:\/\/paracherkaoui.ma\/wp-content\/uploads\/2025\/12\/formes-et-flammes-formes-et-flammes-pince-a-ongles-manicures-10-cm-ref-28-ongles.jpg\",\"contentUrl\":\"https:\/\/paracherkaoui.ma\/wp-content\/uploads\/2025\/12\/formes-et-flammes-formes-et-flammes-pince-a-ongles-manicures-10-cm-ref-28-ongles.jpg\",\"width\":700,\"height\":700},{\"@type\":\"BreadcrumbList\",\"@id\":\"https:\/\/paracherkaoui.ma\/index.php\/produit\/formes-et-flammes-pince-a-ongles-manicures-10-cm-ref-28-2\/#breadcrumb\",\"itemListElement\":[{\"@type\":\"ListItem\",\"position\":1,\"name\":\"Accueil\",\"item\":\"https:\/\/paracherkaoui.ma\/\"},{\"@type\":\"ListItem\",\"position\":2,\"name\":\"Boutique\",\"item\":\"https:\/\/paracherkaoui.ma\/index.php\/boutique\/\"},{\"@type\":\"ListItem\",\"position\":3,\"name\":\"FORMES ET FLAMMES PINCE A ONGLES MANICURES 10 CM REF 28\"}]},{\"@type\":\"WebSite\",\"@id\":\"https:\/\/paracherkaoui.ma\/#website\",\"url\":\"https:\/\/paracherkaoui.ma\/\",\"name\":\"Paracherkaoui.ma\",\"description\":\"Achetez en ligne sur Paracherkaoui.ma\",\"potentialAction\":[{\"@type\":\"SearchAction\",\"target\":{\"@type\":\"EntryPoint\",\"urlTemplate\":\"https:\/\/paracherkaoui.ma\/?s={search_term_string}\"},\"query-input\":{\"@type\":\"PropertyValueSpecification\",\"valueRequired\":true,\"valueName\":\"search_term_string\"}}],\"inLanguage\":\"fr-FR\"}]}<\/script>\r\n<!-- \/ Yoast SEO plugin. -->","yoast_head_json":{"title":"FORMES ET FLAMMES PINCE A ONGLES MANICURES 10 CM REF 28 - Paracherkaoui.ma","robots":{"index":"index","follow":"follow","max-snippet":"max-snippet:-1","max-image-preview":"max-image-preview:large","max-video-preview":"max-video-preview:-1"},"canonical":"https:\/\/paracherkaoui.ma\/index.php\/produit\/formes-et-flammes-pince-a-ongles-manicures-10-cm-ref-28-2\/","og_locale":"fr_FR","og_type":"article","og_title":"FORMES ET FLAMMES PINCE A ONGLES MANICURES 10 CM REF 28 - Paracherkaoui.ma","og_description":"Description : Formes et Flammes pince \u00e0 ongles est un soin manucure. La Pince \u00e0 ongles manucure poss\u00e8de un bec","og_url":"https:\/\/paracherkaoui.ma\/index.php\/produit\/formes-et-flammes-pince-a-ongles-manicures-10-cm-ref-28-2\/","og_site_name":"Paracherkaoui.ma","article_modified_time":"2025-12-12T18:06:02+00:00","og_image":[{"width":700,"height":700,"url":"https:\/\/paracherkaoui.ma\/wp-content\/uploads\/2025\/12\/formes-et-flammes-formes-et-flammes-pince-a-ongles-manicures-10-cm-ref-28-ongles.jpg","type":"image\/jpeg"}],"twitter_card":"summary_large_image","twitter_misc":{"Dur\u00e9e de lecture estim\u00e9e":"1 minute"},"schema":{"@context":"https:\/\/schema.org","@graph":[{"@type":"WebPage","@id":"https:\/\/paracherkaoui.ma\/index.php\/produit\/formes-et-flammes-pince-a-ongles-manicures-10-cm-ref-28-2\/","url":"https:\/\/paracherkaoui.ma\/index.php\/produit\/formes-et-flammes-pince-a-ongles-manicures-10-cm-ref-28-2\/","name":"FORMES ET FLAMMES PINCE A ONGLES MANICURES 10 CM REF 28 - Paracherkaoui.ma","isPartOf":{"@id":"https:\/\/paracherkaoui.ma\/#website"},"primaryImageOfPage":{"@id":"https:\/\/paracherkaoui.ma\/index.php\/produit\/formes-et-flammes-pince-a-ongles-manicures-10-cm-ref-28-2\/#primaryimage"},"image":{"@id":"https:\/\/paracherkaoui.ma\/index.php\/produit\/formes-et-flammes-pince-a-ongles-manicures-10-cm-ref-28-2\/#primaryimage"},"thumbnailUrl":"https:\/\/paracherkaoui.ma\/wp-content\/uploads\/2025\/12\/formes-et-flammes-formes-et-flammes-pince-a-ongles-manicures-10-cm-ref-28-ongles.jpg","datePublished":"2025-12-12T18:05:58+00:00","dateModified":"2025-12-12T18:06:02+00:00","breadcrumb":{"@id":"https:\/\/paracherkaoui.ma\/index.php\/produit\/formes-et-flammes-pince-a-ongles-manicures-10-cm-ref-28-2\/#breadcrumb"},"inLanguage":"fr-FR","potentialAction":[{"@type":"ReadAction","target":["https:\/\/paracherkaoui.ma\/index.php\/produit\/formes-et-flammes-pince-a-ongles-manicures-10-cm-ref-28-2\/"]}]},{"@type":"ImageObject","inLanguage":"fr-FR","@id":"https:\/\/paracherkaoui.ma\/index.php\/produit\/formes-et-flammes-pince-a-ongles-manicures-10-cm-ref-28-2\/#primaryimage","url":"https:\/\/paracherkaoui.ma\/wp-content\/uploads\/2025\/12\/formes-et-flammes-formes-et-flammes-pince-a-ongles-manicures-10-cm-ref-28-ongles.jpg","contentUrl":"https:\/\/paracherkaoui.ma\/wp-content\/uploads\/2025\/12\/formes-et-flammes-formes-et-flammes-pince-a-ongles-manicures-10-cm-ref-28-ongles.jpg","width":700,"height":700},{"@type":"BreadcrumbList","@id":"https:\/\/paracherkaoui.ma\/index.php\/produit\/formes-et-flammes-pince-a-ongles-manicures-10-cm-ref-28-2\/#breadcrumb","itemListElement":[{"@type":"ListItem","position":1,"name":"Accueil","item":"https:\/\/paracherkaoui.ma\/"},{"@type":"ListItem","position":2,"name":"Boutique","item":"https:\/\/paracherkaoui.ma\/index.php\/boutique\/"},{"@type":"ListItem","position":3,"name":"FORMES ET FLAMMES PINCE A ONGLES MANICURES 10 CM REF 28"}]},{"@type":"WebSite","@id":"https:\/\/paracherkaoui.ma\/#website","url":"https:\/\/paracherkaoui.ma\/","name":"Paracherkaoui.ma","description":"Achetez en ligne sur Paracherkaoui.ma","potentialAction":[{"@type":"SearchAction","target":{"@type":"EntryPoint","urlTemplate":"https:\/\/paracherkaoui.ma\/?s={search_term_string}"},"query-input":{"@type":"PropertyValueSpecification","valueRequired":true,"valueName":"search_term_string"}}],"inLanguage":"fr-FR"}]}},"_links":{"self":[{"href":"https:\/\/paracherkaoui.ma\/index.php\/wp-json\/wp\/v2\/product\/41069","targetHints":{"allow":["GET"]}}],"collection":[{"href":"https:\/\/paracherkaoui.ma\/index.php\/wp-json\/wp\/v2\/product"}],"about":[{"href":"https:\/\/paracherkaoui.ma\/index.php\/wp-json\/wp\/v2\/types\/product"}],"replies":[{"embeddable":true,"href":"https:\/\/paracherkaoui.ma\/index.php\/wp-json\/wp\/v2\/comments?post=41069"}],"version-history":[{"count":1,"href":"https:\/\/paracherkaoui.ma\/index.php\/wp-json\/wp\/v2\/product\/41069\/revisions"}],"predecessor-version":[{"id":41103,"href":"https:\/\/paracherkaoui.ma\/index.php\/wp-json\/wp\/v2\/product\/41069\/revisions\/41103"}],"wp:featuredmedia":[{"embeddable":true,"href":"https:\/\/paracherkaoui.ma\/index.php\/wp-json\/wp\/v2\/media\/32789"}],"wp:attachment":[{"href":"https:\/\/paracherkaoui.ma\/index.php\/wp-json\/wp\/v2\/media?parent=41069"}],"wp:term":[{"taxonomy":"product_brand","embeddable":true,"href":"https:\/\/paracherkaoui.ma\/index.php\/wp-json\/wp\/v2\/product_brand?post=41069"},{"taxonomy":"product_cat","embeddable":true,"href":"https:\/\/paracherkaoui.ma\/index.php\/wp-json\/wp\/v2\/product_cat?post=41069"},{"taxonomy":"product_tag","embeddable":true,"href":"https:\/\/paracherkaoui.ma\/index.php\/wp-json\/wp\/v2\/product_tag?post=41069"}],"curies":[{"name":"wp","href":"https:\/\/api.w.org\/{rel}","templated":true}]}}