{"id":41061,"date":"2025-12-12T19:05:58","date_gmt":"2025-12-12T18:05:58","guid":{"rendered":"https:\/\/test.ecbeaute.com\/?post_type=product&#038;p=41061"},"modified":"2025-12-12T19:06:01","modified_gmt":"2025-12-12T18:06:01","slug":"mavala-lime-a-ongles-8-pcs-2","status":"publish","type":"product","link":"https:\/\/paracherkaoui.ma\/index.php\/produit\/mavala-lime-a-ongles-8-pcs-2\/","title":{"rendered":"MAVALA Lime a ongles 8 pcs"},"content":{"rendered":"<p>Ces LIMES A ONGLES, en bois souple, sont sp\u00e9cialement adapt\u00e9es \u00e0 la \u00ab\u00a0fragilit\u00e9\u00a0\u00bb de l&rsquo;ongle. Elles pr\u00e9sentent 2 grains diff\u00e9rents. Le c\u00f4t\u00e9 plus rugueux est destin\u00e9 \u00e0 un \u00e9ventuel pr\u00e9limage et peut \u00eatre utilis\u00e9 sur les ongles des hommes (en g\u00e9n\u00e9ral plus \u00e9pais et plus durs) et les ongles des pieds; la face plus fine permet de limer les ongles minutieusement.<br \/>\nConseils d&rsquo;utilisation<br \/>\nUtiliser la face plus fine, en longs et l\u00e9gers mouvements, du bord vers le centre, pour donner aux ongles la forme d\u00e9sir\u00e9e. Pour pr\u00e9server la solidit\u00e9 de l&rsquo;ongle, ne pas trop limer les c\u00f4t\u00e9s externes du bord libre. Pour bien terminer le travail, \u00e9liminer les \u00e9ventuelles asp\u00e9rit\u00e9s en effectuant de petits mouvements verticaux, de bas en haut et de haut en bas, avec le bout de la lime. Cela permet aussi de \u00ab\u00a0ressouder\u00a0\u00bb les couches de l&rsquo;ongle entre elles.<\/p>\n","protected":false},"excerpt":{"rendered":"<p>Ces LIMES A ONGLES, en bois souple, sont sp\u00e9cialement adapt\u00e9es \u00e0 la \u00ab\u00a0fragilit\u00e9\u00a0\u00bb de l&rsquo;ongle. Elles pr\u00e9sentent 2 grains diff\u00e9rents.<\/p>\n","protected":false},"featured_media":32992,"comment_status":"open","ping_status":"closed","template":"","meta":[],"product_brand":[546],"product_cat":[705],"product_tag":[],"class_list":{"0":"post-41061","1":"product","2":"type-product","3":"status-publish","4":"has-post-thumbnail","6":"product_brand-mavala","7":"product_cat-ongles","9":"first","10":"instock","11":"shipping-taxable","12":"purchasable","13":"product-type-simple"},"yoast_head":"<!-- This site is optimized with the Yoast SEO plugin v26.6 - https:\/\/yoast.com\/wordpress\/plugins\/seo\/ -->\r\n<title>MAVALA Lime a ongles 8 pcs - Paracherkaoui.ma<\/title>\r\n<meta name=\"robots\" content=\"index, follow, max-snippet:-1, max-image-preview:large, max-video-preview:-1\" \/>\r\n<link rel=\"canonical\" href=\"https:\/\/paracherkaoui.ma\/index.php\/produit\/mavala-lime-a-ongles-8-pcs-2\/\" \/>\r\n<meta property=\"og:locale\" content=\"fr_FR\" \/>\r\n<meta property=\"og:type\" content=\"article\" \/>\r\n<meta property=\"og:title\" content=\"MAVALA Lime a ongles 8 pcs - Paracherkaoui.ma\" \/>\r\n<meta property=\"og:description\" content=\"Ces LIMES A ONGLES, en bois souple, sont sp\u00e9cialement adapt\u00e9es \u00e0 la \u00ab\u00a0fragilit\u00e9\u00a0\u00bb de l&rsquo;ongle. Elles pr\u00e9sentent 2 grains diff\u00e9rents.\" \/>\r\n<meta property=\"og:url\" content=\"https:\/\/paracherkaoui.ma\/index.php\/produit\/mavala-lime-a-ongles-8-pcs-2\/\" \/>\r\n<meta property=\"og:site_name\" content=\"Paracherkaoui.ma\" \/>\r\n<meta property=\"article:modified_time\" content=\"2025-12-12T18:06:01+00:00\" \/>\r\n<meta property=\"og:image\" content=\"https:\/\/paracherkaoui.ma\/wp-content\/uploads\/2025\/12\/mavala-mavala-lime-a-ongles-8-pcs-mains.jpg\" \/>\r\n\t<meta property=\"og:image:width\" content=\"700\" \/>\r\n\t<meta property=\"og:image:height\" content=\"700\" \/>\r\n\t<meta property=\"og:image:type\" content=\"image\/jpeg\" \/>\r\n<meta name=\"twitter:card\" content=\"summary_large_image\" \/>\r\n<meta name=\"twitter:label1\" content=\"Dur\u00e9e de lecture estim\u00e9e\" \/>\n\t<meta name=\"twitter:data1\" content=\"1 minute\" \/>\r\n<script type=\"application\/ld+json\" class=\"yoast-schema-graph\">{\"@context\":\"https:\/\/schema.org\",\"@graph\":[{\"@type\":\"WebPage\",\"@id\":\"https:\/\/paracherkaoui.ma\/index.php\/produit\/mavala-lime-a-ongles-8-pcs-2\/\",\"url\":\"https:\/\/paracherkaoui.ma\/index.php\/produit\/mavala-lime-a-ongles-8-pcs-2\/\",\"name\":\"MAVALA Lime a ongles 8 pcs - Paracherkaoui.ma\",\"isPartOf\":{\"@id\":\"https:\/\/paracherkaoui.ma\/#website\"},\"primaryImageOfPage\":{\"@id\":\"https:\/\/paracherkaoui.ma\/index.php\/produit\/mavala-lime-a-ongles-8-pcs-2\/#primaryimage\"},\"image\":{\"@id\":\"https:\/\/paracherkaoui.ma\/index.php\/produit\/mavala-lime-a-ongles-8-pcs-2\/#primaryimage\"},\"thumbnailUrl\":\"https:\/\/paracherkaoui.ma\/wp-content\/uploads\/2025\/12\/mavala-mavala-lime-a-ongles-8-pcs-mains.jpg\",\"datePublished\":\"2025-12-12T18:05:58+00:00\",\"dateModified\":\"2025-12-12T18:06:01+00:00\",\"breadcrumb\":{\"@id\":\"https:\/\/paracherkaoui.ma\/index.php\/produit\/mavala-lime-a-ongles-8-pcs-2\/#breadcrumb\"},\"inLanguage\":\"fr-FR\",\"potentialAction\":[{\"@type\":\"ReadAction\",\"target\":[\"https:\/\/paracherkaoui.ma\/index.php\/produit\/mavala-lime-a-ongles-8-pcs-2\/\"]}]},{\"@type\":\"ImageObject\",\"inLanguage\":\"fr-FR\",\"@id\":\"https:\/\/paracherkaoui.ma\/index.php\/produit\/mavala-lime-a-ongles-8-pcs-2\/#primaryimage\",\"url\":\"https:\/\/paracherkaoui.ma\/wp-content\/uploads\/2025\/12\/mavala-mavala-lime-a-ongles-8-pcs-mains.jpg\",\"contentUrl\":\"https:\/\/paracherkaoui.ma\/wp-content\/uploads\/2025\/12\/mavala-mavala-lime-a-ongles-8-pcs-mains.jpg\",\"width\":700,\"height\":700},{\"@type\":\"BreadcrumbList\",\"@id\":\"https:\/\/paracherkaoui.ma\/index.php\/produit\/mavala-lime-a-ongles-8-pcs-2\/#breadcrumb\",\"itemListElement\":[{\"@type\":\"ListItem\",\"position\":1,\"name\":\"Accueil\",\"item\":\"https:\/\/paracherkaoui.ma\/\"},{\"@type\":\"ListItem\",\"position\":2,\"name\":\"Boutique\",\"item\":\"https:\/\/paracherkaoui.ma\/index.php\/boutique\/\"},{\"@type\":\"ListItem\",\"position\":3,\"name\":\"MAVALA Lime a ongles 8 pcs\"}]},{\"@type\":\"WebSite\",\"@id\":\"https:\/\/paracherkaoui.ma\/#website\",\"url\":\"https:\/\/paracherkaoui.ma\/\",\"name\":\"Paracherkaoui.ma\",\"description\":\"Achetez en ligne sur Paracherkaoui.ma\",\"potentialAction\":[{\"@type\":\"SearchAction\",\"target\":{\"@type\":\"EntryPoint\",\"urlTemplate\":\"https:\/\/paracherkaoui.ma\/?s={search_term_string}\"},\"query-input\":{\"@type\":\"PropertyValueSpecification\",\"valueRequired\":true,\"valueName\":\"search_term_string\"}}],\"inLanguage\":\"fr-FR\"}]}<\/script>\r\n<!-- \/ Yoast SEO plugin. -->","yoast_head_json":{"title":"MAVALA Lime a ongles 8 pcs - Paracherkaoui.ma","robots":{"index":"index","follow":"follow","max-snippet":"max-snippet:-1","max-image-preview":"max-image-preview:large","max-video-preview":"max-video-preview:-1"},"canonical":"https:\/\/paracherkaoui.ma\/index.php\/produit\/mavala-lime-a-ongles-8-pcs-2\/","og_locale":"fr_FR","og_type":"article","og_title":"MAVALA Lime a ongles 8 pcs - Paracherkaoui.ma","og_description":"Ces LIMES A ONGLES, en bois souple, sont sp\u00e9cialement adapt\u00e9es \u00e0 la \u00ab\u00a0fragilit\u00e9\u00a0\u00bb de l&rsquo;ongle. Elles pr\u00e9sentent 2 grains diff\u00e9rents.","og_url":"https:\/\/paracherkaoui.ma\/index.php\/produit\/mavala-lime-a-ongles-8-pcs-2\/","og_site_name":"Paracherkaoui.ma","article_modified_time":"2025-12-12T18:06:01+00:00","og_image":[{"width":700,"height":700,"url":"https:\/\/paracherkaoui.ma\/wp-content\/uploads\/2025\/12\/mavala-mavala-lime-a-ongles-8-pcs-mains.jpg","type":"image\/jpeg"}],"twitter_card":"summary_large_image","twitter_misc":{"Dur\u00e9e de lecture estim\u00e9e":"1 minute"},"schema":{"@context":"https:\/\/schema.org","@graph":[{"@type":"WebPage","@id":"https:\/\/paracherkaoui.ma\/index.php\/produit\/mavala-lime-a-ongles-8-pcs-2\/","url":"https:\/\/paracherkaoui.ma\/index.php\/produit\/mavala-lime-a-ongles-8-pcs-2\/","name":"MAVALA Lime a ongles 8 pcs - Paracherkaoui.ma","isPartOf":{"@id":"https:\/\/paracherkaoui.ma\/#website"},"primaryImageOfPage":{"@id":"https:\/\/paracherkaoui.ma\/index.php\/produit\/mavala-lime-a-ongles-8-pcs-2\/#primaryimage"},"image":{"@id":"https:\/\/paracherkaoui.ma\/index.php\/produit\/mavala-lime-a-ongles-8-pcs-2\/#primaryimage"},"thumbnailUrl":"https:\/\/paracherkaoui.ma\/wp-content\/uploads\/2025\/12\/mavala-mavala-lime-a-ongles-8-pcs-mains.jpg","datePublished":"2025-12-12T18:05:58+00:00","dateModified":"2025-12-12T18:06:01+00:00","breadcrumb":{"@id":"https:\/\/paracherkaoui.ma\/index.php\/produit\/mavala-lime-a-ongles-8-pcs-2\/#breadcrumb"},"inLanguage":"fr-FR","potentialAction":[{"@type":"ReadAction","target":["https:\/\/paracherkaoui.ma\/index.php\/produit\/mavala-lime-a-ongles-8-pcs-2\/"]}]},{"@type":"ImageObject","inLanguage":"fr-FR","@id":"https:\/\/paracherkaoui.ma\/index.php\/produit\/mavala-lime-a-ongles-8-pcs-2\/#primaryimage","url":"https:\/\/paracherkaoui.ma\/wp-content\/uploads\/2025\/12\/mavala-mavala-lime-a-ongles-8-pcs-mains.jpg","contentUrl":"https:\/\/paracherkaoui.ma\/wp-content\/uploads\/2025\/12\/mavala-mavala-lime-a-ongles-8-pcs-mains.jpg","width":700,"height":700},{"@type":"BreadcrumbList","@id":"https:\/\/paracherkaoui.ma\/index.php\/produit\/mavala-lime-a-ongles-8-pcs-2\/#breadcrumb","itemListElement":[{"@type":"ListItem","position":1,"name":"Accueil","item":"https:\/\/paracherkaoui.ma\/"},{"@type":"ListItem","position":2,"name":"Boutique","item":"https:\/\/paracherkaoui.ma\/index.php\/boutique\/"},{"@type":"ListItem","position":3,"name":"MAVALA Lime a ongles 8 pcs"}]},{"@type":"WebSite","@id":"https:\/\/paracherkaoui.ma\/#website","url":"https:\/\/paracherkaoui.ma\/","name":"Paracherkaoui.ma","description":"Achetez en ligne sur Paracherkaoui.ma","potentialAction":[{"@type":"SearchAction","target":{"@type":"EntryPoint","urlTemplate":"https:\/\/paracherkaoui.ma\/?s={search_term_string}"},"query-input":{"@type":"PropertyValueSpecification","valueRequired":true,"valueName":"search_term_string"}}],"inLanguage":"fr-FR"}]}},"_links":{"self":[{"href":"https:\/\/paracherkaoui.ma\/index.php\/wp-json\/wp\/v2\/product\/41061","targetHints":{"allow":["GET"]}}],"collection":[{"href":"https:\/\/paracherkaoui.ma\/index.php\/wp-json\/wp\/v2\/product"}],"about":[{"href":"https:\/\/paracherkaoui.ma\/index.php\/wp-json\/wp\/v2\/types\/product"}],"replies":[{"embeddable":true,"href":"https:\/\/paracherkaoui.ma\/index.php\/wp-json\/wp\/v2\/comments?post=41061"}],"version-history":[{"count":1,"href":"https:\/\/paracherkaoui.ma\/index.php\/wp-json\/wp\/v2\/product\/41061\/revisions"}],"predecessor-version":[{"id":41095,"href":"https:\/\/paracherkaoui.ma\/index.php\/wp-json\/wp\/v2\/product\/41061\/revisions\/41095"}],"wp:featuredmedia":[{"embeddable":true,"href":"https:\/\/paracherkaoui.ma\/index.php\/wp-json\/wp\/v2\/media\/32992"}],"wp:attachment":[{"href":"https:\/\/paracherkaoui.ma\/index.php\/wp-json\/wp\/v2\/media?parent=41061"}],"wp:term":[{"taxonomy":"product_brand","embeddable":true,"href":"https:\/\/paracherkaoui.ma\/index.php\/wp-json\/wp\/v2\/product_brand?post=41061"},{"taxonomy":"product_cat","embeddable":true,"href":"https:\/\/paracherkaoui.ma\/index.php\/wp-json\/wp\/v2\/product_cat?post=41061"},{"taxonomy":"product_tag","embeddable":true,"href":"https:\/\/paracherkaoui.ma\/index.php\/wp-json\/wp\/v2\/product_tag?post=41061"}],"curies":[{"name":"wp","href":"https:\/\/api.w.org\/{rel}","templated":true}]}}