{"id":41050,"date":"2025-12-12T19:05:57","date_gmt":"2025-12-12T18:05:57","guid":{"rendered":"https:\/\/test.ecbeaute.com\/?post_type=product&#038;p=41050"},"modified":"2025-12-12T19:05:59","modified_gmt":"2025-12-12T18:05:59","slug":"mavala-nailactan-creme-nourrissante-ongles-abimes-15-ml-2","status":"publish","type":"product","link":"https:\/\/paracherkaoui.ma\/index.php\/produit\/mavala-nailactan-creme-nourrissante-ongles-abimes-15-ml-2\/","title":{"rendered":"MAVALA NAILACTAN cr\u00e8me nourrissante Ongles Ab\u00eem\u00e9s 15 ml"},"content":{"rendered":"<p>La plaque \u00e0 ongles est compos\u00e9e de trois couches. C&rsquo;est naturellement la couche ext\u00e9rieure visible qui est particuli\u00e8rement sensible aux \u00e9l\u00e9ments ext\u00e9rieurs et qui peut tr\u00e8s facilement \u00eatre s\u00e9ch\u00e9e par trop de soleil, temps froid, d\u00e9tergents,\u2026.<br \/>\nNAILACTAN est une cr\u00e8me pour ongles ab\u00eem\u00e9s, secs, cassants, fragiles, compos\u00e9e d&rsquo;acides amin\u00e9s essentiels, de lipides et de vitamines k\u00e9rato-\u00e9quilibrantes et fortifiantes. Son action nourrissante et hydratante redonne de la souplesse \u00e0 la plaque \u00e0 ongles, am\u00e9liore son \u00e9tat g\u00e9n\u00e9ral et rend les ongles plus r\u00e9sistants au fendillement. Soins de longue dur\u00e9e.<br \/>\nCONSEILS D&rsquo;UTILISATION :<br \/>\nUtiliser en cure de 4 \u00e0 6 semaines. Tous les soirs, massez les ongles et la racine des ongles avec NAILACTAN. Laisser agir du jour au lendemain. En cas d&rsquo;ongles tr\u00e8s ab\u00eem\u00e9s, poursuivre l&rsquo;application pendant quelques mois (les ongles poussent compl\u00e8tement en 6 mois).<br \/>\nRemarque: peut \u00eatre appliqu\u00e9 lorsque vous portez la couleur des ongles. N\u00e9anmoins, appliquez NAILACTAN au moins une fois par semaine directement sur les ongles nus.<\/p>\n","protected":false},"excerpt":{"rendered":"<p>La plaque \u00e0 ongles est compos\u00e9e de trois couches. C&rsquo;est naturellement la couche ext\u00e9rieure visible qui est particuli\u00e8rement sensible aux<\/p>\n","protected":false},"featured_media":32872,"comment_status":"open","ping_status":"closed","template":"","meta":[],"product_brand":[546],"product_cat":[705],"product_tag":[],"class_list":{"0":"post-41050","1":"product","2":"type-product","3":"status-publish","4":"has-post-thumbnail","6":"product_brand-mavala","7":"product_cat-ongles","9":"first","10":"instock","11":"shipping-taxable","12":"purchasable","13":"product-type-simple"},"yoast_head":"<!-- This site is optimized with the Yoast SEO plugin v26.6 - https:\/\/yoast.com\/wordpress\/plugins\/seo\/ -->\r\n<title>MAVALA NAILACTAN cr\u00e8me nourrissante Ongles Ab\u00eem\u00e9s 15 ml - Paracherkaoui.ma<\/title>\r\n<meta name=\"robots\" content=\"index, follow, max-snippet:-1, max-image-preview:large, max-video-preview:-1\" \/>\r\n<link rel=\"canonical\" href=\"https:\/\/paracherkaoui.ma\/index.php\/produit\/mavala-nailactan-creme-nourrissante-ongles-abimes-15-ml-2\/\" \/>\r\n<meta property=\"og:locale\" content=\"fr_FR\" \/>\r\n<meta property=\"og:type\" content=\"article\" \/>\r\n<meta property=\"og:title\" content=\"MAVALA NAILACTAN cr\u00e8me nourrissante Ongles Ab\u00eem\u00e9s 15 ml - Paracherkaoui.ma\" \/>\r\n<meta property=\"og:description\" content=\"La plaque \u00e0 ongles est compos\u00e9e de trois couches. C&rsquo;est naturellement la couche ext\u00e9rieure visible qui est particuli\u00e8rement sensible aux\" \/>\r\n<meta property=\"og:url\" content=\"https:\/\/paracherkaoui.ma\/index.php\/produit\/mavala-nailactan-creme-nourrissante-ongles-abimes-15-ml-2\/\" \/>\r\n<meta property=\"og:site_name\" content=\"Paracherkaoui.ma\" \/>\r\n<meta property=\"article:modified_time\" content=\"2025-12-12T18:05:59+00:00\" \/>\r\n<meta property=\"og:image\" content=\"https:\/\/paracherkaoui.ma\/wp-content\/uploads\/2025\/12\/mavala-mavala-nailactan-creme-nourrissante-ongles-abimes-15-ml-corps.jpg\" \/>\r\n\t<meta property=\"og:image:width\" content=\"700\" \/>\r\n\t<meta property=\"og:image:height\" content=\"700\" \/>\r\n\t<meta property=\"og:image:type\" content=\"image\/jpeg\" \/>\r\n<meta name=\"twitter:card\" content=\"summary_large_image\" \/>\r\n<meta name=\"twitter:label1\" content=\"Dur\u00e9e de lecture estim\u00e9e\" \/>\n\t<meta name=\"twitter:data1\" content=\"1 minute\" \/>\r\n<script type=\"application\/ld+json\" class=\"yoast-schema-graph\">{\"@context\":\"https:\/\/schema.org\",\"@graph\":[{\"@type\":\"WebPage\",\"@id\":\"https:\/\/paracherkaoui.ma\/index.php\/produit\/mavala-nailactan-creme-nourrissante-ongles-abimes-15-ml-2\/\",\"url\":\"https:\/\/paracherkaoui.ma\/index.php\/produit\/mavala-nailactan-creme-nourrissante-ongles-abimes-15-ml-2\/\",\"name\":\"MAVALA NAILACTAN cr\u00e8me nourrissante Ongles Ab\u00eem\u00e9s 15 ml - Paracherkaoui.ma\",\"isPartOf\":{\"@id\":\"https:\/\/paracherkaoui.ma\/#website\"},\"primaryImageOfPage\":{\"@id\":\"https:\/\/paracherkaoui.ma\/index.php\/produit\/mavala-nailactan-creme-nourrissante-ongles-abimes-15-ml-2\/#primaryimage\"},\"image\":{\"@id\":\"https:\/\/paracherkaoui.ma\/index.php\/produit\/mavala-nailactan-creme-nourrissante-ongles-abimes-15-ml-2\/#primaryimage\"},\"thumbnailUrl\":\"https:\/\/paracherkaoui.ma\/wp-content\/uploads\/2025\/12\/mavala-mavala-nailactan-creme-nourrissante-ongles-abimes-15-ml-corps.jpg\",\"datePublished\":\"2025-12-12T18:05:57+00:00\",\"dateModified\":\"2025-12-12T18:05:59+00:00\",\"breadcrumb\":{\"@id\":\"https:\/\/paracherkaoui.ma\/index.php\/produit\/mavala-nailactan-creme-nourrissante-ongles-abimes-15-ml-2\/#breadcrumb\"},\"inLanguage\":\"fr-FR\",\"potentialAction\":[{\"@type\":\"ReadAction\",\"target\":[\"https:\/\/paracherkaoui.ma\/index.php\/produit\/mavala-nailactan-creme-nourrissante-ongles-abimes-15-ml-2\/\"]}]},{\"@type\":\"ImageObject\",\"inLanguage\":\"fr-FR\",\"@id\":\"https:\/\/paracherkaoui.ma\/index.php\/produit\/mavala-nailactan-creme-nourrissante-ongles-abimes-15-ml-2\/#primaryimage\",\"url\":\"https:\/\/paracherkaoui.ma\/wp-content\/uploads\/2025\/12\/mavala-mavala-nailactan-creme-nourrissante-ongles-abimes-15-ml-corps.jpg\",\"contentUrl\":\"https:\/\/paracherkaoui.ma\/wp-content\/uploads\/2025\/12\/mavala-mavala-nailactan-creme-nourrissante-ongles-abimes-15-ml-corps.jpg\",\"width\":700,\"height\":700},{\"@type\":\"BreadcrumbList\",\"@id\":\"https:\/\/paracherkaoui.ma\/index.php\/produit\/mavala-nailactan-creme-nourrissante-ongles-abimes-15-ml-2\/#breadcrumb\",\"itemListElement\":[{\"@type\":\"ListItem\",\"position\":1,\"name\":\"Accueil\",\"item\":\"https:\/\/paracherkaoui.ma\/\"},{\"@type\":\"ListItem\",\"position\":2,\"name\":\"Boutique\",\"item\":\"https:\/\/paracherkaoui.ma\/index.php\/boutique\/\"},{\"@type\":\"ListItem\",\"position\":3,\"name\":\"MAVALA NAILACTAN cr\u00e8me nourrissante Ongles Ab\u00eem\u00e9s 15 ml\"}]},{\"@type\":\"WebSite\",\"@id\":\"https:\/\/paracherkaoui.ma\/#website\",\"url\":\"https:\/\/paracherkaoui.ma\/\",\"name\":\"Paracherkaoui.ma\",\"description\":\"Achetez en ligne sur Paracherkaoui.ma\",\"potentialAction\":[{\"@type\":\"SearchAction\",\"target\":{\"@type\":\"EntryPoint\",\"urlTemplate\":\"https:\/\/paracherkaoui.ma\/?s={search_term_string}\"},\"query-input\":{\"@type\":\"PropertyValueSpecification\",\"valueRequired\":true,\"valueName\":\"search_term_string\"}}],\"inLanguage\":\"fr-FR\"}]}<\/script>\r\n<!-- \/ Yoast SEO plugin. -->","yoast_head_json":{"title":"MAVALA NAILACTAN cr\u00e8me nourrissante Ongles Ab\u00eem\u00e9s 15 ml - Paracherkaoui.ma","robots":{"index":"index","follow":"follow","max-snippet":"max-snippet:-1","max-image-preview":"max-image-preview:large","max-video-preview":"max-video-preview:-1"},"canonical":"https:\/\/paracherkaoui.ma\/index.php\/produit\/mavala-nailactan-creme-nourrissante-ongles-abimes-15-ml-2\/","og_locale":"fr_FR","og_type":"article","og_title":"MAVALA NAILACTAN cr\u00e8me nourrissante Ongles Ab\u00eem\u00e9s 15 ml - Paracherkaoui.ma","og_description":"La plaque \u00e0 ongles est compos\u00e9e de trois couches. C&rsquo;est naturellement la couche ext\u00e9rieure visible qui est particuli\u00e8rement sensible aux","og_url":"https:\/\/paracherkaoui.ma\/index.php\/produit\/mavala-nailactan-creme-nourrissante-ongles-abimes-15-ml-2\/","og_site_name":"Paracherkaoui.ma","article_modified_time":"2025-12-12T18:05:59+00:00","og_image":[{"width":700,"height":700,"url":"https:\/\/paracherkaoui.ma\/wp-content\/uploads\/2025\/12\/mavala-mavala-nailactan-creme-nourrissante-ongles-abimes-15-ml-corps.jpg","type":"image\/jpeg"}],"twitter_card":"summary_large_image","twitter_misc":{"Dur\u00e9e de lecture estim\u00e9e":"1 minute"},"schema":{"@context":"https:\/\/schema.org","@graph":[{"@type":"WebPage","@id":"https:\/\/paracherkaoui.ma\/index.php\/produit\/mavala-nailactan-creme-nourrissante-ongles-abimes-15-ml-2\/","url":"https:\/\/paracherkaoui.ma\/index.php\/produit\/mavala-nailactan-creme-nourrissante-ongles-abimes-15-ml-2\/","name":"MAVALA NAILACTAN cr\u00e8me nourrissante Ongles Ab\u00eem\u00e9s 15 ml - Paracherkaoui.ma","isPartOf":{"@id":"https:\/\/paracherkaoui.ma\/#website"},"primaryImageOfPage":{"@id":"https:\/\/paracherkaoui.ma\/index.php\/produit\/mavala-nailactan-creme-nourrissante-ongles-abimes-15-ml-2\/#primaryimage"},"image":{"@id":"https:\/\/paracherkaoui.ma\/index.php\/produit\/mavala-nailactan-creme-nourrissante-ongles-abimes-15-ml-2\/#primaryimage"},"thumbnailUrl":"https:\/\/paracherkaoui.ma\/wp-content\/uploads\/2025\/12\/mavala-mavala-nailactan-creme-nourrissante-ongles-abimes-15-ml-corps.jpg","datePublished":"2025-12-12T18:05:57+00:00","dateModified":"2025-12-12T18:05:59+00:00","breadcrumb":{"@id":"https:\/\/paracherkaoui.ma\/index.php\/produit\/mavala-nailactan-creme-nourrissante-ongles-abimes-15-ml-2\/#breadcrumb"},"inLanguage":"fr-FR","potentialAction":[{"@type":"ReadAction","target":["https:\/\/paracherkaoui.ma\/index.php\/produit\/mavala-nailactan-creme-nourrissante-ongles-abimes-15-ml-2\/"]}]},{"@type":"ImageObject","inLanguage":"fr-FR","@id":"https:\/\/paracherkaoui.ma\/index.php\/produit\/mavala-nailactan-creme-nourrissante-ongles-abimes-15-ml-2\/#primaryimage","url":"https:\/\/paracherkaoui.ma\/wp-content\/uploads\/2025\/12\/mavala-mavala-nailactan-creme-nourrissante-ongles-abimes-15-ml-corps.jpg","contentUrl":"https:\/\/paracherkaoui.ma\/wp-content\/uploads\/2025\/12\/mavala-mavala-nailactan-creme-nourrissante-ongles-abimes-15-ml-corps.jpg","width":700,"height":700},{"@type":"BreadcrumbList","@id":"https:\/\/paracherkaoui.ma\/index.php\/produit\/mavala-nailactan-creme-nourrissante-ongles-abimes-15-ml-2\/#breadcrumb","itemListElement":[{"@type":"ListItem","position":1,"name":"Accueil","item":"https:\/\/paracherkaoui.ma\/"},{"@type":"ListItem","position":2,"name":"Boutique","item":"https:\/\/paracherkaoui.ma\/index.php\/boutique\/"},{"@type":"ListItem","position":3,"name":"MAVALA NAILACTAN cr\u00e8me nourrissante Ongles Ab\u00eem\u00e9s 15 ml"}]},{"@type":"WebSite","@id":"https:\/\/paracherkaoui.ma\/#website","url":"https:\/\/paracherkaoui.ma\/","name":"Paracherkaoui.ma","description":"Achetez en ligne sur Paracherkaoui.ma","potentialAction":[{"@type":"SearchAction","target":{"@type":"EntryPoint","urlTemplate":"https:\/\/paracherkaoui.ma\/?s={search_term_string}"},"query-input":{"@type":"PropertyValueSpecification","valueRequired":true,"valueName":"search_term_string"}}],"inLanguage":"fr-FR"}]}},"_links":{"self":[{"href":"https:\/\/paracherkaoui.ma\/index.php\/wp-json\/wp\/v2\/product\/41050","targetHints":{"allow":["GET"]}}],"collection":[{"href":"https:\/\/paracherkaoui.ma\/index.php\/wp-json\/wp\/v2\/product"}],"about":[{"href":"https:\/\/paracherkaoui.ma\/index.php\/wp-json\/wp\/v2\/types\/product"}],"replies":[{"embeddable":true,"href":"https:\/\/paracherkaoui.ma\/index.php\/wp-json\/wp\/v2\/comments?post=41050"}],"version-history":[{"count":1,"href":"https:\/\/paracherkaoui.ma\/index.php\/wp-json\/wp\/v2\/product\/41050\/revisions"}],"predecessor-version":[{"id":41081,"href":"https:\/\/paracherkaoui.ma\/index.php\/wp-json\/wp\/v2\/product\/41050\/revisions\/41081"}],"wp:featuredmedia":[{"embeddable":true,"href":"https:\/\/paracherkaoui.ma\/index.php\/wp-json\/wp\/v2\/media\/32872"}],"wp:attachment":[{"href":"https:\/\/paracherkaoui.ma\/index.php\/wp-json\/wp\/v2\/media?parent=41050"}],"wp:term":[{"taxonomy":"product_brand","embeddable":true,"href":"https:\/\/paracherkaoui.ma\/index.php\/wp-json\/wp\/v2\/product_brand?post=41050"},{"taxonomy":"product_cat","embeddable":true,"href":"https:\/\/paracherkaoui.ma\/index.php\/wp-json\/wp\/v2\/product_cat?post=41050"},{"taxonomy":"product_tag","embeddable":true,"href":"https:\/\/paracherkaoui.ma\/index.php\/wp-json\/wp\/v2\/product_tag?post=41050"}],"curies":[{"name":"wp","href":"https:\/\/api.w.org\/{rel}","templated":true}]}}