{"id":40219,"date":"2025-12-12T19:04:10","date_gmt":"2025-12-12T18:04:10","guid":{"rendered":"https:\/\/test.ecbeaute.com\/?post_type=product&#038;p=40219"},"modified":"2025-12-12T19:04:15","modified_gmt":"2025-12-12T18:04:15","slug":"dermacare-dermateint-sable-n-20-pack-30-ml","status":"publish","type":"product","link":"https:\/\/paracherkaoui.ma\/index.php\/produit\/dermacare-dermateint-sable-n-20-pack-30-ml\/","title":{"rendered":"DERMACARE DERMATEINT SABLE N 20 PACK 30 ML"},"content":{"rendered":"<p>Description<br \/>\nDermateint\u00a0et une \u00e9mulsion teint\u00e9e min\u00e9rale qui corrige les imperfections en uniformisant le teint, prot\u00e8ge contre les UVs (SPF 25), avec une haute capacit\u00e9 de couvrance et sans effet pl\u00e2tre ou masque.\u00a0Dermateint\u00a0poss\u00e8de des propri\u00e9t\u00e9s hydratantes et anti radicalaires. Sa texture douce et ultra \u00e9tirable est rapidement absorb\u00e9e. Sa formule est adapt\u00e9e \u00e0 tous types de peaux.<br \/>\nConseils d`utilisation<br \/>\nAppliquer\u00a0DERMATEINT\u00a0en partant du centre du visage et en \u00e9tirant vers l\u2019ext\u00e9rieur en mettant une petite quantit\u00e9 de produit sur votre front, sur vos joues, sur votre nez, et sur votre menton. Pour les personnes qui cherchent \u00e0 corriger les d\u00e9fauts cutan\u00e9s, appliquer une couche suppl\u00e9mentaire de fond de teint.<\/p>\n","protected":false},"excerpt":{"rendered":"<p>Description Dermateint\u00a0et une \u00e9mulsion teint\u00e9e min\u00e9rale qui corrige les imperfections en uniformisant le teint, prot\u00e8ge contre les UVs (SPF 25),<\/p>\n","protected":false},"featured_media":40264,"comment_status":"open","ping_status":"closed","template":"","meta":[],"product_brand":[464],"product_cat":[702],"product_tag":[],"class_list":{"0":"post-40219","1":"product","2":"type-product","3":"status-publish","4":"has-post-thumbnail","6":"product_brand-dermacare","7":"product_cat-fonds-de-teint","9":"first","10":"instock","11":"sale","12":"shipping-taxable","13":"purchasable","14":"product-type-simple"},"yoast_head":"<!-- This site is optimized with the Yoast SEO plugin v26.6 - https:\/\/yoast.com\/wordpress\/plugins\/seo\/ -->\r\n<title>DERMACARE DERMATEINT SABLE N 20 PACK 30 ML - Paracherkaoui.ma<\/title>\r\n<meta name=\"robots\" content=\"index, follow, max-snippet:-1, max-image-preview:large, max-video-preview:-1\" \/>\r\n<link rel=\"canonical\" href=\"https:\/\/paracherkaoui.ma\/index.php\/produit\/dermacare-dermateint-sable-n-20-pack-30-ml\/\" \/>\r\n<meta property=\"og:locale\" content=\"fr_FR\" \/>\r\n<meta property=\"og:type\" content=\"article\" \/>\r\n<meta property=\"og:title\" content=\"DERMACARE DERMATEINT SABLE N 20 PACK 30 ML - Paracherkaoui.ma\" \/>\r\n<meta property=\"og:description\" content=\"Description Dermateint\u00a0et une \u00e9mulsion teint\u00e9e min\u00e9rale qui corrige les imperfections en uniformisant le teint, prot\u00e8ge contre les UVs (SPF 25),\" \/>\r\n<meta property=\"og:url\" content=\"https:\/\/paracherkaoui.ma\/index.php\/produit\/dermacare-dermateint-sable-n-20-pack-30-ml\/\" \/>\r\n<meta property=\"og:site_name\" content=\"Paracherkaoui.ma\" \/>\r\n<meta property=\"article:modified_time\" content=\"2025-12-12T18:04:15+00:00\" \/>\r\n<meta property=\"og:image\" content=\"https:\/\/paracherkaoui.ma\/wp-content\/uploads\/2025\/12\/dermacare-dermacare-dermateint-sable-n-20-pack-30-ml-fonds-de-teint.jpg\" \/>\r\n\t<meta property=\"og:image:width\" content=\"700\" \/>\r\n\t<meta property=\"og:image:height\" content=\"700\" \/>\r\n\t<meta property=\"og:image:type\" content=\"image\/jpeg\" \/>\r\n<meta name=\"twitter:card\" content=\"summary_large_image\" \/>\r\n<meta name=\"twitter:label1\" content=\"Dur\u00e9e de lecture estim\u00e9e\" \/>\n\t<meta name=\"twitter:data1\" content=\"1 minute\" \/>\r\n<script type=\"application\/ld+json\" class=\"yoast-schema-graph\">{\"@context\":\"https:\/\/schema.org\",\"@graph\":[{\"@type\":\"WebPage\",\"@id\":\"https:\/\/paracherkaoui.ma\/index.php\/produit\/dermacare-dermateint-sable-n-20-pack-30-ml\/\",\"url\":\"https:\/\/paracherkaoui.ma\/index.php\/produit\/dermacare-dermateint-sable-n-20-pack-30-ml\/\",\"name\":\"DERMACARE DERMATEINT SABLE N 20 PACK 30 ML - Paracherkaoui.ma\",\"isPartOf\":{\"@id\":\"https:\/\/paracherkaoui.ma\/#website\"},\"primaryImageOfPage\":{\"@id\":\"https:\/\/paracherkaoui.ma\/index.php\/produit\/dermacare-dermateint-sable-n-20-pack-30-ml\/#primaryimage\"},\"image\":{\"@id\":\"https:\/\/paracherkaoui.ma\/index.php\/produit\/dermacare-dermateint-sable-n-20-pack-30-ml\/#primaryimage\"},\"thumbnailUrl\":\"https:\/\/paracherkaoui.ma\/wp-content\/uploads\/2025\/12\/dermacare-dermacare-dermateint-sable-n-20-pack-30-ml-fonds-de-teint.jpg\",\"datePublished\":\"2025-12-12T18:04:10+00:00\",\"dateModified\":\"2025-12-12T18:04:15+00:00\",\"breadcrumb\":{\"@id\":\"https:\/\/paracherkaoui.ma\/index.php\/produit\/dermacare-dermateint-sable-n-20-pack-30-ml\/#breadcrumb\"},\"inLanguage\":\"fr-FR\",\"potentialAction\":[{\"@type\":\"ReadAction\",\"target\":[\"https:\/\/paracherkaoui.ma\/index.php\/produit\/dermacare-dermateint-sable-n-20-pack-30-ml\/\"]}]},{\"@type\":\"ImageObject\",\"inLanguage\":\"fr-FR\",\"@id\":\"https:\/\/paracherkaoui.ma\/index.php\/produit\/dermacare-dermateint-sable-n-20-pack-30-ml\/#primaryimage\",\"url\":\"https:\/\/paracherkaoui.ma\/wp-content\/uploads\/2025\/12\/dermacare-dermacare-dermateint-sable-n-20-pack-30-ml-fonds-de-teint.jpg\",\"contentUrl\":\"https:\/\/paracherkaoui.ma\/wp-content\/uploads\/2025\/12\/dermacare-dermacare-dermateint-sable-n-20-pack-30-ml-fonds-de-teint.jpg\",\"width\":700,\"height\":700},{\"@type\":\"BreadcrumbList\",\"@id\":\"https:\/\/paracherkaoui.ma\/index.php\/produit\/dermacare-dermateint-sable-n-20-pack-30-ml\/#breadcrumb\",\"itemListElement\":[{\"@type\":\"ListItem\",\"position\":1,\"name\":\"Accueil\",\"item\":\"https:\/\/paracherkaoui.ma\/\"},{\"@type\":\"ListItem\",\"position\":2,\"name\":\"Boutique\",\"item\":\"https:\/\/paracherkaoui.ma\/index.php\/boutique\/\"},{\"@type\":\"ListItem\",\"position\":3,\"name\":\"DERMACARE DERMATEINT SABLE N 20 PACK 30 ML\"}]},{\"@type\":\"WebSite\",\"@id\":\"https:\/\/paracherkaoui.ma\/#website\",\"url\":\"https:\/\/paracherkaoui.ma\/\",\"name\":\"Paracherkaoui.ma\",\"description\":\"Achetez en ligne sur Paracherkaoui.ma\",\"potentialAction\":[{\"@type\":\"SearchAction\",\"target\":{\"@type\":\"EntryPoint\",\"urlTemplate\":\"https:\/\/paracherkaoui.ma\/?s={search_term_string}\"},\"query-input\":{\"@type\":\"PropertyValueSpecification\",\"valueRequired\":true,\"valueName\":\"search_term_string\"}}],\"inLanguage\":\"fr-FR\"}]}<\/script>\r\n<!-- \/ Yoast SEO plugin. -->","yoast_head_json":{"title":"DERMACARE DERMATEINT SABLE N 20 PACK 30 ML - Paracherkaoui.ma","robots":{"index":"index","follow":"follow","max-snippet":"max-snippet:-1","max-image-preview":"max-image-preview:large","max-video-preview":"max-video-preview:-1"},"canonical":"https:\/\/paracherkaoui.ma\/index.php\/produit\/dermacare-dermateint-sable-n-20-pack-30-ml\/","og_locale":"fr_FR","og_type":"article","og_title":"DERMACARE DERMATEINT SABLE N 20 PACK 30 ML - Paracherkaoui.ma","og_description":"Description Dermateint\u00a0et une \u00e9mulsion teint\u00e9e min\u00e9rale qui corrige les imperfections en uniformisant le teint, prot\u00e8ge contre les UVs (SPF 25),","og_url":"https:\/\/paracherkaoui.ma\/index.php\/produit\/dermacare-dermateint-sable-n-20-pack-30-ml\/","og_site_name":"Paracherkaoui.ma","article_modified_time":"2025-12-12T18:04:15+00:00","og_image":[{"width":700,"height":700,"url":"https:\/\/paracherkaoui.ma\/wp-content\/uploads\/2025\/12\/dermacare-dermacare-dermateint-sable-n-20-pack-30-ml-fonds-de-teint.jpg","type":"image\/jpeg"}],"twitter_card":"summary_large_image","twitter_misc":{"Dur\u00e9e de lecture estim\u00e9e":"1 minute"},"schema":{"@context":"https:\/\/schema.org","@graph":[{"@type":"WebPage","@id":"https:\/\/paracherkaoui.ma\/index.php\/produit\/dermacare-dermateint-sable-n-20-pack-30-ml\/","url":"https:\/\/paracherkaoui.ma\/index.php\/produit\/dermacare-dermateint-sable-n-20-pack-30-ml\/","name":"DERMACARE DERMATEINT SABLE N 20 PACK 30 ML - Paracherkaoui.ma","isPartOf":{"@id":"https:\/\/paracherkaoui.ma\/#website"},"primaryImageOfPage":{"@id":"https:\/\/paracherkaoui.ma\/index.php\/produit\/dermacare-dermateint-sable-n-20-pack-30-ml\/#primaryimage"},"image":{"@id":"https:\/\/paracherkaoui.ma\/index.php\/produit\/dermacare-dermateint-sable-n-20-pack-30-ml\/#primaryimage"},"thumbnailUrl":"https:\/\/paracherkaoui.ma\/wp-content\/uploads\/2025\/12\/dermacare-dermacare-dermateint-sable-n-20-pack-30-ml-fonds-de-teint.jpg","datePublished":"2025-12-12T18:04:10+00:00","dateModified":"2025-12-12T18:04:15+00:00","breadcrumb":{"@id":"https:\/\/paracherkaoui.ma\/index.php\/produit\/dermacare-dermateint-sable-n-20-pack-30-ml\/#breadcrumb"},"inLanguage":"fr-FR","potentialAction":[{"@type":"ReadAction","target":["https:\/\/paracherkaoui.ma\/index.php\/produit\/dermacare-dermateint-sable-n-20-pack-30-ml\/"]}]},{"@type":"ImageObject","inLanguage":"fr-FR","@id":"https:\/\/paracherkaoui.ma\/index.php\/produit\/dermacare-dermateint-sable-n-20-pack-30-ml\/#primaryimage","url":"https:\/\/paracherkaoui.ma\/wp-content\/uploads\/2025\/12\/dermacare-dermacare-dermateint-sable-n-20-pack-30-ml-fonds-de-teint.jpg","contentUrl":"https:\/\/paracherkaoui.ma\/wp-content\/uploads\/2025\/12\/dermacare-dermacare-dermateint-sable-n-20-pack-30-ml-fonds-de-teint.jpg","width":700,"height":700},{"@type":"BreadcrumbList","@id":"https:\/\/paracherkaoui.ma\/index.php\/produit\/dermacare-dermateint-sable-n-20-pack-30-ml\/#breadcrumb","itemListElement":[{"@type":"ListItem","position":1,"name":"Accueil","item":"https:\/\/paracherkaoui.ma\/"},{"@type":"ListItem","position":2,"name":"Boutique","item":"https:\/\/paracherkaoui.ma\/index.php\/boutique\/"},{"@type":"ListItem","position":3,"name":"DERMACARE DERMATEINT SABLE N 20 PACK 30 ML"}]},{"@type":"WebSite","@id":"https:\/\/paracherkaoui.ma\/#website","url":"https:\/\/paracherkaoui.ma\/","name":"Paracherkaoui.ma","description":"Achetez en ligne sur Paracherkaoui.ma","potentialAction":[{"@type":"SearchAction","target":{"@type":"EntryPoint","urlTemplate":"https:\/\/paracherkaoui.ma\/?s={search_term_string}"},"query-input":{"@type":"PropertyValueSpecification","valueRequired":true,"valueName":"search_term_string"}}],"inLanguage":"fr-FR"}]}},"_links":{"self":[{"href":"https:\/\/paracherkaoui.ma\/index.php\/wp-json\/wp\/v2\/product\/40219","targetHints":{"allow":["GET"]}}],"collection":[{"href":"https:\/\/paracherkaoui.ma\/index.php\/wp-json\/wp\/v2\/product"}],"about":[{"href":"https:\/\/paracherkaoui.ma\/index.php\/wp-json\/wp\/v2\/types\/product"}],"replies":[{"embeddable":true,"href":"https:\/\/paracherkaoui.ma\/index.php\/wp-json\/wp\/v2\/comments?post=40219"}],"version-history":[{"count":1,"href":"https:\/\/paracherkaoui.ma\/index.php\/wp-json\/wp\/v2\/product\/40219\/revisions"}],"predecessor-version":[{"id":40265,"href":"https:\/\/paracherkaoui.ma\/index.php\/wp-json\/wp\/v2\/product\/40219\/revisions\/40265"}],"wp:featuredmedia":[{"embeddable":true,"href":"https:\/\/paracherkaoui.ma\/index.php\/wp-json\/wp\/v2\/media\/40264"}],"wp:attachment":[{"href":"https:\/\/paracherkaoui.ma\/index.php\/wp-json\/wp\/v2\/media?parent=40219"}],"wp:term":[{"taxonomy":"product_brand","embeddable":true,"href":"https:\/\/paracherkaoui.ma\/index.php\/wp-json\/wp\/v2\/product_brand?post=40219"},{"taxonomy":"product_cat","embeddable":true,"href":"https:\/\/paracherkaoui.ma\/index.php\/wp-json\/wp\/v2\/product_cat?post=40219"},{"taxonomy":"product_tag","embeddable":true,"href":"https:\/\/paracherkaoui.ma\/index.php\/wp-json\/wp\/v2\/product_tag?post=40219"}],"curies":[{"name":"wp","href":"https:\/\/api.w.org\/{rel}","templated":true}]}}