{"id":40213,"date":"2025-12-12T19:04:10","date_gmt":"2025-12-12T18:04:10","guid":{"rendered":"https:\/\/test.ecbeaute.com\/?post_type=product&#038;p=40213"},"modified":"2025-12-12T19:04:14","modified_gmt":"2025-12-12T18:04:14","slug":"caudalie-vinocrush-creme-teintee-30-ml-teinte-2","status":"publish","type":"product","link":"https:\/\/paracherkaoui.ma\/index.php\/produit\/caudalie-vinocrush-creme-teintee-30-ml-teinte-2\/","title":{"rendered":"CAUDALIE VINOCRUSH CREME TEINTEE 30 ML TEINTE 2"},"content":{"rendered":"<p>La Cr\u00e8me Teint\u00e9e Vinocrush corrige et unifie la peau tout en r\u00e9haussant sa beaut\u00e9 naturelle. Ses pigments encapsul\u00e9s d\u2019origine naturelle se fondent sur la peau \u00e0 l\u2019application et r\u00e9v\u00e8lent une teinte fid\u00e8le \u00e0 votre carnation pour un teint z\u00e9ro d\u00e9faut et un fini ultra-naturel. Mi-soin, mi-maquillage, sa formule clean et naturelle \u00e0 l&rsquo;acide hyaluronique et \u00e0 l&rsquo;eau de raisin offre une peau hydrat\u00e9e et un teint lumineux tout au long de la journ\u00e9e.<br \/>\nConseils d&rsquo;utilisation:<br \/>\nA appliquer tous les matins, tous les jours<\/p>\n","protected":false},"excerpt":{"rendered":"<p>La Cr\u00e8me Teint\u00e9e Vinocrush corrige et unifie la peau tout en r\u00e9haussant sa beaut\u00e9 naturelle. Ses pigments encapsul\u00e9s d\u2019origine naturelle<\/p>\n","protected":false},"featured_media":40253,"comment_status":"open","ping_status":"closed","template":"","meta":[],"product_brand":[358],"product_cat":[702],"product_tag":[],"class_list":{"0":"post-40213","1":"product","2":"type-product","3":"status-publish","4":"has-post-thumbnail","6":"product_brand-caudalie","7":"product_cat-fonds-de-teint","9":"first","10":"instock","11":"shipping-taxable","12":"purchasable","13":"product-type-simple"},"yoast_head":"<!-- This site is optimized with the Yoast SEO plugin v26.6 - https:\/\/yoast.com\/wordpress\/plugins\/seo\/ -->\r\n<title>CAUDALIE VINOCRUSH CREME TEINTEE 30 ML TEINTE 2 - Paracherkaoui.ma<\/title>\r\n<meta name=\"robots\" content=\"index, follow, max-snippet:-1, max-image-preview:large, max-video-preview:-1\" \/>\r\n<link rel=\"canonical\" href=\"https:\/\/paracherkaoui.ma\/index.php\/produit\/caudalie-vinocrush-creme-teintee-30-ml-teinte-2\/\" \/>\r\n<meta property=\"og:locale\" content=\"fr_FR\" \/>\r\n<meta property=\"og:type\" content=\"article\" \/>\r\n<meta property=\"og:title\" content=\"CAUDALIE VINOCRUSH CREME TEINTEE 30 ML TEINTE 2 - Paracherkaoui.ma\" \/>\r\n<meta property=\"og:description\" content=\"La Cr\u00e8me Teint\u00e9e Vinocrush corrige et unifie la peau tout en r\u00e9haussant sa beaut\u00e9 naturelle. Ses pigments encapsul\u00e9s d\u2019origine naturelle\" \/>\r\n<meta property=\"og:url\" content=\"https:\/\/paracherkaoui.ma\/index.php\/produit\/caudalie-vinocrush-creme-teintee-30-ml-teinte-2\/\" \/>\r\n<meta property=\"og:site_name\" content=\"Paracherkaoui.ma\" \/>\r\n<meta property=\"article:modified_time\" content=\"2025-12-12T18:04:14+00:00\" \/>\r\n<meta property=\"og:image\" content=\"https:\/\/paracherkaoui.ma\/wp-content\/uploads\/2025\/12\/caudalie-caudalie-vinocrush-creme-teintee-30-ml-teinte-2-fonds-de-teint.jpg\" \/>\r\n\t<meta property=\"og:image:width\" content=\"700\" \/>\r\n\t<meta property=\"og:image:height\" content=\"700\" \/>\r\n\t<meta property=\"og:image:type\" content=\"image\/jpeg\" \/>\r\n<meta name=\"twitter:card\" content=\"summary_large_image\" \/>\r\n<script type=\"application\/ld+json\" class=\"yoast-schema-graph\">{\"@context\":\"https:\/\/schema.org\",\"@graph\":[{\"@type\":\"WebPage\",\"@id\":\"https:\/\/paracherkaoui.ma\/index.php\/produit\/caudalie-vinocrush-creme-teintee-30-ml-teinte-2\/\",\"url\":\"https:\/\/paracherkaoui.ma\/index.php\/produit\/caudalie-vinocrush-creme-teintee-30-ml-teinte-2\/\",\"name\":\"CAUDALIE VINOCRUSH CREME TEINTEE 30 ML TEINTE 2 - Paracherkaoui.ma\",\"isPartOf\":{\"@id\":\"https:\/\/paracherkaoui.ma\/#website\"},\"primaryImageOfPage\":{\"@id\":\"https:\/\/paracherkaoui.ma\/index.php\/produit\/caudalie-vinocrush-creme-teintee-30-ml-teinte-2\/#primaryimage\"},\"image\":{\"@id\":\"https:\/\/paracherkaoui.ma\/index.php\/produit\/caudalie-vinocrush-creme-teintee-30-ml-teinte-2\/#primaryimage\"},\"thumbnailUrl\":\"https:\/\/paracherkaoui.ma\/wp-content\/uploads\/2025\/12\/caudalie-caudalie-vinocrush-creme-teintee-30-ml-teinte-2-fonds-de-teint.jpg\",\"datePublished\":\"2025-12-12T18:04:10+00:00\",\"dateModified\":\"2025-12-12T18:04:14+00:00\",\"breadcrumb\":{\"@id\":\"https:\/\/paracherkaoui.ma\/index.php\/produit\/caudalie-vinocrush-creme-teintee-30-ml-teinte-2\/#breadcrumb\"},\"inLanguage\":\"fr-FR\",\"potentialAction\":[{\"@type\":\"ReadAction\",\"target\":[\"https:\/\/paracherkaoui.ma\/index.php\/produit\/caudalie-vinocrush-creme-teintee-30-ml-teinte-2\/\"]}]},{\"@type\":\"ImageObject\",\"inLanguage\":\"fr-FR\",\"@id\":\"https:\/\/paracherkaoui.ma\/index.php\/produit\/caudalie-vinocrush-creme-teintee-30-ml-teinte-2\/#primaryimage\",\"url\":\"https:\/\/paracherkaoui.ma\/wp-content\/uploads\/2025\/12\/caudalie-caudalie-vinocrush-creme-teintee-30-ml-teinte-2-fonds-de-teint.jpg\",\"contentUrl\":\"https:\/\/paracherkaoui.ma\/wp-content\/uploads\/2025\/12\/caudalie-caudalie-vinocrush-creme-teintee-30-ml-teinte-2-fonds-de-teint.jpg\",\"width\":700,\"height\":700},{\"@type\":\"BreadcrumbList\",\"@id\":\"https:\/\/paracherkaoui.ma\/index.php\/produit\/caudalie-vinocrush-creme-teintee-30-ml-teinte-2\/#breadcrumb\",\"itemListElement\":[{\"@type\":\"ListItem\",\"position\":1,\"name\":\"Accueil\",\"item\":\"https:\/\/paracherkaoui.ma\/\"},{\"@type\":\"ListItem\",\"position\":2,\"name\":\"Boutique\",\"item\":\"https:\/\/paracherkaoui.ma\/index.php\/boutique\/\"},{\"@type\":\"ListItem\",\"position\":3,\"name\":\"CAUDALIE VINOCRUSH CREME TEINTEE 30 ML TEINTE 2\"}]},{\"@type\":\"WebSite\",\"@id\":\"https:\/\/paracherkaoui.ma\/#website\",\"url\":\"https:\/\/paracherkaoui.ma\/\",\"name\":\"Paracherkaoui.ma\",\"description\":\"Achetez en ligne sur Paracherkaoui.ma\",\"potentialAction\":[{\"@type\":\"SearchAction\",\"target\":{\"@type\":\"EntryPoint\",\"urlTemplate\":\"https:\/\/paracherkaoui.ma\/?s={search_term_string}\"},\"query-input\":{\"@type\":\"PropertyValueSpecification\",\"valueRequired\":true,\"valueName\":\"search_term_string\"}}],\"inLanguage\":\"fr-FR\"}]}<\/script>\r\n<!-- \/ Yoast SEO plugin. -->","yoast_head_json":{"title":"CAUDALIE VINOCRUSH CREME TEINTEE 30 ML TEINTE 2 - Paracherkaoui.ma","robots":{"index":"index","follow":"follow","max-snippet":"max-snippet:-1","max-image-preview":"max-image-preview:large","max-video-preview":"max-video-preview:-1"},"canonical":"https:\/\/paracherkaoui.ma\/index.php\/produit\/caudalie-vinocrush-creme-teintee-30-ml-teinte-2\/","og_locale":"fr_FR","og_type":"article","og_title":"CAUDALIE VINOCRUSH CREME TEINTEE 30 ML TEINTE 2 - Paracherkaoui.ma","og_description":"La Cr\u00e8me Teint\u00e9e Vinocrush corrige et unifie la peau tout en r\u00e9haussant sa beaut\u00e9 naturelle. Ses pigments encapsul\u00e9s d\u2019origine naturelle","og_url":"https:\/\/paracherkaoui.ma\/index.php\/produit\/caudalie-vinocrush-creme-teintee-30-ml-teinte-2\/","og_site_name":"Paracherkaoui.ma","article_modified_time":"2025-12-12T18:04:14+00:00","og_image":[{"width":700,"height":700,"url":"https:\/\/paracherkaoui.ma\/wp-content\/uploads\/2025\/12\/caudalie-caudalie-vinocrush-creme-teintee-30-ml-teinte-2-fonds-de-teint.jpg","type":"image\/jpeg"}],"twitter_card":"summary_large_image","schema":{"@context":"https:\/\/schema.org","@graph":[{"@type":"WebPage","@id":"https:\/\/paracherkaoui.ma\/index.php\/produit\/caudalie-vinocrush-creme-teintee-30-ml-teinte-2\/","url":"https:\/\/paracherkaoui.ma\/index.php\/produit\/caudalie-vinocrush-creme-teintee-30-ml-teinte-2\/","name":"CAUDALIE VINOCRUSH CREME TEINTEE 30 ML TEINTE 2 - Paracherkaoui.ma","isPartOf":{"@id":"https:\/\/paracherkaoui.ma\/#website"},"primaryImageOfPage":{"@id":"https:\/\/paracherkaoui.ma\/index.php\/produit\/caudalie-vinocrush-creme-teintee-30-ml-teinte-2\/#primaryimage"},"image":{"@id":"https:\/\/paracherkaoui.ma\/index.php\/produit\/caudalie-vinocrush-creme-teintee-30-ml-teinte-2\/#primaryimage"},"thumbnailUrl":"https:\/\/paracherkaoui.ma\/wp-content\/uploads\/2025\/12\/caudalie-caudalie-vinocrush-creme-teintee-30-ml-teinte-2-fonds-de-teint.jpg","datePublished":"2025-12-12T18:04:10+00:00","dateModified":"2025-12-12T18:04:14+00:00","breadcrumb":{"@id":"https:\/\/paracherkaoui.ma\/index.php\/produit\/caudalie-vinocrush-creme-teintee-30-ml-teinte-2\/#breadcrumb"},"inLanguage":"fr-FR","potentialAction":[{"@type":"ReadAction","target":["https:\/\/paracherkaoui.ma\/index.php\/produit\/caudalie-vinocrush-creme-teintee-30-ml-teinte-2\/"]}]},{"@type":"ImageObject","inLanguage":"fr-FR","@id":"https:\/\/paracherkaoui.ma\/index.php\/produit\/caudalie-vinocrush-creme-teintee-30-ml-teinte-2\/#primaryimage","url":"https:\/\/paracherkaoui.ma\/wp-content\/uploads\/2025\/12\/caudalie-caudalie-vinocrush-creme-teintee-30-ml-teinte-2-fonds-de-teint.jpg","contentUrl":"https:\/\/paracherkaoui.ma\/wp-content\/uploads\/2025\/12\/caudalie-caudalie-vinocrush-creme-teintee-30-ml-teinte-2-fonds-de-teint.jpg","width":700,"height":700},{"@type":"BreadcrumbList","@id":"https:\/\/paracherkaoui.ma\/index.php\/produit\/caudalie-vinocrush-creme-teintee-30-ml-teinte-2\/#breadcrumb","itemListElement":[{"@type":"ListItem","position":1,"name":"Accueil","item":"https:\/\/paracherkaoui.ma\/"},{"@type":"ListItem","position":2,"name":"Boutique","item":"https:\/\/paracherkaoui.ma\/index.php\/boutique\/"},{"@type":"ListItem","position":3,"name":"CAUDALIE VINOCRUSH CREME TEINTEE 30 ML TEINTE 2"}]},{"@type":"WebSite","@id":"https:\/\/paracherkaoui.ma\/#website","url":"https:\/\/paracherkaoui.ma\/","name":"Paracherkaoui.ma","description":"Achetez en ligne sur Paracherkaoui.ma","potentialAction":[{"@type":"SearchAction","target":{"@type":"EntryPoint","urlTemplate":"https:\/\/paracherkaoui.ma\/?s={search_term_string}"},"query-input":{"@type":"PropertyValueSpecification","valueRequired":true,"valueName":"search_term_string"}}],"inLanguage":"fr-FR"}]}},"_links":{"self":[{"href":"https:\/\/paracherkaoui.ma\/index.php\/wp-json\/wp\/v2\/product\/40213","targetHints":{"allow":["GET"]}}],"collection":[{"href":"https:\/\/paracherkaoui.ma\/index.php\/wp-json\/wp\/v2\/product"}],"about":[{"href":"https:\/\/paracherkaoui.ma\/index.php\/wp-json\/wp\/v2\/types\/product"}],"replies":[{"embeddable":true,"href":"https:\/\/paracherkaoui.ma\/index.php\/wp-json\/wp\/v2\/comments?post=40213"}],"version-history":[{"count":1,"href":"https:\/\/paracherkaoui.ma\/index.php\/wp-json\/wp\/v2\/product\/40213\/revisions"}],"predecessor-version":[{"id":40254,"href":"https:\/\/paracherkaoui.ma\/index.php\/wp-json\/wp\/v2\/product\/40213\/revisions\/40254"}],"wp:featuredmedia":[{"embeddable":true,"href":"https:\/\/paracherkaoui.ma\/index.php\/wp-json\/wp\/v2\/media\/40253"}],"wp:attachment":[{"href":"https:\/\/paracherkaoui.ma\/index.php\/wp-json\/wp\/v2\/media?parent=40213"}],"wp:term":[{"taxonomy":"product_brand","embeddable":true,"href":"https:\/\/paracherkaoui.ma\/index.php\/wp-json\/wp\/v2\/product_brand?post=40213"},{"taxonomy":"product_cat","embeddable":true,"href":"https:\/\/paracherkaoui.ma\/index.php\/wp-json\/wp\/v2\/product_cat?post=40213"},{"taxonomy":"product_tag","embeddable":true,"href":"https:\/\/paracherkaoui.ma\/index.php\/wp-json\/wp\/v2\/product_tag?post=40213"}],"curies":[{"name":"wp","href":"https:\/\/api.w.org\/{rel}","templated":true}]}}