{"id":40118,"date":"2025-12-12T19:04:01","date_gmt":"2025-12-12T18:04:01","guid":{"rendered":"https:\/\/test.ecbeaute.com\/?post_type=product&#038;p=40118"},"modified":"2025-12-12T19:04:04","modified_gmt":"2025-12-12T18:04:04","slug":"uriage-roseliane-cc-cream-spf30-teinte-medium-4","status":"publish","type":"product","link":"https:\/\/paracherkaoui.ma\/index.php\/produit\/uriage-roseliane-cc-cream-spf30-teinte-medium-4\/","title":{"rendered":"URIAGE ROSELIANE CC CREAM SPF30 TEINTE MEDIUM"},"content":{"rendered":"<p>Description:<br \/>\nUne cr\u00e8me onctueuse qui est l\u2019alliance parfaite entre un soin et un maquillage couvrant. Formule non grasse pour une application rapide. Elle camoufle les rougeurs, unifie le teint et l\u2019illumine tout en la prot\u00e9geant des UV gr\u00e2ce \u00e0 son SPF30. Elle procure d\u00e8s l\u2019application un confort imm\u00e9diat, laisse la peau douce, parfaitement hydrat\u00e9e et apais\u00e9e.<br \/>\nConseils d&rsquo;utilisation:<br \/>\nAppliquez quotidiennement sur l\u2019ensemble du visage, \u00e0 la place de votre soin et votre fond de teint.<\/p>\n","protected":false},"excerpt":{"rendered":"<p>Description: Une cr\u00e8me onctueuse qui est l\u2019alliance parfaite entre un soin et un maquillage couvrant. Formule non grasse pour une<\/p>\n","protected":false},"featured_media":11625,"comment_status":"open","ping_status":"closed","template":"","meta":[],"product_brand":[130],"product_cat":[702],"product_tag":[],"class_list":{"0":"post-40118","1":"product","2":"type-product","3":"status-publish","4":"has-post-thumbnail","6":"product_brand-uriage","7":"product_cat-fonds-de-teint","9":"first","10":"instock","11":"sale","12":"shipping-taxable","13":"purchasable","14":"product-type-simple"},"yoast_head":"<!-- This site is optimized with the Yoast SEO plugin v26.6 - https:\/\/yoast.com\/wordpress\/plugins\/seo\/ -->\r\n<title>URIAGE ROSELIANE CC CREAM SPF30 TEINTE MEDIUM - Paracherkaoui.ma<\/title>\r\n<meta name=\"robots\" content=\"index, follow, max-snippet:-1, max-image-preview:large, max-video-preview:-1\" \/>\r\n<link rel=\"canonical\" href=\"https:\/\/paracherkaoui.ma\/index.php\/produit\/uriage-roseliane-cc-cream-spf30-teinte-medium-4\/\" \/>\r\n<meta property=\"og:locale\" content=\"fr_FR\" \/>\r\n<meta property=\"og:type\" content=\"article\" \/>\r\n<meta property=\"og:title\" content=\"URIAGE ROSELIANE CC CREAM SPF30 TEINTE MEDIUM - Paracherkaoui.ma\" \/>\r\n<meta property=\"og:description\" content=\"Description: Une cr\u00e8me onctueuse qui est l\u2019alliance parfaite entre un soin et un maquillage couvrant. Formule non grasse pour une\" \/>\r\n<meta property=\"og:url\" content=\"https:\/\/paracherkaoui.ma\/index.php\/produit\/uriage-roseliane-cc-cream-spf30-teinte-medium-4\/\" \/>\r\n<meta property=\"og:site_name\" content=\"Paracherkaoui.ma\" \/>\r\n<meta property=\"article:modified_time\" content=\"2025-12-12T18:04:04+00:00\" \/>\r\n<meta property=\"og:image\" content=\"https:\/\/paracherkaoui.ma\/wp-content\/uploads\/2025\/12\/uriage-uriage-roseliane-cc-cream-spf30-teinte-medium-fonds-de-teint.jpg\" \/>\r\n\t<meta property=\"og:image:width\" content=\"700\" \/>\r\n\t<meta property=\"og:image:height\" content=\"700\" \/>\r\n\t<meta property=\"og:image:type\" content=\"image\/jpeg\" \/>\r\n<meta name=\"twitter:card\" content=\"summary_large_image\" \/>\r\n<script type=\"application\/ld+json\" class=\"yoast-schema-graph\">{\"@context\":\"https:\/\/schema.org\",\"@graph\":[{\"@type\":\"WebPage\",\"@id\":\"https:\/\/paracherkaoui.ma\/index.php\/produit\/uriage-roseliane-cc-cream-spf30-teinte-medium-4\/\",\"url\":\"https:\/\/paracherkaoui.ma\/index.php\/produit\/uriage-roseliane-cc-cream-spf30-teinte-medium-4\/\",\"name\":\"URIAGE ROSELIANE CC CREAM SPF30 TEINTE MEDIUM - Paracherkaoui.ma\",\"isPartOf\":{\"@id\":\"https:\/\/paracherkaoui.ma\/#website\"},\"primaryImageOfPage\":{\"@id\":\"https:\/\/paracherkaoui.ma\/index.php\/produit\/uriage-roseliane-cc-cream-spf30-teinte-medium-4\/#primaryimage\"},\"image\":{\"@id\":\"https:\/\/paracherkaoui.ma\/index.php\/produit\/uriage-roseliane-cc-cream-spf30-teinte-medium-4\/#primaryimage\"},\"thumbnailUrl\":\"https:\/\/paracherkaoui.ma\/wp-content\/uploads\/2025\/12\/uriage-uriage-roseliane-cc-cream-spf30-teinte-medium-fonds-de-teint.jpg\",\"datePublished\":\"2025-12-12T18:04:01+00:00\",\"dateModified\":\"2025-12-12T18:04:04+00:00\",\"breadcrumb\":{\"@id\":\"https:\/\/paracherkaoui.ma\/index.php\/produit\/uriage-roseliane-cc-cream-spf30-teinte-medium-4\/#breadcrumb\"},\"inLanguage\":\"fr-FR\",\"potentialAction\":[{\"@type\":\"ReadAction\",\"target\":[\"https:\/\/paracherkaoui.ma\/index.php\/produit\/uriage-roseliane-cc-cream-spf30-teinte-medium-4\/\"]}]},{\"@type\":\"ImageObject\",\"inLanguage\":\"fr-FR\",\"@id\":\"https:\/\/paracherkaoui.ma\/index.php\/produit\/uriage-roseliane-cc-cream-spf30-teinte-medium-4\/#primaryimage\",\"url\":\"https:\/\/paracherkaoui.ma\/wp-content\/uploads\/2025\/12\/uriage-uriage-roseliane-cc-cream-spf30-teinte-medium-fonds-de-teint.jpg\",\"contentUrl\":\"https:\/\/paracherkaoui.ma\/wp-content\/uploads\/2025\/12\/uriage-uriage-roseliane-cc-cream-spf30-teinte-medium-fonds-de-teint.jpg\",\"width\":700,\"height\":700},{\"@type\":\"BreadcrumbList\",\"@id\":\"https:\/\/paracherkaoui.ma\/index.php\/produit\/uriage-roseliane-cc-cream-spf30-teinte-medium-4\/#breadcrumb\",\"itemListElement\":[{\"@type\":\"ListItem\",\"position\":1,\"name\":\"Accueil\",\"item\":\"https:\/\/paracherkaoui.ma\/\"},{\"@type\":\"ListItem\",\"position\":2,\"name\":\"Boutique\",\"item\":\"https:\/\/paracherkaoui.ma\/index.php\/boutique\/\"},{\"@type\":\"ListItem\",\"position\":3,\"name\":\"URIAGE ROSELIANE CC CREAM SPF30 TEINTE MEDIUM\"}]},{\"@type\":\"WebSite\",\"@id\":\"https:\/\/paracherkaoui.ma\/#website\",\"url\":\"https:\/\/paracherkaoui.ma\/\",\"name\":\"Paracherkaoui.ma\",\"description\":\"Achetez en ligne sur Paracherkaoui.ma\",\"potentialAction\":[{\"@type\":\"SearchAction\",\"target\":{\"@type\":\"EntryPoint\",\"urlTemplate\":\"https:\/\/paracherkaoui.ma\/?s={search_term_string}\"},\"query-input\":{\"@type\":\"PropertyValueSpecification\",\"valueRequired\":true,\"valueName\":\"search_term_string\"}}],\"inLanguage\":\"fr-FR\"}]}<\/script>\r\n<!-- \/ Yoast SEO plugin. -->","yoast_head_json":{"title":"URIAGE ROSELIANE CC CREAM SPF30 TEINTE MEDIUM - Paracherkaoui.ma","robots":{"index":"index","follow":"follow","max-snippet":"max-snippet:-1","max-image-preview":"max-image-preview:large","max-video-preview":"max-video-preview:-1"},"canonical":"https:\/\/paracherkaoui.ma\/index.php\/produit\/uriage-roseliane-cc-cream-spf30-teinte-medium-4\/","og_locale":"fr_FR","og_type":"article","og_title":"URIAGE ROSELIANE CC CREAM SPF30 TEINTE MEDIUM - Paracherkaoui.ma","og_description":"Description: Une cr\u00e8me onctueuse qui est l\u2019alliance parfaite entre un soin et un maquillage couvrant. Formule non grasse pour une","og_url":"https:\/\/paracherkaoui.ma\/index.php\/produit\/uriage-roseliane-cc-cream-spf30-teinte-medium-4\/","og_site_name":"Paracherkaoui.ma","article_modified_time":"2025-12-12T18:04:04+00:00","og_image":[{"width":700,"height":700,"url":"https:\/\/paracherkaoui.ma\/wp-content\/uploads\/2025\/12\/uriage-uriage-roseliane-cc-cream-spf30-teinte-medium-fonds-de-teint.jpg","type":"image\/jpeg"}],"twitter_card":"summary_large_image","schema":{"@context":"https:\/\/schema.org","@graph":[{"@type":"WebPage","@id":"https:\/\/paracherkaoui.ma\/index.php\/produit\/uriage-roseliane-cc-cream-spf30-teinte-medium-4\/","url":"https:\/\/paracherkaoui.ma\/index.php\/produit\/uriage-roseliane-cc-cream-spf30-teinte-medium-4\/","name":"URIAGE ROSELIANE CC CREAM SPF30 TEINTE MEDIUM - Paracherkaoui.ma","isPartOf":{"@id":"https:\/\/paracherkaoui.ma\/#website"},"primaryImageOfPage":{"@id":"https:\/\/paracherkaoui.ma\/index.php\/produit\/uriage-roseliane-cc-cream-spf30-teinte-medium-4\/#primaryimage"},"image":{"@id":"https:\/\/paracherkaoui.ma\/index.php\/produit\/uriage-roseliane-cc-cream-spf30-teinte-medium-4\/#primaryimage"},"thumbnailUrl":"https:\/\/paracherkaoui.ma\/wp-content\/uploads\/2025\/12\/uriage-uriage-roseliane-cc-cream-spf30-teinte-medium-fonds-de-teint.jpg","datePublished":"2025-12-12T18:04:01+00:00","dateModified":"2025-12-12T18:04:04+00:00","breadcrumb":{"@id":"https:\/\/paracherkaoui.ma\/index.php\/produit\/uriage-roseliane-cc-cream-spf30-teinte-medium-4\/#breadcrumb"},"inLanguage":"fr-FR","potentialAction":[{"@type":"ReadAction","target":["https:\/\/paracherkaoui.ma\/index.php\/produit\/uriage-roseliane-cc-cream-spf30-teinte-medium-4\/"]}]},{"@type":"ImageObject","inLanguage":"fr-FR","@id":"https:\/\/paracherkaoui.ma\/index.php\/produit\/uriage-roseliane-cc-cream-spf30-teinte-medium-4\/#primaryimage","url":"https:\/\/paracherkaoui.ma\/wp-content\/uploads\/2025\/12\/uriage-uriage-roseliane-cc-cream-spf30-teinte-medium-fonds-de-teint.jpg","contentUrl":"https:\/\/paracherkaoui.ma\/wp-content\/uploads\/2025\/12\/uriage-uriage-roseliane-cc-cream-spf30-teinte-medium-fonds-de-teint.jpg","width":700,"height":700},{"@type":"BreadcrumbList","@id":"https:\/\/paracherkaoui.ma\/index.php\/produit\/uriage-roseliane-cc-cream-spf30-teinte-medium-4\/#breadcrumb","itemListElement":[{"@type":"ListItem","position":1,"name":"Accueil","item":"https:\/\/paracherkaoui.ma\/"},{"@type":"ListItem","position":2,"name":"Boutique","item":"https:\/\/paracherkaoui.ma\/index.php\/boutique\/"},{"@type":"ListItem","position":3,"name":"URIAGE ROSELIANE CC CREAM SPF30 TEINTE MEDIUM"}]},{"@type":"WebSite","@id":"https:\/\/paracherkaoui.ma\/#website","url":"https:\/\/paracherkaoui.ma\/","name":"Paracherkaoui.ma","description":"Achetez en ligne sur Paracherkaoui.ma","potentialAction":[{"@type":"SearchAction","target":{"@type":"EntryPoint","urlTemplate":"https:\/\/paracherkaoui.ma\/?s={search_term_string}"},"query-input":{"@type":"PropertyValueSpecification","valueRequired":true,"valueName":"search_term_string"}}],"inLanguage":"fr-FR"}]}},"_links":{"self":[{"href":"https:\/\/paracherkaoui.ma\/index.php\/wp-json\/wp\/v2\/product\/40118","targetHints":{"allow":["GET"]}}],"collection":[{"href":"https:\/\/paracherkaoui.ma\/index.php\/wp-json\/wp\/v2\/product"}],"about":[{"href":"https:\/\/paracherkaoui.ma\/index.php\/wp-json\/wp\/v2\/types\/product"}],"replies":[{"embeddable":true,"href":"https:\/\/paracherkaoui.ma\/index.php\/wp-json\/wp\/v2\/comments?post=40118"}],"version-history":[{"count":1,"href":"https:\/\/paracherkaoui.ma\/index.php\/wp-json\/wp\/v2\/product\/40118\/revisions"}],"predecessor-version":[{"id":40149,"href":"https:\/\/paracherkaoui.ma\/index.php\/wp-json\/wp\/v2\/product\/40118\/revisions\/40149"}],"wp:featuredmedia":[{"embeddable":true,"href":"https:\/\/paracherkaoui.ma\/index.php\/wp-json\/wp\/v2\/media\/11625"}],"wp:attachment":[{"href":"https:\/\/paracherkaoui.ma\/index.php\/wp-json\/wp\/v2\/media?parent=40118"}],"wp:term":[{"taxonomy":"product_brand","embeddable":true,"href":"https:\/\/paracherkaoui.ma\/index.php\/wp-json\/wp\/v2\/product_brand?post=40118"},{"taxonomy":"product_cat","embeddable":true,"href":"https:\/\/paracherkaoui.ma\/index.php\/wp-json\/wp\/v2\/product_cat?post=40118"},{"taxonomy":"product_tag","embeddable":true,"href":"https:\/\/paracherkaoui.ma\/index.php\/wp-json\/wp\/v2\/product_tag?post=40118"}],"curies":[{"name":"wp","href":"https:\/\/api.w.org\/{rel}","templated":true}]}}