{"id":39989,"date":"2025-12-12T19:03:34","date_gmt":"2025-12-12T18:03:34","guid":{"rendered":"https:\/\/test.ecbeaute.com\/?post_type=product&#038;p=39989"},"modified":"2025-12-12T19:03:42","modified_gmt":"2025-12-12T18:03:42","slug":"camaleon-magic-blush-noir-et-rose","status":"publish","type":"product","link":"https:\/\/paracherkaoui.ma\/index.php\/produit\/camaleon-magic-blush-noir-et-rose\/","title":{"rendered":"CAMALEON MAGIC BLUSH NOIR ET ROSE"},"content":{"rendered":"<p>Blush cr\u00e8me noir longue tenue qui change de couleur au contact de la peau, laissant \u00e0 vos joues une couleur rose l\u00e9g\u00e8rement intense qui donne \u00e0 votre visage un aspect radieux.<\/p>\n","protected":false},"excerpt":{"rendered":"<p>Blush cr\u00e8me noir longue tenue qui change de couleur au contact de la peau, laissant \u00e0 vos joues une couleur<\/p>\n","protected":false},"featured_media":40042,"comment_status":"open","ping_status":"closed","template":"","meta":[],"product_brand":[554],"product_cat":[699],"product_tag":[],"class_list":{"0":"post-39989","1":"product","2":"type-product","3":"status-publish","4":"has-post-thumbnail","6":"product_brand-camaleon","7":"product_cat-blush","9":"first","10":"instock","11":"shipping-taxable","12":"purchasable","13":"product-type-simple"},"yoast_head":"<!-- This site is optimized with the Yoast SEO plugin v26.6 - https:\/\/yoast.com\/wordpress\/plugins\/seo\/ -->\r\n<title>CAMALEON MAGIC BLUSH NOIR ET ROSE - Paracherkaoui.ma<\/title>\r\n<meta name=\"robots\" content=\"index, follow, max-snippet:-1, max-image-preview:large, max-video-preview:-1\" \/>\r\n<link rel=\"canonical\" href=\"https:\/\/paracherkaoui.ma\/index.php\/produit\/camaleon-magic-blush-noir-et-rose\/\" \/>\r\n<meta property=\"og:locale\" content=\"fr_FR\" \/>\r\n<meta property=\"og:type\" content=\"article\" \/>\r\n<meta property=\"og:title\" content=\"CAMALEON MAGIC BLUSH NOIR ET ROSE - Paracherkaoui.ma\" \/>\r\n<meta property=\"og:description\" content=\"Blush cr\u00e8me noir longue tenue qui change de couleur au contact de la peau, laissant \u00e0 vos joues une couleur\" \/>\r\n<meta property=\"og:url\" content=\"https:\/\/paracherkaoui.ma\/index.php\/produit\/camaleon-magic-blush-noir-et-rose\/\" \/>\r\n<meta property=\"og:site_name\" content=\"Paracherkaoui.ma\" \/>\r\n<meta property=\"article:modified_time\" content=\"2025-12-12T18:03:42+00:00\" \/>\r\n<meta property=\"og:image\" content=\"https:\/\/paracherkaoui.ma\/wp-content\/uploads\/2025\/12\/camaleon-camaleon-magic-blush-noir-et-rose-blush.jpg\" \/>\r\n\t<meta property=\"og:image:width\" content=\"700\" \/>\r\n\t<meta property=\"og:image:height\" content=\"700\" \/>\r\n\t<meta property=\"og:image:type\" content=\"image\/jpeg\" \/>\r\n<meta name=\"twitter:card\" content=\"summary_large_image\" \/>\r\n<script type=\"application\/ld+json\" class=\"yoast-schema-graph\">{\"@context\":\"https:\/\/schema.org\",\"@graph\":[{\"@type\":\"WebPage\",\"@id\":\"https:\/\/paracherkaoui.ma\/index.php\/produit\/camaleon-magic-blush-noir-et-rose\/\",\"url\":\"https:\/\/paracherkaoui.ma\/index.php\/produit\/camaleon-magic-blush-noir-et-rose\/\",\"name\":\"CAMALEON MAGIC BLUSH NOIR ET ROSE - Paracherkaoui.ma\",\"isPartOf\":{\"@id\":\"https:\/\/paracherkaoui.ma\/#website\"},\"primaryImageOfPage\":{\"@id\":\"https:\/\/paracherkaoui.ma\/index.php\/produit\/camaleon-magic-blush-noir-et-rose\/#primaryimage\"},\"image\":{\"@id\":\"https:\/\/paracherkaoui.ma\/index.php\/produit\/camaleon-magic-blush-noir-et-rose\/#primaryimage\"},\"thumbnailUrl\":\"https:\/\/paracherkaoui.ma\/wp-content\/uploads\/2025\/12\/camaleon-camaleon-magic-blush-noir-et-rose-blush.jpg\",\"datePublished\":\"2025-12-12T18:03:34+00:00\",\"dateModified\":\"2025-12-12T18:03:42+00:00\",\"breadcrumb\":{\"@id\":\"https:\/\/paracherkaoui.ma\/index.php\/produit\/camaleon-magic-blush-noir-et-rose\/#breadcrumb\"},\"inLanguage\":\"fr-FR\",\"potentialAction\":[{\"@type\":\"ReadAction\",\"target\":[\"https:\/\/paracherkaoui.ma\/index.php\/produit\/camaleon-magic-blush-noir-et-rose\/\"]}]},{\"@type\":\"ImageObject\",\"inLanguage\":\"fr-FR\",\"@id\":\"https:\/\/paracherkaoui.ma\/index.php\/produit\/camaleon-magic-blush-noir-et-rose\/#primaryimage\",\"url\":\"https:\/\/paracherkaoui.ma\/wp-content\/uploads\/2025\/12\/camaleon-camaleon-magic-blush-noir-et-rose-blush.jpg\",\"contentUrl\":\"https:\/\/paracherkaoui.ma\/wp-content\/uploads\/2025\/12\/camaleon-camaleon-magic-blush-noir-et-rose-blush.jpg\",\"width\":700,\"height\":700},{\"@type\":\"BreadcrumbList\",\"@id\":\"https:\/\/paracherkaoui.ma\/index.php\/produit\/camaleon-magic-blush-noir-et-rose\/#breadcrumb\",\"itemListElement\":[{\"@type\":\"ListItem\",\"position\":1,\"name\":\"Accueil\",\"item\":\"https:\/\/paracherkaoui.ma\/\"},{\"@type\":\"ListItem\",\"position\":2,\"name\":\"Boutique\",\"item\":\"https:\/\/paracherkaoui.ma\/index.php\/boutique\/\"},{\"@type\":\"ListItem\",\"position\":3,\"name\":\"CAMALEON MAGIC BLUSH NOIR ET ROSE\"}]},{\"@type\":\"WebSite\",\"@id\":\"https:\/\/paracherkaoui.ma\/#website\",\"url\":\"https:\/\/paracherkaoui.ma\/\",\"name\":\"Paracherkaoui.ma\",\"description\":\"Achetez en ligne sur Paracherkaoui.ma\",\"potentialAction\":[{\"@type\":\"SearchAction\",\"target\":{\"@type\":\"EntryPoint\",\"urlTemplate\":\"https:\/\/paracherkaoui.ma\/?s={search_term_string}\"},\"query-input\":{\"@type\":\"PropertyValueSpecification\",\"valueRequired\":true,\"valueName\":\"search_term_string\"}}],\"inLanguage\":\"fr-FR\"}]}<\/script>\r\n<!-- \/ Yoast SEO plugin. -->","yoast_head_json":{"title":"CAMALEON MAGIC BLUSH NOIR ET ROSE - Paracherkaoui.ma","robots":{"index":"index","follow":"follow","max-snippet":"max-snippet:-1","max-image-preview":"max-image-preview:large","max-video-preview":"max-video-preview:-1"},"canonical":"https:\/\/paracherkaoui.ma\/index.php\/produit\/camaleon-magic-blush-noir-et-rose\/","og_locale":"fr_FR","og_type":"article","og_title":"CAMALEON MAGIC BLUSH NOIR ET ROSE - Paracherkaoui.ma","og_description":"Blush cr\u00e8me noir longue tenue qui change de couleur au contact de la peau, laissant \u00e0 vos joues une couleur","og_url":"https:\/\/paracherkaoui.ma\/index.php\/produit\/camaleon-magic-blush-noir-et-rose\/","og_site_name":"Paracherkaoui.ma","article_modified_time":"2025-12-12T18:03:42+00:00","og_image":[{"width":700,"height":700,"url":"https:\/\/paracherkaoui.ma\/wp-content\/uploads\/2025\/12\/camaleon-camaleon-magic-blush-noir-et-rose-blush.jpg","type":"image\/jpeg"}],"twitter_card":"summary_large_image","schema":{"@context":"https:\/\/schema.org","@graph":[{"@type":"WebPage","@id":"https:\/\/paracherkaoui.ma\/index.php\/produit\/camaleon-magic-blush-noir-et-rose\/","url":"https:\/\/paracherkaoui.ma\/index.php\/produit\/camaleon-magic-blush-noir-et-rose\/","name":"CAMALEON MAGIC BLUSH NOIR ET ROSE - Paracherkaoui.ma","isPartOf":{"@id":"https:\/\/paracherkaoui.ma\/#website"},"primaryImageOfPage":{"@id":"https:\/\/paracherkaoui.ma\/index.php\/produit\/camaleon-magic-blush-noir-et-rose\/#primaryimage"},"image":{"@id":"https:\/\/paracherkaoui.ma\/index.php\/produit\/camaleon-magic-blush-noir-et-rose\/#primaryimage"},"thumbnailUrl":"https:\/\/paracherkaoui.ma\/wp-content\/uploads\/2025\/12\/camaleon-camaleon-magic-blush-noir-et-rose-blush.jpg","datePublished":"2025-12-12T18:03:34+00:00","dateModified":"2025-12-12T18:03:42+00:00","breadcrumb":{"@id":"https:\/\/paracherkaoui.ma\/index.php\/produit\/camaleon-magic-blush-noir-et-rose\/#breadcrumb"},"inLanguage":"fr-FR","potentialAction":[{"@type":"ReadAction","target":["https:\/\/paracherkaoui.ma\/index.php\/produit\/camaleon-magic-blush-noir-et-rose\/"]}]},{"@type":"ImageObject","inLanguage":"fr-FR","@id":"https:\/\/paracherkaoui.ma\/index.php\/produit\/camaleon-magic-blush-noir-et-rose\/#primaryimage","url":"https:\/\/paracherkaoui.ma\/wp-content\/uploads\/2025\/12\/camaleon-camaleon-magic-blush-noir-et-rose-blush.jpg","contentUrl":"https:\/\/paracherkaoui.ma\/wp-content\/uploads\/2025\/12\/camaleon-camaleon-magic-blush-noir-et-rose-blush.jpg","width":700,"height":700},{"@type":"BreadcrumbList","@id":"https:\/\/paracherkaoui.ma\/index.php\/produit\/camaleon-magic-blush-noir-et-rose\/#breadcrumb","itemListElement":[{"@type":"ListItem","position":1,"name":"Accueil","item":"https:\/\/paracherkaoui.ma\/"},{"@type":"ListItem","position":2,"name":"Boutique","item":"https:\/\/paracherkaoui.ma\/index.php\/boutique\/"},{"@type":"ListItem","position":3,"name":"CAMALEON MAGIC BLUSH NOIR ET ROSE"}]},{"@type":"WebSite","@id":"https:\/\/paracherkaoui.ma\/#website","url":"https:\/\/paracherkaoui.ma\/","name":"Paracherkaoui.ma","description":"Achetez en ligne sur Paracherkaoui.ma","potentialAction":[{"@type":"SearchAction","target":{"@type":"EntryPoint","urlTemplate":"https:\/\/paracherkaoui.ma\/?s={search_term_string}"},"query-input":{"@type":"PropertyValueSpecification","valueRequired":true,"valueName":"search_term_string"}}],"inLanguage":"fr-FR"}]}},"_links":{"self":[{"href":"https:\/\/paracherkaoui.ma\/index.php\/wp-json\/wp\/v2\/product\/39989","targetHints":{"allow":["GET"]}}],"collection":[{"href":"https:\/\/paracherkaoui.ma\/index.php\/wp-json\/wp\/v2\/product"}],"about":[{"href":"https:\/\/paracherkaoui.ma\/index.php\/wp-json\/wp\/v2\/types\/product"}],"replies":[{"embeddable":true,"href":"https:\/\/paracherkaoui.ma\/index.php\/wp-json\/wp\/v2\/comments?post=39989"}],"version-history":[{"count":1,"href":"https:\/\/paracherkaoui.ma\/index.php\/wp-json\/wp\/v2\/product\/39989\/revisions"}],"predecessor-version":[{"id":40043,"href":"https:\/\/paracherkaoui.ma\/index.php\/wp-json\/wp\/v2\/product\/39989\/revisions\/40043"}],"wp:featuredmedia":[{"embeddable":true,"href":"https:\/\/paracherkaoui.ma\/index.php\/wp-json\/wp\/v2\/media\/40042"}],"wp:attachment":[{"href":"https:\/\/paracherkaoui.ma\/index.php\/wp-json\/wp\/v2\/media?parent=39989"}],"wp:term":[{"taxonomy":"product_brand","embeddable":true,"href":"https:\/\/paracherkaoui.ma\/index.php\/wp-json\/wp\/v2\/product_brand?post=39989"},{"taxonomy":"product_cat","embeddable":true,"href":"https:\/\/paracherkaoui.ma\/index.php\/wp-json\/wp\/v2\/product_cat?post=39989"},{"taxonomy":"product_tag","embeddable":true,"href":"https:\/\/paracherkaoui.ma\/index.php\/wp-json\/wp\/v2\/product_tag?post=39989"}],"curies":[{"name":"wp","href":"https:\/\/api.w.org\/{rel}","templated":true}]}}