{"id":39888,"date":"2025-12-12T19:03:24","date_gmt":"2025-12-12T18:03:24","guid":{"rendered":"https:\/\/test.ecbeaute.com\/?post_type=product&#038;p=39888"},"modified":"2025-12-12T19:03:28","modified_gmt":"2025-12-12T18:03:28","slug":"eye-care-fard-a-joues-peaux-et-yeux-sensibles-2-5-g","status":"publish","type":"product","link":"https:\/\/paracherkaoui.ma\/index.php\/produit\/eye-care-fard-a-joues-peaux-et-yeux-sensibles-2-5-g\/","title":{"rendered":"EYE CARE FARD A JOUES PEAUX ET YEUX SENSIBLES 2.5 G"},"content":{"rendered":"<p>EYE CARE FARD \u00c0 JOUES : L&rsquo;\u00c9clat Bonne Mine pour les Peaux Sensibles<br \/>\nSublimez votre maquillage avec le Fard \u00e0 Joues Eye Care, sp\u00e9cialement con\u00e7u pour les peaux et les yeux sensibles. Ce fard \u00e0 joues, aux couleurs \u00e9clatantes et lumineuses, apporte une touche bonne mine imm\u00e9diate tout en sublimant votre teint.<br \/>\nGr\u00e2ce \u00e0 sa texture micronis\u00e9e, fine et douce, il s\u2019estompe facilement pour un rendu naturel et uniforme. Chaque application laisse un fini parfait, offrant une excellente tenue tout au long de la journ\u00e9e, sans alourdir ni marquer la peau.<br \/>\nLa formule unique de ce fard \u00e0 joues est enrichie en extrait naturel de courge, connu pour ses propri\u00e9t\u00e9s hydratantes et assouplissantes. Elle garantit une hydratation optimale tout en respectant les peaux les plus sensibles. Avec une haute tol\u00e9rance, il convient m\u00eame aux peaux sujettes aux irritations ou allergies.<br \/>\nOptez pour le Fard \u00e0 Joues Eye Care, l&rsquo;alli\u00e9 beaut\u00e9 incontournable qui combine maquillage et soin pour un teint frais, \u00e9clatant et prot\u00e9g\u00e9.<br \/>\nConseils d\u2019utilisation<br \/>\nPr\u00e9parez votre peau en appliquant votre fond de teint habituel.<br \/>\n\u00c0 l\u2019aide d\u2019un pinceau adapt\u00e9, pr\u00e9levez une petite quantit\u00e9 de fard.<br \/>\nAppliquez sur les pommettes en r\u00e9alisant de l\u00e9gers mouvements circulaires vers les tempes pour un effet bonne mine naturel.<br \/>\nComposition :<br \/>\nTalc, Mica, Silica, Ethylhexyl Palmitate, Octyldodecyl Stearoyl Stearate, Zinc Stearate, Luffa Cylindrica Seed Oil, Methicone, Tocopheryl Acetate, Lauroyl Lysine, Aluminium Hydroxide, Synthetic Fluorphlogopite, Tocopherol, Tin Oxide, Magnesium Stearate. May contain +\/- : CI 77491, CI 77492, CI 77499 (Iron Oxides), CI 77891 (Titanium Dioxide), CI 15850 (Red 7 Lake), CI 19140 (Yellow 5 Lake), CI 73360 (Red 30 Lake), CI 12085 (Red 36). (FAJ10)<\/p>\n","protected":false},"excerpt":{"rendered":"<p>EYE CARE FARD \u00c0 JOUES : L&rsquo;\u00c9clat Bonne Mine pour les Peaux Sensibles Sublimez votre maquillage avec le Fard \u00e0<\/p>\n","protected":false},"featured_media":39930,"comment_status":"open","ping_status":"closed","template":"","meta":[],"product_brand":[278],"product_cat":[699],"product_tag":[],"class_list":{"0":"post-39888","1":"product","2":"type-product","3":"status-publish","4":"has-post-thumbnail","6":"product_brand-eye-care","7":"product_cat-blush","9":"first","10":"instock","11":"shipping-taxable","12":"purchasable","13":"product-type-simple"},"yoast_head":"<!-- This site is optimized with the Yoast SEO plugin v26.6 - https:\/\/yoast.com\/wordpress\/plugins\/seo\/ -->\r\n<title>EYE CARE FARD A JOUES PEAUX ET YEUX SENSIBLES 2.5 G - Paracherkaoui.ma<\/title>\r\n<meta name=\"robots\" content=\"index, follow, max-snippet:-1, max-image-preview:large, max-video-preview:-1\" \/>\r\n<link rel=\"canonical\" href=\"https:\/\/paracherkaoui.ma\/index.php\/produit\/eye-care-fard-a-joues-peaux-et-yeux-sensibles-2-5-g\/\" \/>\r\n<meta property=\"og:locale\" content=\"fr_FR\" \/>\r\n<meta property=\"og:type\" content=\"article\" \/>\r\n<meta property=\"og:title\" content=\"EYE CARE FARD A JOUES PEAUX ET YEUX SENSIBLES 2.5 G - Paracherkaoui.ma\" \/>\r\n<meta property=\"og:description\" content=\"EYE CARE FARD \u00c0 JOUES : L&rsquo;\u00c9clat Bonne Mine pour les Peaux Sensibles Sublimez votre maquillage avec le Fard \u00e0\" \/>\r\n<meta property=\"og:url\" content=\"https:\/\/paracherkaoui.ma\/index.php\/produit\/eye-care-fard-a-joues-peaux-et-yeux-sensibles-2-5-g\/\" \/>\r\n<meta property=\"og:site_name\" content=\"Paracherkaoui.ma\" \/>\r\n<meta property=\"article:modified_time\" content=\"2025-12-12T18:03:28+00:00\" \/>\r\n<meta property=\"og:image\" content=\"https:\/\/paracherkaoui.ma\/wp-content\/uploads\/2025\/12\/eye-care-fard-a-joues-peaux-et-yeux-sensibles-25-g.jpg\" \/>\r\n\t<meta property=\"og:image:width\" content=\"700\" \/>\r\n\t<meta property=\"og:image:height\" content=\"700\" \/>\r\n\t<meta property=\"og:image:type\" content=\"image\/jpeg\" \/>\r\n<meta name=\"twitter:card\" content=\"summary_large_image\" \/>\r\n<meta name=\"twitter:label1\" content=\"Dur\u00e9e de lecture estim\u00e9e\" \/>\n\t<meta name=\"twitter:data1\" content=\"1 minute\" \/>\r\n<script type=\"application\/ld+json\" class=\"yoast-schema-graph\">{\"@context\":\"https:\/\/schema.org\",\"@graph\":[{\"@type\":\"WebPage\",\"@id\":\"https:\/\/paracherkaoui.ma\/index.php\/produit\/eye-care-fard-a-joues-peaux-et-yeux-sensibles-2-5-g\/\",\"url\":\"https:\/\/paracherkaoui.ma\/index.php\/produit\/eye-care-fard-a-joues-peaux-et-yeux-sensibles-2-5-g\/\",\"name\":\"EYE CARE FARD A JOUES PEAUX ET YEUX SENSIBLES 2.5 G - Paracherkaoui.ma\",\"isPartOf\":{\"@id\":\"https:\/\/paracherkaoui.ma\/#website\"},\"primaryImageOfPage\":{\"@id\":\"https:\/\/paracherkaoui.ma\/index.php\/produit\/eye-care-fard-a-joues-peaux-et-yeux-sensibles-2-5-g\/#primaryimage\"},\"image\":{\"@id\":\"https:\/\/paracherkaoui.ma\/index.php\/produit\/eye-care-fard-a-joues-peaux-et-yeux-sensibles-2-5-g\/#primaryimage\"},\"thumbnailUrl\":\"https:\/\/paracherkaoui.ma\/wp-content\/uploads\/2025\/12\/eye-care-fard-a-joues-peaux-et-yeux-sensibles-25-g.jpg\",\"datePublished\":\"2025-12-12T18:03:24+00:00\",\"dateModified\":\"2025-12-12T18:03:28+00:00\",\"breadcrumb\":{\"@id\":\"https:\/\/paracherkaoui.ma\/index.php\/produit\/eye-care-fard-a-joues-peaux-et-yeux-sensibles-2-5-g\/#breadcrumb\"},\"inLanguage\":\"fr-FR\",\"potentialAction\":[{\"@type\":\"ReadAction\",\"target\":[\"https:\/\/paracherkaoui.ma\/index.php\/produit\/eye-care-fard-a-joues-peaux-et-yeux-sensibles-2-5-g\/\"]}]},{\"@type\":\"ImageObject\",\"inLanguage\":\"fr-FR\",\"@id\":\"https:\/\/paracherkaoui.ma\/index.php\/produit\/eye-care-fard-a-joues-peaux-et-yeux-sensibles-2-5-g\/#primaryimage\",\"url\":\"https:\/\/paracherkaoui.ma\/wp-content\/uploads\/2025\/12\/eye-care-fard-a-joues-peaux-et-yeux-sensibles-25-g.jpg\",\"contentUrl\":\"https:\/\/paracherkaoui.ma\/wp-content\/uploads\/2025\/12\/eye-care-fard-a-joues-peaux-et-yeux-sensibles-25-g.jpg\",\"width\":700,\"height\":700},{\"@type\":\"BreadcrumbList\",\"@id\":\"https:\/\/paracherkaoui.ma\/index.php\/produit\/eye-care-fard-a-joues-peaux-et-yeux-sensibles-2-5-g\/#breadcrumb\",\"itemListElement\":[{\"@type\":\"ListItem\",\"position\":1,\"name\":\"Accueil\",\"item\":\"https:\/\/paracherkaoui.ma\/\"},{\"@type\":\"ListItem\",\"position\":2,\"name\":\"Boutique\",\"item\":\"https:\/\/paracherkaoui.ma\/index.php\/boutique\/\"},{\"@type\":\"ListItem\",\"position\":3,\"name\":\"EYE CARE FARD A JOUES PEAUX ET YEUX SENSIBLES 2.5 G\"}]},{\"@type\":\"WebSite\",\"@id\":\"https:\/\/paracherkaoui.ma\/#website\",\"url\":\"https:\/\/paracherkaoui.ma\/\",\"name\":\"Paracherkaoui.ma\",\"description\":\"Achetez en ligne sur Paracherkaoui.ma\",\"potentialAction\":[{\"@type\":\"SearchAction\",\"target\":{\"@type\":\"EntryPoint\",\"urlTemplate\":\"https:\/\/paracherkaoui.ma\/?s={search_term_string}\"},\"query-input\":{\"@type\":\"PropertyValueSpecification\",\"valueRequired\":true,\"valueName\":\"search_term_string\"}}],\"inLanguage\":\"fr-FR\"}]}<\/script>\r\n<!-- \/ Yoast SEO plugin. -->","yoast_head_json":{"title":"EYE CARE FARD A JOUES PEAUX ET YEUX SENSIBLES 2.5 G - Paracherkaoui.ma","robots":{"index":"index","follow":"follow","max-snippet":"max-snippet:-1","max-image-preview":"max-image-preview:large","max-video-preview":"max-video-preview:-1"},"canonical":"https:\/\/paracherkaoui.ma\/index.php\/produit\/eye-care-fard-a-joues-peaux-et-yeux-sensibles-2-5-g\/","og_locale":"fr_FR","og_type":"article","og_title":"EYE CARE FARD A JOUES PEAUX ET YEUX SENSIBLES 2.5 G - Paracherkaoui.ma","og_description":"EYE CARE FARD \u00c0 JOUES : L&rsquo;\u00c9clat Bonne Mine pour les Peaux Sensibles Sublimez votre maquillage avec le Fard \u00e0","og_url":"https:\/\/paracherkaoui.ma\/index.php\/produit\/eye-care-fard-a-joues-peaux-et-yeux-sensibles-2-5-g\/","og_site_name":"Paracherkaoui.ma","article_modified_time":"2025-12-12T18:03:28+00:00","og_image":[{"width":700,"height":700,"url":"https:\/\/paracherkaoui.ma\/wp-content\/uploads\/2025\/12\/eye-care-fard-a-joues-peaux-et-yeux-sensibles-25-g.jpg","type":"image\/jpeg"}],"twitter_card":"summary_large_image","twitter_misc":{"Dur\u00e9e de lecture estim\u00e9e":"1 minute"},"schema":{"@context":"https:\/\/schema.org","@graph":[{"@type":"WebPage","@id":"https:\/\/paracherkaoui.ma\/index.php\/produit\/eye-care-fard-a-joues-peaux-et-yeux-sensibles-2-5-g\/","url":"https:\/\/paracherkaoui.ma\/index.php\/produit\/eye-care-fard-a-joues-peaux-et-yeux-sensibles-2-5-g\/","name":"EYE CARE FARD A JOUES PEAUX ET YEUX SENSIBLES 2.5 G - Paracherkaoui.ma","isPartOf":{"@id":"https:\/\/paracherkaoui.ma\/#website"},"primaryImageOfPage":{"@id":"https:\/\/paracherkaoui.ma\/index.php\/produit\/eye-care-fard-a-joues-peaux-et-yeux-sensibles-2-5-g\/#primaryimage"},"image":{"@id":"https:\/\/paracherkaoui.ma\/index.php\/produit\/eye-care-fard-a-joues-peaux-et-yeux-sensibles-2-5-g\/#primaryimage"},"thumbnailUrl":"https:\/\/paracherkaoui.ma\/wp-content\/uploads\/2025\/12\/eye-care-fard-a-joues-peaux-et-yeux-sensibles-25-g.jpg","datePublished":"2025-12-12T18:03:24+00:00","dateModified":"2025-12-12T18:03:28+00:00","breadcrumb":{"@id":"https:\/\/paracherkaoui.ma\/index.php\/produit\/eye-care-fard-a-joues-peaux-et-yeux-sensibles-2-5-g\/#breadcrumb"},"inLanguage":"fr-FR","potentialAction":[{"@type":"ReadAction","target":["https:\/\/paracherkaoui.ma\/index.php\/produit\/eye-care-fard-a-joues-peaux-et-yeux-sensibles-2-5-g\/"]}]},{"@type":"ImageObject","inLanguage":"fr-FR","@id":"https:\/\/paracherkaoui.ma\/index.php\/produit\/eye-care-fard-a-joues-peaux-et-yeux-sensibles-2-5-g\/#primaryimage","url":"https:\/\/paracherkaoui.ma\/wp-content\/uploads\/2025\/12\/eye-care-fard-a-joues-peaux-et-yeux-sensibles-25-g.jpg","contentUrl":"https:\/\/paracherkaoui.ma\/wp-content\/uploads\/2025\/12\/eye-care-fard-a-joues-peaux-et-yeux-sensibles-25-g.jpg","width":700,"height":700},{"@type":"BreadcrumbList","@id":"https:\/\/paracherkaoui.ma\/index.php\/produit\/eye-care-fard-a-joues-peaux-et-yeux-sensibles-2-5-g\/#breadcrumb","itemListElement":[{"@type":"ListItem","position":1,"name":"Accueil","item":"https:\/\/paracherkaoui.ma\/"},{"@type":"ListItem","position":2,"name":"Boutique","item":"https:\/\/paracherkaoui.ma\/index.php\/boutique\/"},{"@type":"ListItem","position":3,"name":"EYE CARE FARD A JOUES PEAUX ET YEUX SENSIBLES 2.5 G"}]},{"@type":"WebSite","@id":"https:\/\/paracherkaoui.ma\/#website","url":"https:\/\/paracherkaoui.ma\/","name":"Paracherkaoui.ma","description":"Achetez en ligne sur Paracherkaoui.ma","potentialAction":[{"@type":"SearchAction","target":{"@type":"EntryPoint","urlTemplate":"https:\/\/paracherkaoui.ma\/?s={search_term_string}"},"query-input":{"@type":"PropertyValueSpecification","valueRequired":true,"valueName":"search_term_string"}}],"inLanguage":"fr-FR"}]}},"_links":{"self":[{"href":"https:\/\/paracherkaoui.ma\/index.php\/wp-json\/wp\/v2\/product\/39888","targetHints":{"allow":["GET"]}}],"collection":[{"href":"https:\/\/paracherkaoui.ma\/index.php\/wp-json\/wp\/v2\/product"}],"about":[{"href":"https:\/\/paracherkaoui.ma\/index.php\/wp-json\/wp\/v2\/types\/product"}],"replies":[{"embeddable":true,"href":"https:\/\/paracherkaoui.ma\/index.php\/wp-json\/wp\/v2\/comments?post=39888"}],"version-history":[{"count":1,"href":"https:\/\/paracherkaoui.ma\/index.php\/wp-json\/wp\/v2\/product\/39888\/revisions"}],"predecessor-version":[{"id":39931,"href":"https:\/\/paracherkaoui.ma\/index.php\/wp-json\/wp\/v2\/product\/39888\/revisions\/39931"}],"wp:featuredmedia":[{"embeddable":true,"href":"https:\/\/paracherkaoui.ma\/index.php\/wp-json\/wp\/v2\/media\/39930"}],"wp:attachment":[{"href":"https:\/\/paracherkaoui.ma\/index.php\/wp-json\/wp\/v2\/media?parent=39888"}],"wp:term":[{"taxonomy":"product_brand","embeddable":true,"href":"https:\/\/paracherkaoui.ma\/index.php\/wp-json\/wp\/v2\/product_brand?post=39888"},{"taxonomy":"product_cat","embeddable":true,"href":"https:\/\/paracherkaoui.ma\/index.php\/wp-json\/wp\/v2\/product_cat?post=39888"},{"taxonomy":"product_tag","embeddable":true,"href":"https:\/\/paracherkaoui.ma\/index.php\/wp-json\/wp\/v2\/product_tag?post=39888"}],"curies":[{"name":"wp","href":"https:\/\/api.w.org\/{rel}","templated":true}]}}