{"id":39633,"date":"2025-12-12T19:02:57","date_gmt":"2025-12-12T18:02:57","guid":{"rendered":"https:\/\/test.ecbeaute.com\/?post_type=product&#038;p=39633"},"modified":"2025-12-12T19:03:03","modified_gmt":"2025-12-12T18:03:03","slug":"real-techniques-miracle-complexion-eponge-pack-de-6","status":"publish","type":"product","link":"https:\/\/paracherkaoui.ma\/index.php\/produit\/real-techniques-miracle-complexion-eponge-pack-de-6\/","title":{"rendered":"REAL TECHNIQUES MIRACLE COMPLEXION EPONGE PACK DE 6"},"content":{"rendered":"<p>D\u00e9couvrez le secret d&rsquo;un maquillage impeccable avec les Miracle Complexion Sponges de Real Techniques. Con\u00e7ues avec une technologie innovante sans latex, ces \u00e9ponges offrent une application de fond de teint et de maquillage parfaitement homog\u00e8ne. Avec un ensemble de 6 pi\u00e8ces, ces \u00e9ponges multifonctionnelles sont id\u00e9ales pour chaque \u00e9tape de votre routine beaut\u00e9, permettant une finition lisse et professionnelle.<br \/>\nChaque \u00e9ponge est dot\u00e9e d&rsquo;une texture unique qui optimise la r\u00e9partition du fond de teint, tout en permettant un contr\u00f4le pr\u00e9cis lors de l&rsquo;application. Gr\u00e2ce \u00e0 leur forme ergonomique, vous pouvez facilement atteindre toutes les zones de votre visage, que ce soit pour appliquer une base l\u00e9g\u00e8re ou pour cr\u00e9er un maquillage plus sophistiqu\u00e9. L&rsquo;innovation sans latex assure une utilisation confortable et r\u00e9duit le risque d&rsquo;allergies, tout en \u00e9tant douce pour la peau.<br \/>\nUtilisation polyvalente : Les Miracle Complexion Sponges peuvent \u00eatre utilis\u00e9es s\u00e8ches pour une application plus couvrante ou humides pour un fini plus l\u00e9ger et naturel. Que vous soyez une experte du maquillage ou une d\u00e9butante, ces \u00e9ponges sont con\u00e7ues pour s&rsquo;adapter \u00e0 toutes les techniques, vous offrant une exp\u00e9rience de maquillage fluide et sans effort.<\/p>\n","protected":false},"excerpt":{"rendered":"<p>D\u00e9couvrez le secret d&rsquo;un maquillage impeccable avec les Miracle Complexion Sponges de Real Techniques. Con\u00e7ues avec une technologie innovante sans<\/p>\n","protected":false},"featured_media":39684,"comment_status":"open","ping_status":"closed","template":"","meta":[],"product_brand":[694],"product_cat":[691],"product_tag":[],"class_list":{"0":"post-39633","1":"product","2":"type-product","3":"status-publish","4":"has-post-thumbnail","6":"product_brand-real-techniques","7":"product_cat-accessoires-de-maquillages","9":"first","10":"instock","11":"shipping-taxable","12":"purchasable","13":"product-type-simple"},"yoast_head":"<!-- This site is optimized with the Yoast SEO plugin v26.6 - https:\/\/yoast.com\/wordpress\/plugins\/seo\/ -->\r\n<title>REAL TECHNIQUES MIRACLE COMPLEXION EPONGE PACK DE 6 - Paracherkaoui.ma<\/title>\r\n<meta name=\"robots\" content=\"index, follow, max-snippet:-1, max-image-preview:large, max-video-preview:-1\" \/>\r\n<link rel=\"canonical\" href=\"https:\/\/paracherkaoui.ma\/index.php\/produit\/real-techniques-miracle-complexion-eponge-pack-de-6\/\" \/>\r\n<meta property=\"og:locale\" content=\"fr_FR\" \/>\r\n<meta property=\"og:type\" content=\"article\" \/>\r\n<meta property=\"og:title\" content=\"REAL TECHNIQUES MIRACLE COMPLEXION EPONGE PACK DE 6 - Paracherkaoui.ma\" \/>\r\n<meta property=\"og:description\" content=\"D\u00e9couvrez le secret d&rsquo;un maquillage impeccable avec les Miracle Complexion Sponges de Real Techniques. Con\u00e7ues avec une technologie innovante sans\" \/>\r\n<meta property=\"og:url\" content=\"https:\/\/paracherkaoui.ma\/index.php\/produit\/real-techniques-miracle-complexion-eponge-pack-de-6\/\" \/>\r\n<meta property=\"og:site_name\" content=\"Paracherkaoui.ma\" \/>\r\n<meta property=\"article:modified_time\" content=\"2025-12-12T18:03:03+00:00\" \/>\r\n<meta property=\"og:image\" content=\"https:\/\/paracherkaoui.ma\/wp-content\/uploads\/2025\/12\/real-techniques-real-techniques-miracle-complexion-eponge-pack-de-6-accessoires-de-maquillages.jpg\" \/>\r\n\t<meta property=\"og:image:width\" content=\"700\" \/>\r\n\t<meta property=\"og:image:height\" content=\"700\" \/>\r\n\t<meta property=\"og:image:type\" content=\"image\/jpeg\" \/>\r\n<meta name=\"twitter:card\" content=\"summary_large_image\" \/>\r\n<meta name=\"twitter:label1\" content=\"Dur\u00e9e de lecture estim\u00e9e\" \/>\n\t<meta name=\"twitter:data1\" content=\"1 minute\" \/>\r\n<script type=\"application\/ld+json\" class=\"yoast-schema-graph\">{\"@context\":\"https:\/\/schema.org\",\"@graph\":[{\"@type\":\"WebPage\",\"@id\":\"https:\/\/paracherkaoui.ma\/index.php\/produit\/real-techniques-miracle-complexion-eponge-pack-de-6\/\",\"url\":\"https:\/\/paracherkaoui.ma\/index.php\/produit\/real-techniques-miracle-complexion-eponge-pack-de-6\/\",\"name\":\"REAL TECHNIQUES MIRACLE COMPLEXION EPONGE PACK DE 6 - Paracherkaoui.ma\",\"isPartOf\":{\"@id\":\"https:\/\/paracherkaoui.ma\/#website\"},\"primaryImageOfPage\":{\"@id\":\"https:\/\/paracherkaoui.ma\/index.php\/produit\/real-techniques-miracle-complexion-eponge-pack-de-6\/#primaryimage\"},\"image\":{\"@id\":\"https:\/\/paracherkaoui.ma\/index.php\/produit\/real-techniques-miracle-complexion-eponge-pack-de-6\/#primaryimage\"},\"thumbnailUrl\":\"https:\/\/paracherkaoui.ma\/wp-content\/uploads\/2025\/12\/real-techniques-real-techniques-miracle-complexion-eponge-pack-de-6-accessoires-de-maquillages.jpg\",\"datePublished\":\"2025-12-12T18:02:57+00:00\",\"dateModified\":\"2025-12-12T18:03:03+00:00\",\"breadcrumb\":{\"@id\":\"https:\/\/paracherkaoui.ma\/index.php\/produit\/real-techniques-miracle-complexion-eponge-pack-de-6\/#breadcrumb\"},\"inLanguage\":\"fr-FR\",\"potentialAction\":[{\"@type\":\"ReadAction\",\"target\":[\"https:\/\/paracherkaoui.ma\/index.php\/produit\/real-techniques-miracle-complexion-eponge-pack-de-6\/\"]}]},{\"@type\":\"ImageObject\",\"inLanguage\":\"fr-FR\",\"@id\":\"https:\/\/paracherkaoui.ma\/index.php\/produit\/real-techniques-miracle-complexion-eponge-pack-de-6\/#primaryimage\",\"url\":\"https:\/\/paracherkaoui.ma\/wp-content\/uploads\/2025\/12\/real-techniques-real-techniques-miracle-complexion-eponge-pack-de-6-accessoires-de-maquillages.jpg\",\"contentUrl\":\"https:\/\/paracherkaoui.ma\/wp-content\/uploads\/2025\/12\/real-techniques-real-techniques-miracle-complexion-eponge-pack-de-6-accessoires-de-maquillages.jpg\",\"width\":700,\"height\":700},{\"@type\":\"BreadcrumbList\",\"@id\":\"https:\/\/paracherkaoui.ma\/index.php\/produit\/real-techniques-miracle-complexion-eponge-pack-de-6\/#breadcrumb\",\"itemListElement\":[{\"@type\":\"ListItem\",\"position\":1,\"name\":\"Accueil\",\"item\":\"https:\/\/paracherkaoui.ma\/\"},{\"@type\":\"ListItem\",\"position\":2,\"name\":\"Boutique\",\"item\":\"https:\/\/paracherkaoui.ma\/index.php\/boutique\/\"},{\"@type\":\"ListItem\",\"position\":3,\"name\":\"REAL TECHNIQUES MIRACLE COMPLEXION EPONGE PACK DE 6\"}]},{\"@type\":\"WebSite\",\"@id\":\"https:\/\/paracherkaoui.ma\/#website\",\"url\":\"https:\/\/paracherkaoui.ma\/\",\"name\":\"Paracherkaoui.ma\",\"description\":\"Achetez en ligne sur Paracherkaoui.ma\",\"potentialAction\":[{\"@type\":\"SearchAction\",\"target\":{\"@type\":\"EntryPoint\",\"urlTemplate\":\"https:\/\/paracherkaoui.ma\/?s={search_term_string}\"},\"query-input\":{\"@type\":\"PropertyValueSpecification\",\"valueRequired\":true,\"valueName\":\"search_term_string\"}}],\"inLanguage\":\"fr-FR\"}]}<\/script>\r\n<!-- \/ Yoast SEO plugin. -->","yoast_head_json":{"title":"REAL TECHNIQUES MIRACLE COMPLEXION EPONGE PACK DE 6 - Paracherkaoui.ma","robots":{"index":"index","follow":"follow","max-snippet":"max-snippet:-1","max-image-preview":"max-image-preview:large","max-video-preview":"max-video-preview:-1"},"canonical":"https:\/\/paracherkaoui.ma\/index.php\/produit\/real-techniques-miracle-complexion-eponge-pack-de-6\/","og_locale":"fr_FR","og_type":"article","og_title":"REAL TECHNIQUES MIRACLE COMPLEXION EPONGE PACK DE 6 - Paracherkaoui.ma","og_description":"D\u00e9couvrez le secret d&rsquo;un maquillage impeccable avec les Miracle Complexion Sponges de Real Techniques. Con\u00e7ues avec une technologie innovante sans","og_url":"https:\/\/paracherkaoui.ma\/index.php\/produit\/real-techniques-miracle-complexion-eponge-pack-de-6\/","og_site_name":"Paracherkaoui.ma","article_modified_time":"2025-12-12T18:03:03+00:00","og_image":[{"width":700,"height":700,"url":"https:\/\/paracherkaoui.ma\/wp-content\/uploads\/2025\/12\/real-techniques-real-techniques-miracle-complexion-eponge-pack-de-6-accessoires-de-maquillages.jpg","type":"image\/jpeg"}],"twitter_card":"summary_large_image","twitter_misc":{"Dur\u00e9e de lecture estim\u00e9e":"1 minute"},"schema":{"@context":"https:\/\/schema.org","@graph":[{"@type":"WebPage","@id":"https:\/\/paracherkaoui.ma\/index.php\/produit\/real-techniques-miracle-complexion-eponge-pack-de-6\/","url":"https:\/\/paracherkaoui.ma\/index.php\/produit\/real-techniques-miracle-complexion-eponge-pack-de-6\/","name":"REAL TECHNIQUES MIRACLE COMPLEXION EPONGE PACK DE 6 - Paracherkaoui.ma","isPartOf":{"@id":"https:\/\/paracherkaoui.ma\/#website"},"primaryImageOfPage":{"@id":"https:\/\/paracherkaoui.ma\/index.php\/produit\/real-techniques-miracle-complexion-eponge-pack-de-6\/#primaryimage"},"image":{"@id":"https:\/\/paracherkaoui.ma\/index.php\/produit\/real-techniques-miracle-complexion-eponge-pack-de-6\/#primaryimage"},"thumbnailUrl":"https:\/\/paracherkaoui.ma\/wp-content\/uploads\/2025\/12\/real-techniques-real-techniques-miracle-complexion-eponge-pack-de-6-accessoires-de-maquillages.jpg","datePublished":"2025-12-12T18:02:57+00:00","dateModified":"2025-12-12T18:03:03+00:00","breadcrumb":{"@id":"https:\/\/paracherkaoui.ma\/index.php\/produit\/real-techniques-miracle-complexion-eponge-pack-de-6\/#breadcrumb"},"inLanguage":"fr-FR","potentialAction":[{"@type":"ReadAction","target":["https:\/\/paracherkaoui.ma\/index.php\/produit\/real-techniques-miracle-complexion-eponge-pack-de-6\/"]}]},{"@type":"ImageObject","inLanguage":"fr-FR","@id":"https:\/\/paracherkaoui.ma\/index.php\/produit\/real-techniques-miracle-complexion-eponge-pack-de-6\/#primaryimage","url":"https:\/\/paracherkaoui.ma\/wp-content\/uploads\/2025\/12\/real-techniques-real-techniques-miracle-complexion-eponge-pack-de-6-accessoires-de-maquillages.jpg","contentUrl":"https:\/\/paracherkaoui.ma\/wp-content\/uploads\/2025\/12\/real-techniques-real-techniques-miracle-complexion-eponge-pack-de-6-accessoires-de-maquillages.jpg","width":700,"height":700},{"@type":"BreadcrumbList","@id":"https:\/\/paracherkaoui.ma\/index.php\/produit\/real-techniques-miracle-complexion-eponge-pack-de-6\/#breadcrumb","itemListElement":[{"@type":"ListItem","position":1,"name":"Accueil","item":"https:\/\/paracherkaoui.ma\/"},{"@type":"ListItem","position":2,"name":"Boutique","item":"https:\/\/paracherkaoui.ma\/index.php\/boutique\/"},{"@type":"ListItem","position":3,"name":"REAL TECHNIQUES MIRACLE COMPLEXION EPONGE PACK DE 6"}]},{"@type":"WebSite","@id":"https:\/\/paracherkaoui.ma\/#website","url":"https:\/\/paracherkaoui.ma\/","name":"Paracherkaoui.ma","description":"Achetez en ligne sur Paracherkaoui.ma","potentialAction":[{"@type":"SearchAction","target":{"@type":"EntryPoint","urlTemplate":"https:\/\/paracherkaoui.ma\/?s={search_term_string}"},"query-input":{"@type":"PropertyValueSpecification","valueRequired":true,"valueName":"search_term_string"}}],"inLanguage":"fr-FR"}]}},"_links":{"self":[{"href":"https:\/\/paracherkaoui.ma\/index.php\/wp-json\/wp\/v2\/product\/39633","targetHints":{"allow":["GET"]}}],"collection":[{"href":"https:\/\/paracherkaoui.ma\/index.php\/wp-json\/wp\/v2\/product"}],"about":[{"href":"https:\/\/paracherkaoui.ma\/index.php\/wp-json\/wp\/v2\/types\/product"}],"replies":[{"embeddable":true,"href":"https:\/\/paracherkaoui.ma\/index.php\/wp-json\/wp\/v2\/comments?post=39633"}],"version-history":[{"count":1,"href":"https:\/\/paracherkaoui.ma\/index.php\/wp-json\/wp\/v2\/product\/39633\/revisions"}],"predecessor-version":[{"id":39685,"href":"https:\/\/paracherkaoui.ma\/index.php\/wp-json\/wp\/v2\/product\/39633\/revisions\/39685"}],"wp:featuredmedia":[{"embeddable":true,"href":"https:\/\/paracherkaoui.ma\/index.php\/wp-json\/wp\/v2\/media\/39684"}],"wp:attachment":[{"href":"https:\/\/paracherkaoui.ma\/index.php\/wp-json\/wp\/v2\/media?parent=39633"}],"wp:term":[{"taxonomy":"product_brand","embeddable":true,"href":"https:\/\/paracherkaoui.ma\/index.php\/wp-json\/wp\/v2\/product_brand?post=39633"},{"taxonomy":"product_cat","embeddable":true,"href":"https:\/\/paracherkaoui.ma\/index.php\/wp-json\/wp\/v2\/product_cat?post=39633"},{"taxonomy":"product_tag","embeddable":true,"href":"https:\/\/paracherkaoui.ma\/index.php\/wp-json\/wp\/v2\/product_tag?post=39633"}],"curies":[{"name":"wp","href":"https:\/\/api.w.org\/{rel}","templated":true}]}}