{"id":39631,"date":"2025-12-12T19:02:56","date_gmt":"2025-12-12T18:02:56","guid":{"rendered":"https:\/\/test.ecbeaute.com\/?post_type=product&#038;p=39631"},"modified":"2025-12-12T19:03:03","modified_gmt":"2025-12-12T18:03:03","slug":"eye-care-taille-crayons","status":"publish","type":"product","link":"https:\/\/paracherkaoui.ma\/index.php\/produit\/eye-care-taille-crayons\/","title":{"rendered":"EYE CARE TAILLE CRAYONS"},"content":{"rendered":"<p>EYE CARE TAILLE-CRAYONS : L\u2019Outil Pr\u00e9cis pour un Maquillage Impeccable<br \/>\nGarantissez une application parfaite de vos crayons gr\u00e2ce au taille-crayons Eye Care, con\u00e7u pour pr\u00e9server la qualit\u00e9 et la pr\u00e9cision de vos outils de maquillage. Dot\u00e9 d\u2019un design ing\u00e9nieux et pratique, cet accessoire est un incontournable pour des traits nets et pr\u00e9cis.<br \/>\n\u00c9quip\u00e9 d\u2019un picot nettoyant astucieusement plac\u00e9 sous le couvercle, ce taille-crayon \u00e9limine les particules incrust\u00e9es dans la lame, garantissant une taille optimale de vos crayons. Que ce soit pour vos crayons \u00e0 yeux, \u00e0 l\u00e8vres ou tout autre outil cosm\u00e9tique, ce taille-crayon assure un r\u00e9sultat professionnel \u00e0 chaque utilisation.<br \/>\nEn taillant vos crayons r\u00e9guli\u00e8rement, vous \u00e9vitez la pollution des pointes, pr\u00e9servez leur efficacit\u00e9 et prolongez leur dur\u00e9e de vie. Ce taille-crayon compact est \u00e9galement facile \u00e0 nettoyer, gr\u00e2ce \u00e0 son syst\u00e8me de vidage simple et efficace.<br \/>\nAvec le taille-crayons Eye Care, offrez \u00e0 vos crayons un soin adapt\u00e9 pour un maquillage pr\u00e9cis, hygi\u00e9nique et impeccable. Adapt\u00e9 \u00e0 toutes les peaux, m\u00eame les plus sensibles, il r\u00e9pond aux besoins des passionn\u00e9s de maquillage exigeants.<br \/>\nConseils d\u2019utilisation<br \/>\nPlacez le crayon dans l\u2019orifice adapt\u00e9.<br \/>\nTournez doucement pour \u00e9viter de casser la pointe.<br \/>\nNettoyez le taille-crayons apr\u00e8s chaque utilisation en utilisant le picot int\u00e9gr\u00e9 pour enlever les particules.<\/p>\n","protected":false},"excerpt":{"rendered":"<p>EYE CARE TAILLE-CRAYONS : L\u2019Outil Pr\u00e9cis pour un Maquillage Impeccable Garantissez une application parfaite de vos crayons gr\u00e2ce au taille-crayons<\/p>\n","protected":false},"featured_media":39680,"comment_status":"open","ping_status":"closed","template":"","meta":[],"product_brand":[278],"product_cat":[691],"product_tag":[],"class_list":{"0":"post-39631","1":"product","2":"type-product","3":"status-publish","4":"has-post-thumbnail","6":"product_brand-eye-care","7":"product_cat-accessoires-de-maquillages","9":"first","10":"instock","11":"shipping-taxable","12":"purchasable","13":"product-type-simple"},"yoast_head":"<!-- This site is optimized with the Yoast SEO plugin v26.6 - https:\/\/yoast.com\/wordpress\/plugins\/seo\/ -->\r\n<title>EYE CARE TAILLE CRAYONS - Paracherkaoui.ma<\/title>\r\n<meta name=\"robots\" content=\"index, follow, max-snippet:-1, max-image-preview:large, max-video-preview:-1\" \/>\r\n<link rel=\"canonical\" href=\"https:\/\/paracherkaoui.ma\/index.php\/produit\/eye-care-taille-crayons\/\" \/>\r\n<meta property=\"og:locale\" content=\"fr_FR\" \/>\r\n<meta property=\"og:type\" content=\"article\" \/>\r\n<meta property=\"og:title\" content=\"EYE CARE TAILLE CRAYONS - Paracherkaoui.ma\" \/>\r\n<meta property=\"og:description\" content=\"EYE CARE TAILLE-CRAYONS : L\u2019Outil Pr\u00e9cis pour un Maquillage Impeccable Garantissez une application parfaite de vos crayons gr\u00e2ce au taille-crayons\" \/>\r\n<meta property=\"og:url\" content=\"https:\/\/paracherkaoui.ma\/index.php\/produit\/eye-care-taille-crayons\/\" \/>\r\n<meta property=\"og:site_name\" content=\"Paracherkaoui.ma\" \/>\r\n<meta property=\"article:modified_time\" content=\"2025-12-12T18:03:03+00:00\" \/>\r\n<meta property=\"og:image\" content=\"https:\/\/paracherkaoui.ma\/wp-content\/uploads\/2025\/12\/eye-care-taille-crayons.jpg\" \/>\r\n\t<meta property=\"og:image:width\" content=\"700\" \/>\r\n\t<meta property=\"og:image:height\" content=\"700\" \/>\r\n\t<meta property=\"og:image:type\" content=\"image\/jpeg\" \/>\r\n<meta name=\"twitter:card\" content=\"summary_large_image\" \/>\r\n<meta name=\"twitter:label1\" content=\"Dur\u00e9e de lecture estim\u00e9e\" \/>\n\t<meta name=\"twitter:data1\" content=\"1 minute\" \/>\r\n<script type=\"application\/ld+json\" class=\"yoast-schema-graph\">{\"@context\":\"https:\/\/schema.org\",\"@graph\":[{\"@type\":\"WebPage\",\"@id\":\"https:\/\/paracherkaoui.ma\/index.php\/produit\/eye-care-taille-crayons\/\",\"url\":\"https:\/\/paracherkaoui.ma\/index.php\/produit\/eye-care-taille-crayons\/\",\"name\":\"EYE CARE TAILLE CRAYONS - Paracherkaoui.ma\",\"isPartOf\":{\"@id\":\"https:\/\/paracherkaoui.ma\/#website\"},\"primaryImageOfPage\":{\"@id\":\"https:\/\/paracherkaoui.ma\/index.php\/produit\/eye-care-taille-crayons\/#primaryimage\"},\"image\":{\"@id\":\"https:\/\/paracherkaoui.ma\/index.php\/produit\/eye-care-taille-crayons\/#primaryimage\"},\"thumbnailUrl\":\"https:\/\/paracherkaoui.ma\/wp-content\/uploads\/2025\/12\/eye-care-taille-crayons.jpg\",\"datePublished\":\"2025-12-12T18:02:56+00:00\",\"dateModified\":\"2025-12-12T18:03:03+00:00\",\"breadcrumb\":{\"@id\":\"https:\/\/paracherkaoui.ma\/index.php\/produit\/eye-care-taille-crayons\/#breadcrumb\"},\"inLanguage\":\"fr-FR\",\"potentialAction\":[{\"@type\":\"ReadAction\",\"target\":[\"https:\/\/paracherkaoui.ma\/index.php\/produit\/eye-care-taille-crayons\/\"]}]},{\"@type\":\"ImageObject\",\"inLanguage\":\"fr-FR\",\"@id\":\"https:\/\/paracherkaoui.ma\/index.php\/produit\/eye-care-taille-crayons\/#primaryimage\",\"url\":\"https:\/\/paracherkaoui.ma\/wp-content\/uploads\/2025\/12\/eye-care-taille-crayons.jpg\",\"contentUrl\":\"https:\/\/paracherkaoui.ma\/wp-content\/uploads\/2025\/12\/eye-care-taille-crayons.jpg\",\"width\":700,\"height\":700},{\"@type\":\"BreadcrumbList\",\"@id\":\"https:\/\/paracherkaoui.ma\/index.php\/produit\/eye-care-taille-crayons\/#breadcrumb\",\"itemListElement\":[{\"@type\":\"ListItem\",\"position\":1,\"name\":\"Accueil\",\"item\":\"https:\/\/paracherkaoui.ma\/\"},{\"@type\":\"ListItem\",\"position\":2,\"name\":\"Boutique\",\"item\":\"https:\/\/paracherkaoui.ma\/index.php\/boutique\/\"},{\"@type\":\"ListItem\",\"position\":3,\"name\":\"EYE CARE TAILLE CRAYONS\"}]},{\"@type\":\"WebSite\",\"@id\":\"https:\/\/paracherkaoui.ma\/#website\",\"url\":\"https:\/\/paracherkaoui.ma\/\",\"name\":\"Paracherkaoui.ma\",\"description\":\"Achetez en ligne sur Paracherkaoui.ma\",\"potentialAction\":[{\"@type\":\"SearchAction\",\"target\":{\"@type\":\"EntryPoint\",\"urlTemplate\":\"https:\/\/paracherkaoui.ma\/?s={search_term_string}\"},\"query-input\":{\"@type\":\"PropertyValueSpecification\",\"valueRequired\":true,\"valueName\":\"search_term_string\"}}],\"inLanguage\":\"fr-FR\"}]}<\/script>\r\n<!-- \/ Yoast SEO plugin. -->","yoast_head_json":{"title":"EYE CARE TAILLE CRAYONS - Paracherkaoui.ma","robots":{"index":"index","follow":"follow","max-snippet":"max-snippet:-1","max-image-preview":"max-image-preview:large","max-video-preview":"max-video-preview:-1"},"canonical":"https:\/\/paracherkaoui.ma\/index.php\/produit\/eye-care-taille-crayons\/","og_locale":"fr_FR","og_type":"article","og_title":"EYE CARE TAILLE CRAYONS - Paracherkaoui.ma","og_description":"EYE CARE TAILLE-CRAYONS : L\u2019Outil Pr\u00e9cis pour un Maquillage Impeccable Garantissez une application parfaite de vos crayons gr\u00e2ce au taille-crayons","og_url":"https:\/\/paracherkaoui.ma\/index.php\/produit\/eye-care-taille-crayons\/","og_site_name":"Paracherkaoui.ma","article_modified_time":"2025-12-12T18:03:03+00:00","og_image":[{"width":700,"height":700,"url":"https:\/\/paracherkaoui.ma\/wp-content\/uploads\/2025\/12\/eye-care-taille-crayons.jpg","type":"image\/jpeg"}],"twitter_card":"summary_large_image","twitter_misc":{"Dur\u00e9e de lecture estim\u00e9e":"1 minute"},"schema":{"@context":"https:\/\/schema.org","@graph":[{"@type":"WebPage","@id":"https:\/\/paracherkaoui.ma\/index.php\/produit\/eye-care-taille-crayons\/","url":"https:\/\/paracherkaoui.ma\/index.php\/produit\/eye-care-taille-crayons\/","name":"EYE CARE TAILLE CRAYONS - Paracherkaoui.ma","isPartOf":{"@id":"https:\/\/paracherkaoui.ma\/#website"},"primaryImageOfPage":{"@id":"https:\/\/paracherkaoui.ma\/index.php\/produit\/eye-care-taille-crayons\/#primaryimage"},"image":{"@id":"https:\/\/paracherkaoui.ma\/index.php\/produit\/eye-care-taille-crayons\/#primaryimage"},"thumbnailUrl":"https:\/\/paracherkaoui.ma\/wp-content\/uploads\/2025\/12\/eye-care-taille-crayons.jpg","datePublished":"2025-12-12T18:02:56+00:00","dateModified":"2025-12-12T18:03:03+00:00","breadcrumb":{"@id":"https:\/\/paracherkaoui.ma\/index.php\/produit\/eye-care-taille-crayons\/#breadcrumb"},"inLanguage":"fr-FR","potentialAction":[{"@type":"ReadAction","target":["https:\/\/paracherkaoui.ma\/index.php\/produit\/eye-care-taille-crayons\/"]}]},{"@type":"ImageObject","inLanguage":"fr-FR","@id":"https:\/\/paracherkaoui.ma\/index.php\/produit\/eye-care-taille-crayons\/#primaryimage","url":"https:\/\/paracherkaoui.ma\/wp-content\/uploads\/2025\/12\/eye-care-taille-crayons.jpg","contentUrl":"https:\/\/paracherkaoui.ma\/wp-content\/uploads\/2025\/12\/eye-care-taille-crayons.jpg","width":700,"height":700},{"@type":"BreadcrumbList","@id":"https:\/\/paracherkaoui.ma\/index.php\/produit\/eye-care-taille-crayons\/#breadcrumb","itemListElement":[{"@type":"ListItem","position":1,"name":"Accueil","item":"https:\/\/paracherkaoui.ma\/"},{"@type":"ListItem","position":2,"name":"Boutique","item":"https:\/\/paracherkaoui.ma\/index.php\/boutique\/"},{"@type":"ListItem","position":3,"name":"EYE CARE TAILLE CRAYONS"}]},{"@type":"WebSite","@id":"https:\/\/paracherkaoui.ma\/#website","url":"https:\/\/paracherkaoui.ma\/","name":"Paracherkaoui.ma","description":"Achetez en ligne sur Paracherkaoui.ma","potentialAction":[{"@type":"SearchAction","target":{"@type":"EntryPoint","urlTemplate":"https:\/\/paracherkaoui.ma\/?s={search_term_string}"},"query-input":{"@type":"PropertyValueSpecification","valueRequired":true,"valueName":"search_term_string"}}],"inLanguage":"fr-FR"}]}},"_links":{"self":[{"href":"https:\/\/paracherkaoui.ma\/index.php\/wp-json\/wp\/v2\/product\/39631","targetHints":{"allow":["GET"]}}],"collection":[{"href":"https:\/\/paracherkaoui.ma\/index.php\/wp-json\/wp\/v2\/product"}],"about":[{"href":"https:\/\/paracherkaoui.ma\/index.php\/wp-json\/wp\/v2\/types\/product"}],"replies":[{"embeddable":true,"href":"https:\/\/paracherkaoui.ma\/index.php\/wp-json\/wp\/v2\/comments?post=39631"}],"version-history":[{"count":1,"href":"https:\/\/paracherkaoui.ma\/index.php\/wp-json\/wp\/v2\/product\/39631\/revisions"}],"predecessor-version":[{"id":39681,"href":"https:\/\/paracherkaoui.ma\/index.php\/wp-json\/wp\/v2\/product\/39631\/revisions\/39681"}],"wp:featuredmedia":[{"embeddable":true,"href":"https:\/\/paracherkaoui.ma\/index.php\/wp-json\/wp\/v2\/media\/39680"}],"wp:attachment":[{"href":"https:\/\/paracherkaoui.ma\/index.php\/wp-json\/wp\/v2\/media?parent=39631"}],"wp:term":[{"taxonomy":"product_brand","embeddable":true,"href":"https:\/\/paracherkaoui.ma\/index.php\/wp-json\/wp\/v2\/product_brand?post=39631"},{"taxonomy":"product_cat","embeddable":true,"href":"https:\/\/paracherkaoui.ma\/index.php\/wp-json\/wp\/v2\/product_cat?post=39631"},{"taxonomy":"product_tag","embeddable":true,"href":"https:\/\/paracherkaoui.ma\/index.php\/wp-json\/wp\/v2\/product_tag?post=39631"}],"curies":[{"name":"wp","href":"https:\/\/api.w.org\/{rel}","templated":true}]}}