{"id":39540,"date":"2025-12-12T19:02:46","date_gmt":"2025-12-12T18:02:46","guid":{"rendered":"https:\/\/test.ecbeaute.com\/?post_type=product&#038;p=39540"},"modified":"2025-12-12T19:02:52","modified_gmt":"2025-12-12T18:02:52","slug":"real-techniques-brosse-blush","status":"publish","type":"product","link":"https:\/\/paracherkaoui.ma\/index.php\/produit\/real-techniques-brosse-blush\/","title":{"rendered":"REAL TECHNIQUES BROSSE BLUSH"},"content":{"rendered":"<p>Transformez votre routine beaut\u00e9 avec le pinceau de maquillage Real Techniques Ultra Plush Blush. Ce pinceau combine des mat\u00e9riaux de haute technologie avec un design innovant pour rendre la cr\u00e9ation d&rsquo;un look au pixel pr\u00e8s plus facile que jamais. Les poils synth\u00e9tiques, ultra doux et plus lisses que ceux des autres brosses, garantissent une application sans effort et un confort in\u00e9gal\u00e9. De plus, \u00e9tant synth\u00e9tiques, ils sont 100 % sans cruaut\u00e9 envers les animaux, r\u00e9pondant ainsi aux attentes des consommateurs soucieux de l&rsquo;\u00e9thique.<br \/>\nLes fibres douces de chaque t\u00eate de brosse sont coup\u00e9es sur mesure pour modeler et d\u00e9finir les joues, assurant des r\u00e9sultats haute d\u00e9finition parfaitement m\u00e9lang\u00e9s, quelle que soit la lumi\u00e8re. Ce pinceau est id\u00e9al pour l&rsquo;application des blushs en cr\u00e8me et en poudre, offrant une polyvalence qui le rend indispensable dans votre trousse de maquillage.<\/p>\n","protected":false},"excerpt":{"rendered":"<p>Transformez votre routine beaut\u00e9 avec le pinceau de maquillage Real Techniques Ultra Plush Blush. Ce pinceau combine des mat\u00e9riaux de<\/p>\n","protected":false},"featured_media":39587,"comment_status":"open","ping_status":"closed","template":"","meta":[],"product_brand":[694],"product_cat":[691],"product_tag":[],"class_list":{"0":"post-39540","1":"product","2":"type-product","3":"status-publish","4":"has-post-thumbnail","6":"product_brand-real-techniques","7":"product_cat-accessoires-de-maquillages","9":"first","10":"instock","11":"shipping-taxable","12":"purchasable","13":"product-type-simple"},"yoast_head":"<!-- This site is optimized with the Yoast SEO plugin v26.6 - https:\/\/yoast.com\/wordpress\/plugins\/seo\/ -->\r\n<title>REAL TECHNIQUES BROSSE BLUSH - Paracherkaoui.ma<\/title>\r\n<meta name=\"robots\" content=\"index, follow, max-snippet:-1, max-image-preview:large, max-video-preview:-1\" \/>\r\n<link rel=\"canonical\" href=\"https:\/\/paracherkaoui.ma\/index.php\/produit\/real-techniques-brosse-blush\/\" \/>\r\n<meta property=\"og:locale\" content=\"fr_FR\" \/>\r\n<meta property=\"og:type\" content=\"article\" \/>\r\n<meta property=\"og:title\" content=\"REAL TECHNIQUES BROSSE BLUSH - Paracherkaoui.ma\" \/>\r\n<meta property=\"og:description\" content=\"Transformez votre routine beaut\u00e9 avec le pinceau de maquillage Real Techniques Ultra Plush Blush. Ce pinceau combine des mat\u00e9riaux de\" \/>\r\n<meta property=\"og:url\" content=\"https:\/\/paracherkaoui.ma\/index.php\/produit\/real-techniques-brosse-blush\/\" \/>\r\n<meta property=\"og:site_name\" content=\"Paracherkaoui.ma\" \/>\r\n<meta property=\"article:modified_time\" content=\"2025-12-12T18:02:52+00:00\" \/>\r\n<meta property=\"og:image\" content=\"https:\/\/paracherkaoui.ma\/wp-content\/uploads\/2025\/12\/real-techniques-brosse-blush.jpg\" \/>\r\n\t<meta property=\"og:image:width\" content=\"700\" \/>\r\n\t<meta property=\"og:image:height\" content=\"700\" \/>\r\n\t<meta property=\"og:image:type\" content=\"image\/jpeg\" \/>\r\n<meta name=\"twitter:card\" content=\"summary_large_image\" \/>\r\n<meta name=\"twitter:label1\" content=\"Dur\u00e9e de lecture estim\u00e9e\" \/>\n\t<meta name=\"twitter:data1\" content=\"1 minute\" \/>\r\n<script type=\"application\/ld+json\" class=\"yoast-schema-graph\">{\"@context\":\"https:\/\/schema.org\",\"@graph\":[{\"@type\":\"WebPage\",\"@id\":\"https:\/\/paracherkaoui.ma\/index.php\/produit\/real-techniques-brosse-blush\/\",\"url\":\"https:\/\/paracherkaoui.ma\/index.php\/produit\/real-techniques-brosse-blush\/\",\"name\":\"REAL TECHNIQUES BROSSE BLUSH - Paracherkaoui.ma\",\"isPartOf\":{\"@id\":\"https:\/\/paracherkaoui.ma\/#website\"},\"primaryImageOfPage\":{\"@id\":\"https:\/\/paracherkaoui.ma\/index.php\/produit\/real-techniques-brosse-blush\/#primaryimage\"},\"image\":{\"@id\":\"https:\/\/paracherkaoui.ma\/index.php\/produit\/real-techniques-brosse-blush\/#primaryimage\"},\"thumbnailUrl\":\"https:\/\/paracherkaoui.ma\/wp-content\/uploads\/2025\/12\/real-techniques-brosse-blush.jpg\",\"datePublished\":\"2025-12-12T18:02:46+00:00\",\"dateModified\":\"2025-12-12T18:02:52+00:00\",\"breadcrumb\":{\"@id\":\"https:\/\/paracherkaoui.ma\/index.php\/produit\/real-techniques-brosse-blush\/#breadcrumb\"},\"inLanguage\":\"fr-FR\",\"potentialAction\":[{\"@type\":\"ReadAction\",\"target\":[\"https:\/\/paracherkaoui.ma\/index.php\/produit\/real-techniques-brosse-blush\/\"]}]},{\"@type\":\"ImageObject\",\"inLanguage\":\"fr-FR\",\"@id\":\"https:\/\/paracherkaoui.ma\/index.php\/produit\/real-techniques-brosse-blush\/#primaryimage\",\"url\":\"https:\/\/paracherkaoui.ma\/wp-content\/uploads\/2025\/12\/real-techniques-brosse-blush.jpg\",\"contentUrl\":\"https:\/\/paracherkaoui.ma\/wp-content\/uploads\/2025\/12\/real-techniques-brosse-blush.jpg\",\"width\":700,\"height\":700},{\"@type\":\"BreadcrumbList\",\"@id\":\"https:\/\/paracherkaoui.ma\/index.php\/produit\/real-techniques-brosse-blush\/#breadcrumb\",\"itemListElement\":[{\"@type\":\"ListItem\",\"position\":1,\"name\":\"Accueil\",\"item\":\"https:\/\/paracherkaoui.ma\/\"},{\"@type\":\"ListItem\",\"position\":2,\"name\":\"Boutique\",\"item\":\"https:\/\/paracherkaoui.ma\/index.php\/boutique\/\"},{\"@type\":\"ListItem\",\"position\":3,\"name\":\"REAL TECHNIQUES BROSSE BLUSH\"}]},{\"@type\":\"WebSite\",\"@id\":\"https:\/\/paracherkaoui.ma\/#website\",\"url\":\"https:\/\/paracherkaoui.ma\/\",\"name\":\"Paracherkaoui.ma\",\"description\":\"Achetez en ligne sur Paracherkaoui.ma\",\"potentialAction\":[{\"@type\":\"SearchAction\",\"target\":{\"@type\":\"EntryPoint\",\"urlTemplate\":\"https:\/\/paracherkaoui.ma\/?s={search_term_string}\"},\"query-input\":{\"@type\":\"PropertyValueSpecification\",\"valueRequired\":true,\"valueName\":\"search_term_string\"}}],\"inLanguage\":\"fr-FR\"}]}<\/script>\r\n<!-- \/ Yoast SEO plugin. -->","yoast_head_json":{"title":"REAL TECHNIQUES BROSSE BLUSH - Paracherkaoui.ma","robots":{"index":"index","follow":"follow","max-snippet":"max-snippet:-1","max-image-preview":"max-image-preview:large","max-video-preview":"max-video-preview:-1"},"canonical":"https:\/\/paracherkaoui.ma\/index.php\/produit\/real-techniques-brosse-blush\/","og_locale":"fr_FR","og_type":"article","og_title":"REAL TECHNIQUES BROSSE BLUSH - Paracherkaoui.ma","og_description":"Transformez votre routine beaut\u00e9 avec le pinceau de maquillage Real Techniques Ultra Plush Blush. Ce pinceau combine des mat\u00e9riaux de","og_url":"https:\/\/paracherkaoui.ma\/index.php\/produit\/real-techniques-brosse-blush\/","og_site_name":"Paracherkaoui.ma","article_modified_time":"2025-12-12T18:02:52+00:00","og_image":[{"width":700,"height":700,"url":"https:\/\/paracherkaoui.ma\/wp-content\/uploads\/2025\/12\/real-techniques-brosse-blush.jpg","type":"image\/jpeg"}],"twitter_card":"summary_large_image","twitter_misc":{"Dur\u00e9e de lecture estim\u00e9e":"1 minute"},"schema":{"@context":"https:\/\/schema.org","@graph":[{"@type":"WebPage","@id":"https:\/\/paracherkaoui.ma\/index.php\/produit\/real-techniques-brosse-blush\/","url":"https:\/\/paracherkaoui.ma\/index.php\/produit\/real-techniques-brosse-blush\/","name":"REAL TECHNIQUES BROSSE BLUSH - Paracherkaoui.ma","isPartOf":{"@id":"https:\/\/paracherkaoui.ma\/#website"},"primaryImageOfPage":{"@id":"https:\/\/paracherkaoui.ma\/index.php\/produit\/real-techniques-brosse-blush\/#primaryimage"},"image":{"@id":"https:\/\/paracherkaoui.ma\/index.php\/produit\/real-techniques-brosse-blush\/#primaryimage"},"thumbnailUrl":"https:\/\/paracherkaoui.ma\/wp-content\/uploads\/2025\/12\/real-techniques-brosse-blush.jpg","datePublished":"2025-12-12T18:02:46+00:00","dateModified":"2025-12-12T18:02:52+00:00","breadcrumb":{"@id":"https:\/\/paracherkaoui.ma\/index.php\/produit\/real-techniques-brosse-blush\/#breadcrumb"},"inLanguage":"fr-FR","potentialAction":[{"@type":"ReadAction","target":["https:\/\/paracherkaoui.ma\/index.php\/produit\/real-techniques-brosse-blush\/"]}]},{"@type":"ImageObject","inLanguage":"fr-FR","@id":"https:\/\/paracherkaoui.ma\/index.php\/produit\/real-techniques-brosse-blush\/#primaryimage","url":"https:\/\/paracherkaoui.ma\/wp-content\/uploads\/2025\/12\/real-techniques-brosse-blush.jpg","contentUrl":"https:\/\/paracherkaoui.ma\/wp-content\/uploads\/2025\/12\/real-techniques-brosse-blush.jpg","width":700,"height":700},{"@type":"BreadcrumbList","@id":"https:\/\/paracherkaoui.ma\/index.php\/produit\/real-techniques-brosse-blush\/#breadcrumb","itemListElement":[{"@type":"ListItem","position":1,"name":"Accueil","item":"https:\/\/paracherkaoui.ma\/"},{"@type":"ListItem","position":2,"name":"Boutique","item":"https:\/\/paracherkaoui.ma\/index.php\/boutique\/"},{"@type":"ListItem","position":3,"name":"REAL TECHNIQUES BROSSE BLUSH"}]},{"@type":"WebSite","@id":"https:\/\/paracherkaoui.ma\/#website","url":"https:\/\/paracherkaoui.ma\/","name":"Paracherkaoui.ma","description":"Achetez en ligne sur Paracherkaoui.ma","potentialAction":[{"@type":"SearchAction","target":{"@type":"EntryPoint","urlTemplate":"https:\/\/paracherkaoui.ma\/?s={search_term_string}"},"query-input":{"@type":"PropertyValueSpecification","valueRequired":true,"valueName":"search_term_string"}}],"inLanguage":"fr-FR"}]}},"_links":{"self":[{"href":"https:\/\/paracherkaoui.ma\/index.php\/wp-json\/wp\/v2\/product\/39540","targetHints":{"allow":["GET"]}}],"collection":[{"href":"https:\/\/paracherkaoui.ma\/index.php\/wp-json\/wp\/v2\/product"}],"about":[{"href":"https:\/\/paracherkaoui.ma\/index.php\/wp-json\/wp\/v2\/types\/product"}],"replies":[{"embeddable":true,"href":"https:\/\/paracherkaoui.ma\/index.php\/wp-json\/wp\/v2\/comments?post=39540"}],"version-history":[{"count":1,"href":"https:\/\/paracherkaoui.ma\/index.php\/wp-json\/wp\/v2\/product\/39540\/revisions"}],"predecessor-version":[{"id":39588,"href":"https:\/\/paracherkaoui.ma\/index.php\/wp-json\/wp\/v2\/product\/39540\/revisions\/39588"}],"wp:featuredmedia":[{"embeddable":true,"href":"https:\/\/paracherkaoui.ma\/index.php\/wp-json\/wp\/v2\/media\/39587"}],"wp:attachment":[{"href":"https:\/\/paracherkaoui.ma\/index.php\/wp-json\/wp\/v2\/media?parent=39540"}],"wp:term":[{"taxonomy":"product_brand","embeddable":true,"href":"https:\/\/paracherkaoui.ma\/index.php\/wp-json\/wp\/v2\/product_brand?post=39540"},{"taxonomy":"product_cat","embeddable":true,"href":"https:\/\/paracherkaoui.ma\/index.php\/wp-json\/wp\/v2\/product_cat?post=39540"},{"taxonomy":"product_tag","embeddable":true,"href":"https:\/\/paracherkaoui.ma\/index.php\/wp-json\/wp\/v2\/product_tag?post=39540"}],"curies":[{"name":"wp","href":"https:\/\/api.w.org\/{rel}","templated":true}]}}