{"id":39539,"date":"2025-12-12T19:02:46","date_gmt":"2025-12-12T18:02:46","guid":{"rendered":"https:\/\/test.ecbeaute.com\/?post_type=product&#038;p=39539"},"modified":"2025-12-12T19:02:51","modified_gmt":"2025-12-12T18:02:51","slug":"real-techniques-duo-blend-set","status":"publish","type":"product","link":"https:\/\/paracherkaoui.ma\/index.php\/produit\/real-techniques-duo-blend-set\/","title":{"rendered":"REAL TECHNIQUES DUO BLEND + SET"},"content":{"rendered":"<p>Le Duo Blend + Set de Real Techniques est un indispensable pour celles et ceux qui recherchent un maquillage sans d\u00e9faut et une finition professionnelle. Compos\u00e9 de deux \u00e9ponges sp\u00e9cialement con\u00e7ues pour appliquer \u00e0 la perfection fond de teint et poudre, ce set garantit une application homog\u00e8ne et naturelle.<br \/>\nGr\u00e2ce \u00e0 leur forme unique, ces \u00e9ponges permettent une utilisation polyvalente. Le c\u00f4t\u00e9 plat est id\u00e9al pour appliquer et \u00e9taler le fond de teint sur l&rsquo;ensemble du visage, assurant une couverture compl\u00e8te et uniforme. Le c\u00f4t\u00e9 arrondi permet de fusionner le maquillage sans laisser de marques ou de stries, cr\u00e9ant ainsi une finition lisse et impeccable. Enfin, la pointe pr\u00e9cise des \u00e9ponges est parfaite pour acc\u00e9der aux zones difficiles, comme le contour des yeux ou les ailes du nez, afin d&rsquo;appliquer votre produit avec pr\u00e9cision.<br \/>\nL&rsquo;avantage principal du Duo Blend + Set est sa capacit\u00e9 \u00e0 s&rsquo;adapter aux diff\u00e9rents produits, qu&rsquo;il s&rsquo;agisse de fond de teint liquide ou en poudre. Sa texture douce et rebondissante assure un confort optimal lors de l&rsquo;application, tout en absorbant juste ce qu&rsquo;il faut de produit pour \u00e9viter le gaspillage.<br \/>\nConseils d&rsquo;utilisation :<br \/>\nFond de teint liquide : Utilisez le c\u00f4t\u00e9 plat de l&rsquo;\u00e9ponge pour appliquer le produit par tapotements sur l&rsquo;ensemble du visage.<br \/>\nPoudre : Appliquez la poudre en utilisant la partie arrondie, en insistant sur la zone T pour fixer votre maquillage.<br \/>\nContour et zones pr\u00e9cises : Utilisez la pointe pour les zones comme les ailes du nez et le dessous des yeux, pour une pr\u00e9cision ultime.<\/p>\n","protected":false},"excerpt":{"rendered":"<p>Le Duo Blend + Set de Real Techniques est un indispensable pour celles et ceux qui recherchent un maquillage sans<\/p>\n","protected":false},"featured_media":39585,"comment_status":"open","ping_status":"closed","template":"","meta":[],"product_brand":[694],"product_cat":[691],"product_tag":[],"class_list":{"0":"post-39539","1":"product","2":"type-product","3":"status-publish","4":"has-post-thumbnail","6":"product_brand-real-techniques","7":"product_cat-accessoires-de-maquillages","9":"first","10":"instock","11":"shipping-taxable","12":"purchasable","13":"product-type-simple"},"yoast_head":"<!-- This site is optimized with the Yoast SEO plugin v26.6 - https:\/\/yoast.com\/wordpress\/plugins\/seo\/ -->\r\n<title>REAL TECHNIQUES DUO BLEND + SET - Paracherkaoui.ma<\/title>\r\n<meta name=\"robots\" content=\"index, follow, max-snippet:-1, max-image-preview:large, max-video-preview:-1\" \/>\r\n<link rel=\"canonical\" href=\"https:\/\/paracherkaoui.ma\/index.php\/produit\/real-techniques-duo-blend-set\/\" \/>\r\n<meta property=\"og:locale\" content=\"fr_FR\" \/>\r\n<meta property=\"og:type\" content=\"article\" \/>\r\n<meta property=\"og:title\" content=\"REAL TECHNIQUES DUO BLEND + SET - Paracherkaoui.ma\" \/>\r\n<meta property=\"og:description\" content=\"Le Duo Blend + Set de Real Techniques est un indispensable pour celles et ceux qui recherchent un maquillage sans\" \/>\r\n<meta property=\"og:url\" content=\"https:\/\/paracherkaoui.ma\/index.php\/produit\/real-techniques-duo-blend-set\/\" \/>\r\n<meta property=\"og:site_name\" content=\"Paracherkaoui.ma\" \/>\r\n<meta property=\"article:modified_time\" content=\"2025-12-12T18:02:51+00:00\" \/>\r\n<meta property=\"og:image\" content=\"https:\/\/paracherkaoui.ma\/wp-content\/uploads\/2025\/12\/real-techniques-duo-blend-set.jpg\" \/>\r\n\t<meta property=\"og:image:width\" content=\"700\" \/>\r\n\t<meta property=\"og:image:height\" content=\"700\" \/>\r\n\t<meta property=\"og:image:type\" content=\"image\/jpeg\" \/>\r\n<meta name=\"twitter:card\" content=\"summary_large_image\" \/>\r\n<meta name=\"twitter:label1\" content=\"Dur\u00e9e de lecture estim\u00e9e\" \/>\n\t<meta name=\"twitter:data1\" content=\"1 minute\" \/>\r\n<script type=\"application\/ld+json\" class=\"yoast-schema-graph\">{\"@context\":\"https:\/\/schema.org\",\"@graph\":[{\"@type\":\"WebPage\",\"@id\":\"https:\/\/paracherkaoui.ma\/index.php\/produit\/real-techniques-duo-blend-set\/\",\"url\":\"https:\/\/paracherkaoui.ma\/index.php\/produit\/real-techniques-duo-blend-set\/\",\"name\":\"REAL TECHNIQUES DUO BLEND + SET - Paracherkaoui.ma\",\"isPartOf\":{\"@id\":\"https:\/\/paracherkaoui.ma\/#website\"},\"primaryImageOfPage\":{\"@id\":\"https:\/\/paracherkaoui.ma\/index.php\/produit\/real-techniques-duo-blend-set\/#primaryimage\"},\"image\":{\"@id\":\"https:\/\/paracherkaoui.ma\/index.php\/produit\/real-techniques-duo-blend-set\/#primaryimage\"},\"thumbnailUrl\":\"https:\/\/paracherkaoui.ma\/wp-content\/uploads\/2025\/12\/real-techniques-duo-blend-set.jpg\",\"datePublished\":\"2025-12-12T18:02:46+00:00\",\"dateModified\":\"2025-12-12T18:02:51+00:00\",\"breadcrumb\":{\"@id\":\"https:\/\/paracherkaoui.ma\/index.php\/produit\/real-techniques-duo-blend-set\/#breadcrumb\"},\"inLanguage\":\"fr-FR\",\"potentialAction\":[{\"@type\":\"ReadAction\",\"target\":[\"https:\/\/paracherkaoui.ma\/index.php\/produit\/real-techniques-duo-blend-set\/\"]}]},{\"@type\":\"ImageObject\",\"inLanguage\":\"fr-FR\",\"@id\":\"https:\/\/paracherkaoui.ma\/index.php\/produit\/real-techniques-duo-blend-set\/#primaryimage\",\"url\":\"https:\/\/paracherkaoui.ma\/wp-content\/uploads\/2025\/12\/real-techniques-duo-blend-set.jpg\",\"contentUrl\":\"https:\/\/paracherkaoui.ma\/wp-content\/uploads\/2025\/12\/real-techniques-duo-blend-set.jpg\",\"width\":700,\"height\":700},{\"@type\":\"BreadcrumbList\",\"@id\":\"https:\/\/paracherkaoui.ma\/index.php\/produit\/real-techniques-duo-blend-set\/#breadcrumb\",\"itemListElement\":[{\"@type\":\"ListItem\",\"position\":1,\"name\":\"Accueil\",\"item\":\"https:\/\/paracherkaoui.ma\/\"},{\"@type\":\"ListItem\",\"position\":2,\"name\":\"Boutique\",\"item\":\"https:\/\/paracherkaoui.ma\/index.php\/boutique\/\"},{\"@type\":\"ListItem\",\"position\":3,\"name\":\"REAL TECHNIQUES DUO BLEND + SET\"}]},{\"@type\":\"WebSite\",\"@id\":\"https:\/\/paracherkaoui.ma\/#website\",\"url\":\"https:\/\/paracherkaoui.ma\/\",\"name\":\"Paracherkaoui.ma\",\"description\":\"Achetez en ligne sur Paracherkaoui.ma\",\"potentialAction\":[{\"@type\":\"SearchAction\",\"target\":{\"@type\":\"EntryPoint\",\"urlTemplate\":\"https:\/\/paracherkaoui.ma\/?s={search_term_string}\"},\"query-input\":{\"@type\":\"PropertyValueSpecification\",\"valueRequired\":true,\"valueName\":\"search_term_string\"}}],\"inLanguage\":\"fr-FR\"}]}<\/script>\r\n<!-- \/ Yoast SEO plugin. -->","yoast_head_json":{"title":"REAL TECHNIQUES DUO BLEND + SET - Paracherkaoui.ma","robots":{"index":"index","follow":"follow","max-snippet":"max-snippet:-1","max-image-preview":"max-image-preview:large","max-video-preview":"max-video-preview:-1"},"canonical":"https:\/\/paracherkaoui.ma\/index.php\/produit\/real-techniques-duo-blend-set\/","og_locale":"fr_FR","og_type":"article","og_title":"REAL TECHNIQUES DUO BLEND + SET - Paracherkaoui.ma","og_description":"Le Duo Blend + Set de Real Techniques est un indispensable pour celles et ceux qui recherchent un maquillage sans","og_url":"https:\/\/paracherkaoui.ma\/index.php\/produit\/real-techniques-duo-blend-set\/","og_site_name":"Paracherkaoui.ma","article_modified_time":"2025-12-12T18:02:51+00:00","og_image":[{"width":700,"height":700,"url":"https:\/\/paracherkaoui.ma\/wp-content\/uploads\/2025\/12\/real-techniques-duo-blend-set.jpg","type":"image\/jpeg"}],"twitter_card":"summary_large_image","twitter_misc":{"Dur\u00e9e de lecture estim\u00e9e":"1 minute"},"schema":{"@context":"https:\/\/schema.org","@graph":[{"@type":"WebPage","@id":"https:\/\/paracherkaoui.ma\/index.php\/produit\/real-techniques-duo-blend-set\/","url":"https:\/\/paracherkaoui.ma\/index.php\/produit\/real-techniques-duo-blend-set\/","name":"REAL TECHNIQUES DUO BLEND + SET - Paracherkaoui.ma","isPartOf":{"@id":"https:\/\/paracherkaoui.ma\/#website"},"primaryImageOfPage":{"@id":"https:\/\/paracherkaoui.ma\/index.php\/produit\/real-techniques-duo-blend-set\/#primaryimage"},"image":{"@id":"https:\/\/paracherkaoui.ma\/index.php\/produit\/real-techniques-duo-blend-set\/#primaryimage"},"thumbnailUrl":"https:\/\/paracherkaoui.ma\/wp-content\/uploads\/2025\/12\/real-techniques-duo-blend-set.jpg","datePublished":"2025-12-12T18:02:46+00:00","dateModified":"2025-12-12T18:02:51+00:00","breadcrumb":{"@id":"https:\/\/paracherkaoui.ma\/index.php\/produit\/real-techniques-duo-blend-set\/#breadcrumb"},"inLanguage":"fr-FR","potentialAction":[{"@type":"ReadAction","target":["https:\/\/paracherkaoui.ma\/index.php\/produit\/real-techniques-duo-blend-set\/"]}]},{"@type":"ImageObject","inLanguage":"fr-FR","@id":"https:\/\/paracherkaoui.ma\/index.php\/produit\/real-techniques-duo-blend-set\/#primaryimage","url":"https:\/\/paracherkaoui.ma\/wp-content\/uploads\/2025\/12\/real-techniques-duo-blend-set.jpg","contentUrl":"https:\/\/paracherkaoui.ma\/wp-content\/uploads\/2025\/12\/real-techniques-duo-blend-set.jpg","width":700,"height":700},{"@type":"BreadcrumbList","@id":"https:\/\/paracherkaoui.ma\/index.php\/produit\/real-techniques-duo-blend-set\/#breadcrumb","itemListElement":[{"@type":"ListItem","position":1,"name":"Accueil","item":"https:\/\/paracherkaoui.ma\/"},{"@type":"ListItem","position":2,"name":"Boutique","item":"https:\/\/paracherkaoui.ma\/index.php\/boutique\/"},{"@type":"ListItem","position":3,"name":"REAL TECHNIQUES DUO BLEND + SET"}]},{"@type":"WebSite","@id":"https:\/\/paracherkaoui.ma\/#website","url":"https:\/\/paracherkaoui.ma\/","name":"Paracherkaoui.ma","description":"Achetez en ligne sur Paracherkaoui.ma","potentialAction":[{"@type":"SearchAction","target":{"@type":"EntryPoint","urlTemplate":"https:\/\/paracherkaoui.ma\/?s={search_term_string}"},"query-input":{"@type":"PropertyValueSpecification","valueRequired":true,"valueName":"search_term_string"}}],"inLanguage":"fr-FR"}]}},"_links":{"self":[{"href":"https:\/\/paracherkaoui.ma\/index.php\/wp-json\/wp\/v2\/product\/39539","targetHints":{"allow":["GET"]}}],"collection":[{"href":"https:\/\/paracherkaoui.ma\/index.php\/wp-json\/wp\/v2\/product"}],"about":[{"href":"https:\/\/paracherkaoui.ma\/index.php\/wp-json\/wp\/v2\/types\/product"}],"replies":[{"embeddable":true,"href":"https:\/\/paracherkaoui.ma\/index.php\/wp-json\/wp\/v2\/comments?post=39539"}],"version-history":[{"count":1,"href":"https:\/\/paracherkaoui.ma\/index.php\/wp-json\/wp\/v2\/product\/39539\/revisions"}],"predecessor-version":[{"id":39586,"href":"https:\/\/paracherkaoui.ma\/index.php\/wp-json\/wp\/v2\/product\/39539\/revisions\/39586"}],"wp:featuredmedia":[{"embeddable":true,"href":"https:\/\/paracherkaoui.ma\/index.php\/wp-json\/wp\/v2\/media\/39585"}],"wp:attachment":[{"href":"https:\/\/paracherkaoui.ma\/index.php\/wp-json\/wp\/v2\/media?parent=39539"}],"wp:term":[{"taxonomy":"product_brand","embeddable":true,"href":"https:\/\/paracherkaoui.ma\/index.php\/wp-json\/wp\/v2\/product_brand?post=39539"},{"taxonomy":"product_cat","embeddable":true,"href":"https:\/\/paracherkaoui.ma\/index.php\/wp-json\/wp\/v2\/product_cat?post=39539"},{"taxonomy":"product_tag","embeddable":true,"href":"https:\/\/paracherkaoui.ma\/index.php\/wp-json\/wp\/v2\/product_tag?post=39539"}],"curies":[{"name":"wp","href":"https:\/\/api.w.org\/{rel}","templated":true}]}}