{"id":39530,"date":"2025-12-12T19:02:45","date_gmt":"2025-12-12T18:02:45","guid":{"rendered":"https:\/\/test.ecbeaute.com\/?post_type=product&#038;p=39530"},"modified":"2025-12-12T19:02:49","modified_gmt":"2025-12-12T18:02:49","slug":"beter-natural-fibres-miroir-a-double-pliage","status":"publish","type":"product","link":"https:\/\/paracherkaoui.ma\/index.php\/produit\/beter-natural-fibres-miroir-a-double-pliage\/","title":{"rendered":"BETER NATURAL FIBRES MIROIR A DOUBLE PLIAGE"},"content":{"rendered":"<p>Emportez votre miroir de poche \u00e9co-responsable partout avec vous gr\u00e2ce au miroir \u00e0 double pliage BETER NATURAL FIBRES. Con\u00e7u \u00e0 partir de fibres de bl\u00e9 naturelles, ce miroir compact et pratique est l&rsquo;accessoire id\u00e9al pour les retouches maquillage en d\u00e9placement, tout en respectant l&rsquo;environnement.<br \/>\nImaginez un miroir qui vous offre une vision claire et pr\u00e9cise, o\u00f9 que vous soyez. Le miroir BETER NATURAL FIBRES est dot\u00e9 de deux faces : une face normale pour une vue d&rsquo;ensemble et une face grossissante x4 pour les retouches de pr\u00e9cision.<br \/>\nSa conception \u00e9cologique, avec un emballage en carton certifi\u00e9 FSC, r\u00e9duit au maximum la pr\u00e9sence de plastique, vous permettant de prendre soin de votre apparence tout en pr\u00e9servant la plan\u00e8te.<br \/>\nCompact et l\u00e9ger, ce miroir \u00e0 double pliage se glisse facilement dans votre sac \u00e0 main, votre poche ou votre trousse de maquillage. Il est parfait pour les retouches maquillage en cours de journ\u00e9e, les v\u00e9rifications rapides ou les applications de lentilles de contact.<\/p>\n","protected":false},"excerpt":{"rendered":"<p>Emportez votre miroir de poche \u00e9co-responsable partout avec vous gr\u00e2ce au miroir \u00e0 double pliage BETER NATURAL FIBRES. Con\u00e7u \u00e0<\/p>\n","protected":false},"featured_media":39567,"comment_status":"open","ping_status":"closed","template":"","meta":[],"product_brand":[400],"product_cat":[691],"product_tag":[],"class_list":{"0":"post-39530","1":"product","2":"type-product","3":"status-publish","4":"has-post-thumbnail","6":"product_brand-beter","7":"product_cat-accessoires-de-maquillages","9":"first","10":"instock","11":"sale","12":"shipping-taxable","13":"purchasable","14":"product-type-simple"},"yoast_head":"<!-- This site is optimized with the Yoast SEO plugin v26.6 - https:\/\/yoast.com\/wordpress\/plugins\/seo\/ -->\r\n<title>BETER NATURAL FIBRES MIROIR A DOUBLE PLIAGE - Paracherkaoui.ma<\/title>\r\n<meta name=\"robots\" content=\"index, follow, max-snippet:-1, max-image-preview:large, max-video-preview:-1\" \/>\r\n<link rel=\"canonical\" href=\"https:\/\/paracherkaoui.ma\/index.php\/produit\/beter-natural-fibres-miroir-a-double-pliage\/\" \/>\r\n<meta property=\"og:locale\" content=\"fr_FR\" \/>\r\n<meta property=\"og:type\" content=\"article\" \/>\r\n<meta property=\"og:title\" content=\"BETER NATURAL FIBRES MIROIR A DOUBLE PLIAGE - Paracherkaoui.ma\" \/>\r\n<meta property=\"og:description\" content=\"Emportez votre miroir de poche \u00e9co-responsable partout avec vous gr\u00e2ce au miroir \u00e0 double pliage BETER NATURAL FIBRES. Con\u00e7u \u00e0\" \/>\r\n<meta property=\"og:url\" content=\"https:\/\/paracherkaoui.ma\/index.php\/produit\/beter-natural-fibres-miroir-a-double-pliage\/\" \/>\r\n<meta property=\"og:site_name\" content=\"Paracherkaoui.ma\" \/>\r\n<meta property=\"article:modified_time\" content=\"2025-12-12T18:02:49+00:00\" \/>\r\n<meta property=\"og:image\" content=\"https:\/\/paracherkaoui.ma\/wp-content\/uploads\/2025\/12\/beter-natural-fibres-miroir-a-double-pliage.jpg\" \/>\r\n\t<meta property=\"og:image:width\" content=\"700\" \/>\r\n\t<meta property=\"og:image:height\" content=\"700\" \/>\r\n\t<meta property=\"og:image:type\" content=\"image\/jpeg\" \/>\r\n<meta name=\"twitter:card\" content=\"summary_large_image\" \/>\r\n<meta name=\"twitter:label1\" content=\"Dur\u00e9e de lecture estim\u00e9e\" \/>\n\t<meta name=\"twitter:data1\" content=\"1 minute\" \/>\r\n<script type=\"application\/ld+json\" class=\"yoast-schema-graph\">{\"@context\":\"https:\/\/schema.org\",\"@graph\":[{\"@type\":\"WebPage\",\"@id\":\"https:\/\/paracherkaoui.ma\/index.php\/produit\/beter-natural-fibres-miroir-a-double-pliage\/\",\"url\":\"https:\/\/paracherkaoui.ma\/index.php\/produit\/beter-natural-fibres-miroir-a-double-pliage\/\",\"name\":\"BETER NATURAL FIBRES MIROIR A DOUBLE PLIAGE - Paracherkaoui.ma\",\"isPartOf\":{\"@id\":\"https:\/\/paracherkaoui.ma\/#website\"},\"primaryImageOfPage\":{\"@id\":\"https:\/\/paracherkaoui.ma\/index.php\/produit\/beter-natural-fibres-miroir-a-double-pliage\/#primaryimage\"},\"image\":{\"@id\":\"https:\/\/paracherkaoui.ma\/index.php\/produit\/beter-natural-fibres-miroir-a-double-pliage\/#primaryimage\"},\"thumbnailUrl\":\"https:\/\/paracherkaoui.ma\/wp-content\/uploads\/2025\/12\/beter-natural-fibres-miroir-a-double-pliage.jpg\",\"datePublished\":\"2025-12-12T18:02:45+00:00\",\"dateModified\":\"2025-12-12T18:02:49+00:00\",\"breadcrumb\":{\"@id\":\"https:\/\/paracherkaoui.ma\/index.php\/produit\/beter-natural-fibres-miroir-a-double-pliage\/#breadcrumb\"},\"inLanguage\":\"fr-FR\",\"potentialAction\":[{\"@type\":\"ReadAction\",\"target\":[\"https:\/\/paracherkaoui.ma\/index.php\/produit\/beter-natural-fibres-miroir-a-double-pliage\/\"]}]},{\"@type\":\"ImageObject\",\"inLanguage\":\"fr-FR\",\"@id\":\"https:\/\/paracherkaoui.ma\/index.php\/produit\/beter-natural-fibres-miroir-a-double-pliage\/#primaryimage\",\"url\":\"https:\/\/paracherkaoui.ma\/wp-content\/uploads\/2025\/12\/beter-natural-fibres-miroir-a-double-pliage.jpg\",\"contentUrl\":\"https:\/\/paracherkaoui.ma\/wp-content\/uploads\/2025\/12\/beter-natural-fibres-miroir-a-double-pliage.jpg\",\"width\":700,\"height\":700},{\"@type\":\"BreadcrumbList\",\"@id\":\"https:\/\/paracherkaoui.ma\/index.php\/produit\/beter-natural-fibres-miroir-a-double-pliage\/#breadcrumb\",\"itemListElement\":[{\"@type\":\"ListItem\",\"position\":1,\"name\":\"Accueil\",\"item\":\"https:\/\/paracherkaoui.ma\/\"},{\"@type\":\"ListItem\",\"position\":2,\"name\":\"Boutique\",\"item\":\"https:\/\/paracherkaoui.ma\/index.php\/boutique\/\"},{\"@type\":\"ListItem\",\"position\":3,\"name\":\"BETER NATURAL FIBRES MIROIR A DOUBLE PLIAGE\"}]},{\"@type\":\"WebSite\",\"@id\":\"https:\/\/paracherkaoui.ma\/#website\",\"url\":\"https:\/\/paracherkaoui.ma\/\",\"name\":\"Paracherkaoui.ma\",\"description\":\"Achetez en ligne sur Paracherkaoui.ma\",\"potentialAction\":[{\"@type\":\"SearchAction\",\"target\":{\"@type\":\"EntryPoint\",\"urlTemplate\":\"https:\/\/paracherkaoui.ma\/?s={search_term_string}\"},\"query-input\":{\"@type\":\"PropertyValueSpecification\",\"valueRequired\":true,\"valueName\":\"search_term_string\"}}],\"inLanguage\":\"fr-FR\"}]}<\/script>\r\n<!-- \/ Yoast SEO plugin. -->","yoast_head_json":{"title":"BETER NATURAL FIBRES MIROIR A DOUBLE PLIAGE - Paracherkaoui.ma","robots":{"index":"index","follow":"follow","max-snippet":"max-snippet:-1","max-image-preview":"max-image-preview:large","max-video-preview":"max-video-preview:-1"},"canonical":"https:\/\/paracherkaoui.ma\/index.php\/produit\/beter-natural-fibres-miroir-a-double-pliage\/","og_locale":"fr_FR","og_type":"article","og_title":"BETER NATURAL FIBRES MIROIR A DOUBLE PLIAGE - Paracherkaoui.ma","og_description":"Emportez votre miroir de poche \u00e9co-responsable partout avec vous gr\u00e2ce au miroir \u00e0 double pliage BETER NATURAL FIBRES. Con\u00e7u \u00e0","og_url":"https:\/\/paracherkaoui.ma\/index.php\/produit\/beter-natural-fibres-miroir-a-double-pliage\/","og_site_name":"Paracherkaoui.ma","article_modified_time":"2025-12-12T18:02:49+00:00","og_image":[{"width":700,"height":700,"url":"https:\/\/paracherkaoui.ma\/wp-content\/uploads\/2025\/12\/beter-natural-fibres-miroir-a-double-pliage.jpg","type":"image\/jpeg"}],"twitter_card":"summary_large_image","twitter_misc":{"Dur\u00e9e de lecture estim\u00e9e":"1 minute"},"schema":{"@context":"https:\/\/schema.org","@graph":[{"@type":"WebPage","@id":"https:\/\/paracherkaoui.ma\/index.php\/produit\/beter-natural-fibres-miroir-a-double-pliage\/","url":"https:\/\/paracherkaoui.ma\/index.php\/produit\/beter-natural-fibres-miroir-a-double-pliage\/","name":"BETER NATURAL FIBRES MIROIR A DOUBLE PLIAGE - Paracherkaoui.ma","isPartOf":{"@id":"https:\/\/paracherkaoui.ma\/#website"},"primaryImageOfPage":{"@id":"https:\/\/paracherkaoui.ma\/index.php\/produit\/beter-natural-fibres-miroir-a-double-pliage\/#primaryimage"},"image":{"@id":"https:\/\/paracherkaoui.ma\/index.php\/produit\/beter-natural-fibres-miroir-a-double-pliage\/#primaryimage"},"thumbnailUrl":"https:\/\/paracherkaoui.ma\/wp-content\/uploads\/2025\/12\/beter-natural-fibres-miroir-a-double-pliage.jpg","datePublished":"2025-12-12T18:02:45+00:00","dateModified":"2025-12-12T18:02:49+00:00","breadcrumb":{"@id":"https:\/\/paracherkaoui.ma\/index.php\/produit\/beter-natural-fibres-miroir-a-double-pliage\/#breadcrumb"},"inLanguage":"fr-FR","potentialAction":[{"@type":"ReadAction","target":["https:\/\/paracherkaoui.ma\/index.php\/produit\/beter-natural-fibres-miroir-a-double-pliage\/"]}]},{"@type":"ImageObject","inLanguage":"fr-FR","@id":"https:\/\/paracherkaoui.ma\/index.php\/produit\/beter-natural-fibres-miroir-a-double-pliage\/#primaryimage","url":"https:\/\/paracherkaoui.ma\/wp-content\/uploads\/2025\/12\/beter-natural-fibres-miroir-a-double-pliage.jpg","contentUrl":"https:\/\/paracherkaoui.ma\/wp-content\/uploads\/2025\/12\/beter-natural-fibres-miroir-a-double-pliage.jpg","width":700,"height":700},{"@type":"BreadcrumbList","@id":"https:\/\/paracherkaoui.ma\/index.php\/produit\/beter-natural-fibres-miroir-a-double-pliage\/#breadcrumb","itemListElement":[{"@type":"ListItem","position":1,"name":"Accueil","item":"https:\/\/paracherkaoui.ma\/"},{"@type":"ListItem","position":2,"name":"Boutique","item":"https:\/\/paracherkaoui.ma\/index.php\/boutique\/"},{"@type":"ListItem","position":3,"name":"BETER NATURAL FIBRES MIROIR A DOUBLE PLIAGE"}]},{"@type":"WebSite","@id":"https:\/\/paracherkaoui.ma\/#website","url":"https:\/\/paracherkaoui.ma\/","name":"Paracherkaoui.ma","description":"Achetez en ligne sur Paracherkaoui.ma","potentialAction":[{"@type":"SearchAction","target":{"@type":"EntryPoint","urlTemplate":"https:\/\/paracherkaoui.ma\/?s={search_term_string}"},"query-input":{"@type":"PropertyValueSpecification","valueRequired":true,"valueName":"search_term_string"}}],"inLanguage":"fr-FR"}]}},"_links":{"self":[{"href":"https:\/\/paracherkaoui.ma\/index.php\/wp-json\/wp\/v2\/product\/39530","targetHints":{"allow":["GET"]}}],"collection":[{"href":"https:\/\/paracherkaoui.ma\/index.php\/wp-json\/wp\/v2\/product"}],"about":[{"href":"https:\/\/paracherkaoui.ma\/index.php\/wp-json\/wp\/v2\/types\/product"}],"replies":[{"embeddable":true,"href":"https:\/\/paracherkaoui.ma\/index.php\/wp-json\/wp\/v2\/comments?post=39530"}],"version-history":[{"count":1,"href":"https:\/\/paracherkaoui.ma\/index.php\/wp-json\/wp\/v2\/product\/39530\/revisions"}],"predecessor-version":[{"id":39568,"href":"https:\/\/paracherkaoui.ma\/index.php\/wp-json\/wp\/v2\/product\/39530\/revisions\/39568"}],"wp:featuredmedia":[{"embeddable":true,"href":"https:\/\/paracherkaoui.ma\/index.php\/wp-json\/wp\/v2\/media\/39567"}],"wp:attachment":[{"href":"https:\/\/paracherkaoui.ma\/index.php\/wp-json\/wp\/v2\/media?parent=39530"}],"wp:term":[{"taxonomy":"product_brand","embeddable":true,"href":"https:\/\/paracherkaoui.ma\/index.php\/wp-json\/wp\/v2\/product_brand?post=39530"},{"taxonomy":"product_cat","embeddable":true,"href":"https:\/\/paracherkaoui.ma\/index.php\/wp-json\/wp\/v2\/product_cat?post=39530"},{"taxonomy":"product_tag","embeddable":true,"href":"https:\/\/paracherkaoui.ma\/index.php\/wp-json\/wp\/v2\/product_tag?post=39530"}],"curies":[{"name":"wp","href":"https:\/\/api.w.org\/{rel}","templated":true}]}}