{"id":39477,"date":"2025-12-12T19:02:28","date_gmt":"2025-12-12T18:02:28","guid":{"rendered":"https:\/\/test.ecbeaute.com\/?post_type=product&#038;p=39477"},"modified":"2025-12-12T19:02:34","modified_gmt":"2025-12-12T18:02:34","slug":"ecotools-elegance-kit-de-pinceau","status":"publish","type":"product","link":"https:\/\/paracherkaoui.ma\/index.php\/produit\/ecotools-elegance-kit-de-pinceau\/","title":{"rendered":"ECOTOOLS ELEGANCE KIT DE PINCEAU"},"content":{"rendered":"<p>Le Kit de pinceaux EcoTools \u00c9l\u00e9gance Naturelle est l&rsquo;alli\u00e9 parfait pour cr\u00e9er des looks naturels et \u00e9l\u00e9gants avec une finition impeccable. Que vous soyez d\u00e9butante ou experte, cet ensemble vous permet d&rsquo;appliquer vos produits pr\u00e9f\u00e9r\u00e9s, qu&rsquo;ils soient en poudre, en cr\u00e8me ou liquides, tout en ma\u00eetrisant chaque geste avec pr\u00e9cision. Gr\u00e2ce \u00e0 ses poils ultra doux et ses formes uniques, ces pinceaux garantissent une application uniforme et professionnelle.<br \/>\nLe kit se compose de 5 pinceaux polyvalents. Le pinceau biseaut\u00e9 pour le visage est id\u00e9al pour sculpter et modeler votre visage avec des produits de contouring, liquides ou en poudre. Il vous assure une d\u00e9finition parfaite et un effet naturel. Le pinceau poudre multifonction est con\u00e7u pour appliquer le blush, la poudre bronzante ou les poudres de fixation en un tour de main, pour un fini l\u00e9ger et uniforme. Pour un regard intense, le pinceau estompeur vous permet de m\u00e9langer parfaitement vos ombres \u00e0 paupi\u00e8res en cr\u00e8me ou en poudre. Le pinceau anti-cernes camoufle avec pr\u00e9cision les imperfections et cernes, apportant un teint lisse et uniforme. Enfin, le pinceau biseaut\u00e9 pour sourcils vous aide \u00e0 dessiner des sourcils parfaitement d\u00e9finis et \u00e0 r\u00e9aliser un maquillage des yeux pr\u00e9cis.<br \/>\nEn plus de leur efficacit\u00e9, ces pinceaux sont fabriqu\u00e9s avec des mat\u00e9riaux respectueux de l\u2019environnement. Leurs manches en bambou et leurs poils synth\u00e9tiques ultra-doux garantissent une exp\u00e9rience de maquillage luxueuse, tout en restant \u00e9cologique.<br \/>\nConseils d&rsquo;utilisation :<br \/>\nUtilisez le pinceau biseaut\u00e9 pour sculpter le visage avec des poudres bronzantes ou contouring.<br \/>\nAppliquez la poudre libre ou le blush avec le pinceau poudre pour un teint impeccable.<br \/>\nUtilisez le pinceau estompeur pour m\u00e9langer parfaitement vos ombres \u00e0 paupi\u00e8res.<br \/>\nCamouflez les cernes avec le pinceau anti-cernes pour un r\u00e9sultat lisse.<br \/>\nDessinez vos sourcils ou appliquez un eyeliner avec le pinceau biseaut\u00e9 pour les sourcils.<\/p>\n","protected":false},"excerpt":{"rendered":"<p>Le Kit de pinceaux EcoTools \u00c9l\u00e9gance Naturelle est l&rsquo;alli\u00e9 parfait pour cr\u00e9er des looks naturels et \u00e9l\u00e9gants avec une finition<\/p>\n","protected":false},"featured_media":39511,"comment_status":"open","ping_status":"closed","template":"","meta":[],"product_brand":[694],"product_cat":[691],"product_tag":[],"class_list":{"0":"post-39477","1":"product","2":"type-product","3":"status-publish","4":"has-post-thumbnail","6":"product_brand-real-techniques","7":"product_cat-accessoires-de-maquillages","9":"first","10":"instock","11":"shipping-taxable","12":"purchasable","13":"product-type-simple"},"yoast_head":"<!-- This site is optimized with the Yoast SEO plugin v26.6 - https:\/\/yoast.com\/wordpress\/plugins\/seo\/ -->\r\n<title>ECOTOOLS ELEGANCE KIT DE PINCEAU - Paracherkaoui.ma<\/title>\r\n<meta name=\"robots\" content=\"index, follow, max-snippet:-1, max-image-preview:large, max-video-preview:-1\" \/>\r\n<link rel=\"canonical\" href=\"https:\/\/paracherkaoui.ma\/index.php\/produit\/ecotools-elegance-kit-de-pinceau\/\" \/>\r\n<meta property=\"og:locale\" content=\"fr_FR\" \/>\r\n<meta property=\"og:type\" content=\"article\" \/>\r\n<meta property=\"og:title\" content=\"ECOTOOLS ELEGANCE KIT DE PINCEAU - Paracherkaoui.ma\" \/>\r\n<meta property=\"og:description\" content=\"Le Kit de pinceaux EcoTools \u00c9l\u00e9gance Naturelle est l&rsquo;alli\u00e9 parfait pour cr\u00e9er des looks naturels et \u00e9l\u00e9gants avec une finition\" \/>\r\n<meta property=\"og:url\" content=\"https:\/\/paracherkaoui.ma\/index.php\/produit\/ecotools-elegance-kit-de-pinceau\/\" \/>\r\n<meta property=\"og:site_name\" content=\"Paracherkaoui.ma\" \/>\r\n<meta property=\"article:modified_time\" content=\"2025-12-12T18:02:34+00:00\" \/>\r\n<meta property=\"og:image\" content=\"https:\/\/paracherkaoui.ma\/wp-content\/uploads\/2025\/12\/ecotools-elegance-kit-de-pinceau.jpg\" \/>\r\n\t<meta property=\"og:image:width\" content=\"700\" \/>\r\n\t<meta property=\"og:image:height\" content=\"700\" \/>\r\n\t<meta property=\"og:image:type\" content=\"image\/jpeg\" \/>\r\n<meta name=\"twitter:card\" content=\"summary_large_image\" \/>\r\n<meta name=\"twitter:label1\" content=\"Dur\u00e9e de lecture estim\u00e9e\" \/>\n\t<meta name=\"twitter:data1\" content=\"2 minutes\" \/>\r\n<script type=\"application\/ld+json\" class=\"yoast-schema-graph\">{\"@context\":\"https:\/\/schema.org\",\"@graph\":[{\"@type\":\"WebPage\",\"@id\":\"https:\/\/paracherkaoui.ma\/index.php\/produit\/ecotools-elegance-kit-de-pinceau\/\",\"url\":\"https:\/\/paracherkaoui.ma\/index.php\/produit\/ecotools-elegance-kit-de-pinceau\/\",\"name\":\"ECOTOOLS ELEGANCE KIT DE PINCEAU - Paracherkaoui.ma\",\"isPartOf\":{\"@id\":\"https:\/\/paracherkaoui.ma\/#website\"},\"primaryImageOfPage\":{\"@id\":\"https:\/\/paracherkaoui.ma\/index.php\/produit\/ecotools-elegance-kit-de-pinceau\/#primaryimage\"},\"image\":{\"@id\":\"https:\/\/paracherkaoui.ma\/index.php\/produit\/ecotools-elegance-kit-de-pinceau\/#primaryimage\"},\"thumbnailUrl\":\"https:\/\/paracherkaoui.ma\/wp-content\/uploads\/2025\/12\/ecotools-elegance-kit-de-pinceau.jpg\",\"datePublished\":\"2025-12-12T18:02:28+00:00\",\"dateModified\":\"2025-12-12T18:02:34+00:00\",\"breadcrumb\":{\"@id\":\"https:\/\/paracherkaoui.ma\/index.php\/produit\/ecotools-elegance-kit-de-pinceau\/#breadcrumb\"},\"inLanguage\":\"fr-FR\",\"potentialAction\":[{\"@type\":\"ReadAction\",\"target\":[\"https:\/\/paracherkaoui.ma\/index.php\/produit\/ecotools-elegance-kit-de-pinceau\/\"]}]},{\"@type\":\"ImageObject\",\"inLanguage\":\"fr-FR\",\"@id\":\"https:\/\/paracherkaoui.ma\/index.php\/produit\/ecotools-elegance-kit-de-pinceau\/#primaryimage\",\"url\":\"https:\/\/paracherkaoui.ma\/wp-content\/uploads\/2025\/12\/ecotools-elegance-kit-de-pinceau.jpg\",\"contentUrl\":\"https:\/\/paracherkaoui.ma\/wp-content\/uploads\/2025\/12\/ecotools-elegance-kit-de-pinceau.jpg\",\"width\":700,\"height\":700},{\"@type\":\"BreadcrumbList\",\"@id\":\"https:\/\/paracherkaoui.ma\/index.php\/produit\/ecotools-elegance-kit-de-pinceau\/#breadcrumb\",\"itemListElement\":[{\"@type\":\"ListItem\",\"position\":1,\"name\":\"Accueil\",\"item\":\"https:\/\/paracherkaoui.ma\/\"},{\"@type\":\"ListItem\",\"position\":2,\"name\":\"Boutique\",\"item\":\"https:\/\/paracherkaoui.ma\/index.php\/boutique\/\"},{\"@type\":\"ListItem\",\"position\":3,\"name\":\"ECOTOOLS ELEGANCE KIT DE PINCEAU\"}]},{\"@type\":\"WebSite\",\"@id\":\"https:\/\/paracherkaoui.ma\/#website\",\"url\":\"https:\/\/paracherkaoui.ma\/\",\"name\":\"Paracherkaoui.ma\",\"description\":\"Achetez en ligne sur Paracherkaoui.ma\",\"potentialAction\":[{\"@type\":\"SearchAction\",\"target\":{\"@type\":\"EntryPoint\",\"urlTemplate\":\"https:\/\/paracherkaoui.ma\/?s={search_term_string}\"},\"query-input\":{\"@type\":\"PropertyValueSpecification\",\"valueRequired\":true,\"valueName\":\"search_term_string\"}}],\"inLanguage\":\"fr-FR\"}]}<\/script>\r\n<!-- \/ Yoast SEO plugin. -->","yoast_head_json":{"title":"ECOTOOLS ELEGANCE KIT DE PINCEAU - Paracherkaoui.ma","robots":{"index":"index","follow":"follow","max-snippet":"max-snippet:-1","max-image-preview":"max-image-preview:large","max-video-preview":"max-video-preview:-1"},"canonical":"https:\/\/paracherkaoui.ma\/index.php\/produit\/ecotools-elegance-kit-de-pinceau\/","og_locale":"fr_FR","og_type":"article","og_title":"ECOTOOLS ELEGANCE KIT DE PINCEAU - Paracherkaoui.ma","og_description":"Le Kit de pinceaux EcoTools \u00c9l\u00e9gance Naturelle est l&rsquo;alli\u00e9 parfait pour cr\u00e9er des looks naturels et \u00e9l\u00e9gants avec une finition","og_url":"https:\/\/paracherkaoui.ma\/index.php\/produit\/ecotools-elegance-kit-de-pinceau\/","og_site_name":"Paracherkaoui.ma","article_modified_time":"2025-12-12T18:02:34+00:00","og_image":[{"width":700,"height":700,"url":"https:\/\/paracherkaoui.ma\/wp-content\/uploads\/2025\/12\/ecotools-elegance-kit-de-pinceau.jpg","type":"image\/jpeg"}],"twitter_card":"summary_large_image","twitter_misc":{"Dur\u00e9e de lecture estim\u00e9e":"2 minutes"},"schema":{"@context":"https:\/\/schema.org","@graph":[{"@type":"WebPage","@id":"https:\/\/paracherkaoui.ma\/index.php\/produit\/ecotools-elegance-kit-de-pinceau\/","url":"https:\/\/paracherkaoui.ma\/index.php\/produit\/ecotools-elegance-kit-de-pinceau\/","name":"ECOTOOLS ELEGANCE KIT DE PINCEAU - Paracherkaoui.ma","isPartOf":{"@id":"https:\/\/paracherkaoui.ma\/#website"},"primaryImageOfPage":{"@id":"https:\/\/paracherkaoui.ma\/index.php\/produit\/ecotools-elegance-kit-de-pinceau\/#primaryimage"},"image":{"@id":"https:\/\/paracherkaoui.ma\/index.php\/produit\/ecotools-elegance-kit-de-pinceau\/#primaryimage"},"thumbnailUrl":"https:\/\/paracherkaoui.ma\/wp-content\/uploads\/2025\/12\/ecotools-elegance-kit-de-pinceau.jpg","datePublished":"2025-12-12T18:02:28+00:00","dateModified":"2025-12-12T18:02:34+00:00","breadcrumb":{"@id":"https:\/\/paracherkaoui.ma\/index.php\/produit\/ecotools-elegance-kit-de-pinceau\/#breadcrumb"},"inLanguage":"fr-FR","potentialAction":[{"@type":"ReadAction","target":["https:\/\/paracherkaoui.ma\/index.php\/produit\/ecotools-elegance-kit-de-pinceau\/"]}]},{"@type":"ImageObject","inLanguage":"fr-FR","@id":"https:\/\/paracherkaoui.ma\/index.php\/produit\/ecotools-elegance-kit-de-pinceau\/#primaryimage","url":"https:\/\/paracherkaoui.ma\/wp-content\/uploads\/2025\/12\/ecotools-elegance-kit-de-pinceau.jpg","contentUrl":"https:\/\/paracherkaoui.ma\/wp-content\/uploads\/2025\/12\/ecotools-elegance-kit-de-pinceau.jpg","width":700,"height":700},{"@type":"BreadcrumbList","@id":"https:\/\/paracherkaoui.ma\/index.php\/produit\/ecotools-elegance-kit-de-pinceau\/#breadcrumb","itemListElement":[{"@type":"ListItem","position":1,"name":"Accueil","item":"https:\/\/paracherkaoui.ma\/"},{"@type":"ListItem","position":2,"name":"Boutique","item":"https:\/\/paracherkaoui.ma\/index.php\/boutique\/"},{"@type":"ListItem","position":3,"name":"ECOTOOLS ELEGANCE KIT DE PINCEAU"}]},{"@type":"WebSite","@id":"https:\/\/paracherkaoui.ma\/#website","url":"https:\/\/paracherkaoui.ma\/","name":"Paracherkaoui.ma","description":"Achetez en ligne sur Paracherkaoui.ma","potentialAction":[{"@type":"SearchAction","target":{"@type":"EntryPoint","urlTemplate":"https:\/\/paracherkaoui.ma\/?s={search_term_string}"},"query-input":{"@type":"PropertyValueSpecification","valueRequired":true,"valueName":"search_term_string"}}],"inLanguage":"fr-FR"}]}},"_links":{"self":[{"href":"https:\/\/paracherkaoui.ma\/index.php\/wp-json\/wp\/v2\/product\/39477","targetHints":{"allow":["GET"]}}],"collection":[{"href":"https:\/\/paracherkaoui.ma\/index.php\/wp-json\/wp\/v2\/product"}],"about":[{"href":"https:\/\/paracherkaoui.ma\/index.php\/wp-json\/wp\/v2\/types\/product"}],"replies":[{"embeddable":true,"href":"https:\/\/paracherkaoui.ma\/index.php\/wp-json\/wp\/v2\/comments?post=39477"}],"version-history":[{"count":1,"href":"https:\/\/paracherkaoui.ma\/index.php\/wp-json\/wp\/v2\/product\/39477\/revisions"}],"predecessor-version":[{"id":39512,"href":"https:\/\/paracherkaoui.ma\/index.php\/wp-json\/wp\/v2\/product\/39477\/revisions\/39512"}],"wp:featuredmedia":[{"embeddable":true,"href":"https:\/\/paracherkaoui.ma\/index.php\/wp-json\/wp\/v2\/media\/39511"}],"wp:attachment":[{"href":"https:\/\/paracherkaoui.ma\/index.php\/wp-json\/wp\/v2\/media?parent=39477"}],"wp:term":[{"taxonomy":"product_brand","embeddable":true,"href":"https:\/\/paracherkaoui.ma\/index.php\/wp-json\/wp\/v2\/product_brand?post=39477"},{"taxonomy":"product_cat","embeddable":true,"href":"https:\/\/paracherkaoui.ma\/index.php\/wp-json\/wp\/v2\/product_cat?post=39477"},{"taxonomy":"product_tag","embeddable":true,"href":"https:\/\/paracherkaoui.ma\/index.php\/wp-json\/wp\/v2\/product_tag?post=39477"}],"curies":[{"name":"wp","href":"https:\/\/api.w.org\/{rel}","templated":true}]}}