{"id":39323,"date":"2025-12-12T19:02:11","date_gmt":"2025-12-12T18:02:11","guid":{"rendered":"https:\/\/test.ecbeaute.com\/?post_type=product&#038;p=39323"},"modified":"2025-12-12T19:02:16","modified_gmt":"2025-12-12T18:02:16","slug":"biafine-soleil-biafine-lait-solaire-enfant-ultra-hydratant-triple-resistance-spf-50-2","status":"publish","type":"product","link":"https:\/\/paracherkaoui.ma\/index.php\/produit\/biafine-soleil-biafine-lait-solaire-enfant-ultra-hydratant-triple-resistance-spf-50-2\/","title":{"rendered":"BIAFINE SOLEIL BIAFINE LAIT SOLAIRE ENFANT ULTRA HYDRATANT TRIPLE RESISTANCE SPF 50+"},"content":{"rendered":"<p>DESCRIPTION :<br \/>\nLe lait solaire ultra-hydratant triple r\u00e9sistance pour la peau fragile de l&rsquo;enfant Triple R\u00e9sistance :- Baignades- Sable- Transpiration 1. En surface, le syst\u00e8me performant et photostable de filtres anti-UVA et UVB \u00e0 large spectre prot\u00e8ge vos enfants des coups de soleil. 2. Avec la vitamine E, connue pour ses propri\u00e9t\u00e9s anti-oxydantes, le lait aide \u00e0 prot\u00e9ger sa peau des dommages cutan\u00e9s \u00e0 long terme. 3. Avec sa combinaison d&rsquo;actifs hydratants (Beurre de karit\u00e9 et Glyc\u00e9rine), il maintient la peau hydrat\u00e9e tout au long de l&rsquo;exposition solaire. 4. La texture fondante permet une application facile. P\u00e9n\u00e8tre rapidement sans laisser de traces blanches sur la peau. D\u00e9velopp\u00e9 sous contr\u00f4le m\u00e9dical Sans parfum Sans paraben<br \/>\nCONSEILS D&rsquo;UTILISATION:<br \/>\nAvant l\u2019exposition, appliquer g\u00e9n\u00e9reusement et uniform\u00e9ment le lait solaire sur l\u2019ensemble des zones expos\u00e9es en d\u00e9bordant l\u00e9g\u00e8rement sous les v\u00eatements ou le maillot de bain. Renouveler fr\u00e9quemment l\u2019application, en particulier apr\u00e8s avoir transpir\u00e9, nag\u00e9 ou vous \u00eatre essuy\u00e9. Eviter le soleil en milieu de journ\u00e9e. Une application r\u00e9duite de protection solaire peut baisser significativement le niveau de protection.<br \/>\nPRECAUTIONS:<br \/>\nNe pas exposer les enfants de moins de 3 ans. Les coups de soleil sont dangereux, surtout chez l\u2019enfant. Prot\u00e9ger les enfants avec un tee-shirt, un chapeau et des lunettes de soleil. L\u2019utilisation de ce produit ne doit pas inciter \u00e0 s\u2019exposer trop longtemps au soleil.<\/p>\n","protected":false},"excerpt":{"rendered":"<p>DESCRIPTION : Le lait solaire ultra-hydratant triple r\u00e9sistance pour la peau fragile de l&rsquo;enfant Triple R\u00e9sistance :- Baignades- Sable- Transpiration<\/p>\n","protected":false},"featured_media":12759,"comment_status":"open","ping_status":"closed","template":"","meta":[],"product_brand":[149],"product_cat":[685],"product_tag":[],"class_list":{"0":"post-39323","1":"product","2":"type-product","3":"status-publish","4":"has-post-thumbnail","6":"product_brand-biafine","7":"product_cat-solaires-bebes-et-enfants","9":"first","10":"instock","11":"sale","12":"shipping-taxable","13":"purchasable","14":"product-type-simple"},"yoast_head":"<!-- This site is optimized with the Yoast SEO plugin v26.6 - https:\/\/yoast.com\/wordpress\/plugins\/seo\/ -->\r\n<title>BIAFINE SOLEIL BIAFINE LAIT SOLAIRE ENFANT ULTRA HYDRATANT TRIPLE RESISTANCE SPF 50+ - Paracherkaoui.ma<\/title>\r\n<meta name=\"robots\" content=\"index, follow, max-snippet:-1, max-image-preview:large, max-video-preview:-1\" \/>\r\n<link rel=\"canonical\" href=\"https:\/\/paracherkaoui.ma\/index.php\/produit\/biafine-soleil-biafine-lait-solaire-enfant-ultra-hydratant-triple-resistance-spf-50-2\/\" \/>\r\n<meta property=\"og:locale\" content=\"fr_FR\" \/>\r\n<meta property=\"og:type\" content=\"article\" \/>\r\n<meta property=\"og:title\" content=\"BIAFINE SOLEIL BIAFINE LAIT SOLAIRE ENFANT ULTRA HYDRATANT TRIPLE RESISTANCE SPF 50+ - Paracherkaoui.ma\" \/>\r\n<meta property=\"og:description\" content=\"DESCRIPTION : Le lait solaire ultra-hydratant triple r\u00e9sistance pour la peau fragile de l&rsquo;enfant Triple R\u00e9sistance :- Baignades- Sable- Transpiration\" \/>\r\n<meta property=\"og:url\" content=\"https:\/\/paracherkaoui.ma\/index.php\/produit\/biafine-soleil-biafine-lait-solaire-enfant-ultra-hydratant-triple-resistance-spf-50-2\/\" \/>\r\n<meta property=\"og:site_name\" content=\"Paracherkaoui.ma\" \/>\r\n<meta property=\"article:modified_time\" content=\"2025-12-12T18:02:16+00:00\" \/>\r\n<meta property=\"og:image\" content=\"https:\/\/paracherkaoui.ma\/wp-content\/uploads\/2025\/12\/biafine-soleil-biafine-lait-solaire-enfant-ultra-hydratant-triple-resistance-spf-50.jpg\" \/>\r\n\t<meta property=\"og:image:width\" content=\"700\" \/>\r\n\t<meta property=\"og:image:height\" content=\"700\" \/>\r\n\t<meta property=\"og:image:type\" content=\"image\/jpeg\" \/>\r\n<meta name=\"twitter:card\" content=\"summary_large_image\" \/>\r\n<meta name=\"twitter:label1\" content=\"Dur\u00e9e de lecture estim\u00e9e\" \/>\n\t<meta name=\"twitter:data1\" content=\"1 minute\" \/>\r\n<script type=\"application\/ld+json\" class=\"yoast-schema-graph\">{\"@context\":\"https:\/\/schema.org\",\"@graph\":[{\"@type\":\"WebPage\",\"@id\":\"https:\/\/paracherkaoui.ma\/index.php\/produit\/biafine-soleil-biafine-lait-solaire-enfant-ultra-hydratant-triple-resistance-spf-50-2\/\",\"url\":\"https:\/\/paracherkaoui.ma\/index.php\/produit\/biafine-soleil-biafine-lait-solaire-enfant-ultra-hydratant-triple-resistance-spf-50-2\/\",\"name\":\"BIAFINE SOLEIL BIAFINE LAIT SOLAIRE ENFANT ULTRA HYDRATANT TRIPLE RESISTANCE SPF 50+ - Paracherkaoui.ma\",\"isPartOf\":{\"@id\":\"https:\/\/paracherkaoui.ma\/#website\"},\"primaryImageOfPage\":{\"@id\":\"https:\/\/paracherkaoui.ma\/index.php\/produit\/biafine-soleil-biafine-lait-solaire-enfant-ultra-hydratant-triple-resistance-spf-50-2\/#primaryimage\"},\"image\":{\"@id\":\"https:\/\/paracherkaoui.ma\/index.php\/produit\/biafine-soleil-biafine-lait-solaire-enfant-ultra-hydratant-triple-resistance-spf-50-2\/#primaryimage\"},\"thumbnailUrl\":\"https:\/\/paracherkaoui.ma\/wp-content\/uploads\/2025\/12\/biafine-soleil-biafine-lait-solaire-enfant-ultra-hydratant-triple-resistance-spf-50.jpg\",\"datePublished\":\"2025-12-12T18:02:11+00:00\",\"dateModified\":\"2025-12-12T18:02:16+00:00\",\"breadcrumb\":{\"@id\":\"https:\/\/paracherkaoui.ma\/index.php\/produit\/biafine-soleil-biafine-lait-solaire-enfant-ultra-hydratant-triple-resistance-spf-50-2\/#breadcrumb\"},\"inLanguage\":\"fr-FR\",\"potentialAction\":[{\"@type\":\"ReadAction\",\"target\":[\"https:\/\/paracherkaoui.ma\/index.php\/produit\/biafine-soleil-biafine-lait-solaire-enfant-ultra-hydratant-triple-resistance-spf-50-2\/\"]}]},{\"@type\":\"ImageObject\",\"inLanguage\":\"fr-FR\",\"@id\":\"https:\/\/paracherkaoui.ma\/index.php\/produit\/biafine-soleil-biafine-lait-solaire-enfant-ultra-hydratant-triple-resistance-spf-50-2\/#primaryimage\",\"url\":\"https:\/\/paracherkaoui.ma\/wp-content\/uploads\/2025\/12\/biafine-soleil-biafine-lait-solaire-enfant-ultra-hydratant-triple-resistance-spf-50.jpg\",\"contentUrl\":\"https:\/\/paracherkaoui.ma\/wp-content\/uploads\/2025\/12\/biafine-soleil-biafine-lait-solaire-enfant-ultra-hydratant-triple-resistance-spf-50.jpg\",\"width\":700,\"height\":700},{\"@type\":\"BreadcrumbList\",\"@id\":\"https:\/\/paracherkaoui.ma\/index.php\/produit\/biafine-soleil-biafine-lait-solaire-enfant-ultra-hydratant-triple-resistance-spf-50-2\/#breadcrumb\",\"itemListElement\":[{\"@type\":\"ListItem\",\"position\":1,\"name\":\"Accueil\",\"item\":\"https:\/\/paracherkaoui.ma\/\"},{\"@type\":\"ListItem\",\"position\":2,\"name\":\"Boutique\",\"item\":\"https:\/\/paracherkaoui.ma\/index.php\/boutique\/\"},{\"@type\":\"ListItem\",\"position\":3,\"name\":\"BIAFINE SOLEIL BIAFINE LAIT SOLAIRE ENFANT ULTRA HYDRATANT TRIPLE RESISTANCE SPF 50+\"}]},{\"@type\":\"WebSite\",\"@id\":\"https:\/\/paracherkaoui.ma\/#website\",\"url\":\"https:\/\/paracherkaoui.ma\/\",\"name\":\"Paracherkaoui.ma\",\"description\":\"Achetez en ligne sur Paracherkaoui.ma\",\"potentialAction\":[{\"@type\":\"SearchAction\",\"target\":{\"@type\":\"EntryPoint\",\"urlTemplate\":\"https:\/\/paracherkaoui.ma\/?s={search_term_string}\"},\"query-input\":{\"@type\":\"PropertyValueSpecification\",\"valueRequired\":true,\"valueName\":\"search_term_string\"}}],\"inLanguage\":\"fr-FR\"}]}<\/script>\r\n<!-- \/ Yoast SEO plugin. -->","yoast_head_json":{"title":"BIAFINE SOLEIL BIAFINE LAIT SOLAIRE ENFANT ULTRA HYDRATANT TRIPLE RESISTANCE SPF 50+ - Paracherkaoui.ma","robots":{"index":"index","follow":"follow","max-snippet":"max-snippet:-1","max-image-preview":"max-image-preview:large","max-video-preview":"max-video-preview:-1"},"canonical":"https:\/\/paracherkaoui.ma\/index.php\/produit\/biafine-soleil-biafine-lait-solaire-enfant-ultra-hydratant-triple-resistance-spf-50-2\/","og_locale":"fr_FR","og_type":"article","og_title":"BIAFINE SOLEIL BIAFINE LAIT SOLAIRE ENFANT ULTRA HYDRATANT TRIPLE RESISTANCE SPF 50+ - Paracherkaoui.ma","og_description":"DESCRIPTION : Le lait solaire ultra-hydratant triple r\u00e9sistance pour la peau fragile de l&rsquo;enfant Triple R\u00e9sistance :- Baignades- Sable- Transpiration","og_url":"https:\/\/paracherkaoui.ma\/index.php\/produit\/biafine-soleil-biafine-lait-solaire-enfant-ultra-hydratant-triple-resistance-spf-50-2\/","og_site_name":"Paracherkaoui.ma","article_modified_time":"2025-12-12T18:02:16+00:00","og_image":[{"width":700,"height":700,"url":"https:\/\/paracherkaoui.ma\/wp-content\/uploads\/2025\/12\/biafine-soleil-biafine-lait-solaire-enfant-ultra-hydratant-triple-resistance-spf-50.jpg","type":"image\/jpeg"}],"twitter_card":"summary_large_image","twitter_misc":{"Dur\u00e9e de lecture estim\u00e9e":"1 minute"},"schema":{"@context":"https:\/\/schema.org","@graph":[{"@type":"WebPage","@id":"https:\/\/paracherkaoui.ma\/index.php\/produit\/biafine-soleil-biafine-lait-solaire-enfant-ultra-hydratant-triple-resistance-spf-50-2\/","url":"https:\/\/paracherkaoui.ma\/index.php\/produit\/biafine-soleil-biafine-lait-solaire-enfant-ultra-hydratant-triple-resistance-spf-50-2\/","name":"BIAFINE SOLEIL BIAFINE LAIT SOLAIRE ENFANT ULTRA HYDRATANT TRIPLE RESISTANCE SPF 50+ - Paracherkaoui.ma","isPartOf":{"@id":"https:\/\/paracherkaoui.ma\/#website"},"primaryImageOfPage":{"@id":"https:\/\/paracherkaoui.ma\/index.php\/produit\/biafine-soleil-biafine-lait-solaire-enfant-ultra-hydratant-triple-resistance-spf-50-2\/#primaryimage"},"image":{"@id":"https:\/\/paracherkaoui.ma\/index.php\/produit\/biafine-soleil-biafine-lait-solaire-enfant-ultra-hydratant-triple-resistance-spf-50-2\/#primaryimage"},"thumbnailUrl":"https:\/\/paracherkaoui.ma\/wp-content\/uploads\/2025\/12\/biafine-soleil-biafine-lait-solaire-enfant-ultra-hydratant-triple-resistance-spf-50.jpg","datePublished":"2025-12-12T18:02:11+00:00","dateModified":"2025-12-12T18:02:16+00:00","breadcrumb":{"@id":"https:\/\/paracherkaoui.ma\/index.php\/produit\/biafine-soleil-biafine-lait-solaire-enfant-ultra-hydratant-triple-resistance-spf-50-2\/#breadcrumb"},"inLanguage":"fr-FR","potentialAction":[{"@type":"ReadAction","target":["https:\/\/paracherkaoui.ma\/index.php\/produit\/biafine-soleil-biafine-lait-solaire-enfant-ultra-hydratant-triple-resistance-spf-50-2\/"]}]},{"@type":"ImageObject","inLanguage":"fr-FR","@id":"https:\/\/paracherkaoui.ma\/index.php\/produit\/biafine-soleil-biafine-lait-solaire-enfant-ultra-hydratant-triple-resistance-spf-50-2\/#primaryimage","url":"https:\/\/paracherkaoui.ma\/wp-content\/uploads\/2025\/12\/biafine-soleil-biafine-lait-solaire-enfant-ultra-hydratant-triple-resistance-spf-50.jpg","contentUrl":"https:\/\/paracherkaoui.ma\/wp-content\/uploads\/2025\/12\/biafine-soleil-biafine-lait-solaire-enfant-ultra-hydratant-triple-resistance-spf-50.jpg","width":700,"height":700},{"@type":"BreadcrumbList","@id":"https:\/\/paracherkaoui.ma\/index.php\/produit\/biafine-soleil-biafine-lait-solaire-enfant-ultra-hydratant-triple-resistance-spf-50-2\/#breadcrumb","itemListElement":[{"@type":"ListItem","position":1,"name":"Accueil","item":"https:\/\/paracherkaoui.ma\/"},{"@type":"ListItem","position":2,"name":"Boutique","item":"https:\/\/paracherkaoui.ma\/index.php\/boutique\/"},{"@type":"ListItem","position":3,"name":"BIAFINE SOLEIL BIAFINE LAIT SOLAIRE ENFANT ULTRA HYDRATANT TRIPLE RESISTANCE SPF 50+"}]},{"@type":"WebSite","@id":"https:\/\/paracherkaoui.ma\/#website","url":"https:\/\/paracherkaoui.ma\/","name":"Paracherkaoui.ma","description":"Achetez en ligne sur Paracherkaoui.ma","potentialAction":[{"@type":"SearchAction","target":{"@type":"EntryPoint","urlTemplate":"https:\/\/paracherkaoui.ma\/?s={search_term_string}"},"query-input":{"@type":"PropertyValueSpecification","valueRequired":true,"valueName":"search_term_string"}}],"inLanguage":"fr-FR"}]}},"_links":{"self":[{"href":"https:\/\/paracherkaoui.ma\/index.php\/wp-json\/wp\/v2\/product\/39323","targetHints":{"allow":["GET"]}}],"collection":[{"href":"https:\/\/paracherkaoui.ma\/index.php\/wp-json\/wp\/v2\/product"}],"about":[{"href":"https:\/\/paracherkaoui.ma\/index.php\/wp-json\/wp\/v2\/types\/product"}],"replies":[{"embeddable":true,"href":"https:\/\/paracherkaoui.ma\/index.php\/wp-json\/wp\/v2\/comments?post=39323"}],"version-history":[{"count":1,"href":"https:\/\/paracherkaoui.ma\/index.php\/wp-json\/wp\/v2\/product\/39323\/revisions"}],"predecessor-version":[{"id":39369,"href":"https:\/\/paracherkaoui.ma\/index.php\/wp-json\/wp\/v2\/product\/39323\/revisions\/39369"}],"wp:featuredmedia":[{"embeddable":true,"href":"https:\/\/paracherkaoui.ma\/index.php\/wp-json\/wp\/v2\/media\/12759"}],"wp:attachment":[{"href":"https:\/\/paracherkaoui.ma\/index.php\/wp-json\/wp\/v2\/media?parent=39323"}],"wp:term":[{"taxonomy":"product_brand","embeddable":true,"href":"https:\/\/paracherkaoui.ma\/index.php\/wp-json\/wp\/v2\/product_brand?post=39323"},{"taxonomy":"product_cat","embeddable":true,"href":"https:\/\/paracherkaoui.ma\/index.php\/wp-json\/wp\/v2\/product_cat?post=39323"},{"taxonomy":"product_tag","embeddable":true,"href":"https:\/\/paracherkaoui.ma\/index.php\/wp-json\/wp\/v2\/product_tag?post=39323"}],"curies":[{"name":"wp","href":"https:\/\/api.w.org\/{rel}","templated":true}]}}