{"id":39319,"date":"2025-12-12T19:02:11","date_gmt":"2025-12-12T18:02:11","guid":{"rendered":"https:\/\/test.ecbeaute.com\/?post_type=product&#038;p=39319"},"modified":"2025-12-12T19:02:16","modified_gmt":"2025-12-12T18:02:16","slug":"biarritz-algamaris-creme-solaire-enfant-spf-50","status":"publish","type":"product","link":"https:\/\/paracherkaoui.ma\/index.php\/produit\/biarritz-algamaris-creme-solaire-enfant-spf-50\/","title":{"rendered":"BIARRITZ ALGAMARIS CREME SOLAIRE ENFANT SPF 50+"},"content":{"rendered":"<p>la cr\u00e8me solaire b\u00e9b\u00e9 &#038; enfant SPF50+ assure une protection cellulaire optimale !<br \/>\nD\u2019une part contre les UVA\/UVB gr\u00e2ce \u00e0 des \u00e9crans min\u00e9raux haute tol\u00e9rance et d\u2019autre part contre les radicaux libres gr\u00e2ce \u00e0 Alga-Gorria\u00ae, extrait brevet\u00e9 d\u2019algue rouge (Gelidium sesquipedale) aux propri\u00e9t\u00e9s antioxydantes.<br \/>\nHypoallerg\u00e9nique, sans parfum, la formule de la cr\u00e8me solaire enfant bio est parfaitement adapt\u00e9e \u00e0 la peau sensible des enfants. Sa grande r\u00e9sistance \u00e0 l\u2019eau permet de les accompagner dans tous leurs jeux. La cr\u00e8me solaire b\u00e9b\u00e9 bio SPF50+ est tr\u00e8s r\u00e9sistante \u00e0 la transpiration et \u00e0 l\u2019eau, qu\u2019elle soit sal\u00e9e ou chlor\u00e9e.<\/p>\n","protected":false},"excerpt":{"rendered":"<p>la cr\u00e8me solaire b\u00e9b\u00e9 &#038; enfant SPF50+ assure une protection cellulaire optimale ! D\u2019une part contre les UVA\/UVB gr\u00e2ce \u00e0<\/p>\n","protected":false},"featured_media":39362,"comment_status":"open","ping_status":"closed","template":"","meta":[],"product_brand":[295],"product_cat":[685],"product_tag":[],"class_list":{"0":"post-39319","1":"product","2":"type-product","3":"status-publish","4":"has-post-thumbnail","6":"product_brand-biarritz","7":"product_cat-solaires-bebes-et-enfants","9":"first","10":"instock","11":"shipping-taxable","12":"purchasable","13":"product-type-simple"},"yoast_head":"<!-- This site is optimized with the Yoast SEO plugin v26.6 - https:\/\/yoast.com\/wordpress\/plugins\/seo\/ -->\r\n<title>BIARRITZ ALGAMARIS CREME SOLAIRE ENFANT SPF 50+ - Paracherkaoui.ma<\/title>\r\n<meta name=\"robots\" content=\"index, follow, max-snippet:-1, max-image-preview:large, max-video-preview:-1\" \/>\r\n<link rel=\"canonical\" href=\"https:\/\/paracherkaoui.ma\/index.php\/produit\/biarritz-algamaris-creme-solaire-enfant-spf-50\/\" \/>\r\n<meta property=\"og:locale\" content=\"fr_FR\" \/>\r\n<meta property=\"og:type\" content=\"article\" \/>\r\n<meta property=\"og:title\" content=\"BIARRITZ ALGAMARIS CREME SOLAIRE ENFANT SPF 50+ - Paracherkaoui.ma\" \/>\r\n<meta property=\"og:description\" content=\"la cr\u00e8me solaire b\u00e9b\u00e9 &#038; enfant SPF50+ assure une protection cellulaire optimale ! D\u2019une part contre les UVA\/UVB gr\u00e2ce \u00e0\" \/>\r\n<meta property=\"og:url\" content=\"https:\/\/paracherkaoui.ma\/index.php\/produit\/biarritz-algamaris-creme-solaire-enfant-spf-50\/\" \/>\r\n<meta property=\"og:site_name\" content=\"Paracherkaoui.ma\" \/>\r\n<meta property=\"article:modified_time\" content=\"2025-12-12T18:02:16+00:00\" \/>\r\n<meta property=\"og:image\" content=\"https:\/\/paracherkaoui.ma\/wp-content\/uploads\/2025\/12\/biarritz-biarritz-algamaris-creme-solaire-enfant-spf-50-solaires-enfants.jpg\" \/>\r\n\t<meta property=\"og:image:width\" content=\"700\" \/>\r\n\t<meta property=\"og:image:height\" content=\"700\" \/>\r\n\t<meta property=\"og:image:type\" content=\"image\/jpeg\" \/>\r\n<meta name=\"twitter:card\" content=\"summary_large_image\" \/>\r\n<meta name=\"twitter:label1\" content=\"Dur\u00e9e de lecture estim\u00e9e\" \/>\n\t<meta name=\"twitter:data1\" content=\"1 minute\" \/>\r\n<script type=\"application\/ld+json\" class=\"yoast-schema-graph\">{\"@context\":\"https:\/\/schema.org\",\"@graph\":[{\"@type\":\"WebPage\",\"@id\":\"https:\/\/paracherkaoui.ma\/index.php\/produit\/biarritz-algamaris-creme-solaire-enfant-spf-50\/\",\"url\":\"https:\/\/paracherkaoui.ma\/index.php\/produit\/biarritz-algamaris-creme-solaire-enfant-spf-50\/\",\"name\":\"BIARRITZ ALGAMARIS CREME SOLAIRE ENFANT SPF 50+ - Paracherkaoui.ma\",\"isPartOf\":{\"@id\":\"https:\/\/paracherkaoui.ma\/#website\"},\"primaryImageOfPage\":{\"@id\":\"https:\/\/paracherkaoui.ma\/index.php\/produit\/biarritz-algamaris-creme-solaire-enfant-spf-50\/#primaryimage\"},\"image\":{\"@id\":\"https:\/\/paracherkaoui.ma\/index.php\/produit\/biarritz-algamaris-creme-solaire-enfant-spf-50\/#primaryimage\"},\"thumbnailUrl\":\"https:\/\/paracherkaoui.ma\/wp-content\/uploads\/2025\/12\/biarritz-biarritz-algamaris-creme-solaire-enfant-spf-50-solaires-enfants.jpg\",\"datePublished\":\"2025-12-12T18:02:11+00:00\",\"dateModified\":\"2025-12-12T18:02:16+00:00\",\"breadcrumb\":{\"@id\":\"https:\/\/paracherkaoui.ma\/index.php\/produit\/biarritz-algamaris-creme-solaire-enfant-spf-50\/#breadcrumb\"},\"inLanguage\":\"fr-FR\",\"potentialAction\":[{\"@type\":\"ReadAction\",\"target\":[\"https:\/\/paracherkaoui.ma\/index.php\/produit\/biarritz-algamaris-creme-solaire-enfant-spf-50\/\"]}]},{\"@type\":\"ImageObject\",\"inLanguage\":\"fr-FR\",\"@id\":\"https:\/\/paracherkaoui.ma\/index.php\/produit\/biarritz-algamaris-creme-solaire-enfant-spf-50\/#primaryimage\",\"url\":\"https:\/\/paracherkaoui.ma\/wp-content\/uploads\/2025\/12\/biarritz-biarritz-algamaris-creme-solaire-enfant-spf-50-solaires-enfants.jpg\",\"contentUrl\":\"https:\/\/paracherkaoui.ma\/wp-content\/uploads\/2025\/12\/biarritz-biarritz-algamaris-creme-solaire-enfant-spf-50-solaires-enfants.jpg\",\"width\":700,\"height\":700},{\"@type\":\"BreadcrumbList\",\"@id\":\"https:\/\/paracherkaoui.ma\/index.php\/produit\/biarritz-algamaris-creme-solaire-enfant-spf-50\/#breadcrumb\",\"itemListElement\":[{\"@type\":\"ListItem\",\"position\":1,\"name\":\"Accueil\",\"item\":\"https:\/\/paracherkaoui.ma\/\"},{\"@type\":\"ListItem\",\"position\":2,\"name\":\"Boutique\",\"item\":\"https:\/\/paracherkaoui.ma\/index.php\/boutique\/\"},{\"@type\":\"ListItem\",\"position\":3,\"name\":\"BIARRITZ ALGAMARIS CREME SOLAIRE ENFANT SPF 50+\"}]},{\"@type\":\"WebSite\",\"@id\":\"https:\/\/paracherkaoui.ma\/#website\",\"url\":\"https:\/\/paracherkaoui.ma\/\",\"name\":\"Paracherkaoui.ma\",\"description\":\"Achetez en ligne sur Paracherkaoui.ma\",\"potentialAction\":[{\"@type\":\"SearchAction\",\"target\":{\"@type\":\"EntryPoint\",\"urlTemplate\":\"https:\/\/paracherkaoui.ma\/?s={search_term_string}\"},\"query-input\":{\"@type\":\"PropertyValueSpecification\",\"valueRequired\":true,\"valueName\":\"search_term_string\"}}],\"inLanguage\":\"fr-FR\"}]}<\/script>\r\n<!-- \/ Yoast SEO plugin. -->","yoast_head_json":{"title":"BIARRITZ ALGAMARIS CREME SOLAIRE ENFANT SPF 50+ - Paracherkaoui.ma","robots":{"index":"index","follow":"follow","max-snippet":"max-snippet:-1","max-image-preview":"max-image-preview:large","max-video-preview":"max-video-preview:-1"},"canonical":"https:\/\/paracherkaoui.ma\/index.php\/produit\/biarritz-algamaris-creme-solaire-enfant-spf-50\/","og_locale":"fr_FR","og_type":"article","og_title":"BIARRITZ ALGAMARIS CREME SOLAIRE ENFANT SPF 50+ - Paracherkaoui.ma","og_description":"la cr\u00e8me solaire b\u00e9b\u00e9 &#038; enfant SPF50+ assure une protection cellulaire optimale ! D\u2019une part contre les UVA\/UVB gr\u00e2ce \u00e0","og_url":"https:\/\/paracherkaoui.ma\/index.php\/produit\/biarritz-algamaris-creme-solaire-enfant-spf-50\/","og_site_name":"Paracherkaoui.ma","article_modified_time":"2025-12-12T18:02:16+00:00","og_image":[{"width":700,"height":700,"url":"https:\/\/paracherkaoui.ma\/wp-content\/uploads\/2025\/12\/biarritz-biarritz-algamaris-creme-solaire-enfant-spf-50-solaires-enfants.jpg","type":"image\/jpeg"}],"twitter_card":"summary_large_image","twitter_misc":{"Dur\u00e9e de lecture estim\u00e9e":"1 minute"},"schema":{"@context":"https:\/\/schema.org","@graph":[{"@type":"WebPage","@id":"https:\/\/paracherkaoui.ma\/index.php\/produit\/biarritz-algamaris-creme-solaire-enfant-spf-50\/","url":"https:\/\/paracherkaoui.ma\/index.php\/produit\/biarritz-algamaris-creme-solaire-enfant-spf-50\/","name":"BIARRITZ ALGAMARIS CREME SOLAIRE ENFANT SPF 50+ - Paracherkaoui.ma","isPartOf":{"@id":"https:\/\/paracherkaoui.ma\/#website"},"primaryImageOfPage":{"@id":"https:\/\/paracherkaoui.ma\/index.php\/produit\/biarritz-algamaris-creme-solaire-enfant-spf-50\/#primaryimage"},"image":{"@id":"https:\/\/paracherkaoui.ma\/index.php\/produit\/biarritz-algamaris-creme-solaire-enfant-spf-50\/#primaryimage"},"thumbnailUrl":"https:\/\/paracherkaoui.ma\/wp-content\/uploads\/2025\/12\/biarritz-biarritz-algamaris-creme-solaire-enfant-spf-50-solaires-enfants.jpg","datePublished":"2025-12-12T18:02:11+00:00","dateModified":"2025-12-12T18:02:16+00:00","breadcrumb":{"@id":"https:\/\/paracherkaoui.ma\/index.php\/produit\/biarritz-algamaris-creme-solaire-enfant-spf-50\/#breadcrumb"},"inLanguage":"fr-FR","potentialAction":[{"@type":"ReadAction","target":["https:\/\/paracherkaoui.ma\/index.php\/produit\/biarritz-algamaris-creme-solaire-enfant-spf-50\/"]}]},{"@type":"ImageObject","inLanguage":"fr-FR","@id":"https:\/\/paracherkaoui.ma\/index.php\/produit\/biarritz-algamaris-creme-solaire-enfant-spf-50\/#primaryimage","url":"https:\/\/paracherkaoui.ma\/wp-content\/uploads\/2025\/12\/biarritz-biarritz-algamaris-creme-solaire-enfant-spf-50-solaires-enfants.jpg","contentUrl":"https:\/\/paracherkaoui.ma\/wp-content\/uploads\/2025\/12\/biarritz-biarritz-algamaris-creme-solaire-enfant-spf-50-solaires-enfants.jpg","width":700,"height":700},{"@type":"BreadcrumbList","@id":"https:\/\/paracherkaoui.ma\/index.php\/produit\/biarritz-algamaris-creme-solaire-enfant-spf-50\/#breadcrumb","itemListElement":[{"@type":"ListItem","position":1,"name":"Accueil","item":"https:\/\/paracherkaoui.ma\/"},{"@type":"ListItem","position":2,"name":"Boutique","item":"https:\/\/paracherkaoui.ma\/index.php\/boutique\/"},{"@type":"ListItem","position":3,"name":"BIARRITZ ALGAMARIS CREME SOLAIRE ENFANT SPF 50+"}]},{"@type":"WebSite","@id":"https:\/\/paracherkaoui.ma\/#website","url":"https:\/\/paracherkaoui.ma\/","name":"Paracherkaoui.ma","description":"Achetez en ligne sur Paracherkaoui.ma","potentialAction":[{"@type":"SearchAction","target":{"@type":"EntryPoint","urlTemplate":"https:\/\/paracherkaoui.ma\/?s={search_term_string}"},"query-input":{"@type":"PropertyValueSpecification","valueRequired":true,"valueName":"search_term_string"}}],"inLanguage":"fr-FR"}]}},"_links":{"self":[{"href":"https:\/\/paracherkaoui.ma\/index.php\/wp-json\/wp\/v2\/product\/39319","targetHints":{"allow":["GET"]}}],"collection":[{"href":"https:\/\/paracherkaoui.ma\/index.php\/wp-json\/wp\/v2\/product"}],"about":[{"href":"https:\/\/paracherkaoui.ma\/index.php\/wp-json\/wp\/v2\/types\/product"}],"replies":[{"embeddable":true,"href":"https:\/\/paracherkaoui.ma\/index.php\/wp-json\/wp\/v2\/comments?post=39319"}],"version-history":[{"count":1,"href":"https:\/\/paracherkaoui.ma\/index.php\/wp-json\/wp\/v2\/product\/39319\/revisions"}],"predecessor-version":[{"id":39363,"href":"https:\/\/paracherkaoui.ma\/index.php\/wp-json\/wp\/v2\/product\/39319\/revisions\/39363"}],"wp:featuredmedia":[{"embeddable":true,"href":"https:\/\/paracherkaoui.ma\/index.php\/wp-json\/wp\/v2\/media\/39362"}],"wp:attachment":[{"href":"https:\/\/paracherkaoui.ma\/index.php\/wp-json\/wp\/v2\/media?parent=39319"}],"wp:term":[{"taxonomy":"product_brand","embeddable":true,"href":"https:\/\/paracherkaoui.ma\/index.php\/wp-json\/wp\/v2\/product_brand?post=39319"},{"taxonomy":"product_cat","embeddable":true,"href":"https:\/\/paracherkaoui.ma\/index.php\/wp-json\/wp\/v2\/product_cat?post=39319"},{"taxonomy":"product_tag","embeddable":true,"href":"https:\/\/paracherkaoui.ma\/index.php\/wp-json\/wp\/v2\/product_tag?post=39319"}],"curies":[{"name":"wp","href":"https:\/\/api.w.org\/{rel}","templated":true}]}}