{"id":39312,"date":"2025-12-12T19:02:11","date_gmt":"2025-12-12T18:02:11","guid":{"rendered":"https:\/\/test.ecbeaute.com\/?post_type=product&#038;p=39312"},"modified":"2025-12-12T19:02:14","modified_gmt":"2025-12-12T18:02:14","slug":"mustela-lait-solaire-tres-haute-protection-spf-50-100-ml","status":"publish","type":"product","link":"https:\/\/paracherkaoui.ma\/index.php\/produit\/mustela-lait-solaire-tres-haute-protection-spf-50-100-ml\/","title":{"rendered":"MUSTELA LAIT SOLAIRE TRES HAUTE PROTECTION SPF 50+ 100 ML"},"content":{"rendered":"<p>Test\u00e9 dermatologiquement et sans parfum, ce lait solaire prot\u00e8ge efficacement les peaux les plus sensibles, y compris celles sujettes aux r\u00e9actions au soleil et \u00e0 tendance atopique.<br \/>\nSa formule est enrichie en Pers\u00e9ose d&rsquo;Avocat bio, qui renforce la barri\u00e8re cutan\u00e9e et pr\u00e9serve la vitalit\u00e9 cellulaire de la peau contre les rayons UV.<br \/>\nUtilisant de l&rsquo;Avocat Upcycl\u00e9 provenant de fili\u00e8res responsables et de l&rsquo;\u00e9conomie circulaire, ce lait solaire est tr\u00e8s r\u00e9sistant \u00e0 l&rsquo;eau et respectueux des oc\u00e9ans, gr\u00e2ce \u00e0 des filtres protecteurs soigneusement s\u00e9lectionn\u00e9s.<br \/>\nSans laisser d&rsquo;effet blanc sur la peau, ce produit est fabriqu\u00e9 en France, garantissant ainsi une qualit\u00e9 et une s\u00e9curit\u00e9 optimales pour toute la famille.<br \/>\nCOMPOSITION<br \/>\nAqua (eau), triglyc\u00e9ride caprylique\/caprique, carbonate de dicaprylyle, benzoate de di\u00e9thylaminohydroxybenzoyl hexyle, bis \u00e9thylhexyloxyph\u00e9nol m\u00e9thoxyph\u00e9nyl triazine, di\u00e9thylhexyl butamido triazone, glyc\u00e9rine, alcool c\u00e9tylique, \u00e9thylhexyl triazone, phosphate d&rsquo;alkyle C20-22, alcools C20-22, arginine, 1, 2 Hexanediol, caprylate de glyc\u00e9ryle, huile de Persea Gratissima (avocat), tocoph\u00e9rol, caprylyl glycol, gomme de xanthane, huile de graines d&rsquo;Helianthus Annuus (tournesol), acrylates\/polym\u00e8re crois\u00e9 d&rsquo;acrylate d&rsquo;alkyle C10-30, extrait de fruit de Persea Gratissima (avocat).<br \/>\nCONSEIL D\u2019UTILISATION<br \/>\nAppliquez g\u00e9n\u00e9reusement et uniform\u00e9ment le lait solaire sur le visage et le corps avant toute exposition au soleil. Il est important de ne pas en utiliser une quantit\u00e9 insuffisante, car cela pourrait r\u00e9duire le niveau de protection.<br \/>\nRenouvelez l&rsquo;application toutes les 2 heures, apr\u00e8s chaque baignade sur une peau s\u00e8che et en cas de transpiration abondante. Assurez-vous de ne pas exposer directement les jeunes enfants au soleil.<\/p>\n","protected":false},"excerpt":{"rendered":"<p>Test\u00e9 dermatologiquement et sans parfum, ce lait solaire prot\u00e8ge efficacement les peaux les plus sensibles, y compris celles sujettes aux<\/p>\n","protected":false},"featured_media":39348,"comment_status":"open","ping_status":"closed","template":"","meta":[],"product_brand":[687],"product_cat":[685],"product_tag":[],"class_list":{"0":"post-39312","1":"product","2":"type-product","3":"status-publish","4":"has-post-thumbnail","6":"product_brand-mustela","7":"product_cat-solaires-bebes-et-enfants","9":"first","10":"instock","11":"sale","12":"shipping-taxable","13":"purchasable","14":"product-type-simple"},"yoast_head":"<!-- This site is optimized with the Yoast SEO plugin v26.6 - https:\/\/yoast.com\/wordpress\/plugins\/seo\/ -->\r\n<title>MUSTELA LAIT SOLAIRE TRES HAUTE PROTECTION SPF 50+ 100 ML - Paracherkaoui.ma<\/title>\r\n<meta name=\"robots\" content=\"index, follow, max-snippet:-1, max-image-preview:large, max-video-preview:-1\" \/>\r\n<link rel=\"canonical\" href=\"https:\/\/paracherkaoui.ma\/index.php\/produit\/mustela-lait-solaire-tres-haute-protection-spf-50-100-ml\/\" \/>\r\n<meta property=\"og:locale\" content=\"fr_FR\" \/>\r\n<meta property=\"og:type\" content=\"article\" \/>\r\n<meta property=\"og:title\" content=\"MUSTELA LAIT SOLAIRE TRES HAUTE PROTECTION SPF 50+ 100 ML - Paracherkaoui.ma\" \/>\r\n<meta property=\"og:description\" content=\"Test\u00e9 dermatologiquement et sans parfum, ce lait solaire prot\u00e8ge efficacement les peaux les plus sensibles, y compris celles sujettes aux\" \/>\r\n<meta property=\"og:url\" content=\"https:\/\/paracherkaoui.ma\/index.php\/produit\/mustela-lait-solaire-tres-haute-protection-spf-50-100-ml\/\" \/>\r\n<meta property=\"og:site_name\" content=\"Paracherkaoui.ma\" \/>\r\n<meta property=\"article:modified_time\" content=\"2025-12-12T18:02:14+00:00\" \/>\r\n<meta property=\"og:image\" content=\"https:\/\/paracherkaoui.ma\/wp-content\/uploads\/2025\/12\/mustela-mustela-lait-solaire-tres-haute-protection-spf-50-100-ml-solaires-bebes-et-enfants.jpg\" \/>\r\n\t<meta property=\"og:image:width\" content=\"700\" \/>\r\n\t<meta property=\"og:image:height\" content=\"700\" \/>\r\n\t<meta property=\"og:image:type\" content=\"image\/jpeg\" \/>\r\n<meta name=\"twitter:card\" content=\"summary_large_image\" \/>\r\n<meta name=\"twitter:label1\" content=\"Dur\u00e9e de lecture estim\u00e9e\" \/>\n\t<meta name=\"twitter:data1\" content=\"1 minute\" \/>\r\n<script type=\"application\/ld+json\" class=\"yoast-schema-graph\">{\"@context\":\"https:\/\/schema.org\",\"@graph\":[{\"@type\":\"WebPage\",\"@id\":\"https:\/\/paracherkaoui.ma\/index.php\/produit\/mustela-lait-solaire-tres-haute-protection-spf-50-100-ml\/\",\"url\":\"https:\/\/paracherkaoui.ma\/index.php\/produit\/mustela-lait-solaire-tres-haute-protection-spf-50-100-ml\/\",\"name\":\"MUSTELA LAIT SOLAIRE TRES HAUTE PROTECTION SPF 50+ 100 ML - Paracherkaoui.ma\",\"isPartOf\":{\"@id\":\"https:\/\/paracherkaoui.ma\/#website\"},\"primaryImageOfPage\":{\"@id\":\"https:\/\/paracherkaoui.ma\/index.php\/produit\/mustela-lait-solaire-tres-haute-protection-spf-50-100-ml\/#primaryimage\"},\"image\":{\"@id\":\"https:\/\/paracherkaoui.ma\/index.php\/produit\/mustela-lait-solaire-tres-haute-protection-spf-50-100-ml\/#primaryimage\"},\"thumbnailUrl\":\"https:\/\/paracherkaoui.ma\/wp-content\/uploads\/2025\/12\/mustela-mustela-lait-solaire-tres-haute-protection-spf-50-100-ml-solaires-bebes-et-enfants.jpg\",\"datePublished\":\"2025-12-12T18:02:11+00:00\",\"dateModified\":\"2025-12-12T18:02:14+00:00\",\"breadcrumb\":{\"@id\":\"https:\/\/paracherkaoui.ma\/index.php\/produit\/mustela-lait-solaire-tres-haute-protection-spf-50-100-ml\/#breadcrumb\"},\"inLanguage\":\"fr-FR\",\"potentialAction\":[{\"@type\":\"ReadAction\",\"target\":[\"https:\/\/paracherkaoui.ma\/index.php\/produit\/mustela-lait-solaire-tres-haute-protection-spf-50-100-ml\/\"]}]},{\"@type\":\"ImageObject\",\"inLanguage\":\"fr-FR\",\"@id\":\"https:\/\/paracherkaoui.ma\/index.php\/produit\/mustela-lait-solaire-tres-haute-protection-spf-50-100-ml\/#primaryimage\",\"url\":\"https:\/\/paracherkaoui.ma\/wp-content\/uploads\/2025\/12\/mustela-mustela-lait-solaire-tres-haute-protection-spf-50-100-ml-solaires-bebes-et-enfants.jpg\",\"contentUrl\":\"https:\/\/paracherkaoui.ma\/wp-content\/uploads\/2025\/12\/mustela-mustela-lait-solaire-tres-haute-protection-spf-50-100-ml-solaires-bebes-et-enfants.jpg\",\"width\":700,\"height\":700},{\"@type\":\"BreadcrumbList\",\"@id\":\"https:\/\/paracherkaoui.ma\/index.php\/produit\/mustela-lait-solaire-tres-haute-protection-spf-50-100-ml\/#breadcrumb\",\"itemListElement\":[{\"@type\":\"ListItem\",\"position\":1,\"name\":\"Accueil\",\"item\":\"https:\/\/paracherkaoui.ma\/\"},{\"@type\":\"ListItem\",\"position\":2,\"name\":\"Boutique\",\"item\":\"https:\/\/paracherkaoui.ma\/index.php\/boutique\/\"},{\"@type\":\"ListItem\",\"position\":3,\"name\":\"MUSTELA LAIT SOLAIRE TRES HAUTE PROTECTION SPF 50+ 100 ML\"}]},{\"@type\":\"WebSite\",\"@id\":\"https:\/\/paracherkaoui.ma\/#website\",\"url\":\"https:\/\/paracherkaoui.ma\/\",\"name\":\"Paracherkaoui.ma\",\"description\":\"Achetez en ligne sur Paracherkaoui.ma\",\"potentialAction\":[{\"@type\":\"SearchAction\",\"target\":{\"@type\":\"EntryPoint\",\"urlTemplate\":\"https:\/\/paracherkaoui.ma\/?s={search_term_string}\"},\"query-input\":{\"@type\":\"PropertyValueSpecification\",\"valueRequired\":true,\"valueName\":\"search_term_string\"}}],\"inLanguage\":\"fr-FR\"}]}<\/script>\r\n<!-- \/ Yoast SEO plugin. -->","yoast_head_json":{"title":"MUSTELA LAIT SOLAIRE TRES HAUTE PROTECTION SPF 50+ 100 ML - Paracherkaoui.ma","robots":{"index":"index","follow":"follow","max-snippet":"max-snippet:-1","max-image-preview":"max-image-preview:large","max-video-preview":"max-video-preview:-1"},"canonical":"https:\/\/paracherkaoui.ma\/index.php\/produit\/mustela-lait-solaire-tres-haute-protection-spf-50-100-ml\/","og_locale":"fr_FR","og_type":"article","og_title":"MUSTELA LAIT SOLAIRE TRES HAUTE PROTECTION SPF 50+ 100 ML - Paracherkaoui.ma","og_description":"Test\u00e9 dermatologiquement et sans parfum, ce lait solaire prot\u00e8ge efficacement les peaux les plus sensibles, y compris celles sujettes aux","og_url":"https:\/\/paracherkaoui.ma\/index.php\/produit\/mustela-lait-solaire-tres-haute-protection-spf-50-100-ml\/","og_site_name":"Paracherkaoui.ma","article_modified_time":"2025-12-12T18:02:14+00:00","og_image":[{"width":700,"height":700,"url":"https:\/\/paracherkaoui.ma\/wp-content\/uploads\/2025\/12\/mustela-mustela-lait-solaire-tres-haute-protection-spf-50-100-ml-solaires-bebes-et-enfants.jpg","type":"image\/jpeg"}],"twitter_card":"summary_large_image","twitter_misc":{"Dur\u00e9e de lecture estim\u00e9e":"1 minute"},"schema":{"@context":"https:\/\/schema.org","@graph":[{"@type":"WebPage","@id":"https:\/\/paracherkaoui.ma\/index.php\/produit\/mustela-lait-solaire-tres-haute-protection-spf-50-100-ml\/","url":"https:\/\/paracherkaoui.ma\/index.php\/produit\/mustela-lait-solaire-tres-haute-protection-spf-50-100-ml\/","name":"MUSTELA LAIT SOLAIRE TRES HAUTE PROTECTION SPF 50+ 100 ML - Paracherkaoui.ma","isPartOf":{"@id":"https:\/\/paracherkaoui.ma\/#website"},"primaryImageOfPage":{"@id":"https:\/\/paracherkaoui.ma\/index.php\/produit\/mustela-lait-solaire-tres-haute-protection-spf-50-100-ml\/#primaryimage"},"image":{"@id":"https:\/\/paracherkaoui.ma\/index.php\/produit\/mustela-lait-solaire-tres-haute-protection-spf-50-100-ml\/#primaryimage"},"thumbnailUrl":"https:\/\/paracherkaoui.ma\/wp-content\/uploads\/2025\/12\/mustela-mustela-lait-solaire-tres-haute-protection-spf-50-100-ml-solaires-bebes-et-enfants.jpg","datePublished":"2025-12-12T18:02:11+00:00","dateModified":"2025-12-12T18:02:14+00:00","breadcrumb":{"@id":"https:\/\/paracherkaoui.ma\/index.php\/produit\/mustela-lait-solaire-tres-haute-protection-spf-50-100-ml\/#breadcrumb"},"inLanguage":"fr-FR","potentialAction":[{"@type":"ReadAction","target":["https:\/\/paracherkaoui.ma\/index.php\/produit\/mustela-lait-solaire-tres-haute-protection-spf-50-100-ml\/"]}]},{"@type":"ImageObject","inLanguage":"fr-FR","@id":"https:\/\/paracherkaoui.ma\/index.php\/produit\/mustela-lait-solaire-tres-haute-protection-spf-50-100-ml\/#primaryimage","url":"https:\/\/paracherkaoui.ma\/wp-content\/uploads\/2025\/12\/mustela-mustela-lait-solaire-tres-haute-protection-spf-50-100-ml-solaires-bebes-et-enfants.jpg","contentUrl":"https:\/\/paracherkaoui.ma\/wp-content\/uploads\/2025\/12\/mustela-mustela-lait-solaire-tres-haute-protection-spf-50-100-ml-solaires-bebes-et-enfants.jpg","width":700,"height":700},{"@type":"BreadcrumbList","@id":"https:\/\/paracherkaoui.ma\/index.php\/produit\/mustela-lait-solaire-tres-haute-protection-spf-50-100-ml\/#breadcrumb","itemListElement":[{"@type":"ListItem","position":1,"name":"Accueil","item":"https:\/\/paracherkaoui.ma\/"},{"@type":"ListItem","position":2,"name":"Boutique","item":"https:\/\/paracherkaoui.ma\/index.php\/boutique\/"},{"@type":"ListItem","position":3,"name":"MUSTELA LAIT SOLAIRE TRES HAUTE PROTECTION SPF 50+ 100 ML"}]},{"@type":"WebSite","@id":"https:\/\/paracherkaoui.ma\/#website","url":"https:\/\/paracherkaoui.ma\/","name":"Paracherkaoui.ma","description":"Achetez en ligne sur Paracherkaoui.ma","potentialAction":[{"@type":"SearchAction","target":{"@type":"EntryPoint","urlTemplate":"https:\/\/paracherkaoui.ma\/?s={search_term_string}"},"query-input":{"@type":"PropertyValueSpecification","valueRequired":true,"valueName":"search_term_string"}}],"inLanguage":"fr-FR"}]}},"_links":{"self":[{"href":"https:\/\/paracherkaoui.ma\/index.php\/wp-json\/wp\/v2\/product\/39312","targetHints":{"allow":["GET"]}}],"collection":[{"href":"https:\/\/paracherkaoui.ma\/index.php\/wp-json\/wp\/v2\/product"}],"about":[{"href":"https:\/\/paracherkaoui.ma\/index.php\/wp-json\/wp\/v2\/types\/product"}],"replies":[{"embeddable":true,"href":"https:\/\/paracherkaoui.ma\/index.php\/wp-json\/wp\/v2\/comments?post=39312"}],"version-history":[{"count":1,"href":"https:\/\/paracherkaoui.ma\/index.php\/wp-json\/wp\/v2\/product\/39312\/revisions"}],"predecessor-version":[{"id":39349,"href":"https:\/\/paracherkaoui.ma\/index.php\/wp-json\/wp\/v2\/product\/39312\/revisions\/39349"}],"wp:featuredmedia":[{"embeddable":true,"href":"https:\/\/paracherkaoui.ma\/index.php\/wp-json\/wp\/v2\/media\/39348"}],"wp:attachment":[{"href":"https:\/\/paracherkaoui.ma\/index.php\/wp-json\/wp\/v2\/media?parent=39312"}],"wp:term":[{"taxonomy":"product_brand","embeddable":true,"href":"https:\/\/paracherkaoui.ma\/index.php\/wp-json\/wp\/v2\/product_brand?post=39312"},{"taxonomy":"product_cat","embeddable":true,"href":"https:\/\/paracherkaoui.ma\/index.php\/wp-json\/wp\/v2\/product_cat?post=39312"},{"taxonomy":"product_tag","embeddable":true,"href":"https:\/\/paracherkaoui.ma\/index.php\/wp-json\/wp\/v2\/product_tag?post=39312"}],"curies":[{"name":"wp","href":"https:\/\/api.w.org\/{rel}","templated":true}]}}