{"id":39310,"date":"2025-12-12T19:02:10","date_gmt":"2025-12-12T18:02:10","guid":{"rendered":"https:\/\/test.ecbeaute.com\/?post_type=product&#038;p=39310"},"modified":"2025-12-12T19:02:14","modified_gmt":"2025-12-12T18:02:14","slug":"babe-pediatric-photoprotecteur-lotion-100-ml-spf-50","status":"publish","type":"product","link":"https:\/\/paracherkaoui.ma\/index.php\/produit\/babe-pediatric-photoprotecteur-lotion-100-ml-spf-50\/","title":{"rendered":"BABE PEDIATRIC PHOTOPROTECTEUR LOTION 100 ML SPF 50+"},"content":{"rendered":"<p>La protection solaire est essentielle, surtout dans le cas des b\u00e9b\u00e9s et des enfants.<br \/>\nLa texture l\u00e9g\u00e8re et \u00e0 absorption rapide de cette cr\u00e8me solaire en fait un produit indispensable pour prot\u00e9ger la peau des plus petits en toute situation. En plus d&rsquo;une tr\u00e8s haute protection \u00e0 large spectre (SPF 50+), sa formule int\u00e8gre des actifs qui apaisent et adoucissent la peau.<br \/>\nUn produit tr\u00e8s \u00e9tanche qui leur permet de continuer \u00e0 jouer tout en \u00e9tant 100% prot\u00e9g\u00e9.<br \/>\nConseils d&rsquo;utilisation:<br \/>\nAppliquer g\u00e9n\u00e9reusement et uniform\u00e9ment sur le visage et le corps du b\u00e9b\u00e9 ou de l&rsquo;enfant 20 minutes avant l&rsquo;exposition au soleil.<br \/>\nRenouvelez l&rsquo;application fr\u00e9quemment. \u00c9viter le contact direct avec les yeux.<\/p>\n","protected":false},"excerpt":{"rendered":"<p>La protection solaire est essentielle, surtout dans le cas des b\u00e9b\u00e9s et des enfants. La texture l\u00e9g\u00e8re et \u00e0 absorption<\/p>\n","protected":false},"featured_media":39344,"comment_status":"open","ping_status":"closed","template":"","meta":[],"product_brand":[398],"product_cat":[685],"product_tag":[],"class_list":{"0":"post-39310","1":"product","2":"type-product","3":"status-publish","4":"has-post-thumbnail","6":"product_brand-babe","7":"product_cat-solaires-bebes-et-enfants","9":"first","10":"instock","11":"sale","12":"shipping-taxable","13":"purchasable","14":"product-type-simple"},"yoast_head":"<!-- This site is optimized with the Yoast SEO plugin v26.6 - https:\/\/yoast.com\/wordpress\/plugins\/seo\/ -->\r\n<title>BABE PEDIATRIC PHOTOPROTECTEUR LOTION 100 ML SPF 50+ - Paracherkaoui.ma<\/title>\r\n<meta name=\"robots\" content=\"index, follow, max-snippet:-1, max-image-preview:large, max-video-preview:-1\" \/>\r\n<link rel=\"canonical\" href=\"https:\/\/paracherkaoui.ma\/index.php\/produit\/babe-pediatric-photoprotecteur-lotion-100-ml-spf-50\/\" \/>\r\n<meta property=\"og:locale\" content=\"fr_FR\" \/>\r\n<meta property=\"og:type\" content=\"article\" \/>\r\n<meta property=\"og:title\" content=\"BABE PEDIATRIC PHOTOPROTECTEUR LOTION 100 ML SPF 50+ - Paracherkaoui.ma\" \/>\r\n<meta property=\"og:description\" content=\"La protection solaire est essentielle, surtout dans le cas des b\u00e9b\u00e9s et des enfants. La texture l\u00e9g\u00e8re et \u00e0 absorption\" \/>\r\n<meta property=\"og:url\" content=\"https:\/\/paracherkaoui.ma\/index.php\/produit\/babe-pediatric-photoprotecteur-lotion-100-ml-spf-50\/\" \/>\r\n<meta property=\"og:site_name\" content=\"Paracherkaoui.ma\" \/>\r\n<meta property=\"article:modified_time\" content=\"2025-12-12T18:02:14+00:00\" \/>\r\n<meta property=\"og:image\" content=\"https:\/\/paracherkaoui.ma\/wp-content\/uploads\/2025\/12\/babe-babe-pediatric-photoprotecteur-lotion-100-ml-spf-50-solaires-enfants.jpg\" \/>\r\n\t<meta property=\"og:image:width\" content=\"700\" \/>\r\n\t<meta property=\"og:image:height\" content=\"700\" \/>\r\n\t<meta property=\"og:image:type\" content=\"image\/jpeg\" \/>\r\n<meta name=\"twitter:card\" content=\"summary_large_image\" \/>\r\n<meta name=\"twitter:label1\" content=\"Dur\u00e9e de lecture estim\u00e9e\" \/>\n\t<meta name=\"twitter:data1\" content=\"1 minute\" \/>\r\n<script type=\"application\/ld+json\" class=\"yoast-schema-graph\">{\"@context\":\"https:\/\/schema.org\",\"@graph\":[{\"@type\":\"WebPage\",\"@id\":\"https:\/\/paracherkaoui.ma\/index.php\/produit\/babe-pediatric-photoprotecteur-lotion-100-ml-spf-50\/\",\"url\":\"https:\/\/paracherkaoui.ma\/index.php\/produit\/babe-pediatric-photoprotecteur-lotion-100-ml-spf-50\/\",\"name\":\"BABE PEDIATRIC PHOTOPROTECTEUR LOTION 100 ML SPF 50+ - Paracherkaoui.ma\",\"isPartOf\":{\"@id\":\"https:\/\/paracherkaoui.ma\/#website\"},\"primaryImageOfPage\":{\"@id\":\"https:\/\/paracherkaoui.ma\/index.php\/produit\/babe-pediatric-photoprotecteur-lotion-100-ml-spf-50\/#primaryimage\"},\"image\":{\"@id\":\"https:\/\/paracherkaoui.ma\/index.php\/produit\/babe-pediatric-photoprotecteur-lotion-100-ml-spf-50\/#primaryimage\"},\"thumbnailUrl\":\"https:\/\/paracherkaoui.ma\/wp-content\/uploads\/2025\/12\/babe-babe-pediatric-photoprotecteur-lotion-100-ml-spf-50-solaires-enfants.jpg\",\"datePublished\":\"2025-12-12T18:02:10+00:00\",\"dateModified\":\"2025-12-12T18:02:14+00:00\",\"breadcrumb\":{\"@id\":\"https:\/\/paracherkaoui.ma\/index.php\/produit\/babe-pediatric-photoprotecteur-lotion-100-ml-spf-50\/#breadcrumb\"},\"inLanguage\":\"fr-FR\",\"potentialAction\":[{\"@type\":\"ReadAction\",\"target\":[\"https:\/\/paracherkaoui.ma\/index.php\/produit\/babe-pediatric-photoprotecteur-lotion-100-ml-spf-50\/\"]}]},{\"@type\":\"ImageObject\",\"inLanguage\":\"fr-FR\",\"@id\":\"https:\/\/paracherkaoui.ma\/index.php\/produit\/babe-pediatric-photoprotecteur-lotion-100-ml-spf-50\/#primaryimage\",\"url\":\"https:\/\/paracherkaoui.ma\/wp-content\/uploads\/2025\/12\/babe-babe-pediatric-photoprotecteur-lotion-100-ml-spf-50-solaires-enfants.jpg\",\"contentUrl\":\"https:\/\/paracherkaoui.ma\/wp-content\/uploads\/2025\/12\/babe-babe-pediatric-photoprotecteur-lotion-100-ml-spf-50-solaires-enfants.jpg\",\"width\":700,\"height\":700},{\"@type\":\"BreadcrumbList\",\"@id\":\"https:\/\/paracherkaoui.ma\/index.php\/produit\/babe-pediatric-photoprotecteur-lotion-100-ml-spf-50\/#breadcrumb\",\"itemListElement\":[{\"@type\":\"ListItem\",\"position\":1,\"name\":\"Accueil\",\"item\":\"https:\/\/paracherkaoui.ma\/\"},{\"@type\":\"ListItem\",\"position\":2,\"name\":\"Boutique\",\"item\":\"https:\/\/paracherkaoui.ma\/index.php\/boutique\/\"},{\"@type\":\"ListItem\",\"position\":3,\"name\":\"BABE PEDIATRIC PHOTOPROTECTEUR LOTION 100 ML SPF 50+\"}]},{\"@type\":\"WebSite\",\"@id\":\"https:\/\/paracherkaoui.ma\/#website\",\"url\":\"https:\/\/paracherkaoui.ma\/\",\"name\":\"Paracherkaoui.ma\",\"description\":\"Achetez en ligne sur Paracherkaoui.ma\",\"potentialAction\":[{\"@type\":\"SearchAction\",\"target\":{\"@type\":\"EntryPoint\",\"urlTemplate\":\"https:\/\/paracherkaoui.ma\/?s={search_term_string}\"},\"query-input\":{\"@type\":\"PropertyValueSpecification\",\"valueRequired\":true,\"valueName\":\"search_term_string\"}}],\"inLanguage\":\"fr-FR\"}]}<\/script>\r\n<!-- \/ Yoast SEO plugin. -->","yoast_head_json":{"title":"BABE PEDIATRIC PHOTOPROTECTEUR LOTION 100 ML SPF 50+ - Paracherkaoui.ma","robots":{"index":"index","follow":"follow","max-snippet":"max-snippet:-1","max-image-preview":"max-image-preview:large","max-video-preview":"max-video-preview:-1"},"canonical":"https:\/\/paracherkaoui.ma\/index.php\/produit\/babe-pediatric-photoprotecteur-lotion-100-ml-spf-50\/","og_locale":"fr_FR","og_type":"article","og_title":"BABE PEDIATRIC PHOTOPROTECTEUR LOTION 100 ML SPF 50+ - Paracherkaoui.ma","og_description":"La protection solaire est essentielle, surtout dans le cas des b\u00e9b\u00e9s et des enfants. La texture l\u00e9g\u00e8re et \u00e0 absorption","og_url":"https:\/\/paracherkaoui.ma\/index.php\/produit\/babe-pediatric-photoprotecteur-lotion-100-ml-spf-50\/","og_site_name":"Paracherkaoui.ma","article_modified_time":"2025-12-12T18:02:14+00:00","og_image":[{"width":700,"height":700,"url":"https:\/\/paracherkaoui.ma\/wp-content\/uploads\/2025\/12\/babe-babe-pediatric-photoprotecteur-lotion-100-ml-spf-50-solaires-enfants.jpg","type":"image\/jpeg"}],"twitter_card":"summary_large_image","twitter_misc":{"Dur\u00e9e de lecture estim\u00e9e":"1 minute"},"schema":{"@context":"https:\/\/schema.org","@graph":[{"@type":"WebPage","@id":"https:\/\/paracherkaoui.ma\/index.php\/produit\/babe-pediatric-photoprotecteur-lotion-100-ml-spf-50\/","url":"https:\/\/paracherkaoui.ma\/index.php\/produit\/babe-pediatric-photoprotecteur-lotion-100-ml-spf-50\/","name":"BABE PEDIATRIC PHOTOPROTECTEUR LOTION 100 ML SPF 50+ - Paracherkaoui.ma","isPartOf":{"@id":"https:\/\/paracherkaoui.ma\/#website"},"primaryImageOfPage":{"@id":"https:\/\/paracherkaoui.ma\/index.php\/produit\/babe-pediatric-photoprotecteur-lotion-100-ml-spf-50\/#primaryimage"},"image":{"@id":"https:\/\/paracherkaoui.ma\/index.php\/produit\/babe-pediatric-photoprotecteur-lotion-100-ml-spf-50\/#primaryimage"},"thumbnailUrl":"https:\/\/paracherkaoui.ma\/wp-content\/uploads\/2025\/12\/babe-babe-pediatric-photoprotecteur-lotion-100-ml-spf-50-solaires-enfants.jpg","datePublished":"2025-12-12T18:02:10+00:00","dateModified":"2025-12-12T18:02:14+00:00","breadcrumb":{"@id":"https:\/\/paracherkaoui.ma\/index.php\/produit\/babe-pediatric-photoprotecteur-lotion-100-ml-spf-50\/#breadcrumb"},"inLanguage":"fr-FR","potentialAction":[{"@type":"ReadAction","target":["https:\/\/paracherkaoui.ma\/index.php\/produit\/babe-pediatric-photoprotecteur-lotion-100-ml-spf-50\/"]}]},{"@type":"ImageObject","inLanguage":"fr-FR","@id":"https:\/\/paracherkaoui.ma\/index.php\/produit\/babe-pediatric-photoprotecteur-lotion-100-ml-spf-50\/#primaryimage","url":"https:\/\/paracherkaoui.ma\/wp-content\/uploads\/2025\/12\/babe-babe-pediatric-photoprotecteur-lotion-100-ml-spf-50-solaires-enfants.jpg","contentUrl":"https:\/\/paracherkaoui.ma\/wp-content\/uploads\/2025\/12\/babe-babe-pediatric-photoprotecteur-lotion-100-ml-spf-50-solaires-enfants.jpg","width":700,"height":700},{"@type":"BreadcrumbList","@id":"https:\/\/paracherkaoui.ma\/index.php\/produit\/babe-pediatric-photoprotecteur-lotion-100-ml-spf-50\/#breadcrumb","itemListElement":[{"@type":"ListItem","position":1,"name":"Accueil","item":"https:\/\/paracherkaoui.ma\/"},{"@type":"ListItem","position":2,"name":"Boutique","item":"https:\/\/paracherkaoui.ma\/index.php\/boutique\/"},{"@type":"ListItem","position":3,"name":"BABE PEDIATRIC PHOTOPROTECTEUR LOTION 100 ML SPF 50+"}]},{"@type":"WebSite","@id":"https:\/\/paracherkaoui.ma\/#website","url":"https:\/\/paracherkaoui.ma\/","name":"Paracherkaoui.ma","description":"Achetez en ligne sur Paracherkaoui.ma","potentialAction":[{"@type":"SearchAction","target":{"@type":"EntryPoint","urlTemplate":"https:\/\/paracherkaoui.ma\/?s={search_term_string}"},"query-input":{"@type":"PropertyValueSpecification","valueRequired":true,"valueName":"search_term_string"}}],"inLanguage":"fr-FR"}]}},"_links":{"self":[{"href":"https:\/\/paracherkaoui.ma\/index.php\/wp-json\/wp\/v2\/product\/39310","targetHints":{"allow":["GET"]}}],"collection":[{"href":"https:\/\/paracherkaoui.ma\/index.php\/wp-json\/wp\/v2\/product"}],"about":[{"href":"https:\/\/paracherkaoui.ma\/index.php\/wp-json\/wp\/v2\/types\/product"}],"replies":[{"embeddable":true,"href":"https:\/\/paracherkaoui.ma\/index.php\/wp-json\/wp\/v2\/comments?post=39310"}],"version-history":[{"count":1,"href":"https:\/\/paracherkaoui.ma\/index.php\/wp-json\/wp\/v2\/product\/39310\/revisions"}],"predecessor-version":[{"id":39345,"href":"https:\/\/paracherkaoui.ma\/index.php\/wp-json\/wp\/v2\/product\/39310\/revisions\/39345"}],"wp:featuredmedia":[{"embeddable":true,"href":"https:\/\/paracherkaoui.ma\/index.php\/wp-json\/wp\/v2\/media\/39344"}],"wp:attachment":[{"href":"https:\/\/paracherkaoui.ma\/index.php\/wp-json\/wp\/v2\/media?parent=39310"}],"wp:term":[{"taxonomy":"product_brand","embeddable":true,"href":"https:\/\/paracherkaoui.ma\/index.php\/wp-json\/wp\/v2\/product_brand?post=39310"},{"taxonomy":"product_cat","embeddable":true,"href":"https:\/\/paracherkaoui.ma\/index.php\/wp-json\/wp\/v2\/product_cat?post=39310"},{"taxonomy":"product_tag","embeddable":true,"href":"https:\/\/paracherkaoui.ma\/index.php\/wp-json\/wp\/v2\/product_tag?post=39310"}],"curies":[{"name":"wp","href":"https:\/\/api.w.org\/{rel}","templated":true}]}}