{"id":39246,"date":"2025-12-12T19:02:03","date_gmt":"2025-12-12T18:02:03","guid":{"rendered":"https:\/\/test.ecbeaute.com\/?post_type=product&#038;p=39246"},"modified":"2025-12-12T19:02:09","modified_gmt":"2025-12-12T18:02:09","slug":"daylong-kids-spf-50-150ml","status":"publish","type":"product","link":"https:\/\/paracherkaoui.ma\/index.php\/produit\/daylong-kids-spf-50-150ml\/","title":{"rendered":"DAYLONG KIDS SPF 50+ 150ML"},"content":{"rendered":"<p>Daylong\u2122 Kids SPF 50+ est un lait de protection solaire liposomal qui \u00e9t\u00e9 mis au point pour assurer aux enfants une tr\u00e8s haute protection solaire, adapt\u00e9e \u00e0 leur peau et aux conditions de leur exposition (activit\u00e9 en plein air, transpiration, frottement&#8230;). Son flacon pompe doseur permet d\u2019appliquer la bonne quantit\u00e9 de produit.<br \/>\nINDICATIONS :<br \/>\nPeau sensible de l\u2019enfant de plus de 1 an<br \/>\nPeaux atopiques<br \/>\nVisage et corps<br \/>\nPROPRIETES\u00a0\u00a0:<br \/>\nTr\u00e8s haute protection SPF 50+ avec filtres photostables \u00e0 large spectre contre les UVA\/UVB<br \/>\nFormulation liposomale unique acheminant les filtres solaires l\u00e0 o\u00f9 ils doivent agir, au c\u0153ur de la couche superficielle de l\u2019\u00e9piderme, pour une protection longue dur\u00e9e<br \/>\nAide \u00e0 pr\u00e9venir les dommages cellulaires et la vieillissement cutan\u00e9 pr\u00e9matur\u00e9 induits par les UVA, UVB et infra-rouges (IR)<br \/>\nHydrate et nourrit la peau gr\u00e2ce au dexpanth\u00e9nol, \u00e0 la glyc\u00e9rine, \u00e0 la vitamine E et l\u2019alo\u00e9 vera<br \/>\nHaute tol\u00e9rance : hypoallerg\u00e9nique, sans parfum, sans paraben, sans \u00e9mulsifiants, sans octocryl\u00e8ne (filtre solaire allergisant). Test\u00e9 sous contr\u00f4le dermatologique.<br \/>\nPlaisir et confort d\u2019utilisation exceptionnel gr\u00e2ce \u00e0 la formulation liposomale<br \/>\nFacile \u00e0 \u00e9taler : p\u00e9n\u00e9tration rapide avec une r\u00e9partition homog\u00e8ne<br \/>\nExtra r\u00e9sistant \u00e0 l\u2019eau et \u00e0 la transpiration pour une protection longue tenue<br \/>\nNe pique pas les yeux<br \/>\nPratique : flacon pompe doseur associ\u00e9 \u00e0 un tableau des posologies en nombre de pression, par zone corporelle, selon la taille ou l&rsquo;\u00e2ge de l&rsquo;enfant. Il permet d&rsquo;appliquer la quantit\u00e9 recommand\u00e9e (2 mg\/cm\u00b2) et d&rsquo;atteindre l&rsquo;indice de protection indiqu\u00e9.<br \/>\nCONSEILS D&rsquo;UTILISATION :<br \/>\nAppliquer le photoprotecteur en couche suffisante environ 20 minutes avant l&rsquo;exposition, bien laisser p\u00e9n\u00e9trer le produit. Eviter tout contact avec les yeux.<br \/>\nL&rsquo;application de trop faibles quantit\u00e9s de produit r\u00e9duit consid\u00e9rablement l&rsquo;efficacit\u00e9 de la protection. Renouveler l&rsquo;application afin de maintenir la protection solaire, en particulier apr\u00e8s avoir transpir\u00e9, nag\u00e9 ou vous \u00eatre essuy\u00e9e.<br \/>\nRechercher l\u2019ombre et \u00e9vitez l\u2019exposition en milieu de journ\u00e9e.<br \/>\nNe pas exposer les b\u00e9b\u00e9s et jeunes enfants au soleil.<\/p>\n","protected":false},"excerpt":{"rendered":"<p>Daylong\u2122 Kids SPF 50+ est un lait de protection solaire liposomal qui \u00e9t\u00e9 mis au point pour assurer aux enfants<\/p>\n","protected":false},"featured_media":39293,"comment_status":"open","ping_status":"closed","template":"","meta":[],"product_brand":[668],"product_cat":[685],"product_tag":[],"class_list":{"0":"post-39246","1":"product","2":"type-product","3":"status-publish","4":"has-post-thumbnail","6":"product_brand-daylong-spring-pharma","7":"product_cat-solaires-bebes-et-enfants","9":"first","10":"instock","11":"sale","12":"shipping-taxable","13":"purchasable","14":"product-type-simple"},"yoast_head":"<!-- This site is optimized with the Yoast SEO plugin v26.6 - https:\/\/yoast.com\/wordpress\/plugins\/seo\/ -->\r\n<title>DAYLONG KIDS SPF 50+ 150ML - Paracherkaoui.ma<\/title>\r\n<meta name=\"robots\" content=\"index, follow, max-snippet:-1, max-image-preview:large, max-video-preview:-1\" \/>\r\n<link rel=\"canonical\" href=\"https:\/\/paracherkaoui.ma\/index.php\/produit\/daylong-kids-spf-50-150ml\/\" \/>\r\n<meta property=\"og:locale\" content=\"fr_FR\" \/>\r\n<meta property=\"og:type\" content=\"article\" \/>\r\n<meta property=\"og:title\" content=\"DAYLONG KIDS SPF 50+ 150ML - Paracherkaoui.ma\" \/>\r\n<meta property=\"og:description\" content=\"Daylong\u2122 Kids SPF 50+ est un lait de protection solaire liposomal qui \u00e9t\u00e9 mis au point pour assurer aux enfants\" \/>\r\n<meta property=\"og:url\" content=\"https:\/\/paracherkaoui.ma\/index.php\/produit\/daylong-kids-spf-50-150ml\/\" \/>\r\n<meta property=\"og:site_name\" content=\"Paracherkaoui.ma\" \/>\r\n<meta property=\"article:modified_time\" content=\"2025-12-12T18:02:09+00:00\" \/>\r\n<meta property=\"og:image\" content=\"https:\/\/paracherkaoui.ma\/wp-content\/uploads\/2025\/12\/daylong-kids-spf-50-150ml.jpg\" \/>\r\n\t<meta property=\"og:image:width\" content=\"700\" \/>\r\n\t<meta property=\"og:image:height\" content=\"700\" \/>\r\n\t<meta property=\"og:image:type\" content=\"image\/jpeg\" \/>\r\n<meta name=\"twitter:card\" content=\"summary_large_image\" \/>\r\n<meta name=\"twitter:label1\" content=\"Dur\u00e9e de lecture estim\u00e9e\" \/>\n\t<meta name=\"twitter:data1\" content=\"2 minutes\" \/>\r\n<script type=\"application\/ld+json\" class=\"yoast-schema-graph\">{\"@context\":\"https:\/\/schema.org\",\"@graph\":[{\"@type\":\"WebPage\",\"@id\":\"https:\/\/paracherkaoui.ma\/index.php\/produit\/daylong-kids-spf-50-150ml\/\",\"url\":\"https:\/\/paracherkaoui.ma\/index.php\/produit\/daylong-kids-spf-50-150ml\/\",\"name\":\"DAYLONG KIDS SPF 50+ 150ML - Paracherkaoui.ma\",\"isPartOf\":{\"@id\":\"https:\/\/paracherkaoui.ma\/#website\"},\"primaryImageOfPage\":{\"@id\":\"https:\/\/paracherkaoui.ma\/index.php\/produit\/daylong-kids-spf-50-150ml\/#primaryimage\"},\"image\":{\"@id\":\"https:\/\/paracherkaoui.ma\/index.php\/produit\/daylong-kids-spf-50-150ml\/#primaryimage\"},\"thumbnailUrl\":\"https:\/\/paracherkaoui.ma\/wp-content\/uploads\/2025\/12\/daylong-kids-spf-50-150ml.jpg\",\"datePublished\":\"2025-12-12T18:02:03+00:00\",\"dateModified\":\"2025-12-12T18:02:09+00:00\",\"breadcrumb\":{\"@id\":\"https:\/\/paracherkaoui.ma\/index.php\/produit\/daylong-kids-spf-50-150ml\/#breadcrumb\"},\"inLanguage\":\"fr-FR\",\"potentialAction\":[{\"@type\":\"ReadAction\",\"target\":[\"https:\/\/paracherkaoui.ma\/index.php\/produit\/daylong-kids-spf-50-150ml\/\"]}]},{\"@type\":\"ImageObject\",\"inLanguage\":\"fr-FR\",\"@id\":\"https:\/\/paracherkaoui.ma\/index.php\/produit\/daylong-kids-spf-50-150ml\/#primaryimage\",\"url\":\"https:\/\/paracherkaoui.ma\/wp-content\/uploads\/2025\/12\/daylong-kids-spf-50-150ml.jpg\",\"contentUrl\":\"https:\/\/paracherkaoui.ma\/wp-content\/uploads\/2025\/12\/daylong-kids-spf-50-150ml.jpg\",\"width\":700,\"height\":700},{\"@type\":\"BreadcrumbList\",\"@id\":\"https:\/\/paracherkaoui.ma\/index.php\/produit\/daylong-kids-spf-50-150ml\/#breadcrumb\",\"itemListElement\":[{\"@type\":\"ListItem\",\"position\":1,\"name\":\"Accueil\",\"item\":\"https:\/\/paracherkaoui.ma\/\"},{\"@type\":\"ListItem\",\"position\":2,\"name\":\"Boutique\",\"item\":\"https:\/\/paracherkaoui.ma\/index.php\/boutique\/\"},{\"@type\":\"ListItem\",\"position\":3,\"name\":\"DAYLONG KIDS SPF 50+ 150ML\"}]},{\"@type\":\"WebSite\",\"@id\":\"https:\/\/paracherkaoui.ma\/#website\",\"url\":\"https:\/\/paracherkaoui.ma\/\",\"name\":\"Paracherkaoui.ma\",\"description\":\"Achetez en ligne sur Paracherkaoui.ma\",\"potentialAction\":[{\"@type\":\"SearchAction\",\"target\":{\"@type\":\"EntryPoint\",\"urlTemplate\":\"https:\/\/paracherkaoui.ma\/?s={search_term_string}\"},\"query-input\":{\"@type\":\"PropertyValueSpecification\",\"valueRequired\":true,\"valueName\":\"search_term_string\"}}],\"inLanguage\":\"fr-FR\"}]}<\/script>\r\n<!-- \/ Yoast SEO plugin. -->","yoast_head_json":{"title":"DAYLONG KIDS SPF 50+ 150ML - Paracherkaoui.ma","robots":{"index":"index","follow":"follow","max-snippet":"max-snippet:-1","max-image-preview":"max-image-preview:large","max-video-preview":"max-video-preview:-1"},"canonical":"https:\/\/paracherkaoui.ma\/index.php\/produit\/daylong-kids-spf-50-150ml\/","og_locale":"fr_FR","og_type":"article","og_title":"DAYLONG KIDS SPF 50+ 150ML - Paracherkaoui.ma","og_description":"Daylong\u2122 Kids SPF 50+ est un lait de protection solaire liposomal qui \u00e9t\u00e9 mis au point pour assurer aux enfants","og_url":"https:\/\/paracherkaoui.ma\/index.php\/produit\/daylong-kids-spf-50-150ml\/","og_site_name":"Paracherkaoui.ma","article_modified_time":"2025-12-12T18:02:09+00:00","og_image":[{"width":700,"height":700,"url":"https:\/\/paracherkaoui.ma\/wp-content\/uploads\/2025\/12\/daylong-kids-spf-50-150ml.jpg","type":"image\/jpeg"}],"twitter_card":"summary_large_image","twitter_misc":{"Dur\u00e9e de lecture estim\u00e9e":"2 minutes"},"schema":{"@context":"https:\/\/schema.org","@graph":[{"@type":"WebPage","@id":"https:\/\/paracherkaoui.ma\/index.php\/produit\/daylong-kids-spf-50-150ml\/","url":"https:\/\/paracherkaoui.ma\/index.php\/produit\/daylong-kids-spf-50-150ml\/","name":"DAYLONG KIDS SPF 50+ 150ML - Paracherkaoui.ma","isPartOf":{"@id":"https:\/\/paracherkaoui.ma\/#website"},"primaryImageOfPage":{"@id":"https:\/\/paracherkaoui.ma\/index.php\/produit\/daylong-kids-spf-50-150ml\/#primaryimage"},"image":{"@id":"https:\/\/paracherkaoui.ma\/index.php\/produit\/daylong-kids-spf-50-150ml\/#primaryimage"},"thumbnailUrl":"https:\/\/paracherkaoui.ma\/wp-content\/uploads\/2025\/12\/daylong-kids-spf-50-150ml.jpg","datePublished":"2025-12-12T18:02:03+00:00","dateModified":"2025-12-12T18:02:09+00:00","breadcrumb":{"@id":"https:\/\/paracherkaoui.ma\/index.php\/produit\/daylong-kids-spf-50-150ml\/#breadcrumb"},"inLanguage":"fr-FR","potentialAction":[{"@type":"ReadAction","target":["https:\/\/paracherkaoui.ma\/index.php\/produit\/daylong-kids-spf-50-150ml\/"]}]},{"@type":"ImageObject","inLanguage":"fr-FR","@id":"https:\/\/paracherkaoui.ma\/index.php\/produit\/daylong-kids-spf-50-150ml\/#primaryimage","url":"https:\/\/paracherkaoui.ma\/wp-content\/uploads\/2025\/12\/daylong-kids-spf-50-150ml.jpg","contentUrl":"https:\/\/paracherkaoui.ma\/wp-content\/uploads\/2025\/12\/daylong-kids-spf-50-150ml.jpg","width":700,"height":700},{"@type":"BreadcrumbList","@id":"https:\/\/paracherkaoui.ma\/index.php\/produit\/daylong-kids-spf-50-150ml\/#breadcrumb","itemListElement":[{"@type":"ListItem","position":1,"name":"Accueil","item":"https:\/\/paracherkaoui.ma\/"},{"@type":"ListItem","position":2,"name":"Boutique","item":"https:\/\/paracherkaoui.ma\/index.php\/boutique\/"},{"@type":"ListItem","position":3,"name":"DAYLONG KIDS SPF 50+ 150ML"}]},{"@type":"WebSite","@id":"https:\/\/paracherkaoui.ma\/#website","url":"https:\/\/paracherkaoui.ma\/","name":"Paracherkaoui.ma","description":"Achetez en ligne sur Paracherkaoui.ma","potentialAction":[{"@type":"SearchAction","target":{"@type":"EntryPoint","urlTemplate":"https:\/\/paracherkaoui.ma\/?s={search_term_string}"},"query-input":{"@type":"PropertyValueSpecification","valueRequired":true,"valueName":"search_term_string"}}],"inLanguage":"fr-FR"}]}},"_links":{"self":[{"href":"https:\/\/paracherkaoui.ma\/index.php\/wp-json\/wp\/v2\/product\/39246","targetHints":{"allow":["GET"]}}],"collection":[{"href":"https:\/\/paracherkaoui.ma\/index.php\/wp-json\/wp\/v2\/product"}],"about":[{"href":"https:\/\/paracherkaoui.ma\/index.php\/wp-json\/wp\/v2\/types\/product"}],"replies":[{"embeddable":true,"href":"https:\/\/paracherkaoui.ma\/index.php\/wp-json\/wp\/v2\/comments?post=39246"}],"version-history":[{"count":1,"href":"https:\/\/paracherkaoui.ma\/index.php\/wp-json\/wp\/v2\/product\/39246\/revisions"}],"predecessor-version":[{"id":39294,"href":"https:\/\/paracherkaoui.ma\/index.php\/wp-json\/wp\/v2\/product\/39246\/revisions\/39294"}],"wp:featuredmedia":[{"embeddable":true,"href":"https:\/\/paracherkaoui.ma\/index.php\/wp-json\/wp\/v2\/media\/39293"}],"wp:attachment":[{"href":"https:\/\/paracherkaoui.ma\/index.php\/wp-json\/wp\/v2\/media?parent=39246"}],"wp:term":[{"taxonomy":"product_brand","embeddable":true,"href":"https:\/\/paracherkaoui.ma\/index.php\/wp-json\/wp\/v2\/product_brand?post=39246"},{"taxonomy":"product_cat","embeddable":true,"href":"https:\/\/paracherkaoui.ma\/index.php\/wp-json\/wp\/v2\/product_cat?post=39246"},{"taxonomy":"product_tag","embeddable":true,"href":"https:\/\/paracherkaoui.ma\/index.php\/wp-json\/wp\/v2\/product_tag?post=39246"}],"curies":[{"name":"wp","href":"https:\/\/api.w.org\/{rel}","templated":true}]}}