{"id":39242,"date":"2025-12-12T19:02:03","date_gmt":"2025-12-12T18:02:03","guid":{"rendered":"https:\/\/test.ecbeaute.com\/?post_type=product&#038;p=39242"},"modified":"2025-12-12T19:02:08","modified_gmt":"2025-12-12T18:02:08","slug":"vichy-capital-soleil-brume-solaire-anti-sable-enfant-spf-50-200-ml-2","status":"publish","type":"product","link":"https:\/\/paracherkaoui.ma\/index.php\/produit\/vichy-capital-soleil-brume-solaire-anti-sable-enfant-spf-50-200-ml-2\/","title":{"rendered":"VICHY CAPITAL SOLEIL BRUME SOLAIRE ANTI SABLE ENFANT SPF 50+ 200 ML"},"content":{"rendered":"<p>La brume solaire anti-sable Vichy\u00a0Capital\u00a0Soleil\u00a0SPF 50+ prot\u00e8ge efficacement du soleil la peau sensible des enfants. Elle est indiqu\u00e9e pour les activit\u00e9s sur la plage gr\u00e2ce \u00e0 sa technologie anti-sable et anti-irritation qui facilite le d\u00e9collement du sable sur la peau sans douleur.<\/p>\n<p>Cette brume est enrichie en eau thermale de Vichy qui lui offre ses propri\u00e9t\u00e9s fortifiantes et r\u00e9g\u00e9n\u00e9rantes. Elle est compos\u00e9e d\u2019une tr\u00e8s haute protection anti-UV au Meroxyl XL renforc\u00e9e, brevet\u00e9e, qui prot\u00e8ge la peau des d\u00e9g\u00e2ts cellulaires engendr\u00e9s par les rayons UVB courts et UVA longs. Son toucher sec permet un d\u00e9collement facile du sable en minimisant le risque d\u2019irritations provoqu\u00e9es par le frottement du sable sur la peau.<\/p>\n<p>Son application en spray permet une pulv\u00e9risation uniforme pour une pose ultra-facile et ultra-rapide, adapt\u00e9e aux enfants. Sa texture blanche facilite la diffusion sur tout le corps uniform\u00e9ment.<\/p>\n<p>Cette brume solaire Vichy\u00a0Capital Soleil est hypoallerg\u00e9nique garantissant une tol\u00e9rance maximale m\u00eame pour les peaux sensibles des enfants.\u00a0Sa formule est non parfum\u00e9e et elle\u00a0a \u00e9t\u00e9 test\u00e9e sous contr\u00f4le dermatologique et p\u00e9diatrique.<br \/>\nSon format spray est tr\u00e8s pratique et permet une protection en un seul geste.<\/p>\n<p>Caract\u00e9ristiques\u00a0:<br \/>\nR\u00e9sistant \u00e0 l\u2019eau.<br \/>\nHypoallerg\u00e9nique.<br \/>\nD\u00e9collement ais\u00e9 du sable.<br \/>\nConseils d&rsquo;utilisation<br \/>\nAgitez bien le flacon avant emploi.<br \/>\nAppliquez la brume g\u00e9n\u00e9reusement avant toute exposition au soleil, en veillant \u00e0 ne pas oublier de zones.<br \/>\nRenouvelez toutes les deux heures et apr\u00e8s chaque baignade ou frottement (serviette, sable&#8230;).<br \/>\nCompl\u00e9tez la protection avec un chapeau, des lunettes de soleil et un t-shirt anti-UV.<br \/>\nComposition<br \/>\nBUTANE, AQUA \/ WATER, DICAPRYLYL ETHER, HOMOSALATE, DROMETRIZOLE TRISILOXANE, ETHYLHEXYL SALICYLATE, DIMETHICONE, STYRENE\/ACRYLATES COPOLYMER, OCTOCRYLENE, BUTYL METHOXYDIBENZOYLMETHANE, PEG-30 DIPOLYHYDROXYSTEARATE, NYLON-12, DICAPRYLYL CARBONATE, METHYL METHACRYLATE CROSSPOLYMER, CYCLOHEXASILOXANE, POLYMETHYLSILSESQUIOXANE, P-ANISIC ACID, CAPRYLYL GLYCOL, DISODIUM EDTA, DISTEARDIMONIUM HECTORITE, DODECENE, ETHYLHEXYL TRIAZONE, ISODODECANE, ISOSTEARYL ALCOHOL, LAURYL PEG\/PPG-18\/18 METHICONE, PEG-8 LAURATE, PHENOXYETHANOL, POLOXAMER 407, POLY C10-30 ALKYL ACRYLATE, PROPYLENE CARBONATE, SODIUM CHLORIDE, TOCOPHEROL<\/p>\n","protected":false},"excerpt":{"rendered":"<p>La brume solaire anti-sable Vichy\u00a0Capital\u00a0Soleil\u00a0SPF 50+ prot\u00e8ge efficacement du soleil la peau sensible des enfants. Elle est indiqu\u00e9e pour les<\/p>\n","protected":false},"featured_media":12605,"comment_status":"open","ping_status":"closed","template":"","meta":[],"product_brand":[139],"product_cat":[685],"product_tag":[],"class_list":{"0":"post-39242","1":"product","2":"type-product","3":"status-publish","4":"has-post-thumbnail","6":"product_brand-vichy","7":"product_cat-solaires-bebes-et-enfants","9":"first","10":"instock","11":"sale","12":"shipping-taxable","13":"purchasable","14":"product-type-simple"},"yoast_head":"<!-- This site is optimized with the Yoast SEO plugin v26.6 - https:\/\/yoast.com\/wordpress\/plugins\/seo\/ -->\r\n<title>VICHY CAPITAL SOLEIL BRUME SOLAIRE ANTI SABLE ENFANT SPF 50+ 200 ML - Paracherkaoui.ma<\/title>\r\n<meta name=\"robots\" content=\"index, follow, max-snippet:-1, max-image-preview:large, max-video-preview:-1\" \/>\r\n<link rel=\"canonical\" href=\"https:\/\/paracherkaoui.ma\/index.php\/produit\/vichy-capital-soleil-brume-solaire-anti-sable-enfant-spf-50-200-ml-2\/\" \/>\r\n<meta property=\"og:locale\" content=\"fr_FR\" \/>\r\n<meta property=\"og:type\" content=\"article\" \/>\r\n<meta property=\"og:title\" content=\"VICHY CAPITAL SOLEIL BRUME SOLAIRE ANTI SABLE ENFANT SPF 50+ 200 ML - Paracherkaoui.ma\" \/>\r\n<meta property=\"og:description\" content=\"La brume solaire anti-sable Vichy\u00a0Capital\u00a0Soleil\u00a0SPF 50+ prot\u00e8ge efficacement du soleil la peau sensible des enfants. Elle est indiqu\u00e9e pour les\" \/>\r\n<meta property=\"og:url\" content=\"https:\/\/paracherkaoui.ma\/index.php\/produit\/vichy-capital-soleil-brume-solaire-anti-sable-enfant-spf-50-200-ml-2\/\" \/>\r\n<meta property=\"og:site_name\" content=\"Paracherkaoui.ma\" \/>\r\n<meta property=\"article:modified_time\" content=\"2025-12-12T18:02:08+00:00\" \/>\r\n<meta property=\"og:image\" content=\"https:\/\/paracherkaoui.ma\/wp-content\/uploads\/2025\/12\/vichy-vichy-capital-soleil-brume-solaire-anti-sable-enfant-spf-50-200-ml-solaires-bebes-et-enfants.jpg\" \/>\r\n\t<meta property=\"og:image:width\" content=\"700\" \/>\r\n\t<meta property=\"og:image:height\" content=\"700\" \/>\r\n\t<meta property=\"og:image:type\" content=\"image\/jpeg\" \/>\r\n<meta name=\"twitter:card\" content=\"summary_large_image\" \/>\r\n<meta name=\"twitter:label1\" content=\"Dur\u00e9e de lecture estim\u00e9e\" \/>\n\t<meta name=\"twitter:data1\" content=\"2 minutes\" \/>\r\n<script type=\"application\/ld+json\" class=\"yoast-schema-graph\">{\"@context\":\"https:\/\/schema.org\",\"@graph\":[{\"@type\":\"WebPage\",\"@id\":\"https:\/\/paracherkaoui.ma\/index.php\/produit\/vichy-capital-soleil-brume-solaire-anti-sable-enfant-spf-50-200-ml-2\/\",\"url\":\"https:\/\/paracherkaoui.ma\/index.php\/produit\/vichy-capital-soleil-brume-solaire-anti-sable-enfant-spf-50-200-ml-2\/\",\"name\":\"VICHY CAPITAL SOLEIL BRUME SOLAIRE ANTI SABLE ENFANT SPF 50+ 200 ML - Paracherkaoui.ma\",\"isPartOf\":{\"@id\":\"https:\/\/paracherkaoui.ma\/#website\"},\"primaryImageOfPage\":{\"@id\":\"https:\/\/paracherkaoui.ma\/index.php\/produit\/vichy-capital-soleil-brume-solaire-anti-sable-enfant-spf-50-200-ml-2\/#primaryimage\"},\"image\":{\"@id\":\"https:\/\/paracherkaoui.ma\/index.php\/produit\/vichy-capital-soleil-brume-solaire-anti-sable-enfant-spf-50-200-ml-2\/#primaryimage\"},\"thumbnailUrl\":\"https:\/\/paracherkaoui.ma\/wp-content\/uploads\/2025\/12\/vichy-vichy-capital-soleil-brume-solaire-anti-sable-enfant-spf-50-200-ml-solaires-bebes-et-enfants.jpg\",\"datePublished\":\"2025-12-12T18:02:03+00:00\",\"dateModified\":\"2025-12-12T18:02:08+00:00\",\"breadcrumb\":{\"@id\":\"https:\/\/paracherkaoui.ma\/index.php\/produit\/vichy-capital-soleil-brume-solaire-anti-sable-enfant-spf-50-200-ml-2\/#breadcrumb\"},\"inLanguage\":\"fr-FR\",\"potentialAction\":[{\"@type\":\"ReadAction\",\"target\":[\"https:\/\/paracherkaoui.ma\/index.php\/produit\/vichy-capital-soleil-brume-solaire-anti-sable-enfant-spf-50-200-ml-2\/\"]}]},{\"@type\":\"ImageObject\",\"inLanguage\":\"fr-FR\",\"@id\":\"https:\/\/paracherkaoui.ma\/index.php\/produit\/vichy-capital-soleil-brume-solaire-anti-sable-enfant-spf-50-200-ml-2\/#primaryimage\",\"url\":\"https:\/\/paracherkaoui.ma\/wp-content\/uploads\/2025\/12\/vichy-vichy-capital-soleil-brume-solaire-anti-sable-enfant-spf-50-200-ml-solaires-bebes-et-enfants.jpg\",\"contentUrl\":\"https:\/\/paracherkaoui.ma\/wp-content\/uploads\/2025\/12\/vichy-vichy-capital-soleil-brume-solaire-anti-sable-enfant-spf-50-200-ml-solaires-bebes-et-enfants.jpg\",\"width\":700,\"height\":700},{\"@type\":\"BreadcrumbList\",\"@id\":\"https:\/\/paracherkaoui.ma\/index.php\/produit\/vichy-capital-soleil-brume-solaire-anti-sable-enfant-spf-50-200-ml-2\/#breadcrumb\",\"itemListElement\":[{\"@type\":\"ListItem\",\"position\":1,\"name\":\"Accueil\",\"item\":\"https:\/\/paracherkaoui.ma\/\"},{\"@type\":\"ListItem\",\"position\":2,\"name\":\"Boutique\",\"item\":\"https:\/\/paracherkaoui.ma\/index.php\/boutique\/\"},{\"@type\":\"ListItem\",\"position\":3,\"name\":\"VICHY CAPITAL SOLEIL BRUME SOLAIRE ANTI SABLE ENFANT SPF 50+ 200 ML\"}]},{\"@type\":\"WebSite\",\"@id\":\"https:\/\/paracherkaoui.ma\/#website\",\"url\":\"https:\/\/paracherkaoui.ma\/\",\"name\":\"Paracherkaoui.ma\",\"description\":\"Achetez en ligne sur Paracherkaoui.ma\",\"potentialAction\":[{\"@type\":\"SearchAction\",\"target\":{\"@type\":\"EntryPoint\",\"urlTemplate\":\"https:\/\/paracherkaoui.ma\/?s={search_term_string}\"},\"query-input\":{\"@type\":\"PropertyValueSpecification\",\"valueRequired\":true,\"valueName\":\"search_term_string\"}}],\"inLanguage\":\"fr-FR\"}]}<\/script>\r\n<!-- \/ Yoast SEO plugin. -->","yoast_head_json":{"title":"VICHY CAPITAL SOLEIL BRUME SOLAIRE ANTI SABLE ENFANT SPF 50+ 200 ML - Paracherkaoui.ma","robots":{"index":"index","follow":"follow","max-snippet":"max-snippet:-1","max-image-preview":"max-image-preview:large","max-video-preview":"max-video-preview:-1"},"canonical":"https:\/\/paracherkaoui.ma\/index.php\/produit\/vichy-capital-soleil-brume-solaire-anti-sable-enfant-spf-50-200-ml-2\/","og_locale":"fr_FR","og_type":"article","og_title":"VICHY CAPITAL SOLEIL BRUME SOLAIRE ANTI SABLE ENFANT SPF 50+ 200 ML - Paracherkaoui.ma","og_description":"La brume solaire anti-sable Vichy\u00a0Capital\u00a0Soleil\u00a0SPF 50+ prot\u00e8ge efficacement du soleil la peau sensible des enfants. Elle est indiqu\u00e9e pour les","og_url":"https:\/\/paracherkaoui.ma\/index.php\/produit\/vichy-capital-soleil-brume-solaire-anti-sable-enfant-spf-50-200-ml-2\/","og_site_name":"Paracherkaoui.ma","article_modified_time":"2025-12-12T18:02:08+00:00","og_image":[{"width":700,"height":700,"url":"https:\/\/paracherkaoui.ma\/wp-content\/uploads\/2025\/12\/vichy-vichy-capital-soleil-brume-solaire-anti-sable-enfant-spf-50-200-ml-solaires-bebes-et-enfants.jpg","type":"image\/jpeg"}],"twitter_card":"summary_large_image","twitter_misc":{"Dur\u00e9e de lecture estim\u00e9e":"2 minutes"},"schema":{"@context":"https:\/\/schema.org","@graph":[{"@type":"WebPage","@id":"https:\/\/paracherkaoui.ma\/index.php\/produit\/vichy-capital-soleil-brume-solaire-anti-sable-enfant-spf-50-200-ml-2\/","url":"https:\/\/paracherkaoui.ma\/index.php\/produit\/vichy-capital-soleil-brume-solaire-anti-sable-enfant-spf-50-200-ml-2\/","name":"VICHY CAPITAL SOLEIL BRUME SOLAIRE ANTI SABLE ENFANT SPF 50+ 200 ML - Paracherkaoui.ma","isPartOf":{"@id":"https:\/\/paracherkaoui.ma\/#website"},"primaryImageOfPage":{"@id":"https:\/\/paracherkaoui.ma\/index.php\/produit\/vichy-capital-soleil-brume-solaire-anti-sable-enfant-spf-50-200-ml-2\/#primaryimage"},"image":{"@id":"https:\/\/paracherkaoui.ma\/index.php\/produit\/vichy-capital-soleil-brume-solaire-anti-sable-enfant-spf-50-200-ml-2\/#primaryimage"},"thumbnailUrl":"https:\/\/paracherkaoui.ma\/wp-content\/uploads\/2025\/12\/vichy-vichy-capital-soleil-brume-solaire-anti-sable-enfant-spf-50-200-ml-solaires-bebes-et-enfants.jpg","datePublished":"2025-12-12T18:02:03+00:00","dateModified":"2025-12-12T18:02:08+00:00","breadcrumb":{"@id":"https:\/\/paracherkaoui.ma\/index.php\/produit\/vichy-capital-soleil-brume-solaire-anti-sable-enfant-spf-50-200-ml-2\/#breadcrumb"},"inLanguage":"fr-FR","potentialAction":[{"@type":"ReadAction","target":["https:\/\/paracherkaoui.ma\/index.php\/produit\/vichy-capital-soleil-brume-solaire-anti-sable-enfant-spf-50-200-ml-2\/"]}]},{"@type":"ImageObject","inLanguage":"fr-FR","@id":"https:\/\/paracherkaoui.ma\/index.php\/produit\/vichy-capital-soleil-brume-solaire-anti-sable-enfant-spf-50-200-ml-2\/#primaryimage","url":"https:\/\/paracherkaoui.ma\/wp-content\/uploads\/2025\/12\/vichy-vichy-capital-soleil-brume-solaire-anti-sable-enfant-spf-50-200-ml-solaires-bebes-et-enfants.jpg","contentUrl":"https:\/\/paracherkaoui.ma\/wp-content\/uploads\/2025\/12\/vichy-vichy-capital-soleil-brume-solaire-anti-sable-enfant-spf-50-200-ml-solaires-bebes-et-enfants.jpg","width":700,"height":700},{"@type":"BreadcrumbList","@id":"https:\/\/paracherkaoui.ma\/index.php\/produit\/vichy-capital-soleil-brume-solaire-anti-sable-enfant-spf-50-200-ml-2\/#breadcrumb","itemListElement":[{"@type":"ListItem","position":1,"name":"Accueil","item":"https:\/\/paracherkaoui.ma\/"},{"@type":"ListItem","position":2,"name":"Boutique","item":"https:\/\/paracherkaoui.ma\/index.php\/boutique\/"},{"@type":"ListItem","position":3,"name":"VICHY CAPITAL SOLEIL BRUME SOLAIRE ANTI SABLE ENFANT SPF 50+ 200 ML"}]},{"@type":"WebSite","@id":"https:\/\/paracherkaoui.ma\/#website","url":"https:\/\/paracherkaoui.ma\/","name":"Paracherkaoui.ma","description":"Achetez en ligne sur Paracherkaoui.ma","potentialAction":[{"@type":"SearchAction","target":{"@type":"EntryPoint","urlTemplate":"https:\/\/paracherkaoui.ma\/?s={search_term_string}"},"query-input":{"@type":"PropertyValueSpecification","valueRequired":true,"valueName":"search_term_string"}}],"inLanguage":"fr-FR"}]}},"_links":{"self":[{"href":"https:\/\/paracherkaoui.ma\/index.php\/wp-json\/wp\/v2\/product\/39242","targetHints":{"allow":["GET"]}}],"collection":[{"href":"https:\/\/paracherkaoui.ma\/index.php\/wp-json\/wp\/v2\/product"}],"about":[{"href":"https:\/\/paracherkaoui.ma\/index.php\/wp-json\/wp\/v2\/types\/product"}],"replies":[{"embeddable":true,"href":"https:\/\/paracherkaoui.ma\/index.php\/wp-json\/wp\/v2\/comments?post=39242"}],"version-history":[{"count":1,"href":"https:\/\/paracherkaoui.ma\/index.php\/wp-json\/wp\/v2\/product\/39242\/revisions"}],"predecessor-version":[{"id":39288,"href":"https:\/\/paracherkaoui.ma\/index.php\/wp-json\/wp\/v2\/product\/39242\/revisions\/39288"}],"wp:featuredmedia":[{"embeddable":true,"href":"https:\/\/paracherkaoui.ma\/index.php\/wp-json\/wp\/v2\/media\/12605"}],"wp:attachment":[{"href":"https:\/\/paracherkaoui.ma\/index.php\/wp-json\/wp\/v2\/media?parent=39242"}],"wp:term":[{"taxonomy":"product_brand","embeddable":true,"href":"https:\/\/paracherkaoui.ma\/index.php\/wp-json\/wp\/v2\/product_brand?post=39242"},{"taxonomy":"product_cat","embeddable":true,"href":"https:\/\/paracherkaoui.ma\/index.php\/wp-json\/wp\/v2\/product_cat?post=39242"},{"taxonomy":"product_tag","embeddable":true,"href":"https:\/\/paracherkaoui.ma\/index.php\/wp-json\/wp\/v2\/product_tag?post=39242"}],"curies":[{"name":"wp","href":"https:\/\/api.w.org\/{rel}","templated":true}]}}