{"id":39233,"date":"2025-12-12T19:02:03","date_gmt":"2025-12-12T18:02:03","guid":{"rendered":"https:\/\/test.ecbeaute.com\/?post_type=product&#038;p=39233"},"modified":"2025-12-12T19:02:07","modified_gmt":"2025-12-12T18:02:07","slug":"hei-poa-huile-de-monoi-tahiti-vanille-100-ml-spf-6","status":"publish","type":"product","link":"https:\/\/paracherkaoui.ma\/index.php\/produit\/hei-poa-huile-de-monoi-tahiti-vanille-100-ml-spf-6\/","title":{"rendered":"HEI POA HUILE DE MONOI TAHITI VANILLE 100 ML SPF 6"},"content":{"rendered":"<p>L\u2019Huile de Monoi solaire \u00e0 indice SPF 6 de Hei Poa nourrit la peau et acc\u00e9l\u00e8re le bronzage en vous permettant de profiter du soleil sans crainte tout en vous laissant sur la peau un toucher soyeux et une odeur de Mono\u00ef et de Vanille.<br \/>\nUne utilisation pratique gr\u00e2ce \u00e0 son flacon spray multi-position permettant d\u2019appliquer uniform\u00e9ment la texture satin de cette huile s\u00e8che.<br \/>\nConseils d&rsquo;utilisation:<br \/>\nBien agiter avec chaque utilisation et pulv\u00e9riser g\u00e9n\u00e9reusement sur tout le corps. Appliquer uniform\u00e9ment sur les zones du corps expos\u00e9es au soleil. Renouveler les applications apr\u00e8s chaque baignade ou apr\u00e8s vous \u00eatre essuy\u00e9.<\/p>\n","protected":false},"excerpt":{"rendered":"<p>L\u2019Huile de Monoi solaire \u00e0 indice SPF 6 de Hei Poa nourrit la peau et acc\u00e9l\u00e8re le bronzage en vous<\/p>\n","protected":false},"featured_media":39274,"comment_status":"open","ping_status":"closed","template":"","meta":[],"product_brand":[274],"product_cat":[683],"product_tag":[],"class_list":{"0":"post-39233","1":"product","2":"type-product","3":"status-publish","4":"has-post-thumbnail","6":"product_brand-hei-poa","7":"product_cat-bronzage","9":"first","10":"instock","11":"sale","12":"shipping-taxable","13":"purchasable","14":"product-type-simple"},"yoast_head":"<!-- This site is optimized with the Yoast SEO plugin v26.6 - https:\/\/yoast.com\/wordpress\/plugins\/seo\/ -->\r\n<title>HEI POA HUILE DE MONOI TAHITI VANILLE 100 ML SPF 6 - Paracherkaoui.ma<\/title>\r\n<meta name=\"robots\" content=\"index, follow, max-snippet:-1, max-image-preview:large, max-video-preview:-1\" \/>\r\n<link rel=\"canonical\" href=\"https:\/\/paracherkaoui.ma\/index.php\/produit\/hei-poa-huile-de-monoi-tahiti-vanille-100-ml-spf-6\/\" \/>\r\n<meta property=\"og:locale\" content=\"fr_FR\" \/>\r\n<meta property=\"og:type\" content=\"article\" \/>\r\n<meta property=\"og:title\" content=\"HEI POA HUILE DE MONOI TAHITI VANILLE 100 ML SPF 6 - Paracherkaoui.ma\" \/>\r\n<meta property=\"og:description\" content=\"L\u2019Huile de Monoi solaire \u00e0 indice SPF 6 de Hei Poa nourrit la peau et acc\u00e9l\u00e8re le bronzage en vous\" \/>\r\n<meta property=\"og:url\" content=\"https:\/\/paracherkaoui.ma\/index.php\/produit\/hei-poa-huile-de-monoi-tahiti-vanille-100-ml-spf-6\/\" \/>\r\n<meta property=\"og:site_name\" content=\"Paracherkaoui.ma\" \/>\r\n<meta property=\"article:modified_time\" content=\"2025-12-12T18:02:07+00:00\" \/>\r\n<meta property=\"og:image\" content=\"https:\/\/paracherkaoui.ma\/wp-content\/uploads\/2025\/12\/hei-poa-hei-poa-huile-de-monoi-tahiti-vanille-100-ml-spf-6-bronzage.jpg\" \/>\r\n\t<meta property=\"og:image:width\" content=\"700\" \/>\r\n\t<meta property=\"og:image:height\" content=\"700\" \/>\r\n\t<meta property=\"og:image:type\" content=\"image\/jpeg\" \/>\r\n<meta name=\"twitter:card\" content=\"summary_large_image\" \/>\r\n<meta name=\"twitter:label1\" content=\"Dur\u00e9e de lecture estim\u00e9e\" \/>\n\t<meta name=\"twitter:data1\" content=\"1 minute\" \/>\r\n<script type=\"application\/ld+json\" class=\"yoast-schema-graph\">{\"@context\":\"https:\/\/schema.org\",\"@graph\":[{\"@type\":\"WebPage\",\"@id\":\"https:\/\/paracherkaoui.ma\/index.php\/produit\/hei-poa-huile-de-monoi-tahiti-vanille-100-ml-spf-6\/\",\"url\":\"https:\/\/paracherkaoui.ma\/index.php\/produit\/hei-poa-huile-de-monoi-tahiti-vanille-100-ml-spf-6\/\",\"name\":\"HEI POA HUILE DE MONOI TAHITI VANILLE 100 ML SPF 6 - Paracherkaoui.ma\",\"isPartOf\":{\"@id\":\"https:\/\/paracherkaoui.ma\/#website\"},\"primaryImageOfPage\":{\"@id\":\"https:\/\/paracherkaoui.ma\/index.php\/produit\/hei-poa-huile-de-monoi-tahiti-vanille-100-ml-spf-6\/#primaryimage\"},\"image\":{\"@id\":\"https:\/\/paracherkaoui.ma\/index.php\/produit\/hei-poa-huile-de-monoi-tahiti-vanille-100-ml-spf-6\/#primaryimage\"},\"thumbnailUrl\":\"https:\/\/paracherkaoui.ma\/wp-content\/uploads\/2025\/12\/hei-poa-hei-poa-huile-de-monoi-tahiti-vanille-100-ml-spf-6-bronzage.jpg\",\"datePublished\":\"2025-12-12T18:02:03+00:00\",\"dateModified\":\"2025-12-12T18:02:07+00:00\",\"breadcrumb\":{\"@id\":\"https:\/\/paracherkaoui.ma\/index.php\/produit\/hei-poa-huile-de-monoi-tahiti-vanille-100-ml-spf-6\/#breadcrumb\"},\"inLanguage\":\"fr-FR\",\"potentialAction\":[{\"@type\":\"ReadAction\",\"target\":[\"https:\/\/paracherkaoui.ma\/index.php\/produit\/hei-poa-huile-de-monoi-tahiti-vanille-100-ml-spf-6\/\"]}]},{\"@type\":\"ImageObject\",\"inLanguage\":\"fr-FR\",\"@id\":\"https:\/\/paracherkaoui.ma\/index.php\/produit\/hei-poa-huile-de-monoi-tahiti-vanille-100-ml-spf-6\/#primaryimage\",\"url\":\"https:\/\/paracherkaoui.ma\/wp-content\/uploads\/2025\/12\/hei-poa-hei-poa-huile-de-monoi-tahiti-vanille-100-ml-spf-6-bronzage.jpg\",\"contentUrl\":\"https:\/\/paracherkaoui.ma\/wp-content\/uploads\/2025\/12\/hei-poa-hei-poa-huile-de-monoi-tahiti-vanille-100-ml-spf-6-bronzage.jpg\",\"width\":700,\"height\":700},{\"@type\":\"BreadcrumbList\",\"@id\":\"https:\/\/paracherkaoui.ma\/index.php\/produit\/hei-poa-huile-de-monoi-tahiti-vanille-100-ml-spf-6\/#breadcrumb\",\"itemListElement\":[{\"@type\":\"ListItem\",\"position\":1,\"name\":\"Accueil\",\"item\":\"https:\/\/paracherkaoui.ma\/\"},{\"@type\":\"ListItem\",\"position\":2,\"name\":\"Boutique\",\"item\":\"https:\/\/paracherkaoui.ma\/index.php\/boutique\/\"},{\"@type\":\"ListItem\",\"position\":3,\"name\":\"HEI POA HUILE DE MONOI TAHITI VANILLE 100 ML SPF 6\"}]},{\"@type\":\"WebSite\",\"@id\":\"https:\/\/paracherkaoui.ma\/#website\",\"url\":\"https:\/\/paracherkaoui.ma\/\",\"name\":\"Paracherkaoui.ma\",\"description\":\"Achetez en ligne sur Paracherkaoui.ma\",\"potentialAction\":[{\"@type\":\"SearchAction\",\"target\":{\"@type\":\"EntryPoint\",\"urlTemplate\":\"https:\/\/paracherkaoui.ma\/?s={search_term_string}\"},\"query-input\":{\"@type\":\"PropertyValueSpecification\",\"valueRequired\":true,\"valueName\":\"search_term_string\"}}],\"inLanguage\":\"fr-FR\"}]}<\/script>\r\n<!-- \/ Yoast SEO plugin. -->","yoast_head_json":{"title":"HEI POA HUILE DE MONOI TAHITI VANILLE 100 ML SPF 6 - Paracherkaoui.ma","robots":{"index":"index","follow":"follow","max-snippet":"max-snippet:-1","max-image-preview":"max-image-preview:large","max-video-preview":"max-video-preview:-1"},"canonical":"https:\/\/paracherkaoui.ma\/index.php\/produit\/hei-poa-huile-de-monoi-tahiti-vanille-100-ml-spf-6\/","og_locale":"fr_FR","og_type":"article","og_title":"HEI POA HUILE DE MONOI TAHITI VANILLE 100 ML SPF 6 - Paracherkaoui.ma","og_description":"L\u2019Huile de Monoi solaire \u00e0 indice SPF 6 de Hei Poa nourrit la peau et acc\u00e9l\u00e8re le bronzage en vous","og_url":"https:\/\/paracherkaoui.ma\/index.php\/produit\/hei-poa-huile-de-monoi-tahiti-vanille-100-ml-spf-6\/","og_site_name":"Paracherkaoui.ma","article_modified_time":"2025-12-12T18:02:07+00:00","og_image":[{"width":700,"height":700,"url":"https:\/\/paracherkaoui.ma\/wp-content\/uploads\/2025\/12\/hei-poa-hei-poa-huile-de-monoi-tahiti-vanille-100-ml-spf-6-bronzage.jpg","type":"image\/jpeg"}],"twitter_card":"summary_large_image","twitter_misc":{"Dur\u00e9e de lecture estim\u00e9e":"1 minute"},"schema":{"@context":"https:\/\/schema.org","@graph":[{"@type":"WebPage","@id":"https:\/\/paracherkaoui.ma\/index.php\/produit\/hei-poa-huile-de-monoi-tahiti-vanille-100-ml-spf-6\/","url":"https:\/\/paracherkaoui.ma\/index.php\/produit\/hei-poa-huile-de-monoi-tahiti-vanille-100-ml-spf-6\/","name":"HEI POA HUILE DE MONOI TAHITI VANILLE 100 ML SPF 6 - Paracherkaoui.ma","isPartOf":{"@id":"https:\/\/paracherkaoui.ma\/#website"},"primaryImageOfPage":{"@id":"https:\/\/paracherkaoui.ma\/index.php\/produit\/hei-poa-huile-de-monoi-tahiti-vanille-100-ml-spf-6\/#primaryimage"},"image":{"@id":"https:\/\/paracherkaoui.ma\/index.php\/produit\/hei-poa-huile-de-monoi-tahiti-vanille-100-ml-spf-6\/#primaryimage"},"thumbnailUrl":"https:\/\/paracherkaoui.ma\/wp-content\/uploads\/2025\/12\/hei-poa-hei-poa-huile-de-monoi-tahiti-vanille-100-ml-spf-6-bronzage.jpg","datePublished":"2025-12-12T18:02:03+00:00","dateModified":"2025-12-12T18:02:07+00:00","breadcrumb":{"@id":"https:\/\/paracherkaoui.ma\/index.php\/produit\/hei-poa-huile-de-monoi-tahiti-vanille-100-ml-spf-6\/#breadcrumb"},"inLanguage":"fr-FR","potentialAction":[{"@type":"ReadAction","target":["https:\/\/paracherkaoui.ma\/index.php\/produit\/hei-poa-huile-de-monoi-tahiti-vanille-100-ml-spf-6\/"]}]},{"@type":"ImageObject","inLanguage":"fr-FR","@id":"https:\/\/paracherkaoui.ma\/index.php\/produit\/hei-poa-huile-de-monoi-tahiti-vanille-100-ml-spf-6\/#primaryimage","url":"https:\/\/paracherkaoui.ma\/wp-content\/uploads\/2025\/12\/hei-poa-hei-poa-huile-de-monoi-tahiti-vanille-100-ml-spf-6-bronzage.jpg","contentUrl":"https:\/\/paracherkaoui.ma\/wp-content\/uploads\/2025\/12\/hei-poa-hei-poa-huile-de-monoi-tahiti-vanille-100-ml-spf-6-bronzage.jpg","width":700,"height":700},{"@type":"BreadcrumbList","@id":"https:\/\/paracherkaoui.ma\/index.php\/produit\/hei-poa-huile-de-monoi-tahiti-vanille-100-ml-spf-6\/#breadcrumb","itemListElement":[{"@type":"ListItem","position":1,"name":"Accueil","item":"https:\/\/paracherkaoui.ma\/"},{"@type":"ListItem","position":2,"name":"Boutique","item":"https:\/\/paracherkaoui.ma\/index.php\/boutique\/"},{"@type":"ListItem","position":3,"name":"HEI POA HUILE DE MONOI TAHITI VANILLE 100 ML SPF 6"}]},{"@type":"WebSite","@id":"https:\/\/paracherkaoui.ma\/#website","url":"https:\/\/paracherkaoui.ma\/","name":"Paracherkaoui.ma","description":"Achetez en ligne sur Paracherkaoui.ma","potentialAction":[{"@type":"SearchAction","target":{"@type":"EntryPoint","urlTemplate":"https:\/\/paracherkaoui.ma\/?s={search_term_string}"},"query-input":{"@type":"PropertyValueSpecification","valueRequired":true,"valueName":"search_term_string"}}],"inLanguage":"fr-FR"}]}},"_links":{"self":[{"href":"https:\/\/paracherkaoui.ma\/index.php\/wp-json\/wp\/v2\/product\/39233","targetHints":{"allow":["GET"]}}],"collection":[{"href":"https:\/\/paracherkaoui.ma\/index.php\/wp-json\/wp\/v2\/product"}],"about":[{"href":"https:\/\/paracherkaoui.ma\/index.php\/wp-json\/wp\/v2\/types\/product"}],"replies":[{"embeddable":true,"href":"https:\/\/paracherkaoui.ma\/index.php\/wp-json\/wp\/v2\/comments?post=39233"}],"version-history":[{"count":1,"href":"https:\/\/paracherkaoui.ma\/index.php\/wp-json\/wp\/v2\/product\/39233\/revisions"}],"predecessor-version":[{"id":39275,"href":"https:\/\/paracherkaoui.ma\/index.php\/wp-json\/wp\/v2\/product\/39233\/revisions\/39275"}],"wp:featuredmedia":[{"embeddable":true,"href":"https:\/\/paracherkaoui.ma\/index.php\/wp-json\/wp\/v2\/media\/39274"}],"wp:attachment":[{"href":"https:\/\/paracherkaoui.ma\/index.php\/wp-json\/wp\/v2\/media?parent=39233"}],"wp:term":[{"taxonomy":"product_brand","embeddable":true,"href":"https:\/\/paracherkaoui.ma\/index.php\/wp-json\/wp\/v2\/product_brand?post=39233"},{"taxonomy":"product_cat","embeddable":true,"href":"https:\/\/paracherkaoui.ma\/index.php\/wp-json\/wp\/v2\/product_cat?post=39233"},{"taxonomy":"product_tag","embeddable":true,"href":"https:\/\/paracherkaoui.ma\/index.php\/wp-json\/wp\/v2\/product_tag?post=39233"}],"curies":[{"name":"wp","href":"https:\/\/api.w.org\/{rel}","templated":true}]}}