{"id":39168,"date":"2025-12-12T19:01:55","date_gmt":"2025-12-12T18:01:55","guid":{"rendered":"https:\/\/test.ecbeaute.com\/?post_type=product&#038;p=39168"},"modified":"2025-12-12T19:02:01","modified_gmt":"2025-12-12T18:02:01","slug":"forte-pharma-expert-autobronz-gummies-3-en-1-gout-multifruits-60-gommes","status":"publish","type":"product","link":"https:\/\/paracherkaoui.ma\/index.php\/produit\/forte-pharma-expert-autobronz-gummies-3-en-1-gout-multifruits-60-gommes\/","title":{"rendered":"FORTE PHARMA EXPERT AUTOBRONZ GUMMIES 3 EN 1 GOUT MULTIFRUITS 60 GOMMES"},"content":{"rendered":"<p>Gardez une bonne mine et un teint h\u00e2l\u00e9 toute l&rsquo;ann\u00e9e, m\u00eame quand le soleil se fait rare, gr\u00e2ce aux Expert AutoBronz Gummies. Ce produit 3 en 1 innovant pr\u00e9pare votre peau au soleil, sublime votre bronzage et maintient votre teint \u00e9clatant, tout en vous offrant une exp\u00e9rience gourmande. Fini les bronzages \u00e9ph\u00e9m\u00e8res et les teints ternes, ces gummies v\u00e9ganes et sans sucre ajout\u00e9 sont la solution id\u00e9ale pour un bronzage parfait et une peau lumineuse.<br \/>\nLes Expert AutoBronz Gummies sont compos\u00e9es de carot\u00e9no\u00efdes tels que le b\u00eatacarot\u00e8ne, le lycop\u00e8ne et la lut\u00e9ine, issus de pigments v\u00e9g\u00e9taux pr\u00e9sents dans l&rsquo;extrait de carotte et de rocou. Ces ingr\u00e9dients naturels agissent en synergie pour activer et sublimer votre bronzage, vous offrant un teint h\u00e2l\u00e9 et \u00e9clatant.<br \/>\nUn bronzage sublim\u00e9 et durable<br \/>\nL&rsquo;int\u00e9gration de L-tyrosine, un acide amin\u00e9, permet de sublimer votre bronzage en stimulant la production de m\u00e9lanine. De plus, l&rsquo;association des vitamines C et E, du cuivre et du s\u00e9l\u00e9nium aide \u00e0 prot\u00e9ger vos cellules contre le stress oxydatif, garantissant ainsi un bronzage durable et une peau en bonne sant\u00e9. Le cuivre, en particulier, contribue \u00e0 la pigmentation normale de la peau, vous permettant d&rsquo;afficher un teint lumineux et uniforme.<br \/>\nPratique et savoureux<br \/>\nGr\u00e2ce \u00e0 son format pratique, Expert AutoBronz Gummies peut \u00eatre emport\u00e9 partout, sans besoin d&rsquo;eau. Chaque gummie est douce \u00e0 m\u00e2cher et offre un d\u00e9licieux go\u00fbt multifruits, rendant votre routine beaut\u00e9 aussi agr\u00e9able qu&rsquo;efficace.<br \/>\nComposition:<br \/>\nFructooligosaccharides, eau, agent g\u00e9lifiant (pectine), acidifiant (acide citrique), vitamine C (acide L-ascorbique), maltodextrine, b\u00eata-carot\u00e8ne 10%, vitamine E (ac\u00e9tate de DL-alpha-tocoph\u00e9ryle), lut\u00e9ine 20% extraite de Tagetes erecta L., L-tyrosine (30 mg), extrait de carotte (Daucus carota L.) (25 mg soit 75 mg \u00e9quivalent plante), extrait de rocou (Bixa orellana L.) (25 mg soit 100 mg \u00e9quivalent plante), vitamine B3 (nicotinamide), lycop\u00e8ne 20% extrait de Blakeslea trispora, correcteur d\u2019acidit\u00e9 (citrate trisodique), huile v\u00e9g\u00e9tale, ar\u00f4me naturel, cuivre (sulfate de cuivre), anti-agglom\u00e9rant (cire de carnauba), s\u00e9l\u00e9nium (s\u00e9l\u00e9nite de sodium).<br \/>\nConseils d&rsquo;utilisation :<br \/>\nPrendre 2 gummies par jour<\/p>\n","protected":false},"excerpt":{"rendered":"<p>Gardez une bonne mine et un teint h\u00e2l\u00e9 toute l&rsquo;ann\u00e9e, m\u00eame quand le soleil se fait rare, gr\u00e2ce aux Expert<\/p>\n","protected":false},"featured_media":39215,"comment_status":"open","ping_status":"closed","template":"","meta":[],"product_brand":[684],"product_cat":[683],"product_tag":[],"class_list":{"0":"post-39168","1":"product","2":"type-product","3":"status-publish","4":"has-post-thumbnail","6":"product_brand-forte-pharma","7":"product_cat-bronzage","9":"first","10":"instock","11":"sale","12":"shipping-taxable","13":"purchasable","14":"product-type-simple"},"yoast_head":"<!-- This site is optimized with the Yoast SEO plugin v26.6 - https:\/\/yoast.com\/wordpress\/plugins\/seo\/ -->\r\n<title>FORTE PHARMA EXPERT AUTOBRONZ GUMMIES 3 EN 1 GOUT MULTIFRUITS 60 GOMMES - Paracherkaoui.ma<\/title>\r\n<meta name=\"robots\" content=\"index, follow, max-snippet:-1, max-image-preview:large, max-video-preview:-1\" \/>\r\n<link rel=\"canonical\" href=\"https:\/\/paracherkaoui.ma\/index.php\/produit\/forte-pharma-expert-autobronz-gummies-3-en-1-gout-multifruits-60-gommes\/\" \/>\r\n<meta property=\"og:locale\" content=\"fr_FR\" \/>\r\n<meta property=\"og:type\" content=\"article\" \/>\r\n<meta property=\"og:title\" content=\"FORTE PHARMA EXPERT AUTOBRONZ GUMMIES 3 EN 1 GOUT MULTIFRUITS 60 GOMMES - Paracherkaoui.ma\" \/>\r\n<meta property=\"og:description\" content=\"Gardez une bonne mine et un teint h\u00e2l\u00e9 toute l&rsquo;ann\u00e9e, m\u00eame quand le soleil se fait rare, gr\u00e2ce aux Expert\" \/>\r\n<meta property=\"og:url\" content=\"https:\/\/paracherkaoui.ma\/index.php\/produit\/forte-pharma-expert-autobronz-gummies-3-en-1-gout-multifruits-60-gommes\/\" \/>\r\n<meta property=\"og:site_name\" content=\"Paracherkaoui.ma\" \/>\r\n<meta property=\"article:modified_time\" content=\"2025-12-12T18:02:01+00:00\" \/>\r\n<meta property=\"og:image\" content=\"https:\/\/paracherkaoui.ma\/wp-content\/uploads\/2025\/12\/forte-pharma-expert-autobronz-gummies-3-en-1-gout-multifruits-60-gommes.jpg\" \/>\r\n\t<meta property=\"og:image:width\" content=\"700\" \/>\r\n\t<meta property=\"og:image:height\" content=\"700\" \/>\r\n\t<meta property=\"og:image:type\" content=\"image\/jpeg\" \/>\r\n<meta name=\"twitter:card\" content=\"summary_large_image\" \/>\r\n<meta name=\"twitter:label1\" content=\"Dur\u00e9e de lecture estim\u00e9e\" \/>\n\t<meta name=\"twitter:data1\" content=\"2 minutes\" \/>\r\n<script type=\"application\/ld+json\" class=\"yoast-schema-graph\">{\"@context\":\"https:\/\/schema.org\",\"@graph\":[{\"@type\":\"WebPage\",\"@id\":\"https:\/\/paracherkaoui.ma\/index.php\/produit\/forte-pharma-expert-autobronz-gummies-3-en-1-gout-multifruits-60-gommes\/\",\"url\":\"https:\/\/paracherkaoui.ma\/index.php\/produit\/forte-pharma-expert-autobronz-gummies-3-en-1-gout-multifruits-60-gommes\/\",\"name\":\"FORTE PHARMA EXPERT AUTOBRONZ GUMMIES 3 EN 1 GOUT MULTIFRUITS 60 GOMMES - Paracherkaoui.ma\",\"isPartOf\":{\"@id\":\"https:\/\/paracherkaoui.ma\/#website\"},\"primaryImageOfPage\":{\"@id\":\"https:\/\/paracherkaoui.ma\/index.php\/produit\/forte-pharma-expert-autobronz-gummies-3-en-1-gout-multifruits-60-gommes\/#primaryimage\"},\"image\":{\"@id\":\"https:\/\/paracherkaoui.ma\/index.php\/produit\/forte-pharma-expert-autobronz-gummies-3-en-1-gout-multifruits-60-gommes\/#primaryimage\"},\"thumbnailUrl\":\"https:\/\/paracherkaoui.ma\/wp-content\/uploads\/2025\/12\/forte-pharma-expert-autobronz-gummies-3-en-1-gout-multifruits-60-gommes.jpg\",\"datePublished\":\"2025-12-12T18:01:55+00:00\",\"dateModified\":\"2025-12-12T18:02:01+00:00\",\"breadcrumb\":{\"@id\":\"https:\/\/paracherkaoui.ma\/index.php\/produit\/forte-pharma-expert-autobronz-gummies-3-en-1-gout-multifruits-60-gommes\/#breadcrumb\"},\"inLanguage\":\"fr-FR\",\"potentialAction\":[{\"@type\":\"ReadAction\",\"target\":[\"https:\/\/paracherkaoui.ma\/index.php\/produit\/forte-pharma-expert-autobronz-gummies-3-en-1-gout-multifruits-60-gommes\/\"]}]},{\"@type\":\"ImageObject\",\"inLanguage\":\"fr-FR\",\"@id\":\"https:\/\/paracherkaoui.ma\/index.php\/produit\/forte-pharma-expert-autobronz-gummies-3-en-1-gout-multifruits-60-gommes\/#primaryimage\",\"url\":\"https:\/\/paracherkaoui.ma\/wp-content\/uploads\/2025\/12\/forte-pharma-expert-autobronz-gummies-3-en-1-gout-multifruits-60-gommes.jpg\",\"contentUrl\":\"https:\/\/paracherkaoui.ma\/wp-content\/uploads\/2025\/12\/forte-pharma-expert-autobronz-gummies-3-en-1-gout-multifruits-60-gommes.jpg\",\"width\":700,\"height\":700},{\"@type\":\"BreadcrumbList\",\"@id\":\"https:\/\/paracherkaoui.ma\/index.php\/produit\/forte-pharma-expert-autobronz-gummies-3-en-1-gout-multifruits-60-gommes\/#breadcrumb\",\"itemListElement\":[{\"@type\":\"ListItem\",\"position\":1,\"name\":\"Accueil\",\"item\":\"https:\/\/paracherkaoui.ma\/\"},{\"@type\":\"ListItem\",\"position\":2,\"name\":\"Boutique\",\"item\":\"https:\/\/paracherkaoui.ma\/index.php\/boutique\/\"},{\"@type\":\"ListItem\",\"position\":3,\"name\":\"FORTE PHARMA EXPERT AUTOBRONZ GUMMIES 3 EN 1 GOUT MULTIFRUITS 60 GOMMES\"}]},{\"@type\":\"WebSite\",\"@id\":\"https:\/\/paracherkaoui.ma\/#website\",\"url\":\"https:\/\/paracherkaoui.ma\/\",\"name\":\"Paracherkaoui.ma\",\"description\":\"Achetez en ligne sur Paracherkaoui.ma\",\"potentialAction\":[{\"@type\":\"SearchAction\",\"target\":{\"@type\":\"EntryPoint\",\"urlTemplate\":\"https:\/\/paracherkaoui.ma\/?s={search_term_string}\"},\"query-input\":{\"@type\":\"PropertyValueSpecification\",\"valueRequired\":true,\"valueName\":\"search_term_string\"}}],\"inLanguage\":\"fr-FR\"}]}<\/script>\r\n<!-- \/ Yoast SEO plugin. -->","yoast_head_json":{"title":"FORTE PHARMA EXPERT AUTOBRONZ GUMMIES 3 EN 1 GOUT MULTIFRUITS 60 GOMMES - Paracherkaoui.ma","robots":{"index":"index","follow":"follow","max-snippet":"max-snippet:-1","max-image-preview":"max-image-preview:large","max-video-preview":"max-video-preview:-1"},"canonical":"https:\/\/paracherkaoui.ma\/index.php\/produit\/forte-pharma-expert-autobronz-gummies-3-en-1-gout-multifruits-60-gommes\/","og_locale":"fr_FR","og_type":"article","og_title":"FORTE PHARMA EXPERT AUTOBRONZ GUMMIES 3 EN 1 GOUT MULTIFRUITS 60 GOMMES - Paracherkaoui.ma","og_description":"Gardez une bonne mine et un teint h\u00e2l\u00e9 toute l&rsquo;ann\u00e9e, m\u00eame quand le soleil se fait rare, gr\u00e2ce aux Expert","og_url":"https:\/\/paracherkaoui.ma\/index.php\/produit\/forte-pharma-expert-autobronz-gummies-3-en-1-gout-multifruits-60-gommes\/","og_site_name":"Paracherkaoui.ma","article_modified_time":"2025-12-12T18:02:01+00:00","og_image":[{"width":700,"height":700,"url":"https:\/\/paracherkaoui.ma\/wp-content\/uploads\/2025\/12\/forte-pharma-expert-autobronz-gummies-3-en-1-gout-multifruits-60-gommes.jpg","type":"image\/jpeg"}],"twitter_card":"summary_large_image","twitter_misc":{"Dur\u00e9e de lecture estim\u00e9e":"2 minutes"},"schema":{"@context":"https:\/\/schema.org","@graph":[{"@type":"WebPage","@id":"https:\/\/paracherkaoui.ma\/index.php\/produit\/forte-pharma-expert-autobronz-gummies-3-en-1-gout-multifruits-60-gommes\/","url":"https:\/\/paracherkaoui.ma\/index.php\/produit\/forte-pharma-expert-autobronz-gummies-3-en-1-gout-multifruits-60-gommes\/","name":"FORTE PHARMA EXPERT AUTOBRONZ GUMMIES 3 EN 1 GOUT MULTIFRUITS 60 GOMMES - Paracherkaoui.ma","isPartOf":{"@id":"https:\/\/paracherkaoui.ma\/#website"},"primaryImageOfPage":{"@id":"https:\/\/paracherkaoui.ma\/index.php\/produit\/forte-pharma-expert-autobronz-gummies-3-en-1-gout-multifruits-60-gommes\/#primaryimage"},"image":{"@id":"https:\/\/paracherkaoui.ma\/index.php\/produit\/forte-pharma-expert-autobronz-gummies-3-en-1-gout-multifruits-60-gommes\/#primaryimage"},"thumbnailUrl":"https:\/\/paracherkaoui.ma\/wp-content\/uploads\/2025\/12\/forte-pharma-expert-autobronz-gummies-3-en-1-gout-multifruits-60-gommes.jpg","datePublished":"2025-12-12T18:01:55+00:00","dateModified":"2025-12-12T18:02:01+00:00","breadcrumb":{"@id":"https:\/\/paracherkaoui.ma\/index.php\/produit\/forte-pharma-expert-autobronz-gummies-3-en-1-gout-multifruits-60-gommes\/#breadcrumb"},"inLanguage":"fr-FR","potentialAction":[{"@type":"ReadAction","target":["https:\/\/paracherkaoui.ma\/index.php\/produit\/forte-pharma-expert-autobronz-gummies-3-en-1-gout-multifruits-60-gommes\/"]}]},{"@type":"ImageObject","inLanguage":"fr-FR","@id":"https:\/\/paracherkaoui.ma\/index.php\/produit\/forte-pharma-expert-autobronz-gummies-3-en-1-gout-multifruits-60-gommes\/#primaryimage","url":"https:\/\/paracherkaoui.ma\/wp-content\/uploads\/2025\/12\/forte-pharma-expert-autobronz-gummies-3-en-1-gout-multifruits-60-gommes.jpg","contentUrl":"https:\/\/paracherkaoui.ma\/wp-content\/uploads\/2025\/12\/forte-pharma-expert-autobronz-gummies-3-en-1-gout-multifruits-60-gommes.jpg","width":700,"height":700},{"@type":"BreadcrumbList","@id":"https:\/\/paracherkaoui.ma\/index.php\/produit\/forte-pharma-expert-autobronz-gummies-3-en-1-gout-multifruits-60-gommes\/#breadcrumb","itemListElement":[{"@type":"ListItem","position":1,"name":"Accueil","item":"https:\/\/paracherkaoui.ma\/"},{"@type":"ListItem","position":2,"name":"Boutique","item":"https:\/\/paracherkaoui.ma\/index.php\/boutique\/"},{"@type":"ListItem","position":3,"name":"FORTE PHARMA EXPERT AUTOBRONZ GUMMIES 3 EN 1 GOUT MULTIFRUITS 60 GOMMES"}]},{"@type":"WebSite","@id":"https:\/\/paracherkaoui.ma\/#website","url":"https:\/\/paracherkaoui.ma\/","name":"Paracherkaoui.ma","description":"Achetez en ligne sur Paracherkaoui.ma","potentialAction":[{"@type":"SearchAction","target":{"@type":"EntryPoint","urlTemplate":"https:\/\/paracherkaoui.ma\/?s={search_term_string}"},"query-input":{"@type":"PropertyValueSpecification","valueRequired":true,"valueName":"search_term_string"}}],"inLanguage":"fr-FR"}]}},"_links":{"self":[{"href":"https:\/\/paracherkaoui.ma\/index.php\/wp-json\/wp\/v2\/product\/39168","targetHints":{"allow":["GET"]}}],"collection":[{"href":"https:\/\/paracherkaoui.ma\/index.php\/wp-json\/wp\/v2\/product"}],"about":[{"href":"https:\/\/paracherkaoui.ma\/index.php\/wp-json\/wp\/v2\/types\/product"}],"replies":[{"embeddable":true,"href":"https:\/\/paracherkaoui.ma\/index.php\/wp-json\/wp\/v2\/comments?post=39168"}],"version-history":[{"count":1,"href":"https:\/\/paracherkaoui.ma\/index.php\/wp-json\/wp\/v2\/product\/39168\/revisions"}],"predecessor-version":[{"id":39216,"href":"https:\/\/paracherkaoui.ma\/index.php\/wp-json\/wp\/v2\/product\/39168\/revisions\/39216"}],"wp:featuredmedia":[{"embeddable":true,"href":"https:\/\/paracherkaoui.ma\/index.php\/wp-json\/wp\/v2\/media\/39215"}],"wp:attachment":[{"href":"https:\/\/paracherkaoui.ma\/index.php\/wp-json\/wp\/v2\/media?parent=39168"}],"wp:term":[{"taxonomy":"product_brand","embeddable":true,"href":"https:\/\/paracherkaoui.ma\/index.php\/wp-json\/wp\/v2\/product_brand?post=39168"},{"taxonomy":"product_cat","embeddable":true,"href":"https:\/\/paracherkaoui.ma\/index.php\/wp-json\/wp\/v2\/product_cat?post=39168"},{"taxonomy":"product_tag","embeddable":true,"href":"https:\/\/paracherkaoui.ma\/index.php\/wp-json\/wp\/v2\/product_tag?post=39168"}],"curies":[{"name":"wp","href":"https:\/\/api.w.org\/{rel}","templated":true}]}}