{"id":39167,"date":"2025-12-12T19:01:55","date_gmt":"2025-12-12T18:01:55","guid":{"rendered":"https:\/\/test.ecbeaute.com\/?post_type=product&#038;p=39167"},"modified":"2025-12-12T19:02:01","modified_gmt":"2025-12-12T18:02:01","slug":"hei-poa-monoi-de-tahiti-elixir-damour-100-ml-2","status":"publish","type":"product","link":"https:\/\/paracherkaoui.ma\/index.php\/produit\/hei-poa-monoi-de-tahiti-elixir-damour-100-ml-2\/","title":{"rendered":"HEI POA MONOI DE TAHITI ELIXIR D&rsquo;AMOUR 100 ML"},"content":{"rendered":"<p>D\u00e9couvrez la sensualit\u00e9 de notre ode \u00e0 l\u2019amour, le Mono\u00ef Elixir d\u2019Amour Edition limit\u00e9e. V\u00e9ritable bouquet v\u00e9g\u00e9tal aux notes d\u2019Ananas, d\u2019Ylang Ylang, de Tiar\u00e9, le Mono\u00ef Elixir d\u2019Amour incarne par excellence la beaut\u00e9 et la tentation f\u00e9minine.<br \/>\nConseils d&rsquo;utilisation:<br \/>\nAppliquer sur la peau et les cheveux.<br \/>\nLe mono\u00ef de Tahiti se solidifie naturellement en-dessous d&rsquo;une temp\u00e9rature de 24\u00b0C.<br \/>\nPasser le flacon sous un filet d&rsquo;eau chaude pour le rendre liquide.<\/p>\n","protected":false},"excerpt":{"rendered":"<p>D\u00e9couvrez la sensualit\u00e9 de notre ode \u00e0 l\u2019amour, le Mono\u00ef Elixir d\u2019Amour Edition limit\u00e9e. V\u00e9ritable bouquet v\u00e9g\u00e9tal aux notes d\u2019Ananas,<\/p>\n","protected":false},"featured_media":38903,"comment_status":"open","ping_status":"closed","template":"","meta":[],"product_brand":[274],"product_cat":[683],"product_tag":[],"class_list":{"0":"post-39167","1":"product","2":"type-product","3":"status-publish","4":"has-post-thumbnail","6":"product_brand-hei-poa","7":"product_cat-bronzage","9":"first","10":"instock","11":"sale","12":"shipping-taxable","13":"purchasable","14":"product-type-simple"},"yoast_head":"<!-- This site is optimized with the Yoast SEO plugin v26.6 - https:\/\/yoast.com\/wordpress\/plugins\/seo\/ -->\r\n<title>HEI POA MONOI DE TAHITI ELIXIR D&#039;AMOUR 100 ML - Paracherkaoui.ma<\/title>\r\n<meta name=\"robots\" content=\"index, follow, max-snippet:-1, max-image-preview:large, max-video-preview:-1\" \/>\r\n<link rel=\"canonical\" href=\"https:\/\/paracherkaoui.ma\/index.php\/produit\/hei-poa-monoi-de-tahiti-elixir-damour-100-ml-2\/\" \/>\r\n<meta property=\"og:locale\" content=\"fr_FR\" \/>\r\n<meta property=\"og:type\" content=\"article\" \/>\r\n<meta property=\"og:title\" content=\"HEI POA MONOI DE TAHITI ELIXIR D&#039;AMOUR 100 ML - Paracherkaoui.ma\" \/>\r\n<meta property=\"og:description\" content=\"D\u00e9couvrez la sensualit\u00e9 de notre ode \u00e0 l\u2019amour, le Mono\u00ef Elixir d\u2019Amour Edition limit\u00e9e. V\u00e9ritable bouquet v\u00e9g\u00e9tal aux notes d\u2019Ananas,\" \/>\r\n<meta property=\"og:url\" content=\"https:\/\/paracherkaoui.ma\/index.php\/produit\/hei-poa-monoi-de-tahiti-elixir-damour-100-ml-2\/\" \/>\r\n<meta property=\"og:site_name\" content=\"Paracherkaoui.ma\" \/>\r\n<meta property=\"article:modified_time\" content=\"2025-12-12T18:02:01+00:00\" \/>\r\n<meta property=\"og:image\" content=\"https:\/\/paracherkaoui.ma\/wp-content\/uploads\/2025\/12\/hei-poa-hei-poa-monoi-de-tahiti-elixir-damour-100-ml-huiles.jpg\" \/>\r\n\t<meta property=\"og:image:width\" content=\"700\" \/>\r\n\t<meta property=\"og:image:height\" content=\"700\" \/>\r\n\t<meta property=\"og:image:type\" content=\"image\/jpeg\" \/>\r\n<meta name=\"twitter:card\" content=\"summary_large_image\" \/>\r\n<script type=\"application\/ld+json\" class=\"yoast-schema-graph\">{\"@context\":\"https:\/\/schema.org\",\"@graph\":[{\"@type\":\"WebPage\",\"@id\":\"https:\/\/paracherkaoui.ma\/index.php\/produit\/hei-poa-monoi-de-tahiti-elixir-damour-100-ml-2\/\",\"url\":\"https:\/\/paracherkaoui.ma\/index.php\/produit\/hei-poa-monoi-de-tahiti-elixir-damour-100-ml-2\/\",\"name\":\"HEI POA MONOI DE TAHITI ELIXIR D'AMOUR 100 ML - Paracherkaoui.ma\",\"isPartOf\":{\"@id\":\"https:\/\/paracherkaoui.ma\/#website\"},\"primaryImageOfPage\":{\"@id\":\"https:\/\/paracherkaoui.ma\/index.php\/produit\/hei-poa-monoi-de-tahiti-elixir-damour-100-ml-2\/#primaryimage\"},\"image\":{\"@id\":\"https:\/\/paracherkaoui.ma\/index.php\/produit\/hei-poa-monoi-de-tahiti-elixir-damour-100-ml-2\/#primaryimage\"},\"thumbnailUrl\":\"https:\/\/paracherkaoui.ma\/wp-content\/uploads\/2025\/12\/hei-poa-hei-poa-monoi-de-tahiti-elixir-damour-100-ml-huiles.jpg\",\"datePublished\":\"2025-12-12T18:01:55+00:00\",\"dateModified\":\"2025-12-12T18:02:01+00:00\",\"breadcrumb\":{\"@id\":\"https:\/\/paracherkaoui.ma\/index.php\/produit\/hei-poa-monoi-de-tahiti-elixir-damour-100-ml-2\/#breadcrumb\"},\"inLanguage\":\"fr-FR\",\"potentialAction\":[{\"@type\":\"ReadAction\",\"target\":[\"https:\/\/paracherkaoui.ma\/index.php\/produit\/hei-poa-monoi-de-tahiti-elixir-damour-100-ml-2\/\"]}]},{\"@type\":\"ImageObject\",\"inLanguage\":\"fr-FR\",\"@id\":\"https:\/\/paracherkaoui.ma\/index.php\/produit\/hei-poa-monoi-de-tahiti-elixir-damour-100-ml-2\/#primaryimage\",\"url\":\"https:\/\/paracherkaoui.ma\/wp-content\/uploads\/2025\/12\/hei-poa-hei-poa-monoi-de-tahiti-elixir-damour-100-ml-huiles.jpg\",\"contentUrl\":\"https:\/\/paracherkaoui.ma\/wp-content\/uploads\/2025\/12\/hei-poa-hei-poa-monoi-de-tahiti-elixir-damour-100-ml-huiles.jpg\",\"width\":700,\"height\":700},{\"@type\":\"BreadcrumbList\",\"@id\":\"https:\/\/paracherkaoui.ma\/index.php\/produit\/hei-poa-monoi-de-tahiti-elixir-damour-100-ml-2\/#breadcrumb\",\"itemListElement\":[{\"@type\":\"ListItem\",\"position\":1,\"name\":\"Accueil\",\"item\":\"https:\/\/paracherkaoui.ma\/\"},{\"@type\":\"ListItem\",\"position\":2,\"name\":\"Boutique\",\"item\":\"https:\/\/paracherkaoui.ma\/index.php\/boutique\/\"},{\"@type\":\"ListItem\",\"position\":3,\"name\":\"HEI POA MONOI DE TAHITI ELIXIR D&rsquo;AMOUR 100 ML\"}]},{\"@type\":\"WebSite\",\"@id\":\"https:\/\/paracherkaoui.ma\/#website\",\"url\":\"https:\/\/paracherkaoui.ma\/\",\"name\":\"Paracherkaoui.ma\",\"description\":\"Achetez en ligne sur Paracherkaoui.ma\",\"potentialAction\":[{\"@type\":\"SearchAction\",\"target\":{\"@type\":\"EntryPoint\",\"urlTemplate\":\"https:\/\/paracherkaoui.ma\/?s={search_term_string}\"},\"query-input\":{\"@type\":\"PropertyValueSpecification\",\"valueRequired\":true,\"valueName\":\"search_term_string\"}}],\"inLanguage\":\"fr-FR\"}]}<\/script>\r\n<!-- \/ Yoast SEO plugin. -->","yoast_head_json":{"title":"HEI POA MONOI DE TAHITI ELIXIR D'AMOUR 100 ML - Paracherkaoui.ma","robots":{"index":"index","follow":"follow","max-snippet":"max-snippet:-1","max-image-preview":"max-image-preview:large","max-video-preview":"max-video-preview:-1"},"canonical":"https:\/\/paracherkaoui.ma\/index.php\/produit\/hei-poa-monoi-de-tahiti-elixir-damour-100-ml-2\/","og_locale":"fr_FR","og_type":"article","og_title":"HEI POA MONOI DE TAHITI ELIXIR D'AMOUR 100 ML - Paracherkaoui.ma","og_description":"D\u00e9couvrez la sensualit\u00e9 de notre ode \u00e0 l\u2019amour, le Mono\u00ef Elixir d\u2019Amour Edition limit\u00e9e. V\u00e9ritable bouquet v\u00e9g\u00e9tal aux notes d\u2019Ananas,","og_url":"https:\/\/paracherkaoui.ma\/index.php\/produit\/hei-poa-monoi-de-tahiti-elixir-damour-100-ml-2\/","og_site_name":"Paracherkaoui.ma","article_modified_time":"2025-12-12T18:02:01+00:00","og_image":[{"width":700,"height":700,"url":"https:\/\/paracherkaoui.ma\/wp-content\/uploads\/2025\/12\/hei-poa-hei-poa-monoi-de-tahiti-elixir-damour-100-ml-huiles.jpg","type":"image\/jpeg"}],"twitter_card":"summary_large_image","schema":{"@context":"https:\/\/schema.org","@graph":[{"@type":"WebPage","@id":"https:\/\/paracherkaoui.ma\/index.php\/produit\/hei-poa-monoi-de-tahiti-elixir-damour-100-ml-2\/","url":"https:\/\/paracherkaoui.ma\/index.php\/produit\/hei-poa-monoi-de-tahiti-elixir-damour-100-ml-2\/","name":"HEI POA MONOI DE TAHITI ELIXIR D'AMOUR 100 ML - Paracherkaoui.ma","isPartOf":{"@id":"https:\/\/paracherkaoui.ma\/#website"},"primaryImageOfPage":{"@id":"https:\/\/paracherkaoui.ma\/index.php\/produit\/hei-poa-monoi-de-tahiti-elixir-damour-100-ml-2\/#primaryimage"},"image":{"@id":"https:\/\/paracherkaoui.ma\/index.php\/produit\/hei-poa-monoi-de-tahiti-elixir-damour-100-ml-2\/#primaryimage"},"thumbnailUrl":"https:\/\/paracherkaoui.ma\/wp-content\/uploads\/2025\/12\/hei-poa-hei-poa-monoi-de-tahiti-elixir-damour-100-ml-huiles.jpg","datePublished":"2025-12-12T18:01:55+00:00","dateModified":"2025-12-12T18:02:01+00:00","breadcrumb":{"@id":"https:\/\/paracherkaoui.ma\/index.php\/produit\/hei-poa-monoi-de-tahiti-elixir-damour-100-ml-2\/#breadcrumb"},"inLanguage":"fr-FR","potentialAction":[{"@type":"ReadAction","target":["https:\/\/paracherkaoui.ma\/index.php\/produit\/hei-poa-monoi-de-tahiti-elixir-damour-100-ml-2\/"]}]},{"@type":"ImageObject","inLanguage":"fr-FR","@id":"https:\/\/paracherkaoui.ma\/index.php\/produit\/hei-poa-monoi-de-tahiti-elixir-damour-100-ml-2\/#primaryimage","url":"https:\/\/paracherkaoui.ma\/wp-content\/uploads\/2025\/12\/hei-poa-hei-poa-monoi-de-tahiti-elixir-damour-100-ml-huiles.jpg","contentUrl":"https:\/\/paracherkaoui.ma\/wp-content\/uploads\/2025\/12\/hei-poa-hei-poa-monoi-de-tahiti-elixir-damour-100-ml-huiles.jpg","width":700,"height":700},{"@type":"BreadcrumbList","@id":"https:\/\/paracherkaoui.ma\/index.php\/produit\/hei-poa-monoi-de-tahiti-elixir-damour-100-ml-2\/#breadcrumb","itemListElement":[{"@type":"ListItem","position":1,"name":"Accueil","item":"https:\/\/paracherkaoui.ma\/"},{"@type":"ListItem","position":2,"name":"Boutique","item":"https:\/\/paracherkaoui.ma\/index.php\/boutique\/"},{"@type":"ListItem","position":3,"name":"HEI POA MONOI DE TAHITI ELIXIR D&rsquo;AMOUR 100 ML"}]},{"@type":"WebSite","@id":"https:\/\/paracherkaoui.ma\/#website","url":"https:\/\/paracherkaoui.ma\/","name":"Paracherkaoui.ma","description":"Achetez en ligne sur Paracherkaoui.ma","potentialAction":[{"@type":"SearchAction","target":{"@type":"EntryPoint","urlTemplate":"https:\/\/paracherkaoui.ma\/?s={search_term_string}"},"query-input":{"@type":"PropertyValueSpecification","valueRequired":true,"valueName":"search_term_string"}}],"inLanguage":"fr-FR"}]}},"_links":{"self":[{"href":"https:\/\/paracherkaoui.ma\/index.php\/wp-json\/wp\/v2\/product\/39167","targetHints":{"allow":["GET"]}}],"collection":[{"href":"https:\/\/paracherkaoui.ma\/index.php\/wp-json\/wp\/v2\/product"}],"about":[{"href":"https:\/\/paracherkaoui.ma\/index.php\/wp-json\/wp\/v2\/types\/product"}],"replies":[{"embeddable":true,"href":"https:\/\/paracherkaoui.ma\/index.php\/wp-json\/wp\/v2\/comments?post=39167"}],"version-history":[{"count":1,"href":"https:\/\/paracherkaoui.ma\/index.php\/wp-json\/wp\/v2\/product\/39167\/revisions"}],"predecessor-version":[{"id":39214,"href":"https:\/\/paracherkaoui.ma\/index.php\/wp-json\/wp\/v2\/product\/39167\/revisions\/39214"}],"wp:featuredmedia":[{"embeddable":true,"href":"https:\/\/paracherkaoui.ma\/index.php\/wp-json\/wp\/v2\/media\/38903"}],"wp:attachment":[{"href":"https:\/\/paracherkaoui.ma\/index.php\/wp-json\/wp\/v2\/media?parent=39167"}],"wp:term":[{"taxonomy":"product_brand","embeddable":true,"href":"https:\/\/paracherkaoui.ma\/index.php\/wp-json\/wp\/v2\/product_brand?post=39167"},{"taxonomy":"product_cat","embeddable":true,"href":"https:\/\/paracherkaoui.ma\/index.php\/wp-json\/wp\/v2\/product_cat?post=39167"},{"taxonomy":"product_tag","embeddable":true,"href":"https:\/\/paracherkaoui.ma\/index.php\/wp-json\/wp\/v2\/product_tag?post=39167"}],"curies":[{"name":"wp","href":"https:\/\/api.w.org\/{rel}","templated":true}]}}