{"id":39164,"date":"2025-12-12T19:01:55","date_gmt":"2025-12-12T18:01:55","guid":{"rendered":"https:\/\/test.ecbeaute.com\/?post_type=product&#038;p=39164"},"modified":"2025-12-12T19:02:00","modified_gmt":"2025-12-12T18:02:00","slug":"australian-gold-spray-gel-avec-agent-bronzant-spf-15-237-ml","status":"publish","type":"product","link":"https:\/\/paracherkaoui.ma\/index.php\/produit\/australian-gold-spray-gel-avec-agent-bronzant-spf-15-237-ml\/","title":{"rendered":"AUSTRALIAN GOLD SPRAY GEL AVEC AGENT BRONZANT SPF 15 &#8211; 237 ML"},"content":{"rendered":"<p>Description:<br \/>\nLes gels \u00e0 vaporiser General Protection sont un hybride innovant d&rsquo;un vaporisateur continu et d&rsquo;une lotion traditionnelle, convenant \u00e0 ceux qui recherchent contr\u00f4le, hydratation et commodit\u00e9.<\/p>\n<p>Australian Naturals : Avec la teneur en vitamine C la plus \u00e9lev\u00e9e de tous les fruits, la prune de Kakadu est connue pour favoriser la production de collag\u00e8ne tout en aidant \u00e0 prot\u00e9ger des radicaux libres. L&rsquo;huile d&rsquo;arbre \u00e0 th\u00e9, un puissant antioxydant, contient des propri\u00e9t\u00e9s naturelles de lutte contre les odeurs pour laisser la peau fra\u00eeche.<br \/>\nHydratation ultime : l&rsquo;huile de tournesol, l&rsquo;huile d&rsquo;olive et le beurre de graines de cacao agissent pour hydrater en profondeur pour une peau lisse et hydrat\u00e9e<br \/>\nParfum : Prenez des vacances instantan\u00e9es avec le parfum signature Cocoa Dreams. Ce parfum d\u00e9licieux est une d\u00e9licieuse combinaison de noix de coco, d&rsquo;orange et de vanille.<br \/>\nSp\u00e9cialement formul\u00e9 : con\u00e7u pour \u00eatre sans oxybenzone, sans PABA, sans phtalate et sans gluten. Large spectre. R\u00e9sistant \u00e0 la sueur et \u00e0 l&rsquo;eau (80 minutes). Vegan, Cruelty Free et jamais test\u00e9 sur les animaux.<br \/>\nConseils\u00a0d&rsquo;utilisation\u00a0:<br \/>\nBien agiter avant usage. Appliquer g\u00e9n\u00e9reusement 15 minutes avant l&rsquo;exposition au soleil et frotter sur la peau. Tenir le r\u00e9cipient \u00e0 4 \u00e0 6 pouces de la peau pour appliquer. Ne pas vaporiser directement sur le visage. Vaporiser sur les mains puis appliquer sur le visage. R\u00e9appliquer : Apr\u00e8s 80 minutes de baignade ou de transpiration, imm\u00e9diatement apr\u00e8s le s\u00e9chage \u00e0 la serviette, au moins toutes les 2 heures.<\/p>\n","protected":false},"excerpt":{"rendered":"<p>Description: Les gels \u00e0 vaporiser General Protection sont un hybride innovant d&rsquo;un vaporisateur continu et d&rsquo;une lotion traditionnelle, convenant \u00e0<\/p>\n","protected":false},"featured_media":39208,"comment_status":"open","ping_status":"closed","template":"","meta":[],"product_brand":[542],"product_cat":[683],"product_tag":[],"class_list":{"0":"post-39164","1":"product","2":"type-product","3":"status-publish","4":"has-post-thumbnail","6":"product_brand-australian-gold","7":"product_cat-bronzage","9":"first","10":"instock","11":"shipping-taxable","12":"purchasable","13":"product-type-simple"},"yoast_head":"<!-- This site is optimized with the Yoast SEO plugin v26.6 - https:\/\/yoast.com\/wordpress\/plugins\/seo\/ -->\r\n<title>AUSTRALIAN GOLD SPRAY GEL AVEC AGENT BRONZANT SPF 15 - 237 ML - Paracherkaoui.ma<\/title>\r\n<meta name=\"robots\" content=\"index, follow, max-snippet:-1, max-image-preview:large, max-video-preview:-1\" \/>\r\n<link rel=\"canonical\" href=\"https:\/\/paracherkaoui.ma\/index.php\/produit\/australian-gold-spray-gel-avec-agent-bronzant-spf-15-237-ml\/\" \/>\r\n<meta property=\"og:locale\" content=\"fr_FR\" \/>\r\n<meta property=\"og:type\" content=\"article\" \/>\r\n<meta property=\"og:title\" content=\"AUSTRALIAN GOLD SPRAY GEL AVEC AGENT BRONZANT SPF 15 - 237 ML - Paracherkaoui.ma\" \/>\r\n<meta property=\"og:description\" content=\"Description: Les gels \u00e0 vaporiser General Protection sont un hybride innovant d&rsquo;un vaporisateur continu et d&rsquo;une lotion traditionnelle, convenant \u00e0\" \/>\r\n<meta property=\"og:url\" content=\"https:\/\/paracherkaoui.ma\/index.php\/produit\/australian-gold-spray-gel-avec-agent-bronzant-spf-15-237-ml\/\" \/>\r\n<meta property=\"og:site_name\" content=\"Paracherkaoui.ma\" \/>\r\n<meta property=\"article:modified_time\" content=\"2025-12-12T18:02:00+00:00\" \/>\r\n<meta property=\"og:image\" content=\"https:\/\/paracherkaoui.ma\/wp-content\/uploads\/2025\/12\/australian-gold-spray-gel-avec-agent-bronzant-spf-15-237-ml.jpg\" \/>\r\n\t<meta property=\"og:image:width\" content=\"700\" \/>\r\n\t<meta property=\"og:image:height\" content=\"700\" \/>\r\n\t<meta property=\"og:image:type\" content=\"image\/jpeg\" \/>\r\n<meta name=\"twitter:card\" content=\"summary_large_image\" \/>\r\n<meta name=\"twitter:label1\" content=\"Dur\u00e9e de lecture estim\u00e9e\" \/>\n\t<meta name=\"twitter:data1\" content=\"1 minute\" \/>\r\n<script type=\"application\/ld+json\" class=\"yoast-schema-graph\">{\"@context\":\"https:\/\/schema.org\",\"@graph\":[{\"@type\":\"WebPage\",\"@id\":\"https:\/\/paracherkaoui.ma\/index.php\/produit\/australian-gold-spray-gel-avec-agent-bronzant-spf-15-237-ml\/\",\"url\":\"https:\/\/paracherkaoui.ma\/index.php\/produit\/australian-gold-spray-gel-avec-agent-bronzant-spf-15-237-ml\/\",\"name\":\"AUSTRALIAN GOLD SPRAY GEL AVEC AGENT BRONZANT SPF 15 - 237 ML - Paracherkaoui.ma\",\"isPartOf\":{\"@id\":\"https:\/\/paracherkaoui.ma\/#website\"},\"primaryImageOfPage\":{\"@id\":\"https:\/\/paracherkaoui.ma\/index.php\/produit\/australian-gold-spray-gel-avec-agent-bronzant-spf-15-237-ml\/#primaryimage\"},\"image\":{\"@id\":\"https:\/\/paracherkaoui.ma\/index.php\/produit\/australian-gold-spray-gel-avec-agent-bronzant-spf-15-237-ml\/#primaryimage\"},\"thumbnailUrl\":\"https:\/\/paracherkaoui.ma\/wp-content\/uploads\/2025\/12\/australian-gold-spray-gel-avec-agent-bronzant-spf-15-237-ml.jpg\",\"datePublished\":\"2025-12-12T18:01:55+00:00\",\"dateModified\":\"2025-12-12T18:02:00+00:00\",\"breadcrumb\":{\"@id\":\"https:\/\/paracherkaoui.ma\/index.php\/produit\/australian-gold-spray-gel-avec-agent-bronzant-spf-15-237-ml\/#breadcrumb\"},\"inLanguage\":\"fr-FR\",\"potentialAction\":[{\"@type\":\"ReadAction\",\"target\":[\"https:\/\/paracherkaoui.ma\/index.php\/produit\/australian-gold-spray-gel-avec-agent-bronzant-spf-15-237-ml\/\"]}]},{\"@type\":\"ImageObject\",\"inLanguage\":\"fr-FR\",\"@id\":\"https:\/\/paracherkaoui.ma\/index.php\/produit\/australian-gold-spray-gel-avec-agent-bronzant-spf-15-237-ml\/#primaryimage\",\"url\":\"https:\/\/paracherkaoui.ma\/wp-content\/uploads\/2025\/12\/australian-gold-spray-gel-avec-agent-bronzant-spf-15-237-ml.jpg\",\"contentUrl\":\"https:\/\/paracherkaoui.ma\/wp-content\/uploads\/2025\/12\/australian-gold-spray-gel-avec-agent-bronzant-spf-15-237-ml.jpg\",\"width\":700,\"height\":700},{\"@type\":\"BreadcrumbList\",\"@id\":\"https:\/\/paracherkaoui.ma\/index.php\/produit\/australian-gold-spray-gel-avec-agent-bronzant-spf-15-237-ml\/#breadcrumb\",\"itemListElement\":[{\"@type\":\"ListItem\",\"position\":1,\"name\":\"Accueil\",\"item\":\"https:\/\/paracherkaoui.ma\/\"},{\"@type\":\"ListItem\",\"position\":2,\"name\":\"Boutique\",\"item\":\"https:\/\/paracherkaoui.ma\/index.php\/boutique\/\"},{\"@type\":\"ListItem\",\"position\":3,\"name\":\"AUSTRALIAN GOLD SPRAY GEL AVEC AGENT BRONZANT SPF 15 &#8211; 237 ML\"}]},{\"@type\":\"WebSite\",\"@id\":\"https:\/\/paracherkaoui.ma\/#website\",\"url\":\"https:\/\/paracherkaoui.ma\/\",\"name\":\"Paracherkaoui.ma\",\"description\":\"Achetez en ligne sur Paracherkaoui.ma\",\"potentialAction\":[{\"@type\":\"SearchAction\",\"target\":{\"@type\":\"EntryPoint\",\"urlTemplate\":\"https:\/\/paracherkaoui.ma\/?s={search_term_string}\"},\"query-input\":{\"@type\":\"PropertyValueSpecification\",\"valueRequired\":true,\"valueName\":\"search_term_string\"}}],\"inLanguage\":\"fr-FR\"}]}<\/script>\r\n<!-- \/ Yoast SEO plugin. -->","yoast_head_json":{"title":"AUSTRALIAN GOLD SPRAY GEL AVEC AGENT BRONZANT SPF 15 - 237 ML - Paracherkaoui.ma","robots":{"index":"index","follow":"follow","max-snippet":"max-snippet:-1","max-image-preview":"max-image-preview:large","max-video-preview":"max-video-preview:-1"},"canonical":"https:\/\/paracherkaoui.ma\/index.php\/produit\/australian-gold-spray-gel-avec-agent-bronzant-spf-15-237-ml\/","og_locale":"fr_FR","og_type":"article","og_title":"AUSTRALIAN GOLD SPRAY GEL AVEC AGENT BRONZANT SPF 15 - 237 ML - Paracherkaoui.ma","og_description":"Description: Les gels \u00e0 vaporiser General Protection sont un hybride innovant d&rsquo;un vaporisateur continu et d&rsquo;une lotion traditionnelle, convenant \u00e0","og_url":"https:\/\/paracherkaoui.ma\/index.php\/produit\/australian-gold-spray-gel-avec-agent-bronzant-spf-15-237-ml\/","og_site_name":"Paracherkaoui.ma","article_modified_time":"2025-12-12T18:02:00+00:00","og_image":[{"width":700,"height":700,"url":"https:\/\/paracherkaoui.ma\/wp-content\/uploads\/2025\/12\/australian-gold-spray-gel-avec-agent-bronzant-spf-15-237-ml.jpg","type":"image\/jpeg"}],"twitter_card":"summary_large_image","twitter_misc":{"Dur\u00e9e de lecture estim\u00e9e":"1 minute"},"schema":{"@context":"https:\/\/schema.org","@graph":[{"@type":"WebPage","@id":"https:\/\/paracherkaoui.ma\/index.php\/produit\/australian-gold-spray-gel-avec-agent-bronzant-spf-15-237-ml\/","url":"https:\/\/paracherkaoui.ma\/index.php\/produit\/australian-gold-spray-gel-avec-agent-bronzant-spf-15-237-ml\/","name":"AUSTRALIAN GOLD SPRAY GEL AVEC AGENT BRONZANT SPF 15 - 237 ML - Paracherkaoui.ma","isPartOf":{"@id":"https:\/\/paracherkaoui.ma\/#website"},"primaryImageOfPage":{"@id":"https:\/\/paracherkaoui.ma\/index.php\/produit\/australian-gold-spray-gel-avec-agent-bronzant-spf-15-237-ml\/#primaryimage"},"image":{"@id":"https:\/\/paracherkaoui.ma\/index.php\/produit\/australian-gold-spray-gel-avec-agent-bronzant-spf-15-237-ml\/#primaryimage"},"thumbnailUrl":"https:\/\/paracherkaoui.ma\/wp-content\/uploads\/2025\/12\/australian-gold-spray-gel-avec-agent-bronzant-spf-15-237-ml.jpg","datePublished":"2025-12-12T18:01:55+00:00","dateModified":"2025-12-12T18:02:00+00:00","breadcrumb":{"@id":"https:\/\/paracherkaoui.ma\/index.php\/produit\/australian-gold-spray-gel-avec-agent-bronzant-spf-15-237-ml\/#breadcrumb"},"inLanguage":"fr-FR","potentialAction":[{"@type":"ReadAction","target":["https:\/\/paracherkaoui.ma\/index.php\/produit\/australian-gold-spray-gel-avec-agent-bronzant-spf-15-237-ml\/"]}]},{"@type":"ImageObject","inLanguage":"fr-FR","@id":"https:\/\/paracherkaoui.ma\/index.php\/produit\/australian-gold-spray-gel-avec-agent-bronzant-spf-15-237-ml\/#primaryimage","url":"https:\/\/paracherkaoui.ma\/wp-content\/uploads\/2025\/12\/australian-gold-spray-gel-avec-agent-bronzant-spf-15-237-ml.jpg","contentUrl":"https:\/\/paracherkaoui.ma\/wp-content\/uploads\/2025\/12\/australian-gold-spray-gel-avec-agent-bronzant-spf-15-237-ml.jpg","width":700,"height":700},{"@type":"BreadcrumbList","@id":"https:\/\/paracherkaoui.ma\/index.php\/produit\/australian-gold-spray-gel-avec-agent-bronzant-spf-15-237-ml\/#breadcrumb","itemListElement":[{"@type":"ListItem","position":1,"name":"Accueil","item":"https:\/\/paracherkaoui.ma\/"},{"@type":"ListItem","position":2,"name":"Boutique","item":"https:\/\/paracherkaoui.ma\/index.php\/boutique\/"},{"@type":"ListItem","position":3,"name":"AUSTRALIAN GOLD SPRAY GEL AVEC AGENT BRONZANT SPF 15 &#8211; 237 ML"}]},{"@type":"WebSite","@id":"https:\/\/paracherkaoui.ma\/#website","url":"https:\/\/paracherkaoui.ma\/","name":"Paracherkaoui.ma","description":"Achetez en ligne sur Paracherkaoui.ma","potentialAction":[{"@type":"SearchAction","target":{"@type":"EntryPoint","urlTemplate":"https:\/\/paracherkaoui.ma\/?s={search_term_string}"},"query-input":{"@type":"PropertyValueSpecification","valueRequired":true,"valueName":"search_term_string"}}],"inLanguage":"fr-FR"}]}},"_links":{"self":[{"href":"https:\/\/paracherkaoui.ma\/index.php\/wp-json\/wp\/v2\/product\/39164","targetHints":{"allow":["GET"]}}],"collection":[{"href":"https:\/\/paracherkaoui.ma\/index.php\/wp-json\/wp\/v2\/product"}],"about":[{"href":"https:\/\/paracherkaoui.ma\/index.php\/wp-json\/wp\/v2\/types\/product"}],"replies":[{"embeddable":true,"href":"https:\/\/paracherkaoui.ma\/index.php\/wp-json\/wp\/v2\/comments?post=39164"}],"version-history":[{"count":1,"href":"https:\/\/paracherkaoui.ma\/index.php\/wp-json\/wp\/v2\/product\/39164\/revisions"}],"predecessor-version":[{"id":39209,"href":"https:\/\/paracherkaoui.ma\/index.php\/wp-json\/wp\/v2\/product\/39164\/revisions\/39209"}],"wp:featuredmedia":[{"embeddable":true,"href":"https:\/\/paracherkaoui.ma\/index.php\/wp-json\/wp\/v2\/media\/39208"}],"wp:attachment":[{"href":"https:\/\/paracherkaoui.ma\/index.php\/wp-json\/wp\/v2\/media?parent=39164"}],"wp:term":[{"taxonomy":"product_brand","embeddable":true,"href":"https:\/\/paracherkaoui.ma\/index.php\/wp-json\/wp\/v2\/product_brand?post=39164"},{"taxonomy":"product_cat","embeddable":true,"href":"https:\/\/paracherkaoui.ma\/index.php\/wp-json\/wp\/v2\/product_cat?post=39164"},{"taxonomy":"product_tag","embeddable":true,"href":"https:\/\/paracherkaoui.ma\/index.php\/wp-json\/wp\/v2\/product_tag?post=39164"}],"curies":[{"name":"wp","href":"https:\/\/api.w.org\/{rel}","templated":true}]}}