{"id":39147,"date":"2025-12-12T19:01:54","date_gmt":"2025-12-12T18:01:54","guid":{"rendered":"https:\/\/test.ecbeaute.com\/?post_type=product&#038;p=39147"},"modified":"2025-12-12T19:01:57","modified_gmt":"2025-12-12T18:01:57","slug":"vichy-capital-soleil-eau-de-protection-solaire-spf-30-200-ml","status":"publish","type":"product","link":"https:\/\/paracherkaoui.ma\/index.php\/produit\/vichy-capital-soleil-eau-de-protection-solaire-spf-30-200-ml\/","title":{"rendered":"VICHY CAPITAL SOLEIL EAU DE PROTECTION SOLAIRE SPF 30 200 ML"},"content":{"rendered":"<p>Gr\u00e2ce \u00e0 son complexe antioxydant, enrichi en b\u00eata-carot\u00e8ne et vitamine E, cette formule prot\u00e8ge efficacement contre les UVA, UVB et UVA longs, tout en luttant contre le stress oxydatif responsable du vieillissement cutan\u00e9. Le b\u00eata-carot\u00e8ne stimule la production naturelle de m\u00e9lanine, favorisant un bronzage lumineux, homog\u00e8ne et prolong\u00e9 jusqu\u2019\u00e0 un mois apr\u00e8s l\u2019exposition. La vitamine E, quant \u00e0 elle, agit comme un puissant bouclier contre les agressions ext\u00e9rieures.<br \/>\nSa texture aqueuse, non grasse et non collante, p\u00e9n\u00e8tre rapidement et procure une sensation de fra\u00eecheur imm\u00e9diate. Facile \u00e0 appliquer et agr\u00e9able \u00e0 porter, elle convient \u00e0 toutes les carnations et types de peau, m\u00eame sensibles. De plus, son emballage est \u00e9co-con\u00e7u, avec un flacon compos\u00e9 \u00e0 100% de plastique recycl\u00e9 (hors pompe), et sa formule est test\u00e9e pour respecter la vie aquatique.<br \/>\nConseils d&rsquo;utilisation<br \/>\nBien agiter avant emploi pour homog\u00e9n\u00e9iser la phase aqueuse et huileuse.<br \/>\nAppliquer g\u00e9n\u00e9reusement l\u2019eau solaire sur tout le corps et le visage avant l\u2019exposition au soleil.<br \/>\nRenouveler l\u2019application toutes les deux heures, apr\u00e8s chaque baignade ou en cas de transpiration.<br \/>\nComposition<br \/>\nAQUA \/ WATER, HOMOSALATE, DICAPRYLYL ETHER, DICAPRYLYL CARBONATE, OCTOCRYLENE, ETHYLHEXYLSALICYLATE, BUTYLMETHOXYDIBENZOYLMETHANE, GLYCERIN, ALCOHOL DENAT., ETHYLHEXYL TRIAZONE, PROPANEDIOL, DIISOPROPYL SEBACATE, BIS-ETHYLHEXYLOXYPHENOL METHOXYPHENYL TRIAZINE, PHENYLBENZIMIDAZOLE SULFONIC ACID, CAPRYLYL GLYCOL, CI 75130 \/ BETA-CAROTENE, DISODIUM EDTA, HELIANTHUS ANNUUS SEED OIL \/ SUNFLOWER SEED OIL, PHENOXYETHANOL, POLY C10-30 ALKYL ACRYLATE, TEREPHTHALYLIDENE DICAMPHOR SULFONIC ACID, TOCOPHEROL, TRIETHANOLAMINE, PARFUM \/ FRAGRANCE<\/p>\n","protected":false},"excerpt":{"rendered":"<p>Gr\u00e2ce \u00e0 son complexe antioxydant, enrichi en b\u00eata-carot\u00e8ne et vitamine E, cette formule prot\u00e8ge efficacement contre les UVA, UVB et<\/p>\n","protected":false},"featured_media":39180,"comment_status":"open","ping_status":"closed","template":"","meta":[],"product_brand":[139],"product_cat":[683],"product_tag":[],"class_list":{"0":"post-39147","1":"product","2":"type-product","3":"status-publish","4":"has-post-thumbnail","6":"product_brand-vichy","7":"product_cat-bronzage","9":"first","10":"instock","11":"sale","12":"shipping-taxable","13":"purchasable","14":"product-type-simple"},"yoast_head":"<!-- This site is optimized with the Yoast SEO plugin v26.6 - https:\/\/yoast.com\/wordpress\/plugins\/seo\/ -->\r\n<title>VICHY CAPITAL SOLEIL EAU DE PROTECTION SOLAIRE SPF 30 200 ML - Paracherkaoui.ma<\/title>\r\n<meta name=\"robots\" content=\"index, follow, max-snippet:-1, max-image-preview:large, max-video-preview:-1\" \/>\r\n<link rel=\"canonical\" href=\"https:\/\/paracherkaoui.ma\/index.php\/produit\/vichy-capital-soleil-eau-de-protection-solaire-spf-30-200-ml\/\" \/>\r\n<meta property=\"og:locale\" content=\"fr_FR\" \/>\r\n<meta property=\"og:type\" content=\"article\" \/>\r\n<meta property=\"og:title\" content=\"VICHY CAPITAL SOLEIL EAU DE PROTECTION SOLAIRE SPF 30 200 ML - Paracherkaoui.ma\" \/>\r\n<meta property=\"og:description\" content=\"Gr\u00e2ce \u00e0 son complexe antioxydant, enrichi en b\u00eata-carot\u00e8ne et vitamine E, cette formule prot\u00e8ge efficacement contre les UVA, UVB et\" \/>\r\n<meta property=\"og:url\" content=\"https:\/\/paracherkaoui.ma\/index.php\/produit\/vichy-capital-soleil-eau-de-protection-solaire-spf-30-200-ml\/\" \/>\r\n<meta property=\"og:site_name\" content=\"Paracherkaoui.ma\" \/>\r\n<meta property=\"article:modified_time\" content=\"2025-12-12T18:01:57+00:00\" \/>\r\n<meta property=\"og:image\" content=\"https:\/\/paracherkaoui.ma\/wp-content\/uploads\/2025\/12\/vichy-vichy-capital-soleil-eau-de-protection-solaire-spf-30-200-ml-bronzage.jpg\" \/>\r\n\t<meta property=\"og:image:width\" content=\"700\" \/>\r\n\t<meta property=\"og:image:height\" content=\"700\" \/>\r\n\t<meta property=\"og:image:type\" content=\"image\/jpeg\" \/>\r\n<meta name=\"twitter:card\" content=\"summary_large_image\" \/>\r\n<meta name=\"twitter:label1\" content=\"Dur\u00e9e de lecture estim\u00e9e\" \/>\n\t<meta name=\"twitter:data1\" content=\"1 minute\" \/>\r\n<script type=\"application\/ld+json\" class=\"yoast-schema-graph\">{\"@context\":\"https:\/\/schema.org\",\"@graph\":[{\"@type\":\"WebPage\",\"@id\":\"https:\/\/paracherkaoui.ma\/index.php\/produit\/vichy-capital-soleil-eau-de-protection-solaire-spf-30-200-ml\/\",\"url\":\"https:\/\/paracherkaoui.ma\/index.php\/produit\/vichy-capital-soleil-eau-de-protection-solaire-spf-30-200-ml\/\",\"name\":\"VICHY CAPITAL SOLEIL EAU DE PROTECTION SOLAIRE SPF 30 200 ML - Paracherkaoui.ma\",\"isPartOf\":{\"@id\":\"https:\/\/paracherkaoui.ma\/#website\"},\"primaryImageOfPage\":{\"@id\":\"https:\/\/paracherkaoui.ma\/index.php\/produit\/vichy-capital-soleil-eau-de-protection-solaire-spf-30-200-ml\/#primaryimage\"},\"image\":{\"@id\":\"https:\/\/paracherkaoui.ma\/index.php\/produit\/vichy-capital-soleil-eau-de-protection-solaire-spf-30-200-ml\/#primaryimage\"},\"thumbnailUrl\":\"https:\/\/paracherkaoui.ma\/wp-content\/uploads\/2025\/12\/vichy-vichy-capital-soleil-eau-de-protection-solaire-spf-30-200-ml-bronzage.jpg\",\"datePublished\":\"2025-12-12T18:01:54+00:00\",\"dateModified\":\"2025-12-12T18:01:57+00:00\",\"breadcrumb\":{\"@id\":\"https:\/\/paracherkaoui.ma\/index.php\/produit\/vichy-capital-soleil-eau-de-protection-solaire-spf-30-200-ml\/#breadcrumb\"},\"inLanguage\":\"fr-FR\",\"potentialAction\":[{\"@type\":\"ReadAction\",\"target\":[\"https:\/\/paracherkaoui.ma\/index.php\/produit\/vichy-capital-soleil-eau-de-protection-solaire-spf-30-200-ml\/\"]}]},{\"@type\":\"ImageObject\",\"inLanguage\":\"fr-FR\",\"@id\":\"https:\/\/paracherkaoui.ma\/index.php\/produit\/vichy-capital-soleil-eau-de-protection-solaire-spf-30-200-ml\/#primaryimage\",\"url\":\"https:\/\/paracherkaoui.ma\/wp-content\/uploads\/2025\/12\/vichy-vichy-capital-soleil-eau-de-protection-solaire-spf-30-200-ml-bronzage.jpg\",\"contentUrl\":\"https:\/\/paracherkaoui.ma\/wp-content\/uploads\/2025\/12\/vichy-vichy-capital-soleil-eau-de-protection-solaire-spf-30-200-ml-bronzage.jpg\",\"width\":700,\"height\":700},{\"@type\":\"BreadcrumbList\",\"@id\":\"https:\/\/paracherkaoui.ma\/index.php\/produit\/vichy-capital-soleil-eau-de-protection-solaire-spf-30-200-ml\/#breadcrumb\",\"itemListElement\":[{\"@type\":\"ListItem\",\"position\":1,\"name\":\"Accueil\",\"item\":\"https:\/\/paracherkaoui.ma\/\"},{\"@type\":\"ListItem\",\"position\":2,\"name\":\"Boutique\",\"item\":\"https:\/\/paracherkaoui.ma\/index.php\/boutique\/\"},{\"@type\":\"ListItem\",\"position\":3,\"name\":\"VICHY CAPITAL SOLEIL EAU DE PROTECTION SOLAIRE SPF 30 200 ML\"}]},{\"@type\":\"WebSite\",\"@id\":\"https:\/\/paracherkaoui.ma\/#website\",\"url\":\"https:\/\/paracherkaoui.ma\/\",\"name\":\"Paracherkaoui.ma\",\"description\":\"Achetez en ligne sur Paracherkaoui.ma\",\"potentialAction\":[{\"@type\":\"SearchAction\",\"target\":{\"@type\":\"EntryPoint\",\"urlTemplate\":\"https:\/\/paracherkaoui.ma\/?s={search_term_string}\"},\"query-input\":{\"@type\":\"PropertyValueSpecification\",\"valueRequired\":true,\"valueName\":\"search_term_string\"}}],\"inLanguage\":\"fr-FR\"}]}<\/script>\r\n<!-- \/ Yoast SEO plugin. -->","yoast_head_json":{"title":"VICHY CAPITAL SOLEIL EAU DE PROTECTION SOLAIRE SPF 30 200 ML - Paracherkaoui.ma","robots":{"index":"index","follow":"follow","max-snippet":"max-snippet:-1","max-image-preview":"max-image-preview:large","max-video-preview":"max-video-preview:-1"},"canonical":"https:\/\/paracherkaoui.ma\/index.php\/produit\/vichy-capital-soleil-eau-de-protection-solaire-spf-30-200-ml\/","og_locale":"fr_FR","og_type":"article","og_title":"VICHY CAPITAL SOLEIL EAU DE PROTECTION SOLAIRE SPF 30 200 ML - Paracherkaoui.ma","og_description":"Gr\u00e2ce \u00e0 son complexe antioxydant, enrichi en b\u00eata-carot\u00e8ne et vitamine E, cette formule prot\u00e8ge efficacement contre les UVA, UVB et","og_url":"https:\/\/paracherkaoui.ma\/index.php\/produit\/vichy-capital-soleil-eau-de-protection-solaire-spf-30-200-ml\/","og_site_name":"Paracherkaoui.ma","article_modified_time":"2025-12-12T18:01:57+00:00","og_image":[{"width":700,"height":700,"url":"https:\/\/paracherkaoui.ma\/wp-content\/uploads\/2025\/12\/vichy-vichy-capital-soleil-eau-de-protection-solaire-spf-30-200-ml-bronzage.jpg","type":"image\/jpeg"}],"twitter_card":"summary_large_image","twitter_misc":{"Dur\u00e9e de lecture estim\u00e9e":"1 minute"},"schema":{"@context":"https:\/\/schema.org","@graph":[{"@type":"WebPage","@id":"https:\/\/paracherkaoui.ma\/index.php\/produit\/vichy-capital-soleil-eau-de-protection-solaire-spf-30-200-ml\/","url":"https:\/\/paracherkaoui.ma\/index.php\/produit\/vichy-capital-soleil-eau-de-protection-solaire-spf-30-200-ml\/","name":"VICHY CAPITAL SOLEIL EAU DE PROTECTION SOLAIRE SPF 30 200 ML - Paracherkaoui.ma","isPartOf":{"@id":"https:\/\/paracherkaoui.ma\/#website"},"primaryImageOfPage":{"@id":"https:\/\/paracherkaoui.ma\/index.php\/produit\/vichy-capital-soleil-eau-de-protection-solaire-spf-30-200-ml\/#primaryimage"},"image":{"@id":"https:\/\/paracherkaoui.ma\/index.php\/produit\/vichy-capital-soleil-eau-de-protection-solaire-spf-30-200-ml\/#primaryimage"},"thumbnailUrl":"https:\/\/paracherkaoui.ma\/wp-content\/uploads\/2025\/12\/vichy-vichy-capital-soleil-eau-de-protection-solaire-spf-30-200-ml-bronzage.jpg","datePublished":"2025-12-12T18:01:54+00:00","dateModified":"2025-12-12T18:01:57+00:00","breadcrumb":{"@id":"https:\/\/paracherkaoui.ma\/index.php\/produit\/vichy-capital-soleil-eau-de-protection-solaire-spf-30-200-ml\/#breadcrumb"},"inLanguage":"fr-FR","potentialAction":[{"@type":"ReadAction","target":["https:\/\/paracherkaoui.ma\/index.php\/produit\/vichy-capital-soleil-eau-de-protection-solaire-spf-30-200-ml\/"]}]},{"@type":"ImageObject","inLanguage":"fr-FR","@id":"https:\/\/paracherkaoui.ma\/index.php\/produit\/vichy-capital-soleil-eau-de-protection-solaire-spf-30-200-ml\/#primaryimage","url":"https:\/\/paracherkaoui.ma\/wp-content\/uploads\/2025\/12\/vichy-vichy-capital-soleil-eau-de-protection-solaire-spf-30-200-ml-bronzage.jpg","contentUrl":"https:\/\/paracherkaoui.ma\/wp-content\/uploads\/2025\/12\/vichy-vichy-capital-soleil-eau-de-protection-solaire-spf-30-200-ml-bronzage.jpg","width":700,"height":700},{"@type":"BreadcrumbList","@id":"https:\/\/paracherkaoui.ma\/index.php\/produit\/vichy-capital-soleil-eau-de-protection-solaire-spf-30-200-ml\/#breadcrumb","itemListElement":[{"@type":"ListItem","position":1,"name":"Accueil","item":"https:\/\/paracherkaoui.ma\/"},{"@type":"ListItem","position":2,"name":"Boutique","item":"https:\/\/paracherkaoui.ma\/index.php\/boutique\/"},{"@type":"ListItem","position":3,"name":"VICHY CAPITAL SOLEIL EAU DE PROTECTION SOLAIRE SPF 30 200 ML"}]},{"@type":"WebSite","@id":"https:\/\/paracherkaoui.ma\/#website","url":"https:\/\/paracherkaoui.ma\/","name":"Paracherkaoui.ma","description":"Achetez en ligne sur Paracherkaoui.ma","potentialAction":[{"@type":"SearchAction","target":{"@type":"EntryPoint","urlTemplate":"https:\/\/paracherkaoui.ma\/?s={search_term_string}"},"query-input":{"@type":"PropertyValueSpecification","valueRequired":true,"valueName":"search_term_string"}}],"inLanguage":"fr-FR"}]}},"_links":{"self":[{"href":"https:\/\/paracherkaoui.ma\/index.php\/wp-json\/wp\/v2\/product\/39147","targetHints":{"allow":["GET"]}}],"collection":[{"href":"https:\/\/paracherkaoui.ma\/index.php\/wp-json\/wp\/v2\/product"}],"about":[{"href":"https:\/\/paracherkaoui.ma\/index.php\/wp-json\/wp\/v2\/types\/product"}],"replies":[{"embeddable":true,"href":"https:\/\/paracherkaoui.ma\/index.php\/wp-json\/wp\/v2\/comments?post=39147"}],"version-history":[{"count":1,"href":"https:\/\/paracherkaoui.ma\/index.php\/wp-json\/wp\/v2\/product\/39147\/revisions"}],"predecessor-version":[{"id":39181,"href":"https:\/\/paracherkaoui.ma\/index.php\/wp-json\/wp\/v2\/product\/39147\/revisions\/39181"}],"wp:featuredmedia":[{"embeddable":true,"href":"https:\/\/paracherkaoui.ma\/index.php\/wp-json\/wp\/v2\/media\/39180"}],"wp:attachment":[{"href":"https:\/\/paracherkaoui.ma\/index.php\/wp-json\/wp\/v2\/media?parent=39147"}],"wp:term":[{"taxonomy":"product_brand","embeddable":true,"href":"https:\/\/paracherkaoui.ma\/index.php\/wp-json\/wp\/v2\/product_brand?post=39147"},{"taxonomy":"product_cat","embeddable":true,"href":"https:\/\/paracherkaoui.ma\/index.php\/wp-json\/wp\/v2\/product_cat?post=39147"},{"taxonomy":"product_tag","embeddable":true,"href":"https:\/\/paracherkaoui.ma\/index.php\/wp-json\/wp\/v2\/product_tag?post=39147"}],"curies":[{"name":"wp","href":"https:\/\/api.w.org\/{rel}","templated":true}]}}