{"id":39146,"date":"2025-12-12T19:01:54","date_gmt":"2025-12-12T18:01:54","guid":{"rendered":"https:\/\/test.ecbeaute.com\/?post_type=product&#038;p=39146"},"modified":"2025-12-12T19:01:57","modified_gmt":"2025-12-12T18:01:57","slug":"nuxe-offre-nuxe-huile-bronzante-spf30-150-ml-lait-fraicheur-apres-soleil-100ml-offert-2","status":"publish","type":"product","link":"https:\/\/paracherkaoui.ma\/index.php\/produit\/nuxe-offre-nuxe-huile-bronzante-spf30-150-ml-lait-fraicheur-apres-soleil-100ml-offert-2\/","title":{"rendered":"NUXE OFFRE NUXE HUILE BRONZANTE SPF30 150 ML + LAIT FRAICHEUR APRES SOLEIL 100ML OFFERT"},"content":{"rendered":"<p>L\u2019huile bronzante Nuxe Sun visage et corps indice 30 est une huile solaire haute protection utilis\u00e9e pour prot\u00e9ger la peau des agressions du soleil et sublimer le bronzage. Elle est enrichie en extraits de fleurs aux propri\u00e9t\u00e9s hydratantes et protectrices.<\/p>\n<p>La formulation de cette huile bronzante Nuxe Sun visage et corps SPF 30 se compose de jacinthe d\u2019eau, de fleur de kau pe, de poudre de graine de caroube et de filtres UVA et UVB.<\/p>\n<p>La jacinthe d\u2019eau pr\u00e9sente dans cette huile est l\u00e0 pour prot\u00e9ger la peau contre la d\u00e9shydratation. En effet, l\u2019ol\u00e9oactif de jacinthe d\u2019eau obtenu par extraction des parties a\u00e9riennes de la plante, r\u00e9tablit la fonction de barri\u00e8re cutan\u00e9e, pour conserver une hydratation optimale des cellules de l\u2019\u00e9piderme, et prot\u00e9ger la peau des agressions du soleil.<\/p>\n<p>La fleur de kau pe, provenant des Iles Marquises, en plus de son parfum exceptionnel, qui rentre dans la fabrication du mono\u00ef, est riche en mucilages. Ces derniers lui octroient des propri\u00e9t\u00e9s calmantes et apaisantes id\u00e9ales pour les peaux expos\u00e9es longtemps au soleil, pour soulager les sensations d\u2019\u00e9chauffements.<\/p>\n<p>La poudre de graine de caroube est utilis\u00e9e ici pour stimuler le bronzage d\u00e8s la premi\u00e8re exposition\u00a0; elle va aider la peau \u00e0 dorer naturellement, pour obtenir un h\u00e2le radieux et un bronzage plus lumineux et durable. Riche en anti-oxydants, elle va \u00e9galement aider au renouvellement cellulaire et pr\u00e9venir le vieillissement pr\u00e9matur\u00e9 de la peau, ce qui est tr\u00e8s utile lorsqu\u2019on expose sa peau au soleil sur une longue p\u00e9riode.<\/p>\n<p>Avant l\u2019exposition, appliquez g\u00e9n\u00e9reusement l\u2019huile bronzante.<br \/>\nRenouvelez fr\u00e9quemment surtout apr\u00e8s avoir nag\u00e9 ou vous \u00eatre essuy\u00e9.<br \/>\nSi vous n\u2019appliquez pas suffisamment de produit, le niveau de protection solaire sera consid\u00e9rablement r\u00e9duit.<\/p>\n","protected":false},"excerpt":{"rendered":"<p>L\u2019huile bronzante Nuxe Sun visage et corps indice 30 est une huile solaire haute protection utilis\u00e9e pour prot\u00e9ger la peau<\/p>\n","protected":false},"featured_media":38866,"comment_status":"open","ping_status":"closed","template":"","meta":[],"product_brand":[230],"product_cat":[683],"product_tag":[],"class_list":{"0":"post-39146","1":"product","2":"type-product","3":"status-publish","4":"has-post-thumbnail","6":"product_brand-nuxe","7":"product_cat-bronzage","9":"first","10":"instock","11":"sale","12":"shipping-taxable","13":"purchasable","14":"product-type-simple"},"yoast_head":"<!-- This site is optimized with the Yoast SEO plugin v26.6 - https:\/\/yoast.com\/wordpress\/plugins\/seo\/ -->\r\n<title>NUXE OFFRE NUXE HUILE BRONZANTE SPF30 150 ML + LAIT FRAICHEUR APRES SOLEIL 100ML OFFERT - Paracherkaoui.ma<\/title>\r\n<meta name=\"robots\" content=\"index, follow, max-snippet:-1, max-image-preview:large, max-video-preview:-1\" \/>\r\n<link rel=\"canonical\" href=\"https:\/\/paracherkaoui.ma\/index.php\/produit\/nuxe-offre-nuxe-huile-bronzante-spf30-150-ml-lait-fraicheur-apres-soleil-100ml-offert-2\/\" \/>\r\n<meta property=\"og:locale\" content=\"fr_FR\" \/>\r\n<meta property=\"og:type\" content=\"article\" \/>\r\n<meta property=\"og:title\" content=\"NUXE OFFRE NUXE HUILE BRONZANTE SPF30 150 ML + LAIT FRAICHEUR APRES SOLEIL 100ML OFFERT - Paracherkaoui.ma\" \/>\r\n<meta property=\"og:description\" content=\"L\u2019huile bronzante Nuxe Sun visage et corps indice 30 est une huile solaire haute protection utilis\u00e9e pour prot\u00e9ger la peau\" \/>\r\n<meta property=\"og:url\" content=\"https:\/\/paracherkaoui.ma\/index.php\/produit\/nuxe-offre-nuxe-huile-bronzante-spf30-150-ml-lait-fraicheur-apres-soleil-100ml-offert-2\/\" \/>\r\n<meta property=\"og:site_name\" content=\"Paracherkaoui.ma\" \/>\r\n<meta property=\"article:modified_time\" content=\"2025-12-12T18:01:57+00:00\" \/>\r\n<meta property=\"og:image\" content=\"https:\/\/paracherkaoui.ma\/wp-content\/uploads\/2025\/12\/nuxe-offre-nuxe-huile-bronzante-spf30-150-ml-lait-fraicheur-apres-soleil-100ml-offert.jpg\" \/>\r\n\t<meta property=\"og:image:width\" content=\"700\" \/>\r\n\t<meta property=\"og:image:height\" content=\"700\" \/>\r\n\t<meta property=\"og:image:type\" content=\"image\/jpeg\" \/>\r\n<meta name=\"twitter:card\" content=\"summary_large_image\" \/>\r\n<meta name=\"twitter:label1\" content=\"Dur\u00e9e de lecture estim\u00e9e\" \/>\n\t<meta name=\"twitter:data1\" content=\"2 minutes\" \/>\r\n<script type=\"application\/ld+json\" class=\"yoast-schema-graph\">{\"@context\":\"https:\/\/schema.org\",\"@graph\":[{\"@type\":\"WebPage\",\"@id\":\"https:\/\/paracherkaoui.ma\/index.php\/produit\/nuxe-offre-nuxe-huile-bronzante-spf30-150-ml-lait-fraicheur-apres-soleil-100ml-offert-2\/\",\"url\":\"https:\/\/paracherkaoui.ma\/index.php\/produit\/nuxe-offre-nuxe-huile-bronzante-spf30-150-ml-lait-fraicheur-apres-soleil-100ml-offert-2\/\",\"name\":\"NUXE OFFRE NUXE HUILE BRONZANTE SPF30 150 ML + LAIT FRAICHEUR APRES SOLEIL 100ML OFFERT - Paracherkaoui.ma\",\"isPartOf\":{\"@id\":\"https:\/\/paracherkaoui.ma\/#website\"},\"primaryImageOfPage\":{\"@id\":\"https:\/\/paracherkaoui.ma\/index.php\/produit\/nuxe-offre-nuxe-huile-bronzante-spf30-150-ml-lait-fraicheur-apres-soleil-100ml-offert-2\/#primaryimage\"},\"image\":{\"@id\":\"https:\/\/paracherkaoui.ma\/index.php\/produit\/nuxe-offre-nuxe-huile-bronzante-spf30-150-ml-lait-fraicheur-apres-soleil-100ml-offert-2\/#primaryimage\"},\"thumbnailUrl\":\"https:\/\/paracherkaoui.ma\/wp-content\/uploads\/2025\/12\/nuxe-offre-nuxe-huile-bronzante-spf30-150-ml-lait-fraicheur-apres-soleil-100ml-offert.jpg\",\"datePublished\":\"2025-12-12T18:01:54+00:00\",\"dateModified\":\"2025-12-12T18:01:57+00:00\",\"breadcrumb\":{\"@id\":\"https:\/\/paracherkaoui.ma\/index.php\/produit\/nuxe-offre-nuxe-huile-bronzante-spf30-150-ml-lait-fraicheur-apres-soleil-100ml-offert-2\/#breadcrumb\"},\"inLanguage\":\"fr-FR\",\"potentialAction\":[{\"@type\":\"ReadAction\",\"target\":[\"https:\/\/paracherkaoui.ma\/index.php\/produit\/nuxe-offre-nuxe-huile-bronzante-spf30-150-ml-lait-fraicheur-apres-soleil-100ml-offert-2\/\"]}]},{\"@type\":\"ImageObject\",\"inLanguage\":\"fr-FR\",\"@id\":\"https:\/\/paracherkaoui.ma\/index.php\/produit\/nuxe-offre-nuxe-huile-bronzante-spf30-150-ml-lait-fraicheur-apres-soleil-100ml-offert-2\/#primaryimage\",\"url\":\"https:\/\/paracherkaoui.ma\/wp-content\/uploads\/2025\/12\/nuxe-offre-nuxe-huile-bronzante-spf30-150-ml-lait-fraicheur-apres-soleil-100ml-offert.jpg\",\"contentUrl\":\"https:\/\/paracherkaoui.ma\/wp-content\/uploads\/2025\/12\/nuxe-offre-nuxe-huile-bronzante-spf30-150-ml-lait-fraicheur-apres-soleil-100ml-offert.jpg\",\"width\":700,\"height\":700},{\"@type\":\"BreadcrumbList\",\"@id\":\"https:\/\/paracherkaoui.ma\/index.php\/produit\/nuxe-offre-nuxe-huile-bronzante-spf30-150-ml-lait-fraicheur-apres-soleil-100ml-offert-2\/#breadcrumb\",\"itemListElement\":[{\"@type\":\"ListItem\",\"position\":1,\"name\":\"Accueil\",\"item\":\"https:\/\/paracherkaoui.ma\/\"},{\"@type\":\"ListItem\",\"position\":2,\"name\":\"Boutique\",\"item\":\"https:\/\/paracherkaoui.ma\/index.php\/boutique\/\"},{\"@type\":\"ListItem\",\"position\":3,\"name\":\"NUXE OFFRE NUXE HUILE BRONZANTE SPF30 150 ML + LAIT FRAICHEUR APRES SOLEIL 100ML OFFERT\"}]},{\"@type\":\"WebSite\",\"@id\":\"https:\/\/paracherkaoui.ma\/#website\",\"url\":\"https:\/\/paracherkaoui.ma\/\",\"name\":\"Paracherkaoui.ma\",\"description\":\"Achetez en ligne sur Paracherkaoui.ma\",\"potentialAction\":[{\"@type\":\"SearchAction\",\"target\":{\"@type\":\"EntryPoint\",\"urlTemplate\":\"https:\/\/paracherkaoui.ma\/?s={search_term_string}\"},\"query-input\":{\"@type\":\"PropertyValueSpecification\",\"valueRequired\":true,\"valueName\":\"search_term_string\"}}],\"inLanguage\":\"fr-FR\"}]}<\/script>\r\n<!-- \/ Yoast SEO plugin. -->","yoast_head_json":{"title":"NUXE OFFRE NUXE HUILE BRONZANTE SPF30 150 ML + LAIT FRAICHEUR APRES SOLEIL 100ML OFFERT - Paracherkaoui.ma","robots":{"index":"index","follow":"follow","max-snippet":"max-snippet:-1","max-image-preview":"max-image-preview:large","max-video-preview":"max-video-preview:-1"},"canonical":"https:\/\/paracherkaoui.ma\/index.php\/produit\/nuxe-offre-nuxe-huile-bronzante-spf30-150-ml-lait-fraicheur-apres-soleil-100ml-offert-2\/","og_locale":"fr_FR","og_type":"article","og_title":"NUXE OFFRE NUXE HUILE BRONZANTE SPF30 150 ML + LAIT FRAICHEUR APRES SOLEIL 100ML OFFERT - Paracherkaoui.ma","og_description":"L\u2019huile bronzante Nuxe Sun visage et corps indice 30 est une huile solaire haute protection utilis\u00e9e pour prot\u00e9ger la peau","og_url":"https:\/\/paracherkaoui.ma\/index.php\/produit\/nuxe-offre-nuxe-huile-bronzante-spf30-150-ml-lait-fraicheur-apres-soleil-100ml-offert-2\/","og_site_name":"Paracherkaoui.ma","article_modified_time":"2025-12-12T18:01:57+00:00","og_image":[{"width":700,"height":700,"url":"https:\/\/paracherkaoui.ma\/wp-content\/uploads\/2025\/12\/nuxe-offre-nuxe-huile-bronzante-spf30-150-ml-lait-fraicheur-apres-soleil-100ml-offert.jpg","type":"image\/jpeg"}],"twitter_card":"summary_large_image","twitter_misc":{"Dur\u00e9e de lecture estim\u00e9e":"2 minutes"},"schema":{"@context":"https:\/\/schema.org","@graph":[{"@type":"WebPage","@id":"https:\/\/paracherkaoui.ma\/index.php\/produit\/nuxe-offre-nuxe-huile-bronzante-spf30-150-ml-lait-fraicheur-apres-soleil-100ml-offert-2\/","url":"https:\/\/paracherkaoui.ma\/index.php\/produit\/nuxe-offre-nuxe-huile-bronzante-spf30-150-ml-lait-fraicheur-apres-soleil-100ml-offert-2\/","name":"NUXE OFFRE NUXE HUILE BRONZANTE SPF30 150 ML + LAIT FRAICHEUR APRES SOLEIL 100ML OFFERT - Paracherkaoui.ma","isPartOf":{"@id":"https:\/\/paracherkaoui.ma\/#website"},"primaryImageOfPage":{"@id":"https:\/\/paracherkaoui.ma\/index.php\/produit\/nuxe-offre-nuxe-huile-bronzante-spf30-150-ml-lait-fraicheur-apres-soleil-100ml-offert-2\/#primaryimage"},"image":{"@id":"https:\/\/paracherkaoui.ma\/index.php\/produit\/nuxe-offre-nuxe-huile-bronzante-spf30-150-ml-lait-fraicheur-apres-soleil-100ml-offert-2\/#primaryimage"},"thumbnailUrl":"https:\/\/paracherkaoui.ma\/wp-content\/uploads\/2025\/12\/nuxe-offre-nuxe-huile-bronzante-spf30-150-ml-lait-fraicheur-apres-soleil-100ml-offert.jpg","datePublished":"2025-12-12T18:01:54+00:00","dateModified":"2025-12-12T18:01:57+00:00","breadcrumb":{"@id":"https:\/\/paracherkaoui.ma\/index.php\/produit\/nuxe-offre-nuxe-huile-bronzante-spf30-150-ml-lait-fraicheur-apres-soleil-100ml-offert-2\/#breadcrumb"},"inLanguage":"fr-FR","potentialAction":[{"@type":"ReadAction","target":["https:\/\/paracherkaoui.ma\/index.php\/produit\/nuxe-offre-nuxe-huile-bronzante-spf30-150-ml-lait-fraicheur-apres-soleil-100ml-offert-2\/"]}]},{"@type":"ImageObject","inLanguage":"fr-FR","@id":"https:\/\/paracherkaoui.ma\/index.php\/produit\/nuxe-offre-nuxe-huile-bronzante-spf30-150-ml-lait-fraicheur-apres-soleil-100ml-offert-2\/#primaryimage","url":"https:\/\/paracherkaoui.ma\/wp-content\/uploads\/2025\/12\/nuxe-offre-nuxe-huile-bronzante-spf30-150-ml-lait-fraicheur-apres-soleil-100ml-offert.jpg","contentUrl":"https:\/\/paracherkaoui.ma\/wp-content\/uploads\/2025\/12\/nuxe-offre-nuxe-huile-bronzante-spf30-150-ml-lait-fraicheur-apres-soleil-100ml-offert.jpg","width":700,"height":700},{"@type":"BreadcrumbList","@id":"https:\/\/paracherkaoui.ma\/index.php\/produit\/nuxe-offre-nuxe-huile-bronzante-spf30-150-ml-lait-fraicheur-apres-soleil-100ml-offert-2\/#breadcrumb","itemListElement":[{"@type":"ListItem","position":1,"name":"Accueil","item":"https:\/\/paracherkaoui.ma\/"},{"@type":"ListItem","position":2,"name":"Boutique","item":"https:\/\/paracherkaoui.ma\/index.php\/boutique\/"},{"@type":"ListItem","position":3,"name":"NUXE OFFRE NUXE HUILE BRONZANTE SPF30 150 ML + LAIT FRAICHEUR APRES SOLEIL 100ML OFFERT"}]},{"@type":"WebSite","@id":"https:\/\/paracherkaoui.ma\/#website","url":"https:\/\/paracherkaoui.ma\/","name":"Paracherkaoui.ma","description":"Achetez en ligne sur Paracherkaoui.ma","potentialAction":[{"@type":"SearchAction","target":{"@type":"EntryPoint","urlTemplate":"https:\/\/paracherkaoui.ma\/?s={search_term_string}"},"query-input":{"@type":"PropertyValueSpecification","valueRequired":true,"valueName":"search_term_string"}}],"inLanguage":"fr-FR"}]}},"_links":{"self":[{"href":"https:\/\/paracherkaoui.ma\/index.php\/wp-json\/wp\/v2\/product\/39146","targetHints":{"allow":["GET"]}}],"collection":[{"href":"https:\/\/paracherkaoui.ma\/index.php\/wp-json\/wp\/v2\/product"}],"about":[{"href":"https:\/\/paracherkaoui.ma\/index.php\/wp-json\/wp\/v2\/types\/product"}],"replies":[{"embeddable":true,"href":"https:\/\/paracherkaoui.ma\/index.php\/wp-json\/wp\/v2\/comments?post=39146"}],"version-history":[{"count":1,"href":"https:\/\/paracherkaoui.ma\/index.php\/wp-json\/wp\/v2\/product\/39146\/revisions"}],"predecessor-version":[{"id":39179,"href":"https:\/\/paracherkaoui.ma\/index.php\/wp-json\/wp\/v2\/product\/39146\/revisions\/39179"}],"wp:featuredmedia":[{"embeddable":true,"href":"https:\/\/paracherkaoui.ma\/index.php\/wp-json\/wp\/v2\/media\/38866"}],"wp:attachment":[{"href":"https:\/\/paracherkaoui.ma\/index.php\/wp-json\/wp\/v2\/media?parent=39146"}],"wp:term":[{"taxonomy":"product_brand","embeddable":true,"href":"https:\/\/paracherkaoui.ma\/index.php\/wp-json\/wp\/v2\/product_brand?post=39146"},{"taxonomy":"product_cat","embeddable":true,"href":"https:\/\/paracherkaoui.ma\/index.php\/wp-json\/wp\/v2\/product_cat?post=39146"},{"taxonomy":"product_tag","embeddable":true,"href":"https:\/\/paracherkaoui.ma\/index.php\/wp-json\/wp\/v2\/product_tag?post=39146"}],"curies":[{"name":"wp","href":"https:\/\/api.w.org\/{rel}","templated":true}]}}