{"id":39142,"date":"2025-12-12T19:01:54","date_gmt":"2025-12-12T18:01:54","guid":{"rendered":"https:\/\/test.ecbeaute.com\/?post_type=product&#038;p=39142"},"modified":"2025-12-12T19:01:56","modified_gmt":"2025-12-12T18:01:56","slug":"hei-poa-spray-lacte-apres-soleil-150ml","status":"publish","type":"product","link":"https:\/\/paracherkaoui.ma\/index.php\/produit\/hei-poa-spray-lacte-apres-soleil-150ml\/","title":{"rendered":"HEI POA SPRAY LACTE APRES SOLEIL 150ML"},"content":{"rendered":"<p>Spray Lact\u00e9 Apr\u00e8s-soleil\u00a0de Hei Poa contenant du Mono\u00ef de Tahiti et de l&rsquo;alo\u00e9 v\u00e9ra\u00a0apaise et calme les sensations d&rsquo;\u00e9chauffement li\u00e9s \u00e0 l&rsquo;exposition du soleil. Sa formule contenant du Menthyl lactate offre un effet froid tr\u00e8s rafraichissant. L&rsquo;Aloe Vera offre son bienfait apaisant. Ce lait apr\u00e8s soleil est enrichi en Mono\u00ef de Tahiti AO pour\u00a0hydrater* et nourrir\u00a0la peau sous un parfum subtil de fleurs de tiar\u00e9.<br \/>\nAvec sa texture fluide et l\u00e9g\u00e8re alliant le Phototan, un actif prolongateur de bronzage, ce soin ne colle pas la peau et aide \u00e0 prolonger efficacement le bronzage.<br \/>\nConseils d&rsquo;utilisation:<br \/>\nVous pouvez l&rsquo;appliquer, en couche g\u00e9n\u00e9reuse sur l&rsquo;ensemble de votre corps apr\u00e8s chaque exposition au soleil, afin de d&rsquo;apaiser et hydrater votre peau.<\/p>\n","protected":false},"excerpt":{"rendered":"<p>Spray Lact\u00e9 Apr\u00e8s-soleil\u00a0de Hei Poa contenant du Mono\u00ef de Tahiti et de l&rsquo;alo\u00e9 v\u00e9ra\u00a0apaise et calme les sensations d&rsquo;\u00e9chauffement li\u00e9s<\/p>\n","protected":false},"featured_media":39173,"comment_status":"open","ping_status":"closed","template":"","meta":[],"product_brand":[274],"product_cat":[681],"product_tag":[],"class_list":{"0":"post-39142","1":"product","2":"type-product","3":"status-publish","4":"has-post-thumbnail","6":"product_brand-hei-poa","7":"product_cat-apres-soleil","9":"first","10":"instock","11":"sale","12":"shipping-taxable","13":"purchasable","14":"product-type-simple"},"yoast_head":"<!-- This site is optimized with the Yoast SEO plugin v26.6 - https:\/\/yoast.com\/wordpress\/plugins\/seo\/ -->\r\n<title>HEI POA SPRAY LACTE APRES SOLEIL 150ML - Paracherkaoui.ma<\/title>\r\n<meta name=\"robots\" content=\"index, follow, max-snippet:-1, max-image-preview:large, max-video-preview:-1\" \/>\r\n<link rel=\"canonical\" href=\"https:\/\/paracherkaoui.ma\/index.php\/produit\/hei-poa-spray-lacte-apres-soleil-150ml\/\" \/>\r\n<meta property=\"og:locale\" content=\"fr_FR\" \/>\r\n<meta property=\"og:type\" content=\"article\" \/>\r\n<meta property=\"og:title\" content=\"HEI POA SPRAY LACTE APRES SOLEIL 150ML - Paracherkaoui.ma\" \/>\r\n<meta property=\"og:description\" content=\"Spray Lact\u00e9 Apr\u00e8s-soleil\u00a0de Hei Poa contenant du Mono\u00ef de Tahiti et de l&rsquo;alo\u00e9 v\u00e9ra\u00a0apaise et calme les sensations d&rsquo;\u00e9chauffement li\u00e9s\" \/>\r\n<meta property=\"og:url\" content=\"https:\/\/paracherkaoui.ma\/index.php\/produit\/hei-poa-spray-lacte-apres-soleil-150ml\/\" \/>\r\n<meta property=\"og:site_name\" content=\"Paracherkaoui.ma\" \/>\r\n<meta property=\"article:modified_time\" content=\"2025-12-12T18:01:56+00:00\" \/>\r\n<meta property=\"og:image\" content=\"https:\/\/paracherkaoui.ma\/wp-content\/uploads\/2025\/12\/hei-poa-hei-poa-spray-lacte-apres-soleil-150ml-apres-soleil.jpg\" \/>\r\n\t<meta property=\"og:image:width\" content=\"700\" \/>\r\n\t<meta property=\"og:image:height\" content=\"700\" \/>\r\n\t<meta property=\"og:image:type\" content=\"image\/jpeg\" \/>\r\n<meta name=\"twitter:card\" content=\"summary_large_image\" \/>\r\n<meta name=\"twitter:label1\" content=\"Dur\u00e9e de lecture estim\u00e9e\" \/>\n\t<meta name=\"twitter:data1\" content=\"1 minute\" \/>\r\n<script type=\"application\/ld+json\" class=\"yoast-schema-graph\">{\"@context\":\"https:\/\/schema.org\",\"@graph\":[{\"@type\":\"WebPage\",\"@id\":\"https:\/\/paracherkaoui.ma\/index.php\/produit\/hei-poa-spray-lacte-apres-soleil-150ml\/\",\"url\":\"https:\/\/paracherkaoui.ma\/index.php\/produit\/hei-poa-spray-lacte-apres-soleil-150ml\/\",\"name\":\"HEI POA SPRAY LACTE APRES SOLEIL 150ML - Paracherkaoui.ma\",\"isPartOf\":{\"@id\":\"https:\/\/paracherkaoui.ma\/#website\"},\"primaryImageOfPage\":{\"@id\":\"https:\/\/paracherkaoui.ma\/index.php\/produit\/hei-poa-spray-lacte-apres-soleil-150ml\/#primaryimage\"},\"image\":{\"@id\":\"https:\/\/paracherkaoui.ma\/index.php\/produit\/hei-poa-spray-lacte-apres-soleil-150ml\/#primaryimage\"},\"thumbnailUrl\":\"https:\/\/paracherkaoui.ma\/wp-content\/uploads\/2025\/12\/hei-poa-hei-poa-spray-lacte-apres-soleil-150ml-apres-soleil.jpg\",\"datePublished\":\"2025-12-12T18:01:54+00:00\",\"dateModified\":\"2025-12-12T18:01:56+00:00\",\"breadcrumb\":{\"@id\":\"https:\/\/paracherkaoui.ma\/index.php\/produit\/hei-poa-spray-lacte-apres-soleil-150ml\/#breadcrumb\"},\"inLanguage\":\"fr-FR\",\"potentialAction\":[{\"@type\":\"ReadAction\",\"target\":[\"https:\/\/paracherkaoui.ma\/index.php\/produit\/hei-poa-spray-lacte-apres-soleil-150ml\/\"]}]},{\"@type\":\"ImageObject\",\"inLanguage\":\"fr-FR\",\"@id\":\"https:\/\/paracherkaoui.ma\/index.php\/produit\/hei-poa-spray-lacte-apres-soleil-150ml\/#primaryimage\",\"url\":\"https:\/\/paracherkaoui.ma\/wp-content\/uploads\/2025\/12\/hei-poa-hei-poa-spray-lacte-apres-soleil-150ml-apres-soleil.jpg\",\"contentUrl\":\"https:\/\/paracherkaoui.ma\/wp-content\/uploads\/2025\/12\/hei-poa-hei-poa-spray-lacte-apres-soleil-150ml-apres-soleil.jpg\",\"width\":700,\"height\":700},{\"@type\":\"BreadcrumbList\",\"@id\":\"https:\/\/paracherkaoui.ma\/index.php\/produit\/hei-poa-spray-lacte-apres-soleil-150ml\/#breadcrumb\",\"itemListElement\":[{\"@type\":\"ListItem\",\"position\":1,\"name\":\"Accueil\",\"item\":\"https:\/\/paracherkaoui.ma\/\"},{\"@type\":\"ListItem\",\"position\":2,\"name\":\"Boutique\",\"item\":\"https:\/\/paracherkaoui.ma\/index.php\/boutique\/\"},{\"@type\":\"ListItem\",\"position\":3,\"name\":\"HEI POA SPRAY LACTE APRES SOLEIL 150ML\"}]},{\"@type\":\"WebSite\",\"@id\":\"https:\/\/paracherkaoui.ma\/#website\",\"url\":\"https:\/\/paracherkaoui.ma\/\",\"name\":\"Paracherkaoui.ma\",\"description\":\"Achetez en ligne sur Paracherkaoui.ma\",\"potentialAction\":[{\"@type\":\"SearchAction\",\"target\":{\"@type\":\"EntryPoint\",\"urlTemplate\":\"https:\/\/paracherkaoui.ma\/?s={search_term_string}\"},\"query-input\":{\"@type\":\"PropertyValueSpecification\",\"valueRequired\":true,\"valueName\":\"search_term_string\"}}],\"inLanguage\":\"fr-FR\"}]}<\/script>\r\n<!-- \/ Yoast SEO plugin. -->","yoast_head_json":{"title":"HEI POA SPRAY LACTE APRES SOLEIL 150ML - Paracherkaoui.ma","robots":{"index":"index","follow":"follow","max-snippet":"max-snippet:-1","max-image-preview":"max-image-preview:large","max-video-preview":"max-video-preview:-1"},"canonical":"https:\/\/paracherkaoui.ma\/index.php\/produit\/hei-poa-spray-lacte-apres-soleil-150ml\/","og_locale":"fr_FR","og_type":"article","og_title":"HEI POA SPRAY LACTE APRES SOLEIL 150ML - Paracherkaoui.ma","og_description":"Spray Lact\u00e9 Apr\u00e8s-soleil\u00a0de Hei Poa contenant du Mono\u00ef de Tahiti et de l&rsquo;alo\u00e9 v\u00e9ra\u00a0apaise et calme les sensations d&rsquo;\u00e9chauffement li\u00e9s","og_url":"https:\/\/paracherkaoui.ma\/index.php\/produit\/hei-poa-spray-lacte-apres-soleil-150ml\/","og_site_name":"Paracherkaoui.ma","article_modified_time":"2025-12-12T18:01:56+00:00","og_image":[{"width":700,"height":700,"url":"https:\/\/paracherkaoui.ma\/wp-content\/uploads\/2025\/12\/hei-poa-hei-poa-spray-lacte-apres-soleil-150ml-apres-soleil.jpg","type":"image\/jpeg"}],"twitter_card":"summary_large_image","twitter_misc":{"Dur\u00e9e de lecture estim\u00e9e":"1 minute"},"schema":{"@context":"https:\/\/schema.org","@graph":[{"@type":"WebPage","@id":"https:\/\/paracherkaoui.ma\/index.php\/produit\/hei-poa-spray-lacte-apres-soleil-150ml\/","url":"https:\/\/paracherkaoui.ma\/index.php\/produit\/hei-poa-spray-lacte-apres-soleil-150ml\/","name":"HEI POA SPRAY LACTE APRES SOLEIL 150ML - Paracherkaoui.ma","isPartOf":{"@id":"https:\/\/paracherkaoui.ma\/#website"},"primaryImageOfPage":{"@id":"https:\/\/paracherkaoui.ma\/index.php\/produit\/hei-poa-spray-lacte-apres-soleil-150ml\/#primaryimage"},"image":{"@id":"https:\/\/paracherkaoui.ma\/index.php\/produit\/hei-poa-spray-lacte-apres-soleil-150ml\/#primaryimage"},"thumbnailUrl":"https:\/\/paracherkaoui.ma\/wp-content\/uploads\/2025\/12\/hei-poa-hei-poa-spray-lacte-apres-soleil-150ml-apres-soleil.jpg","datePublished":"2025-12-12T18:01:54+00:00","dateModified":"2025-12-12T18:01:56+00:00","breadcrumb":{"@id":"https:\/\/paracherkaoui.ma\/index.php\/produit\/hei-poa-spray-lacte-apres-soleil-150ml\/#breadcrumb"},"inLanguage":"fr-FR","potentialAction":[{"@type":"ReadAction","target":["https:\/\/paracherkaoui.ma\/index.php\/produit\/hei-poa-spray-lacte-apres-soleil-150ml\/"]}]},{"@type":"ImageObject","inLanguage":"fr-FR","@id":"https:\/\/paracherkaoui.ma\/index.php\/produit\/hei-poa-spray-lacte-apres-soleil-150ml\/#primaryimage","url":"https:\/\/paracherkaoui.ma\/wp-content\/uploads\/2025\/12\/hei-poa-hei-poa-spray-lacte-apres-soleil-150ml-apres-soleil.jpg","contentUrl":"https:\/\/paracherkaoui.ma\/wp-content\/uploads\/2025\/12\/hei-poa-hei-poa-spray-lacte-apres-soleil-150ml-apres-soleil.jpg","width":700,"height":700},{"@type":"BreadcrumbList","@id":"https:\/\/paracherkaoui.ma\/index.php\/produit\/hei-poa-spray-lacte-apres-soleil-150ml\/#breadcrumb","itemListElement":[{"@type":"ListItem","position":1,"name":"Accueil","item":"https:\/\/paracherkaoui.ma\/"},{"@type":"ListItem","position":2,"name":"Boutique","item":"https:\/\/paracherkaoui.ma\/index.php\/boutique\/"},{"@type":"ListItem","position":3,"name":"HEI POA SPRAY LACTE APRES SOLEIL 150ML"}]},{"@type":"WebSite","@id":"https:\/\/paracherkaoui.ma\/#website","url":"https:\/\/paracherkaoui.ma\/","name":"Paracherkaoui.ma","description":"Achetez en ligne sur Paracherkaoui.ma","potentialAction":[{"@type":"SearchAction","target":{"@type":"EntryPoint","urlTemplate":"https:\/\/paracherkaoui.ma\/?s={search_term_string}"},"query-input":{"@type":"PropertyValueSpecification","valueRequired":true,"valueName":"search_term_string"}}],"inLanguage":"fr-FR"}]}},"_links":{"self":[{"href":"https:\/\/paracherkaoui.ma\/index.php\/wp-json\/wp\/v2\/product\/39142","targetHints":{"allow":["GET"]}}],"collection":[{"href":"https:\/\/paracherkaoui.ma\/index.php\/wp-json\/wp\/v2\/product"}],"about":[{"href":"https:\/\/paracherkaoui.ma\/index.php\/wp-json\/wp\/v2\/types\/product"}],"replies":[{"embeddable":true,"href":"https:\/\/paracherkaoui.ma\/index.php\/wp-json\/wp\/v2\/comments?post=39142"}],"version-history":[{"count":1,"href":"https:\/\/paracherkaoui.ma\/index.php\/wp-json\/wp\/v2\/product\/39142\/revisions"}],"predecessor-version":[{"id":39174,"href":"https:\/\/paracherkaoui.ma\/index.php\/wp-json\/wp\/v2\/product\/39142\/revisions\/39174"}],"wp:featuredmedia":[{"embeddable":true,"href":"https:\/\/paracherkaoui.ma\/index.php\/wp-json\/wp\/v2\/media\/39173"}],"wp:attachment":[{"href":"https:\/\/paracherkaoui.ma\/index.php\/wp-json\/wp\/v2\/media?parent=39142"}],"wp:term":[{"taxonomy":"product_brand","embeddable":true,"href":"https:\/\/paracherkaoui.ma\/index.php\/wp-json\/wp\/v2\/product_brand?post=39142"},{"taxonomy":"product_cat","embeddable":true,"href":"https:\/\/paracherkaoui.ma\/index.php\/wp-json\/wp\/v2\/product_cat?post=39142"},{"taxonomy":"product_tag","embeddable":true,"href":"https:\/\/paracherkaoui.ma\/index.php\/wp-json\/wp\/v2\/product_tag?post=39142"}],"curies":[{"name":"wp","href":"https:\/\/api.w.org\/{rel}","templated":true}]}}