{"id":39084,"date":"2025-12-12T19:01:46","date_gmt":"2025-12-12T18:01:46","guid":{"rendered":"https:\/\/test.ecbeaute.com\/?post_type=product&#038;p=39084"},"modified":"2025-12-12T19:01:53","modified_gmt":"2025-12-12T18:01:53","slug":"nuxe-sun-lait-fraicheur-apres-soleil-visage-et-corps-400-ml","status":"publish","type":"product","link":"https:\/\/paracherkaoui.ma\/index.php\/produit\/nuxe-sun-lait-fraicheur-apres-soleil-visage-et-corps-400-ml\/","title":{"rendered":"NUXE SUN LAIT FRAICHEUR APRES -SOLEIL VISAGE ET CORPS 400 ML"},"content":{"rendered":"<p>Ce lait apr\u00e8s-soleil visage et corps est le secret des peaux \u00e9chauff\u00e9es apr\u00e8s une journ\u00e9e d\u2019exposition. Sous l\u2019effet de son incroyable fra\u00eecheur, votre peau est r\u00e9par\u00e9e, apais\u00e9e et sublim\u00e9e, votre h\u00e2le prolong\u00e9 de 2 semaines.<br \/>\nSon parfum d&rsquo;\u00e9vasion aux notes d&rsquo;Orange douce, de Tiar\u00e9 et de Vanille est une irr\u00e9sistible invitation \u00e0 profiter de l&rsquo;\u00e9t\u00e9.<br \/>\nAppliquez g\u00e9n\u00e9reusement le lait chaque soir apr\u00e8s l\u2019exposition au soleil, puis au retour des vacances<\/p>\n","protected":false},"excerpt":{"rendered":"<p>Ce lait apr\u00e8s-soleil visage et corps est le secret des peaux \u00e9chauff\u00e9es apr\u00e8s une journ\u00e9e d\u2019exposition. Sous l\u2019effet de son<\/p>\n","protected":false},"featured_media":39138,"comment_status":"open","ping_status":"closed","template":"","meta":[],"product_brand":[230],"product_cat":[681],"product_tag":[],"class_list":{"0":"post-39084","1":"product","2":"type-product","3":"status-publish","4":"has-post-thumbnail","6":"product_brand-nuxe","7":"product_cat-apres-soleil","9":"first","10":"instock","11":"sale","12":"shipping-taxable","13":"purchasable","14":"product-type-simple"},"yoast_head":"<!-- This site is optimized with the Yoast SEO plugin v26.6 - https:\/\/yoast.com\/wordpress\/plugins\/seo\/ -->\r\n<title>NUXE SUN LAIT FRAICHEUR APRES -SOLEIL VISAGE ET CORPS 400 ML - Paracherkaoui.ma<\/title>\r\n<meta name=\"robots\" content=\"index, follow, max-snippet:-1, max-image-preview:large, max-video-preview:-1\" \/>\r\n<link rel=\"canonical\" href=\"https:\/\/paracherkaoui.ma\/index.php\/produit\/nuxe-sun-lait-fraicheur-apres-soleil-visage-et-corps-400-ml\/\" \/>\r\n<meta property=\"og:locale\" content=\"fr_FR\" \/>\r\n<meta property=\"og:type\" content=\"article\" \/>\r\n<meta property=\"og:title\" content=\"NUXE SUN LAIT FRAICHEUR APRES -SOLEIL VISAGE ET CORPS 400 ML - Paracherkaoui.ma\" \/>\r\n<meta property=\"og:description\" content=\"Ce lait apr\u00e8s-soleil visage et corps est le secret des peaux \u00e9chauff\u00e9es apr\u00e8s une journ\u00e9e d\u2019exposition. Sous l\u2019effet de son\" \/>\r\n<meta property=\"og:url\" content=\"https:\/\/paracherkaoui.ma\/index.php\/produit\/nuxe-sun-lait-fraicheur-apres-soleil-visage-et-corps-400-ml\/\" \/>\r\n<meta property=\"og:site_name\" content=\"Paracherkaoui.ma\" \/>\r\n<meta property=\"article:modified_time\" content=\"2025-12-12T18:01:53+00:00\" \/>\r\n<meta property=\"og:image\" content=\"https:\/\/paracherkaoui.ma\/wp-content\/uploads\/2025\/12\/nuxe-nuxe-sun-lait-fraicheur-apres-soleil-visage-et-corps-400-ml-apres-soleil.jpg\" \/>\r\n\t<meta property=\"og:image:width\" content=\"700\" \/>\r\n\t<meta property=\"og:image:height\" content=\"700\" \/>\r\n\t<meta property=\"og:image:type\" content=\"image\/jpeg\" \/>\r\n<meta name=\"twitter:card\" content=\"summary_large_image\" \/>\r\n<script type=\"application\/ld+json\" class=\"yoast-schema-graph\">{\"@context\":\"https:\/\/schema.org\",\"@graph\":[{\"@type\":\"WebPage\",\"@id\":\"https:\/\/paracherkaoui.ma\/index.php\/produit\/nuxe-sun-lait-fraicheur-apres-soleil-visage-et-corps-400-ml\/\",\"url\":\"https:\/\/paracherkaoui.ma\/index.php\/produit\/nuxe-sun-lait-fraicheur-apres-soleil-visage-et-corps-400-ml\/\",\"name\":\"NUXE SUN LAIT FRAICHEUR APRES -SOLEIL VISAGE ET CORPS 400 ML - Paracherkaoui.ma\",\"isPartOf\":{\"@id\":\"https:\/\/paracherkaoui.ma\/#website\"},\"primaryImageOfPage\":{\"@id\":\"https:\/\/paracherkaoui.ma\/index.php\/produit\/nuxe-sun-lait-fraicheur-apres-soleil-visage-et-corps-400-ml\/#primaryimage\"},\"image\":{\"@id\":\"https:\/\/paracherkaoui.ma\/index.php\/produit\/nuxe-sun-lait-fraicheur-apres-soleil-visage-et-corps-400-ml\/#primaryimage\"},\"thumbnailUrl\":\"https:\/\/paracherkaoui.ma\/wp-content\/uploads\/2025\/12\/nuxe-nuxe-sun-lait-fraicheur-apres-soleil-visage-et-corps-400-ml-apres-soleil.jpg\",\"datePublished\":\"2025-12-12T18:01:46+00:00\",\"dateModified\":\"2025-12-12T18:01:53+00:00\",\"breadcrumb\":{\"@id\":\"https:\/\/paracherkaoui.ma\/index.php\/produit\/nuxe-sun-lait-fraicheur-apres-soleil-visage-et-corps-400-ml\/#breadcrumb\"},\"inLanguage\":\"fr-FR\",\"potentialAction\":[{\"@type\":\"ReadAction\",\"target\":[\"https:\/\/paracherkaoui.ma\/index.php\/produit\/nuxe-sun-lait-fraicheur-apres-soleil-visage-et-corps-400-ml\/\"]}]},{\"@type\":\"ImageObject\",\"inLanguage\":\"fr-FR\",\"@id\":\"https:\/\/paracherkaoui.ma\/index.php\/produit\/nuxe-sun-lait-fraicheur-apres-soleil-visage-et-corps-400-ml\/#primaryimage\",\"url\":\"https:\/\/paracherkaoui.ma\/wp-content\/uploads\/2025\/12\/nuxe-nuxe-sun-lait-fraicheur-apres-soleil-visage-et-corps-400-ml-apres-soleil.jpg\",\"contentUrl\":\"https:\/\/paracherkaoui.ma\/wp-content\/uploads\/2025\/12\/nuxe-nuxe-sun-lait-fraicheur-apres-soleil-visage-et-corps-400-ml-apres-soleil.jpg\",\"width\":700,\"height\":700},{\"@type\":\"BreadcrumbList\",\"@id\":\"https:\/\/paracherkaoui.ma\/index.php\/produit\/nuxe-sun-lait-fraicheur-apres-soleil-visage-et-corps-400-ml\/#breadcrumb\",\"itemListElement\":[{\"@type\":\"ListItem\",\"position\":1,\"name\":\"Accueil\",\"item\":\"https:\/\/paracherkaoui.ma\/\"},{\"@type\":\"ListItem\",\"position\":2,\"name\":\"Boutique\",\"item\":\"https:\/\/paracherkaoui.ma\/index.php\/boutique\/\"},{\"@type\":\"ListItem\",\"position\":3,\"name\":\"NUXE SUN LAIT FRAICHEUR APRES -SOLEIL VISAGE ET CORPS 400 ML\"}]},{\"@type\":\"WebSite\",\"@id\":\"https:\/\/paracherkaoui.ma\/#website\",\"url\":\"https:\/\/paracherkaoui.ma\/\",\"name\":\"Paracherkaoui.ma\",\"description\":\"Achetez en ligne sur Paracherkaoui.ma\",\"potentialAction\":[{\"@type\":\"SearchAction\",\"target\":{\"@type\":\"EntryPoint\",\"urlTemplate\":\"https:\/\/paracherkaoui.ma\/?s={search_term_string}\"},\"query-input\":{\"@type\":\"PropertyValueSpecification\",\"valueRequired\":true,\"valueName\":\"search_term_string\"}}],\"inLanguage\":\"fr-FR\"}]}<\/script>\r\n<!-- \/ Yoast SEO plugin. -->","yoast_head_json":{"title":"NUXE SUN LAIT FRAICHEUR APRES -SOLEIL VISAGE ET CORPS 400 ML - Paracherkaoui.ma","robots":{"index":"index","follow":"follow","max-snippet":"max-snippet:-1","max-image-preview":"max-image-preview:large","max-video-preview":"max-video-preview:-1"},"canonical":"https:\/\/paracherkaoui.ma\/index.php\/produit\/nuxe-sun-lait-fraicheur-apres-soleil-visage-et-corps-400-ml\/","og_locale":"fr_FR","og_type":"article","og_title":"NUXE SUN LAIT FRAICHEUR APRES -SOLEIL VISAGE ET CORPS 400 ML - Paracherkaoui.ma","og_description":"Ce lait apr\u00e8s-soleil visage et corps est le secret des peaux \u00e9chauff\u00e9es apr\u00e8s une journ\u00e9e d\u2019exposition. Sous l\u2019effet de son","og_url":"https:\/\/paracherkaoui.ma\/index.php\/produit\/nuxe-sun-lait-fraicheur-apres-soleil-visage-et-corps-400-ml\/","og_site_name":"Paracherkaoui.ma","article_modified_time":"2025-12-12T18:01:53+00:00","og_image":[{"width":700,"height":700,"url":"https:\/\/paracherkaoui.ma\/wp-content\/uploads\/2025\/12\/nuxe-nuxe-sun-lait-fraicheur-apres-soleil-visage-et-corps-400-ml-apres-soleil.jpg","type":"image\/jpeg"}],"twitter_card":"summary_large_image","schema":{"@context":"https:\/\/schema.org","@graph":[{"@type":"WebPage","@id":"https:\/\/paracherkaoui.ma\/index.php\/produit\/nuxe-sun-lait-fraicheur-apres-soleil-visage-et-corps-400-ml\/","url":"https:\/\/paracherkaoui.ma\/index.php\/produit\/nuxe-sun-lait-fraicheur-apres-soleil-visage-et-corps-400-ml\/","name":"NUXE SUN LAIT FRAICHEUR APRES -SOLEIL VISAGE ET CORPS 400 ML - Paracherkaoui.ma","isPartOf":{"@id":"https:\/\/paracherkaoui.ma\/#website"},"primaryImageOfPage":{"@id":"https:\/\/paracherkaoui.ma\/index.php\/produit\/nuxe-sun-lait-fraicheur-apres-soleil-visage-et-corps-400-ml\/#primaryimage"},"image":{"@id":"https:\/\/paracherkaoui.ma\/index.php\/produit\/nuxe-sun-lait-fraicheur-apres-soleil-visage-et-corps-400-ml\/#primaryimage"},"thumbnailUrl":"https:\/\/paracherkaoui.ma\/wp-content\/uploads\/2025\/12\/nuxe-nuxe-sun-lait-fraicheur-apres-soleil-visage-et-corps-400-ml-apres-soleil.jpg","datePublished":"2025-12-12T18:01:46+00:00","dateModified":"2025-12-12T18:01:53+00:00","breadcrumb":{"@id":"https:\/\/paracherkaoui.ma\/index.php\/produit\/nuxe-sun-lait-fraicheur-apres-soleil-visage-et-corps-400-ml\/#breadcrumb"},"inLanguage":"fr-FR","potentialAction":[{"@type":"ReadAction","target":["https:\/\/paracherkaoui.ma\/index.php\/produit\/nuxe-sun-lait-fraicheur-apres-soleil-visage-et-corps-400-ml\/"]}]},{"@type":"ImageObject","inLanguage":"fr-FR","@id":"https:\/\/paracherkaoui.ma\/index.php\/produit\/nuxe-sun-lait-fraicheur-apres-soleil-visage-et-corps-400-ml\/#primaryimage","url":"https:\/\/paracherkaoui.ma\/wp-content\/uploads\/2025\/12\/nuxe-nuxe-sun-lait-fraicheur-apres-soleil-visage-et-corps-400-ml-apres-soleil.jpg","contentUrl":"https:\/\/paracherkaoui.ma\/wp-content\/uploads\/2025\/12\/nuxe-nuxe-sun-lait-fraicheur-apres-soleil-visage-et-corps-400-ml-apres-soleil.jpg","width":700,"height":700},{"@type":"BreadcrumbList","@id":"https:\/\/paracherkaoui.ma\/index.php\/produit\/nuxe-sun-lait-fraicheur-apres-soleil-visage-et-corps-400-ml\/#breadcrumb","itemListElement":[{"@type":"ListItem","position":1,"name":"Accueil","item":"https:\/\/paracherkaoui.ma\/"},{"@type":"ListItem","position":2,"name":"Boutique","item":"https:\/\/paracherkaoui.ma\/index.php\/boutique\/"},{"@type":"ListItem","position":3,"name":"NUXE SUN LAIT FRAICHEUR APRES -SOLEIL VISAGE ET CORPS 400 ML"}]},{"@type":"WebSite","@id":"https:\/\/paracherkaoui.ma\/#website","url":"https:\/\/paracherkaoui.ma\/","name":"Paracherkaoui.ma","description":"Achetez en ligne sur Paracherkaoui.ma","potentialAction":[{"@type":"SearchAction","target":{"@type":"EntryPoint","urlTemplate":"https:\/\/paracherkaoui.ma\/?s={search_term_string}"},"query-input":{"@type":"PropertyValueSpecification","valueRequired":true,"valueName":"search_term_string"}}],"inLanguage":"fr-FR"}]}},"_links":{"self":[{"href":"https:\/\/paracherkaoui.ma\/index.php\/wp-json\/wp\/v2\/product\/39084","targetHints":{"allow":["GET"]}}],"collection":[{"href":"https:\/\/paracherkaoui.ma\/index.php\/wp-json\/wp\/v2\/product"}],"about":[{"href":"https:\/\/paracherkaoui.ma\/index.php\/wp-json\/wp\/v2\/types\/product"}],"replies":[{"embeddable":true,"href":"https:\/\/paracherkaoui.ma\/index.php\/wp-json\/wp\/v2\/comments?post=39084"}],"version-history":[{"count":1,"href":"https:\/\/paracherkaoui.ma\/index.php\/wp-json\/wp\/v2\/product\/39084\/revisions"}],"predecessor-version":[{"id":39139,"href":"https:\/\/paracherkaoui.ma\/index.php\/wp-json\/wp\/v2\/product\/39084\/revisions\/39139"}],"wp:featuredmedia":[{"embeddable":true,"href":"https:\/\/paracherkaoui.ma\/index.php\/wp-json\/wp\/v2\/media\/39138"}],"wp:attachment":[{"href":"https:\/\/paracherkaoui.ma\/index.php\/wp-json\/wp\/v2\/media?parent=39084"}],"wp:term":[{"taxonomy":"product_brand","embeddable":true,"href":"https:\/\/paracherkaoui.ma\/index.php\/wp-json\/wp\/v2\/product_brand?post=39084"},{"taxonomy":"product_cat","embeddable":true,"href":"https:\/\/paracherkaoui.ma\/index.php\/wp-json\/wp\/v2\/product_cat?post=39084"},{"taxonomy":"product_tag","embeddable":true,"href":"https:\/\/paracherkaoui.ma\/index.php\/wp-json\/wp\/v2\/product_tag?post=39084"}],"curies":[{"name":"wp","href":"https:\/\/api.w.org\/{rel}","templated":true}]}}