{"id":39081,"date":"2025-12-12T19:01:46","date_gmt":"2025-12-12T18:01:46","guid":{"rendered":"https:\/\/test.ecbeaute.com\/?post_type=product&#038;p=39081"},"modified":"2025-12-12T19:01:52","modified_gmt":"2025-12-12T18:01:52","slug":"biarritz-algamaris-fluide-apres-soleil-certifie-bio-150ml","status":"publish","type":"product","link":"https:\/\/paracherkaoui.ma\/index.php\/produit\/biarritz-algamaris-fluide-apres-soleil-certifie-bio-150ml\/","title":{"rendered":"BIARRITZ ALGAMARIS FLUIDE APRES SOLEIL CERTIFIE BIO 150ML"},"content":{"rendered":"<p>Description:<br \/>\nGr\u00e2ce \u00e0 sa texture sp\u00e9cifique \u00ab gel-cr\u00e8me \u00bb, le Fluide apr\u00e8s-soleil certifi\u00e9 bio hydrate la peau apr\u00e8s l\u2019exposition solaire procurant une sensation de fra\u00eecheur et d\u2019apaisement d\u00e8s l\u2019application. Les sensations de tiraillement et d\u2019\u00e9chauffement disparaissent, l\u2019\u00e9piderme retrouve confort et douceur. Sa formule contient de l\u2019Alga-Gorria, un extrait brevet\u00e9 d\u2019algue rouge au fort pouvoir antioxydant. M\u00eame apr\u00e8s l\u2019exposition, le Fluide apr\u00e8s-soleil continue de prot\u00e9ger le visage et le corps des attaques radicalaires.Pour renforcer cette sensation de fra\u00eecheur agr\u00e9able apr\u00e8s une exposition au soleil, le Fluide apr\u00e8s-soleil peut \u00eatre plac\u00e9 au r\u00e9frig\u00e9rateur.<\/p>\n","protected":false},"excerpt":{"rendered":"<p>Description: Gr\u00e2ce \u00e0 sa texture sp\u00e9cifique \u00ab gel-cr\u00e8me \u00bb, le Fluide apr\u00e8s-soleil certifi\u00e9 bio hydrate la peau apr\u00e8s l\u2019exposition solaire<\/p>\n","protected":false},"featured_media":39132,"comment_status":"open","ping_status":"closed","template":"","meta":[],"product_brand":[295],"product_cat":[681],"product_tag":[],"class_list":{"0":"post-39081","1":"product","2":"type-product","3":"status-publish","4":"has-post-thumbnail","6":"product_brand-biarritz","7":"product_cat-apres-soleil","9":"first","10":"instock","11":"shipping-taxable","12":"purchasable","13":"product-type-simple"},"yoast_head":"<!-- This site is optimized with the Yoast SEO plugin v26.6 - https:\/\/yoast.com\/wordpress\/plugins\/seo\/ -->\r\n<title>BIARRITZ ALGAMARIS FLUIDE APRES SOLEIL CERTIFIE BIO 150ML - Paracherkaoui.ma<\/title>\r\n<meta name=\"robots\" content=\"index, follow, max-snippet:-1, max-image-preview:large, max-video-preview:-1\" \/>\r\n<link rel=\"canonical\" href=\"https:\/\/paracherkaoui.ma\/index.php\/produit\/biarritz-algamaris-fluide-apres-soleil-certifie-bio-150ml\/\" \/>\r\n<meta property=\"og:locale\" content=\"fr_FR\" \/>\r\n<meta property=\"og:type\" content=\"article\" \/>\r\n<meta property=\"og:title\" content=\"BIARRITZ ALGAMARIS FLUIDE APRES SOLEIL CERTIFIE BIO 150ML - Paracherkaoui.ma\" \/>\r\n<meta property=\"og:description\" content=\"Description: Gr\u00e2ce \u00e0 sa texture sp\u00e9cifique \u00ab gel-cr\u00e8me \u00bb, le Fluide apr\u00e8s-soleil certifi\u00e9 bio hydrate la peau apr\u00e8s l\u2019exposition solaire\" \/>\r\n<meta property=\"og:url\" content=\"https:\/\/paracherkaoui.ma\/index.php\/produit\/biarritz-algamaris-fluide-apres-soleil-certifie-bio-150ml\/\" \/>\r\n<meta property=\"og:site_name\" content=\"Paracherkaoui.ma\" \/>\r\n<meta property=\"article:modified_time\" content=\"2025-12-12T18:01:52+00:00\" \/>\r\n<meta property=\"og:image\" content=\"https:\/\/paracherkaoui.ma\/wp-content\/uploads\/2025\/12\/biarritz-algamaris-fluide-apres-soleil-certifie-bio-150ml.jpg\" \/>\r\n\t<meta property=\"og:image:width\" content=\"700\" \/>\r\n\t<meta property=\"og:image:height\" content=\"700\" \/>\r\n\t<meta property=\"og:image:type\" content=\"image\/jpeg\" \/>\r\n<meta name=\"twitter:card\" content=\"summary_large_image\" \/>\r\n<meta name=\"twitter:label1\" content=\"Dur\u00e9e de lecture estim\u00e9e\" \/>\n\t<meta name=\"twitter:data1\" content=\"1 minute\" \/>\r\n<script type=\"application\/ld+json\" class=\"yoast-schema-graph\">{\"@context\":\"https:\/\/schema.org\",\"@graph\":[{\"@type\":\"WebPage\",\"@id\":\"https:\/\/paracherkaoui.ma\/index.php\/produit\/biarritz-algamaris-fluide-apres-soleil-certifie-bio-150ml\/\",\"url\":\"https:\/\/paracherkaoui.ma\/index.php\/produit\/biarritz-algamaris-fluide-apres-soleil-certifie-bio-150ml\/\",\"name\":\"BIARRITZ ALGAMARIS FLUIDE APRES SOLEIL CERTIFIE BIO 150ML - Paracherkaoui.ma\",\"isPartOf\":{\"@id\":\"https:\/\/paracherkaoui.ma\/#website\"},\"primaryImageOfPage\":{\"@id\":\"https:\/\/paracherkaoui.ma\/index.php\/produit\/biarritz-algamaris-fluide-apres-soleil-certifie-bio-150ml\/#primaryimage\"},\"image\":{\"@id\":\"https:\/\/paracherkaoui.ma\/index.php\/produit\/biarritz-algamaris-fluide-apres-soleil-certifie-bio-150ml\/#primaryimage\"},\"thumbnailUrl\":\"https:\/\/paracherkaoui.ma\/wp-content\/uploads\/2025\/12\/biarritz-algamaris-fluide-apres-soleil-certifie-bio-150ml.jpg\",\"datePublished\":\"2025-12-12T18:01:46+00:00\",\"dateModified\":\"2025-12-12T18:01:52+00:00\",\"breadcrumb\":{\"@id\":\"https:\/\/paracherkaoui.ma\/index.php\/produit\/biarritz-algamaris-fluide-apres-soleil-certifie-bio-150ml\/#breadcrumb\"},\"inLanguage\":\"fr-FR\",\"potentialAction\":[{\"@type\":\"ReadAction\",\"target\":[\"https:\/\/paracherkaoui.ma\/index.php\/produit\/biarritz-algamaris-fluide-apres-soleil-certifie-bio-150ml\/\"]}]},{\"@type\":\"ImageObject\",\"inLanguage\":\"fr-FR\",\"@id\":\"https:\/\/paracherkaoui.ma\/index.php\/produit\/biarritz-algamaris-fluide-apres-soleil-certifie-bio-150ml\/#primaryimage\",\"url\":\"https:\/\/paracherkaoui.ma\/wp-content\/uploads\/2025\/12\/biarritz-algamaris-fluide-apres-soleil-certifie-bio-150ml.jpg\",\"contentUrl\":\"https:\/\/paracherkaoui.ma\/wp-content\/uploads\/2025\/12\/biarritz-algamaris-fluide-apres-soleil-certifie-bio-150ml.jpg\",\"width\":700,\"height\":700},{\"@type\":\"BreadcrumbList\",\"@id\":\"https:\/\/paracherkaoui.ma\/index.php\/produit\/biarritz-algamaris-fluide-apres-soleil-certifie-bio-150ml\/#breadcrumb\",\"itemListElement\":[{\"@type\":\"ListItem\",\"position\":1,\"name\":\"Accueil\",\"item\":\"https:\/\/paracherkaoui.ma\/\"},{\"@type\":\"ListItem\",\"position\":2,\"name\":\"Boutique\",\"item\":\"https:\/\/paracherkaoui.ma\/index.php\/boutique\/\"},{\"@type\":\"ListItem\",\"position\":3,\"name\":\"BIARRITZ ALGAMARIS FLUIDE APRES SOLEIL CERTIFIE BIO 150ML\"}]},{\"@type\":\"WebSite\",\"@id\":\"https:\/\/paracherkaoui.ma\/#website\",\"url\":\"https:\/\/paracherkaoui.ma\/\",\"name\":\"Paracherkaoui.ma\",\"description\":\"Achetez en ligne sur Paracherkaoui.ma\",\"potentialAction\":[{\"@type\":\"SearchAction\",\"target\":{\"@type\":\"EntryPoint\",\"urlTemplate\":\"https:\/\/paracherkaoui.ma\/?s={search_term_string}\"},\"query-input\":{\"@type\":\"PropertyValueSpecification\",\"valueRequired\":true,\"valueName\":\"search_term_string\"}}],\"inLanguage\":\"fr-FR\"}]}<\/script>\r\n<!-- \/ Yoast SEO plugin. -->","yoast_head_json":{"title":"BIARRITZ ALGAMARIS FLUIDE APRES SOLEIL CERTIFIE BIO 150ML - Paracherkaoui.ma","robots":{"index":"index","follow":"follow","max-snippet":"max-snippet:-1","max-image-preview":"max-image-preview:large","max-video-preview":"max-video-preview:-1"},"canonical":"https:\/\/paracherkaoui.ma\/index.php\/produit\/biarritz-algamaris-fluide-apres-soleil-certifie-bio-150ml\/","og_locale":"fr_FR","og_type":"article","og_title":"BIARRITZ ALGAMARIS FLUIDE APRES SOLEIL CERTIFIE BIO 150ML - Paracherkaoui.ma","og_description":"Description: Gr\u00e2ce \u00e0 sa texture sp\u00e9cifique \u00ab gel-cr\u00e8me \u00bb, le Fluide apr\u00e8s-soleil certifi\u00e9 bio hydrate la peau apr\u00e8s l\u2019exposition solaire","og_url":"https:\/\/paracherkaoui.ma\/index.php\/produit\/biarritz-algamaris-fluide-apres-soleil-certifie-bio-150ml\/","og_site_name":"Paracherkaoui.ma","article_modified_time":"2025-12-12T18:01:52+00:00","og_image":[{"width":700,"height":700,"url":"https:\/\/paracherkaoui.ma\/wp-content\/uploads\/2025\/12\/biarritz-algamaris-fluide-apres-soleil-certifie-bio-150ml.jpg","type":"image\/jpeg"}],"twitter_card":"summary_large_image","twitter_misc":{"Dur\u00e9e de lecture estim\u00e9e":"1 minute"},"schema":{"@context":"https:\/\/schema.org","@graph":[{"@type":"WebPage","@id":"https:\/\/paracherkaoui.ma\/index.php\/produit\/biarritz-algamaris-fluide-apres-soleil-certifie-bio-150ml\/","url":"https:\/\/paracherkaoui.ma\/index.php\/produit\/biarritz-algamaris-fluide-apres-soleil-certifie-bio-150ml\/","name":"BIARRITZ ALGAMARIS FLUIDE APRES SOLEIL CERTIFIE BIO 150ML - Paracherkaoui.ma","isPartOf":{"@id":"https:\/\/paracherkaoui.ma\/#website"},"primaryImageOfPage":{"@id":"https:\/\/paracherkaoui.ma\/index.php\/produit\/biarritz-algamaris-fluide-apres-soleil-certifie-bio-150ml\/#primaryimage"},"image":{"@id":"https:\/\/paracherkaoui.ma\/index.php\/produit\/biarritz-algamaris-fluide-apres-soleil-certifie-bio-150ml\/#primaryimage"},"thumbnailUrl":"https:\/\/paracherkaoui.ma\/wp-content\/uploads\/2025\/12\/biarritz-algamaris-fluide-apres-soleil-certifie-bio-150ml.jpg","datePublished":"2025-12-12T18:01:46+00:00","dateModified":"2025-12-12T18:01:52+00:00","breadcrumb":{"@id":"https:\/\/paracherkaoui.ma\/index.php\/produit\/biarritz-algamaris-fluide-apres-soleil-certifie-bio-150ml\/#breadcrumb"},"inLanguage":"fr-FR","potentialAction":[{"@type":"ReadAction","target":["https:\/\/paracherkaoui.ma\/index.php\/produit\/biarritz-algamaris-fluide-apres-soleil-certifie-bio-150ml\/"]}]},{"@type":"ImageObject","inLanguage":"fr-FR","@id":"https:\/\/paracherkaoui.ma\/index.php\/produit\/biarritz-algamaris-fluide-apres-soleil-certifie-bio-150ml\/#primaryimage","url":"https:\/\/paracherkaoui.ma\/wp-content\/uploads\/2025\/12\/biarritz-algamaris-fluide-apres-soleil-certifie-bio-150ml.jpg","contentUrl":"https:\/\/paracherkaoui.ma\/wp-content\/uploads\/2025\/12\/biarritz-algamaris-fluide-apres-soleil-certifie-bio-150ml.jpg","width":700,"height":700},{"@type":"BreadcrumbList","@id":"https:\/\/paracherkaoui.ma\/index.php\/produit\/biarritz-algamaris-fluide-apres-soleil-certifie-bio-150ml\/#breadcrumb","itemListElement":[{"@type":"ListItem","position":1,"name":"Accueil","item":"https:\/\/paracherkaoui.ma\/"},{"@type":"ListItem","position":2,"name":"Boutique","item":"https:\/\/paracherkaoui.ma\/index.php\/boutique\/"},{"@type":"ListItem","position":3,"name":"BIARRITZ ALGAMARIS FLUIDE APRES SOLEIL CERTIFIE BIO 150ML"}]},{"@type":"WebSite","@id":"https:\/\/paracherkaoui.ma\/#website","url":"https:\/\/paracherkaoui.ma\/","name":"Paracherkaoui.ma","description":"Achetez en ligne sur Paracherkaoui.ma","potentialAction":[{"@type":"SearchAction","target":{"@type":"EntryPoint","urlTemplate":"https:\/\/paracherkaoui.ma\/?s={search_term_string}"},"query-input":{"@type":"PropertyValueSpecification","valueRequired":true,"valueName":"search_term_string"}}],"inLanguage":"fr-FR"}]}},"_links":{"self":[{"href":"https:\/\/paracherkaoui.ma\/index.php\/wp-json\/wp\/v2\/product\/39081","targetHints":{"allow":["GET"]}}],"collection":[{"href":"https:\/\/paracherkaoui.ma\/index.php\/wp-json\/wp\/v2\/product"}],"about":[{"href":"https:\/\/paracherkaoui.ma\/index.php\/wp-json\/wp\/v2\/types\/product"}],"replies":[{"embeddable":true,"href":"https:\/\/paracherkaoui.ma\/index.php\/wp-json\/wp\/v2\/comments?post=39081"}],"version-history":[{"count":1,"href":"https:\/\/paracherkaoui.ma\/index.php\/wp-json\/wp\/v2\/product\/39081\/revisions"}],"predecessor-version":[{"id":39133,"href":"https:\/\/paracherkaoui.ma\/index.php\/wp-json\/wp\/v2\/product\/39081\/revisions\/39133"}],"wp:featuredmedia":[{"embeddable":true,"href":"https:\/\/paracherkaoui.ma\/index.php\/wp-json\/wp\/v2\/media\/39132"}],"wp:attachment":[{"href":"https:\/\/paracherkaoui.ma\/index.php\/wp-json\/wp\/v2\/media?parent=39081"}],"wp:term":[{"taxonomy":"product_brand","embeddable":true,"href":"https:\/\/paracherkaoui.ma\/index.php\/wp-json\/wp\/v2\/product_brand?post=39081"},{"taxonomy":"product_cat","embeddable":true,"href":"https:\/\/paracherkaoui.ma\/index.php\/wp-json\/wp\/v2\/product_cat?post=39081"},{"taxonomy":"product_tag","embeddable":true,"href":"https:\/\/paracherkaoui.ma\/index.php\/wp-json\/wp\/v2\/product_tag?post=39081"}],"curies":[{"name":"wp","href":"https:\/\/api.w.org\/{rel}","templated":true}]}}