{"id":39076,"date":"2025-12-12T19:01:46","date_gmt":"2025-12-12T18:01:46","guid":{"rendered":"https:\/\/test.ecbeaute.com\/?post_type=product&#038;p=39076"},"modified":"2025-12-12T19:01:51","modified_gmt":"2025-12-12T18:01:51","slug":"australian-gold-lotion-solaire-aloe-et-coco-spf50-177ml","status":"publish","type":"product","link":"https:\/\/paracherkaoui.ma\/index.php\/produit\/australian-gold-lotion-solaire-aloe-et-coco-spf50-177ml\/","title":{"rendered":"AUSTRALIAN GOLD LOTION SOLAIRE ALOE ET COCO SPF50 177ML"},"content":{"rendered":"<p>La Lotion Solaire Australian Gold est bien plus qu&rsquo;un simple \u00e9cran solaire : c&rsquo;est un v\u00e9ritable soin \u00e0 base de plantes qui exploite le pouvoir naturel et efficace des plantes pour pr\u00e9server la sant\u00e9 de votre peau. Con\u00e7ue pour celles et ceux qui recherchent une protection fiable sans compromettre le bien-\u00eatre de leur \u00e9piderme, cette lotion deviendra vite votre alli\u00e9e indispensable pour toutes vos aventures en plein air.<br \/>\nAu c\u0153ur de sa formule bienfaisante, vous trouverez des tr\u00e9sors de la nature :<br \/>\nLe jus d&rsquo;aloe vera, fortement concentr\u00e9, est r\u00e9put\u00e9 pour ses vertus apaisantes, adoucissantes et hydratantes. Il calme les peaux \u00e9chauff\u00e9es par le soleil, r\u00e9duit les rougeurs et maintient un niveau d&rsquo;hydratation optimal. Votre peau reste souple et confortable, m\u00eame apr\u00e8s une exposition prolong\u00e9e.<br \/>\nL&rsquo;huile de coco, v\u00e9ritable \u00e9lixir de beaut\u00e9, est \u00e9galement pr\u00e9sente pour ses propri\u00e9t\u00e9s hydratantes intenses. Elle nourrit la peau en profondeur, la laissant douce et soyeuse, sans film gras r\u00e9siduel. Sa douceur la rend id\u00e9ale m\u00eame pour les peaux sensibles, garantissant une application agr\u00e9able et sans irritation.<br \/>\nEn plus de ces bienfaits nourrissants, cette lotion offre une protection UVA et UVB \u00e0 large spectre SPF 50. Cela signifie que votre peau est prot\u00e9g\u00e9e contre la quasi-totalit\u00e9 des rayons UVB (responsables des coups de soleil) et qu&rsquo;elle b\u00e9n\u00e9ficie d&rsquo;une d\u00e9fense robuste contre les rayons UVA (impliqu\u00e9s dans le vieillissement cutan\u00e9 et les r\u00e9actions allergiques au soleil). Gr\u00e2ce \u00e0 cette haute protection, vous pouvez profiter pleinement de vos moments en plein air en toute s\u00e9r\u00e9nit\u00e9, sachant que votre peau est efficacement prot\u00e9g\u00e9e.<br \/>\nConseils d&rsquo;utilisation :<br \/>\nAppliquez g\u00e9n\u00e9reusement la lotion sur toutes les zones de votre peau qui seront expos\u00e9es au soleil, au minimum 20 minutes avant toute exposition. Cela permet au produit de bien adh\u00e9rer et de former un film protecteur efficace.<\/p>\n","protected":false},"excerpt":{"rendered":"<p>La Lotion Solaire Australian Gold est bien plus qu&rsquo;un simple \u00e9cran solaire : c&rsquo;est un v\u00e9ritable soin \u00e0 base de<\/p>\n","protected":false},"featured_media":39123,"comment_status":"open","ping_status":"closed","template":"","meta":[],"product_brand":[542],"product_cat":[681],"product_tag":[],"class_list":{"0":"post-39076","1":"product","2":"type-product","3":"status-publish","4":"has-post-thumbnail","6":"product_brand-australian-gold","7":"product_cat-apres-soleil","9":"first","10":"instock","11":"shipping-taxable","12":"purchasable","13":"product-type-simple"},"yoast_head":"<!-- This site is optimized with the Yoast SEO plugin v26.6 - https:\/\/yoast.com\/wordpress\/plugins\/seo\/ -->\r\n<title>AUSTRALIAN GOLD LOTION SOLAIRE ALOE ET COCO SPF50 177ML - Paracherkaoui.ma<\/title>\r\n<meta name=\"robots\" content=\"index, follow, max-snippet:-1, max-image-preview:large, max-video-preview:-1\" \/>\r\n<link rel=\"canonical\" href=\"https:\/\/paracherkaoui.ma\/index.php\/produit\/australian-gold-lotion-solaire-aloe-et-coco-spf50-177ml\/\" \/>\r\n<meta property=\"og:locale\" content=\"fr_FR\" \/>\r\n<meta property=\"og:type\" content=\"article\" \/>\r\n<meta property=\"og:title\" content=\"AUSTRALIAN GOLD LOTION SOLAIRE ALOE ET COCO SPF50 177ML - Paracherkaoui.ma\" \/>\r\n<meta property=\"og:description\" content=\"La Lotion Solaire Australian Gold est bien plus qu&rsquo;un simple \u00e9cran solaire : c&rsquo;est un v\u00e9ritable soin \u00e0 base de\" \/>\r\n<meta property=\"og:url\" content=\"https:\/\/paracherkaoui.ma\/index.php\/produit\/australian-gold-lotion-solaire-aloe-et-coco-spf50-177ml\/\" \/>\r\n<meta property=\"og:site_name\" content=\"Paracherkaoui.ma\" \/>\r\n<meta property=\"article:modified_time\" content=\"2025-12-12T18:01:51+00:00\" \/>\r\n<meta property=\"og:image\" content=\"https:\/\/paracherkaoui.ma\/wp-content\/uploads\/2025\/12\/australian-gold-lotion-solaire-aloe-et-coco-spf50-177ml.jpg\" \/>\r\n\t<meta property=\"og:image:width\" content=\"700\" \/>\r\n\t<meta property=\"og:image:height\" content=\"700\" \/>\r\n\t<meta property=\"og:image:type\" content=\"image\/jpeg\" \/>\r\n<meta name=\"twitter:card\" content=\"summary_large_image\" \/>\r\n<meta name=\"twitter:label1\" content=\"Dur\u00e9e de lecture estim\u00e9e\" \/>\n\t<meta name=\"twitter:data1\" content=\"2 minutes\" \/>\r\n<script type=\"application\/ld+json\" class=\"yoast-schema-graph\">{\"@context\":\"https:\/\/schema.org\",\"@graph\":[{\"@type\":\"WebPage\",\"@id\":\"https:\/\/paracherkaoui.ma\/index.php\/produit\/australian-gold-lotion-solaire-aloe-et-coco-spf50-177ml\/\",\"url\":\"https:\/\/paracherkaoui.ma\/index.php\/produit\/australian-gold-lotion-solaire-aloe-et-coco-spf50-177ml\/\",\"name\":\"AUSTRALIAN GOLD LOTION SOLAIRE ALOE ET COCO SPF50 177ML - Paracherkaoui.ma\",\"isPartOf\":{\"@id\":\"https:\/\/paracherkaoui.ma\/#website\"},\"primaryImageOfPage\":{\"@id\":\"https:\/\/paracherkaoui.ma\/index.php\/produit\/australian-gold-lotion-solaire-aloe-et-coco-spf50-177ml\/#primaryimage\"},\"image\":{\"@id\":\"https:\/\/paracherkaoui.ma\/index.php\/produit\/australian-gold-lotion-solaire-aloe-et-coco-spf50-177ml\/#primaryimage\"},\"thumbnailUrl\":\"https:\/\/paracherkaoui.ma\/wp-content\/uploads\/2025\/12\/australian-gold-lotion-solaire-aloe-et-coco-spf50-177ml.jpg\",\"datePublished\":\"2025-12-12T18:01:46+00:00\",\"dateModified\":\"2025-12-12T18:01:51+00:00\",\"breadcrumb\":{\"@id\":\"https:\/\/paracherkaoui.ma\/index.php\/produit\/australian-gold-lotion-solaire-aloe-et-coco-spf50-177ml\/#breadcrumb\"},\"inLanguage\":\"fr-FR\",\"potentialAction\":[{\"@type\":\"ReadAction\",\"target\":[\"https:\/\/paracherkaoui.ma\/index.php\/produit\/australian-gold-lotion-solaire-aloe-et-coco-spf50-177ml\/\"]}]},{\"@type\":\"ImageObject\",\"inLanguage\":\"fr-FR\",\"@id\":\"https:\/\/paracherkaoui.ma\/index.php\/produit\/australian-gold-lotion-solaire-aloe-et-coco-spf50-177ml\/#primaryimage\",\"url\":\"https:\/\/paracherkaoui.ma\/wp-content\/uploads\/2025\/12\/australian-gold-lotion-solaire-aloe-et-coco-spf50-177ml.jpg\",\"contentUrl\":\"https:\/\/paracherkaoui.ma\/wp-content\/uploads\/2025\/12\/australian-gold-lotion-solaire-aloe-et-coco-spf50-177ml.jpg\",\"width\":700,\"height\":700},{\"@type\":\"BreadcrumbList\",\"@id\":\"https:\/\/paracherkaoui.ma\/index.php\/produit\/australian-gold-lotion-solaire-aloe-et-coco-spf50-177ml\/#breadcrumb\",\"itemListElement\":[{\"@type\":\"ListItem\",\"position\":1,\"name\":\"Accueil\",\"item\":\"https:\/\/paracherkaoui.ma\/\"},{\"@type\":\"ListItem\",\"position\":2,\"name\":\"Boutique\",\"item\":\"https:\/\/paracherkaoui.ma\/index.php\/boutique\/\"},{\"@type\":\"ListItem\",\"position\":3,\"name\":\"AUSTRALIAN GOLD LOTION SOLAIRE ALOE ET COCO SPF50 177ML\"}]},{\"@type\":\"WebSite\",\"@id\":\"https:\/\/paracherkaoui.ma\/#website\",\"url\":\"https:\/\/paracherkaoui.ma\/\",\"name\":\"Paracherkaoui.ma\",\"description\":\"Achetez en ligne sur Paracherkaoui.ma\",\"potentialAction\":[{\"@type\":\"SearchAction\",\"target\":{\"@type\":\"EntryPoint\",\"urlTemplate\":\"https:\/\/paracherkaoui.ma\/?s={search_term_string}\"},\"query-input\":{\"@type\":\"PropertyValueSpecification\",\"valueRequired\":true,\"valueName\":\"search_term_string\"}}],\"inLanguage\":\"fr-FR\"}]}<\/script>\r\n<!-- \/ Yoast SEO plugin. -->","yoast_head_json":{"title":"AUSTRALIAN GOLD LOTION SOLAIRE ALOE ET COCO SPF50 177ML - Paracherkaoui.ma","robots":{"index":"index","follow":"follow","max-snippet":"max-snippet:-1","max-image-preview":"max-image-preview:large","max-video-preview":"max-video-preview:-1"},"canonical":"https:\/\/paracherkaoui.ma\/index.php\/produit\/australian-gold-lotion-solaire-aloe-et-coco-spf50-177ml\/","og_locale":"fr_FR","og_type":"article","og_title":"AUSTRALIAN GOLD LOTION SOLAIRE ALOE ET COCO SPF50 177ML - Paracherkaoui.ma","og_description":"La Lotion Solaire Australian Gold est bien plus qu&rsquo;un simple \u00e9cran solaire : c&rsquo;est un v\u00e9ritable soin \u00e0 base de","og_url":"https:\/\/paracherkaoui.ma\/index.php\/produit\/australian-gold-lotion-solaire-aloe-et-coco-spf50-177ml\/","og_site_name":"Paracherkaoui.ma","article_modified_time":"2025-12-12T18:01:51+00:00","og_image":[{"width":700,"height":700,"url":"https:\/\/paracherkaoui.ma\/wp-content\/uploads\/2025\/12\/australian-gold-lotion-solaire-aloe-et-coco-spf50-177ml.jpg","type":"image\/jpeg"}],"twitter_card":"summary_large_image","twitter_misc":{"Dur\u00e9e de lecture estim\u00e9e":"2 minutes"},"schema":{"@context":"https:\/\/schema.org","@graph":[{"@type":"WebPage","@id":"https:\/\/paracherkaoui.ma\/index.php\/produit\/australian-gold-lotion-solaire-aloe-et-coco-spf50-177ml\/","url":"https:\/\/paracherkaoui.ma\/index.php\/produit\/australian-gold-lotion-solaire-aloe-et-coco-spf50-177ml\/","name":"AUSTRALIAN GOLD LOTION SOLAIRE ALOE ET COCO SPF50 177ML - Paracherkaoui.ma","isPartOf":{"@id":"https:\/\/paracherkaoui.ma\/#website"},"primaryImageOfPage":{"@id":"https:\/\/paracherkaoui.ma\/index.php\/produit\/australian-gold-lotion-solaire-aloe-et-coco-spf50-177ml\/#primaryimage"},"image":{"@id":"https:\/\/paracherkaoui.ma\/index.php\/produit\/australian-gold-lotion-solaire-aloe-et-coco-spf50-177ml\/#primaryimage"},"thumbnailUrl":"https:\/\/paracherkaoui.ma\/wp-content\/uploads\/2025\/12\/australian-gold-lotion-solaire-aloe-et-coco-spf50-177ml.jpg","datePublished":"2025-12-12T18:01:46+00:00","dateModified":"2025-12-12T18:01:51+00:00","breadcrumb":{"@id":"https:\/\/paracherkaoui.ma\/index.php\/produit\/australian-gold-lotion-solaire-aloe-et-coco-spf50-177ml\/#breadcrumb"},"inLanguage":"fr-FR","potentialAction":[{"@type":"ReadAction","target":["https:\/\/paracherkaoui.ma\/index.php\/produit\/australian-gold-lotion-solaire-aloe-et-coco-spf50-177ml\/"]}]},{"@type":"ImageObject","inLanguage":"fr-FR","@id":"https:\/\/paracherkaoui.ma\/index.php\/produit\/australian-gold-lotion-solaire-aloe-et-coco-spf50-177ml\/#primaryimage","url":"https:\/\/paracherkaoui.ma\/wp-content\/uploads\/2025\/12\/australian-gold-lotion-solaire-aloe-et-coco-spf50-177ml.jpg","contentUrl":"https:\/\/paracherkaoui.ma\/wp-content\/uploads\/2025\/12\/australian-gold-lotion-solaire-aloe-et-coco-spf50-177ml.jpg","width":700,"height":700},{"@type":"BreadcrumbList","@id":"https:\/\/paracherkaoui.ma\/index.php\/produit\/australian-gold-lotion-solaire-aloe-et-coco-spf50-177ml\/#breadcrumb","itemListElement":[{"@type":"ListItem","position":1,"name":"Accueil","item":"https:\/\/paracherkaoui.ma\/"},{"@type":"ListItem","position":2,"name":"Boutique","item":"https:\/\/paracherkaoui.ma\/index.php\/boutique\/"},{"@type":"ListItem","position":3,"name":"AUSTRALIAN GOLD LOTION SOLAIRE ALOE ET COCO SPF50 177ML"}]},{"@type":"WebSite","@id":"https:\/\/paracherkaoui.ma\/#website","url":"https:\/\/paracherkaoui.ma\/","name":"Paracherkaoui.ma","description":"Achetez en ligne sur Paracherkaoui.ma","potentialAction":[{"@type":"SearchAction","target":{"@type":"EntryPoint","urlTemplate":"https:\/\/paracherkaoui.ma\/?s={search_term_string}"},"query-input":{"@type":"PropertyValueSpecification","valueRequired":true,"valueName":"search_term_string"}}],"inLanguage":"fr-FR"}]}},"_links":{"self":[{"href":"https:\/\/paracherkaoui.ma\/index.php\/wp-json\/wp\/v2\/product\/39076","targetHints":{"allow":["GET"]}}],"collection":[{"href":"https:\/\/paracherkaoui.ma\/index.php\/wp-json\/wp\/v2\/product"}],"about":[{"href":"https:\/\/paracherkaoui.ma\/index.php\/wp-json\/wp\/v2\/types\/product"}],"replies":[{"embeddable":true,"href":"https:\/\/paracherkaoui.ma\/index.php\/wp-json\/wp\/v2\/comments?post=39076"}],"version-history":[{"count":1,"href":"https:\/\/paracherkaoui.ma\/index.php\/wp-json\/wp\/v2\/product\/39076\/revisions"}],"predecessor-version":[{"id":39124,"href":"https:\/\/paracherkaoui.ma\/index.php\/wp-json\/wp\/v2\/product\/39076\/revisions\/39124"}],"wp:featuredmedia":[{"embeddable":true,"href":"https:\/\/paracherkaoui.ma\/index.php\/wp-json\/wp\/v2\/media\/39123"}],"wp:attachment":[{"href":"https:\/\/paracherkaoui.ma\/index.php\/wp-json\/wp\/v2\/media?parent=39076"}],"wp:term":[{"taxonomy":"product_brand","embeddable":true,"href":"https:\/\/paracherkaoui.ma\/index.php\/wp-json\/wp\/v2\/product_brand?post=39076"},{"taxonomy":"product_cat","embeddable":true,"href":"https:\/\/paracherkaoui.ma\/index.php\/wp-json\/wp\/v2\/product_cat?post=39076"},{"taxonomy":"product_tag","embeddable":true,"href":"https:\/\/paracherkaoui.ma\/index.php\/wp-json\/wp\/v2\/product_tag?post=39076"}],"curies":[{"name":"wp","href":"https:\/\/api.w.org\/{rel}","templated":true}]}}