{"id":39069,"date":"2025-12-12T19:01:46","date_gmt":"2025-12-12T18:01:46","guid":{"rendered":"https:\/\/test.ecbeaute.com\/?post_type=product&#038;p=39069"},"modified":"2025-12-12T19:01:50","modified_gmt":"2025-12-12T18:01:50","slug":"odarym-gel-apaisant-apres-soleil-200ml","status":"publish","type":"product","link":"https:\/\/paracherkaoui.ma\/index.php\/produit\/odarym-gel-apaisant-apres-soleil-200ml\/","title":{"rendered":"ODARYM GEL APAISANT APRES SOLEIL 200ML"},"content":{"rendered":"<p>Imaginez une texture l\u00e9g\u00e8re comme l&rsquo;eau qui glisse sur votre peau \u00e9chauff\u00e9e, p\u00e9n\u00e9trant instantan\u00e9ment sans laisser de fini collant. Ce gel apaisant est une formule pr\u00e9cieuse, concentr\u00e9e en deux actifs naturels stars du r\u00e9confort cutan\u00e9 : l&rsquo;aloe vera et le concombre. L&rsquo;aloe vera, reconnu pour ses propri\u00e9t\u00e9s hydratantes, cicatrisantes et apaisantes, agit en profondeur pour d\u00e9salt\u00e9rer la peau et calmer les irritations. Le concombre, avec sa forte teneur en eau et ses vertus rafra\u00eechissantes, amplifie cette sensation de bien-\u00eatre imm\u00e9diat.<br \/>\nCe gel est sp\u00e9cialement con\u00e7u pour hydrater, rafra\u00eechir et soulager les \u00e9chauffements cutan\u00e9s caus\u00e9s par l&rsquo;exposition au soleil. Il restaure l&rsquo;\u00e9quilibre hydrique de la peau, pr\u00e9venant la d\u00e9shydratation et le dess\u00e8chement souvent associ\u00e9s au soleil. Sa formule l\u00e9g\u00e8re est un vrai plaisir \u00e0 appliquer, offrant une sensation de fra\u00eecheur bienvenue qui apaise instantan\u00e9ment les peaux rougies ou sensibles.<br \/>\nComposition :<br \/>\nEau, jus de feuille d\u2019aloe vera, glyc\u00e9rine, extrait de fleur de calendula, extrait de fruit de concombre, panth\u00e9nol (provitamine B5), bisabolol, allanto\u00efne, gomme xanthane, alcool benzylique, acide d\u00e9hydroac\u00e9tique.<\/p>\n","protected":false},"excerpt":{"rendered":"<p>Imaginez une texture l\u00e9g\u00e8re comme l&rsquo;eau qui glisse sur votre peau \u00e9chauff\u00e9e, p\u00e9n\u00e9trant instantan\u00e9ment sans laisser de fini collant. Ce<\/p>\n","protected":false},"featured_media":39111,"comment_status":"open","ping_status":"closed","template":"","meta":[],"product_brand":[208],"product_cat":[681],"product_tag":[],"class_list":{"0":"post-39069","1":"product","2":"type-product","3":"status-publish","4":"has-post-thumbnail","6":"product_brand-odarym","7":"product_cat-apres-soleil","9":"first","10":"instock","11":"shipping-taxable","12":"purchasable","13":"product-type-simple"},"yoast_head":"<!-- This site is optimized with the Yoast SEO plugin v26.6 - https:\/\/yoast.com\/wordpress\/plugins\/seo\/ -->\r\n<title>ODARYM GEL APAISANT APRES SOLEIL 200ML - Paracherkaoui.ma<\/title>\r\n<meta name=\"robots\" content=\"index, follow, max-snippet:-1, max-image-preview:large, max-video-preview:-1\" \/>\r\n<link rel=\"canonical\" href=\"https:\/\/paracherkaoui.ma\/index.php\/produit\/odarym-gel-apaisant-apres-soleil-200ml\/\" \/>\r\n<meta property=\"og:locale\" content=\"fr_FR\" \/>\r\n<meta property=\"og:type\" content=\"article\" \/>\r\n<meta property=\"og:title\" content=\"ODARYM GEL APAISANT APRES SOLEIL 200ML - Paracherkaoui.ma\" \/>\r\n<meta property=\"og:description\" content=\"Imaginez une texture l\u00e9g\u00e8re comme l&rsquo;eau qui glisse sur votre peau \u00e9chauff\u00e9e, p\u00e9n\u00e9trant instantan\u00e9ment sans laisser de fini collant. Ce\" \/>\r\n<meta property=\"og:url\" content=\"https:\/\/paracherkaoui.ma\/index.php\/produit\/odarym-gel-apaisant-apres-soleil-200ml\/\" \/>\r\n<meta property=\"og:site_name\" content=\"Paracherkaoui.ma\" \/>\r\n<meta property=\"article:modified_time\" content=\"2025-12-12T18:01:50+00:00\" \/>\r\n<meta property=\"og:image\" content=\"https:\/\/paracherkaoui.ma\/wp-content\/uploads\/2025\/12\/odarym-gel-apaisant-apres-soleil-200ml.jpg\" \/>\r\n\t<meta property=\"og:image:width\" content=\"700\" \/>\r\n\t<meta property=\"og:image:height\" content=\"700\" \/>\r\n\t<meta property=\"og:image:type\" content=\"image\/jpeg\" \/>\r\n<meta name=\"twitter:card\" content=\"summary_large_image\" \/>\r\n<meta name=\"twitter:label1\" content=\"Dur\u00e9e de lecture estim\u00e9e\" \/>\n\t<meta name=\"twitter:data1\" content=\"1 minute\" \/>\r\n<script type=\"application\/ld+json\" class=\"yoast-schema-graph\">{\"@context\":\"https:\/\/schema.org\",\"@graph\":[{\"@type\":\"WebPage\",\"@id\":\"https:\/\/paracherkaoui.ma\/index.php\/produit\/odarym-gel-apaisant-apres-soleil-200ml\/\",\"url\":\"https:\/\/paracherkaoui.ma\/index.php\/produit\/odarym-gel-apaisant-apres-soleil-200ml\/\",\"name\":\"ODARYM GEL APAISANT APRES SOLEIL 200ML - Paracherkaoui.ma\",\"isPartOf\":{\"@id\":\"https:\/\/paracherkaoui.ma\/#website\"},\"primaryImageOfPage\":{\"@id\":\"https:\/\/paracherkaoui.ma\/index.php\/produit\/odarym-gel-apaisant-apres-soleil-200ml\/#primaryimage\"},\"image\":{\"@id\":\"https:\/\/paracherkaoui.ma\/index.php\/produit\/odarym-gel-apaisant-apres-soleil-200ml\/#primaryimage\"},\"thumbnailUrl\":\"https:\/\/paracherkaoui.ma\/wp-content\/uploads\/2025\/12\/odarym-gel-apaisant-apres-soleil-200ml.jpg\",\"datePublished\":\"2025-12-12T18:01:46+00:00\",\"dateModified\":\"2025-12-12T18:01:50+00:00\",\"breadcrumb\":{\"@id\":\"https:\/\/paracherkaoui.ma\/index.php\/produit\/odarym-gel-apaisant-apres-soleil-200ml\/#breadcrumb\"},\"inLanguage\":\"fr-FR\",\"potentialAction\":[{\"@type\":\"ReadAction\",\"target\":[\"https:\/\/paracherkaoui.ma\/index.php\/produit\/odarym-gel-apaisant-apres-soleil-200ml\/\"]}]},{\"@type\":\"ImageObject\",\"inLanguage\":\"fr-FR\",\"@id\":\"https:\/\/paracherkaoui.ma\/index.php\/produit\/odarym-gel-apaisant-apres-soleil-200ml\/#primaryimage\",\"url\":\"https:\/\/paracherkaoui.ma\/wp-content\/uploads\/2025\/12\/odarym-gel-apaisant-apres-soleil-200ml.jpg\",\"contentUrl\":\"https:\/\/paracherkaoui.ma\/wp-content\/uploads\/2025\/12\/odarym-gel-apaisant-apres-soleil-200ml.jpg\",\"width\":700,\"height\":700},{\"@type\":\"BreadcrumbList\",\"@id\":\"https:\/\/paracherkaoui.ma\/index.php\/produit\/odarym-gel-apaisant-apres-soleil-200ml\/#breadcrumb\",\"itemListElement\":[{\"@type\":\"ListItem\",\"position\":1,\"name\":\"Accueil\",\"item\":\"https:\/\/paracherkaoui.ma\/\"},{\"@type\":\"ListItem\",\"position\":2,\"name\":\"Boutique\",\"item\":\"https:\/\/paracherkaoui.ma\/index.php\/boutique\/\"},{\"@type\":\"ListItem\",\"position\":3,\"name\":\"ODARYM GEL APAISANT APRES SOLEIL 200ML\"}]},{\"@type\":\"WebSite\",\"@id\":\"https:\/\/paracherkaoui.ma\/#website\",\"url\":\"https:\/\/paracherkaoui.ma\/\",\"name\":\"Paracherkaoui.ma\",\"description\":\"Achetez en ligne sur Paracherkaoui.ma\",\"potentialAction\":[{\"@type\":\"SearchAction\",\"target\":{\"@type\":\"EntryPoint\",\"urlTemplate\":\"https:\/\/paracherkaoui.ma\/?s={search_term_string}\"},\"query-input\":{\"@type\":\"PropertyValueSpecification\",\"valueRequired\":true,\"valueName\":\"search_term_string\"}}],\"inLanguage\":\"fr-FR\"}]}<\/script>\r\n<!-- \/ Yoast SEO plugin. -->","yoast_head_json":{"title":"ODARYM GEL APAISANT APRES SOLEIL 200ML - Paracherkaoui.ma","robots":{"index":"index","follow":"follow","max-snippet":"max-snippet:-1","max-image-preview":"max-image-preview:large","max-video-preview":"max-video-preview:-1"},"canonical":"https:\/\/paracherkaoui.ma\/index.php\/produit\/odarym-gel-apaisant-apres-soleil-200ml\/","og_locale":"fr_FR","og_type":"article","og_title":"ODARYM GEL APAISANT APRES SOLEIL 200ML - Paracherkaoui.ma","og_description":"Imaginez une texture l\u00e9g\u00e8re comme l&rsquo;eau qui glisse sur votre peau \u00e9chauff\u00e9e, p\u00e9n\u00e9trant instantan\u00e9ment sans laisser de fini collant. Ce","og_url":"https:\/\/paracherkaoui.ma\/index.php\/produit\/odarym-gel-apaisant-apres-soleil-200ml\/","og_site_name":"Paracherkaoui.ma","article_modified_time":"2025-12-12T18:01:50+00:00","og_image":[{"width":700,"height":700,"url":"https:\/\/paracherkaoui.ma\/wp-content\/uploads\/2025\/12\/odarym-gel-apaisant-apres-soleil-200ml.jpg","type":"image\/jpeg"}],"twitter_card":"summary_large_image","twitter_misc":{"Dur\u00e9e de lecture estim\u00e9e":"1 minute"},"schema":{"@context":"https:\/\/schema.org","@graph":[{"@type":"WebPage","@id":"https:\/\/paracherkaoui.ma\/index.php\/produit\/odarym-gel-apaisant-apres-soleil-200ml\/","url":"https:\/\/paracherkaoui.ma\/index.php\/produit\/odarym-gel-apaisant-apres-soleil-200ml\/","name":"ODARYM GEL APAISANT APRES SOLEIL 200ML - Paracherkaoui.ma","isPartOf":{"@id":"https:\/\/paracherkaoui.ma\/#website"},"primaryImageOfPage":{"@id":"https:\/\/paracherkaoui.ma\/index.php\/produit\/odarym-gel-apaisant-apres-soleil-200ml\/#primaryimage"},"image":{"@id":"https:\/\/paracherkaoui.ma\/index.php\/produit\/odarym-gel-apaisant-apres-soleil-200ml\/#primaryimage"},"thumbnailUrl":"https:\/\/paracherkaoui.ma\/wp-content\/uploads\/2025\/12\/odarym-gel-apaisant-apres-soleil-200ml.jpg","datePublished":"2025-12-12T18:01:46+00:00","dateModified":"2025-12-12T18:01:50+00:00","breadcrumb":{"@id":"https:\/\/paracherkaoui.ma\/index.php\/produit\/odarym-gel-apaisant-apres-soleil-200ml\/#breadcrumb"},"inLanguage":"fr-FR","potentialAction":[{"@type":"ReadAction","target":["https:\/\/paracherkaoui.ma\/index.php\/produit\/odarym-gel-apaisant-apres-soleil-200ml\/"]}]},{"@type":"ImageObject","inLanguage":"fr-FR","@id":"https:\/\/paracherkaoui.ma\/index.php\/produit\/odarym-gel-apaisant-apres-soleil-200ml\/#primaryimage","url":"https:\/\/paracherkaoui.ma\/wp-content\/uploads\/2025\/12\/odarym-gel-apaisant-apres-soleil-200ml.jpg","contentUrl":"https:\/\/paracherkaoui.ma\/wp-content\/uploads\/2025\/12\/odarym-gel-apaisant-apres-soleil-200ml.jpg","width":700,"height":700},{"@type":"BreadcrumbList","@id":"https:\/\/paracherkaoui.ma\/index.php\/produit\/odarym-gel-apaisant-apres-soleil-200ml\/#breadcrumb","itemListElement":[{"@type":"ListItem","position":1,"name":"Accueil","item":"https:\/\/paracherkaoui.ma\/"},{"@type":"ListItem","position":2,"name":"Boutique","item":"https:\/\/paracherkaoui.ma\/index.php\/boutique\/"},{"@type":"ListItem","position":3,"name":"ODARYM GEL APAISANT APRES SOLEIL 200ML"}]},{"@type":"WebSite","@id":"https:\/\/paracherkaoui.ma\/#website","url":"https:\/\/paracherkaoui.ma\/","name":"Paracherkaoui.ma","description":"Achetez en ligne sur Paracherkaoui.ma","potentialAction":[{"@type":"SearchAction","target":{"@type":"EntryPoint","urlTemplate":"https:\/\/paracherkaoui.ma\/?s={search_term_string}"},"query-input":{"@type":"PropertyValueSpecification","valueRequired":true,"valueName":"search_term_string"}}],"inLanguage":"fr-FR"}]}},"_links":{"self":[{"href":"https:\/\/paracherkaoui.ma\/index.php\/wp-json\/wp\/v2\/product\/39069","targetHints":{"allow":["GET"]}}],"collection":[{"href":"https:\/\/paracherkaoui.ma\/index.php\/wp-json\/wp\/v2\/product"}],"about":[{"href":"https:\/\/paracherkaoui.ma\/index.php\/wp-json\/wp\/v2\/types\/product"}],"replies":[{"embeddable":true,"href":"https:\/\/paracherkaoui.ma\/index.php\/wp-json\/wp\/v2\/comments?post=39069"}],"version-history":[{"count":1,"href":"https:\/\/paracherkaoui.ma\/index.php\/wp-json\/wp\/v2\/product\/39069\/revisions"}],"predecessor-version":[{"id":39112,"href":"https:\/\/paracherkaoui.ma\/index.php\/wp-json\/wp\/v2\/product\/39069\/revisions\/39112"}],"wp:featuredmedia":[{"embeddable":true,"href":"https:\/\/paracherkaoui.ma\/index.php\/wp-json\/wp\/v2\/media\/39111"}],"wp:attachment":[{"href":"https:\/\/paracherkaoui.ma\/index.php\/wp-json\/wp\/v2\/media?parent=39069"}],"wp:term":[{"taxonomy":"product_brand","embeddable":true,"href":"https:\/\/paracherkaoui.ma\/index.php\/wp-json\/wp\/v2\/product_brand?post=39069"},{"taxonomy":"product_cat","embeddable":true,"href":"https:\/\/paracherkaoui.ma\/index.php\/wp-json\/wp\/v2\/product_cat?post=39069"},{"taxonomy":"product_tag","embeddable":true,"href":"https:\/\/paracherkaoui.ma\/index.php\/wp-json\/wp\/v2\/product_tag?post=39069"}],"curies":[{"name":"wp","href":"https:\/\/api.w.org\/{rel}","templated":true}]}}