{"id":39065,"date":"2025-12-12T19:01:45","date_gmt":"2025-12-12T18:01:45","guid":{"rendered":"https:\/\/test.ecbeaute.com\/?post_type=product&#038;p=39065"},"modified":"2025-12-12T19:01:49","modified_gmt":"2025-12-12T18:01:49","slug":"australian-gold-soothing-aloe-237-ml-gel-apres-soleil","status":"publish","type":"product","link":"https:\/\/paracherkaoui.ma\/index.php\/produit\/australian-gold-soothing-aloe-237-ml-gel-apres-soleil\/","title":{"rendered":"AUSTRALIAN GOLD SOOTHING ALOE 237 ML GEL APRES SOLEIL"},"content":{"rendered":"<p>Description:<br \/>\nCe \u00abGel apaisant \u00e0 l&rsquo;alo\u00e8s apr\u00e8s soleil\u00bb Australian Gold\u00ae est un gel sans huile que vous devez toujours emporter avec vous en vacances. Parce que si votre peau est l\u00e9g\u00e8rement br\u00fbl\u00e9e apr\u00e8s une journ\u00e9e \u00e0 la plage, irrite un peu ou est tendue, ce gel est la solution id\u00e9ale. Rafra\u00eechit, rafra\u00eechit et adoucit la peau. Contient de l&rsquo;aloe vera, des extraits de th\u00e9 vert, de l&rsquo;extrait d&rsquo;acacia, de la vitamine C, de la vitamine E et de puissants antioxydants. Peut \u00e9galement \u00eatre utilis\u00e9 apr\u00e8s un bain de soleil. Astuce: \u00e0 conserver au r\u00e9frig\u00e9rateur pour un effet rafra\u00eechissant suppl\u00e9mentaire. Cet apr\u00e8s-soleil est sans parfum.<br \/>\nConseils\u00a0d&rsquo;utilisation\u00a0:<br \/>\nBien agiter avant usage. Appliquer g\u00e9n\u00e9reusement 15 minutes avant l&rsquo;exposition au soleil et frotter sur la peau. Tenir le r\u00e9cipient \u00e0 4 \u00e0 6 pouces de la peau pour appliquer. Ne pas vaporiser directement sur le visage. Vaporiser sur les mains puis appliquer sur le visage. R\u00e9appliquer : Apr\u00e8s 80 minutes de baignade ou de transpiration, imm\u00e9diatement apr\u00e8s le s\u00e9chage \u00e0 la serviette, au moins toutes les 2 heures.<\/p>\n","protected":false},"excerpt":{"rendered":"<p>Description: Ce \u00abGel apaisant \u00e0 l&rsquo;alo\u00e8s apr\u00e8s soleil\u00bb Australian Gold\u00ae est un gel sans huile que vous devez toujours emporter<\/p>\n","protected":false},"featured_media":39103,"comment_status":"open","ping_status":"closed","template":"","meta":[],"product_brand":[542],"product_cat":[681],"product_tag":[],"class_list":{"0":"post-39065","1":"product","2":"type-product","3":"status-publish","4":"has-post-thumbnail","6":"product_brand-australian-gold","7":"product_cat-apres-soleil","9":"first","10":"instock","11":"shipping-taxable","12":"purchasable","13":"product-type-simple"},"yoast_head":"<!-- This site is optimized with the Yoast SEO plugin v26.6 - https:\/\/yoast.com\/wordpress\/plugins\/seo\/ -->\r\n<title>AUSTRALIAN GOLD SOOTHING ALOE 237 ML GEL APRES SOLEIL - Paracherkaoui.ma<\/title>\r\n<meta name=\"robots\" content=\"index, follow, max-snippet:-1, max-image-preview:large, max-video-preview:-1\" \/>\r\n<link rel=\"canonical\" href=\"https:\/\/paracherkaoui.ma\/index.php\/produit\/australian-gold-soothing-aloe-237-ml-gel-apres-soleil\/\" \/>\r\n<meta property=\"og:locale\" content=\"fr_FR\" \/>\r\n<meta property=\"og:type\" content=\"article\" \/>\r\n<meta property=\"og:title\" content=\"AUSTRALIAN GOLD SOOTHING ALOE 237 ML GEL APRES SOLEIL - Paracherkaoui.ma\" \/>\r\n<meta property=\"og:description\" content=\"Description: Ce \u00abGel apaisant \u00e0 l&rsquo;alo\u00e8s apr\u00e8s soleil\u00bb Australian Gold\u00ae est un gel sans huile que vous devez toujours emporter\" \/>\r\n<meta property=\"og:url\" content=\"https:\/\/paracherkaoui.ma\/index.php\/produit\/australian-gold-soothing-aloe-237-ml-gel-apres-soleil\/\" \/>\r\n<meta property=\"og:site_name\" content=\"Paracherkaoui.ma\" \/>\r\n<meta property=\"article:modified_time\" content=\"2025-12-12T18:01:49+00:00\" \/>\r\n<meta property=\"og:image\" content=\"https:\/\/paracherkaoui.ma\/wp-content\/uploads\/2025\/12\/australian-gold-soothing-aloe-237-ml-gel-apres-soleil.jpg\" \/>\r\n\t<meta property=\"og:image:width\" content=\"700\" \/>\r\n\t<meta property=\"og:image:height\" content=\"700\" \/>\r\n\t<meta property=\"og:image:type\" content=\"image\/jpeg\" \/>\r\n<meta name=\"twitter:card\" content=\"summary_large_image\" \/>\r\n<meta name=\"twitter:label1\" content=\"Dur\u00e9e de lecture estim\u00e9e\" \/>\n\t<meta name=\"twitter:data1\" content=\"1 minute\" \/>\r\n<script type=\"application\/ld+json\" class=\"yoast-schema-graph\">{\"@context\":\"https:\/\/schema.org\",\"@graph\":[{\"@type\":\"WebPage\",\"@id\":\"https:\/\/paracherkaoui.ma\/index.php\/produit\/australian-gold-soothing-aloe-237-ml-gel-apres-soleil\/\",\"url\":\"https:\/\/paracherkaoui.ma\/index.php\/produit\/australian-gold-soothing-aloe-237-ml-gel-apres-soleil\/\",\"name\":\"AUSTRALIAN GOLD SOOTHING ALOE 237 ML GEL APRES SOLEIL - Paracherkaoui.ma\",\"isPartOf\":{\"@id\":\"https:\/\/paracherkaoui.ma\/#website\"},\"primaryImageOfPage\":{\"@id\":\"https:\/\/paracherkaoui.ma\/index.php\/produit\/australian-gold-soothing-aloe-237-ml-gel-apres-soleil\/#primaryimage\"},\"image\":{\"@id\":\"https:\/\/paracherkaoui.ma\/index.php\/produit\/australian-gold-soothing-aloe-237-ml-gel-apres-soleil\/#primaryimage\"},\"thumbnailUrl\":\"https:\/\/paracherkaoui.ma\/wp-content\/uploads\/2025\/12\/australian-gold-soothing-aloe-237-ml-gel-apres-soleil.jpg\",\"datePublished\":\"2025-12-12T18:01:45+00:00\",\"dateModified\":\"2025-12-12T18:01:49+00:00\",\"breadcrumb\":{\"@id\":\"https:\/\/paracherkaoui.ma\/index.php\/produit\/australian-gold-soothing-aloe-237-ml-gel-apres-soleil\/#breadcrumb\"},\"inLanguage\":\"fr-FR\",\"potentialAction\":[{\"@type\":\"ReadAction\",\"target\":[\"https:\/\/paracherkaoui.ma\/index.php\/produit\/australian-gold-soothing-aloe-237-ml-gel-apres-soleil\/\"]}]},{\"@type\":\"ImageObject\",\"inLanguage\":\"fr-FR\",\"@id\":\"https:\/\/paracherkaoui.ma\/index.php\/produit\/australian-gold-soothing-aloe-237-ml-gel-apres-soleil\/#primaryimage\",\"url\":\"https:\/\/paracherkaoui.ma\/wp-content\/uploads\/2025\/12\/australian-gold-soothing-aloe-237-ml-gel-apres-soleil.jpg\",\"contentUrl\":\"https:\/\/paracherkaoui.ma\/wp-content\/uploads\/2025\/12\/australian-gold-soothing-aloe-237-ml-gel-apres-soleil.jpg\",\"width\":700,\"height\":700},{\"@type\":\"BreadcrumbList\",\"@id\":\"https:\/\/paracherkaoui.ma\/index.php\/produit\/australian-gold-soothing-aloe-237-ml-gel-apres-soleil\/#breadcrumb\",\"itemListElement\":[{\"@type\":\"ListItem\",\"position\":1,\"name\":\"Accueil\",\"item\":\"https:\/\/paracherkaoui.ma\/\"},{\"@type\":\"ListItem\",\"position\":2,\"name\":\"Boutique\",\"item\":\"https:\/\/paracherkaoui.ma\/index.php\/boutique\/\"},{\"@type\":\"ListItem\",\"position\":3,\"name\":\"AUSTRALIAN GOLD SOOTHING ALOE 237 ML GEL APRES SOLEIL\"}]},{\"@type\":\"WebSite\",\"@id\":\"https:\/\/paracherkaoui.ma\/#website\",\"url\":\"https:\/\/paracherkaoui.ma\/\",\"name\":\"Paracherkaoui.ma\",\"description\":\"Achetez en ligne sur Paracherkaoui.ma\",\"potentialAction\":[{\"@type\":\"SearchAction\",\"target\":{\"@type\":\"EntryPoint\",\"urlTemplate\":\"https:\/\/paracherkaoui.ma\/?s={search_term_string}\"},\"query-input\":{\"@type\":\"PropertyValueSpecification\",\"valueRequired\":true,\"valueName\":\"search_term_string\"}}],\"inLanguage\":\"fr-FR\"}]}<\/script>\r\n<!-- \/ Yoast SEO plugin. -->","yoast_head_json":{"title":"AUSTRALIAN GOLD SOOTHING ALOE 237 ML GEL APRES SOLEIL - Paracherkaoui.ma","robots":{"index":"index","follow":"follow","max-snippet":"max-snippet:-1","max-image-preview":"max-image-preview:large","max-video-preview":"max-video-preview:-1"},"canonical":"https:\/\/paracherkaoui.ma\/index.php\/produit\/australian-gold-soothing-aloe-237-ml-gel-apres-soleil\/","og_locale":"fr_FR","og_type":"article","og_title":"AUSTRALIAN GOLD SOOTHING ALOE 237 ML GEL APRES SOLEIL - Paracherkaoui.ma","og_description":"Description: Ce \u00abGel apaisant \u00e0 l&rsquo;alo\u00e8s apr\u00e8s soleil\u00bb Australian Gold\u00ae est un gel sans huile que vous devez toujours emporter","og_url":"https:\/\/paracherkaoui.ma\/index.php\/produit\/australian-gold-soothing-aloe-237-ml-gel-apres-soleil\/","og_site_name":"Paracherkaoui.ma","article_modified_time":"2025-12-12T18:01:49+00:00","og_image":[{"width":700,"height":700,"url":"https:\/\/paracherkaoui.ma\/wp-content\/uploads\/2025\/12\/australian-gold-soothing-aloe-237-ml-gel-apres-soleil.jpg","type":"image\/jpeg"}],"twitter_card":"summary_large_image","twitter_misc":{"Dur\u00e9e de lecture estim\u00e9e":"1 minute"},"schema":{"@context":"https:\/\/schema.org","@graph":[{"@type":"WebPage","@id":"https:\/\/paracherkaoui.ma\/index.php\/produit\/australian-gold-soothing-aloe-237-ml-gel-apres-soleil\/","url":"https:\/\/paracherkaoui.ma\/index.php\/produit\/australian-gold-soothing-aloe-237-ml-gel-apres-soleil\/","name":"AUSTRALIAN GOLD SOOTHING ALOE 237 ML GEL APRES SOLEIL - Paracherkaoui.ma","isPartOf":{"@id":"https:\/\/paracherkaoui.ma\/#website"},"primaryImageOfPage":{"@id":"https:\/\/paracherkaoui.ma\/index.php\/produit\/australian-gold-soothing-aloe-237-ml-gel-apres-soleil\/#primaryimage"},"image":{"@id":"https:\/\/paracherkaoui.ma\/index.php\/produit\/australian-gold-soothing-aloe-237-ml-gel-apres-soleil\/#primaryimage"},"thumbnailUrl":"https:\/\/paracherkaoui.ma\/wp-content\/uploads\/2025\/12\/australian-gold-soothing-aloe-237-ml-gel-apres-soleil.jpg","datePublished":"2025-12-12T18:01:45+00:00","dateModified":"2025-12-12T18:01:49+00:00","breadcrumb":{"@id":"https:\/\/paracherkaoui.ma\/index.php\/produit\/australian-gold-soothing-aloe-237-ml-gel-apres-soleil\/#breadcrumb"},"inLanguage":"fr-FR","potentialAction":[{"@type":"ReadAction","target":["https:\/\/paracherkaoui.ma\/index.php\/produit\/australian-gold-soothing-aloe-237-ml-gel-apres-soleil\/"]}]},{"@type":"ImageObject","inLanguage":"fr-FR","@id":"https:\/\/paracherkaoui.ma\/index.php\/produit\/australian-gold-soothing-aloe-237-ml-gel-apres-soleil\/#primaryimage","url":"https:\/\/paracherkaoui.ma\/wp-content\/uploads\/2025\/12\/australian-gold-soothing-aloe-237-ml-gel-apres-soleil.jpg","contentUrl":"https:\/\/paracherkaoui.ma\/wp-content\/uploads\/2025\/12\/australian-gold-soothing-aloe-237-ml-gel-apres-soleil.jpg","width":700,"height":700},{"@type":"BreadcrumbList","@id":"https:\/\/paracherkaoui.ma\/index.php\/produit\/australian-gold-soothing-aloe-237-ml-gel-apres-soleil\/#breadcrumb","itemListElement":[{"@type":"ListItem","position":1,"name":"Accueil","item":"https:\/\/paracherkaoui.ma\/"},{"@type":"ListItem","position":2,"name":"Boutique","item":"https:\/\/paracherkaoui.ma\/index.php\/boutique\/"},{"@type":"ListItem","position":3,"name":"AUSTRALIAN GOLD SOOTHING ALOE 237 ML GEL APRES SOLEIL"}]},{"@type":"WebSite","@id":"https:\/\/paracherkaoui.ma\/#website","url":"https:\/\/paracherkaoui.ma\/","name":"Paracherkaoui.ma","description":"Achetez en ligne sur Paracherkaoui.ma","potentialAction":[{"@type":"SearchAction","target":{"@type":"EntryPoint","urlTemplate":"https:\/\/paracherkaoui.ma\/?s={search_term_string}"},"query-input":{"@type":"PropertyValueSpecification","valueRequired":true,"valueName":"search_term_string"}}],"inLanguage":"fr-FR"}]}},"_links":{"self":[{"href":"https:\/\/paracherkaoui.ma\/index.php\/wp-json\/wp\/v2\/product\/39065","targetHints":{"allow":["GET"]}}],"collection":[{"href":"https:\/\/paracherkaoui.ma\/index.php\/wp-json\/wp\/v2\/product"}],"about":[{"href":"https:\/\/paracherkaoui.ma\/index.php\/wp-json\/wp\/v2\/types\/product"}],"replies":[{"embeddable":true,"href":"https:\/\/paracherkaoui.ma\/index.php\/wp-json\/wp\/v2\/comments?post=39065"}],"version-history":[{"count":1,"href":"https:\/\/paracherkaoui.ma\/index.php\/wp-json\/wp\/v2\/product\/39065\/revisions"}],"predecessor-version":[{"id":39104,"href":"https:\/\/paracherkaoui.ma\/index.php\/wp-json\/wp\/v2\/product\/39065\/revisions\/39104"}],"wp:featuredmedia":[{"embeddable":true,"href":"https:\/\/paracherkaoui.ma\/index.php\/wp-json\/wp\/v2\/media\/39103"}],"wp:attachment":[{"href":"https:\/\/paracherkaoui.ma\/index.php\/wp-json\/wp\/v2\/media?parent=39065"}],"wp:term":[{"taxonomy":"product_brand","embeddable":true,"href":"https:\/\/paracherkaoui.ma\/index.php\/wp-json\/wp\/v2\/product_brand?post=39065"},{"taxonomy":"product_cat","embeddable":true,"href":"https:\/\/paracherkaoui.ma\/index.php\/wp-json\/wp\/v2\/product_cat?post=39065"},{"taxonomy":"product_tag","embeddable":true,"href":"https:\/\/paracherkaoui.ma\/index.php\/wp-json\/wp\/v2\/product_tag?post=39065"}],"curies":[{"name":"wp","href":"https:\/\/api.w.org\/{rel}","templated":true}]}}