{"id":38987,"date":"2025-12-12T19:01:36","date_gmt":"2025-12-12T18:01:36","guid":{"rendered":"https:\/\/test.ecbeaute.com\/?post_type=product&#038;p=38987"},"modified":"2025-12-12T19:01:42","modified_gmt":"2025-12-12T18:01:42","slug":"biarritz-algamaris-spray-solaire-spf50-certifie-bio-100ml","status":"publish","type":"product","link":"https:\/\/paracherkaoui.ma\/index.php\/produit\/biarritz-algamaris-spray-solaire-spf50-certifie-bio-100ml\/","title":{"rendered":"BIARRITZ ALGAMARIS SPRAY SOLAIRE SPF50+ CERTIFIE BIO 100ML"},"content":{"rendered":"<p>Description:<br \/>\nAlga-Gorria\u00a0est un puissant antioxydant qui neutralise les radicaux libres pour pr\u00e9venir les dommages cellulaires et le vieillissement cutan\u00e9 induits par le rayonnement solaire.Hypoallerg\u00e9nique, sans conservateurs, sans parfum, utilisable aussi bien chez l\u2019adulte que chez l\u2019enfant \u00e0 partir de 6 mois, assurant une tr\u00e8s haute protection, le spray solaire SPF50+ est le soin solaire id\u00e9al pour prot\u00e9ger toutes les peaux fragiles et sensibles au soleil en toutes situations (enfants et adultes).<\/p>\n","protected":false},"excerpt":{"rendered":"<p>Description: Alga-Gorria\u00a0est un puissant antioxydant qui neutralise les radicaux libres pour pr\u00e9venir les dommages cellulaires et le vieillissement cutan\u00e9 induits<\/p>\n","protected":false},"featured_media":39032,"comment_status":"open","ping_status":"closed","template":"","meta":[],"product_brand":[295],"product_cat":[680],"product_tag":[],"class_list":{"0":"post-38987","1":"product","2":"type-product","3":"status-publish","4":"has-post-thumbnail","6":"product_brand-biarritz","7":"product_cat-spray-solaire","9":"first","10":"instock","11":"shipping-taxable","12":"purchasable","13":"product-type-simple"},"yoast_head":"<!-- This site is optimized with the Yoast SEO plugin v26.6 - https:\/\/yoast.com\/wordpress\/plugins\/seo\/ -->\r\n<title>BIARRITZ ALGAMARIS SPRAY SOLAIRE SPF50+ CERTIFIE BIO 100ML - Paracherkaoui.ma<\/title>\r\n<meta name=\"robots\" content=\"index, follow, max-snippet:-1, max-image-preview:large, max-video-preview:-1\" \/>\r\n<link rel=\"canonical\" href=\"https:\/\/paracherkaoui.ma\/index.php\/produit\/biarritz-algamaris-spray-solaire-spf50-certifie-bio-100ml\/\" \/>\r\n<meta property=\"og:locale\" content=\"fr_FR\" \/>\r\n<meta property=\"og:type\" content=\"article\" \/>\r\n<meta property=\"og:title\" content=\"BIARRITZ ALGAMARIS SPRAY SOLAIRE SPF50+ CERTIFIE BIO 100ML - Paracherkaoui.ma\" \/>\r\n<meta property=\"og:description\" content=\"Description: Alga-Gorria\u00a0est un puissant antioxydant qui neutralise les radicaux libres pour pr\u00e9venir les dommages cellulaires et le vieillissement cutan\u00e9 induits\" \/>\r\n<meta property=\"og:url\" content=\"https:\/\/paracherkaoui.ma\/index.php\/produit\/biarritz-algamaris-spray-solaire-spf50-certifie-bio-100ml\/\" \/>\r\n<meta property=\"og:site_name\" content=\"Paracherkaoui.ma\" \/>\r\n<meta property=\"article:modified_time\" content=\"2025-12-12T18:01:42+00:00\" \/>\r\n<meta property=\"og:image\" content=\"https:\/\/paracherkaoui.ma\/wp-content\/uploads\/2025\/12\/biarritz-algamaris-spray-solaire-spf50-certifie-bio-100ml.jpg\" \/>\r\n\t<meta property=\"og:image:width\" content=\"700\" \/>\r\n\t<meta property=\"og:image:height\" content=\"700\" \/>\r\n\t<meta property=\"og:image:type\" content=\"image\/jpeg\" \/>\r\n<meta name=\"twitter:card\" content=\"summary_large_image\" \/>\r\n<script type=\"application\/ld+json\" class=\"yoast-schema-graph\">{\"@context\":\"https:\/\/schema.org\",\"@graph\":[{\"@type\":\"WebPage\",\"@id\":\"https:\/\/paracherkaoui.ma\/index.php\/produit\/biarritz-algamaris-spray-solaire-spf50-certifie-bio-100ml\/\",\"url\":\"https:\/\/paracherkaoui.ma\/index.php\/produit\/biarritz-algamaris-spray-solaire-spf50-certifie-bio-100ml\/\",\"name\":\"BIARRITZ ALGAMARIS SPRAY SOLAIRE SPF50+ CERTIFIE BIO 100ML - Paracherkaoui.ma\",\"isPartOf\":{\"@id\":\"https:\/\/paracherkaoui.ma\/#website\"},\"primaryImageOfPage\":{\"@id\":\"https:\/\/paracherkaoui.ma\/index.php\/produit\/biarritz-algamaris-spray-solaire-spf50-certifie-bio-100ml\/#primaryimage\"},\"image\":{\"@id\":\"https:\/\/paracherkaoui.ma\/index.php\/produit\/biarritz-algamaris-spray-solaire-spf50-certifie-bio-100ml\/#primaryimage\"},\"thumbnailUrl\":\"https:\/\/paracherkaoui.ma\/wp-content\/uploads\/2025\/12\/biarritz-algamaris-spray-solaire-spf50-certifie-bio-100ml.jpg\",\"datePublished\":\"2025-12-12T18:01:36+00:00\",\"dateModified\":\"2025-12-12T18:01:42+00:00\",\"breadcrumb\":{\"@id\":\"https:\/\/paracherkaoui.ma\/index.php\/produit\/biarritz-algamaris-spray-solaire-spf50-certifie-bio-100ml\/#breadcrumb\"},\"inLanguage\":\"fr-FR\",\"potentialAction\":[{\"@type\":\"ReadAction\",\"target\":[\"https:\/\/paracherkaoui.ma\/index.php\/produit\/biarritz-algamaris-spray-solaire-spf50-certifie-bio-100ml\/\"]}]},{\"@type\":\"ImageObject\",\"inLanguage\":\"fr-FR\",\"@id\":\"https:\/\/paracherkaoui.ma\/index.php\/produit\/biarritz-algamaris-spray-solaire-spf50-certifie-bio-100ml\/#primaryimage\",\"url\":\"https:\/\/paracherkaoui.ma\/wp-content\/uploads\/2025\/12\/biarritz-algamaris-spray-solaire-spf50-certifie-bio-100ml.jpg\",\"contentUrl\":\"https:\/\/paracherkaoui.ma\/wp-content\/uploads\/2025\/12\/biarritz-algamaris-spray-solaire-spf50-certifie-bio-100ml.jpg\",\"width\":700,\"height\":700},{\"@type\":\"BreadcrumbList\",\"@id\":\"https:\/\/paracherkaoui.ma\/index.php\/produit\/biarritz-algamaris-spray-solaire-spf50-certifie-bio-100ml\/#breadcrumb\",\"itemListElement\":[{\"@type\":\"ListItem\",\"position\":1,\"name\":\"Accueil\",\"item\":\"https:\/\/paracherkaoui.ma\/\"},{\"@type\":\"ListItem\",\"position\":2,\"name\":\"Boutique\",\"item\":\"https:\/\/paracherkaoui.ma\/index.php\/boutique\/\"},{\"@type\":\"ListItem\",\"position\":3,\"name\":\"BIARRITZ ALGAMARIS SPRAY SOLAIRE SPF50+ CERTIFIE BIO 100ML\"}]},{\"@type\":\"WebSite\",\"@id\":\"https:\/\/paracherkaoui.ma\/#website\",\"url\":\"https:\/\/paracherkaoui.ma\/\",\"name\":\"Paracherkaoui.ma\",\"description\":\"Achetez en ligne sur Paracherkaoui.ma\",\"potentialAction\":[{\"@type\":\"SearchAction\",\"target\":{\"@type\":\"EntryPoint\",\"urlTemplate\":\"https:\/\/paracherkaoui.ma\/?s={search_term_string}\"},\"query-input\":{\"@type\":\"PropertyValueSpecification\",\"valueRequired\":true,\"valueName\":\"search_term_string\"}}],\"inLanguage\":\"fr-FR\"}]}<\/script>\r\n<!-- \/ Yoast SEO plugin. -->","yoast_head_json":{"title":"BIARRITZ ALGAMARIS SPRAY SOLAIRE SPF50+ CERTIFIE BIO 100ML - Paracherkaoui.ma","robots":{"index":"index","follow":"follow","max-snippet":"max-snippet:-1","max-image-preview":"max-image-preview:large","max-video-preview":"max-video-preview:-1"},"canonical":"https:\/\/paracherkaoui.ma\/index.php\/produit\/biarritz-algamaris-spray-solaire-spf50-certifie-bio-100ml\/","og_locale":"fr_FR","og_type":"article","og_title":"BIARRITZ ALGAMARIS SPRAY SOLAIRE SPF50+ CERTIFIE BIO 100ML - Paracherkaoui.ma","og_description":"Description: Alga-Gorria\u00a0est un puissant antioxydant qui neutralise les radicaux libres pour pr\u00e9venir les dommages cellulaires et le vieillissement cutan\u00e9 induits","og_url":"https:\/\/paracherkaoui.ma\/index.php\/produit\/biarritz-algamaris-spray-solaire-spf50-certifie-bio-100ml\/","og_site_name":"Paracherkaoui.ma","article_modified_time":"2025-12-12T18:01:42+00:00","og_image":[{"width":700,"height":700,"url":"https:\/\/paracherkaoui.ma\/wp-content\/uploads\/2025\/12\/biarritz-algamaris-spray-solaire-spf50-certifie-bio-100ml.jpg","type":"image\/jpeg"}],"twitter_card":"summary_large_image","schema":{"@context":"https:\/\/schema.org","@graph":[{"@type":"WebPage","@id":"https:\/\/paracherkaoui.ma\/index.php\/produit\/biarritz-algamaris-spray-solaire-spf50-certifie-bio-100ml\/","url":"https:\/\/paracherkaoui.ma\/index.php\/produit\/biarritz-algamaris-spray-solaire-spf50-certifie-bio-100ml\/","name":"BIARRITZ ALGAMARIS SPRAY SOLAIRE SPF50+ CERTIFIE BIO 100ML - Paracherkaoui.ma","isPartOf":{"@id":"https:\/\/paracherkaoui.ma\/#website"},"primaryImageOfPage":{"@id":"https:\/\/paracherkaoui.ma\/index.php\/produit\/biarritz-algamaris-spray-solaire-spf50-certifie-bio-100ml\/#primaryimage"},"image":{"@id":"https:\/\/paracherkaoui.ma\/index.php\/produit\/biarritz-algamaris-spray-solaire-spf50-certifie-bio-100ml\/#primaryimage"},"thumbnailUrl":"https:\/\/paracherkaoui.ma\/wp-content\/uploads\/2025\/12\/biarritz-algamaris-spray-solaire-spf50-certifie-bio-100ml.jpg","datePublished":"2025-12-12T18:01:36+00:00","dateModified":"2025-12-12T18:01:42+00:00","breadcrumb":{"@id":"https:\/\/paracherkaoui.ma\/index.php\/produit\/biarritz-algamaris-spray-solaire-spf50-certifie-bio-100ml\/#breadcrumb"},"inLanguage":"fr-FR","potentialAction":[{"@type":"ReadAction","target":["https:\/\/paracherkaoui.ma\/index.php\/produit\/biarritz-algamaris-spray-solaire-spf50-certifie-bio-100ml\/"]}]},{"@type":"ImageObject","inLanguage":"fr-FR","@id":"https:\/\/paracherkaoui.ma\/index.php\/produit\/biarritz-algamaris-spray-solaire-spf50-certifie-bio-100ml\/#primaryimage","url":"https:\/\/paracherkaoui.ma\/wp-content\/uploads\/2025\/12\/biarritz-algamaris-spray-solaire-spf50-certifie-bio-100ml.jpg","contentUrl":"https:\/\/paracherkaoui.ma\/wp-content\/uploads\/2025\/12\/biarritz-algamaris-spray-solaire-spf50-certifie-bio-100ml.jpg","width":700,"height":700},{"@type":"BreadcrumbList","@id":"https:\/\/paracherkaoui.ma\/index.php\/produit\/biarritz-algamaris-spray-solaire-spf50-certifie-bio-100ml\/#breadcrumb","itemListElement":[{"@type":"ListItem","position":1,"name":"Accueil","item":"https:\/\/paracherkaoui.ma\/"},{"@type":"ListItem","position":2,"name":"Boutique","item":"https:\/\/paracherkaoui.ma\/index.php\/boutique\/"},{"@type":"ListItem","position":3,"name":"BIARRITZ ALGAMARIS SPRAY SOLAIRE SPF50+ CERTIFIE BIO 100ML"}]},{"@type":"WebSite","@id":"https:\/\/paracherkaoui.ma\/#website","url":"https:\/\/paracherkaoui.ma\/","name":"Paracherkaoui.ma","description":"Achetez en ligne sur Paracherkaoui.ma","potentialAction":[{"@type":"SearchAction","target":{"@type":"EntryPoint","urlTemplate":"https:\/\/paracherkaoui.ma\/?s={search_term_string}"},"query-input":{"@type":"PropertyValueSpecification","valueRequired":true,"valueName":"search_term_string"}}],"inLanguage":"fr-FR"}]}},"_links":{"self":[{"href":"https:\/\/paracherkaoui.ma\/index.php\/wp-json\/wp\/v2\/product\/38987","targetHints":{"allow":["GET"]}}],"collection":[{"href":"https:\/\/paracherkaoui.ma\/index.php\/wp-json\/wp\/v2\/product"}],"about":[{"href":"https:\/\/paracherkaoui.ma\/index.php\/wp-json\/wp\/v2\/types\/product"}],"replies":[{"embeddable":true,"href":"https:\/\/paracherkaoui.ma\/index.php\/wp-json\/wp\/v2\/comments?post=38987"}],"version-history":[{"count":1,"href":"https:\/\/paracherkaoui.ma\/index.php\/wp-json\/wp\/v2\/product\/38987\/revisions"}],"predecessor-version":[{"id":39033,"href":"https:\/\/paracherkaoui.ma\/index.php\/wp-json\/wp\/v2\/product\/38987\/revisions\/39033"}],"wp:featuredmedia":[{"embeddable":true,"href":"https:\/\/paracherkaoui.ma\/index.php\/wp-json\/wp\/v2\/media\/39032"}],"wp:attachment":[{"href":"https:\/\/paracherkaoui.ma\/index.php\/wp-json\/wp\/v2\/media?parent=38987"}],"wp:term":[{"taxonomy":"product_brand","embeddable":true,"href":"https:\/\/paracherkaoui.ma\/index.php\/wp-json\/wp\/v2\/product_brand?post=38987"},{"taxonomy":"product_cat","embeddable":true,"href":"https:\/\/paracherkaoui.ma\/index.php\/wp-json\/wp\/v2\/product_cat?post=38987"},{"taxonomy":"product_tag","embeddable":true,"href":"https:\/\/paracherkaoui.ma\/index.php\/wp-json\/wp\/v2\/product_tag?post=38987"}],"curies":[{"name":"wp","href":"https:\/\/api.w.org\/{rel}","templated":true}]}}