{"id":38984,"date":"2025-12-12T19:01:36","date_gmt":"2025-12-12T18:01:36","guid":{"rendered":"https:\/\/test.ecbeaute.com\/?post_type=product&#038;p=38984"},"modified":"2025-12-12T19:01:41","modified_gmt":"2025-12-12T18:01:41","slug":"biarritz-algamaris-spray-solaire-spf30-certifie-bio-100-ml","status":"publish","type":"product","link":"https:\/\/paracherkaoui.ma\/index.php\/produit\/biarritz-algamaris-spray-solaire-spf30-certifie-bio-100-ml\/","title":{"rendered":"BIARRITZ ALGAMARIS SPRAY SOLAIRE SPF30 CERTIFIE BIO 100 ML"},"content":{"rendered":"<p>Description:<br \/>\nLe spray solaire SPF30 assure une haute protection naturelle gr\u00e2ce \u00e0 ses \u00e9crans min\u00e9raux anti-UVA\/UVB et \u00e0 son extrait brevet\u00e9 d\u2019algue rouge, Alga-Gorria\u00a0, puissant antioxydant qui neutralise les radicaux libres pour pr\u00e9venir les dommages cellulaires et le vieillissement cutan\u00e9 induits par le rayonnement solaire.Sa texture fluide et l\u00e9g\u00e8re le rend tr\u00e8s facile \u00e0 \u00e9taler et \u00e0 faire p\u00e9n\u00e9trer. Le spray haute protection laisse une d\u00e9licate note parfum\u00e9e de coco et karit\u00e9 sur la peau.L\u2019indice SPF30 convient aux peaux claires et sensibles au soleil lors d\u2019activit\u00e9s ext\u00e9rieures ou aux peaux mates dans des situations d\u2019exposition plus extr\u00eames.<\/p>\n","protected":false},"excerpt":{"rendered":"<p>Description: Le spray solaire SPF30 assure une haute protection naturelle gr\u00e2ce \u00e0 ses \u00e9crans min\u00e9raux anti-UVA\/UVB et \u00e0 son extrait<\/p>\n","protected":false},"featured_media":39026,"comment_status":"open","ping_status":"closed","template":"","meta":[],"product_brand":[295],"product_cat":[680],"product_tag":[],"class_list":{"0":"post-38984","1":"product","2":"type-product","3":"status-publish","4":"has-post-thumbnail","6":"product_brand-biarritz","7":"product_cat-spray-solaire","9":"first","10":"instock","11":"shipping-taxable","12":"purchasable","13":"product-type-simple"},"yoast_head":"<!-- This site is optimized with the Yoast SEO plugin v26.6 - https:\/\/yoast.com\/wordpress\/plugins\/seo\/ -->\r\n<title>BIARRITZ ALGAMARIS SPRAY SOLAIRE SPF30 CERTIFIE BIO 100 ML - Paracherkaoui.ma<\/title>\r\n<meta name=\"robots\" content=\"index, follow, max-snippet:-1, max-image-preview:large, max-video-preview:-1\" \/>\r\n<link rel=\"canonical\" href=\"https:\/\/paracherkaoui.ma\/index.php\/produit\/biarritz-algamaris-spray-solaire-spf30-certifie-bio-100-ml\/\" \/>\r\n<meta property=\"og:locale\" content=\"fr_FR\" \/>\r\n<meta property=\"og:type\" content=\"article\" \/>\r\n<meta property=\"og:title\" content=\"BIARRITZ ALGAMARIS SPRAY SOLAIRE SPF30 CERTIFIE BIO 100 ML - Paracherkaoui.ma\" \/>\r\n<meta property=\"og:description\" content=\"Description: Le spray solaire SPF30 assure une haute protection naturelle gr\u00e2ce \u00e0 ses \u00e9crans min\u00e9raux anti-UVA\/UVB et \u00e0 son extrait\" \/>\r\n<meta property=\"og:url\" content=\"https:\/\/paracherkaoui.ma\/index.php\/produit\/biarritz-algamaris-spray-solaire-spf30-certifie-bio-100-ml\/\" \/>\r\n<meta property=\"og:site_name\" content=\"Paracherkaoui.ma\" \/>\r\n<meta property=\"article:modified_time\" content=\"2025-12-12T18:01:41+00:00\" \/>\r\n<meta property=\"og:image\" content=\"https:\/\/paracherkaoui.ma\/wp-content\/uploads\/2025\/12\/biarritz-algamaris-spray-solaire-spf30-certifie-bio-100-ml.jpg\" \/>\r\n\t<meta property=\"og:image:width\" content=\"700\" \/>\r\n\t<meta property=\"og:image:height\" content=\"700\" \/>\r\n\t<meta property=\"og:image:type\" content=\"image\/jpeg\" \/>\r\n<meta name=\"twitter:card\" content=\"summary_large_image\" \/>\r\n<meta name=\"twitter:label1\" content=\"Dur\u00e9e de lecture estim\u00e9e\" \/>\n\t<meta name=\"twitter:data1\" content=\"1 minute\" \/>\r\n<script type=\"application\/ld+json\" class=\"yoast-schema-graph\">{\"@context\":\"https:\/\/schema.org\",\"@graph\":[{\"@type\":\"WebPage\",\"@id\":\"https:\/\/paracherkaoui.ma\/index.php\/produit\/biarritz-algamaris-spray-solaire-spf30-certifie-bio-100-ml\/\",\"url\":\"https:\/\/paracherkaoui.ma\/index.php\/produit\/biarritz-algamaris-spray-solaire-spf30-certifie-bio-100-ml\/\",\"name\":\"BIARRITZ ALGAMARIS SPRAY SOLAIRE SPF30 CERTIFIE BIO 100 ML - Paracherkaoui.ma\",\"isPartOf\":{\"@id\":\"https:\/\/paracherkaoui.ma\/#website\"},\"primaryImageOfPage\":{\"@id\":\"https:\/\/paracherkaoui.ma\/index.php\/produit\/biarritz-algamaris-spray-solaire-spf30-certifie-bio-100-ml\/#primaryimage\"},\"image\":{\"@id\":\"https:\/\/paracherkaoui.ma\/index.php\/produit\/biarritz-algamaris-spray-solaire-spf30-certifie-bio-100-ml\/#primaryimage\"},\"thumbnailUrl\":\"https:\/\/paracherkaoui.ma\/wp-content\/uploads\/2025\/12\/biarritz-algamaris-spray-solaire-spf30-certifie-bio-100-ml.jpg\",\"datePublished\":\"2025-12-12T18:01:36+00:00\",\"dateModified\":\"2025-12-12T18:01:41+00:00\",\"breadcrumb\":{\"@id\":\"https:\/\/paracherkaoui.ma\/index.php\/produit\/biarritz-algamaris-spray-solaire-spf30-certifie-bio-100-ml\/#breadcrumb\"},\"inLanguage\":\"fr-FR\",\"potentialAction\":[{\"@type\":\"ReadAction\",\"target\":[\"https:\/\/paracherkaoui.ma\/index.php\/produit\/biarritz-algamaris-spray-solaire-spf30-certifie-bio-100-ml\/\"]}]},{\"@type\":\"ImageObject\",\"inLanguage\":\"fr-FR\",\"@id\":\"https:\/\/paracherkaoui.ma\/index.php\/produit\/biarritz-algamaris-spray-solaire-spf30-certifie-bio-100-ml\/#primaryimage\",\"url\":\"https:\/\/paracherkaoui.ma\/wp-content\/uploads\/2025\/12\/biarritz-algamaris-spray-solaire-spf30-certifie-bio-100-ml.jpg\",\"contentUrl\":\"https:\/\/paracherkaoui.ma\/wp-content\/uploads\/2025\/12\/biarritz-algamaris-spray-solaire-spf30-certifie-bio-100-ml.jpg\",\"width\":700,\"height\":700},{\"@type\":\"BreadcrumbList\",\"@id\":\"https:\/\/paracherkaoui.ma\/index.php\/produit\/biarritz-algamaris-spray-solaire-spf30-certifie-bio-100-ml\/#breadcrumb\",\"itemListElement\":[{\"@type\":\"ListItem\",\"position\":1,\"name\":\"Accueil\",\"item\":\"https:\/\/paracherkaoui.ma\/\"},{\"@type\":\"ListItem\",\"position\":2,\"name\":\"Boutique\",\"item\":\"https:\/\/paracherkaoui.ma\/index.php\/boutique\/\"},{\"@type\":\"ListItem\",\"position\":3,\"name\":\"BIARRITZ ALGAMARIS SPRAY SOLAIRE SPF30 CERTIFIE BIO 100 ML\"}]},{\"@type\":\"WebSite\",\"@id\":\"https:\/\/paracherkaoui.ma\/#website\",\"url\":\"https:\/\/paracherkaoui.ma\/\",\"name\":\"Paracherkaoui.ma\",\"description\":\"Achetez en ligne sur Paracherkaoui.ma\",\"potentialAction\":[{\"@type\":\"SearchAction\",\"target\":{\"@type\":\"EntryPoint\",\"urlTemplate\":\"https:\/\/paracherkaoui.ma\/?s={search_term_string}\"},\"query-input\":{\"@type\":\"PropertyValueSpecification\",\"valueRequired\":true,\"valueName\":\"search_term_string\"}}],\"inLanguage\":\"fr-FR\"}]}<\/script>\r\n<!-- \/ Yoast SEO plugin. -->","yoast_head_json":{"title":"BIARRITZ ALGAMARIS SPRAY SOLAIRE SPF30 CERTIFIE BIO 100 ML - Paracherkaoui.ma","robots":{"index":"index","follow":"follow","max-snippet":"max-snippet:-1","max-image-preview":"max-image-preview:large","max-video-preview":"max-video-preview:-1"},"canonical":"https:\/\/paracherkaoui.ma\/index.php\/produit\/biarritz-algamaris-spray-solaire-spf30-certifie-bio-100-ml\/","og_locale":"fr_FR","og_type":"article","og_title":"BIARRITZ ALGAMARIS SPRAY SOLAIRE SPF30 CERTIFIE BIO 100 ML - Paracherkaoui.ma","og_description":"Description: Le spray solaire SPF30 assure une haute protection naturelle gr\u00e2ce \u00e0 ses \u00e9crans min\u00e9raux anti-UVA\/UVB et \u00e0 son extrait","og_url":"https:\/\/paracherkaoui.ma\/index.php\/produit\/biarritz-algamaris-spray-solaire-spf30-certifie-bio-100-ml\/","og_site_name":"Paracherkaoui.ma","article_modified_time":"2025-12-12T18:01:41+00:00","og_image":[{"width":700,"height":700,"url":"https:\/\/paracherkaoui.ma\/wp-content\/uploads\/2025\/12\/biarritz-algamaris-spray-solaire-spf30-certifie-bio-100-ml.jpg","type":"image\/jpeg"}],"twitter_card":"summary_large_image","twitter_misc":{"Dur\u00e9e de lecture estim\u00e9e":"1 minute"},"schema":{"@context":"https:\/\/schema.org","@graph":[{"@type":"WebPage","@id":"https:\/\/paracherkaoui.ma\/index.php\/produit\/biarritz-algamaris-spray-solaire-spf30-certifie-bio-100-ml\/","url":"https:\/\/paracherkaoui.ma\/index.php\/produit\/biarritz-algamaris-spray-solaire-spf30-certifie-bio-100-ml\/","name":"BIARRITZ ALGAMARIS SPRAY SOLAIRE SPF30 CERTIFIE BIO 100 ML - Paracherkaoui.ma","isPartOf":{"@id":"https:\/\/paracherkaoui.ma\/#website"},"primaryImageOfPage":{"@id":"https:\/\/paracherkaoui.ma\/index.php\/produit\/biarritz-algamaris-spray-solaire-spf30-certifie-bio-100-ml\/#primaryimage"},"image":{"@id":"https:\/\/paracherkaoui.ma\/index.php\/produit\/biarritz-algamaris-spray-solaire-spf30-certifie-bio-100-ml\/#primaryimage"},"thumbnailUrl":"https:\/\/paracherkaoui.ma\/wp-content\/uploads\/2025\/12\/biarritz-algamaris-spray-solaire-spf30-certifie-bio-100-ml.jpg","datePublished":"2025-12-12T18:01:36+00:00","dateModified":"2025-12-12T18:01:41+00:00","breadcrumb":{"@id":"https:\/\/paracherkaoui.ma\/index.php\/produit\/biarritz-algamaris-spray-solaire-spf30-certifie-bio-100-ml\/#breadcrumb"},"inLanguage":"fr-FR","potentialAction":[{"@type":"ReadAction","target":["https:\/\/paracherkaoui.ma\/index.php\/produit\/biarritz-algamaris-spray-solaire-spf30-certifie-bio-100-ml\/"]}]},{"@type":"ImageObject","inLanguage":"fr-FR","@id":"https:\/\/paracherkaoui.ma\/index.php\/produit\/biarritz-algamaris-spray-solaire-spf30-certifie-bio-100-ml\/#primaryimage","url":"https:\/\/paracherkaoui.ma\/wp-content\/uploads\/2025\/12\/biarritz-algamaris-spray-solaire-spf30-certifie-bio-100-ml.jpg","contentUrl":"https:\/\/paracherkaoui.ma\/wp-content\/uploads\/2025\/12\/biarritz-algamaris-spray-solaire-spf30-certifie-bio-100-ml.jpg","width":700,"height":700},{"@type":"BreadcrumbList","@id":"https:\/\/paracherkaoui.ma\/index.php\/produit\/biarritz-algamaris-spray-solaire-spf30-certifie-bio-100-ml\/#breadcrumb","itemListElement":[{"@type":"ListItem","position":1,"name":"Accueil","item":"https:\/\/paracherkaoui.ma\/"},{"@type":"ListItem","position":2,"name":"Boutique","item":"https:\/\/paracherkaoui.ma\/index.php\/boutique\/"},{"@type":"ListItem","position":3,"name":"BIARRITZ ALGAMARIS SPRAY SOLAIRE SPF30 CERTIFIE BIO 100 ML"}]},{"@type":"WebSite","@id":"https:\/\/paracherkaoui.ma\/#website","url":"https:\/\/paracherkaoui.ma\/","name":"Paracherkaoui.ma","description":"Achetez en ligne sur Paracherkaoui.ma","potentialAction":[{"@type":"SearchAction","target":{"@type":"EntryPoint","urlTemplate":"https:\/\/paracherkaoui.ma\/?s={search_term_string}"},"query-input":{"@type":"PropertyValueSpecification","valueRequired":true,"valueName":"search_term_string"}}],"inLanguage":"fr-FR"}]}},"_links":{"self":[{"href":"https:\/\/paracherkaoui.ma\/index.php\/wp-json\/wp\/v2\/product\/38984","targetHints":{"allow":["GET"]}}],"collection":[{"href":"https:\/\/paracherkaoui.ma\/index.php\/wp-json\/wp\/v2\/product"}],"about":[{"href":"https:\/\/paracherkaoui.ma\/index.php\/wp-json\/wp\/v2\/types\/product"}],"replies":[{"embeddable":true,"href":"https:\/\/paracherkaoui.ma\/index.php\/wp-json\/wp\/v2\/comments?post=38984"}],"version-history":[{"count":1,"href":"https:\/\/paracherkaoui.ma\/index.php\/wp-json\/wp\/v2\/product\/38984\/revisions"}],"predecessor-version":[{"id":39027,"href":"https:\/\/paracherkaoui.ma\/index.php\/wp-json\/wp\/v2\/product\/38984\/revisions\/39027"}],"wp:featuredmedia":[{"embeddable":true,"href":"https:\/\/paracherkaoui.ma\/index.php\/wp-json\/wp\/v2\/media\/39026"}],"wp:attachment":[{"href":"https:\/\/paracherkaoui.ma\/index.php\/wp-json\/wp\/v2\/media?parent=38984"}],"wp:term":[{"taxonomy":"product_brand","embeddable":true,"href":"https:\/\/paracherkaoui.ma\/index.php\/wp-json\/wp\/v2\/product_brand?post=38984"},{"taxonomy":"product_cat","embeddable":true,"href":"https:\/\/paracherkaoui.ma\/index.php\/wp-json\/wp\/v2\/product_cat?post=38984"},{"taxonomy":"product_tag","embeddable":true,"href":"https:\/\/paracherkaoui.ma\/index.php\/wp-json\/wp\/v2\/product_tag?post=38984"}],"curies":[{"name":"wp","href":"https:\/\/api.w.org\/{rel}","templated":true}]}}