{"id":38983,"date":"2025-12-12T19:01:36","date_gmt":"2025-12-12T18:01:36","guid":{"rendered":"https:\/\/test.ecbeaute.com\/?post_type=product&#038;p=38983"},"modified":"2025-12-12T19:01:41","modified_gmt":"2025-12-12T18:01:41","slug":"avene-solaire-eau-thermal-spray-spf50-200-ml-2","status":"publish","type":"product","link":"https:\/\/paracherkaoui.ma\/index.php\/produit\/avene-solaire-eau-thermal-spray-spf50-200-ml-2\/","title":{"rendered":"AVENE SOLAIRE EAU THERMAL SPRAY SPF50+ 200 ML"},"content":{"rendered":"<p>Adapt\u00e9e au visage et au corps, la texture hydra-protectrice du Spray SPF 50+ offre une sensation de confort imm\u00e9diate et durable, un effet anti-dess\u00e8chement et une hydratation durant six heures. Une tr\u00e8s haute protection solaire adapt\u00e9e aux peaux sensibles expos\u00e9es \u00e0 un ensoleillement intense.<br \/>\nAu coeur du Spray SPF 50+ , spray solaire, l&rsquo;association exclusive Sunsitive\u00ae protection, issue de la Recherche Pierre Fabre et compos\u00e9e :<br \/>\n&#8211; D&rsquo;un syst\u00e8me filtrant brevet\u00e9 contenant seulement quatre filtres solaires, pour une tr\u00e8s large protection UVB-UVA stable et une tol\u00e9rance cutan\u00e9e optimale.<br \/>\n&#8211; De Provitamine E (Pr\u00e9-tocoph\u00e9ryl), puissant antioxydant, pour une protection des cellules des radicaux libres.<br \/>\n&#8211; D&rsquo;Eau thermale d&rsquo;Av\u00e8ne reconnue pour ses propri\u00e9t\u00e9s apaisantes, anti-irritantes et adoucissantes.<br \/>\nSon syst\u00e8me OPEN \/ STOP offre plus de praticit\u00e9 et de respect de l&rsquo;environnement : OPEN &#8211; tournez et l&#8217;embout appara\u00eet, STOP : tournez et l&#8217;embout dispara\u00eet.<br \/>\nLes bienfaits :<br \/>\n\u2022 PHOTOPROTECTEUR : des filtres UVB-UVA photostables qui luttent contre les effets nocifs du rayonnement solaire.<br \/>\n\u2022 ANTIOXYDANT : contribue \u00e0 assurer une protection des cellules contre les radicaux libres.<br \/>\n\u2022 R\u00c9SISTANT \u00c0 L&rsquo;EAU : prot\u00e8ge la peau des effets n\u00e9fastes du soleil m\u00eame lors de la baignade.<br \/>\n\u2022 HYDRATANT : hydrate les couches sup\u00e9rieures de la peau.<br \/>\n\u2022 SANS EFFET BLANC : pour un teint naturel et une protection invisible.<\/p>\n<p>Conseils d&rsquo;utilisation:<br \/>\nAvant l&rsquo;exposition au soleil, appliquez g\u00e9n\u00e9reusement sur le visage et\/ou le corps (par exemple, 6 pulv\u00e9risations sur l&rsquo;avant-bras). Renouvelez fr\u00e9quemment pour maintenir la protection, surtout apr\u00e8s avoir transpir\u00e9, nag\u00e9 ou vous \u00eatre essuy\u00e9.<\/p>\n","protected":false},"excerpt":{"rendered":"<p>Adapt\u00e9e au visage et au corps, la texture hydra-protectrice du Spray SPF 50+ offre une sensation de confort imm\u00e9diate et<\/p>\n","protected":false},"featured_media":13151,"comment_status":"open","ping_status":"closed","template":"","meta":[],"product_brand":[136],"product_cat":[680],"product_tag":[],"class_list":{"0":"post-38983","1":"product","2":"type-product","3":"status-publish","4":"has-post-thumbnail","6":"product_brand-avene","7":"product_cat-spray-solaire","9":"first","10":"instock","11":"sale","12":"shipping-taxable","13":"purchasable","14":"product-type-simple"},"yoast_head":"<!-- This site is optimized with the Yoast SEO plugin v26.6 - https:\/\/yoast.com\/wordpress\/plugins\/seo\/ -->\r\n<title>AVENE SOLAIRE EAU THERMAL SPRAY SPF50+ 200 ML - Paracherkaoui.ma<\/title>\r\n<meta name=\"robots\" content=\"index, follow, max-snippet:-1, max-image-preview:large, max-video-preview:-1\" \/>\r\n<link rel=\"canonical\" href=\"https:\/\/paracherkaoui.ma\/index.php\/produit\/avene-solaire-eau-thermal-spray-spf50-200-ml-2\/\" \/>\r\n<meta property=\"og:locale\" content=\"fr_FR\" \/>\r\n<meta property=\"og:type\" content=\"article\" \/>\r\n<meta property=\"og:title\" content=\"AVENE SOLAIRE EAU THERMAL SPRAY SPF50+ 200 ML - Paracherkaoui.ma\" \/>\r\n<meta property=\"og:description\" content=\"Adapt\u00e9e au visage et au corps, la texture hydra-protectrice du Spray SPF 50+ offre une sensation de confort imm\u00e9diate et\" \/>\r\n<meta property=\"og:url\" content=\"https:\/\/paracherkaoui.ma\/index.php\/produit\/avene-solaire-eau-thermal-spray-spf50-200-ml-2\/\" \/>\r\n<meta property=\"og:site_name\" content=\"Paracherkaoui.ma\" \/>\r\n<meta property=\"article:modified_time\" content=\"2025-12-12T18:01:41+00:00\" \/>\r\n<meta property=\"og:image\" content=\"https:\/\/paracherkaoui.ma\/wp-content\/uploads\/2025\/12\/avene-avene-solaire-eau-thermal-spray-spf50-200-ml-spray.jpg\" \/>\r\n\t<meta property=\"og:image:width\" content=\"700\" \/>\r\n\t<meta property=\"og:image:height\" content=\"700\" \/>\r\n\t<meta property=\"og:image:type\" content=\"image\/jpeg\" \/>\r\n<meta name=\"twitter:card\" content=\"summary_large_image\" \/>\r\n<meta name=\"twitter:label1\" content=\"Dur\u00e9e de lecture estim\u00e9e\" \/>\n\t<meta name=\"twitter:data1\" content=\"1 minute\" \/>\r\n<script type=\"application\/ld+json\" class=\"yoast-schema-graph\">{\"@context\":\"https:\/\/schema.org\",\"@graph\":[{\"@type\":\"WebPage\",\"@id\":\"https:\/\/paracherkaoui.ma\/index.php\/produit\/avene-solaire-eau-thermal-spray-spf50-200-ml-2\/\",\"url\":\"https:\/\/paracherkaoui.ma\/index.php\/produit\/avene-solaire-eau-thermal-spray-spf50-200-ml-2\/\",\"name\":\"AVENE SOLAIRE EAU THERMAL SPRAY SPF50+ 200 ML - Paracherkaoui.ma\",\"isPartOf\":{\"@id\":\"https:\/\/paracherkaoui.ma\/#website\"},\"primaryImageOfPage\":{\"@id\":\"https:\/\/paracherkaoui.ma\/index.php\/produit\/avene-solaire-eau-thermal-spray-spf50-200-ml-2\/#primaryimage\"},\"image\":{\"@id\":\"https:\/\/paracherkaoui.ma\/index.php\/produit\/avene-solaire-eau-thermal-spray-spf50-200-ml-2\/#primaryimage\"},\"thumbnailUrl\":\"https:\/\/paracherkaoui.ma\/wp-content\/uploads\/2025\/12\/avene-avene-solaire-eau-thermal-spray-spf50-200-ml-spray.jpg\",\"datePublished\":\"2025-12-12T18:01:36+00:00\",\"dateModified\":\"2025-12-12T18:01:41+00:00\",\"breadcrumb\":{\"@id\":\"https:\/\/paracherkaoui.ma\/index.php\/produit\/avene-solaire-eau-thermal-spray-spf50-200-ml-2\/#breadcrumb\"},\"inLanguage\":\"fr-FR\",\"potentialAction\":[{\"@type\":\"ReadAction\",\"target\":[\"https:\/\/paracherkaoui.ma\/index.php\/produit\/avene-solaire-eau-thermal-spray-spf50-200-ml-2\/\"]}]},{\"@type\":\"ImageObject\",\"inLanguage\":\"fr-FR\",\"@id\":\"https:\/\/paracherkaoui.ma\/index.php\/produit\/avene-solaire-eau-thermal-spray-spf50-200-ml-2\/#primaryimage\",\"url\":\"https:\/\/paracherkaoui.ma\/wp-content\/uploads\/2025\/12\/avene-avene-solaire-eau-thermal-spray-spf50-200-ml-spray.jpg\",\"contentUrl\":\"https:\/\/paracherkaoui.ma\/wp-content\/uploads\/2025\/12\/avene-avene-solaire-eau-thermal-spray-spf50-200-ml-spray.jpg\",\"width\":700,\"height\":700},{\"@type\":\"BreadcrumbList\",\"@id\":\"https:\/\/paracherkaoui.ma\/index.php\/produit\/avene-solaire-eau-thermal-spray-spf50-200-ml-2\/#breadcrumb\",\"itemListElement\":[{\"@type\":\"ListItem\",\"position\":1,\"name\":\"Accueil\",\"item\":\"https:\/\/paracherkaoui.ma\/\"},{\"@type\":\"ListItem\",\"position\":2,\"name\":\"Boutique\",\"item\":\"https:\/\/paracherkaoui.ma\/index.php\/boutique\/\"},{\"@type\":\"ListItem\",\"position\":3,\"name\":\"AVENE SOLAIRE EAU THERMAL SPRAY SPF50+ 200 ML\"}]},{\"@type\":\"WebSite\",\"@id\":\"https:\/\/paracherkaoui.ma\/#website\",\"url\":\"https:\/\/paracherkaoui.ma\/\",\"name\":\"Paracherkaoui.ma\",\"description\":\"Achetez en ligne sur Paracherkaoui.ma\",\"potentialAction\":[{\"@type\":\"SearchAction\",\"target\":{\"@type\":\"EntryPoint\",\"urlTemplate\":\"https:\/\/paracherkaoui.ma\/?s={search_term_string}\"},\"query-input\":{\"@type\":\"PropertyValueSpecification\",\"valueRequired\":true,\"valueName\":\"search_term_string\"}}],\"inLanguage\":\"fr-FR\"}]}<\/script>\r\n<!-- \/ Yoast SEO plugin. -->","yoast_head_json":{"title":"AVENE SOLAIRE EAU THERMAL SPRAY SPF50+ 200 ML - Paracherkaoui.ma","robots":{"index":"index","follow":"follow","max-snippet":"max-snippet:-1","max-image-preview":"max-image-preview:large","max-video-preview":"max-video-preview:-1"},"canonical":"https:\/\/paracherkaoui.ma\/index.php\/produit\/avene-solaire-eau-thermal-spray-spf50-200-ml-2\/","og_locale":"fr_FR","og_type":"article","og_title":"AVENE SOLAIRE EAU THERMAL SPRAY SPF50+ 200 ML - Paracherkaoui.ma","og_description":"Adapt\u00e9e au visage et au corps, la texture hydra-protectrice du Spray SPF 50+ offre une sensation de confort imm\u00e9diate et","og_url":"https:\/\/paracherkaoui.ma\/index.php\/produit\/avene-solaire-eau-thermal-spray-spf50-200-ml-2\/","og_site_name":"Paracherkaoui.ma","article_modified_time":"2025-12-12T18:01:41+00:00","og_image":[{"width":700,"height":700,"url":"https:\/\/paracherkaoui.ma\/wp-content\/uploads\/2025\/12\/avene-avene-solaire-eau-thermal-spray-spf50-200-ml-spray.jpg","type":"image\/jpeg"}],"twitter_card":"summary_large_image","twitter_misc":{"Dur\u00e9e de lecture estim\u00e9e":"1 minute"},"schema":{"@context":"https:\/\/schema.org","@graph":[{"@type":"WebPage","@id":"https:\/\/paracherkaoui.ma\/index.php\/produit\/avene-solaire-eau-thermal-spray-spf50-200-ml-2\/","url":"https:\/\/paracherkaoui.ma\/index.php\/produit\/avene-solaire-eau-thermal-spray-spf50-200-ml-2\/","name":"AVENE SOLAIRE EAU THERMAL SPRAY SPF50+ 200 ML - Paracherkaoui.ma","isPartOf":{"@id":"https:\/\/paracherkaoui.ma\/#website"},"primaryImageOfPage":{"@id":"https:\/\/paracherkaoui.ma\/index.php\/produit\/avene-solaire-eau-thermal-spray-spf50-200-ml-2\/#primaryimage"},"image":{"@id":"https:\/\/paracherkaoui.ma\/index.php\/produit\/avene-solaire-eau-thermal-spray-spf50-200-ml-2\/#primaryimage"},"thumbnailUrl":"https:\/\/paracherkaoui.ma\/wp-content\/uploads\/2025\/12\/avene-avene-solaire-eau-thermal-spray-spf50-200-ml-spray.jpg","datePublished":"2025-12-12T18:01:36+00:00","dateModified":"2025-12-12T18:01:41+00:00","breadcrumb":{"@id":"https:\/\/paracherkaoui.ma\/index.php\/produit\/avene-solaire-eau-thermal-spray-spf50-200-ml-2\/#breadcrumb"},"inLanguage":"fr-FR","potentialAction":[{"@type":"ReadAction","target":["https:\/\/paracherkaoui.ma\/index.php\/produit\/avene-solaire-eau-thermal-spray-spf50-200-ml-2\/"]}]},{"@type":"ImageObject","inLanguage":"fr-FR","@id":"https:\/\/paracherkaoui.ma\/index.php\/produit\/avene-solaire-eau-thermal-spray-spf50-200-ml-2\/#primaryimage","url":"https:\/\/paracherkaoui.ma\/wp-content\/uploads\/2025\/12\/avene-avene-solaire-eau-thermal-spray-spf50-200-ml-spray.jpg","contentUrl":"https:\/\/paracherkaoui.ma\/wp-content\/uploads\/2025\/12\/avene-avene-solaire-eau-thermal-spray-spf50-200-ml-spray.jpg","width":700,"height":700},{"@type":"BreadcrumbList","@id":"https:\/\/paracherkaoui.ma\/index.php\/produit\/avene-solaire-eau-thermal-spray-spf50-200-ml-2\/#breadcrumb","itemListElement":[{"@type":"ListItem","position":1,"name":"Accueil","item":"https:\/\/paracherkaoui.ma\/"},{"@type":"ListItem","position":2,"name":"Boutique","item":"https:\/\/paracherkaoui.ma\/index.php\/boutique\/"},{"@type":"ListItem","position":3,"name":"AVENE SOLAIRE EAU THERMAL SPRAY SPF50+ 200 ML"}]},{"@type":"WebSite","@id":"https:\/\/paracherkaoui.ma\/#website","url":"https:\/\/paracherkaoui.ma\/","name":"Paracherkaoui.ma","description":"Achetez en ligne sur Paracherkaoui.ma","potentialAction":[{"@type":"SearchAction","target":{"@type":"EntryPoint","urlTemplate":"https:\/\/paracherkaoui.ma\/?s={search_term_string}"},"query-input":{"@type":"PropertyValueSpecification","valueRequired":true,"valueName":"search_term_string"}}],"inLanguage":"fr-FR"}]}},"_links":{"self":[{"href":"https:\/\/paracherkaoui.ma\/index.php\/wp-json\/wp\/v2\/product\/38983","targetHints":{"allow":["GET"]}}],"collection":[{"href":"https:\/\/paracherkaoui.ma\/index.php\/wp-json\/wp\/v2\/product"}],"about":[{"href":"https:\/\/paracherkaoui.ma\/index.php\/wp-json\/wp\/v2\/types\/product"}],"replies":[{"embeddable":true,"href":"https:\/\/paracherkaoui.ma\/index.php\/wp-json\/wp\/v2\/comments?post=38983"}],"version-history":[{"count":1,"href":"https:\/\/paracherkaoui.ma\/index.php\/wp-json\/wp\/v2\/product\/38983\/revisions"}],"predecessor-version":[{"id":39025,"href":"https:\/\/paracherkaoui.ma\/index.php\/wp-json\/wp\/v2\/product\/38983\/revisions\/39025"}],"wp:featuredmedia":[{"embeddable":true,"href":"https:\/\/paracherkaoui.ma\/index.php\/wp-json\/wp\/v2\/media\/13151"}],"wp:attachment":[{"href":"https:\/\/paracherkaoui.ma\/index.php\/wp-json\/wp\/v2\/media?parent=38983"}],"wp:term":[{"taxonomy":"product_brand","embeddable":true,"href":"https:\/\/paracherkaoui.ma\/index.php\/wp-json\/wp\/v2\/product_brand?post=38983"},{"taxonomy":"product_cat","embeddable":true,"href":"https:\/\/paracherkaoui.ma\/index.php\/wp-json\/wp\/v2\/product_cat?post=38983"},{"taxonomy":"product_tag","embeddable":true,"href":"https:\/\/paracherkaoui.ma\/index.php\/wp-json\/wp\/v2\/product_tag?post=38983"}],"curies":[{"name":"wp","href":"https:\/\/api.w.org\/{rel}","templated":true}]}}