{"id":38981,"date":"2025-12-12T19:01:35","date_gmt":"2025-12-12T18:01:35","guid":{"rendered":"https:\/\/test.ecbeaute.com\/?post_type=product&#038;p=38981"},"modified":"2025-12-12T19:01:41","modified_gmt":"2025-12-12T18:01:41","slug":"lca-pharma-spray-solaire-spf-50-200-ml","status":"publish","type":"product","link":"https:\/\/paracherkaoui.ma\/index.php\/produit\/lca-pharma-spray-solaire-spf-50-200-ml\/","title":{"rendered":"LCA PHARMA SPRAY SOLAIRE SPF 50+ 200 ML"},"content":{"rendered":"<p>Le spray solaire LCA Pharma SPF 50+ est le choix id\u00e9al pour une protection solaire efficace et pratique pour toute la famille. Con\u00e7u pour offrir une d\u00e9fense optimale contre les rayons UVA et UVB, ce spray est particuli\u00e8rement adapt\u00e9 \u00e0 tous les types de peaux, y compris les plus sensibles. Sa formule avanc\u00e9e prot\u00e8ge la peau des dommages caus\u00e9s par le soleil tout en maintenant son hydratation naturelle.<br \/>\nAdapt\u00e9 aussi bien aux adultes qu&rsquo;aux enfants \u00e0 partir de 3 ans, ce spray solaire est parfait pour des journ\u00e9es ensoleill\u00e9es \u00e0 la plage, des sorties en plein air ou tout simplement pour une utilisation quotidienne. Gr\u00e2ce \u00e0 son format en spray, l&rsquo;application est simple, rapide et sans tracas. Le spray permet une r\u00e9partition homog\u00e8ne sur l\u2019ensemble du visage et du corps, garantissant une couverture compl\u00e8te et uniforme.<br \/>\nLa texture l\u00e9g\u00e8re et non grasse du spray solaire LCA Pharma SPF 50+ p\u00e9n\u00e8tre rapidement la peau, sans laisser de r\u00e9sidu collant. Vous pouvez ainsi l&rsquo;appliquer facilement, m\u00eame sur une peau mouill\u00e9e. Son efficacit\u00e9 durable vous assure une protection continue tout au long de la journ\u00e9e.<br \/>\nConseils d&rsquo;utilisation :<br \/>\nAppliquez g\u00e9n\u00e9reusement le spray solaire LCA Pharma SPF 50+ sur toutes les zones expos\u00e9es au soleil avant de sortir.<\/p>\n","protected":false},"excerpt":{"rendered":"<p>Le spray solaire LCA Pharma SPF 50+ est le choix id\u00e9al pour une protection solaire efficace et pratique pour toute<\/p>\n","protected":false},"featured_media":39021,"comment_status":"open","ping_status":"closed","template":"","meta":[],"product_brand":[397],"product_cat":[680],"product_tag":[],"class_list":{"0":"post-38981","1":"product","2":"type-product","3":"status-publish","4":"has-post-thumbnail","6":"product_brand-lca-pharma","7":"product_cat-spray-solaire","9":"first","10":"instock","11":"sale","12":"shipping-taxable","13":"purchasable","14":"product-type-simple"},"yoast_head":"<!-- This site is optimized with the Yoast SEO plugin v26.6 - https:\/\/yoast.com\/wordpress\/plugins\/seo\/ -->\r\n<title>LCA PHARMA SPRAY SOLAIRE SPF 50+ 200 ML - Paracherkaoui.ma<\/title>\r\n<meta name=\"robots\" content=\"index, follow, max-snippet:-1, max-image-preview:large, max-video-preview:-1\" \/>\r\n<link rel=\"canonical\" href=\"https:\/\/paracherkaoui.ma\/index.php\/produit\/lca-pharma-spray-solaire-spf-50-200-ml\/\" \/>\r\n<meta property=\"og:locale\" content=\"fr_FR\" \/>\r\n<meta property=\"og:type\" content=\"article\" \/>\r\n<meta property=\"og:title\" content=\"LCA PHARMA SPRAY SOLAIRE SPF 50+ 200 ML - Paracherkaoui.ma\" \/>\r\n<meta property=\"og:description\" content=\"Le spray solaire LCA Pharma SPF 50+ est le choix id\u00e9al pour une protection solaire efficace et pratique pour toute\" \/>\r\n<meta property=\"og:url\" content=\"https:\/\/paracherkaoui.ma\/index.php\/produit\/lca-pharma-spray-solaire-spf-50-200-ml\/\" \/>\r\n<meta property=\"og:site_name\" content=\"Paracherkaoui.ma\" \/>\r\n<meta property=\"article:modified_time\" content=\"2025-12-12T18:01:41+00:00\" \/>\r\n<meta property=\"og:image\" content=\"https:\/\/paracherkaoui.ma\/wp-content\/uploads\/2025\/12\/lca-pharma-lca-pharma-spray-solaire-spf-50-200-ml-sprays.jpg\" \/>\r\n\t<meta property=\"og:image:width\" content=\"700\" \/>\r\n\t<meta property=\"og:image:height\" content=\"700\" \/>\r\n\t<meta property=\"og:image:type\" content=\"image\/jpeg\" \/>\r\n<meta name=\"twitter:card\" content=\"summary_large_image\" \/>\r\n<meta name=\"twitter:label1\" content=\"Dur\u00e9e de lecture estim\u00e9e\" \/>\n\t<meta name=\"twitter:data1\" content=\"1 minute\" \/>\r\n<script type=\"application\/ld+json\" class=\"yoast-schema-graph\">{\"@context\":\"https:\/\/schema.org\",\"@graph\":[{\"@type\":\"WebPage\",\"@id\":\"https:\/\/paracherkaoui.ma\/index.php\/produit\/lca-pharma-spray-solaire-spf-50-200-ml\/\",\"url\":\"https:\/\/paracherkaoui.ma\/index.php\/produit\/lca-pharma-spray-solaire-spf-50-200-ml\/\",\"name\":\"LCA PHARMA SPRAY SOLAIRE SPF 50+ 200 ML - Paracherkaoui.ma\",\"isPartOf\":{\"@id\":\"https:\/\/paracherkaoui.ma\/#website\"},\"primaryImageOfPage\":{\"@id\":\"https:\/\/paracherkaoui.ma\/index.php\/produit\/lca-pharma-spray-solaire-spf-50-200-ml\/#primaryimage\"},\"image\":{\"@id\":\"https:\/\/paracherkaoui.ma\/index.php\/produit\/lca-pharma-spray-solaire-spf-50-200-ml\/#primaryimage\"},\"thumbnailUrl\":\"https:\/\/paracherkaoui.ma\/wp-content\/uploads\/2025\/12\/lca-pharma-lca-pharma-spray-solaire-spf-50-200-ml-sprays.jpg\",\"datePublished\":\"2025-12-12T18:01:35+00:00\",\"dateModified\":\"2025-12-12T18:01:41+00:00\",\"breadcrumb\":{\"@id\":\"https:\/\/paracherkaoui.ma\/index.php\/produit\/lca-pharma-spray-solaire-spf-50-200-ml\/#breadcrumb\"},\"inLanguage\":\"fr-FR\",\"potentialAction\":[{\"@type\":\"ReadAction\",\"target\":[\"https:\/\/paracherkaoui.ma\/index.php\/produit\/lca-pharma-spray-solaire-spf-50-200-ml\/\"]}]},{\"@type\":\"ImageObject\",\"inLanguage\":\"fr-FR\",\"@id\":\"https:\/\/paracherkaoui.ma\/index.php\/produit\/lca-pharma-spray-solaire-spf-50-200-ml\/#primaryimage\",\"url\":\"https:\/\/paracherkaoui.ma\/wp-content\/uploads\/2025\/12\/lca-pharma-lca-pharma-spray-solaire-spf-50-200-ml-sprays.jpg\",\"contentUrl\":\"https:\/\/paracherkaoui.ma\/wp-content\/uploads\/2025\/12\/lca-pharma-lca-pharma-spray-solaire-spf-50-200-ml-sprays.jpg\",\"width\":700,\"height\":700},{\"@type\":\"BreadcrumbList\",\"@id\":\"https:\/\/paracherkaoui.ma\/index.php\/produit\/lca-pharma-spray-solaire-spf-50-200-ml\/#breadcrumb\",\"itemListElement\":[{\"@type\":\"ListItem\",\"position\":1,\"name\":\"Accueil\",\"item\":\"https:\/\/paracherkaoui.ma\/\"},{\"@type\":\"ListItem\",\"position\":2,\"name\":\"Boutique\",\"item\":\"https:\/\/paracherkaoui.ma\/index.php\/boutique\/\"},{\"@type\":\"ListItem\",\"position\":3,\"name\":\"LCA PHARMA SPRAY SOLAIRE SPF 50+ 200 ML\"}]},{\"@type\":\"WebSite\",\"@id\":\"https:\/\/paracherkaoui.ma\/#website\",\"url\":\"https:\/\/paracherkaoui.ma\/\",\"name\":\"Paracherkaoui.ma\",\"description\":\"Achetez en ligne sur Paracherkaoui.ma\",\"potentialAction\":[{\"@type\":\"SearchAction\",\"target\":{\"@type\":\"EntryPoint\",\"urlTemplate\":\"https:\/\/paracherkaoui.ma\/?s={search_term_string}\"},\"query-input\":{\"@type\":\"PropertyValueSpecification\",\"valueRequired\":true,\"valueName\":\"search_term_string\"}}],\"inLanguage\":\"fr-FR\"}]}<\/script>\r\n<!-- \/ Yoast SEO plugin. -->","yoast_head_json":{"title":"LCA PHARMA SPRAY SOLAIRE SPF 50+ 200 ML - Paracherkaoui.ma","robots":{"index":"index","follow":"follow","max-snippet":"max-snippet:-1","max-image-preview":"max-image-preview:large","max-video-preview":"max-video-preview:-1"},"canonical":"https:\/\/paracherkaoui.ma\/index.php\/produit\/lca-pharma-spray-solaire-spf-50-200-ml\/","og_locale":"fr_FR","og_type":"article","og_title":"LCA PHARMA SPRAY SOLAIRE SPF 50+ 200 ML - Paracherkaoui.ma","og_description":"Le spray solaire LCA Pharma SPF 50+ est le choix id\u00e9al pour une protection solaire efficace et pratique pour toute","og_url":"https:\/\/paracherkaoui.ma\/index.php\/produit\/lca-pharma-spray-solaire-spf-50-200-ml\/","og_site_name":"Paracherkaoui.ma","article_modified_time":"2025-12-12T18:01:41+00:00","og_image":[{"width":700,"height":700,"url":"https:\/\/paracherkaoui.ma\/wp-content\/uploads\/2025\/12\/lca-pharma-lca-pharma-spray-solaire-spf-50-200-ml-sprays.jpg","type":"image\/jpeg"}],"twitter_card":"summary_large_image","twitter_misc":{"Dur\u00e9e de lecture estim\u00e9e":"1 minute"},"schema":{"@context":"https:\/\/schema.org","@graph":[{"@type":"WebPage","@id":"https:\/\/paracherkaoui.ma\/index.php\/produit\/lca-pharma-spray-solaire-spf-50-200-ml\/","url":"https:\/\/paracherkaoui.ma\/index.php\/produit\/lca-pharma-spray-solaire-spf-50-200-ml\/","name":"LCA PHARMA SPRAY SOLAIRE SPF 50+ 200 ML - Paracherkaoui.ma","isPartOf":{"@id":"https:\/\/paracherkaoui.ma\/#website"},"primaryImageOfPage":{"@id":"https:\/\/paracherkaoui.ma\/index.php\/produit\/lca-pharma-spray-solaire-spf-50-200-ml\/#primaryimage"},"image":{"@id":"https:\/\/paracherkaoui.ma\/index.php\/produit\/lca-pharma-spray-solaire-spf-50-200-ml\/#primaryimage"},"thumbnailUrl":"https:\/\/paracherkaoui.ma\/wp-content\/uploads\/2025\/12\/lca-pharma-lca-pharma-spray-solaire-spf-50-200-ml-sprays.jpg","datePublished":"2025-12-12T18:01:35+00:00","dateModified":"2025-12-12T18:01:41+00:00","breadcrumb":{"@id":"https:\/\/paracherkaoui.ma\/index.php\/produit\/lca-pharma-spray-solaire-spf-50-200-ml\/#breadcrumb"},"inLanguage":"fr-FR","potentialAction":[{"@type":"ReadAction","target":["https:\/\/paracherkaoui.ma\/index.php\/produit\/lca-pharma-spray-solaire-spf-50-200-ml\/"]}]},{"@type":"ImageObject","inLanguage":"fr-FR","@id":"https:\/\/paracherkaoui.ma\/index.php\/produit\/lca-pharma-spray-solaire-spf-50-200-ml\/#primaryimage","url":"https:\/\/paracherkaoui.ma\/wp-content\/uploads\/2025\/12\/lca-pharma-lca-pharma-spray-solaire-spf-50-200-ml-sprays.jpg","contentUrl":"https:\/\/paracherkaoui.ma\/wp-content\/uploads\/2025\/12\/lca-pharma-lca-pharma-spray-solaire-spf-50-200-ml-sprays.jpg","width":700,"height":700},{"@type":"BreadcrumbList","@id":"https:\/\/paracherkaoui.ma\/index.php\/produit\/lca-pharma-spray-solaire-spf-50-200-ml\/#breadcrumb","itemListElement":[{"@type":"ListItem","position":1,"name":"Accueil","item":"https:\/\/paracherkaoui.ma\/"},{"@type":"ListItem","position":2,"name":"Boutique","item":"https:\/\/paracherkaoui.ma\/index.php\/boutique\/"},{"@type":"ListItem","position":3,"name":"LCA PHARMA SPRAY SOLAIRE SPF 50+ 200 ML"}]},{"@type":"WebSite","@id":"https:\/\/paracherkaoui.ma\/#website","url":"https:\/\/paracherkaoui.ma\/","name":"Paracherkaoui.ma","description":"Achetez en ligne sur Paracherkaoui.ma","potentialAction":[{"@type":"SearchAction","target":{"@type":"EntryPoint","urlTemplate":"https:\/\/paracherkaoui.ma\/?s={search_term_string}"},"query-input":{"@type":"PropertyValueSpecification","valueRequired":true,"valueName":"search_term_string"}}],"inLanguage":"fr-FR"}]}},"_links":{"self":[{"href":"https:\/\/paracherkaoui.ma\/index.php\/wp-json\/wp\/v2\/product\/38981","targetHints":{"allow":["GET"]}}],"collection":[{"href":"https:\/\/paracherkaoui.ma\/index.php\/wp-json\/wp\/v2\/product"}],"about":[{"href":"https:\/\/paracherkaoui.ma\/index.php\/wp-json\/wp\/v2\/types\/product"}],"replies":[{"embeddable":true,"href":"https:\/\/paracherkaoui.ma\/index.php\/wp-json\/wp\/v2\/comments?post=38981"}],"version-history":[{"count":1,"href":"https:\/\/paracherkaoui.ma\/index.php\/wp-json\/wp\/v2\/product\/38981\/revisions"}],"predecessor-version":[{"id":39022,"href":"https:\/\/paracherkaoui.ma\/index.php\/wp-json\/wp\/v2\/product\/38981\/revisions\/39022"}],"wp:featuredmedia":[{"embeddable":true,"href":"https:\/\/paracherkaoui.ma\/index.php\/wp-json\/wp\/v2\/media\/39021"}],"wp:attachment":[{"href":"https:\/\/paracherkaoui.ma\/index.php\/wp-json\/wp\/v2\/media?parent=38981"}],"wp:term":[{"taxonomy":"product_brand","embeddable":true,"href":"https:\/\/paracherkaoui.ma\/index.php\/wp-json\/wp\/v2\/product_brand?post=38981"},{"taxonomy":"product_cat","embeddable":true,"href":"https:\/\/paracherkaoui.ma\/index.php\/wp-json\/wp\/v2\/product_cat?post=38981"},{"taxonomy":"product_tag","embeddable":true,"href":"https:\/\/paracherkaoui.ma\/index.php\/wp-json\/wp\/v2\/product_tag?post=38981"}],"curies":[{"name":"wp","href":"https:\/\/api.w.org\/{rel}","templated":true}]}}