{"id":38980,"date":"2025-12-12T19:01:35","date_gmt":"2025-12-12T18:01:35","guid":{"rendered":"https:\/\/test.ecbeaute.com\/?post_type=product&#038;p=38980"},"modified":"2025-12-12T19:01:40","modified_gmt":"2025-12-12T18:01:40","slug":"mdc-synergy-ultra-spf-50-spray-familiale-200-ml","status":"publish","type":"product","link":"https:\/\/paracherkaoui.ma\/index.php\/produit\/mdc-synergy-ultra-spf-50-spray-familiale-200-ml\/","title":{"rendered":"MDC SYNERGY ULTRA SPF 50 SPRAY FAMILIALE 200 ML"},"content":{"rendered":"<p>Assurez une protection solaire optimale pour toute la famille avec l&rsquo;\u00e9cran solaire MDC SYNERGY ULTRA SPF 50 SPRAY FAMILIAL. Sa formule avanc\u00e9e offre une tr\u00e8s haute protection contre les rayons UVA et UVB, pr\u00e9venant ainsi les coups de soleil et le vieillissement pr\u00e9matur\u00e9 de la peau. 1 Adapt\u00e9 \u00e0 tous les types de peau, m\u00eame les plus sensibles, cet \u00e9cran solaire est id\u00e9al pour les activit\u00e9s en plein air, les journ\u00e9es \u00e0 la plage ou \u00e0 la piscine. Son format spray pratique et son application facile permettent de couvrir rapidement et uniform\u00e9ment toutes les zones expos\u00e9es du corps. Sa texture l\u00e9g\u00e8re et non grasse p\u00e9n\u00e8tre rapidement dans la peau, sans laisser de film blanc. Le format familial de 200 ML est parfait pour une utilisation r\u00e9guli\u00e8re par toute la famille. Prot\u00e9gez votre famille et profitez du soleil en toute s\u00e9r\u00e9nit\u00e9 avec l&rsquo;\u00e9cran solaire MDC SYNERGY ULTRA SPF 50 SPRAY FAMILIAL<br \/>\nConseils d&rsquo;utilisation :<br \/>\nAgitez bien le flacon avant utilisation.<br \/>\nVaporisez g\u00e9n\u00e9reusement et uniform\u00e9ment sur toutes les zones expos\u00e9es du corps 15 minutes avant l&rsquo;exposition au soleil.<br \/>\nRenouvelez l&rsquo;application toutes les 2 heures, surtout apr\u00e8s avoir nag\u00e9, transpir\u00e9 ou vous \u00eatre essuy\u00e9.<\/p>\n","protected":false},"excerpt":{"rendered":"<p>Assurez une protection solaire optimale pour toute la famille avec l&rsquo;\u00e9cran solaire MDC SYNERGY ULTRA SPF 50 SPRAY FAMILIAL. Sa<\/p>\n","protected":false},"featured_media":39019,"comment_status":"open","ping_status":"closed","template":"","meta":[],"product_brand":[277],"product_cat":[680],"product_tag":[],"class_list":{"0":"post-38980","1":"product","2":"type-product","3":"status-publish","4":"has-post-thumbnail","6":"product_brand-mdc","7":"product_cat-spray-solaire","9":"first","10":"instock","11":"sale","12":"shipping-taxable","13":"purchasable","14":"product-type-simple"},"yoast_head":"<!-- This site is optimized with the Yoast SEO plugin v26.6 - https:\/\/yoast.com\/wordpress\/plugins\/seo\/ -->\r\n<title>MDC SYNERGY ULTRA SPF 50 SPRAY FAMILIALE 200 ML - Paracherkaoui.ma<\/title>\r\n<meta name=\"robots\" content=\"index, follow, max-snippet:-1, max-image-preview:large, max-video-preview:-1\" \/>\r\n<link rel=\"canonical\" href=\"https:\/\/paracherkaoui.ma\/index.php\/produit\/mdc-synergy-ultra-spf-50-spray-familiale-200-ml\/\" \/>\r\n<meta property=\"og:locale\" content=\"fr_FR\" \/>\r\n<meta property=\"og:type\" content=\"article\" \/>\r\n<meta property=\"og:title\" content=\"MDC SYNERGY ULTRA SPF 50 SPRAY FAMILIALE 200 ML - Paracherkaoui.ma\" \/>\r\n<meta property=\"og:description\" content=\"Assurez une protection solaire optimale pour toute la famille avec l&rsquo;\u00e9cran solaire MDC SYNERGY ULTRA SPF 50 SPRAY FAMILIAL. Sa\" \/>\r\n<meta property=\"og:url\" content=\"https:\/\/paracherkaoui.ma\/index.php\/produit\/mdc-synergy-ultra-spf-50-spray-familiale-200-ml\/\" \/>\r\n<meta property=\"og:site_name\" content=\"Paracherkaoui.ma\" \/>\r\n<meta property=\"article:modified_time\" content=\"2025-12-12T18:01:40+00:00\" \/>\r\n<meta property=\"og:image\" content=\"https:\/\/paracherkaoui.ma\/wp-content\/uploads\/2025\/12\/mdc-mdc-synergy-ultra-spf-50-spray-familiale-200-ml-spray-solaire.jpg\" \/>\r\n\t<meta property=\"og:image:width\" content=\"700\" \/>\r\n\t<meta property=\"og:image:height\" content=\"700\" \/>\r\n\t<meta property=\"og:image:type\" content=\"image\/jpeg\" \/>\r\n<meta name=\"twitter:card\" content=\"summary_large_image\" \/>\r\n<meta name=\"twitter:label1\" content=\"Dur\u00e9e de lecture estim\u00e9e\" \/>\n\t<meta name=\"twitter:data1\" content=\"1 minute\" \/>\r\n<script type=\"application\/ld+json\" class=\"yoast-schema-graph\">{\"@context\":\"https:\/\/schema.org\",\"@graph\":[{\"@type\":\"WebPage\",\"@id\":\"https:\/\/paracherkaoui.ma\/index.php\/produit\/mdc-synergy-ultra-spf-50-spray-familiale-200-ml\/\",\"url\":\"https:\/\/paracherkaoui.ma\/index.php\/produit\/mdc-synergy-ultra-spf-50-spray-familiale-200-ml\/\",\"name\":\"MDC SYNERGY ULTRA SPF 50 SPRAY FAMILIALE 200 ML - Paracherkaoui.ma\",\"isPartOf\":{\"@id\":\"https:\/\/paracherkaoui.ma\/#website\"},\"primaryImageOfPage\":{\"@id\":\"https:\/\/paracherkaoui.ma\/index.php\/produit\/mdc-synergy-ultra-spf-50-spray-familiale-200-ml\/#primaryimage\"},\"image\":{\"@id\":\"https:\/\/paracherkaoui.ma\/index.php\/produit\/mdc-synergy-ultra-spf-50-spray-familiale-200-ml\/#primaryimage\"},\"thumbnailUrl\":\"https:\/\/paracherkaoui.ma\/wp-content\/uploads\/2025\/12\/mdc-mdc-synergy-ultra-spf-50-spray-familiale-200-ml-spray-solaire.jpg\",\"datePublished\":\"2025-12-12T18:01:35+00:00\",\"dateModified\":\"2025-12-12T18:01:40+00:00\",\"breadcrumb\":{\"@id\":\"https:\/\/paracherkaoui.ma\/index.php\/produit\/mdc-synergy-ultra-spf-50-spray-familiale-200-ml\/#breadcrumb\"},\"inLanguage\":\"fr-FR\",\"potentialAction\":[{\"@type\":\"ReadAction\",\"target\":[\"https:\/\/paracherkaoui.ma\/index.php\/produit\/mdc-synergy-ultra-spf-50-spray-familiale-200-ml\/\"]}]},{\"@type\":\"ImageObject\",\"inLanguage\":\"fr-FR\",\"@id\":\"https:\/\/paracherkaoui.ma\/index.php\/produit\/mdc-synergy-ultra-spf-50-spray-familiale-200-ml\/#primaryimage\",\"url\":\"https:\/\/paracherkaoui.ma\/wp-content\/uploads\/2025\/12\/mdc-mdc-synergy-ultra-spf-50-spray-familiale-200-ml-spray-solaire.jpg\",\"contentUrl\":\"https:\/\/paracherkaoui.ma\/wp-content\/uploads\/2025\/12\/mdc-mdc-synergy-ultra-spf-50-spray-familiale-200-ml-spray-solaire.jpg\",\"width\":700,\"height\":700},{\"@type\":\"BreadcrumbList\",\"@id\":\"https:\/\/paracherkaoui.ma\/index.php\/produit\/mdc-synergy-ultra-spf-50-spray-familiale-200-ml\/#breadcrumb\",\"itemListElement\":[{\"@type\":\"ListItem\",\"position\":1,\"name\":\"Accueil\",\"item\":\"https:\/\/paracherkaoui.ma\/\"},{\"@type\":\"ListItem\",\"position\":2,\"name\":\"Boutique\",\"item\":\"https:\/\/paracherkaoui.ma\/index.php\/boutique\/\"},{\"@type\":\"ListItem\",\"position\":3,\"name\":\"MDC SYNERGY ULTRA SPF 50 SPRAY FAMILIALE 200 ML\"}]},{\"@type\":\"WebSite\",\"@id\":\"https:\/\/paracherkaoui.ma\/#website\",\"url\":\"https:\/\/paracherkaoui.ma\/\",\"name\":\"Paracherkaoui.ma\",\"description\":\"Achetez en ligne sur Paracherkaoui.ma\",\"potentialAction\":[{\"@type\":\"SearchAction\",\"target\":{\"@type\":\"EntryPoint\",\"urlTemplate\":\"https:\/\/paracherkaoui.ma\/?s={search_term_string}\"},\"query-input\":{\"@type\":\"PropertyValueSpecification\",\"valueRequired\":true,\"valueName\":\"search_term_string\"}}],\"inLanguage\":\"fr-FR\"}]}<\/script>\r\n<!-- \/ Yoast SEO plugin. -->","yoast_head_json":{"title":"MDC SYNERGY ULTRA SPF 50 SPRAY FAMILIALE 200 ML - Paracherkaoui.ma","robots":{"index":"index","follow":"follow","max-snippet":"max-snippet:-1","max-image-preview":"max-image-preview:large","max-video-preview":"max-video-preview:-1"},"canonical":"https:\/\/paracherkaoui.ma\/index.php\/produit\/mdc-synergy-ultra-spf-50-spray-familiale-200-ml\/","og_locale":"fr_FR","og_type":"article","og_title":"MDC SYNERGY ULTRA SPF 50 SPRAY FAMILIALE 200 ML - Paracherkaoui.ma","og_description":"Assurez une protection solaire optimale pour toute la famille avec l&rsquo;\u00e9cran solaire MDC SYNERGY ULTRA SPF 50 SPRAY FAMILIAL. Sa","og_url":"https:\/\/paracherkaoui.ma\/index.php\/produit\/mdc-synergy-ultra-spf-50-spray-familiale-200-ml\/","og_site_name":"Paracherkaoui.ma","article_modified_time":"2025-12-12T18:01:40+00:00","og_image":[{"width":700,"height":700,"url":"https:\/\/paracherkaoui.ma\/wp-content\/uploads\/2025\/12\/mdc-mdc-synergy-ultra-spf-50-spray-familiale-200-ml-spray-solaire.jpg","type":"image\/jpeg"}],"twitter_card":"summary_large_image","twitter_misc":{"Dur\u00e9e de lecture estim\u00e9e":"1 minute"},"schema":{"@context":"https:\/\/schema.org","@graph":[{"@type":"WebPage","@id":"https:\/\/paracherkaoui.ma\/index.php\/produit\/mdc-synergy-ultra-spf-50-spray-familiale-200-ml\/","url":"https:\/\/paracherkaoui.ma\/index.php\/produit\/mdc-synergy-ultra-spf-50-spray-familiale-200-ml\/","name":"MDC SYNERGY ULTRA SPF 50 SPRAY FAMILIALE 200 ML - Paracherkaoui.ma","isPartOf":{"@id":"https:\/\/paracherkaoui.ma\/#website"},"primaryImageOfPage":{"@id":"https:\/\/paracherkaoui.ma\/index.php\/produit\/mdc-synergy-ultra-spf-50-spray-familiale-200-ml\/#primaryimage"},"image":{"@id":"https:\/\/paracherkaoui.ma\/index.php\/produit\/mdc-synergy-ultra-spf-50-spray-familiale-200-ml\/#primaryimage"},"thumbnailUrl":"https:\/\/paracherkaoui.ma\/wp-content\/uploads\/2025\/12\/mdc-mdc-synergy-ultra-spf-50-spray-familiale-200-ml-spray-solaire.jpg","datePublished":"2025-12-12T18:01:35+00:00","dateModified":"2025-12-12T18:01:40+00:00","breadcrumb":{"@id":"https:\/\/paracherkaoui.ma\/index.php\/produit\/mdc-synergy-ultra-spf-50-spray-familiale-200-ml\/#breadcrumb"},"inLanguage":"fr-FR","potentialAction":[{"@type":"ReadAction","target":["https:\/\/paracherkaoui.ma\/index.php\/produit\/mdc-synergy-ultra-spf-50-spray-familiale-200-ml\/"]}]},{"@type":"ImageObject","inLanguage":"fr-FR","@id":"https:\/\/paracherkaoui.ma\/index.php\/produit\/mdc-synergy-ultra-spf-50-spray-familiale-200-ml\/#primaryimage","url":"https:\/\/paracherkaoui.ma\/wp-content\/uploads\/2025\/12\/mdc-mdc-synergy-ultra-spf-50-spray-familiale-200-ml-spray-solaire.jpg","contentUrl":"https:\/\/paracherkaoui.ma\/wp-content\/uploads\/2025\/12\/mdc-mdc-synergy-ultra-spf-50-spray-familiale-200-ml-spray-solaire.jpg","width":700,"height":700},{"@type":"BreadcrumbList","@id":"https:\/\/paracherkaoui.ma\/index.php\/produit\/mdc-synergy-ultra-spf-50-spray-familiale-200-ml\/#breadcrumb","itemListElement":[{"@type":"ListItem","position":1,"name":"Accueil","item":"https:\/\/paracherkaoui.ma\/"},{"@type":"ListItem","position":2,"name":"Boutique","item":"https:\/\/paracherkaoui.ma\/index.php\/boutique\/"},{"@type":"ListItem","position":3,"name":"MDC SYNERGY ULTRA SPF 50 SPRAY FAMILIALE 200 ML"}]},{"@type":"WebSite","@id":"https:\/\/paracherkaoui.ma\/#website","url":"https:\/\/paracherkaoui.ma\/","name":"Paracherkaoui.ma","description":"Achetez en ligne sur Paracherkaoui.ma","potentialAction":[{"@type":"SearchAction","target":{"@type":"EntryPoint","urlTemplate":"https:\/\/paracherkaoui.ma\/?s={search_term_string}"},"query-input":{"@type":"PropertyValueSpecification","valueRequired":true,"valueName":"search_term_string"}}],"inLanguage":"fr-FR"}]}},"_links":{"self":[{"href":"https:\/\/paracherkaoui.ma\/index.php\/wp-json\/wp\/v2\/product\/38980","targetHints":{"allow":["GET"]}}],"collection":[{"href":"https:\/\/paracherkaoui.ma\/index.php\/wp-json\/wp\/v2\/product"}],"about":[{"href":"https:\/\/paracherkaoui.ma\/index.php\/wp-json\/wp\/v2\/types\/product"}],"replies":[{"embeddable":true,"href":"https:\/\/paracherkaoui.ma\/index.php\/wp-json\/wp\/v2\/comments?post=38980"}],"version-history":[{"count":1,"href":"https:\/\/paracherkaoui.ma\/index.php\/wp-json\/wp\/v2\/product\/38980\/revisions"}],"predecessor-version":[{"id":39020,"href":"https:\/\/paracherkaoui.ma\/index.php\/wp-json\/wp\/v2\/product\/38980\/revisions\/39020"}],"wp:featuredmedia":[{"embeddable":true,"href":"https:\/\/paracherkaoui.ma\/index.php\/wp-json\/wp\/v2\/media\/39019"}],"wp:attachment":[{"href":"https:\/\/paracherkaoui.ma\/index.php\/wp-json\/wp\/v2\/media?parent=38980"}],"wp:term":[{"taxonomy":"product_brand","embeddable":true,"href":"https:\/\/paracherkaoui.ma\/index.php\/wp-json\/wp\/v2\/product_brand?post=38980"},{"taxonomy":"product_cat","embeddable":true,"href":"https:\/\/paracherkaoui.ma\/index.php\/wp-json\/wp\/v2\/product_cat?post=38980"},{"taxonomy":"product_tag","embeddable":true,"href":"https:\/\/paracherkaoui.ma\/index.php\/wp-json\/wp\/v2\/product_tag?post=38980"}],"curies":[{"name":"wp","href":"https:\/\/api.w.org\/{rel}","templated":true}]}}