{"id":38979,"date":"2025-12-12T19:01:35","date_gmt":"2025-12-12T18:01:35","guid":{"rendered":"https:\/\/test.ecbeaute.com\/?post_type=product&#038;p=38979"},"modified":"2025-12-12T19:01:40","modified_gmt":"2025-12-12T18:01:40","slug":"bioderma-photoderm-brume-invisible-150-ml-spf-50-2","status":"publish","type":"product","link":"https:\/\/paracherkaoui.ma\/index.php\/produit\/bioderma-photoderm-brume-invisible-150-ml-spf-50-2\/","title":{"rendered":"BIODERMA PHOTODERM BRUME INVISIBLE 150 ML SPF 50+"},"content":{"rendered":"<p>Id\u00e9ale pour toute la famille d\u00e8s 3 ans, cette brume ultra-pratique offre une tr\u00e8s haute protection UVA\/UVB, tout en respectant \u00e0 la fois la peau et l\u2019environnement.<br \/>\nGr\u00e2ce \u00e0 une formule innovante \u00e0 base de seulement 4 filtres solaires, soigneusement s\u00e9lectionn\u00e9s pour leur efficacit\u00e9, s\u00e9curit\u00e9 et innocuit\u00e9 \u00e9cologique, ce soin solaire assure une protection cellulaire renforc\u00e9e contre les effets n\u00e9fastes du soleil et du stress oxydatif. Enrichie en vitamine E antioxydante, elle prot\u00e8ge la peau des radicaux libres et pr\u00e9vient le vieillissement cutan\u00e9 pr\u00e9matur\u00e9.<br \/>\nSon application ultra-facile, sans besoin d\u2019\u00e9talement, m\u00eame \u00e0 l\u2019envers, en fait un indispensable des sorties en famille, au parc comme \u00e0 la plage. Sa texture l\u00e9g\u00e8re et invisible laisse un fini non collant et assure une sensation de fra\u00eecheur imm\u00e9diate, tout en garantissant 3 heures d\u2019hydratation.<br \/>\nCon\u00e7ue pour le visage et le corps, la Brume Invisible SPF50+ offre une tol\u00e9rance optimale, m\u00eame sur les peaux sensibles. C\u2019est la nouvelle g\u00e9n\u00e9ration de protection solaire \u00e0 adopter sans compromis.<br \/>\nConseils d\u2019utilisation :<br \/>\nVaporiser g\u00e9n\u00e9reusement \u00e0 20 cm de la peau avant l\u2019exposition solaire.<br \/>\nNe pas \u00e9taler : laisser s\u00e9cher naturellement.<br \/>\nR\u00e9appliquer toutes les 2 heures et apr\u00e8s baignade, transpiration ou frottement.<br \/>\nConvient au visage (vaporiser dans les mains d\u2019abord) et au corps.<br \/>\n\u00c9viter l\u2019inhalation directe et le contact avec les yeux.<br \/>\nComposition :<br \/>\nDIMETHYL ETHER, DIBUTYL ADIPATE, DICAPRYLYL CARBONATE, C12-15 ALKYL BENZOATE, DIISOPROPYL SEBACATE, DIETHYLHEXYL BUTAMIDO TRIAZONE, BUTYL METHOXYDIBENZOYLMETHANE<\/p>\n","protected":false},"excerpt":{"rendered":"<p>Id\u00e9ale pour toute la famille d\u00e8s 3 ans, cette brume ultra-pratique offre une tr\u00e8s haute protection UVA\/UVB, tout en respectant<\/p>\n","protected":false},"featured_media":13136,"comment_status":"open","ping_status":"closed","template":"","meta":[],"product_brand":[137],"product_cat":[680],"product_tag":[],"class_list":{"0":"post-38979","1":"product","2":"type-product","3":"status-publish","4":"has-post-thumbnail","6":"product_brand-bioderma","7":"product_cat-spray-solaire","9":"first","10":"instock","11":"sale","12":"shipping-taxable","13":"purchasable","14":"product-type-simple"},"yoast_head":"<!-- This site is optimized with the Yoast SEO plugin v26.6 - https:\/\/yoast.com\/wordpress\/plugins\/seo\/ -->\r\n<title>BIODERMA PHOTODERM BRUME INVISIBLE 150 ML SPF 50+ - Paracherkaoui.ma<\/title>\r\n<meta name=\"robots\" content=\"index, follow, max-snippet:-1, max-image-preview:large, max-video-preview:-1\" \/>\r\n<link rel=\"canonical\" href=\"https:\/\/paracherkaoui.ma\/index.php\/produit\/bioderma-photoderm-brume-invisible-150-ml-spf-50-2\/\" \/>\r\n<meta property=\"og:locale\" content=\"fr_FR\" \/>\r\n<meta property=\"og:type\" content=\"article\" \/>\r\n<meta property=\"og:title\" content=\"BIODERMA PHOTODERM BRUME INVISIBLE 150 ML SPF 50+ - Paracherkaoui.ma\" \/>\r\n<meta property=\"og:description\" content=\"Id\u00e9ale pour toute la famille d\u00e8s 3 ans, cette brume ultra-pratique offre une tr\u00e8s haute protection UVA\/UVB, tout en respectant\" \/>\r\n<meta property=\"og:url\" content=\"https:\/\/paracherkaoui.ma\/index.php\/produit\/bioderma-photoderm-brume-invisible-150-ml-spf-50-2\/\" \/>\r\n<meta property=\"og:site_name\" content=\"Paracherkaoui.ma\" \/>\r\n<meta property=\"article:modified_time\" content=\"2025-12-12T18:01:40+00:00\" \/>\r\n<meta property=\"og:image\" content=\"https:\/\/paracherkaoui.ma\/wp-content\/uploads\/2025\/12\/bioderma-photoderm-brume-invisible-150-ml-spf-50.jpg\" \/>\r\n\t<meta property=\"og:image:width\" content=\"700\" \/>\r\n\t<meta property=\"og:image:height\" content=\"700\" \/>\r\n\t<meta property=\"og:image:type\" content=\"image\/jpeg\" \/>\r\n<meta name=\"twitter:card\" content=\"summary_large_image\" \/>\r\n<meta name=\"twitter:label1\" content=\"Dur\u00e9e de lecture estim\u00e9e\" \/>\n\t<meta name=\"twitter:data1\" content=\"1 minute\" \/>\r\n<script type=\"application\/ld+json\" class=\"yoast-schema-graph\">{\"@context\":\"https:\/\/schema.org\",\"@graph\":[{\"@type\":\"WebPage\",\"@id\":\"https:\/\/paracherkaoui.ma\/index.php\/produit\/bioderma-photoderm-brume-invisible-150-ml-spf-50-2\/\",\"url\":\"https:\/\/paracherkaoui.ma\/index.php\/produit\/bioderma-photoderm-brume-invisible-150-ml-spf-50-2\/\",\"name\":\"BIODERMA PHOTODERM BRUME INVISIBLE 150 ML SPF 50+ - Paracherkaoui.ma\",\"isPartOf\":{\"@id\":\"https:\/\/paracherkaoui.ma\/#website\"},\"primaryImageOfPage\":{\"@id\":\"https:\/\/paracherkaoui.ma\/index.php\/produit\/bioderma-photoderm-brume-invisible-150-ml-spf-50-2\/#primaryimage\"},\"image\":{\"@id\":\"https:\/\/paracherkaoui.ma\/index.php\/produit\/bioderma-photoderm-brume-invisible-150-ml-spf-50-2\/#primaryimage\"},\"thumbnailUrl\":\"https:\/\/paracherkaoui.ma\/wp-content\/uploads\/2025\/12\/bioderma-photoderm-brume-invisible-150-ml-spf-50.jpg\",\"datePublished\":\"2025-12-12T18:01:35+00:00\",\"dateModified\":\"2025-12-12T18:01:40+00:00\",\"breadcrumb\":{\"@id\":\"https:\/\/paracherkaoui.ma\/index.php\/produit\/bioderma-photoderm-brume-invisible-150-ml-spf-50-2\/#breadcrumb\"},\"inLanguage\":\"fr-FR\",\"potentialAction\":[{\"@type\":\"ReadAction\",\"target\":[\"https:\/\/paracherkaoui.ma\/index.php\/produit\/bioderma-photoderm-brume-invisible-150-ml-spf-50-2\/\"]}]},{\"@type\":\"ImageObject\",\"inLanguage\":\"fr-FR\",\"@id\":\"https:\/\/paracherkaoui.ma\/index.php\/produit\/bioderma-photoderm-brume-invisible-150-ml-spf-50-2\/#primaryimage\",\"url\":\"https:\/\/paracherkaoui.ma\/wp-content\/uploads\/2025\/12\/bioderma-photoderm-brume-invisible-150-ml-spf-50.jpg\",\"contentUrl\":\"https:\/\/paracherkaoui.ma\/wp-content\/uploads\/2025\/12\/bioderma-photoderm-brume-invisible-150-ml-spf-50.jpg\",\"width\":700,\"height\":700},{\"@type\":\"BreadcrumbList\",\"@id\":\"https:\/\/paracherkaoui.ma\/index.php\/produit\/bioderma-photoderm-brume-invisible-150-ml-spf-50-2\/#breadcrumb\",\"itemListElement\":[{\"@type\":\"ListItem\",\"position\":1,\"name\":\"Accueil\",\"item\":\"https:\/\/paracherkaoui.ma\/\"},{\"@type\":\"ListItem\",\"position\":2,\"name\":\"Boutique\",\"item\":\"https:\/\/paracherkaoui.ma\/index.php\/boutique\/\"},{\"@type\":\"ListItem\",\"position\":3,\"name\":\"BIODERMA PHOTODERM BRUME INVISIBLE 150 ML SPF 50+\"}]},{\"@type\":\"WebSite\",\"@id\":\"https:\/\/paracherkaoui.ma\/#website\",\"url\":\"https:\/\/paracherkaoui.ma\/\",\"name\":\"Paracherkaoui.ma\",\"description\":\"Achetez en ligne sur Paracherkaoui.ma\",\"potentialAction\":[{\"@type\":\"SearchAction\",\"target\":{\"@type\":\"EntryPoint\",\"urlTemplate\":\"https:\/\/paracherkaoui.ma\/?s={search_term_string}\"},\"query-input\":{\"@type\":\"PropertyValueSpecification\",\"valueRequired\":true,\"valueName\":\"search_term_string\"}}],\"inLanguage\":\"fr-FR\"}]}<\/script>\r\n<!-- \/ Yoast SEO plugin. -->","yoast_head_json":{"title":"BIODERMA PHOTODERM BRUME INVISIBLE 150 ML SPF 50+ - Paracherkaoui.ma","robots":{"index":"index","follow":"follow","max-snippet":"max-snippet:-1","max-image-preview":"max-image-preview:large","max-video-preview":"max-video-preview:-1"},"canonical":"https:\/\/paracherkaoui.ma\/index.php\/produit\/bioderma-photoderm-brume-invisible-150-ml-spf-50-2\/","og_locale":"fr_FR","og_type":"article","og_title":"BIODERMA PHOTODERM BRUME INVISIBLE 150 ML SPF 50+ - Paracherkaoui.ma","og_description":"Id\u00e9ale pour toute la famille d\u00e8s 3 ans, cette brume ultra-pratique offre une tr\u00e8s haute protection UVA\/UVB, tout en respectant","og_url":"https:\/\/paracherkaoui.ma\/index.php\/produit\/bioderma-photoderm-brume-invisible-150-ml-spf-50-2\/","og_site_name":"Paracherkaoui.ma","article_modified_time":"2025-12-12T18:01:40+00:00","og_image":[{"width":700,"height":700,"url":"https:\/\/paracherkaoui.ma\/wp-content\/uploads\/2025\/12\/bioderma-photoderm-brume-invisible-150-ml-spf-50.jpg","type":"image\/jpeg"}],"twitter_card":"summary_large_image","twitter_misc":{"Dur\u00e9e de lecture estim\u00e9e":"1 minute"},"schema":{"@context":"https:\/\/schema.org","@graph":[{"@type":"WebPage","@id":"https:\/\/paracherkaoui.ma\/index.php\/produit\/bioderma-photoderm-brume-invisible-150-ml-spf-50-2\/","url":"https:\/\/paracherkaoui.ma\/index.php\/produit\/bioderma-photoderm-brume-invisible-150-ml-spf-50-2\/","name":"BIODERMA PHOTODERM BRUME INVISIBLE 150 ML SPF 50+ - Paracherkaoui.ma","isPartOf":{"@id":"https:\/\/paracherkaoui.ma\/#website"},"primaryImageOfPage":{"@id":"https:\/\/paracherkaoui.ma\/index.php\/produit\/bioderma-photoderm-brume-invisible-150-ml-spf-50-2\/#primaryimage"},"image":{"@id":"https:\/\/paracherkaoui.ma\/index.php\/produit\/bioderma-photoderm-brume-invisible-150-ml-spf-50-2\/#primaryimage"},"thumbnailUrl":"https:\/\/paracherkaoui.ma\/wp-content\/uploads\/2025\/12\/bioderma-photoderm-brume-invisible-150-ml-spf-50.jpg","datePublished":"2025-12-12T18:01:35+00:00","dateModified":"2025-12-12T18:01:40+00:00","breadcrumb":{"@id":"https:\/\/paracherkaoui.ma\/index.php\/produit\/bioderma-photoderm-brume-invisible-150-ml-spf-50-2\/#breadcrumb"},"inLanguage":"fr-FR","potentialAction":[{"@type":"ReadAction","target":["https:\/\/paracherkaoui.ma\/index.php\/produit\/bioderma-photoderm-brume-invisible-150-ml-spf-50-2\/"]}]},{"@type":"ImageObject","inLanguage":"fr-FR","@id":"https:\/\/paracherkaoui.ma\/index.php\/produit\/bioderma-photoderm-brume-invisible-150-ml-spf-50-2\/#primaryimage","url":"https:\/\/paracherkaoui.ma\/wp-content\/uploads\/2025\/12\/bioderma-photoderm-brume-invisible-150-ml-spf-50.jpg","contentUrl":"https:\/\/paracherkaoui.ma\/wp-content\/uploads\/2025\/12\/bioderma-photoderm-brume-invisible-150-ml-spf-50.jpg","width":700,"height":700},{"@type":"BreadcrumbList","@id":"https:\/\/paracherkaoui.ma\/index.php\/produit\/bioderma-photoderm-brume-invisible-150-ml-spf-50-2\/#breadcrumb","itemListElement":[{"@type":"ListItem","position":1,"name":"Accueil","item":"https:\/\/paracherkaoui.ma\/"},{"@type":"ListItem","position":2,"name":"Boutique","item":"https:\/\/paracherkaoui.ma\/index.php\/boutique\/"},{"@type":"ListItem","position":3,"name":"BIODERMA PHOTODERM BRUME INVISIBLE 150 ML SPF 50+"}]},{"@type":"WebSite","@id":"https:\/\/paracherkaoui.ma\/#website","url":"https:\/\/paracherkaoui.ma\/","name":"Paracherkaoui.ma","description":"Achetez en ligne sur Paracherkaoui.ma","potentialAction":[{"@type":"SearchAction","target":{"@type":"EntryPoint","urlTemplate":"https:\/\/paracherkaoui.ma\/?s={search_term_string}"},"query-input":{"@type":"PropertyValueSpecification","valueRequired":true,"valueName":"search_term_string"}}],"inLanguage":"fr-FR"}]}},"_links":{"self":[{"href":"https:\/\/paracherkaoui.ma\/index.php\/wp-json\/wp\/v2\/product\/38979","targetHints":{"allow":["GET"]}}],"collection":[{"href":"https:\/\/paracherkaoui.ma\/index.php\/wp-json\/wp\/v2\/product"}],"about":[{"href":"https:\/\/paracherkaoui.ma\/index.php\/wp-json\/wp\/v2\/types\/product"}],"replies":[{"embeddable":true,"href":"https:\/\/paracherkaoui.ma\/index.php\/wp-json\/wp\/v2\/comments?post=38979"}],"version-history":[{"count":1,"href":"https:\/\/paracherkaoui.ma\/index.php\/wp-json\/wp\/v2\/product\/38979\/revisions"}],"predecessor-version":[{"id":39018,"href":"https:\/\/paracherkaoui.ma\/index.php\/wp-json\/wp\/v2\/product\/38979\/revisions\/39018"}],"wp:featuredmedia":[{"embeddable":true,"href":"https:\/\/paracherkaoui.ma\/index.php\/wp-json\/wp\/v2\/media\/13136"}],"wp:attachment":[{"href":"https:\/\/paracherkaoui.ma\/index.php\/wp-json\/wp\/v2\/media?parent=38979"}],"wp:term":[{"taxonomy":"product_brand","embeddable":true,"href":"https:\/\/paracherkaoui.ma\/index.php\/wp-json\/wp\/v2\/product_brand?post=38979"},{"taxonomy":"product_cat","embeddable":true,"href":"https:\/\/paracherkaoui.ma\/index.php\/wp-json\/wp\/v2\/product_cat?post=38979"},{"taxonomy":"product_tag","embeddable":true,"href":"https:\/\/paracherkaoui.ma\/index.php\/wp-json\/wp\/v2\/product_tag?post=38979"}],"curies":[{"name":"wp","href":"https:\/\/api.w.org\/{rel}","templated":true}]}}