{"id":38977,"date":"2025-12-12T19:01:35","date_gmt":"2025-12-12T18:01:35","guid":{"rendered":"https:\/\/test.ecbeaute.com\/?post_type=product&#038;p=38977"},"modified":"2025-12-12T19:01:40","modified_gmt":"2025-12-12T18:01:40","slug":"isispharma-uveblock-spray-peaux-sensibles-spf-50-200-ml","status":"publish","type":"product","link":"https:\/\/paracherkaoui.ma\/index.php\/produit\/isispharma-uveblock-spray-peaux-sensibles-spf-50-200-ml\/","title":{"rendered":"ISISPHARMA UVEBLOCK SPRAY PEAUX SENSIBLES SPF 50 &#8211; 200 ML"},"content":{"rendered":"<p>Uveblock SPF50+ Spray, vous offre une protection de haute qualit\u00e9 contre les m\u00e9faits du soleil gr\u00e2ce au complexe SUNSTRESS PROTECT.<br \/>\nConseils d&rsquo;utilisation :<br \/>\nSur le corps<br \/>\nSprayez Uveblock SPF50+ Spray sur le corps plusieurs minutes avant une exposition solaire. Ne pas appliquez directement sur le visage mais d\u00e9posez du produit sur vos mains puis \u00e9talez sur votre peau.<br \/>\nRenouvelez votre protection fr\u00e9quemment, apr\u00e8s chaque bain, activit\u00e9 sportive ou frottement.<br \/>\nLe spray convient \u00e0 tous les membres de la famille gr\u00e2ce \u00e0 sa formule d\u00e9velopp\u00e9e pour minimiser les risques de r\u00e9actions. Son embout \u00e0 diffusion large, couvre rapidement des r\u00e9gions corporelles \u00e9tendues, comme le dos ou les jambes, tandis que sa texture l\u00e9g\u00e8re, facilite son application sur des zones plus \u00e9troites comme le visage ou le cou.<br \/>\nNon grasse et non com\u00e9dog\u00e8ne, la protection solaire s\u2019\u00e9tale tr\u00e8s facilement, ne laisse pas de traces blanches disgracieuses sur le corps et r\u00e9siste \u00e0 l\u2019eau.<\/p>\n","protected":false},"excerpt":{"rendered":"<p>Uveblock SPF50+ Spray, vous offre une protection de haute qualit\u00e9 contre les m\u00e9faits du soleil gr\u00e2ce au complexe SUNSTRESS PROTECT.<\/p>\n","protected":false},"featured_media":39014,"comment_status":"open","ping_status":"closed","template":"","meta":[],"product_brand":[321],"product_cat":[680],"product_tag":[],"class_list":{"0":"post-38977","1":"product","2":"type-product","3":"status-publish","4":"has-post-thumbnail","6":"product_brand-isispharma","7":"product_cat-spray-solaire","9":"first","10":"instock","11":"sale","12":"shipping-taxable","13":"purchasable","14":"product-type-simple"},"yoast_head":"<!-- This site is optimized with the Yoast SEO plugin v26.6 - https:\/\/yoast.com\/wordpress\/plugins\/seo\/ -->\r\n<title>ISISPHARMA UVEBLOCK SPRAY PEAUX SENSIBLES SPF 50 - 200 ML - Paracherkaoui.ma<\/title>\r\n<meta name=\"robots\" content=\"index, follow, max-snippet:-1, max-image-preview:large, max-video-preview:-1\" \/>\r\n<link rel=\"canonical\" href=\"https:\/\/paracherkaoui.ma\/index.php\/produit\/isispharma-uveblock-spray-peaux-sensibles-spf-50-200-ml\/\" \/>\r\n<meta property=\"og:locale\" content=\"fr_FR\" \/>\r\n<meta property=\"og:type\" content=\"article\" \/>\r\n<meta property=\"og:title\" content=\"ISISPHARMA UVEBLOCK SPRAY PEAUX SENSIBLES SPF 50 - 200 ML - Paracherkaoui.ma\" \/>\r\n<meta property=\"og:description\" content=\"Uveblock SPF50+ Spray, vous offre une protection de haute qualit\u00e9 contre les m\u00e9faits du soleil gr\u00e2ce au complexe SUNSTRESS PROTECT.\" \/>\r\n<meta property=\"og:url\" content=\"https:\/\/paracherkaoui.ma\/index.php\/produit\/isispharma-uveblock-spray-peaux-sensibles-spf-50-200-ml\/\" \/>\r\n<meta property=\"og:site_name\" content=\"Paracherkaoui.ma\" \/>\r\n<meta property=\"article:modified_time\" content=\"2025-12-12T18:01:40+00:00\" \/>\r\n<meta property=\"og:image\" content=\"https:\/\/paracherkaoui.ma\/wp-content\/uploads\/2025\/12\/isispharma-uveblock-spray-peaux-sensibles-spf-50-200-ml.jpg\" \/>\r\n\t<meta property=\"og:image:width\" content=\"700\" \/>\r\n\t<meta property=\"og:image:height\" content=\"700\" \/>\r\n\t<meta property=\"og:image:type\" content=\"image\/jpeg\" \/>\r\n<meta name=\"twitter:card\" content=\"summary_large_image\" \/>\r\n<meta name=\"twitter:label1\" content=\"Dur\u00e9e de lecture estim\u00e9e\" \/>\n\t<meta name=\"twitter:data1\" content=\"1 minute\" \/>\r\n<script type=\"application\/ld+json\" class=\"yoast-schema-graph\">{\"@context\":\"https:\/\/schema.org\",\"@graph\":[{\"@type\":\"WebPage\",\"@id\":\"https:\/\/paracherkaoui.ma\/index.php\/produit\/isispharma-uveblock-spray-peaux-sensibles-spf-50-200-ml\/\",\"url\":\"https:\/\/paracherkaoui.ma\/index.php\/produit\/isispharma-uveblock-spray-peaux-sensibles-spf-50-200-ml\/\",\"name\":\"ISISPHARMA UVEBLOCK SPRAY PEAUX SENSIBLES SPF 50 - 200 ML - Paracherkaoui.ma\",\"isPartOf\":{\"@id\":\"https:\/\/paracherkaoui.ma\/#website\"},\"primaryImageOfPage\":{\"@id\":\"https:\/\/paracherkaoui.ma\/index.php\/produit\/isispharma-uveblock-spray-peaux-sensibles-spf-50-200-ml\/#primaryimage\"},\"image\":{\"@id\":\"https:\/\/paracherkaoui.ma\/index.php\/produit\/isispharma-uveblock-spray-peaux-sensibles-spf-50-200-ml\/#primaryimage\"},\"thumbnailUrl\":\"https:\/\/paracherkaoui.ma\/wp-content\/uploads\/2025\/12\/isispharma-uveblock-spray-peaux-sensibles-spf-50-200-ml.jpg\",\"datePublished\":\"2025-12-12T18:01:35+00:00\",\"dateModified\":\"2025-12-12T18:01:40+00:00\",\"breadcrumb\":{\"@id\":\"https:\/\/paracherkaoui.ma\/index.php\/produit\/isispharma-uveblock-spray-peaux-sensibles-spf-50-200-ml\/#breadcrumb\"},\"inLanguage\":\"fr-FR\",\"potentialAction\":[{\"@type\":\"ReadAction\",\"target\":[\"https:\/\/paracherkaoui.ma\/index.php\/produit\/isispharma-uveblock-spray-peaux-sensibles-spf-50-200-ml\/\"]}]},{\"@type\":\"ImageObject\",\"inLanguage\":\"fr-FR\",\"@id\":\"https:\/\/paracherkaoui.ma\/index.php\/produit\/isispharma-uveblock-spray-peaux-sensibles-spf-50-200-ml\/#primaryimage\",\"url\":\"https:\/\/paracherkaoui.ma\/wp-content\/uploads\/2025\/12\/isispharma-uveblock-spray-peaux-sensibles-spf-50-200-ml.jpg\",\"contentUrl\":\"https:\/\/paracherkaoui.ma\/wp-content\/uploads\/2025\/12\/isispharma-uveblock-spray-peaux-sensibles-spf-50-200-ml.jpg\",\"width\":700,\"height\":700},{\"@type\":\"BreadcrumbList\",\"@id\":\"https:\/\/paracherkaoui.ma\/index.php\/produit\/isispharma-uveblock-spray-peaux-sensibles-spf-50-200-ml\/#breadcrumb\",\"itemListElement\":[{\"@type\":\"ListItem\",\"position\":1,\"name\":\"Accueil\",\"item\":\"https:\/\/paracherkaoui.ma\/\"},{\"@type\":\"ListItem\",\"position\":2,\"name\":\"Boutique\",\"item\":\"https:\/\/paracherkaoui.ma\/index.php\/boutique\/\"},{\"@type\":\"ListItem\",\"position\":3,\"name\":\"ISISPHARMA UVEBLOCK SPRAY PEAUX SENSIBLES SPF 50 &#8211; 200 ML\"}]},{\"@type\":\"WebSite\",\"@id\":\"https:\/\/paracherkaoui.ma\/#website\",\"url\":\"https:\/\/paracherkaoui.ma\/\",\"name\":\"Paracherkaoui.ma\",\"description\":\"Achetez en ligne sur Paracherkaoui.ma\",\"potentialAction\":[{\"@type\":\"SearchAction\",\"target\":{\"@type\":\"EntryPoint\",\"urlTemplate\":\"https:\/\/paracherkaoui.ma\/?s={search_term_string}\"},\"query-input\":{\"@type\":\"PropertyValueSpecification\",\"valueRequired\":true,\"valueName\":\"search_term_string\"}}],\"inLanguage\":\"fr-FR\"}]}<\/script>\r\n<!-- \/ Yoast SEO plugin. -->","yoast_head_json":{"title":"ISISPHARMA UVEBLOCK SPRAY PEAUX SENSIBLES SPF 50 - 200 ML - Paracherkaoui.ma","robots":{"index":"index","follow":"follow","max-snippet":"max-snippet:-1","max-image-preview":"max-image-preview:large","max-video-preview":"max-video-preview:-1"},"canonical":"https:\/\/paracherkaoui.ma\/index.php\/produit\/isispharma-uveblock-spray-peaux-sensibles-spf-50-200-ml\/","og_locale":"fr_FR","og_type":"article","og_title":"ISISPHARMA UVEBLOCK SPRAY PEAUX SENSIBLES SPF 50 - 200 ML - Paracherkaoui.ma","og_description":"Uveblock SPF50+ Spray, vous offre une protection de haute qualit\u00e9 contre les m\u00e9faits du soleil gr\u00e2ce au complexe SUNSTRESS PROTECT.","og_url":"https:\/\/paracherkaoui.ma\/index.php\/produit\/isispharma-uveblock-spray-peaux-sensibles-spf-50-200-ml\/","og_site_name":"Paracherkaoui.ma","article_modified_time":"2025-12-12T18:01:40+00:00","og_image":[{"width":700,"height":700,"url":"https:\/\/paracherkaoui.ma\/wp-content\/uploads\/2025\/12\/isispharma-uveblock-spray-peaux-sensibles-spf-50-200-ml.jpg","type":"image\/jpeg"}],"twitter_card":"summary_large_image","twitter_misc":{"Dur\u00e9e de lecture estim\u00e9e":"1 minute"},"schema":{"@context":"https:\/\/schema.org","@graph":[{"@type":"WebPage","@id":"https:\/\/paracherkaoui.ma\/index.php\/produit\/isispharma-uveblock-spray-peaux-sensibles-spf-50-200-ml\/","url":"https:\/\/paracherkaoui.ma\/index.php\/produit\/isispharma-uveblock-spray-peaux-sensibles-spf-50-200-ml\/","name":"ISISPHARMA UVEBLOCK SPRAY PEAUX SENSIBLES SPF 50 - 200 ML - Paracherkaoui.ma","isPartOf":{"@id":"https:\/\/paracherkaoui.ma\/#website"},"primaryImageOfPage":{"@id":"https:\/\/paracherkaoui.ma\/index.php\/produit\/isispharma-uveblock-spray-peaux-sensibles-spf-50-200-ml\/#primaryimage"},"image":{"@id":"https:\/\/paracherkaoui.ma\/index.php\/produit\/isispharma-uveblock-spray-peaux-sensibles-spf-50-200-ml\/#primaryimage"},"thumbnailUrl":"https:\/\/paracherkaoui.ma\/wp-content\/uploads\/2025\/12\/isispharma-uveblock-spray-peaux-sensibles-spf-50-200-ml.jpg","datePublished":"2025-12-12T18:01:35+00:00","dateModified":"2025-12-12T18:01:40+00:00","breadcrumb":{"@id":"https:\/\/paracherkaoui.ma\/index.php\/produit\/isispharma-uveblock-spray-peaux-sensibles-spf-50-200-ml\/#breadcrumb"},"inLanguage":"fr-FR","potentialAction":[{"@type":"ReadAction","target":["https:\/\/paracherkaoui.ma\/index.php\/produit\/isispharma-uveblock-spray-peaux-sensibles-spf-50-200-ml\/"]}]},{"@type":"ImageObject","inLanguage":"fr-FR","@id":"https:\/\/paracherkaoui.ma\/index.php\/produit\/isispharma-uveblock-spray-peaux-sensibles-spf-50-200-ml\/#primaryimage","url":"https:\/\/paracherkaoui.ma\/wp-content\/uploads\/2025\/12\/isispharma-uveblock-spray-peaux-sensibles-spf-50-200-ml.jpg","contentUrl":"https:\/\/paracherkaoui.ma\/wp-content\/uploads\/2025\/12\/isispharma-uveblock-spray-peaux-sensibles-spf-50-200-ml.jpg","width":700,"height":700},{"@type":"BreadcrumbList","@id":"https:\/\/paracherkaoui.ma\/index.php\/produit\/isispharma-uveblock-spray-peaux-sensibles-spf-50-200-ml\/#breadcrumb","itemListElement":[{"@type":"ListItem","position":1,"name":"Accueil","item":"https:\/\/paracherkaoui.ma\/"},{"@type":"ListItem","position":2,"name":"Boutique","item":"https:\/\/paracherkaoui.ma\/index.php\/boutique\/"},{"@type":"ListItem","position":3,"name":"ISISPHARMA UVEBLOCK SPRAY PEAUX SENSIBLES SPF 50 &#8211; 200 ML"}]},{"@type":"WebSite","@id":"https:\/\/paracherkaoui.ma\/#website","url":"https:\/\/paracherkaoui.ma\/","name":"Paracherkaoui.ma","description":"Achetez en ligne sur Paracherkaoui.ma","potentialAction":[{"@type":"SearchAction","target":{"@type":"EntryPoint","urlTemplate":"https:\/\/paracherkaoui.ma\/?s={search_term_string}"},"query-input":{"@type":"PropertyValueSpecification","valueRequired":true,"valueName":"search_term_string"}}],"inLanguage":"fr-FR"}]}},"_links":{"self":[{"href":"https:\/\/paracherkaoui.ma\/index.php\/wp-json\/wp\/v2\/product\/38977","targetHints":{"allow":["GET"]}}],"collection":[{"href":"https:\/\/paracherkaoui.ma\/index.php\/wp-json\/wp\/v2\/product"}],"about":[{"href":"https:\/\/paracherkaoui.ma\/index.php\/wp-json\/wp\/v2\/types\/product"}],"replies":[{"embeddable":true,"href":"https:\/\/paracherkaoui.ma\/index.php\/wp-json\/wp\/v2\/comments?post=38977"}],"version-history":[{"count":1,"href":"https:\/\/paracherkaoui.ma\/index.php\/wp-json\/wp\/v2\/product\/38977\/revisions"}],"predecessor-version":[{"id":39015,"href":"https:\/\/paracherkaoui.ma\/index.php\/wp-json\/wp\/v2\/product\/38977\/revisions\/39015"}],"wp:featuredmedia":[{"embeddable":true,"href":"https:\/\/paracherkaoui.ma\/index.php\/wp-json\/wp\/v2\/media\/39014"}],"wp:attachment":[{"href":"https:\/\/paracherkaoui.ma\/index.php\/wp-json\/wp\/v2\/media?parent=38977"}],"wp:term":[{"taxonomy":"product_brand","embeddable":true,"href":"https:\/\/paracherkaoui.ma\/index.php\/wp-json\/wp\/v2\/product_brand?post=38977"},{"taxonomy":"product_cat","embeddable":true,"href":"https:\/\/paracherkaoui.ma\/index.php\/wp-json\/wp\/v2\/product_cat?post=38977"},{"taxonomy":"product_tag","embeddable":true,"href":"https:\/\/paracherkaoui.ma\/index.php\/wp-json\/wp\/v2\/product_tag?post=38977"}],"curies":[{"name":"wp","href":"https:\/\/api.w.org\/{rel}","templated":true}]}}