{"id":38975,"date":"2025-12-12T19:01:34","date_gmt":"2025-12-12T18:01:34","guid":{"rendered":"https:\/\/test.ecbeaute.com\/?post_type=product&#038;p=38975"},"modified":"2025-12-12T19:01:39","modified_gmt":"2025-12-12T18:01:39","slug":"uriage-bariesun-spray-invisible-spf-50-non-parfume-200-ml","status":"publish","type":"product","link":"https:\/\/paracherkaoui.ma\/index.php\/produit\/uriage-bariesun-spray-invisible-spf-50-non-parfume-200-ml\/","title":{"rendered":"URIAGE BARIESUN SPRAY INVISIBLE SPF 50 + NON PARFUME 200 ML"},"content":{"rendered":"<p>Dot\u00e9 du brevet [TELOMERES PROTECT], il agit au c\u0153ur des cellules pour pr\u00e9server leur int\u00e9grit\u00e9 face aux agressions solaires, tandis que le brevet [BARIESUN] cr\u00e9e un film protecteur sur la peau, r\u00e9duisant la p\u00e9n\u00e9tration des filtres et augmentant leur efficacit\u00e9. Enrichi en Aquaspongines et vitamine E, ce soin solaire aide aussi \u00e0 pr\u00e9venir le dess\u00e8chement cutan\u00e9, tout en offrant une action antioxydante renforc\u00e9e.<br \/>\nCe spray se distingue par sa texture ultra-l\u00e9g\u00e8re, non collante et invisible, qui fond imm\u00e9diatement sur la peau sans laisser de trace blanche. Non parfum\u00e9 et test\u00e9 sous contr\u00f4le dermatologique, il convient aux peaux les plus sensibles et ne pique pas les yeux.<br \/>\nEngag\u00e9 pour la plan\u00e8te, Uriage a con\u00e7u ce soin dans une d\u00e9marche \u00e9coresponsable : flacon recyclable, impact r\u00e9duit sur les coraux et le plancton marin, et soutien \u00e0 1% pour la plan\u00e8te.<br \/>\nR\u00e9sultat ? Une peau hydrat\u00e9e, souple, douce et prot\u00e9g\u00e9e, avec une texture imperceptible qui donne envie de r\u00e9appliquer.<br \/>\nConseils d\u2019utilisation<br \/>\nBien agiter avant emploi.<br \/>\nAppliquer une dose suffisante avant l\u2019exposition au soleil (ex. : 8 pulv\u00e9risations pour un mollet).<br \/>\nRenouveler fr\u00e9quemment, surtout apr\u00e8s avoir transpir\u00e9, nag\u00e9 ou s\u2019\u00eatre essuy\u00e9.<br \/>\nR\u00e9duire l\u2019exposition solaire au maximum, m\u00eame bien prot\u00e9g\u00e9.<br \/>\nNe pas exposer directement les b\u00e9b\u00e9s et les jeunes enfants au soleil.<br \/>\nComposition<br \/>\nAqua (Water, Eau), Dicaprylyl Carbonate, Methylene Bis-Benzotriazolyl Tetramethylbutylphenol [Nano], Ethylhexyl Triazone, Butyl Methoxydibenzoylmethane, Diisopropyl Sebacate, Propylene Glycol Dicaprylate\/Dicaprate, C12-15 Alkyl Benzoate, Diisopropyl Adipate, Bis-Ethylhexyloxyphenol Methoxyphenyl Triazine, Heptyl Undecylenate, Triacontanyl PVP, Glycerin, C20-22 Alkyl Phosphate, C20-22 Alcohols, Decyl Glucoside, Butylene Glycol, Glucose, Benzoic Acid, Tetrasodium EDTA, Xanthan Gum, Hydrogenated Polydecene, Tocopheryl Acetate, o-Cymen-5-ol, Trehalose, Propylene Glycol, Sodium Hydroxide, Citric Acid, Ascorbyl Tetraisopalmitate, Tocopherol, Spirulina Platensis Extract, Polyquaternium-51<\/p>\n","protected":false},"excerpt":{"rendered":"<p>Dot\u00e9 du brevet [TELOMERES PROTECT], il agit au c\u0153ur des cellules pour pr\u00e9server leur int\u00e9grit\u00e9 face aux agressions solaires, tandis<\/p>\n","protected":false},"featured_media":39010,"comment_status":"open","ping_status":"closed","template":"","meta":[],"product_brand":[130],"product_cat":[680],"product_tag":[],"class_list":{"0":"post-38975","1":"product","2":"type-product","3":"status-publish","4":"has-post-thumbnail","6":"product_brand-uriage","7":"product_cat-spray-solaire","9":"first","10":"instock","11":"sale","12":"shipping-taxable","13":"purchasable","14":"product-type-simple"},"yoast_head":"<!-- This site is optimized with the Yoast SEO plugin v26.6 - https:\/\/yoast.com\/wordpress\/plugins\/seo\/ -->\r\n<title>URIAGE BARIESUN SPRAY INVISIBLE SPF 50 + NON PARFUME 200 ML - Paracherkaoui.ma<\/title>\r\n<meta name=\"robots\" content=\"index, follow, max-snippet:-1, max-image-preview:large, max-video-preview:-1\" \/>\r\n<link rel=\"canonical\" href=\"https:\/\/paracherkaoui.ma\/index.php\/produit\/uriage-bariesun-spray-invisible-spf-50-non-parfume-200-ml\/\" \/>\r\n<meta property=\"og:locale\" content=\"fr_FR\" \/>\r\n<meta property=\"og:type\" content=\"article\" \/>\r\n<meta property=\"og:title\" content=\"URIAGE BARIESUN SPRAY INVISIBLE SPF 50 + NON PARFUME 200 ML - Paracherkaoui.ma\" \/>\r\n<meta property=\"og:description\" content=\"Dot\u00e9 du brevet [TELOMERES PROTECT], il agit au c\u0153ur des cellules pour pr\u00e9server leur int\u00e9grit\u00e9 face aux agressions solaires, tandis\" \/>\r\n<meta property=\"og:url\" content=\"https:\/\/paracherkaoui.ma\/index.php\/produit\/uriage-bariesun-spray-invisible-spf-50-non-parfume-200-ml\/\" \/>\r\n<meta property=\"og:site_name\" content=\"Paracherkaoui.ma\" \/>\r\n<meta property=\"article:modified_time\" content=\"2025-12-12T18:01:39+00:00\" \/>\r\n<meta property=\"og:image\" content=\"https:\/\/paracherkaoui.ma\/wp-content\/uploads\/2025\/12\/uriage-uriage-bariesun-spray-invisible-spf-50-non-parfume-200-ml-spray-solaire.jpg\" \/>\r\n\t<meta property=\"og:image:width\" content=\"700\" \/>\r\n\t<meta property=\"og:image:height\" content=\"700\" \/>\r\n\t<meta property=\"og:image:type\" content=\"image\/jpeg\" \/>\r\n<meta name=\"twitter:card\" content=\"summary_large_image\" \/>\r\n<meta name=\"twitter:label1\" content=\"Dur\u00e9e de lecture estim\u00e9e\" \/>\n\t<meta name=\"twitter:data1\" content=\"2 minutes\" \/>\r\n<script type=\"application\/ld+json\" class=\"yoast-schema-graph\">{\"@context\":\"https:\/\/schema.org\",\"@graph\":[{\"@type\":\"WebPage\",\"@id\":\"https:\/\/paracherkaoui.ma\/index.php\/produit\/uriage-bariesun-spray-invisible-spf-50-non-parfume-200-ml\/\",\"url\":\"https:\/\/paracherkaoui.ma\/index.php\/produit\/uriage-bariesun-spray-invisible-spf-50-non-parfume-200-ml\/\",\"name\":\"URIAGE BARIESUN SPRAY INVISIBLE SPF 50 + NON PARFUME 200 ML - Paracherkaoui.ma\",\"isPartOf\":{\"@id\":\"https:\/\/paracherkaoui.ma\/#website\"},\"primaryImageOfPage\":{\"@id\":\"https:\/\/paracherkaoui.ma\/index.php\/produit\/uriage-bariesun-spray-invisible-spf-50-non-parfume-200-ml\/#primaryimage\"},\"image\":{\"@id\":\"https:\/\/paracherkaoui.ma\/index.php\/produit\/uriage-bariesun-spray-invisible-spf-50-non-parfume-200-ml\/#primaryimage\"},\"thumbnailUrl\":\"https:\/\/paracherkaoui.ma\/wp-content\/uploads\/2025\/12\/uriage-uriage-bariesun-spray-invisible-spf-50-non-parfume-200-ml-spray-solaire.jpg\",\"datePublished\":\"2025-12-12T18:01:34+00:00\",\"dateModified\":\"2025-12-12T18:01:39+00:00\",\"breadcrumb\":{\"@id\":\"https:\/\/paracherkaoui.ma\/index.php\/produit\/uriage-bariesun-spray-invisible-spf-50-non-parfume-200-ml\/#breadcrumb\"},\"inLanguage\":\"fr-FR\",\"potentialAction\":[{\"@type\":\"ReadAction\",\"target\":[\"https:\/\/paracherkaoui.ma\/index.php\/produit\/uriage-bariesun-spray-invisible-spf-50-non-parfume-200-ml\/\"]}]},{\"@type\":\"ImageObject\",\"inLanguage\":\"fr-FR\",\"@id\":\"https:\/\/paracherkaoui.ma\/index.php\/produit\/uriage-bariesun-spray-invisible-spf-50-non-parfume-200-ml\/#primaryimage\",\"url\":\"https:\/\/paracherkaoui.ma\/wp-content\/uploads\/2025\/12\/uriage-uriage-bariesun-spray-invisible-spf-50-non-parfume-200-ml-spray-solaire.jpg\",\"contentUrl\":\"https:\/\/paracherkaoui.ma\/wp-content\/uploads\/2025\/12\/uriage-uriage-bariesun-spray-invisible-spf-50-non-parfume-200-ml-spray-solaire.jpg\",\"width\":700,\"height\":700},{\"@type\":\"BreadcrumbList\",\"@id\":\"https:\/\/paracherkaoui.ma\/index.php\/produit\/uriage-bariesun-spray-invisible-spf-50-non-parfume-200-ml\/#breadcrumb\",\"itemListElement\":[{\"@type\":\"ListItem\",\"position\":1,\"name\":\"Accueil\",\"item\":\"https:\/\/paracherkaoui.ma\/\"},{\"@type\":\"ListItem\",\"position\":2,\"name\":\"Boutique\",\"item\":\"https:\/\/paracherkaoui.ma\/index.php\/boutique\/\"},{\"@type\":\"ListItem\",\"position\":3,\"name\":\"URIAGE BARIESUN SPRAY INVISIBLE SPF 50 + NON PARFUME 200 ML\"}]},{\"@type\":\"WebSite\",\"@id\":\"https:\/\/paracherkaoui.ma\/#website\",\"url\":\"https:\/\/paracherkaoui.ma\/\",\"name\":\"Paracherkaoui.ma\",\"description\":\"Achetez en ligne sur Paracherkaoui.ma\",\"potentialAction\":[{\"@type\":\"SearchAction\",\"target\":{\"@type\":\"EntryPoint\",\"urlTemplate\":\"https:\/\/paracherkaoui.ma\/?s={search_term_string}\"},\"query-input\":{\"@type\":\"PropertyValueSpecification\",\"valueRequired\":true,\"valueName\":\"search_term_string\"}}],\"inLanguage\":\"fr-FR\"}]}<\/script>\r\n<!-- \/ Yoast SEO plugin. -->","yoast_head_json":{"title":"URIAGE BARIESUN SPRAY INVISIBLE SPF 50 + NON PARFUME 200 ML - Paracherkaoui.ma","robots":{"index":"index","follow":"follow","max-snippet":"max-snippet:-1","max-image-preview":"max-image-preview:large","max-video-preview":"max-video-preview:-1"},"canonical":"https:\/\/paracherkaoui.ma\/index.php\/produit\/uriage-bariesun-spray-invisible-spf-50-non-parfume-200-ml\/","og_locale":"fr_FR","og_type":"article","og_title":"URIAGE BARIESUN SPRAY INVISIBLE SPF 50 + NON PARFUME 200 ML - Paracherkaoui.ma","og_description":"Dot\u00e9 du brevet [TELOMERES PROTECT], il agit au c\u0153ur des cellules pour pr\u00e9server leur int\u00e9grit\u00e9 face aux agressions solaires, tandis","og_url":"https:\/\/paracherkaoui.ma\/index.php\/produit\/uriage-bariesun-spray-invisible-spf-50-non-parfume-200-ml\/","og_site_name":"Paracherkaoui.ma","article_modified_time":"2025-12-12T18:01:39+00:00","og_image":[{"width":700,"height":700,"url":"https:\/\/paracherkaoui.ma\/wp-content\/uploads\/2025\/12\/uriage-uriage-bariesun-spray-invisible-spf-50-non-parfume-200-ml-spray-solaire.jpg","type":"image\/jpeg"}],"twitter_card":"summary_large_image","twitter_misc":{"Dur\u00e9e de lecture estim\u00e9e":"2 minutes"},"schema":{"@context":"https:\/\/schema.org","@graph":[{"@type":"WebPage","@id":"https:\/\/paracherkaoui.ma\/index.php\/produit\/uriage-bariesun-spray-invisible-spf-50-non-parfume-200-ml\/","url":"https:\/\/paracherkaoui.ma\/index.php\/produit\/uriage-bariesun-spray-invisible-spf-50-non-parfume-200-ml\/","name":"URIAGE BARIESUN SPRAY INVISIBLE SPF 50 + NON PARFUME 200 ML - Paracherkaoui.ma","isPartOf":{"@id":"https:\/\/paracherkaoui.ma\/#website"},"primaryImageOfPage":{"@id":"https:\/\/paracherkaoui.ma\/index.php\/produit\/uriage-bariesun-spray-invisible-spf-50-non-parfume-200-ml\/#primaryimage"},"image":{"@id":"https:\/\/paracherkaoui.ma\/index.php\/produit\/uriage-bariesun-spray-invisible-spf-50-non-parfume-200-ml\/#primaryimage"},"thumbnailUrl":"https:\/\/paracherkaoui.ma\/wp-content\/uploads\/2025\/12\/uriage-uriage-bariesun-spray-invisible-spf-50-non-parfume-200-ml-spray-solaire.jpg","datePublished":"2025-12-12T18:01:34+00:00","dateModified":"2025-12-12T18:01:39+00:00","breadcrumb":{"@id":"https:\/\/paracherkaoui.ma\/index.php\/produit\/uriage-bariesun-spray-invisible-spf-50-non-parfume-200-ml\/#breadcrumb"},"inLanguage":"fr-FR","potentialAction":[{"@type":"ReadAction","target":["https:\/\/paracherkaoui.ma\/index.php\/produit\/uriage-bariesun-spray-invisible-spf-50-non-parfume-200-ml\/"]}]},{"@type":"ImageObject","inLanguage":"fr-FR","@id":"https:\/\/paracherkaoui.ma\/index.php\/produit\/uriage-bariesun-spray-invisible-spf-50-non-parfume-200-ml\/#primaryimage","url":"https:\/\/paracherkaoui.ma\/wp-content\/uploads\/2025\/12\/uriage-uriage-bariesun-spray-invisible-spf-50-non-parfume-200-ml-spray-solaire.jpg","contentUrl":"https:\/\/paracherkaoui.ma\/wp-content\/uploads\/2025\/12\/uriage-uriage-bariesun-spray-invisible-spf-50-non-parfume-200-ml-spray-solaire.jpg","width":700,"height":700},{"@type":"BreadcrumbList","@id":"https:\/\/paracherkaoui.ma\/index.php\/produit\/uriage-bariesun-spray-invisible-spf-50-non-parfume-200-ml\/#breadcrumb","itemListElement":[{"@type":"ListItem","position":1,"name":"Accueil","item":"https:\/\/paracherkaoui.ma\/"},{"@type":"ListItem","position":2,"name":"Boutique","item":"https:\/\/paracherkaoui.ma\/index.php\/boutique\/"},{"@type":"ListItem","position":3,"name":"URIAGE BARIESUN SPRAY INVISIBLE SPF 50 + NON PARFUME 200 ML"}]},{"@type":"WebSite","@id":"https:\/\/paracherkaoui.ma\/#website","url":"https:\/\/paracherkaoui.ma\/","name":"Paracherkaoui.ma","description":"Achetez en ligne sur Paracherkaoui.ma","potentialAction":[{"@type":"SearchAction","target":{"@type":"EntryPoint","urlTemplate":"https:\/\/paracherkaoui.ma\/?s={search_term_string}"},"query-input":{"@type":"PropertyValueSpecification","valueRequired":true,"valueName":"search_term_string"}}],"inLanguage":"fr-FR"}]}},"_links":{"self":[{"href":"https:\/\/paracherkaoui.ma\/index.php\/wp-json\/wp\/v2\/product\/38975","targetHints":{"allow":["GET"]}}],"collection":[{"href":"https:\/\/paracherkaoui.ma\/index.php\/wp-json\/wp\/v2\/product"}],"about":[{"href":"https:\/\/paracherkaoui.ma\/index.php\/wp-json\/wp\/v2\/types\/product"}],"replies":[{"embeddable":true,"href":"https:\/\/paracherkaoui.ma\/index.php\/wp-json\/wp\/v2\/comments?post=38975"}],"version-history":[{"count":1,"href":"https:\/\/paracherkaoui.ma\/index.php\/wp-json\/wp\/v2\/product\/38975\/revisions"}],"predecessor-version":[{"id":39011,"href":"https:\/\/paracherkaoui.ma\/index.php\/wp-json\/wp\/v2\/product\/38975\/revisions\/39011"}],"wp:featuredmedia":[{"embeddable":true,"href":"https:\/\/paracherkaoui.ma\/index.php\/wp-json\/wp\/v2\/media\/39010"}],"wp:attachment":[{"href":"https:\/\/paracherkaoui.ma\/index.php\/wp-json\/wp\/v2\/media?parent=38975"}],"wp:term":[{"taxonomy":"product_brand","embeddable":true,"href":"https:\/\/paracherkaoui.ma\/index.php\/wp-json\/wp\/v2\/product_brand?post=38975"},{"taxonomy":"product_cat","embeddable":true,"href":"https:\/\/paracherkaoui.ma\/index.php\/wp-json\/wp\/v2\/product_cat?post=38975"},{"taxonomy":"product_tag","embeddable":true,"href":"https:\/\/paracherkaoui.ma\/index.php\/wp-json\/wp\/v2\/product_tag?post=38975"}],"curies":[{"name":"wp","href":"https:\/\/api.w.org\/{rel}","templated":true}]}}