{"id":38926,"date":"2025-12-12T19:01:17","date_gmt":"2025-12-12T18:01:17","guid":{"rendered":"https:\/\/test.ecbeaute.com\/?post_type=product&#038;p=38926"},"modified":"2025-12-12T19:01:19","modified_gmt":"2025-12-12T18:01:19","slug":"cantabria-heliocare-360-pediatrics-lotion-spray-spf-50","status":"publish","type":"product","link":"https:\/\/paracherkaoui.ma\/index.php\/produit\/cantabria-heliocare-360-pediatrics-lotion-spray-spf-50\/","title":{"rendered":"CANTABRIA HELIOCARE 360 pediatrics lotion spray spf 50"},"content":{"rendered":"<p>Heliocare 360 Pediatrics Atopic Lotion Spray SPF50 est un \u00e9cran solaire \u00e0 spectre complet, facile \u00e0 appliquer et \u00e0 \u00e9taler gr\u00e2ce \u00e0 sa texture fluide et son applicateur \u00e0 g\u00e2chette.<br \/>\nSp\u00e9cialement formul\u00e9 pour apporter hydratation et protection \u00e0 la peau sensible et atopique des b\u00e9b\u00e9s et des enfants, ce produit contient des actifs hydratants qui aident \u00e0 prot\u00e9ger la barri\u00e8re cutan\u00e9e. Sa formule exclusive 360\u00ba associe la technologie exclusive Fernblock\u00ae+ \u00e0 d&rsquo;autres actifs pour garantir une photoprotection \u00e0 spectre complet (UVB, UVA, HEVL, IRA) et une activit\u00e9 anti-oxydante et r\u00e9paratrice intense contre les dommages du soleil.<\/p>\n","protected":false},"excerpt":{"rendered":"<p>Heliocare 360 Pediatrics Atopic Lotion Spray SPF50 est un \u00e9cran solaire \u00e0 spectre complet, facile \u00e0 appliquer et \u00e0 \u00e9taler<\/p>\n","protected":false},"featured_media":38950,"comment_status":"open","ping_status":"closed","template":"","meta":[],"product_brand":[147],"product_cat":[680],"product_tag":[],"class_list":{"0":"post-38926","1":"product","2":"type-product","3":"status-publish","4":"has-post-thumbnail","6":"product_brand-cantabria","7":"product_cat-spray-solaire","9":"first","10":"instock","11":"sale","12":"shipping-taxable","13":"purchasable","14":"product-type-simple"},"yoast_head":"<!-- This site is optimized with the Yoast SEO plugin v26.6 - https:\/\/yoast.com\/wordpress\/plugins\/seo\/ -->\r\n<title>CANTABRIA HELIOCARE 360 pediatrics lotion spray spf 50 - Paracherkaoui.ma<\/title>\r\n<meta name=\"robots\" content=\"index, follow, max-snippet:-1, max-image-preview:large, max-video-preview:-1\" \/>\r\n<link rel=\"canonical\" href=\"https:\/\/paracherkaoui.ma\/index.php\/produit\/cantabria-heliocare-360-pediatrics-lotion-spray-spf-50\/\" \/>\r\n<meta property=\"og:locale\" content=\"fr_FR\" \/>\r\n<meta property=\"og:type\" content=\"article\" \/>\r\n<meta property=\"og:title\" content=\"CANTABRIA HELIOCARE 360 pediatrics lotion spray spf 50 - Paracherkaoui.ma\" \/>\r\n<meta property=\"og:description\" content=\"Heliocare 360 Pediatrics Atopic Lotion Spray SPF50 est un \u00e9cran solaire \u00e0 spectre complet, facile \u00e0 appliquer et \u00e0 \u00e9taler\" \/>\r\n<meta property=\"og:url\" content=\"https:\/\/paracherkaoui.ma\/index.php\/produit\/cantabria-heliocare-360-pediatrics-lotion-spray-spf-50\/\" \/>\r\n<meta property=\"og:site_name\" content=\"Paracherkaoui.ma\" \/>\r\n<meta property=\"article:modified_time\" content=\"2025-12-12T18:01:19+00:00\" \/>\r\n<meta property=\"og:image\" content=\"https:\/\/paracherkaoui.ma\/wp-content\/uploads\/2025\/12\/cantabria-cantabria-heliocare-360-pediatrics-lotion-spray-spf-50-spray.jpg\" \/>\r\n\t<meta property=\"og:image:width\" content=\"700\" \/>\r\n\t<meta property=\"og:image:height\" content=\"700\" \/>\r\n\t<meta property=\"og:image:type\" content=\"image\/jpeg\" \/>\r\n<meta name=\"twitter:card\" content=\"summary_large_image\" \/>\r\n<script type=\"application\/ld+json\" class=\"yoast-schema-graph\">{\"@context\":\"https:\/\/schema.org\",\"@graph\":[{\"@type\":\"WebPage\",\"@id\":\"https:\/\/paracherkaoui.ma\/index.php\/produit\/cantabria-heliocare-360-pediatrics-lotion-spray-spf-50\/\",\"url\":\"https:\/\/paracherkaoui.ma\/index.php\/produit\/cantabria-heliocare-360-pediatrics-lotion-spray-spf-50\/\",\"name\":\"CANTABRIA HELIOCARE 360 pediatrics lotion spray spf 50 - Paracherkaoui.ma\",\"isPartOf\":{\"@id\":\"https:\/\/paracherkaoui.ma\/#website\"},\"primaryImageOfPage\":{\"@id\":\"https:\/\/paracherkaoui.ma\/index.php\/produit\/cantabria-heliocare-360-pediatrics-lotion-spray-spf-50\/#primaryimage\"},\"image\":{\"@id\":\"https:\/\/paracherkaoui.ma\/index.php\/produit\/cantabria-heliocare-360-pediatrics-lotion-spray-spf-50\/#primaryimage\"},\"thumbnailUrl\":\"https:\/\/paracherkaoui.ma\/wp-content\/uploads\/2025\/12\/cantabria-cantabria-heliocare-360-pediatrics-lotion-spray-spf-50-spray.jpg\",\"datePublished\":\"2025-12-12T18:01:17+00:00\",\"dateModified\":\"2025-12-12T18:01:19+00:00\",\"breadcrumb\":{\"@id\":\"https:\/\/paracherkaoui.ma\/index.php\/produit\/cantabria-heliocare-360-pediatrics-lotion-spray-spf-50\/#breadcrumb\"},\"inLanguage\":\"fr-FR\",\"potentialAction\":[{\"@type\":\"ReadAction\",\"target\":[\"https:\/\/paracherkaoui.ma\/index.php\/produit\/cantabria-heliocare-360-pediatrics-lotion-spray-spf-50\/\"]}]},{\"@type\":\"ImageObject\",\"inLanguage\":\"fr-FR\",\"@id\":\"https:\/\/paracherkaoui.ma\/index.php\/produit\/cantabria-heliocare-360-pediatrics-lotion-spray-spf-50\/#primaryimage\",\"url\":\"https:\/\/paracherkaoui.ma\/wp-content\/uploads\/2025\/12\/cantabria-cantabria-heliocare-360-pediatrics-lotion-spray-spf-50-spray.jpg\",\"contentUrl\":\"https:\/\/paracherkaoui.ma\/wp-content\/uploads\/2025\/12\/cantabria-cantabria-heliocare-360-pediatrics-lotion-spray-spf-50-spray.jpg\",\"width\":700,\"height\":700},{\"@type\":\"BreadcrumbList\",\"@id\":\"https:\/\/paracherkaoui.ma\/index.php\/produit\/cantabria-heliocare-360-pediatrics-lotion-spray-spf-50\/#breadcrumb\",\"itemListElement\":[{\"@type\":\"ListItem\",\"position\":1,\"name\":\"Accueil\",\"item\":\"https:\/\/paracherkaoui.ma\/\"},{\"@type\":\"ListItem\",\"position\":2,\"name\":\"Boutique\",\"item\":\"https:\/\/paracherkaoui.ma\/index.php\/boutique\/\"},{\"@type\":\"ListItem\",\"position\":3,\"name\":\"CANTABRIA HELIOCARE 360 pediatrics lotion spray spf 50\"}]},{\"@type\":\"WebSite\",\"@id\":\"https:\/\/paracherkaoui.ma\/#website\",\"url\":\"https:\/\/paracherkaoui.ma\/\",\"name\":\"Paracherkaoui.ma\",\"description\":\"Achetez en ligne sur Paracherkaoui.ma\",\"potentialAction\":[{\"@type\":\"SearchAction\",\"target\":{\"@type\":\"EntryPoint\",\"urlTemplate\":\"https:\/\/paracherkaoui.ma\/?s={search_term_string}\"},\"query-input\":{\"@type\":\"PropertyValueSpecification\",\"valueRequired\":true,\"valueName\":\"search_term_string\"}}],\"inLanguage\":\"fr-FR\"}]}<\/script>\r\n<!-- \/ Yoast SEO plugin. -->","yoast_head_json":{"title":"CANTABRIA HELIOCARE 360 pediatrics lotion spray spf 50 - Paracherkaoui.ma","robots":{"index":"index","follow":"follow","max-snippet":"max-snippet:-1","max-image-preview":"max-image-preview:large","max-video-preview":"max-video-preview:-1"},"canonical":"https:\/\/paracherkaoui.ma\/index.php\/produit\/cantabria-heliocare-360-pediatrics-lotion-spray-spf-50\/","og_locale":"fr_FR","og_type":"article","og_title":"CANTABRIA HELIOCARE 360 pediatrics lotion spray spf 50 - Paracherkaoui.ma","og_description":"Heliocare 360 Pediatrics Atopic Lotion Spray SPF50 est un \u00e9cran solaire \u00e0 spectre complet, facile \u00e0 appliquer et \u00e0 \u00e9taler","og_url":"https:\/\/paracherkaoui.ma\/index.php\/produit\/cantabria-heliocare-360-pediatrics-lotion-spray-spf-50\/","og_site_name":"Paracherkaoui.ma","article_modified_time":"2025-12-12T18:01:19+00:00","og_image":[{"width":700,"height":700,"url":"https:\/\/paracherkaoui.ma\/wp-content\/uploads\/2025\/12\/cantabria-cantabria-heliocare-360-pediatrics-lotion-spray-spf-50-spray.jpg","type":"image\/jpeg"}],"twitter_card":"summary_large_image","schema":{"@context":"https:\/\/schema.org","@graph":[{"@type":"WebPage","@id":"https:\/\/paracherkaoui.ma\/index.php\/produit\/cantabria-heliocare-360-pediatrics-lotion-spray-spf-50\/","url":"https:\/\/paracherkaoui.ma\/index.php\/produit\/cantabria-heliocare-360-pediatrics-lotion-spray-spf-50\/","name":"CANTABRIA HELIOCARE 360 pediatrics lotion spray spf 50 - Paracherkaoui.ma","isPartOf":{"@id":"https:\/\/paracherkaoui.ma\/#website"},"primaryImageOfPage":{"@id":"https:\/\/paracherkaoui.ma\/index.php\/produit\/cantabria-heliocare-360-pediatrics-lotion-spray-spf-50\/#primaryimage"},"image":{"@id":"https:\/\/paracherkaoui.ma\/index.php\/produit\/cantabria-heliocare-360-pediatrics-lotion-spray-spf-50\/#primaryimage"},"thumbnailUrl":"https:\/\/paracherkaoui.ma\/wp-content\/uploads\/2025\/12\/cantabria-cantabria-heliocare-360-pediatrics-lotion-spray-spf-50-spray.jpg","datePublished":"2025-12-12T18:01:17+00:00","dateModified":"2025-12-12T18:01:19+00:00","breadcrumb":{"@id":"https:\/\/paracherkaoui.ma\/index.php\/produit\/cantabria-heliocare-360-pediatrics-lotion-spray-spf-50\/#breadcrumb"},"inLanguage":"fr-FR","potentialAction":[{"@type":"ReadAction","target":["https:\/\/paracherkaoui.ma\/index.php\/produit\/cantabria-heliocare-360-pediatrics-lotion-spray-spf-50\/"]}]},{"@type":"ImageObject","inLanguage":"fr-FR","@id":"https:\/\/paracherkaoui.ma\/index.php\/produit\/cantabria-heliocare-360-pediatrics-lotion-spray-spf-50\/#primaryimage","url":"https:\/\/paracherkaoui.ma\/wp-content\/uploads\/2025\/12\/cantabria-cantabria-heliocare-360-pediatrics-lotion-spray-spf-50-spray.jpg","contentUrl":"https:\/\/paracherkaoui.ma\/wp-content\/uploads\/2025\/12\/cantabria-cantabria-heliocare-360-pediatrics-lotion-spray-spf-50-spray.jpg","width":700,"height":700},{"@type":"BreadcrumbList","@id":"https:\/\/paracherkaoui.ma\/index.php\/produit\/cantabria-heliocare-360-pediatrics-lotion-spray-spf-50\/#breadcrumb","itemListElement":[{"@type":"ListItem","position":1,"name":"Accueil","item":"https:\/\/paracherkaoui.ma\/"},{"@type":"ListItem","position":2,"name":"Boutique","item":"https:\/\/paracherkaoui.ma\/index.php\/boutique\/"},{"@type":"ListItem","position":3,"name":"CANTABRIA HELIOCARE 360 pediatrics lotion spray spf 50"}]},{"@type":"WebSite","@id":"https:\/\/paracherkaoui.ma\/#website","url":"https:\/\/paracherkaoui.ma\/","name":"Paracherkaoui.ma","description":"Achetez en ligne sur Paracherkaoui.ma","potentialAction":[{"@type":"SearchAction","target":{"@type":"EntryPoint","urlTemplate":"https:\/\/paracherkaoui.ma\/?s={search_term_string}"},"query-input":{"@type":"PropertyValueSpecification","valueRequired":true,"valueName":"search_term_string"}}],"inLanguage":"fr-FR"}]}},"_links":{"self":[{"href":"https:\/\/paracherkaoui.ma\/index.php\/wp-json\/wp\/v2\/product\/38926","targetHints":{"allow":["GET"]}}],"collection":[{"href":"https:\/\/paracherkaoui.ma\/index.php\/wp-json\/wp\/v2\/product"}],"about":[{"href":"https:\/\/paracherkaoui.ma\/index.php\/wp-json\/wp\/v2\/types\/product"}],"replies":[{"embeddable":true,"href":"https:\/\/paracherkaoui.ma\/index.php\/wp-json\/wp\/v2\/comments?post=38926"}],"version-history":[{"count":1,"href":"https:\/\/paracherkaoui.ma\/index.php\/wp-json\/wp\/v2\/product\/38926\/revisions"}],"predecessor-version":[{"id":38951,"href":"https:\/\/paracherkaoui.ma\/index.php\/wp-json\/wp\/v2\/product\/38926\/revisions\/38951"}],"wp:featuredmedia":[{"embeddable":true,"href":"https:\/\/paracherkaoui.ma\/index.php\/wp-json\/wp\/v2\/media\/38950"}],"wp:attachment":[{"href":"https:\/\/paracherkaoui.ma\/index.php\/wp-json\/wp\/v2\/media?parent=38926"}],"wp:term":[{"taxonomy":"product_brand","embeddable":true,"href":"https:\/\/paracherkaoui.ma\/index.php\/wp-json\/wp\/v2\/product_brand?post=38926"},{"taxonomy":"product_cat","embeddable":true,"href":"https:\/\/paracherkaoui.ma\/index.php\/wp-json\/wp\/v2\/product_cat?post=38926"},{"taxonomy":"product_tag","embeddable":true,"href":"https:\/\/paracherkaoui.ma\/index.php\/wp-json\/wp\/v2\/product_tag?post=38926"}],"curies":[{"name":"wp","href":"https:\/\/api.w.org\/{rel}","templated":true}]}}